{"id":21185,"date":"2021-09-14T09:23:39","date_gmt":"2021-09-14T13:23:39","guid":{"rendered":"https:\/\/thehometownlawyers.com\/?page_id=21185"},"modified":"2025-04-03T13:44:39","modified_gmt":"2025-04-03T17:44:39","slug":"abogado-de-accidentes-automovilisticos-por-conducir-distraido","status":"publish","type":"page","link":"https:\/\/thehometownlawyers.com\/es\/hamilton\/abogado-de-accidentes-automovilisticos\/conducir-distraido\/","title":{"rendered":"Abogado de Accidente por Conducir Distra\u00eddo en Hamilton"},"content":{"rendered":"<h2>Abogado de accidentes automovil\u00edsticos por conducci\u00f3n distra\u00edda<\/h2>\n<p>Conducir distra\u00eddo es peligroso. Las distracciones pueden ser visuales, manuales o cognitivas. Las distracciones visuales apartan la vista de la carretera. Las distracciones manuales quitan las manos del volante. Las distracciones cognitivas distraen su mente de la conducci\u00f3n.<\/p>\n<p>De acuerdo con la ley de Ohio, conducir distra\u00eddo significa que el conductor est\u00e1 realizando una actividad que no es necesaria para el funcionamiento del veh\u00edculo o que podr\u00eda asumirse razonablemente que la actividad afectar\u00eda la capacidad del conductor para operar el veh\u00edculo de manera segura.<\/p>\n<p><a href=\"https:\/\/codes.ohio.gov\/ohio-revised-code\/section-4511.991\" target=\"_blank\" rel=\"noopener\">Ohio Rev. C\u00f3digo Ann. \u00a7 4511.991<\/a><\/p>\n<p>Los diferentes tipos de conducci\u00f3n distra\u00edda incluyen enviar mensajes de texto, hablar con otros pasajeros, comer o beber, ajustar la radio o cambiar el GPS.<\/p>\n<p>El uso de un tel\u00e9fono celular mientras se conduce est\u00e1 prohibido en Ohio, excepto cuando se usa el tel\u00e9fono con altavoz, a trav\u00e9s de un sistema Bluetooth, con un sistema manos libres o operado por voz, o a trav\u00e9s del sistema del veh\u00edculo. Est\u00e1 prohibido leer, escribir o enviar un mensaje de texto mientras se conduce, con algunas excepciones relacionadas con el uso de emergencia.<\/p>\n<p>Ohio Rev. C\u00f3digo Ann. \u00a74511.204<\/p>\n<p class=\"rs-content-cta rs-content-cta-small\">Para una consulta legal gratuita, llame al <a href=\"tel:+15138943333\">513-894-3333 <\/a><\/p><h2>Estad\u00edsticas<\/h2>\n<p>Seg\u00fan los CDC (Centros para el Control y la Prevenci\u00f3n de Enfermedades), m\u00e1s de 2800 personas murieron y unas 400 000 resultaron heridas a causa de una colisi\u00f3n por conducci\u00f3n distra\u00edda en los EE. UU. en 2018. Alrededor del 20% de los que murieron eran peatones, ciclistas o no estaban dentro de un veh\u00edculo.<\/p>\n<p>Las personas m\u00e1s j\u00f3venes corren un mayor riesgo. En 2018, una cuarta parte de los accidentes fatales causados por conductores distra\u00eddos ocurrieron en la veintena. Los conductores adolescentes representaron el 8% de los accidentes. El 9% de las muertes de adolescentes en accidentes automovil\u00edsticos se deben a la conducci\u00f3n distra\u00edda.<\/p>\n<p class=\"rs-content-cta\">Abogado de Accidente Automovil\u00edstico de hamilton Cerca de M\u00ed <a href=\"tel:+15138943333\">513-894-3333<\/a><\/p><h2>\u00bfQu\u00e9 puedes hacer?<\/h2>\n<p>Como conductor, usted tiene la responsabilidad de conducir con seguridad. Es importante no realizar varias tareas a la vez y poner toda su atenci\u00f3n en la carretera. Revise sus espejos, elija su m\u00fasica, responda a ese mensaje de texto o correo electr\u00f3nico y termine de comer antes de comenzar a conducir.<\/p>\n<p>Como pasajero, hazle saber al conductor que su enfoque en la carretera es su principal prioridad. Ay\u00fadalos con cualquier problema de navegaci\u00f3n o cambios de radio.<\/p>\n<p>Como padre de un conductor adolescente, h\u00e1gale saber los peligros de conducir mientras est\u00e1 distra\u00eddo. Hable con ellos sobre lo importante que es centrar toda su atenci\u00f3n en la carretera y que enviar mensajes de texto o contestar el tel\u00e9fono puede esperar. H\u00e1gales saber que conducir distra\u00eddo tiene consecuencias fatales y que quiere que est\u00e9n lo m\u00e1s seguros posible. Predique con el ejemplo y no conduzca con distracciones.<\/p>\n<p class=\"rs-content-cta rs-content-cta-small\"><a href=\"\/es\/contacto\/\">Haga clic para contactar<\/a> con nuestros accidente automovil\u00edstico abogados hoy<\/p><h2>Ley de Ohio<\/h2>\n<p>Seg\u00fan la ley de Ohio, est\u00e1 prohibido enviar mensajes de texto y conducir. Sin embargo, es una ley secundaria. Esto significa que la polic\u00eda no puede detener a alguien solo por enviar mensajes de texto mientras conduce. Pero, si un conductor es detenido por una infracci\u00f3n de tr\u00e1nsito, por ejemplo, se le puede imponer una multa por uso ilegal del tel\u00e9fono celular. Las infracciones de adultos pueden recibir una multa de $ 150 con $ 100 adicionales si se distrajeron mientras comet\u00edan una infracci\u00f3n de tr\u00e1nsito. La multa adicional a veces no se aplicar\u00e1 si el infractor asiste a un curso educativo sobre los peligros de conducir distra\u00eddo.<\/p>\n<p>En Ohio, la polic\u00eda puede detener a los conductores menores de 18 a\u00f1os por cualquier uso del tel\u00e9fono celular. La polic\u00eda puede dar a estos adolescentes $150 en multas y 60 d\u00edas sin sus privilegios de conducir en su primera infracci\u00f3n. Si han sido multados antes, la multa podr\u00eda ser de hasta $300 con la suspensi\u00f3n de un a\u00f1o completo de su licencia.<\/p>\n<p>Existe una legislaci\u00f3n actual en Ohio que se suma a las leyes de conducci\u00f3n distra\u00edda existentes en el estado. El Proyecto de Ley 283 de la C\u00e1mara esencialmente actualizar\u00eda la ley a un mandato de manos libres. El proyecto de ley tambi\u00e9n convertir\u00eda el uso de tel\u00e9fonos celulares en un delito principal. Esto significa que cualquiera que tenga un tel\u00e9fono celular mientras conduce puede ser detenido. La excepci\u00f3n es en caso de una emergencia.<\/p>\n<p class=\"rs-content-cta rs-content-cta-small\">Complete una <a href=\"\/es\/contacto\/\">evaluaci\u00f3n gratuita de su caso<\/a> ahora<\/p><h2>Unidad U. Texto U. U paga.<\/h2>\n<p>La NHTSA (Administraci\u00f3n Nacional de Seguridad del Tr\u00e1fico en las Carreteras) tiene una campa\u00f1a anual para combatir los mensajes de texto y la conducci\u00f3n, <em>Unidad U. Texto U. U paga.<\/em> Esta campa\u00f1a tiene $5 millones en exposici\u00f3n a los medios en todo el pa\u00eds. Los anuncios en ingl\u00e9s y espa\u00f1ol se transmiten por televisi\u00f3n, radio y otras plataformas digitales dirigidas a los conductores m\u00e1s j\u00f3venes. Esta campa\u00f1a insta a todos a:<\/p>\n<ul>\n<li>Apague los dispositivos electr\u00f3nicos y col\u00f3quelos fuera del alcance antes de conducir.<\/li>\n<li>Predique con el ejemplo a los conductores m\u00e1s j\u00f3venes y hable con ellos sobre las consecuencias.<\/li>\n<li>Cuando note que el conductor est\u00e1 usando un tel\u00e9fono celular u otro dispositivo electr\u00f3nico, diga algo. Ay\u00fadalos a hacer una llamada telef\u00f3nica o buscar una direcci\u00f3n.<\/li>\n<li>Use su cintur\u00f3n de seguridad, siempre.<\/li>\n<li>Est\u00e9 m\u00e1s atento a los peatones y ciclistas, ya que ellos mismos pueden distraerse.<\/li>\n<\/ul>\n<h2>Caracter\u00edsticas de seguridad del autom\u00f3vil<\/h2>\n<p>Dado que la conducci\u00f3n distra\u00edda es una de las principales razones de los accidentes automovil\u00edsticos, los fabricantes de autom\u00f3viles han agregado nuevas caracter\u00edsticas de seguridad para mantener a los conductores, pasajeros y peatones lo m\u00e1s seguros posible.<\/p>\n<ul>\n<li><em>Sistemas de monitoreo del conductor<\/em> Algunos autos tienen sistemas de monitoreo del conductor que tienen c\u00e1maras y sensores que usan tecnolog\u00eda de reconocimiento facial para ver signos de distracci\u00f3n. Cuando el autom\u00f3vil nota que el conductor se ha distra\u00eddo, le avisar\u00e1 para que preste m\u00e1s atenci\u00f3n. Algunos autos pueden detectar las manos de los conductores cuando est\u00e1n en el control de crucero, asegur\u00e1ndose de que no est\u00e9s alcanzando su tel\u00e9fono. Otros tipos de estos sistemas detectan la fatiga y avisar\u00e1n al conductor para que se tome un descanso.<\/li>\n<li>Advertencias de cambio de <em>carril<\/em> Este tipo de advertencia aparece en los veh\u00edculos cuando el conductor se est\u00e1 saliendo del carril. Las advertencias incluyen luces, una notificaci\u00f3n en el monitor o incluso una vibraci\u00f3n en el asiento.<\/li>\n<li><em>Asistencia para mantenerse en el carril<\/em> Para agregar medidas de seguridad adicionales al desviarse fuera del carril, la asistencia para mantenerse en el carril dirigir\u00e1 f\u00edsicamente el autom\u00f3vil de regreso entre las l\u00edneas.<\/li>\n<li><em>Android Auto y Apple CarPlay<\/em> Cuando un conductor conecta su tel\u00e9fono en un autom\u00f3vil nuevo, lo m\u00e1s probable es que pueda ver todas sus aplicaciones en el monitor. Esto permite que el tel\u00e9fono se conecte al sistema del autom\u00f3vil, lo que a su vez hace que el control por voz sea m\u00e1s accesible. Estos sistemas tambi\u00e9n pueden bloquear caracter\u00edsticas que distraen al conductor.<\/li>\n<\/ul>\n<h2>Abogados de accidentes automovil\u00edsticos por conducci\u00f3n distra\u00edda<\/h2>\n<p>Una excelente manera de prevenir accidentes automovil\u00edsticos es concentrarse completamente en la carretera. No mandes mensajes y manejes. No conduzca cuando est\u00e9 cansado o concentrado en otra cosa. Si camina o monta en bicicleta cerca de autom\u00f3viles, tenga en cuenta que es posible que todos los conductores no est\u00e9n completamente concentrados.<\/p>\n<p>Sin embargo, si est\u00e1 involucrado en un accidente automovil\u00edstico que involucra a un conductor distra\u00eddo, es mejor llamar a un abogado de lesiones personales que pueda ayudarlo con sus necesidades. Nosotros, en <a href=\"https:\/\/thehometownlawyers.com\/es\/acerca-de-los-abogados-de-kruger-hodges\/\">Kruger &amp; Hodges<\/a> , estamos aqu\u00ed para ayudarlo. \u00a1Cont\u00e1ctanos <a href=\"https:\/\/thehometownlawyers.com\/es\/contacto\/\">aqu\u00ed<\/a> !<\/p>\n<h3><em>Enlaces relacionados:<\/em><\/h3>\n<p><strong>Accidentes automovil\u00edsticos<\/strong><\/p>\n<p><strong><a href=\"https:\/\/thehometownlawyers.com\/es\/\">accidentes de moto<\/a><\/strong><\/p>\n<p><strong>Lesiones de la m\u00e9dula<\/strong><\/p>\n<p><strong>accidentes de tren<\/strong><\/p>\n<p><strong><a href=\"https:\/\/thehometownlawyers.com\/es\/\">Lesi\u00f3n cerebral traum\u00e1tica<\/a><\/strong><\/p>\n<p><strong><a href=\"https:\/\/thehometownlawyers.com\/es\/\">accidentes de camiones<\/a><\/strong><\/p>\n<p><strong>Muerte injusta<\/strong><\/p>\n<p><strong>Preguntas frecuentes: \u00bfPuede mi abogado acceder a las im\u00e1genes de la c\u00e1mara de tr\u00e1fico de mi accidente?<\/strong><\/p>\n<p><strong>Preguntas frecuentes:Si me lesiono en un accidente automovil\u00edstico con un automovilista sin seguro, \u00bfpuedo recibir una compensaci\u00f3n?<\/strong><\/p>\n<p class=\"rs-content-cta rs-content-cta-small\">Llame o env\u00ede un mensaje de texto al <a href=\"tel:+15138943333\">513-894-3333<\/a> o complete una <a href=\"\/es\/contacto\/\">evaluaci\u00f3n gratuita de su caso<\/a><\/p>","protected":false},"excerpt":{"rendered":"<p>Abogado de accidentes automovil\u00edsticos por conducci\u00f3n distra\u00edda Conducir distra\u00eddo es peligroso. Las distracciones pueden ser visuales, manuales o cognitivas. Las distracciones visuales apartan la vista de la carretera. Las distracciones manuales quitan las manos del volante. Las distracciones cognitivas distraen su mente de la conducci\u00f3n. De acuerdo con la ley de Ohio, conducir distra\u00eddo significa &#8230;<\/p>\n","protected":false},"author":7,"featured_media":24690,"parent":21048,"menu_order":0,"comment_status":"closed","ping_status":"closed","template":"","meta":{"_acf_changed":false,"inline_featured_image":false,"_genesis_hide_title":false,"_genesis_hide_breadcrumbs":false,"_genesis_hide_singular_image":false,"_genesis_hide_footer_widgets":false,"_genesis_custom_body_class":"","_genesis_custom_post_class":"","_genesis_layout":"","footnotes":""},"hc_faqs":[],"hc_spanish_faqs":[],"class_list":{"0":"post-21185","1":"page","2":"type-page","3":"status-publish","4":"has-post-thumbnail","6":"hc_city_location-hamilton-es-2","7":"entry"},"acf":[],"yoast_head":"<!-- This site is optimized with the Yoast SEO plugin v27.3 - https:\/\/yoast.com\/product\/yoast-seo-wordpress\/ -->\n<title>Abogado de Accidente por Conducir Distra\u00eddo en Hamilton | Consulta Gratuita<\/title>\n<meta name=\"description\" content=\"En Ohio, conducir distra\u00eddo significa participar en cualquier actividad que no sea necesaria para operar el veh\u00edculo o que pueda afectar la operaci\u00f3n segura.\" \/>\n<meta name=\"robots\" content=\"index, follow, max-snippet:-1, max-image-preview:large, max-video-preview:-1\" \/>\n<link rel=\"canonical\" href=\"https:\/\/thehometownlawyers.com\/es\/hamilton\/abogado-de-accidentes-automovilisticos\/conducir-distraido\/\" \/>\n<meta property=\"og:locale\" content=\"es_MX\" \/>\n<meta property=\"og:type\" content=\"article\" \/>\n<meta property=\"og:title\" content=\"Abogado de Accidente por Conducir Distra\u00eddo en Hamilton | Consulta Gratuita\" \/>\n<meta property=\"og:description\" content=\"En Ohio, conducir distra\u00eddo significa participar en cualquier actividad que no sea necesaria para operar el veh\u00edculo o que pueda afectar la operaci\u00f3n segura.\" \/>\n<meta property=\"og:url\" content=\"https:\/\/thehometownlawyers.com\/es\/hamilton\/abogado-de-accidentes-automovilisticos\/conducir-distraido\/\" \/>\n<meta property=\"og:site_name\" content=\"Kruger &amp; Hodges Abogados De Lesiones\" \/>\n<meta property=\"article:publisher\" content=\"https:\/\/www.facebook.com\/KrugerHodges\/\" \/>\n<meta property=\"article:modified_time\" content=\"2025-04-03T17:44:39+00:00\" \/>\n<meta property=\"og:image\" content=\"https:\/\/thehometownlawyers.com\/wp-content\/uploads\/2025\/03\/hamilton-abogado-de-accidentes-automovilisti-cosconducir-distraido.jpg\" \/>\n\t<meta property=\"og:image:width\" content=\"768\" \/>\n\t<meta property=\"og:image:height\" content=\"511\" \/>\n\t<meta property=\"og:image:type\" content=\"image\/jpeg\" \/>\n<meta name=\"twitter:card\" content=\"summary_large_image\" \/>\n<meta name=\"twitter:label1\" content=\"Tiempo de lectura\" \/>\n\t<meta name=\"twitter:data1\" content=\"6 minutos\" \/>\n<script type=\"application\/ld+json\" class=\"yoast-schema-graph\">{\"@context\":\"https:\\\/\\\/schema.org\",\"@graph\":[{\"@type\":\"WebPage\",\"@id\":\"https:\\\/\\\/thehometownlawyers.com\\\/es\\\/hamilton\\\/abogado-de-accidentes-automovilisticos\\\/conducir-distraido\\\/\",\"url\":\"https:\\\/\\\/thehometownlawyers.com\\\/es\\\/hamilton\\\/abogado-de-accidentes-automovilisticos\\\/conducir-distraido\\\/\",\"name\":\"Abogado de Accidente por Conducir Distra\u00eddo en Hamilton | Consulta Gratuita\",\"isPartOf\":{\"@id\":\"https:\\\/\\\/thehometownlawyers.com\\\/es\\\/#website\"},\"primaryImageOfPage\":{\"@id\":\"https:\\\/\\\/thehometownlawyers.com\\\/es\\\/hamilton\\\/abogado-de-accidentes-automovilisticos\\\/conducir-distraido\\\/#primaryimage\"},\"image\":{\"@id\":\"https:\\\/\\\/thehometownlawyers.com\\\/es\\\/hamilton\\\/abogado-de-accidentes-automovilisticos\\\/conducir-distraido\\\/#primaryimage\"},\"thumbnailUrl\":\"https:\\\/\\\/thehometownlawyers.com\\\/wp-content\\\/uploads\\\/2025\\\/03\\\/hamilton-abogado-de-accidentes-automovilisti-cosconducir-distraido.jpg\",\"datePublished\":\"2021-09-14T13:23:39+00:00\",\"dateModified\":\"2025-04-03T17:44:39+00:00\",\"description\":\"En Ohio, conducir distra\u00eddo significa participar en cualquier actividad que no sea necesaria para operar el veh\u00edculo o que pueda afectar la operaci\u00f3n segura.\",\"breadcrumb\":{\"@id\":\"https:\\\/\\\/thehometownlawyers.com\\\/es\\\/hamilton\\\/abogado-de-accidentes-automovilisticos\\\/conducir-distraido\\\/#breadcrumb\"},\"inLanguage\":\"es\",\"potentialAction\":[{\"@type\":\"ReadAction\",\"target\":[\"https:\\\/\\\/thehometownlawyers.com\\\/es\\\/hamilton\\\/abogado-de-accidentes-automovilisticos\\\/conducir-distraido\\\/\"]}]},{\"@type\":\"ImageObject\",\"inLanguage\":\"es\",\"@id\":\"https:\\\/\\\/thehometownlawyers.com\\\/es\\\/hamilton\\\/abogado-de-accidentes-automovilisticos\\\/conducir-distraido\\\/#primaryimage\",\"url\":\"https:\\\/\\\/thehometownlawyers.com\\\/wp-content\\\/uploads\\\/2025\\\/03\\\/hamilton-abogado-de-accidentes-automovilisti-cosconducir-distraido.jpg\",\"contentUrl\":\"https:\\\/\\\/thehometownlawyers.com\\\/wp-content\\\/uploads\\\/2025\\\/03\\\/hamilton-abogado-de-accidentes-automovilisti-cosconducir-distraido.jpg\",\"width\":768,\"height\":511,\"caption\":\"Distracted driving concept.\"},{\"@type\":\"BreadcrumbList\",\"@id\":\"https:\\\/\\\/thehometownlawyers.com\\\/es\\\/hamilton\\\/abogado-de-accidentes-automovilisticos\\\/conducir-distraido\\\/#breadcrumb\",\"itemListElement\":[{\"@type\":\"ListItem\",\"position\":1,\"name\":\"Home\",\"item\":\"https:\\\/\\\/thehometownlawyers.com\\\/es\\\/\"},{\"@type\":\"ListItem\",\"position\":2,\"name\":\"Abogados de Lesiones Personales en Hamilton\",\"item\":\"https:\\\/\\\/thehometownlawyers.com\\\/es\\\/\"},{\"@type\":\"ListItem\",\"position\":3,\"name\":\"Abogado de Accidentes Automovil\u00edsticos en Hamilton\",\"item\":\"https:\\\/\\\/thehometownlawyers.com\\\/es\\\/abogados-de-accidentes-automovilisticos-de-hamilton\\\/\"},{\"@type\":\"ListItem\",\"position\":4,\"name\":\"Accidente por Conducir Distra\u00eddo\"}]},{\"@type\":\"WebSite\",\"@id\":\"https:\\\/\\\/thehometownlawyers.com\\\/es\\\/#website\",\"url\":\"https:\\\/\\\/thehometownlawyers.com\\\/es\\\/\",\"name\":\"Kruger & Hodges Hometown Injury Lawyers | Accident Attorneys\",\"description\":\"Attorneys for Car, Truck and Motorcycle Accidents, Personal Injuries, and Criminal Defense.\",\"publisher\":{\"@id\":\"https:\\\/\\\/thehometownlawyers.com\\\/es\\\/#organization\"},\"alternateName\":\"Kruger & Hodges Personal Injury Lawyers\",\"inLanguage\":\"es\"},{\"@type\":\"Organization\",\"@id\":\"https:\\\/\\\/thehometownlawyers.com\\\/es\\\/#organization\",\"name\":\"Kruger & Hodges Hometown Injury Lawyers\",\"alternateName\":\"Kruger & Hodges\",\"url\":\"https:\\\/\\\/thehometownlawyers.com\\\/es\\\/\",\"logo\":{\"@type\":\"ImageObject\",\"inLanguage\":\"es\",\"@id\":\"https:\\\/\\\/thehometownlawyers.com\\\/es\\\/#\\\/schema\\\/logo\\\/image\\\/\",\"url\":\"https:\\\/\\\/thehometownlawyers.com\\\/wp-content\\\/uploads\\\/2025\\\/12\\\/revised-kh-logo-vertical-white-background-scaled.png\",\"contentUrl\":\"https:\\\/\\\/thehometownlawyers.com\\\/wp-content\\\/uploads\\\/2025\\\/12\\\/revised-kh-logo-vertical-white-background-scaled.png\",\"width\":2560,\"height\":1440,\"caption\":\"Kruger & Hodges Hometown Injury Lawyers\"},\"image\":{\"@id\":\"https:\\\/\\\/thehometownlawyers.com\\\/es\\\/#\\\/schema\\\/logo\\\/image\\\/\"},\"sameAs\":[\"https:\\\/\\\/www.facebook.com\\\/KrugerHodges\\\/\",\"https:\\\/\\\/www.instagram.com\\\/krugerhodges\\\/\",\"https:\\\/\\\/www.linkedin.com\\\/company\\\/kruger-hodges-hometown-injury-lawyers\\\/\",\"https:\\\/\\\/www.youtube.com\\\/channel\\\/UCeYcMaMaN2rb9jMlqt4EIdQ\",\"https:\\\/\\\/www.tiktok.com\\\/@thehometownlawyer\"]}]}<\/script>\n<!-- \/ Yoast SEO plugin. -->","yoast_head_json":{"title":"Abogado de Accidente por Conducir Distra\u00eddo en Hamilton | Consulta Gratuita","description":"En Ohio, conducir distra\u00eddo significa participar en cualquier actividad que no sea necesaria para operar el veh\u00edculo o que pueda afectar la operaci\u00f3n segura.","robots":{"index":"index","follow":"follow","max-snippet":"max-snippet:-1","max-image-preview":"max-image-preview:large","max-video-preview":"max-video-preview:-1"},"canonical":"https:\/\/thehometownlawyers.com\/es\/hamilton\/abogado-de-accidentes-automovilisticos\/conducir-distraido\/","og_locale":"es_MX","og_type":"article","og_title":"Abogado de Accidente por Conducir Distra\u00eddo en Hamilton | Consulta Gratuita","og_description":"En Ohio, conducir distra\u00eddo significa participar en cualquier actividad que no sea necesaria para operar el veh\u00edculo o que pueda afectar la operaci\u00f3n segura.","og_url":"https:\/\/thehometownlawyers.com\/es\/hamilton\/abogado-de-accidentes-automovilisticos\/conducir-distraido\/","og_site_name":"Kruger &amp; Hodges Abogados De Lesiones","article_publisher":"https:\/\/www.facebook.com\/KrugerHodges\/","article_modified_time":"2025-04-03T17:44:39+00:00","og_image":[{"width":768,"height":511,"url":"https:\/\/thehometownlawyers.com\/wp-content\/uploads\/2025\/03\/hamilton-abogado-de-accidentes-automovilisti-cosconducir-distraido.jpg","type":"image\/jpeg"}],"twitter_card":"summary_large_image","twitter_misc":{"Tiempo de lectura":"6 minutos"},"schema":{"@context":"https:\/\/schema.org","@graph":[{"@type":"WebPage","@id":"https:\/\/thehometownlawyers.com\/es\/hamilton\/abogado-de-accidentes-automovilisticos\/conducir-distraido\/","url":"https:\/\/thehometownlawyers.com\/es\/hamilton\/abogado-de-accidentes-automovilisticos\/conducir-distraido\/","name":"Abogado de Accidente por Conducir Distra\u00eddo en Hamilton | Consulta Gratuita","isPartOf":{"@id":"https:\/\/thehometownlawyers.com\/es\/#website"},"primaryImageOfPage":{"@id":"https:\/\/thehometownlawyers.com\/es\/hamilton\/abogado-de-accidentes-automovilisticos\/conducir-distraido\/#primaryimage"},"image":{"@id":"https:\/\/thehometownlawyers.com\/es\/hamilton\/abogado-de-accidentes-automovilisticos\/conducir-distraido\/#primaryimage"},"thumbnailUrl":"https:\/\/thehometownlawyers.com\/wp-content\/uploads\/2025\/03\/hamilton-abogado-de-accidentes-automovilisti-cosconducir-distraido.jpg","datePublished":"2021-09-14T13:23:39+00:00","dateModified":"2025-04-03T17:44:39+00:00","description":"En Ohio, conducir distra\u00eddo significa participar en cualquier actividad que no sea necesaria para operar el veh\u00edculo o que pueda afectar la operaci\u00f3n segura.","breadcrumb":{"@id":"https:\/\/thehometownlawyers.com\/es\/hamilton\/abogado-de-accidentes-automovilisticos\/conducir-distraido\/#breadcrumb"},"inLanguage":"es","potentialAction":[{"@type":"ReadAction","target":["https:\/\/thehometownlawyers.com\/es\/hamilton\/abogado-de-accidentes-automovilisticos\/conducir-distraido\/"]}]},{"@type":"ImageObject","inLanguage":"es","@id":"https:\/\/thehometownlawyers.com\/es\/hamilton\/abogado-de-accidentes-automovilisticos\/conducir-distraido\/#primaryimage","url":"https:\/\/thehometownlawyers.com\/wp-content\/uploads\/2025\/03\/hamilton-abogado-de-accidentes-automovilisti-cosconducir-distraido.jpg","contentUrl":"https:\/\/thehometownlawyers.com\/wp-content\/uploads\/2025\/03\/hamilton-abogado-de-accidentes-automovilisti-cosconducir-distraido.jpg","width":768,"height":511,"caption":"Distracted driving concept."},{"@type":"BreadcrumbList","@id":"https:\/\/thehometownlawyers.com\/es\/hamilton\/abogado-de-accidentes-automovilisticos\/conducir-distraido\/#breadcrumb","itemListElement":[{"@type":"ListItem","position":1,"name":"Home","item":"https:\/\/thehometownlawyers.com\/es\/"},{"@type":"ListItem","position":2,"name":"Abogados de Lesiones Personales en Hamilton","item":"https:\/\/thehometownlawyers.com\/es\/"},{"@type":"ListItem","position":3,"name":"Abogado de Accidentes Automovil\u00edsticos en Hamilton","item":"https:\/\/thehometownlawyers.com\/es\/abogados-de-accidentes-automovilisticos-de-hamilton\/"},{"@type":"ListItem","position":4,"name":"Accidente por Conducir Distra\u00eddo"}]},{"@type":"WebSite","@id":"https:\/\/thehometownlawyers.com\/es\/#website","url":"https:\/\/thehometownlawyers.com\/es\/","name":"Kruger & Hodges Hometown Injury Lawyers | Accident Attorneys","description":"Attorneys for Car, Truck and Motorcycle Accidents, Personal Injuries, and Criminal Defense.","publisher":{"@id":"https:\/\/thehometownlawyers.com\/es\/#organization"},"alternateName":"Kruger & Hodges Personal Injury Lawyers","inLanguage":"es"},{"@type":"Organization","@id":"https:\/\/thehometownlawyers.com\/es\/#organization","name":"Kruger & Hodges Hometown Injury Lawyers","alternateName":"Kruger & Hodges","url":"https:\/\/thehometownlawyers.com\/es\/","logo":{"@type":"ImageObject","inLanguage":"es","@id":"https:\/\/thehometownlawyers.com\/es\/#\/schema\/logo\/image\/","url":"https:\/\/thehometownlawyers.com\/wp-content\/uploads\/2025\/12\/revised-kh-logo-vertical-white-background-scaled.png","contentUrl":"https:\/\/thehometownlawyers.com\/wp-content\/uploads\/2025\/12\/revised-kh-logo-vertical-white-background-scaled.png","width":2560,"height":1440,"caption":"Kruger & Hodges Hometown Injury Lawyers"},"image":{"@id":"https:\/\/thehometownlawyers.com\/es\/#\/schema\/logo\/image\/"},"sameAs":["https:\/\/www.facebook.com\/KrugerHodges\/","https:\/\/www.instagram.com\/krugerhodges\/","https:\/\/www.linkedin.com\/company\/kruger-hodges-hometown-injury-lawyers\/","https:\/\/www.youtube.com\/channel\/UCeYcMaMaN2rb9jMlqt4EIdQ","https:\/\/www.tiktok.com\/@thehometownlawyer"]}]}},"_links":{"self":[{"href":"https:\/\/thehometownlawyers.com\/es\/wp-json\/wp\/v2\/pages\/21185","targetHints":{"allow":["GET"]}}],"collection":[{"href":"https:\/\/thehometownlawyers.com\/es\/wp-json\/wp\/v2\/pages"}],"about":[{"href":"https:\/\/thehometownlawyers.com\/es\/wp-json\/wp\/v2\/types\/page"}],"author":[{"embeddable":true,"href":"https:\/\/thehometownlawyers.com\/es\/wp-json\/wp\/v2\/users\/7"}],"replies":[{"embeddable":true,"href":"https:\/\/thehometownlawyers.com\/es\/wp-json\/wp\/v2\/comments?post=21185"}],"version-history":[{"count":0,"href":"https:\/\/thehometownlawyers.com\/es\/wp-json\/wp\/v2\/pages\/21185\/revisions"}],"up":[{"embeddable":true,"href":"https:\/\/thehometownlawyers.com\/es\/wp-json\/wp\/v2\/pages\/21048"}],"wp:featuredmedia":[{"embeddable":true,"href":"https:\/\/thehometownlawyers.com\/es\/wp-json\/wp\/v2\/media\/24690"}],"wp:attachment":[{"href":"https:\/\/thehometownlawyers.com\/es\/wp-json\/wp\/v2\/media?parent=21185"}],"wp:term":[{"taxonomy":"hc_faqs","embeddable":true,"href":"https:\/\/thehometownlawyers.com\/es\/wp-json\/wp\/v2\/hc_faqs?post=21185"},{"taxonomy":"hc_spanish_faqs","embeddable":true,"href":"https:\/\/thehometownlawyers.com\/es\/wp-json\/wp\/v2\/hc_spanish_faqs?post=21185"}],"curies":[{"name":"wp","href":"https:\/\/api.w.org\/{rel}","templated":true}]}}