{"id":21186,"date":"2021-07-24T21:53:52","date_gmt":"2021-07-25T01:53:52","guid":{"rendered":"https:\/\/thehometownlawyers.com\/?page_id=21186"},"modified":"2025-01-31T11:34:16","modified_gmt":"2025-01-31T16:34:16","slug":"abogado-de-mordedura-de-perro-miamisburg-ohio","status":"publish","type":"page","link":"https:\/\/thehometownlawyers.com\/es\/abogado-de-lesiones-personales-miamisburg-ohio\/abogado-de-mordedura-de-perro-miamisburg-ohio\/","title":{"rendered":"Abogado de Mordeduras de Perros en Miamisburg"},"content":{"rendered":"<h2>Abogados de mordeduras de perro en Miamisburg, Ohio<\/h2>\n<p>Los ataques de mordedura de perro a menudo son eventos imprevisibles y tr\u00e1gicos, y pueden tener consecuencias a largo plazo para las v\u00edctimas. El hecho es que los perros son mascotas comunes y la mayor\u00eda de las personas entran en contacto con ellos semanalmente, si no diariamente. Esta es una de las razones por las que estos ataques suelen ser inesperados, ya que nadie espera que su fiel mascota familiar se vuelva contra ellos. Lidiar con las consecuencias del ataque de un perro puede ser estresante, y conocer algunos datos b\u00e1sicos sobre este tipo de incidentes, as\u00ed como ciertas leyes de Ohio relacionadas con ellos, puede ser beneficioso.<\/p>\n<p class=\"rs-content-cta rs-content-cta-small\">Para una consulta legal gratuita, llame al <a href=\"tel:+15138943333\">513-894-3333 <\/a><\/p><h2>\u00bfQu\u00e9 razas de perros son las m\u00e1s agresivas?<\/h2>\n<p>Los perros agresivos y\/o peligrosos son aquellos que pueden atacar y causar da\u00f1o sin ser provocados. Un perro que es agresivo debe permanecer en las instalaciones del due\u00f1o y ser vigilado de cerca por su due\u00f1o. Cuando los perros muestran estas tendencias agresivas, no se les debe permitir salir sin la supervisi\u00f3n de sus due\u00f1os.<\/p>\n<p>Es importante se\u00f1alar que, independientemente de la raza o la edad, los perros no son animales agresivos por naturaleza, contrariamente a la percepci\u00f3n popular. Si bien ciertos tipos de razas, como los huskies siberianos y los rottweilers, pueden reaccionar con m\u00e1s violencia ante la provocaci\u00f3n, un perro a menudo se vuelve agresivo debido a una variedad de <a href=\"https:\/\/www.avma.org\/resources\/pet-owners\/why-do-dogs-bite\" target=\"_blank\" rel=\"noopener\">factores<\/a> externos. Estos incluyen su formaci\u00f3n, antecedentes y el entorno al que se enfrenta en casa.<\/p>\n<p class=\"rs-content-cta\">Abogado de Lesiones Personales de Miamisburg Cerca de M\u00ed <a href=\"tel:+15138943333\">513-894-3333<\/a><\/p><h2>\u00bfQu\u00e9 debo hacer despu\u00e9s de una mordedura de perro?<\/h2>\n<p>Si usted o un ser querido es atacado por un perro, lo primero que debe hacer es pensar en su salud y seguridad. Si te encuentras en una situaci\u00f3n en la que debes defenderte, ten en cuenta que existen leyes de Ohio que te protegen de la responsabilidad en caso de que lastimes al animal mientras te defiendes o huyes del ataque.<\/p>\n<p>Una vez que haya llegado a un lugar seguro, debe concentrarse en <a href=\"https:\/\/health.clevelandclinic.org\/if-a-dog-bites-you-do-these-7-things-now\/\" target=\"_blank\" rel=\"noopener\">buscar ayuda m\u00e9dica<\/a> , ya que las lesiones por mordedura de perro no tratadas pueden tener consecuencias significativas. Es fundamental acudir a urgencias o visitar a su m\u00e9dico lo antes posible.<\/p>\n<p>Si tiene tiempo y se siente c\u00f3modo haci\u00e9ndolo, se recomienda que obtenga el nombre y la direcci\u00f3n del due\u00f1o del perro. Tomar fotograf\u00edas de la escena del incidente, del perro y de sus lesiones podr\u00eda ayudar si no puede obtener su informaci\u00f3n de contacto en este momento.<\/p>\n<p>Despu\u00e9s de recibir atenci\u00f3n m\u00e9dica, debe informar el caso a la agencia <a href=\"https:\/\/daytonwildliferemoval.com\/franklin-ohio-animal-control\/\" target=\"_blank\" rel=\"noopener\">local de control de animales<\/a> . Si el perro estaba suelto o extraviado, este paso es importante, ya que su equipo ayudar\u00e1 a garantizar que el perro no da\u00f1e a nadie m\u00e1s en el futuro.<\/p>\n<p class=\"rs-content-cta rs-content-cta-small\"><a href=\"\/es\/contacto\/\">Haga clic para contactar<\/a> con nuestros lesiones personales abogados hoy<\/p><h2>Lesiones comunes causadas por mordeduras de perros<\/h2>\n<p>Las mordeduras de perro pueden provocar una variedad de lesiones en el interior y el exterior del cuerpo que pueden variar en gravedad seg\u00fan la raza y el tama\u00f1o del perro. Las siguientes son las lesiones m\u00e1s comunes:<\/p>\n<ul>\n<li>Contagio <a href=\"https:\/\/www.mayoclinic.org\/diseases-conditions\/rabies\/symptoms-causes\/syc-20351821\" target=\"_blank\" rel=\"noopener\">de rabia<\/a><\/li>\n<li><a href=\"https:\/\/www.medicalnewstoday.com\/articles\/326976\" target=\"_blank\" rel=\"noopener\">Infecciones bacterianas<\/a><\/li>\n<li>Ara\u00f1azos y cortes<\/li>\n<li>Da\u00f1o a los nervios, tendones o m\u00fasculos<\/li>\n<li>Da\u00f1o emocional<\/li>\n<li>huesos fracturados<\/li>\n<\/ul>\n<p class=\"rs-content-cta rs-content-cta-small\">Complete una <a href=\"\/es\/contacto\/\">evaluaci\u00f3n gratuita de su caso<\/a> ahora<\/p><h2>\u00bfQui\u00e9n es responsable de un ataque de mordedura de perro?<\/h2>\n<p>Cuando un perro lo ha mordido, es razonable preguntarse qui\u00e9n es legalmente responsable de los da\u00f1os resultantes. La mayor\u00eda de las veces, es el due\u00f1o del perro quien es legalmente responsable por el incidente. Sin embargo, hay algunas excepciones a esta regla que pueden permitir que el due\u00f1o del perro evite la responsabilidad, que incluyen:<\/p>\n<ul>\n<li>Si el due\u00f1o del perro es menor de 18 a\u00f1os. En este caso, sus tutores legales responder\u00e1n de los da\u00f1os y perjuicios.<\/li>\n<li>Si la v\u00edctima intentaba acceder a la propiedad privada del perro cuando fue atacada.<\/li>\n<li>Si la persona mordida estaba molestando o maltratando al animal en la propiedad del propietario.<\/li>\n<li>Si la v\u00edctima estuviese cometiendo un delito de grado medio o superior, como robo o agresi\u00f3n.<\/li>\n<\/ul>\n<h2>Leyes sobre mordeduras de perros en Ohio<\/h2>\n<p>Las acciones del perro son deber de la persona a cargo del perro en el momento del accidente. Por tanto, ser\u00e1n responsables de todos y cada uno de los da\u00f1os causados por el animal como consecuencia de su actuaci\u00f3n, as\u00ed como de las repercusiones de dicho comportamiento.<\/p>\n<p>Cuando se trata de agresiones de perros, varias jurisdicciones han promulgado la &#8220;legislaci\u00f3n de un solo mordisco&#8221;. Establece que, si el perro no tiene antecedentes de agresi\u00f3n antes de la ocurrencia, ni el perro ni su due\u00f1o pueden ser considerados responsables. El estado de Ohio, sin embargo, no cuenta <a href=\"https:\/\/codes.ohio.gov\/ohio-revised-code\/section-955.261\" target=\"_blank\" rel=\"noopener\">con esta regulaci\u00f3n<\/a> .<\/p>\n<h2>\u00bfHa sido mordido por un perro en Miamisburg, Ohio?<\/h2>\n<p>Ser atacado por un perro puede causar bastante da\u00f1o a la v\u00edctima, tanto f\u00edsica como emocionalmente. Aqu\u00ed en <a href=\"https:\/\/thehometownlawyers.com\/es\/\">Kruger &amp; Hodges<\/a> , entendemos lo estresante que esto puede ser para usted y podemos ayudarlo a comprender mejor sus derechos despu\u00e9s de ser mordido por un perro. Adem\u00e1s, tambi\u00e9n podemos ayudarlo a obtener la compensaci\u00f3n financiera que merece despu\u00e9s del ataque. Para obtener m\u00e1s informaci\u00f3n o para programar una evaluaci\u00f3n de caso gratuita y sin riesgos con nuestro equipo de abogados de lesiones personales, <a href=\"https:\/\/thehometownlawyers.com\/es\/contacto\/\">cont\u00e1ctenos<\/a> hoy.<\/p>\n<p class=\"rs-content-cta rs-content-cta-small\">Llame o env\u00ede un mensaje de texto al <a href=\"tel:+15138943333\">513-894-3333<\/a> o complete una <a href=\"\/es\/contacto\/\">evaluaci\u00f3n gratuita de su caso<\/a><\/p>","protected":false},"excerpt":{"rendered":"<p>Abogados de mordeduras de perro en Miamisburg, Ohio Los ataques de mordedura de perro a menudo son eventos imprevisibles y tr\u00e1gicos, y pueden tener consecuencias a largo plazo para las v\u00edctimas. El hecho es que los perros son mascotas comunes y la mayor\u00eda de las personas entran en contacto con ellos semanalmente, si no diariamente. &#8230;<\/p>\n","protected":false},"author":7,"featured_media":20759,"parent":21179,"menu_order":0,"comment_status":"closed","ping_status":"closed","template":"","meta":{"_acf_changed":false,"inline_featured_image":false,"_genesis_hide_title":false,"_genesis_hide_breadcrumbs":false,"_genesis_hide_singular_image":false,"_genesis_hide_footer_widgets":false,"_genesis_custom_body_class":"","_genesis_custom_post_class":"","_genesis_layout":"","footnotes":""},"hc_faqs":[],"hc_spanish_faqs":[],"class_list":{"0":"post-21186","1":"page","2":"type-page","3":"status-publish","4":"has-post-thumbnail","6":"hc_city_location-miamisburg-es","7":"entry"},"acf":[],"yoast_head":"<!-- This site is optimized with the Yoast SEO plugin v27.4 - https:\/\/yoast.com\/product\/yoast-seo-wordpress\/ -->\n<title>Abogado de mordedura de perro Miamisburg, Ohio: Consulta gratuita<\/title>\n<meta name=\"description\" content=\"Abogados de mordeduras de perro en Miamisburg, Ohio Los ataques de mordedura de perro a menudo son eventos imprevisibles y tr\u00e1gicos, y pueden tener\" \/>\n<meta name=\"robots\" content=\"index, follow, max-snippet:-1, max-image-preview:large, max-video-preview:-1\" \/>\n<link rel=\"canonical\" href=\"https:\/\/thehometownlawyers.com\/es\/abogado-de-lesiones-personales-miamisburg-ohio\/abogado-de-mordedura-de-perro-miamisburg-ohio\/\" \/>\n<meta property=\"og:locale\" content=\"es_MX\" \/>\n<meta property=\"og:type\" content=\"article\" \/>\n<meta property=\"og:title\" content=\"Abogado de mordedura de perro Miamisburg, Ohio: Consulta gratuita\" \/>\n<meta property=\"og:description\" content=\"Abogados de mordeduras de perro en Miamisburg, Ohio Los ataques de mordedura de perro a menudo son eventos imprevisibles y tr\u00e1gicos, y pueden tener\" \/>\n<meta property=\"og:url\" content=\"https:\/\/thehometownlawyers.com\/es\/abogado-de-lesiones-personales-miamisburg-ohio\/abogado-de-mordedura-de-perro-miamisburg-ohio\/\" \/>\n<meta property=\"og:site_name\" content=\"Kruger &amp; Hodges Abogados De Lesiones\" \/>\n<meta property=\"article:publisher\" content=\"https:\/\/www.facebook.com\/KrugerHodges\/\" \/>\n<meta property=\"article:modified_time\" content=\"2025-01-31T16:34:16+00:00\" \/>\n<meta property=\"og:image\" content=\"https:\/\/thehometownlawyers.com\/wp-content\/uploads\/2020\/10\/Depositphotos_27970565_s-2019.jpg\" \/>\n\t<meta property=\"og:image:width\" content=\"1000\" \/>\n\t<meta property=\"og:image:height\" content=\"667\" \/>\n\t<meta property=\"og:image:type\" content=\"image\/jpeg\" \/>\n<meta name=\"twitter:card\" content=\"summary_large_image\" \/>\n<meta name=\"twitter:label1\" content=\"Tiempo de lectura\" \/>\n\t<meta name=\"twitter:data1\" content=\"4 minutos\" \/>\n<script type=\"application\/ld+json\" class=\"yoast-schema-graph\">{\"@context\":\"https:\\\/\\\/schema.org\",\"@graph\":[{\"@type\":\"WebPage\",\"@id\":\"https:\\\/\\\/thehometownlawyers.com\\\/es\\\/abogado-de-lesiones-personales-miamisburg-ohio\\\/abogado-de-mordedura-de-perro-miamisburg-ohio\\\/\",\"url\":\"https:\\\/\\\/thehometownlawyers.com\\\/es\\\/abogado-de-lesiones-personales-miamisburg-ohio\\\/abogado-de-mordedura-de-perro-miamisburg-ohio\\\/\",\"name\":\"Abogado de mordedura de perro Miamisburg, Ohio: Consulta gratuita\",\"isPartOf\":{\"@id\":\"https:\\\/\\\/thehometownlawyers.com\\\/es\\\/#website\"},\"primaryImageOfPage\":{\"@id\":\"https:\\\/\\\/thehometownlawyers.com\\\/es\\\/abogado-de-lesiones-personales-miamisburg-ohio\\\/abogado-de-mordedura-de-perro-miamisburg-ohio\\\/#primaryimage\"},\"image\":{\"@id\":\"https:\\\/\\\/thehometownlawyers.com\\\/es\\\/abogado-de-lesiones-personales-miamisburg-ohio\\\/abogado-de-mordedura-de-perro-miamisburg-ohio\\\/#primaryimage\"},\"thumbnailUrl\":\"https:\\\/\\\/thehometownlawyers.com\\\/wp-content\\\/uploads\\\/2020\\\/10\\\/Depositphotos_27970565_s-2019.jpg\",\"datePublished\":\"2021-07-25T01:53:52+00:00\",\"dateModified\":\"2025-01-31T16:34:16+00:00\",\"description\":\"Abogados de mordeduras de perro en Miamisburg, Ohio Los ataques de mordedura de perro a menudo son eventos imprevisibles y tr\u00e1gicos, y pueden tener\",\"breadcrumb\":{\"@id\":\"https:\\\/\\\/thehometownlawyers.com\\\/es\\\/abogado-de-lesiones-personales-miamisburg-ohio\\\/abogado-de-mordedura-de-perro-miamisburg-ohio\\\/#breadcrumb\"},\"inLanguage\":\"es\",\"potentialAction\":[{\"@type\":\"ReadAction\",\"target\":[\"https:\\\/\\\/thehometownlawyers.com\\\/es\\\/abogado-de-lesiones-personales-miamisburg-ohio\\\/abogado-de-mordedura-de-perro-miamisburg-ohio\\\/\"]}]},{\"@type\":\"ImageObject\",\"inLanguage\":\"es\",\"@id\":\"https:\\\/\\\/thehometownlawyers.com\\\/es\\\/abogado-de-lesiones-personales-miamisburg-ohio\\\/abogado-de-mordedura-de-perro-miamisburg-ohio\\\/#primaryimage\",\"url\":\"https:\\\/\\\/thehometownlawyers.com\\\/wp-content\\\/uploads\\\/2020\\\/10\\\/Depositphotos_27970565_s-2019.jpg\",\"contentUrl\":\"https:\\\/\\\/thehometownlawyers.com\\\/wp-content\\\/uploads\\\/2020\\\/10\\\/Depositphotos_27970565_s-2019.jpg\",\"width\":1000,\"height\":667,\"caption\":\"Mordida de perro -\"},{\"@type\":\"BreadcrumbList\",\"@id\":\"https:\\\/\\\/thehometownlawyers.com\\\/es\\\/abogado-de-lesiones-personales-miamisburg-ohio\\\/abogado-de-mordedura-de-perro-miamisburg-ohio\\\/#breadcrumb\",\"itemListElement\":[{\"@type\":\"ListItem\",\"position\":1,\"name\":\"Home\",\"item\":\"https:\\\/\\\/thehometownlawyers.com\\\/es\\\/\"},{\"@type\":\"ListItem\",\"position\":2,\"name\":\"Abogado de Lesiones Personales en Miamisburg\",\"item\":\"https:\\\/\\\/thehometownlawyers.com\\\/es\\\/abogado-de-lesiones-personales-miamisburg-ohio\\\/\"},{\"@type\":\"ListItem\",\"position\":3,\"name\":\"Abogado de Mordeduras de Perros en Miamisburg\"}]},{\"@type\":\"WebSite\",\"@id\":\"https:\\\/\\\/thehometownlawyers.com\\\/es\\\/#website\",\"url\":\"https:\\\/\\\/thehometownlawyers.com\\\/es\\\/\",\"name\":\"Kruger & Hodges Hometown Injury Lawyers | Accident Attorneys\",\"description\":\"Attorneys for Car, Truck and Motorcycle Accidents, Personal Injuries, and Criminal Defense.\",\"publisher\":{\"@id\":\"https:\\\/\\\/thehometownlawyers.com\\\/es\\\/#organization\"},\"alternateName\":\"Kruger & Hodges Personal Injury Lawyers\",\"inLanguage\":\"es\"},{\"@type\":\"Organization\",\"@id\":\"https:\\\/\\\/thehometownlawyers.com\\\/es\\\/#organization\",\"name\":\"Kruger & Hodges Hometown Injury Lawyers\",\"alternateName\":\"Kruger & Hodges\",\"url\":\"https:\\\/\\\/thehometownlawyers.com\\\/es\\\/\",\"logo\":{\"@type\":\"ImageObject\",\"inLanguage\":\"es\",\"@id\":\"https:\\\/\\\/thehometownlawyers.com\\\/es\\\/#\\\/schema\\\/logo\\\/image\\\/\",\"url\":\"https:\\\/\\\/thehometownlawyers.com\\\/wp-content\\\/uploads\\\/2025\\\/12\\\/revised-kh-logo-vertical-white-background-scaled.png\",\"contentUrl\":\"https:\\\/\\\/thehometownlawyers.com\\\/wp-content\\\/uploads\\\/2025\\\/12\\\/revised-kh-logo-vertical-white-background-scaled.png\",\"width\":2560,\"height\":1440,\"caption\":\"Kruger & Hodges Hometown Injury Lawyers\"},\"image\":{\"@id\":\"https:\\\/\\\/thehometownlawyers.com\\\/es\\\/#\\\/schema\\\/logo\\\/image\\\/\"},\"sameAs\":[\"https:\\\/\\\/www.facebook.com\\\/KrugerHodges\\\/\",\"https:\\\/\\\/www.instagram.com\\\/krugerhodges\\\/\",\"https:\\\/\\\/www.linkedin.com\\\/company\\\/kruger-hodges-hometown-injury-lawyers\\\/\",\"https:\\\/\\\/www.youtube.com\\\/channel\\\/UCeYcMaMaN2rb9jMlqt4EIdQ\",\"https:\\\/\\\/www.tiktok.com\\\/@thehometownlawyer\"]}]}<\/script>\n<!-- \/ Yoast SEO plugin. -->","yoast_head_json":{"title":"Abogado de mordedura de perro Miamisburg, Ohio: Consulta gratuita","description":"Abogados de mordeduras de perro en Miamisburg, Ohio Los ataques de mordedura de perro a menudo son eventos imprevisibles y tr\u00e1gicos, y pueden tener","robots":{"index":"index","follow":"follow","max-snippet":"max-snippet:-1","max-image-preview":"max-image-preview:large","max-video-preview":"max-video-preview:-1"},"canonical":"https:\/\/thehometownlawyers.com\/es\/abogado-de-lesiones-personales-miamisburg-ohio\/abogado-de-mordedura-de-perro-miamisburg-ohio\/","og_locale":"es_MX","og_type":"article","og_title":"Abogado de mordedura de perro Miamisburg, Ohio: Consulta gratuita","og_description":"Abogados de mordeduras de perro en Miamisburg, Ohio Los ataques de mordedura de perro a menudo son eventos imprevisibles y tr\u00e1gicos, y pueden tener","og_url":"https:\/\/thehometownlawyers.com\/es\/abogado-de-lesiones-personales-miamisburg-ohio\/abogado-de-mordedura-de-perro-miamisburg-ohio\/","og_site_name":"Kruger &amp; Hodges Abogados De Lesiones","article_publisher":"https:\/\/www.facebook.com\/KrugerHodges\/","article_modified_time":"2025-01-31T16:34:16+00:00","og_image":[{"width":1000,"height":667,"url":"https:\/\/thehometownlawyers.com\/wp-content\/uploads\/2020\/10\/Depositphotos_27970565_s-2019.jpg","type":"image\/jpeg"}],"twitter_card":"summary_large_image","twitter_misc":{"Tiempo de lectura":"4 minutos"},"schema":{"@context":"https:\/\/schema.org","@graph":[{"@type":"WebPage","@id":"https:\/\/thehometownlawyers.com\/es\/abogado-de-lesiones-personales-miamisburg-ohio\/abogado-de-mordedura-de-perro-miamisburg-ohio\/","url":"https:\/\/thehometownlawyers.com\/es\/abogado-de-lesiones-personales-miamisburg-ohio\/abogado-de-mordedura-de-perro-miamisburg-ohio\/","name":"Abogado de mordedura de perro Miamisburg, Ohio: Consulta gratuita","isPartOf":{"@id":"https:\/\/thehometownlawyers.com\/es\/#website"},"primaryImageOfPage":{"@id":"https:\/\/thehometownlawyers.com\/es\/abogado-de-lesiones-personales-miamisburg-ohio\/abogado-de-mordedura-de-perro-miamisburg-ohio\/#primaryimage"},"image":{"@id":"https:\/\/thehometownlawyers.com\/es\/abogado-de-lesiones-personales-miamisburg-ohio\/abogado-de-mordedura-de-perro-miamisburg-ohio\/#primaryimage"},"thumbnailUrl":"https:\/\/thehometownlawyers.com\/wp-content\/uploads\/2020\/10\/Depositphotos_27970565_s-2019.jpg","datePublished":"2021-07-25T01:53:52+00:00","dateModified":"2025-01-31T16:34:16+00:00","description":"Abogados de mordeduras de perro en Miamisburg, Ohio Los ataques de mordedura de perro a menudo son eventos imprevisibles y tr\u00e1gicos, y pueden tener","breadcrumb":{"@id":"https:\/\/thehometownlawyers.com\/es\/abogado-de-lesiones-personales-miamisburg-ohio\/abogado-de-mordedura-de-perro-miamisburg-ohio\/#breadcrumb"},"inLanguage":"es","potentialAction":[{"@type":"ReadAction","target":["https:\/\/thehometownlawyers.com\/es\/abogado-de-lesiones-personales-miamisburg-ohio\/abogado-de-mordedura-de-perro-miamisburg-ohio\/"]}]},{"@type":"ImageObject","inLanguage":"es","@id":"https:\/\/thehometownlawyers.com\/es\/abogado-de-lesiones-personales-miamisburg-ohio\/abogado-de-mordedura-de-perro-miamisburg-ohio\/#primaryimage","url":"https:\/\/thehometownlawyers.com\/wp-content\/uploads\/2020\/10\/Depositphotos_27970565_s-2019.jpg","contentUrl":"https:\/\/thehometownlawyers.com\/wp-content\/uploads\/2020\/10\/Depositphotos_27970565_s-2019.jpg","width":1000,"height":667,"caption":"Mordida de perro -"},{"@type":"BreadcrumbList","@id":"https:\/\/thehometownlawyers.com\/es\/abogado-de-lesiones-personales-miamisburg-ohio\/abogado-de-mordedura-de-perro-miamisburg-ohio\/#breadcrumb","itemListElement":[{"@type":"ListItem","position":1,"name":"Home","item":"https:\/\/thehometownlawyers.com\/es\/"},{"@type":"ListItem","position":2,"name":"Abogado de Lesiones Personales en Miamisburg","item":"https:\/\/thehometownlawyers.com\/es\/abogado-de-lesiones-personales-miamisburg-ohio\/"},{"@type":"ListItem","position":3,"name":"Abogado de Mordeduras de Perros en Miamisburg"}]},{"@type":"WebSite","@id":"https:\/\/thehometownlawyers.com\/es\/#website","url":"https:\/\/thehometownlawyers.com\/es\/","name":"Kruger & Hodges Hometown Injury Lawyers | Accident Attorneys","description":"Attorneys for Car, Truck and Motorcycle Accidents, Personal Injuries, and Criminal Defense.","publisher":{"@id":"https:\/\/thehometownlawyers.com\/es\/#organization"},"alternateName":"Kruger & Hodges Personal Injury Lawyers","inLanguage":"es"},{"@type":"Organization","@id":"https:\/\/thehometownlawyers.com\/es\/#organization","name":"Kruger & Hodges Hometown Injury Lawyers","alternateName":"Kruger & Hodges","url":"https:\/\/thehometownlawyers.com\/es\/","logo":{"@type":"ImageObject","inLanguage":"es","@id":"https:\/\/thehometownlawyers.com\/es\/#\/schema\/logo\/image\/","url":"https:\/\/thehometownlawyers.com\/wp-content\/uploads\/2025\/12\/revised-kh-logo-vertical-white-background-scaled.png","contentUrl":"https:\/\/thehometownlawyers.com\/wp-content\/uploads\/2025\/12\/revised-kh-logo-vertical-white-background-scaled.png","width":2560,"height":1440,"caption":"Kruger & Hodges Hometown Injury Lawyers"},"image":{"@id":"https:\/\/thehometownlawyers.com\/es\/#\/schema\/logo\/image\/"},"sameAs":["https:\/\/www.facebook.com\/KrugerHodges\/","https:\/\/www.instagram.com\/krugerhodges\/","https:\/\/www.linkedin.com\/company\/kruger-hodges-hometown-injury-lawyers\/","https:\/\/www.youtube.com\/channel\/UCeYcMaMaN2rb9jMlqt4EIdQ","https:\/\/www.tiktok.com\/@thehometownlawyer"]}]}},"_links":{"self":[{"href":"https:\/\/thehometownlawyers.com\/es\/wp-json\/wp\/v2\/pages\/21186","targetHints":{"allow":["GET"]}}],"collection":[{"href":"https:\/\/thehometownlawyers.com\/es\/wp-json\/wp\/v2\/pages"}],"about":[{"href":"https:\/\/thehometownlawyers.com\/es\/wp-json\/wp\/v2\/types\/page"}],"author":[{"embeddable":true,"href":"https:\/\/thehometownlawyers.com\/es\/wp-json\/wp\/v2\/users\/7"}],"replies":[{"embeddable":true,"href":"https:\/\/thehometownlawyers.com\/es\/wp-json\/wp\/v2\/comments?post=21186"}],"version-history":[{"count":0,"href":"https:\/\/thehometownlawyers.com\/es\/wp-json\/wp\/v2\/pages\/21186\/revisions"}],"up":[{"embeddable":true,"href":"https:\/\/thehometownlawyers.com\/es\/wp-json\/wp\/v2\/pages\/21179"}],"wp:featuredmedia":[{"embeddable":true,"href":"https:\/\/thehometownlawyers.com\/es\/wp-json\/wp\/v2\/media\/20759"}],"wp:attachment":[{"href":"https:\/\/thehometownlawyers.com\/es\/wp-json\/wp\/v2\/media?parent=21186"}],"wp:term":[{"taxonomy":"hc_faqs","embeddable":true,"href":"https:\/\/thehometownlawyers.com\/es\/wp-json\/wp\/v2\/hc_faqs?post=21186"},{"taxonomy":"hc_spanish_faqs","embeddable":true,"href":"https:\/\/thehometownlawyers.com\/es\/wp-json\/wp\/v2\/hc_spanish_faqs?post=21186"}],"curies":[{"name":"wp","href":"https:\/\/api.w.org\/{rel}","templated":true}]}}