{"id":21187,"date":"2021-07-25T00:18:00","date_gmt":"2021-07-25T04:18:00","guid":{"rendered":"https:\/\/thehometownlawyers.com\/?page_id=21187"},"modified":"2025-03-24T13:53:17","modified_gmt":"2025-03-24T17:53:17","slug":"abogado-de-accidentes-automovilisticos-condado-de-darke-ohio","status":"publish","type":"page","link":"https:\/\/thehometownlawyers.com\/es\/abogado-de-lesiones-del-condado-de-darke-ohio\/abogado-de-accidentes-automovilisticos-condado-de-darke-ohio\/","title":{"rendered":"Abogado de Accidentes Automovil\u00edsticos en Darke County"},"content":{"rendered":"<h2>Accidentes automovil\u00edsticos en el condado de Darke, Ohio<\/h2>\n<p>Solo en Ohio, hab\u00eda <a href=\"https:\/\/www.statista.com\/statistics\/196064\/number-of-registered-automobiles-in-ohio\/\" target=\"_blank\" rel=\"noopener\">al menos 4,6 millones de autom\u00f3viles registrados en 2016<\/a> . Esto incluye veh\u00edculos privados y comerciales en todo el estado. Este n\u00famero seguir\u00e1 aumentando cada a\u00f1o. Con tantos veh\u00edculos en las carreteras de Ohio, algunos de ellos terminar\u00e1n teniendo accidentes con otros veh\u00edculos, ciclistas o peatones.<\/p>\n<p>En Kruger &amp; Hodges , ayudamos a las personas que han estado en varios tipos de accidentes a obtener compensaci\u00f3n por sus p\u00e9rdidas. Para aquellos con da\u00f1os menores, las negociaciones pueden llegar a una resoluci\u00f3n y un arreglo r\u00e1pida y f\u00e1cilmente. Para otros, las lesiones catastr\u00f3ficas o m\u00faltiples partes culpables podr\u00edan complicar las cosas y tomar alg\u00fan tiempo para resolverlas. Cualquiera que haya resultado lesionado en un accidente automovil\u00edstico se beneficiar\u00e1 de la asistencia de un abogado con experiencia en accidentes automovil\u00edsticos del condado de Darke.<\/p>\n<p>Los autos son m\u00e1quinas pesadas con toneladas de poder detr\u00e1s de ellos. Cuando los autom\u00f3viles se enfrentan a motocicletas, bicicletas o peatones, los resultados suelen ser tr\u00e1gicos. La mayor\u00eda de las veces, el grupo sufre lesiones graves y muertes sin el grueso chasis de metal que los protege del impacto. La buena noticia es que las v\u00edctimas de accidentes automovil\u00edsticos en el condado de Darke pueden reclamar da\u00f1os y perjuicios para recuperar facturas m\u00e9dicas, salarios perdidos y mucho m\u00e1s, con la ayuda de un abogado de accidentes automovil\u00edsticos de Ohio.<\/p>\n<p class=\"rs-content-cta rs-content-cta-small\">Para una consulta legal gratuita, llame al <a href=\"tel:+15138943333\">513-894-3333 <\/a><\/p><h2>C\u00f3mo obtienen ayuda las v\u00edctimas de accidentes automovil\u00edsticos<\/h2>\n<p>Ohio es un estado culpable. Esto significa que quienes causen los accidentes tendr\u00e1n que pagar los da\u00f1os y perjuicios que resulten a los dem\u00e1s afectados. Este no es el caso en los estados sin culpa, donde la propia compa\u00f1\u00eda de seguros de la v\u00edctima cubrir\u00e1 sus p\u00e9rdidas despu\u00e9s de un accidente automovil\u00edstico.<\/p>\n<p>Como estado culpable, las leyes de Ohio favorecen m\u00e1s a las v\u00edctimas. \u00bfC\u00f3mo? A diferencia de un estado sin culpa en el que la v\u00edctima necesita hablar con la compa\u00f1\u00eda de seguros antes de perseguir al conductor responsable, un estado con culpa le permite a usted, la v\u00edctima, presentar un reclamo contra las partes responsables tan pronto como pueda.<\/p>\n<p>Hay <a href=\"https:\/\/codes.ohio.gov\/ohio-revised-code\/section-2315.18\" target=\"_blank\" rel=\"noopener\">dos tipos de da\u00f1os<\/a> que las v\u00edctimas pueden reclamar seg\u00fan las leyes estatales de Ohio. El primer tipo cubre sus p\u00e9rdidas financieras cuantificables. En otras palabras, estos son da\u00f1os econ\u00f3micos. Estas p\u00e9rdidas incluyen facturas m\u00e9dicas, p\u00e9rdida de propiedad y salarios perdidos. Si no ha podido trabajar debido al accidente, entonces el conductor responsable tendr\u00e1 que pagar su salario por el tiempo que le lleve recuperarse f\u00edsicamente.<\/p>\n<p>El segundo tipo de da\u00f1os son aquellos que son m\u00e1s dif\u00edciles de sumar o probar con documentaci\u00f3n. Estos son <a href=\"https:\/\/centerjd.org\/content\/fact-sheet-understanding-non-economic-damages\" target=\"_blank\" rel=\"noopener\">da\u00f1os no econ\u00f3micos<\/a> , que incluyen el dolor emocional causado por el accidente, la p\u00e9rdida del disfrute de la vida o la desfiguraci\u00f3n. La familia de la v\u00edctima tambi\u00e9n puede presentar un reclamo por da\u00f1os no econ\u00f3micos si sus seres queridos han muerto a causa de las lesiones sufridas en el accidente.<\/p>\n<h2>Qu\u00e9 hacer inmediatamente despu\u00e9s de un accidente automovil\u00edstico en el condado de Darke<\/h2>\n<p>Cuando ocurre un accidente de cualquier tipo, la gente suele sentirse confundida y aterrorizada. Los siguientes son algunos pasos simples para recordar si se encuentra en esta situaci\u00f3n. Seguir estos pasos garantizar\u00e1 que se tenga en cuenta su salud, as\u00ed como su capacidad para presentar una demanda por da\u00f1os y perjuicios por lesiones personales:<\/p>\n<ul>\n<li><strong>Verifique<\/strong> : si bien la mayor\u00eda de la gente dir\u00eda primero &#8220;verifique el n\u00famero de placa&#8221;, su primer instinto siempre debe ser mantenerlo a usted y a todos a su alrededor a salvo. Debe intentar evaluar el \u00e1rea y asegurarse de que su ubicaci\u00f3n sea segura. Busque se\u00f1ales de peligro como postes da\u00f1ados que puedan volcarse, tr\u00e1fico en la carretera que se aproxima o autos en llamas. Adem\u00e1s, verifique si la otra parte est\u00e1 enfurecida y tiene un arma.<\/li>\n<li><strong>Buscar personas<\/strong> : esto se aplica tanto a la v\u00edctima como al conductor. verifique y aseg\u00farese de que todos est\u00e9n a salvo. Pida ayuda si la necesita. Busque testigos del accidente y obtenga su informaci\u00f3n de contacto.<\/li>\n<li><strong>Tome notas y re\u00fana evidencia<\/strong> : esto es importante si planea reclamar da\u00f1os y perjuicios a trav\u00e9s de un reclamo por lesiones personales. Anote el n\u00famero de placa del otro veh\u00edculo y obtenga la informaci\u00f3n de contacto y del seguro del conductor. Si es seguro hacerlo, use su tel\u00e9fono inteligente para obtener fotos de la escena, incluidas las lesiones, los da\u00f1os causados a los autom\u00f3viles y la carretera circundante y las condiciones clim\u00e1ticas.<\/li>\n<li><strong>P\u00f3ngase en contacto con las autoridades<\/strong> : llame a una ambulancia y a la polic\u00eda al lugar lo antes posible, especialmente si alguien ha resultado herido. No olvide llamarnos tambi\u00e9n, para que podamos ayudarlo a resolver todo de inmediato.<\/li>\n<\/ul>\n<p class=\"rs-content-cta rs-content-cta-small\"><a href=\"\/es\/contacto\/\">Haga clic para contactar<\/a> con nuestros lesiones personales abogados hoy<\/p><h2>\u00bfHa estado en un accidente automovil\u00edstico en el condado de Darke, Ohio?<\/h2>\n<p>Muchos accidentes son f\u00e1cilmente evitables con el debido cuidado y atenci\u00f3n al tr\u00e1fico. Sin embargo, los accidentes ocurren. Al llamarnos a Kruger &amp; Hodges , podemos ayudarlo a obtener una compensaci\u00f3n por las lesiones que ha sufrido debido a un accidente automovil\u00edstico. Puede programar una evaluaci\u00f3n de caso gratuita y sin riesgo con nosotros <a href=\"https:\/\/thehometownlawyers.com\/es\/contacto\/\">comunic\u00e1ndose con nosotros a<\/a> trav\u00e9s de nuestro sitio web.<\/p>\n<p class=\"rs-content-cta rs-content-cta-small\">Llame o env\u00ede un mensaje de texto al <a href=\"tel:+15138943333\">513-894-3333<\/a> o complete una <a href=\"\/es\/contacto\/\">evaluaci\u00f3n gratuita de su caso<\/a><\/p>","protected":false},"excerpt":{"rendered":"<p>Accidentes automovil\u00edsticos en el condado de Darke, Ohio Solo en Ohio, hab\u00eda al menos 4,6 millones de autom\u00f3viles registrados en 2016 . Esto incluye veh\u00edculos privados y comerciales en todo el estado. Este n\u00famero seguir\u00e1 aumentando cada a\u00f1o. Con tantos veh\u00edculos en las carreteras de Ohio, algunos de ellos terminar\u00e1n teniendo accidentes con otros veh\u00edculos, &#8230;<\/p>\n","protected":false},"author":7,"featured_media":24692,"parent":21189,"menu_order":0,"comment_status":"closed","ping_status":"closed","template":"","meta":{"_acf_changed":false,"inline_featured_image":false,"_genesis_hide_title":false,"_genesis_hide_breadcrumbs":false,"_genesis_hide_singular_image":false,"_genesis_hide_footer_widgets":false,"_genesis_custom_body_class":"","_genesis_custom_post_class":"","_genesis_layout":"","footnotes":""},"hc_faqs":[],"hc_spanish_faqs":[],"class_list":{"0":"post-21187","1":"page","2":"type-page","3":"status-publish","4":"has-post-thumbnail","6":"entry"},"acf":[],"yoast_head":"<!-- This site is optimized with the Yoast SEO plugin v27.4 - https:\/\/yoast.com\/product\/yoast-seo-wordpress\/ -->\n<title>Abogado de Accidentes Automovil\u00edsticos en Darke County | Consulta Gratuita<\/title>\n<meta name=\"description\" content=\"Abogado de Accidentes Automovil\u00edsticos en Darke County: Luchamos por una compensaci\u00f3n justa en nombre de las familias. Consultas gratuitas.\" \/>\n<meta name=\"robots\" content=\"index, follow, max-snippet:-1, max-image-preview:large, max-video-preview:-1\" \/>\n<link rel=\"canonical\" href=\"https:\/\/thehometownlawyers.com\/es\/abogado-de-lesiones-del-condado-de-darke-ohio\/abogado-de-accidentes-automovilisticos-condado-de-darke-ohio\/\" \/>\n<meta property=\"og:locale\" content=\"es_MX\" \/>\n<meta property=\"og:type\" content=\"article\" \/>\n<meta property=\"og:title\" content=\"Abogado de Accidentes Automovil\u00edsticos en Darke County | Consulta Gratuita\" \/>\n<meta property=\"og:description\" content=\"Abogado de Accidentes Automovil\u00edsticos en Darke County: Luchamos por una compensaci\u00f3n justa en nombre de las familias. Consultas gratuitas.\" \/>\n<meta property=\"og:url\" content=\"https:\/\/thehometownlawyers.com\/es\/abogado-de-lesiones-del-condado-de-darke-ohio\/abogado-de-accidentes-automovilisticos-condado-de-darke-ohio\/\" \/>\n<meta property=\"og:site_name\" content=\"Kruger &amp; Hodges Abogados De Lesiones\" \/>\n<meta property=\"article:publisher\" content=\"https:\/\/www.facebook.com\/KrugerHodges\/\" \/>\n<meta property=\"article:modified_time\" content=\"2025-03-24T17:53:17+00:00\" \/>\n<meta property=\"og:image\" content=\"https:\/\/thehometownlawyers.com\/wp-content\/uploads\/2025\/03\/abogado-de-accidentes-automovilisticos-condado-de-darke-ohio.jpg\" \/>\n\t<meta property=\"og:image:width\" content=\"768\" \/>\n\t<meta property=\"og:image:height\" content=\"511\" \/>\n\t<meta property=\"og:image:type\" content=\"image\/jpeg\" \/>\n<meta name=\"twitter:card\" content=\"summary_large_image\" \/>\n<meta name=\"twitter:label1\" content=\"Tiempo de lectura\" \/>\n\t<meta name=\"twitter:data1\" content=\"4 minutos\" \/>\n<script type=\"application\/ld+json\" class=\"yoast-schema-graph\">{\"@context\":\"https:\\\/\\\/schema.org\",\"@graph\":[{\"@type\":\"WebPage\",\"@id\":\"https:\\\/\\\/thehometownlawyers.com\\\/es\\\/abogado-de-lesiones-del-condado-de-darke-ohio\\\/abogado-de-accidentes-automovilisticos-condado-de-darke-ohio\\\/\",\"url\":\"https:\\\/\\\/thehometownlawyers.com\\\/es\\\/abogado-de-lesiones-del-condado-de-darke-ohio\\\/abogado-de-accidentes-automovilisticos-condado-de-darke-ohio\\\/\",\"name\":\"Abogado de Accidentes Automovil\u00edsticos en Darke County | Consulta Gratuita\",\"isPartOf\":{\"@id\":\"https:\\\/\\\/thehometownlawyers.com\\\/es\\\/#website\"},\"primaryImageOfPage\":{\"@id\":\"https:\\\/\\\/thehometownlawyers.com\\\/es\\\/abogado-de-lesiones-del-condado-de-darke-ohio\\\/abogado-de-accidentes-automovilisticos-condado-de-darke-ohio\\\/#primaryimage\"},\"image\":{\"@id\":\"https:\\\/\\\/thehometownlawyers.com\\\/es\\\/abogado-de-lesiones-del-condado-de-darke-ohio\\\/abogado-de-accidentes-automovilisticos-condado-de-darke-ohio\\\/#primaryimage\"},\"thumbnailUrl\":\"https:\\\/\\\/thehometownlawyers.com\\\/wp-content\\\/uploads\\\/2025\\\/03\\\/abogado-de-accidentes-automovilisticos-condado-de-darke-ohio.jpg\",\"datePublished\":\"2021-07-25T04:18:00+00:00\",\"dateModified\":\"2025-03-24T17:53:17+00:00\",\"description\":\"Abogado de Accidentes Automovil\u00edsticos en Darke County: Luchamos por una compensaci\u00f3n justa en nombre de las familias. Consultas gratuitas.\",\"breadcrumb\":{\"@id\":\"https:\\\/\\\/thehometownlawyers.com\\\/es\\\/abogado-de-lesiones-del-condado-de-darke-ohio\\\/abogado-de-accidentes-automovilisticos-condado-de-darke-ohio\\\/#breadcrumb\"},\"inLanguage\":\"es\",\"potentialAction\":[{\"@type\":\"ReadAction\",\"target\":[\"https:\\\/\\\/thehometownlawyers.com\\\/es\\\/abogado-de-lesiones-del-condado-de-darke-ohio\\\/abogado-de-accidentes-automovilisticos-condado-de-darke-ohio\\\/\"]}]},{\"@type\":\"ImageObject\",\"inLanguage\":\"es\",\"@id\":\"https:\\\/\\\/thehometownlawyers.com\\\/es\\\/abogado-de-lesiones-del-condado-de-darke-ohio\\\/abogado-de-accidentes-automovilisticos-condado-de-darke-ohio\\\/#primaryimage\",\"url\":\"https:\\\/\\\/thehometownlawyers.com\\\/wp-content\\\/uploads\\\/2025\\\/03\\\/abogado-de-accidentes-automovilisticos-condado-de-darke-ohio.jpg\",\"contentUrl\":\"https:\\\/\\\/thehometownlawyers.com\\\/wp-content\\\/uploads\\\/2025\\\/03\\\/abogado-de-accidentes-automovilisticos-condado-de-darke-ohio.jpg\",\"width\":768,\"height\":511,\"caption\":\"Hands on the wheel when driving at high speed from inside the car.\"},{\"@type\":\"BreadcrumbList\",\"@id\":\"https:\\\/\\\/thehometownlawyers.com\\\/es\\\/abogado-de-lesiones-del-condado-de-darke-ohio\\\/abogado-de-accidentes-automovilisticos-condado-de-darke-ohio\\\/#breadcrumb\",\"itemListElement\":[{\"@type\":\"ListItem\",\"position\":1,\"name\":\"Home\",\"item\":\"https:\\\/\\\/thehometownlawyers.com\\\/es\\\/\"},{\"@type\":\"ListItem\",\"position\":2,\"name\":\"Abogado de Lesiones Personales en Darke County\",\"item\":\"https:\\\/\\\/thehometownlawyers.com\\\/es\\\/darke-county\\\/personal-injury-lawyer\\\/\"},{\"@type\":\"ListItem\",\"position\":3,\"name\":\"Abogado de Accidentes Automovil\u00edsticos en Darke County\"}]},{\"@type\":\"WebSite\",\"@id\":\"https:\\\/\\\/thehometownlawyers.com\\\/es\\\/#website\",\"url\":\"https:\\\/\\\/thehometownlawyers.com\\\/es\\\/\",\"name\":\"Kruger & Hodges Hometown Injury Lawyers | Accident Attorneys\",\"description\":\"Attorneys for Car, Truck and Motorcycle Accidents, Personal Injuries, and Criminal Defense.\",\"publisher\":{\"@id\":\"https:\\\/\\\/thehometownlawyers.com\\\/es\\\/#organization\"},\"alternateName\":\"Kruger & Hodges Personal Injury Lawyers\",\"inLanguage\":\"es\"},{\"@type\":\"Organization\",\"@id\":\"https:\\\/\\\/thehometownlawyers.com\\\/es\\\/#organization\",\"name\":\"Kruger & Hodges Hometown Injury Lawyers\",\"alternateName\":\"Kruger & Hodges\",\"url\":\"https:\\\/\\\/thehometownlawyers.com\\\/es\\\/\",\"logo\":{\"@type\":\"ImageObject\",\"inLanguage\":\"es\",\"@id\":\"https:\\\/\\\/thehometownlawyers.com\\\/es\\\/#\\\/schema\\\/logo\\\/image\\\/\",\"url\":\"https:\\\/\\\/thehometownlawyers.com\\\/wp-content\\\/uploads\\\/2025\\\/12\\\/revised-kh-logo-vertical-white-background-scaled.png\",\"contentUrl\":\"https:\\\/\\\/thehometownlawyers.com\\\/wp-content\\\/uploads\\\/2025\\\/12\\\/revised-kh-logo-vertical-white-background-scaled.png\",\"width\":2560,\"height\":1440,\"caption\":\"Kruger & Hodges Hometown Injury Lawyers\"},\"image\":{\"@id\":\"https:\\\/\\\/thehometownlawyers.com\\\/es\\\/#\\\/schema\\\/logo\\\/image\\\/\"},\"sameAs\":[\"https:\\\/\\\/www.facebook.com\\\/KrugerHodges\\\/\",\"https:\\\/\\\/www.instagram.com\\\/krugerhodges\\\/\",\"https:\\\/\\\/www.linkedin.com\\\/company\\\/kruger-hodges-hometown-injury-lawyers\\\/\",\"https:\\\/\\\/www.youtube.com\\\/channel\\\/UCeYcMaMaN2rb9jMlqt4EIdQ\",\"https:\\\/\\\/www.tiktok.com\\\/@thehometownlawyer\"]}]}<\/script>\n<!-- \/ Yoast SEO plugin. -->","yoast_head_json":{"title":"Abogado de Accidentes Automovil\u00edsticos en Darke County | Consulta Gratuita","description":"Abogado de Accidentes Automovil\u00edsticos en Darke County: Luchamos por una compensaci\u00f3n justa en nombre de las familias. Consultas gratuitas.","robots":{"index":"index","follow":"follow","max-snippet":"max-snippet:-1","max-image-preview":"max-image-preview:large","max-video-preview":"max-video-preview:-1"},"canonical":"https:\/\/thehometownlawyers.com\/es\/abogado-de-lesiones-del-condado-de-darke-ohio\/abogado-de-accidentes-automovilisticos-condado-de-darke-ohio\/","og_locale":"es_MX","og_type":"article","og_title":"Abogado de Accidentes Automovil\u00edsticos en Darke County | Consulta Gratuita","og_description":"Abogado de Accidentes Automovil\u00edsticos en Darke County: Luchamos por una compensaci\u00f3n justa en nombre de las familias. Consultas gratuitas.","og_url":"https:\/\/thehometownlawyers.com\/es\/abogado-de-lesiones-del-condado-de-darke-ohio\/abogado-de-accidentes-automovilisticos-condado-de-darke-ohio\/","og_site_name":"Kruger &amp; Hodges Abogados De Lesiones","article_publisher":"https:\/\/www.facebook.com\/KrugerHodges\/","article_modified_time":"2025-03-24T17:53:17+00:00","og_image":[{"width":768,"height":511,"url":"https:\/\/thehometownlawyers.com\/wp-content\/uploads\/2025\/03\/abogado-de-accidentes-automovilisticos-condado-de-darke-ohio.jpg","type":"image\/jpeg"}],"twitter_card":"summary_large_image","twitter_misc":{"Tiempo de lectura":"4 minutos"},"schema":{"@context":"https:\/\/schema.org","@graph":[{"@type":"WebPage","@id":"https:\/\/thehometownlawyers.com\/es\/abogado-de-lesiones-del-condado-de-darke-ohio\/abogado-de-accidentes-automovilisticos-condado-de-darke-ohio\/","url":"https:\/\/thehometownlawyers.com\/es\/abogado-de-lesiones-del-condado-de-darke-ohio\/abogado-de-accidentes-automovilisticos-condado-de-darke-ohio\/","name":"Abogado de Accidentes Automovil\u00edsticos en Darke County | Consulta Gratuita","isPartOf":{"@id":"https:\/\/thehometownlawyers.com\/es\/#website"},"primaryImageOfPage":{"@id":"https:\/\/thehometownlawyers.com\/es\/abogado-de-lesiones-del-condado-de-darke-ohio\/abogado-de-accidentes-automovilisticos-condado-de-darke-ohio\/#primaryimage"},"image":{"@id":"https:\/\/thehometownlawyers.com\/es\/abogado-de-lesiones-del-condado-de-darke-ohio\/abogado-de-accidentes-automovilisticos-condado-de-darke-ohio\/#primaryimage"},"thumbnailUrl":"https:\/\/thehometownlawyers.com\/wp-content\/uploads\/2025\/03\/abogado-de-accidentes-automovilisticos-condado-de-darke-ohio.jpg","datePublished":"2021-07-25T04:18:00+00:00","dateModified":"2025-03-24T17:53:17+00:00","description":"Abogado de Accidentes Automovil\u00edsticos en Darke County: Luchamos por una compensaci\u00f3n justa en nombre de las familias. Consultas gratuitas.","breadcrumb":{"@id":"https:\/\/thehometownlawyers.com\/es\/abogado-de-lesiones-del-condado-de-darke-ohio\/abogado-de-accidentes-automovilisticos-condado-de-darke-ohio\/#breadcrumb"},"inLanguage":"es","potentialAction":[{"@type":"ReadAction","target":["https:\/\/thehometownlawyers.com\/es\/abogado-de-lesiones-del-condado-de-darke-ohio\/abogado-de-accidentes-automovilisticos-condado-de-darke-ohio\/"]}]},{"@type":"ImageObject","inLanguage":"es","@id":"https:\/\/thehometownlawyers.com\/es\/abogado-de-lesiones-del-condado-de-darke-ohio\/abogado-de-accidentes-automovilisticos-condado-de-darke-ohio\/#primaryimage","url":"https:\/\/thehometownlawyers.com\/wp-content\/uploads\/2025\/03\/abogado-de-accidentes-automovilisticos-condado-de-darke-ohio.jpg","contentUrl":"https:\/\/thehometownlawyers.com\/wp-content\/uploads\/2025\/03\/abogado-de-accidentes-automovilisticos-condado-de-darke-ohio.jpg","width":768,"height":511,"caption":"Hands on the wheel when driving at high speed from inside the car."},{"@type":"BreadcrumbList","@id":"https:\/\/thehometownlawyers.com\/es\/abogado-de-lesiones-del-condado-de-darke-ohio\/abogado-de-accidentes-automovilisticos-condado-de-darke-ohio\/#breadcrumb","itemListElement":[{"@type":"ListItem","position":1,"name":"Home","item":"https:\/\/thehometownlawyers.com\/es\/"},{"@type":"ListItem","position":2,"name":"Abogado de Lesiones Personales en Darke County","item":"https:\/\/thehometownlawyers.com\/es\/darke-county\/personal-injury-lawyer\/"},{"@type":"ListItem","position":3,"name":"Abogado de Accidentes Automovil\u00edsticos en Darke County"}]},{"@type":"WebSite","@id":"https:\/\/thehometownlawyers.com\/es\/#website","url":"https:\/\/thehometownlawyers.com\/es\/","name":"Kruger & Hodges Hometown Injury Lawyers | Accident Attorneys","description":"Attorneys for Car, Truck and Motorcycle Accidents, Personal Injuries, and Criminal Defense.","publisher":{"@id":"https:\/\/thehometownlawyers.com\/es\/#organization"},"alternateName":"Kruger & Hodges Personal Injury Lawyers","inLanguage":"es"},{"@type":"Organization","@id":"https:\/\/thehometownlawyers.com\/es\/#organization","name":"Kruger & Hodges Hometown Injury Lawyers","alternateName":"Kruger & Hodges","url":"https:\/\/thehometownlawyers.com\/es\/","logo":{"@type":"ImageObject","inLanguage":"es","@id":"https:\/\/thehometownlawyers.com\/es\/#\/schema\/logo\/image\/","url":"https:\/\/thehometownlawyers.com\/wp-content\/uploads\/2025\/12\/revised-kh-logo-vertical-white-background-scaled.png","contentUrl":"https:\/\/thehometownlawyers.com\/wp-content\/uploads\/2025\/12\/revised-kh-logo-vertical-white-background-scaled.png","width":2560,"height":1440,"caption":"Kruger & Hodges Hometown Injury Lawyers"},"image":{"@id":"https:\/\/thehometownlawyers.com\/es\/#\/schema\/logo\/image\/"},"sameAs":["https:\/\/www.facebook.com\/KrugerHodges\/","https:\/\/www.instagram.com\/krugerhodges\/","https:\/\/www.linkedin.com\/company\/kruger-hodges-hometown-injury-lawyers\/","https:\/\/www.youtube.com\/channel\/UCeYcMaMaN2rb9jMlqt4EIdQ","https:\/\/www.tiktok.com\/@thehometownlawyer"]}]}},"_links":{"self":[{"href":"https:\/\/thehometownlawyers.com\/es\/wp-json\/wp\/v2\/pages\/21187","targetHints":{"allow":["GET"]}}],"collection":[{"href":"https:\/\/thehometownlawyers.com\/es\/wp-json\/wp\/v2\/pages"}],"about":[{"href":"https:\/\/thehometownlawyers.com\/es\/wp-json\/wp\/v2\/types\/page"}],"author":[{"embeddable":true,"href":"https:\/\/thehometownlawyers.com\/es\/wp-json\/wp\/v2\/users\/7"}],"replies":[{"embeddable":true,"href":"https:\/\/thehometownlawyers.com\/es\/wp-json\/wp\/v2\/comments?post=21187"}],"version-history":[{"count":0,"href":"https:\/\/thehometownlawyers.com\/es\/wp-json\/wp\/v2\/pages\/21187\/revisions"}],"up":[{"embeddable":true,"href":"https:\/\/thehometownlawyers.com\/es\/wp-json\/wp\/v2\/pages\/21189"}],"wp:featuredmedia":[{"embeddable":true,"href":"https:\/\/thehometownlawyers.com\/es\/wp-json\/wp\/v2\/media\/24692"}],"wp:attachment":[{"href":"https:\/\/thehometownlawyers.com\/es\/wp-json\/wp\/v2\/media?parent=21187"}],"wp:term":[{"taxonomy":"hc_faqs","embeddable":true,"href":"https:\/\/thehometownlawyers.com\/es\/wp-json\/wp\/v2\/hc_faqs?post=21187"},{"taxonomy":"hc_spanish_faqs","embeddable":true,"href":"https:\/\/thehometownlawyers.com\/es\/wp-json\/wp\/v2\/hc_spanish_faqs?post=21187"}],"curies":[{"name":"wp","href":"https:\/\/api.w.org\/{rel}","templated":true}]}}