{"id":21188,"date":"2021-07-24T21:46:56","date_gmt":"2021-07-25T01:46:56","guid":{"rendered":"https:\/\/thehometownlawyers.com\/?page_id=21188"},"modified":"2025-04-03T13:48:56","modified_gmt":"2025-04-03T17:48:56","slug":"abogado-de-accidentes-de-semirremolques-miamisburg-ohio","status":"publish","type":"page","link":"https:\/\/thehometownlawyers.com\/es\/abogado-de-lesiones-personales-miamisburg-ohio\/abogado-de-accidentes-de-semirremolques-miamisburg-ohio\/","title":{"rendered":"Abogado de Accidentes de Semi en Miamisburg"},"content":{"rendered":"<h2>Accidentes de camiones en Miamisburg, Ohio<\/h2>\n<p>Una gran cantidad de camiones utilizan nuestras carreteras todos los d\u00edas, transportando cualquier cosa, desde suministros de construcci\u00f3n hasta equipos agr\u00edcolas y alimentos. Con todos esos camiones de transporte de carga en las carreteras, <a href=\"https:\/\/thehometownlawyers.com\/es\/\">el condado de Preble<\/a> , Ohio, ve una cantidad significativa de accidentes que involucran a estos veh\u00edculos comerciales. Una colisi\u00f3n que involucra a un cami\u00f3n grande es diferente a cualquier otro tipo de accidente de veh\u00edculo. Los semirremolques son m\u00e1s potentes, m\u00e1s pesados y m\u00e1s grandes que otros veh\u00edculos en la carretera. Si tiene un accidente con uno de estos, podr\u00eda sufrir da\u00f1os graves y a largo plazo.<\/p>\n<p class=\"rs-content-cta rs-content-cta-small\">Para una consulta legal gratuita, llame al <a href=\"tel:+15138943333\">513-894-3333 <\/a><\/p><h2>Tipos de accidentes de camiones<\/h2>\n<p>Un veh\u00edculo comercial puede estar involucrado en una variedad de diferentes tipos de accidentes de tr\u00e1fico. Debido a que los accidentes mayores a menudo pueden resultar en tragedias, es importante comprender algunos de los tipos de accidentes m\u00e1s frecuentes y c\u00f3mo ocurren. Una colisi\u00f3n lateral es el tipo de accidente m\u00e1s com\u00fan. Cuando un conductor de cami\u00f3n conduce imprudentemente, es m\u00e1s probable que ocurran estos incidentes. Los pasajeros del autom\u00f3vil m\u00e1s peque\u00f1o son particularmente vulnerables en este tipo de colisi\u00f3n.<\/p>\n<p>Los camiones comerciales tambi\u00e9n son propensos a sufrir accidentes traseros. Estos ocurren con frecuencia en carreteras congestionadas cuando un conductor intenta detenerse abruptamente. Si un semirremolque choca por detr\u00e1s con un veh\u00edculo de pasajeros, el impacto puede ser letal. Algunos choques de camiones ocurren como resultado de una carga incorrecta del cami\u00f3n. La carga puede moverse cuando el cami\u00f3n toma una curva r\u00e1pida o frena repentinamente. Esto hace que la carga se mueva sin darse cuenta, lo que hace que el cami\u00f3n se vuelque o se doble.<\/p>\n<p class=\"rs-content-cta\">Abogado de Accidente de Cami\u00f3n de Miamisburg Cerca de M\u00ed <a href=\"tel:+15138943333\">513-894-3333<\/a><\/p><h2>\u00bfQu\u00e9 causa los accidentes de camiones?<\/h2>\n<p>Los accidentes de camiones pueden ocurrir debido a una variedad de <a href=\"https:\/\/www.fmcsa.dot.gov\/safety\/research-and-analysis\/large-truck-crash-causation-study-analysis-brief\" target=\"_blank\" rel=\"noopener\">causas<\/a> . Debido a que los camiones son m\u00e1s grandes, las consecuencias de los accidentes suelen ser m\u00e1s mortales. Si bien algunas de estas colisiones pueden haber ocurrido debido a circunstancias fuera del control del conductor, la mayor\u00eda de ellas son consecuencia de la negligencia de alguien.<\/p>\n<ul>\n<li><b>Agotamiento:<\/b> los camiones se utilizan con frecuencia para transportar mercanc\u00edas a grandes distancias y realizan muchas entregas cada d\u00eda. Los camioneros tienen poco tiempo para detenerse y descansar. Pueden perder el sue\u00f1o como resultado de conducir hasta altas horas de la noche para cumplir con una fecha l\u00edmite. Algunos conductores tienden a perder el control de sus camiones como resultado de la fatiga.<\/li>\n<li><b>Drogas y alcohol:<\/b> Es bien sabido que las personas no deben conducir veh\u00edculos <a href=\"https:\/\/www.nhtsa.gov\/risky-driving\/drunk-driving\" target=\"_blank\" rel=\"noopener\">bajo la influencia<\/a> de drogas o alcohol, y los camiones no son una excepci\u00f3n. Debido a que algunos conductores tienen plazos y horarios ajustados, pueden consumir alcohol o medicamentos sin receta para mantenerse despiertos. Desafortunadamente, estas drogas aumentan la probabilidad de que est\u00e9n involucradas en accidentes fatales.<\/li>\n<li><b>Mantenimiento:<\/b> debido a que est\u00e1n constantemente en movimiento, algunos camioneros o compa\u00f1\u00edas de camiones ignoran el mantenimiento b\u00e1sico y la inspecci\u00f3n de equipos. Para decirlo sin rodeos, algunas empresas est\u00e1n de acuerdo con ignorar los protocolos de seguridad, siempre y cuando sus veh\u00edculos est\u00e9n en movimiento. Simplemente abordan cualquier problema que surja despu\u00e9s de una falla evidente, poniendo en peligro innumerables vidas en el camino.<\/li>\n<li><b>Exceso de velocidad:<\/b> los conductores de camiones pueden <a href=\"https:\/\/www.nhtsa.gov\/risky-driving\/speeding\" target=\"_blank\" rel=\"noopener\">conducir demasiado r\u00e1pido<\/a> cuando est\u00e1n en la carretera, especialmente cuando viajan tarde en la noche. Cuanto m\u00e1s r\u00e1pido vaya un cami\u00f3n grande, m\u00e1s tiempo tardar\u00e1 ese veh\u00edculo en detenerse por completo. Muchos accidentes de camiones se atribuyen al exceso de velocidad.<\/li>\n<\/ul>\n<p class=\"rs-content-cta rs-content-cta-small\"><a href=\"\/es\/contacto\/\">Haga clic para contactar<\/a> con nuestros accidente de cami\u00f3n abogados hoy<\/p><h2>Lesiones que resultan de accidentes de camiones<\/h2>\n<p>Las lesiones que ocurren en accidentes de camiones son, en promedio, extremadamente significativas. Los siguientes tipos de lesiones son causadas por accidentes que resultan en un impacto fuerte y r\u00e1pido en el cuerpo:<\/p>\n<ul>\n<li>Huesos rotos<\/li>\n<li>Lesiones en la cabeza, la espalda y el cuello<\/li>\n<li><a href=\"https:\/\/thehometownlawyers.com\/es\/\">Lesi\u00f3n cerebral traum\u00e1tica<\/a> (LCT)<\/li>\n<li>Par\u00e1lisis<\/li>\n<li>Heridas internas<\/li>\n<li>quemaduras<\/li>\n<\/ul>\n<p>Es fundamental que obtenga tratamiento m\u00e9dico lo antes posible despu\u00e9s de estar involucrado en un accidente automovil\u00edstico. Tanto f\u00edsica como psicol\u00f3gicamente, hay heridas que trascienden m\u00e1s all\u00e1 de lo que se puede ver con el ojo humano. Muchas de estas lesiones no aparecen de inmediato y, si no se tratan, pueden ser fatales. Lamentablemente, el trastorno de estr\u00e9s postraum\u00e1tico ( <a href=\"https:\/\/pmc.ncbi.nlm.nih.gov\/articles\/PMC2396820\/\" target=\"_blank\" rel=\"noopener\">TEPT<\/a> ) es bastante frecuente entre las v\u00edctimas de accidentes de camiones y debe ser tratado por un especialista lo antes posible.<\/p>\n<p class=\"rs-content-cta rs-content-cta-small\">Complete una <a href=\"\/es\/contacto\/\">evaluaci\u00f3n gratuita de su caso<\/a> ahora<\/p><h2>Qu\u00e9 hacer despu\u00e9s de un accidente de cami\u00f3n en Ohio<\/h2>\n<p>Si est\u00e1 involucrado en un accidente de cami\u00f3n, hay algunas cosas que debe hacer de inmediato. El primer paso y el m\u00e1s importante es encontrar un lugar seguro fuera de la l\u00ednea de tr\u00e1fico y lejos de cualquier autom\u00f3vil que pueda incendiarse. Una vez que est\u00e9s seguro, avisa a la polic\u00eda y a los servicios m\u00e9dicos de emergencia del accidente y espera a que lleguen al lugar.<\/p>\n<p>Puede conversar con el otro automovilista durante la espera para compartir informaci\u00f3n esencial, como registros de veh\u00edculos, placas e informaci\u00f3n de seguros. Tambi\u00e9n puede comenzar a tomar fotos del accidente para poder buscar una compensaci\u00f3n incluso si sus p\u00e9rdidas no son significativas.<\/p>\n<p>Cuando lleguen las autoridades, deber\u00e1 brindar una breve y veraz explicaci\u00f3n de lo ocurrido. Tenga en cuenta que esta ser\u00e1 su declaraci\u00f3n formal en caso de una demanda. En ning\u00fan caso debe confesar haber causado el accidente.<\/p>\n<p>Por supuesto, debe buscar atenci\u00f3n m\u00e9dica lo antes posible despu\u00e9s de la colisi\u00f3n. Si est\u00e1 gravemente herido, un EMT debe verlo en la escena. Aunque parezca que gozas de buena salud, siempre es una buena idea hacerse un chequeo lo antes posible para descartar problemas internos.<\/p>\n<h2>\u00bfEstuvo usted en un accidente de cami\u00f3n en Miamisburg, Ohio?<\/h2>\n<p>Encontrarse en un accidente de cami\u00f3n puede ser una experiencia aterradora y abrumadora. Lo normal es que si no sabes muy bien c\u00f3mo afrontarlo legalmente recibas una compensaci\u00f3n justa. Aqu\u00ed, <a href=\"https:\/\/thehometownlawyers.com\/es\/\">Kruger &amp; Hodges<\/a> puede ayudarlo a comprender mejor sus derechos despu\u00e9s de un accidente de cami\u00f3n. Gracias a nuestro equipo de abogados de lesiones personales de confianza, podemos ayudarlo a obtener una compensaci\u00f3n justa despu\u00e9s de su accidente de cami\u00f3n. No dude en ponerse en <a href=\"https:\/\/thehometownlawyers.com\/es\/contacto\/\">contacto con nosotros<\/a> para programar su evaluaci\u00f3n de caso gratuita y sin riesgo con nosotros hoy.<\/p>\n<p class=\"rs-content-cta rs-content-cta-small\">Llame o env\u00ede un mensaje de texto al <a href=\"tel:+15138943333\">513-894-3333<\/a> o complete una <a href=\"\/es\/contacto\/\">evaluaci\u00f3n gratuita de su caso<\/a><\/p>","protected":false},"excerpt":{"rendered":"<p>Accidentes de camiones en Miamisburg, Ohio Una gran cantidad de camiones utilizan nuestras carreteras todos los d\u00edas, transportando cualquier cosa, desde suministros de construcci\u00f3n hasta equipos agr\u00edcolas y alimentos. Con todos esos camiones de transporte de carga en las carreteras, el condado de Preble , Ohio, ve una cantidad significativa de accidentes que involucran a &#8230;<\/p>\n","protected":false},"author":7,"featured_media":24604,"parent":21179,"menu_order":0,"comment_status":"closed","ping_status":"closed","template":"","meta":{"_acf_changed":false,"inline_featured_image":false,"_genesis_hide_title":false,"_genesis_hide_breadcrumbs":false,"_genesis_hide_singular_image":false,"_genesis_hide_footer_widgets":false,"_genesis_custom_body_class":"","_genesis_custom_post_class":"","_genesis_layout":"","footnotes":""},"hc_faqs":[],"hc_spanish_faqs":[],"class_list":{"0":"post-21188","1":"page","2":"type-page","3":"status-publish","4":"has-post-thumbnail","6":"hc_city_location-miamisburg-es","7":"entry"},"acf":[],"yoast_head":"<!-- This site is optimized with the Yoast SEO plugin v27.3 - https:\/\/yoast.com\/product\/yoast-seo-wordpress\/ -->\n<title>Abogado de accidentes de semirremolques Miamisburg, Ohio: Consulta gratuita<\/title>\n<meta name=\"description\" content=\"Accidentes de camiones en Miamisburg, Ohio Una gran cantidad de camiones utilizan nuestras carreteras todos los d\u00edas, transportando cualquier cosa, desde\" \/>\n<meta name=\"robots\" content=\"index, follow, max-snippet:-1, max-image-preview:large, max-video-preview:-1\" \/>\n<link rel=\"canonical\" href=\"https:\/\/thehometownlawyers.com\/es\/abogado-de-lesiones-personales-miamisburg-ohio\/abogado-de-accidentes-de-semirremolques-miamisburg-ohio\/\" \/>\n<meta property=\"og:locale\" content=\"es_MX\" \/>\n<meta property=\"og:type\" content=\"article\" \/>\n<meta property=\"og:title\" content=\"Abogado de accidentes de semirremolques Miamisburg, Ohio: Consulta gratuita\" \/>\n<meta property=\"og:description\" content=\"Accidentes de camiones en Miamisburg, Ohio Una gran cantidad de camiones utilizan nuestras carreteras todos los d\u00edas, transportando cualquier cosa, desde\" \/>\n<meta property=\"og:url\" content=\"https:\/\/thehometownlawyers.com\/es\/abogado-de-lesiones-personales-miamisburg-ohio\/abogado-de-accidentes-de-semirremolques-miamisburg-ohio\/\" \/>\n<meta property=\"og:site_name\" content=\"Kruger &amp; Hodges Abogados De Lesiones\" \/>\n<meta property=\"article:publisher\" content=\"https:\/\/www.facebook.com\/KrugerHodges\/\" \/>\n<meta property=\"article:modified_time\" content=\"2025-04-03T17:48:56+00:00\" \/>\n<meta property=\"og:image\" content=\"https:\/\/thehometownlawyers.com\/wp-content\/uploads\/2025\/03\/miamisburg-ohio-abogado-de-accidentes-de-semirremolques.jpg\" \/>\n\t<meta property=\"og:image:width\" content=\"768\" \/>\n\t<meta property=\"og:image:height\" content=\"512\" \/>\n\t<meta property=\"og:image:type\" content=\"image\/jpeg\" \/>\n<meta name=\"twitter:card\" content=\"summary_large_image\" \/>\n<meta name=\"twitter:label1\" content=\"Tiempo de lectura\" \/>\n\t<meta name=\"twitter:data1\" content=\"5 minutos\" \/>\n<script type=\"application\/ld+json\" class=\"yoast-schema-graph\">{\"@context\":\"https:\\\/\\\/schema.org\",\"@graph\":[{\"@type\":\"WebPage\",\"@id\":\"https:\\\/\\\/thehometownlawyers.com\\\/es\\\/abogado-de-lesiones-personales-miamisburg-ohio\\\/abogado-de-accidentes-de-semirremolques-miamisburg-ohio\\\/\",\"url\":\"https:\\\/\\\/thehometownlawyers.com\\\/es\\\/abogado-de-lesiones-personales-miamisburg-ohio\\\/abogado-de-accidentes-de-semirremolques-miamisburg-ohio\\\/\",\"name\":\"Abogado de accidentes de semirremolques Miamisburg, Ohio: Consulta gratuita\",\"isPartOf\":{\"@id\":\"https:\\\/\\\/thehometownlawyers.com\\\/es\\\/#website\"},\"primaryImageOfPage\":{\"@id\":\"https:\\\/\\\/thehometownlawyers.com\\\/es\\\/abogado-de-lesiones-personales-miamisburg-ohio\\\/abogado-de-accidentes-de-semirremolques-miamisburg-ohio\\\/#primaryimage\"},\"image\":{\"@id\":\"https:\\\/\\\/thehometownlawyers.com\\\/es\\\/abogado-de-lesiones-personales-miamisburg-ohio\\\/abogado-de-accidentes-de-semirremolques-miamisburg-ohio\\\/#primaryimage\"},\"thumbnailUrl\":\"https:\\\/\\\/thehometownlawyers.com\\\/wp-content\\\/uploads\\\/2025\\\/03\\\/miamisburg-ohio-abogado-de-accidentes-de-semirremolques.jpg\",\"datePublished\":\"2021-07-25T01:46:56+00:00\",\"dateModified\":\"2025-04-03T17:48:56+00:00\",\"description\":\"Accidentes de camiones en Miamisburg, Ohio Una gran cantidad de camiones utilizan nuestras carreteras todos los d\u00edas, transportando cualquier cosa, desde\",\"breadcrumb\":{\"@id\":\"https:\\\/\\\/thehometownlawyers.com\\\/es\\\/abogado-de-lesiones-personales-miamisburg-ohio\\\/abogado-de-accidentes-de-semirremolques-miamisburg-ohio\\\/#breadcrumb\"},\"inLanguage\":\"es\",\"potentialAction\":[{\"@type\":\"ReadAction\",\"target\":[\"https:\\\/\\\/thehometownlawyers.com\\\/es\\\/abogado-de-lesiones-personales-miamisburg-ohio\\\/abogado-de-accidentes-de-semirremolques-miamisburg-ohio\\\/\"]}]},{\"@type\":\"ImageObject\",\"inLanguage\":\"es\",\"@id\":\"https:\\\/\\\/thehometownlawyers.com\\\/es\\\/abogado-de-lesiones-personales-miamisburg-ohio\\\/abogado-de-accidentes-de-semirremolques-miamisburg-ohio\\\/#primaryimage\",\"url\":\"https:\\\/\\\/thehometownlawyers.com\\\/wp-content\\\/uploads\\\/2025\\\/03\\\/miamisburg-ohio-abogado-de-accidentes-de-semirremolques.jpg\",\"contentUrl\":\"https:\\\/\\\/thehometownlawyers.com\\\/wp-content\\\/uploads\\\/2025\\\/03\\\/miamisburg-ohio-abogado-de-accidentes-de-semirremolques.jpg\",\"width\":768,\"height\":512,\"caption\":\"Industrial long hauler white big rig semi truck tractor with extended cab for truck driver rest transporting covered cargo on flat bed semi trailer driving on highway road along the Columbia river.\"},{\"@type\":\"BreadcrumbList\",\"@id\":\"https:\\\/\\\/thehometownlawyers.com\\\/es\\\/abogado-de-lesiones-personales-miamisburg-ohio\\\/abogado-de-accidentes-de-semirremolques-miamisburg-ohio\\\/#breadcrumb\",\"itemListElement\":[{\"@type\":\"ListItem\",\"position\":1,\"name\":\"Home\",\"item\":\"https:\\\/\\\/thehometownlawyers.com\\\/es\\\/\"},{\"@type\":\"ListItem\",\"position\":2,\"name\":\"Abogado de Lesiones Personales en Miamisburg\",\"item\":\"https:\\\/\\\/thehometownlawyers.com\\\/es\\\/abogado-de-lesiones-personales-miamisburg-ohio\\\/\"},{\"@type\":\"ListItem\",\"position\":3,\"name\":\"Abogado de Accidentes de Semi en Miamisburg\"}]},{\"@type\":\"WebSite\",\"@id\":\"https:\\\/\\\/thehometownlawyers.com\\\/es\\\/#website\",\"url\":\"https:\\\/\\\/thehometownlawyers.com\\\/es\\\/\",\"name\":\"Kruger & Hodges Hometown Injury Lawyers | Accident Attorneys\",\"description\":\"Attorneys for Car, Truck and Motorcycle Accidents, Personal Injuries, and Criminal Defense.\",\"publisher\":{\"@id\":\"https:\\\/\\\/thehometownlawyers.com\\\/es\\\/#organization\"},\"alternateName\":\"Kruger & Hodges Personal Injury Lawyers\",\"inLanguage\":\"es\"},{\"@type\":\"Organization\",\"@id\":\"https:\\\/\\\/thehometownlawyers.com\\\/es\\\/#organization\",\"name\":\"Kruger & Hodges Hometown Injury Lawyers\",\"alternateName\":\"Kruger & Hodges Accident Attorneys\",\"url\":\"https:\\\/\\\/thehometownlawyers.com\\\/es\\\/\",\"logo\":{\"@type\":\"ImageObject\",\"inLanguage\":\"es\",\"@id\":\"https:\\\/\\\/thehometownlawyers.com\\\/es\\\/#\\\/schema\\\/logo\\\/image\\\/\",\"url\":\"https:\\\/\\\/thehometownlawyers.com\\\/wp-content\\\/uploads\\\/2025\\\/12\\\/revised-kh-logo-vertical-white-background-scaled.png\",\"contentUrl\":\"https:\\\/\\\/thehometownlawyers.com\\\/wp-content\\\/uploads\\\/2025\\\/12\\\/revised-kh-logo-vertical-white-background-scaled.png\",\"width\":2560,\"height\":1440,\"caption\":\"Kruger & Hodges Hometown Injury Lawyers\"},\"image\":{\"@id\":\"https:\\\/\\\/thehometownlawyers.com\\\/es\\\/#\\\/schema\\\/logo\\\/image\\\/\"},\"sameAs\":[\"https:\\\/\\\/www.facebook.com\\\/KrugerHodges\\\/\",\"https:\\\/\\\/www.instagram.com\\\/krugerhodges\\\/\",\"https:\\\/\\\/www.linkedin.com\\\/company\\\/kruger-hodges-hometown-injury-lawyers\\\/\",\"https:\\\/\\\/www.youtube.com\\\/channel\\\/UCeYcMaMaN2rb9jMlqt4EIdQ\",\"https:\\\/\\\/www.tiktok.com\\\/@thehometownlawyer\"]}]}<\/script>\n<!-- \/ Yoast SEO plugin. -->","yoast_head_json":{"title":"Abogado de accidentes de semirremolques Miamisburg, Ohio: Consulta gratuita","description":"Accidentes de camiones en Miamisburg, Ohio Una gran cantidad de camiones utilizan nuestras carreteras todos los d\u00edas, transportando cualquier cosa, desde","robots":{"index":"index","follow":"follow","max-snippet":"max-snippet:-1","max-image-preview":"max-image-preview:large","max-video-preview":"max-video-preview:-1"},"canonical":"https:\/\/thehometownlawyers.com\/es\/abogado-de-lesiones-personales-miamisburg-ohio\/abogado-de-accidentes-de-semirremolques-miamisburg-ohio\/","og_locale":"es_MX","og_type":"article","og_title":"Abogado de accidentes de semirremolques Miamisburg, Ohio: Consulta gratuita","og_description":"Accidentes de camiones en Miamisburg, Ohio Una gran cantidad de camiones utilizan nuestras carreteras todos los d\u00edas, transportando cualquier cosa, desde","og_url":"https:\/\/thehometownlawyers.com\/es\/abogado-de-lesiones-personales-miamisburg-ohio\/abogado-de-accidentes-de-semirremolques-miamisburg-ohio\/","og_site_name":"Kruger &amp; Hodges Abogados De Lesiones","article_publisher":"https:\/\/www.facebook.com\/KrugerHodges\/","article_modified_time":"2025-04-03T17:48:56+00:00","og_image":[{"width":768,"height":512,"url":"https:\/\/thehometownlawyers.com\/wp-content\/uploads\/2025\/03\/miamisburg-ohio-abogado-de-accidentes-de-semirremolques.jpg","type":"image\/jpeg"}],"twitter_card":"summary_large_image","twitter_misc":{"Tiempo de lectura":"5 minutos"},"schema":{"@context":"https:\/\/schema.org","@graph":[{"@type":"WebPage","@id":"https:\/\/thehometownlawyers.com\/es\/abogado-de-lesiones-personales-miamisburg-ohio\/abogado-de-accidentes-de-semirremolques-miamisburg-ohio\/","url":"https:\/\/thehometownlawyers.com\/es\/abogado-de-lesiones-personales-miamisburg-ohio\/abogado-de-accidentes-de-semirremolques-miamisburg-ohio\/","name":"Abogado de accidentes de semirremolques Miamisburg, Ohio: Consulta gratuita","isPartOf":{"@id":"https:\/\/thehometownlawyers.com\/es\/#website"},"primaryImageOfPage":{"@id":"https:\/\/thehometownlawyers.com\/es\/abogado-de-lesiones-personales-miamisburg-ohio\/abogado-de-accidentes-de-semirremolques-miamisburg-ohio\/#primaryimage"},"image":{"@id":"https:\/\/thehometownlawyers.com\/es\/abogado-de-lesiones-personales-miamisburg-ohio\/abogado-de-accidentes-de-semirremolques-miamisburg-ohio\/#primaryimage"},"thumbnailUrl":"https:\/\/thehometownlawyers.com\/wp-content\/uploads\/2025\/03\/miamisburg-ohio-abogado-de-accidentes-de-semirremolques.jpg","datePublished":"2021-07-25T01:46:56+00:00","dateModified":"2025-04-03T17:48:56+00:00","description":"Accidentes de camiones en Miamisburg, Ohio Una gran cantidad de camiones utilizan nuestras carreteras todos los d\u00edas, transportando cualquier cosa, desde","breadcrumb":{"@id":"https:\/\/thehometownlawyers.com\/es\/abogado-de-lesiones-personales-miamisburg-ohio\/abogado-de-accidentes-de-semirremolques-miamisburg-ohio\/#breadcrumb"},"inLanguage":"es","potentialAction":[{"@type":"ReadAction","target":["https:\/\/thehometownlawyers.com\/es\/abogado-de-lesiones-personales-miamisburg-ohio\/abogado-de-accidentes-de-semirremolques-miamisburg-ohio\/"]}]},{"@type":"ImageObject","inLanguage":"es","@id":"https:\/\/thehometownlawyers.com\/es\/abogado-de-lesiones-personales-miamisburg-ohio\/abogado-de-accidentes-de-semirremolques-miamisburg-ohio\/#primaryimage","url":"https:\/\/thehometownlawyers.com\/wp-content\/uploads\/2025\/03\/miamisburg-ohio-abogado-de-accidentes-de-semirremolques.jpg","contentUrl":"https:\/\/thehometownlawyers.com\/wp-content\/uploads\/2025\/03\/miamisburg-ohio-abogado-de-accidentes-de-semirremolques.jpg","width":768,"height":512,"caption":"Industrial long hauler white big rig semi truck tractor with extended cab for truck driver rest transporting covered cargo on flat bed semi trailer driving on highway road along the Columbia river."},{"@type":"BreadcrumbList","@id":"https:\/\/thehometownlawyers.com\/es\/abogado-de-lesiones-personales-miamisburg-ohio\/abogado-de-accidentes-de-semirremolques-miamisburg-ohio\/#breadcrumb","itemListElement":[{"@type":"ListItem","position":1,"name":"Home","item":"https:\/\/thehometownlawyers.com\/es\/"},{"@type":"ListItem","position":2,"name":"Abogado de Lesiones Personales en Miamisburg","item":"https:\/\/thehometownlawyers.com\/es\/abogado-de-lesiones-personales-miamisburg-ohio\/"},{"@type":"ListItem","position":3,"name":"Abogado de Accidentes de Semi en Miamisburg"}]},{"@type":"WebSite","@id":"https:\/\/thehometownlawyers.com\/es\/#website","url":"https:\/\/thehometownlawyers.com\/es\/","name":"Kruger & Hodges Hometown Injury Lawyers | Accident Attorneys","description":"Attorneys for Car, Truck and Motorcycle Accidents, Personal Injuries, and Criminal Defense.","publisher":{"@id":"https:\/\/thehometownlawyers.com\/es\/#organization"},"alternateName":"Kruger & Hodges Personal Injury Lawyers","inLanguage":"es"},{"@type":"Organization","@id":"https:\/\/thehometownlawyers.com\/es\/#organization","name":"Kruger & Hodges Hometown Injury Lawyers","alternateName":"Kruger & Hodges Accident Attorneys","url":"https:\/\/thehometownlawyers.com\/es\/","logo":{"@type":"ImageObject","inLanguage":"es","@id":"https:\/\/thehometownlawyers.com\/es\/#\/schema\/logo\/image\/","url":"https:\/\/thehometownlawyers.com\/wp-content\/uploads\/2025\/12\/revised-kh-logo-vertical-white-background-scaled.png","contentUrl":"https:\/\/thehometownlawyers.com\/wp-content\/uploads\/2025\/12\/revised-kh-logo-vertical-white-background-scaled.png","width":2560,"height":1440,"caption":"Kruger & Hodges Hometown Injury Lawyers"},"image":{"@id":"https:\/\/thehometownlawyers.com\/es\/#\/schema\/logo\/image\/"},"sameAs":["https:\/\/www.facebook.com\/KrugerHodges\/","https:\/\/www.instagram.com\/krugerhodges\/","https:\/\/www.linkedin.com\/company\/kruger-hodges-hometown-injury-lawyers\/","https:\/\/www.youtube.com\/channel\/UCeYcMaMaN2rb9jMlqt4EIdQ","https:\/\/www.tiktok.com\/@thehometownlawyer"]}]}},"_links":{"self":[{"href":"https:\/\/thehometownlawyers.com\/es\/wp-json\/wp\/v2\/pages\/21188","targetHints":{"allow":["GET"]}}],"collection":[{"href":"https:\/\/thehometownlawyers.com\/es\/wp-json\/wp\/v2\/pages"}],"about":[{"href":"https:\/\/thehometownlawyers.com\/es\/wp-json\/wp\/v2\/types\/page"}],"author":[{"embeddable":true,"href":"https:\/\/thehometownlawyers.com\/es\/wp-json\/wp\/v2\/users\/7"}],"replies":[{"embeddable":true,"href":"https:\/\/thehometownlawyers.com\/es\/wp-json\/wp\/v2\/comments?post=21188"}],"version-history":[{"count":0,"href":"https:\/\/thehometownlawyers.com\/es\/wp-json\/wp\/v2\/pages\/21188\/revisions"}],"up":[{"embeddable":true,"href":"https:\/\/thehometownlawyers.com\/es\/wp-json\/wp\/v2\/pages\/21179"}],"wp:featuredmedia":[{"embeddable":true,"href":"https:\/\/thehometownlawyers.com\/es\/wp-json\/wp\/v2\/media\/24604"}],"wp:attachment":[{"href":"https:\/\/thehometownlawyers.com\/es\/wp-json\/wp\/v2\/media?parent=21188"}],"wp:term":[{"taxonomy":"hc_faqs","embeddable":true,"href":"https:\/\/thehometownlawyers.com\/es\/wp-json\/wp\/v2\/hc_faqs?post=21188"},{"taxonomy":"hc_spanish_faqs","embeddable":true,"href":"https:\/\/thehometownlawyers.com\/es\/wp-json\/wp\/v2\/hc_spanish_faqs?post=21188"}],"curies":[{"name":"wp","href":"https:\/\/api.w.org\/{rel}","templated":true}]}}