{"id":21189,"date":"2021-07-25T00:10:50","date_gmt":"2021-07-25T04:10:50","guid":{"rendered":"https:\/\/thehometownlawyers.com\/?page_id=21189"},"modified":"2025-02-17T15:16:55","modified_gmt":"2025-02-17T20:16:55","slug":"abogado-de-lesiones-del-condado-de-darke-ohio","status":"publish","type":"page","link":"https:\/\/thehometownlawyers.com\/es\/abogado-de-lesiones-del-condado-de-darke-ohio\/","title":{"rendered":"Abogado de Lesiones Personales en Darke County"},"content":{"rendered":"<h2>Lesiones personales en el condado de Darke, Ohio<\/h2>\n<p>La ley de lesiones personales cubre un amplio espectro de accidentes y lesiones, lo que lo convierte en un campo extremadamente amplio y diverso en el que cada caso difiere mucho del siguiente. Sin embargo, la mayor\u00eda de las leyes y reglamentos aplicados a los casos son muy similares, raz\u00f3n por la cual estos casos se agrupan en un solo campo.<\/p>\n<p>Las leyes estatales de Ohio definen las lesiones personales como el <a href=\"https:\/\/codes.ohio.gov\/ohio-revised-code\/section-2305.10\" target=\"_blank\" rel=\"noopener\">da\u00f1o f\u00edsico, la p\u00e9rdida o el da\u00f1o<\/a> causado a una persona o propiedad debido a la negligencia de otra persona. Dependiendo de la gravedad de la situaci\u00f3n, el asunto puede ser resuelto por la compa\u00f1\u00eda de seguros del demandado, o puede proceder a la corte para una acci\u00f3n adicional y una compensaci\u00f3n m\u00e1s adecuada.<\/p>\n<p>Sin embargo, una cosa que vale la pena se\u00f1alar es que los reclamos por lesiones personales deben presentarse dentro de los dos a\u00f1os posteriores a la ocurrencia del incidente. Si el demandante es menor de edad, el caso debe presentarse dentro de los dos a\u00f1os posteriores a que el menor cumpla 18 a\u00f1os de edad.<\/p>\n<p class=\"rs-content-cta rs-content-cta-small\">Para una consulta legal gratuita, llame al <a href=\"tel:+15138943333\">513-894-3333 <\/a><\/p><h2>\u00bfCu\u00e1les son los diferentes tipos de casos que cubren las leyes de lesiones personales?<\/h2>\n<p>El volumen de casos de lesiones personales se puede analizar con la ayuda de una sola estad\u00edstica. Solo en 2019, EE. UU. experiment\u00f3 <a href=\"https:\/\/injuryfacts.nsc.org\/\" target=\"_blank\" rel=\"noopener\">48,3 millones de lesiones<\/a> . Por lo tanto, los casos se dividen en varios subtipos comunes para ser tratados de manera m\u00e1s adecuada. Los tipos m\u00e1s comunes de casos de lesiones personales incluyen:<\/p>\n<ul>\n<li><strong>Accidentes Automotrices:<\/strong> Estos accidentes incluyen choques automovil\u00edsticos, accidentes de motocicletas, accidentes de camiones, etc. Esencialmente, todos los accidentes que involucran autom\u00f3viles se clasifican en esta subcategor\u00eda. Ohio es un estado culpable. Esto significa que el demandante tendr\u00e1 que obtener una compensaci\u00f3n de la compa\u00f1\u00eda de seguros del conductor culpable del accidente. Estos casos generalmente se resuelven fuera de los tribunales a menos que las lesiones sufridas o el da\u00f1o causado sean catastr\u00f3ficos.<\/li>\n<li><strong>Negligencia m\u00e9dica:<\/strong> Los casos que implican lesiones o muerte de una persona debido a la negligencia del hospital o del m\u00e9dico de la persona se denominan negligencia m\u00e9dica. En estos casos, no solo el m\u00e9dico\/hospital en cuesti\u00f3n tendr\u00e1 que indemnizarlo, sino que tambi\u00e9n se suspender\u00e1 su licencia o, en casos graves, se revocar\u00e1.<\/li>\n<li><strong>Mordeduras de animales :<\/strong> las lesiones o muertes causadas por animales de refugio o mascotas est\u00e1n cubiertas por este subtema. Las mordeduras de perros, mordeduras de serpientes, picaduras, etc. est\u00e1n todas incluidas aqu\u00ed. Si el animal tiene due\u00f1o o est\u00e1 bajo la protecci\u00f3n de las autoridades locales, ser\u00e1n ellas las encargadas de indemnizarte siempre que puedas demostrar que la lesi\u00f3n fue causada por <a href=\"https:\/\/www.webmd.com\/pets\/dogs\/dog-bites\" target=\"_blank\" rel=\"noopener\">un descuido del due\u00f1o<\/a> y t\u00fa no tuviste participaci\u00f3n en agitar al animal.<\/li>\n<li><strong>Responsabilidades del producto\/defectos del producto:<\/strong> si sufre da\u00f1os por un producto defectuoso o un producto que tiene responsabilidades (por ejemplo, juguetes que tienen bordes afilados pero no tienen una advertencia), puede presentar un reclamo por lesiones personales contra el fabricante para recibir una compensaci\u00f3n. por ellos.<\/li>\n<li><strong>Lesiones en el lugar de trabajo y responsabilidad de las instalaciones:<\/strong> si sufre una lesi\u00f3n causada principalmente por una falla en la geograf\u00eda\/construcci\u00f3n de la ubicaci\u00f3n, la falla se considera una responsabilidad de las instalaciones y el propietario de la ubicaci\u00f3n tendr\u00e1 que compensarlo por su lesi\u00f3n.<\/li>\n<li><strong>Envenenamiento por alimentos:<\/strong> si una persona tiene una reacci\u00f3n al\u00e9rgica o un <a href=\"https:\/\/www.mayoclinic.org\/diseases-conditions\/food-poisoning\/symptoms-causes\/syc-20356230\" target=\"_blank\" rel=\"noopener\">problema digestivo<\/a> causado por la comida que consumi\u00f3 en la casa de otra persona o en un restaurante, a pesar de que el chef es plenamente consciente de las alergias del demandante, se considerar\u00e1 que tiene la culpa. condici\u00f3n.<\/li>\n<li><strong>Accidentes de Camiones <\/strong><\/li>\n<\/ul>\n<p class=\"rs-content-cta\">Abogado de Lesiones Personales de Darke County Cerca de M\u00ed <a href=\"tel:+15138943333\">513-894-3333<\/a><\/p><h2>\u00bfQu\u00e9 debe hacer si se lesiona o tiene un accidente?<\/h2>\n<p>Si tiene un accidente o sufre una lesi\u00f3n por la cual claramente no tiene la culpa, su primer paso siempre debe ser:<\/p>\n<ul>\n<li>Revisa tu entorno. Si fue un accidente automovil\u00edstico, mira el n\u00famero de placa del auto y recuerda tantos detalles como puedas.<\/li>\n<li>Reciba atenci\u00f3n m\u00e9dica para sus lesiones de inmediato.<\/li>\n<li>Reunir evidencias. Esto podr\u00eda ser en forma de registros m\u00e9dicos o problemas de prescripci\u00f3n para que usted trate su lesi\u00f3n en particular, fotograf\u00edas de sus lesiones y del lugar del accidente y otros documentos legalmente aceptables que pueden usarse como evidencia para fortalecer su caso.<\/li>\n<li>Habla con el que caus\u00f3 el accidente. Si la persona que lo hizo regres\u00f3 para ayudarlo, ambos deben hablar entre s\u00ed para llegar a una soluci\u00f3n adecuada. Sin embargo, si planea llevar las cosas a los tribunales, NUNCA debe aceptar ninguna ayuda financiera. En la corte, esto podr\u00eda hacer que parezca que el problema se resolvi\u00f3 de antemano con el dinero que la persona le dio por el problema.<\/li>\n<li>Si la persona que lo lastim\u00f3 no regres\u00f3, entonces comun\u00edquese con la polic\u00eda y presente un informe. De esta manera, pueden comenzar a rastrear a esa persona para que puedas llevarlos ante la justicia.<\/li>\n<\/ul>\n<p class=\"rs-content-cta rs-content-cta-small\"><a href=\"\/es\/contacto\/\">Haga clic para contactar<\/a> con nuestros lesiones personales abogados hoy<\/p><h2>\u00bfSe ha lesionado en el condado de Darke, Ohio?<\/h2>\n<p>En la corte, deber\u00e1 representarse a s\u00ed mismo o tener a alguien que lo represente. Si bien lo primero es posible, la ley es lo suficientemente profunda como para confundir a la mayor\u00eda de las personas. En <a href=\"https:\/\/thehometownlawyers.com\/es\/\">Kruger &amp; Hodges<\/a> , nuestro equipo de lesiones personales siempre est\u00e1 listo para ayudarlo en momentos como estos. Puede <a href=\"https:\/\/thehometownlawyers.com\/es\/contacto\/\">comunicarse<\/a> con nosotros para que podamos trabajar juntos y hacer que luche la batalla legal por su compensaci\u00f3n.<\/p>\n<p class=\"rs-content-cta rs-content-cta-small\">Llame o env\u00ede un mensaje de texto al <a href=\"tel:+15138943333\">513-894-3333<\/a> o complete una <a href=\"\/es\/contacto\/\">evaluaci\u00f3n gratuita de su caso<\/a><\/p>","protected":false},"excerpt":{"rendered":"<p>Lesiones personales en el condado de Darke, Ohio La ley de lesiones personales cubre un amplio espectro de accidentes y lesiones, lo que lo convierte en un campo extremadamente amplio y diverso en el que cada caso difiere mucho del siguiente. Sin embargo, la mayor\u00eda de las leyes y reglamentos aplicados a los casos son &#8230;<\/p>\n","protected":false},"author":7,"featured_media":20730,"parent":0,"menu_order":0,"comment_status":"closed","ping_status":"closed","template":"","meta":{"_acf_changed":false,"inline_featured_image":false,"_genesis_hide_title":false,"_genesis_hide_breadcrumbs":false,"_genesis_hide_singular_image":false,"_genesis_hide_footer_widgets":false,"_genesis_custom_body_class":"","_genesis_custom_post_class":"","_genesis_layout":"","footnotes":""},"hc_faqs":[],"hc_spanish_faqs":[],"class_list":{"0":"post-21189","1":"page","2":"type-page","3":"status-publish","4":"has-post-thumbnail","6":"hc_city_location-darke-county-es","7":"entry"},"acf":[],"yoast_head":"<!-- This site is optimized with the Yoast SEO plugin v27.4 - https:\/\/yoast.com\/product\/yoast-seo-wordpress\/ -->\n<title>Abogado de Lesiones Personales en Darke County | Consulta Gratuita<\/title>\n<meta name=\"description\" content=\"Abogado de Lesiones Personales en Darke Coutny: Luchamos por una compensaci\u00f3n justa en nombre de las familias. Consultas gratuitas. Llama hoy\" \/>\n<meta name=\"robots\" content=\"index, follow, max-snippet:-1, max-image-preview:large, max-video-preview:-1\" \/>\n<link rel=\"canonical\" href=\"https:\/\/thehometownlawyers.com\/es\/abogado-de-lesiones-del-condado-de-darke-ohio\/\" \/>\n<meta property=\"og:locale\" content=\"es_MX\" \/>\n<meta property=\"og:type\" content=\"article\" \/>\n<meta property=\"og:title\" content=\"Abogado de Lesiones Personales en Darke County | Consulta Gratuita\" \/>\n<meta property=\"og:description\" content=\"Abogado de Lesiones Personales en Darke Coutny: Luchamos por una compensaci\u00f3n justa en nombre de las familias. Consultas gratuitas. Llama hoy\" \/>\n<meta property=\"og:url\" content=\"https:\/\/thehometownlawyers.com\/es\/abogado-de-lesiones-del-condado-de-darke-ohio\/\" \/>\n<meta property=\"og:site_name\" content=\"Kruger &amp; Hodges Abogados De Lesiones\" \/>\n<meta property=\"article:publisher\" content=\"https:\/\/www.facebook.com\/KrugerHodges\/\" \/>\n<meta property=\"article:modified_time\" content=\"2025-02-17T20:16:55+00:00\" \/>\n<meta property=\"og:image\" content=\"https:\/\/thehometownlawyers.com\/wp-content\/uploads\/2019\/01\/Leg-Injury-Photo.jpeg\" \/>\n\t<meta property=\"og:image:width\" content=\"640\" \/>\n\t<meta property=\"og:image:height\" content=\"426\" \/>\n\t<meta property=\"og:image:type\" content=\"image\/jpeg\" \/>\n<meta name=\"twitter:card\" content=\"summary_large_image\" \/>\n<meta name=\"twitter:label1\" content=\"Tiempo de lectura\" \/>\n\t<meta name=\"twitter:data1\" content=\"5 minutos\" \/>\n<script type=\"application\/ld+json\" class=\"yoast-schema-graph\">{\"@context\":\"https:\\\/\\\/schema.org\",\"@graph\":[{\"@type\":\"WebPage\",\"@id\":\"https:\\\/\\\/thehometownlawyers.com\\\/es\\\/abogado-de-lesiones-del-condado-de-darke-ohio\\\/\",\"url\":\"https:\\\/\\\/thehometownlawyers.com\\\/es\\\/abogado-de-lesiones-del-condado-de-darke-ohio\\\/\",\"name\":\"Abogado de Lesiones Personales en Darke County | Consulta Gratuita\",\"isPartOf\":{\"@id\":\"https:\\\/\\\/thehometownlawyers.com\\\/es\\\/#website\"},\"primaryImageOfPage\":{\"@id\":\"https:\\\/\\\/thehometownlawyers.com\\\/es\\\/abogado-de-lesiones-del-condado-de-darke-ohio\\\/#primaryimage\"},\"image\":{\"@id\":\"https:\\\/\\\/thehometownlawyers.com\\\/es\\\/abogado-de-lesiones-del-condado-de-darke-ohio\\\/#primaryimage\"},\"thumbnailUrl\":\"https:\\\/\\\/thehometownlawyers.com\\\/wp-content\\\/uploads\\\/2019\\\/01\\\/Leg-Injury-Photo.jpeg\",\"datePublished\":\"2021-07-25T04:10:50+00:00\",\"dateModified\":\"2025-02-17T20:16:55+00:00\",\"description\":\"Abogado de Lesiones Personales en Darke Coutny: Luchamos por una compensaci\u00f3n justa en nombre de las familias. Consultas gratuitas. Llama hoy\",\"breadcrumb\":{\"@id\":\"https:\\\/\\\/thehometownlawyers.com\\\/es\\\/abogado-de-lesiones-del-condado-de-darke-ohio\\\/#breadcrumb\"},\"inLanguage\":\"es\",\"potentialAction\":[{\"@type\":\"ReadAction\",\"target\":[\"https:\\\/\\\/thehometownlawyers.com\\\/es\\\/abogado-de-lesiones-del-condado-de-darke-ohio\\\/\"]}]},{\"@type\":\"ImageObject\",\"inLanguage\":\"es\",\"@id\":\"https:\\\/\\\/thehometownlawyers.com\\\/es\\\/abogado-de-lesiones-del-condado-de-darke-ohio\\\/#primaryimage\",\"url\":\"https:\\\/\\\/thehometownlawyers.com\\\/wp-content\\\/uploads\\\/2019\\\/01\\\/Leg-Injury-Photo.jpeg\",\"contentUrl\":\"https:\\\/\\\/thehometownlawyers.com\\\/wp-content\\\/uploads\\\/2019\\\/01\\\/Leg-Injury-Photo.jpeg\",\"width\":640,\"height\":426,\"caption\":\"Abogado de lesiones personales Condado de Darke, Ohio\"},{\"@type\":\"BreadcrumbList\",\"@id\":\"https:\\\/\\\/thehometownlawyers.com\\\/es\\\/abogado-de-lesiones-del-condado-de-darke-ohio\\\/#breadcrumb\",\"itemListElement\":[{\"@type\":\"ListItem\",\"position\":1,\"name\":\"Home\",\"item\":\"https:\\\/\\\/thehometownlawyers.com\\\/es\\\/\"},{\"@type\":\"ListItem\",\"position\":2,\"name\":\"Abogado de Lesiones Personales en Darke County\"}]},{\"@type\":\"WebSite\",\"@id\":\"https:\\\/\\\/thehometownlawyers.com\\\/es\\\/#website\",\"url\":\"https:\\\/\\\/thehometownlawyers.com\\\/es\\\/\",\"name\":\"Kruger & Hodges Hometown Injury Lawyers | Accident Attorneys\",\"description\":\"Attorneys for Car, Truck and Motorcycle Accidents, Personal Injuries, and Criminal Defense.\",\"publisher\":{\"@id\":\"https:\\\/\\\/thehometownlawyers.com\\\/es\\\/#organization\"},\"alternateName\":\"Kruger & Hodges Personal Injury Lawyers\",\"inLanguage\":\"es\"},{\"@type\":\"Organization\",\"@id\":\"https:\\\/\\\/thehometownlawyers.com\\\/es\\\/#organization\",\"name\":\"Kruger & Hodges Hometown Injury Lawyers\",\"alternateName\":\"Kruger & Hodges\",\"url\":\"https:\\\/\\\/thehometownlawyers.com\\\/es\\\/\",\"logo\":{\"@type\":\"ImageObject\",\"inLanguage\":\"es\",\"@id\":\"https:\\\/\\\/thehometownlawyers.com\\\/es\\\/#\\\/schema\\\/logo\\\/image\\\/\",\"url\":\"https:\\\/\\\/thehometownlawyers.com\\\/wp-content\\\/uploads\\\/2025\\\/12\\\/revised-kh-logo-vertical-white-background-scaled.png\",\"contentUrl\":\"https:\\\/\\\/thehometownlawyers.com\\\/wp-content\\\/uploads\\\/2025\\\/12\\\/revised-kh-logo-vertical-white-background-scaled.png\",\"width\":2560,\"height\":1440,\"caption\":\"Kruger & Hodges Hometown Injury Lawyers\"},\"image\":{\"@id\":\"https:\\\/\\\/thehometownlawyers.com\\\/es\\\/#\\\/schema\\\/logo\\\/image\\\/\"},\"sameAs\":[\"https:\\\/\\\/www.facebook.com\\\/KrugerHodges\\\/\",\"https:\\\/\\\/www.instagram.com\\\/krugerhodges\\\/\",\"https:\\\/\\\/www.linkedin.com\\\/company\\\/kruger-hodges-hometown-injury-lawyers\\\/\",\"https:\\\/\\\/www.youtube.com\\\/channel\\\/UCeYcMaMaN2rb9jMlqt4EIdQ\",\"https:\\\/\\\/www.tiktok.com\\\/@thehometownlawyer\"]}]}<\/script>\n<!-- \/ Yoast SEO plugin. -->","yoast_head_json":{"title":"Abogado de Lesiones Personales en Darke County | Consulta Gratuita","description":"Abogado de Lesiones Personales en Darke Coutny: Luchamos por una compensaci\u00f3n justa en nombre de las familias. Consultas gratuitas. Llama hoy","robots":{"index":"index","follow":"follow","max-snippet":"max-snippet:-1","max-image-preview":"max-image-preview:large","max-video-preview":"max-video-preview:-1"},"canonical":"https:\/\/thehometownlawyers.com\/es\/abogado-de-lesiones-del-condado-de-darke-ohio\/","og_locale":"es_MX","og_type":"article","og_title":"Abogado de Lesiones Personales en Darke County | Consulta Gratuita","og_description":"Abogado de Lesiones Personales en Darke Coutny: Luchamos por una compensaci\u00f3n justa en nombre de las familias. Consultas gratuitas. Llama hoy","og_url":"https:\/\/thehometownlawyers.com\/es\/abogado-de-lesiones-del-condado-de-darke-ohio\/","og_site_name":"Kruger &amp; Hodges Abogados De Lesiones","article_publisher":"https:\/\/www.facebook.com\/KrugerHodges\/","article_modified_time":"2025-02-17T20:16:55+00:00","og_image":[{"width":640,"height":426,"url":"https:\/\/thehometownlawyers.com\/wp-content\/uploads\/2019\/01\/Leg-Injury-Photo.jpeg","type":"image\/jpeg"}],"twitter_card":"summary_large_image","twitter_misc":{"Tiempo de lectura":"5 minutos"},"schema":{"@context":"https:\/\/schema.org","@graph":[{"@type":"WebPage","@id":"https:\/\/thehometownlawyers.com\/es\/abogado-de-lesiones-del-condado-de-darke-ohio\/","url":"https:\/\/thehometownlawyers.com\/es\/abogado-de-lesiones-del-condado-de-darke-ohio\/","name":"Abogado de Lesiones Personales en Darke County | Consulta Gratuita","isPartOf":{"@id":"https:\/\/thehometownlawyers.com\/es\/#website"},"primaryImageOfPage":{"@id":"https:\/\/thehometownlawyers.com\/es\/abogado-de-lesiones-del-condado-de-darke-ohio\/#primaryimage"},"image":{"@id":"https:\/\/thehometownlawyers.com\/es\/abogado-de-lesiones-del-condado-de-darke-ohio\/#primaryimage"},"thumbnailUrl":"https:\/\/thehometownlawyers.com\/wp-content\/uploads\/2019\/01\/Leg-Injury-Photo.jpeg","datePublished":"2021-07-25T04:10:50+00:00","dateModified":"2025-02-17T20:16:55+00:00","description":"Abogado de Lesiones Personales en Darke Coutny: Luchamos por una compensaci\u00f3n justa en nombre de las familias. Consultas gratuitas. Llama hoy","breadcrumb":{"@id":"https:\/\/thehometownlawyers.com\/es\/abogado-de-lesiones-del-condado-de-darke-ohio\/#breadcrumb"},"inLanguage":"es","potentialAction":[{"@type":"ReadAction","target":["https:\/\/thehometownlawyers.com\/es\/abogado-de-lesiones-del-condado-de-darke-ohio\/"]}]},{"@type":"ImageObject","inLanguage":"es","@id":"https:\/\/thehometownlawyers.com\/es\/abogado-de-lesiones-del-condado-de-darke-ohio\/#primaryimage","url":"https:\/\/thehometownlawyers.com\/wp-content\/uploads\/2019\/01\/Leg-Injury-Photo.jpeg","contentUrl":"https:\/\/thehometownlawyers.com\/wp-content\/uploads\/2019\/01\/Leg-Injury-Photo.jpeg","width":640,"height":426,"caption":"Abogado de lesiones personales Condado de Darke, Ohio"},{"@type":"BreadcrumbList","@id":"https:\/\/thehometownlawyers.com\/es\/abogado-de-lesiones-del-condado-de-darke-ohio\/#breadcrumb","itemListElement":[{"@type":"ListItem","position":1,"name":"Home","item":"https:\/\/thehometownlawyers.com\/es\/"},{"@type":"ListItem","position":2,"name":"Abogado de Lesiones Personales en Darke County"}]},{"@type":"WebSite","@id":"https:\/\/thehometownlawyers.com\/es\/#website","url":"https:\/\/thehometownlawyers.com\/es\/","name":"Kruger & Hodges Hometown Injury Lawyers | Accident Attorneys","description":"Attorneys for Car, Truck and Motorcycle Accidents, Personal Injuries, and Criminal Defense.","publisher":{"@id":"https:\/\/thehometownlawyers.com\/es\/#organization"},"alternateName":"Kruger & Hodges Personal Injury Lawyers","inLanguage":"es"},{"@type":"Organization","@id":"https:\/\/thehometownlawyers.com\/es\/#organization","name":"Kruger & Hodges Hometown Injury Lawyers","alternateName":"Kruger & Hodges","url":"https:\/\/thehometownlawyers.com\/es\/","logo":{"@type":"ImageObject","inLanguage":"es","@id":"https:\/\/thehometownlawyers.com\/es\/#\/schema\/logo\/image\/","url":"https:\/\/thehometownlawyers.com\/wp-content\/uploads\/2025\/12\/revised-kh-logo-vertical-white-background-scaled.png","contentUrl":"https:\/\/thehometownlawyers.com\/wp-content\/uploads\/2025\/12\/revised-kh-logo-vertical-white-background-scaled.png","width":2560,"height":1440,"caption":"Kruger & Hodges Hometown Injury Lawyers"},"image":{"@id":"https:\/\/thehometownlawyers.com\/es\/#\/schema\/logo\/image\/"},"sameAs":["https:\/\/www.facebook.com\/KrugerHodges\/","https:\/\/www.instagram.com\/krugerhodges\/","https:\/\/www.linkedin.com\/company\/kruger-hodges-hometown-injury-lawyers\/","https:\/\/www.youtube.com\/channel\/UCeYcMaMaN2rb9jMlqt4EIdQ","https:\/\/www.tiktok.com\/@thehometownlawyer"]}]}},"_links":{"self":[{"href":"https:\/\/thehometownlawyers.com\/es\/wp-json\/wp\/v2\/pages\/21189","targetHints":{"allow":["GET"]}}],"collection":[{"href":"https:\/\/thehometownlawyers.com\/es\/wp-json\/wp\/v2\/pages"}],"about":[{"href":"https:\/\/thehometownlawyers.com\/es\/wp-json\/wp\/v2\/types\/page"}],"author":[{"embeddable":true,"href":"https:\/\/thehometownlawyers.com\/es\/wp-json\/wp\/v2\/users\/7"}],"replies":[{"embeddable":true,"href":"https:\/\/thehometownlawyers.com\/es\/wp-json\/wp\/v2\/comments?post=21189"}],"version-history":[{"count":0,"href":"https:\/\/thehometownlawyers.com\/es\/wp-json\/wp\/v2\/pages\/21189\/revisions"}],"wp:featuredmedia":[{"embeddable":true,"href":"https:\/\/thehometownlawyers.com\/es\/wp-json\/wp\/v2\/media\/20730"}],"wp:attachment":[{"href":"https:\/\/thehometownlawyers.com\/es\/wp-json\/wp\/v2\/media?parent=21189"}],"wp:term":[{"taxonomy":"hc_faqs","embeddable":true,"href":"https:\/\/thehometownlawyers.com\/es\/wp-json\/wp\/v2\/hc_faqs?post=21189"},{"taxonomy":"hc_spanish_faqs","embeddable":true,"href":"https:\/\/thehometownlawyers.com\/es\/wp-json\/wp\/v2\/hc_spanish_faqs?post=21189"}],"curies":[{"name":"wp","href":"https:\/\/api.w.org\/{rel}","templated":true}]}}