{"id":21190,"date":"2021-07-24T23:36:30","date_gmt":"2021-07-25T03:36:30","guid":{"rendered":"https:\/\/thehometownlawyers.com\/?page_id=21190"},"modified":"2025-03-24T12:45:20","modified_gmt":"2025-03-24T16:45:20","slug":"abogado-de-accidentes-de-camiones-condado-de-darke-ohio","status":"publish","type":"page","link":"https:\/\/thehometownlawyers.com\/es\/abogado-de-lesiones-del-condado-de-darke-ohio\/abogado-de-accidentes-de-camiones-condado-de-darke-ohio\/","title":{"rendered":"Abogado de Accidentes de Camiones en Darke County"},"content":{"rendered":"<h2>Abogado de Accidentes de Camiones del Condado de Darke, Ohio<\/h2>\n<p>Los camiones comerciales son uno de los veh\u00edculos m\u00e1s propensos a los accidentes de tr\u00e1fico. Estos camiones tienen m\u00e1s probabilidades de sufrir accidentes debido a que son m\u00e1s grandes y pesados que otros autom\u00f3viles. En 2018, la <a href=\"https:\/\/www.fmcsa.dot.gov\/safety\/data-and-statistics\/large-truck-and-bus-crash-facts-2018\" target=\"_blank\" rel=\"noopener\">FMCSA (Administraci\u00f3n Federal de Seguridad de Autotransportes)<\/a> anunci\u00f3 un aumento estad\u00edstico de estos accidentes en un 1% en comparaci\u00f3n con 2017. Aunque no todos los accidentes de este tipo son mortales, siguen siendo extremadamente peligrosos y, a menudo, provocan lesiones graves.<\/p>\n<p class=\"rs-content-cta rs-content-cta-small\">Para una consulta legal gratuita, llame al <a href=\"tel:+15138943333\">513-894-3333 <\/a><\/p><h2>Diferentes tipos de accidentes de camiones<\/h2>\n<p>Hay m\u00faltiples tipos de accidentes de carretera que pueden ocurrir que involucran un cami\u00f3n comercial. Dado que este tipo de accidentes graves a menudo pueden resultar en una tragedia, es mejor conocer algunos de los tipos de accidentes m\u00e1s comunes y c\u00f3mo pueden ocurrir.<\/p>\n<ul>\n<li><strong>El accidente m\u00e1s com\u00fan es una colisi\u00f3n lateral. <\/strong>Estos accidentes suelen ocurrir cuando un camionero comete una conducci\u00f3n temeraria. Este tipo de accidente es especialmente peligroso para los pasajeros del veh\u00edculo m\u00e1s peque\u00f1o.<\/li>\n<li><strong>Las colisiones traseras tambi\u00e9n son comunes con este tipo de veh\u00edculos.<\/strong> Estos suelen ocurrir en carreteras concurridas, donde un conductor se detiene repentinamente. Puede presentar da\u00f1os de alto nivel para el veh\u00edculo y, seg\u00fan la marca y el modelo, peligro mortal para los pasajeros.<\/li>\n<li><strong>Hay colisiones que implican la carga del cami\u00f3n en cuesti\u00f3n. <\/strong>Estos casos ocurren cuando el cami\u00f3n hace un giro brusco o frena y la desaceleraci\u00f3n repentina mueve la carga sin querer, causando que el cami\u00f3n vuelque o se doble.<\/li>\n<\/ul>\n<h2>Causas Comunes de Accidentes de Camiones<\/h2>\n<p>Hay una serie de factores que pueden <a href=\"https:\/\/www.fmcsa.dot.gov\/safety\/research-and-analysis\/large-truck-crash-causation-study-analysis-brief\" target=\"_blank\" rel=\"noopener\">causar accidentes de camiones<\/a> . Algunos de estos pueden deberse a la irresponsabilidad del conductor, defectos en el cami\u00f3n o muchos otros factores externos.<\/p>\n<ul>\n<li>Los camiones a menudo tienen que cumplir con una fecha l\u00edmite para sus entregas, lo que hace que la conducci\u00f3n a alta velocidad sea com\u00fan. Debido al impulso que acumulan estos camiones por su tama\u00f1o y peso, el exceso de velocidad puede hacer que el conductor pierda el control del veh\u00edculo.<\/li>\n<li><strong>Conducir distra\u00eddo .<\/strong> Pasar largos viajes en un veh\u00edculo puede ser extremadamente aburrido, por lo que no es raro encontrar conductores distra\u00eddos en la carretera. Este es un comportamiento peligroso, especialmente al volante de un veh\u00edculo tan grande. Es importante que los conductores est\u00e9n atentos a la carretera para evitar cualquier tipo de incidente.<\/li>\n<li><strong>Conducci\u00f3n Cansada.<\/strong> Muchos viajes en cami\u00f3n tienden a durar muchas horas, incluso en medio de la noche. La <a href=\"https:\/\/www.fmcsa.dot.gov\/safety\/driver-safety\/cmv-driving-tips-driver-fatigue\" target=\"_blank\" rel=\"noopener\">fatiga del conductor<\/a> se ha convertido en una de las principales causas de accidentes de camiones.<\/li>\n<\/ul>\n<p class=\"rs-content-cta rs-content-cta-small\"><a href=\"\/es\/contacto\/\">Haga clic para contactar<\/a> con nuestros lesiones personales abogados hoy<\/p><h2>Lesiones Comunes Ocurridas en Accidentes de Camiones<\/h2>\n<p>Estad\u00edsticamente, las lesiones que ocurren <a href=\"https:\/\/www.fmcsa.dot.gov\/safety\/data-and-statistics\/large-truck-and-bus-crash-facts-2017\" target=\"_blank\" rel=\"noopener\">en accidentes de camiones<\/a> tienden a ser bastante graves. Los accidentes que resultan en un impacto fuerte y repentino en el cuerpo dan lugar a los siguientes tipos de lesiones:<\/p>\n<ul>\n<li>Huesos rotos<\/li>\n<li>Lesiones en la cabeza, la espalda y el cuello<\/li>\n<li>heridas internas<\/li>\n<li>quemaduras<\/li>\n<li>Lesi\u00f3n cerebral traum\u00e1tica ( <a href=\"https:\/\/thehometownlawyers.com\/es\/\" target=\"_blank\" rel=\"noopener\">LCT<\/a> )<\/li>\n<li>Par\u00e1lisis<\/li>\n<\/ul>\n<p>Si ha estado involucrado en un accidente con un veh\u00edculo comercial en el condado de Darke, es vital que busque atenci\u00f3n m\u00e9dica de inmediato. Hay heridas que van m\u00e1s all\u00e1 de lo que se ve a simple vista, tanto f\u00edsica como psicol\u00f3gicamente. Es posible que muchas de estas lesiones no aparezcan de inmediato y, si no se tratan, pueden causar da\u00f1os irreparables. En caso de secuelas psicol\u00f3gicas, el TEPT es frecuente en v\u00edctimas tras un accidente y debe ser tratado por un profesional lo antes posible.<\/p>\n<p class=\"rs-content-cta rs-content-cta-small\">Complete una <a href=\"\/es\/contacto\/\">evaluaci\u00f3n gratuita de su caso<\/a> ahora<\/p><h2>Qu\u00e9 hacer despu\u00e9s de un accidente de cami\u00f3n<\/h2>\n<p>Si est\u00e1 involucrado en un accidente de cami\u00f3n en Ohio, hay una serie de pasos que debe seguir para manejar la situaci\u00f3n inmediatamente despu\u00e9s. Lo primero y m\u00e1s importante que debe hacer es encontrar un lugar seguro para usted, fuera del tr\u00e1fico y lejos de cualquier veh\u00edculo que pueda estar en riesgo de incendio.<\/p>\n<p>Una vez que est\u00e9 a salvo, debe alertar a las autoridades sobre el accidente y esperar en el lugar su llegada. Durante la espera, puede hablar con el otro conductor para intercambiar informaci\u00f3n pertinente, como registros, placas y datos del seguro. Tambi\u00e9n puede comenzar a documentar la evidencia del accidente para que pueda buscar una compensaci\u00f3n en caso de que sus da\u00f1os sean sustanciales.<\/p>\n<p>Cuando las autoridades lleguen a la escena, debe dar un relato conciso y honesto de lo que sucedi\u00f3. Tenga en cuenta que en caso de una demanda, esta ser\u00e1 su declaraci\u00f3n oficial. No admita su culpabilidad bajo ninguna circunstancia.<\/p>\n<p>Por \u00faltimo, es imperativo obtener atenci\u00f3n m\u00e9dica inmediata despu\u00e9s del accidente. Este puede ser un paso que puede tomar antes de las declaraciones si se encuentra gravemente lesionado. A pesar de que aparentemente se ve bien, siempre es importante hacerse un chequeo de inmediato para descartar lesiones internas.<\/p>\n<h2>\u00bfHa estado en un accidente de cami\u00f3n en el condado de Darke, Ohio?<\/h2>\n<p>Un accidente de cami\u00f3n puede ser una experiencia dif\u00edcil, peligrosa, costosa y traum\u00e1tica. Las lesiones que sufre pueden ser graves y privarlo de su sustento. Si ha tenido un accidente de cami\u00f3n en el condado de Darke, es importante hablar con un abogado de lesiones personales de confianza de inmediato. Aqu\u00ed en <a href=\"https:\/\/thehometownlawyers.com\/es\/acerca-de-los-abogados-de-kruger-hodges\/\">Kruger &amp; Hodges<\/a> podemos ayudarlo durante todo este proceso para que pueda obtener la compensaci\u00f3n financiera que se merece. Para obtener m\u00e1s informaci\u00f3n, <a href=\"https:\/\/thehometownlawyers.com\/es\/contacto\/\">cont\u00e1ctenos<\/a> hoy para programar una evaluaci\u00f3n de caso gratuita y sin riesgos.<\/p>\n<p class=\"rs-content-cta rs-content-cta-small\">Llame o env\u00ede un mensaje de texto al <a href=\"tel:+15138943333\">513-894-3333<\/a> o complete una <a href=\"\/es\/contacto\/\">evaluaci\u00f3n gratuita de su caso<\/a><\/p>","protected":false},"excerpt":{"rendered":"<p>Abogado de Accidentes de Camiones del Condado de Darke, Ohio Los camiones comerciales son uno de los veh\u00edculos m\u00e1s propensos a los accidentes de tr\u00e1fico. Estos camiones tienen m\u00e1s probabilidades de sufrir accidentes debido a que son m\u00e1s grandes y pesados que otros autom\u00f3viles. En 2018, la FMCSA (Administraci\u00f3n Federal de Seguridad de Autotransportes) anunci\u00f3 &#8230;<\/p>\n","protected":false},"author":7,"featured_media":24606,"parent":21189,"menu_order":0,"comment_status":"closed","ping_status":"closed","template":"","meta":{"_acf_changed":false,"inline_featured_image":false,"_genesis_hide_title":false,"_genesis_hide_breadcrumbs":false,"_genesis_hide_singular_image":false,"_genesis_hide_footer_widgets":false,"_genesis_custom_body_class":"","_genesis_custom_post_class":"","_genesis_layout":"","footnotes":""},"hc_faqs":[],"hc_spanish_faqs":[],"class_list":{"0":"post-21190","1":"page","2":"type-page","3":"status-publish","4":"has-post-thumbnail","6":"entry"},"acf":[],"yoast_head":"<!-- This site is optimized with the Yoast SEO plugin v27.3 - https:\/\/yoast.com\/product\/yoast-seo-wordpress\/ -->\n<title>Abogado de Accidentes de Camiones Condado de Darke, Ohio: Consulta gratuita<\/title>\n<meta name=\"description\" content=\"Abogado de Accidentes de Camiones del Condado de Darke, Ohio Los camiones comerciales son uno de los veh\u00edculos m\u00e1s propensos a los accidentes de tr\u00e1fico.\" \/>\n<meta name=\"robots\" content=\"index, follow, max-snippet:-1, max-image-preview:large, max-video-preview:-1\" \/>\n<link rel=\"canonical\" href=\"https:\/\/thehometownlawyers.com\/es\/abogado-de-lesiones-del-condado-de-darke-ohio\/abogado-de-accidentes-de-camiones-condado-de-darke-ohio\/\" \/>\n<meta property=\"og:locale\" content=\"es_MX\" \/>\n<meta property=\"og:type\" content=\"article\" \/>\n<meta property=\"og:title\" content=\"Abogado de Accidentes de Camiones Condado de Darke, Ohio: Consulta gratuita\" \/>\n<meta property=\"og:description\" content=\"Abogado de Accidentes de Camiones del Condado de Darke, Ohio Los camiones comerciales son uno de los veh\u00edculos m\u00e1s propensos a los accidentes de tr\u00e1fico.\" \/>\n<meta property=\"og:url\" content=\"https:\/\/thehometownlawyers.com\/es\/abogado-de-lesiones-del-condado-de-darke-ohio\/abogado-de-accidentes-de-camiones-condado-de-darke-ohio\/\" \/>\n<meta property=\"og:site_name\" content=\"Kruger &amp; Hodges Abogados De Lesiones\" \/>\n<meta property=\"article:publisher\" content=\"https:\/\/www.facebook.com\/KrugerHodges\/\" \/>\n<meta property=\"article:modified_time\" content=\"2025-03-24T16:45:20+00:00\" \/>\n<meta property=\"og:image\" content=\"https:\/\/thehometownlawyers.com\/wp-content\/uploads\/2025\/03\/abogado-de-accidentes-de-camiones-en-darke-county.jpg\" \/>\n\t<meta property=\"og:image:width\" content=\"1000\" \/>\n\t<meta property=\"og:image:height\" content=\"667\" \/>\n\t<meta property=\"og:image:type\" content=\"image\/jpeg\" \/>\n<meta name=\"twitter:card\" content=\"summary_large_image\" \/>\n<meta name=\"twitter:label1\" content=\"Tiempo de lectura\" \/>\n\t<meta name=\"twitter:data1\" content=\"4 minutos\" \/>\n<script type=\"application\/ld+json\" class=\"yoast-schema-graph\">{\"@context\":\"https:\\\/\\\/schema.org\",\"@graph\":[{\"@type\":\"WebPage\",\"@id\":\"https:\\\/\\\/thehometownlawyers.com\\\/es\\\/abogado-de-lesiones-del-condado-de-darke-ohio\\\/abogado-de-accidentes-de-camiones-condado-de-darke-ohio\\\/\",\"url\":\"https:\\\/\\\/thehometownlawyers.com\\\/es\\\/abogado-de-lesiones-del-condado-de-darke-ohio\\\/abogado-de-accidentes-de-camiones-condado-de-darke-ohio\\\/\",\"name\":\"Abogado de Accidentes de Camiones Condado de Darke, Ohio: Consulta gratuita\",\"isPartOf\":{\"@id\":\"https:\\\/\\\/thehometownlawyers.com\\\/es\\\/#website\"},\"primaryImageOfPage\":{\"@id\":\"https:\\\/\\\/thehometownlawyers.com\\\/es\\\/abogado-de-lesiones-del-condado-de-darke-ohio\\\/abogado-de-accidentes-de-camiones-condado-de-darke-ohio\\\/#primaryimage\"},\"image\":{\"@id\":\"https:\\\/\\\/thehometownlawyers.com\\\/es\\\/abogado-de-lesiones-del-condado-de-darke-ohio\\\/abogado-de-accidentes-de-camiones-condado-de-darke-ohio\\\/#primaryimage\"},\"thumbnailUrl\":\"https:\\\/\\\/thehometownlawyers.com\\\/wp-content\\\/uploads\\\/2025\\\/03\\\/abogado-de-accidentes-de-camiones-en-darke-county.jpg\",\"datePublished\":\"2021-07-25T03:36:30+00:00\",\"dateModified\":\"2025-03-24T16:45:20+00:00\",\"description\":\"Abogado de Accidentes de Camiones del Condado de Darke, Ohio Los camiones comerciales son uno de los veh\u00edculos m\u00e1s propensos a los accidentes de tr\u00e1fico.\",\"breadcrumb\":{\"@id\":\"https:\\\/\\\/thehometownlawyers.com\\\/es\\\/abogado-de-lesiones-del-condado-de-darke-ohio\\\/abogado-de-accidentes-de-camiones-condado-de-darke-ohio\\\/#breadcrumb\"},\"inLanguage\":\"es\",\"potentialAction\":[{\"@type\":\"ReadAction\",\"target\":[\"https:\\\/\\\/thehometownlawyers.com\\\/es\\\/abogado-de-lesiones-del-condado-de-darke-ohio\\\/abogado-de-accidentes-de-camiones-condado-de-darke-ohio\\\/\"]}]},{\"@type\":\"ImageObject\",\"inLanguage\":\"es\",\"@id\":\"https:\\\/\\\/thehometownlawyers.com\\\/es\\\/abogado-de-lesiones-del-condado-de-darke-ohio\\\/abogado-de-accidentes-de-camiones-condado-de-darke-ohio\\\/#primaryimage\",\"url\":\"https:\\\/\\\/thehometownlawyers.com\\\/wp-content\\\/uploads\\\/2025\\\/03\\\/abogado-de-accidentes-de-camiones-en-darke-county.jpg\",\"contentUrl\":\"https:\\\/\\\/thehometownlawyers.com\\\/wp-content\\\/uploads\\\/2025\\\/03\\\/abogado-de-accidentes-de-camiones-en-darke-county.jpg\",\"width\":1000,\"height\":667,\"caption\":\"Industrial carrier black big rig semi truck tractor with extended cab for truck driver rest transporting cargo in dry van semi trailer running on the crossroad intersection with traffic light\"},{\"@type\":\"BreadcrumbList\",\"@id\":\"https:\\\/\\\/thehometownlawyers.com\\\/es\\\/abogado-de-lesiones-del-condado-de-darke-ohio\\\/abogado-de-accidentes-de-camiones-condado-de-darke-ohio\\\/#breadcrumb\",\"itemListElement\":[{\"@type\":\"ListItem\",\"position\":1,\"name\":\"Home\",\"item\":\"https:\\\/\\\/thehometownlawyers.com\\\/es\\\/\"},{\"@type\":\"ListItem\",\"position\":2,\"name\":\"Abogado de Lesiones Personales en Darke County\",\"item\":\"https:\\\/\\\/thehometownlawyers.com\\\/es\\\/darke-county\\\/personal-injury-lawyer\\\/\"},{\"@type\":\"ListItem\",\"position\":3,\"name\":\"Abogado de Accidentes de Camiones en Darke County\"}]},{\"@type\":\"WebSite\",\"@id\":\"https:\\\/\\\/thehometownlawyers.com\\\/es\\\/#website\",\"url\":\"https:\\\/\\\/thehometownlawyers.com\\\/es\\\/\",\"name\":\"Kruger & Hodges Hometown Injury Lawyers | Accident Attorneys\",\"description\":\"Attorneys for Car, Truck and Motorcycle Accidents, Personal Injuries, and Criminal Defense.\",\"publisher\":{\"@id\":\"https:\\\/\\\/thehometownlawyers.com\\\/es\\\/#organization\"},\"alternateName\":\"Kruger & Hodges Personal Injury Lawyers\",\"inLanguage\":\"es\"},{\"@type\":\"Organization\",\"@id\":\"https:\\\/\\\/thehometownlawyers.com\\\/es\\\/#organization\",\"name\":\"Kruger & Hodges Hometown Injury Lawyers\",\"alternateName\":\"Kruger & Hodges Accident Attorneys\",\"url\":\"https:\\\/\\\/thehometownlawyers.com\\\/es\\\/\",\"logo\":{\"@type\":\"ImageObject\",\"inLanguage\":\"es\",\"@id\":\"https:\\\/\\\/thehometownlawyers.com\\\/es\\\/#\\\/schema\\\/logo\\\/image\\\/\",\"url\":\"https:\\\/\\\/thehometownlawyers.com\\\/wp-content\\\/uploads\\\/2025\\\/12\\\/revised-kh-logo-vertical-white-background-scaled.png\",\"contentUrl\":\"https:\\\/\\\/thehometownlawyers.com\\\/wp-content\\\/uploads\\\/2025\\\/12\\\/revised-kh-logo-vertical-white-background-scaled.png\",\"width\":2560,\"height\":1440,\"caption\":\"Kruger & Hodges Hometown Injury Lawyers\"},\"image\":{\"@id\":\"https:\\\/\\\/thehometownlawyers.com\\\/es\\\/#\\\/schema\\\/logo\\\/image\\\/\"},\"sameAs\":[\"https:\\\/\\\/www.facebook.com\\\/KrugerHodges\\\/\",\"https:\\\/\\\/www.instagram.com\\\/krugerhodges\\\/\",\"https:\\\/\\\/www.linkedin.com\\\/company\\\/kruger-hodges-hometown-injury-lawyers\\\/\",\"https:\\\/\\\/www.youtube.com\\\/channel\\\/UCeYcMaMaN2rb9jMlqt4EIdQ\",\"https:\\\/\\\/www.tiktok.com\\\/@thehometownlawyer\"]}]}<\/script>\n<!-- \/ Yoast SEO plugin. -->","yoast_head_json":{"title":"Abogado de Accidentes de Camiones Condado de Darke, Ohio: Consulta gratuita","description":"Abogado de Accidentes de Camiones del Condado de Darke, Ohio Los camiones comerciales son uno de los veh\u00edculos m\u00e1s propensos a los accidentes de tr\u00e1fico.","robots":{"index":"index","follow":"follow","max-snippet":"max-snippet:-1","max-image-preview":"max-image-preview:large","max-video-preview":"max-video-preview:-1"},"canonical":"https:\/\/thehometownlawyers.com\/es\/abogado-de-lesiones-del-condado-de-darke-ohio\/abogado-de-accidentes-de-camiones-condado-de-darke-ohio\/","og_locale":"es_MX","og_type":"article","og_title":"Abogado de Accidentes de Camiones Condado de Darke, Ohio: Consulta gratuita","og_description":"Abogado de Accidentes de Camiones del Condado de Darke, Ohio Los camiones comerciales son uno de los veh\u00edculos m\u00e1s propensos a los accidentes de tr\u00e1fico.","og_url":"https:\/\/thehometownlawyers.com\/es\/abogado-de-lesiones-del-condado-de-darke-ohio\/abogado-de-accidentes-de-camiones-condado-de-darke-ohio\/","og_site_name":"Kruger &amp; Hodges Abogados De Lesiones","article_publisher":"https:\/\/www.facebook.com\/KrugerHodges\/","article_modified_time":"2025-03-24T16:45:20+00:00","og_image":[{"width":1000,"height":667,"url":"https:\/\/thehometownlawyers.com\/wp-content\/uploads\/2025\/03\/abogado-de-accidentes-de-camiones-en-darke-county.jpg","type":"image\/jpeg"}],"twitter_card":"summary_large_image","twitter_misc":{"Tiempo de lectura":"4 minutos"},"schema":{"@context":"https:\/\/schema.org","@graph":[{"@type":"WebPage","@id":"https:\/\/thehometownlawyers.com\/es\/abogado-de-lesiones-del-condado-de-darke-ohio\/abogado-de-accidentes-de-camiones-condado-de-darke-ohio\/","url":"https:\/\/thehometownlawyers.com\/es\/abogado-de-lesiones-del-condado-de-darke-ohio\/abogado-de-accidentes-de-camiones-condado-de-darke-ohio\/","name":"Abogado de Accidentes de Camiones Condado de Darke, Ohio: Consulta gratuita","isPartOf":{"@id":"https:\/\/thehometownlawyers.com\/es\/#website"},"primaryImageOfPage":{"@id":"https:\/\/thehometownlawyers.com\/es\/abogado-de-lesiones-del-condado-de-darke-ohio\/abogado-de-accidentes-de-camiones-condado-de-darke-ohio\/#primaryimage"},"image":{"@id":"https:\/\/thehometownlawyers.com\/es\/abogado-de-lesiones-del-condado-de-darke-ohio\/abogado-de-accidentes-de-camiones-condado-de-darke-ohio\/#primaryimage"},"thumbnailUrl":"https:\/\/thehometownlawyers.com\/wp-content\/uploads\/2025\/03\/abogado-de-accidentes-de-camiones-en-darke-county.jpg","datePublished":"2021-07-25T03:36:30+00:00","dateModified":"2025-03-24T16:45:20+00:00","description":"Abogado de Accidentes de Camiones del Condado de Darke, Ohio Los camiones comerciales son uno de los veh\u00edculos m\u00e1s propensos a los accidentes de tr\u00e1fico.","breadcrumb":{"@id":"https:\/\/thehometownlawyers.com\/es\/abogado-de-lesiones-del-condado-de-darke-ohio\/abogado-de-accidentes-de-camiones-condado-de-darke-ohio\/#breadcrumb"},"inLanguage":"es","potentialAction":[{"@type":"ReadAction","target":["https:\/\/thehometownlawyers.com\/es\/abogado-de-lesiones-del-condado-de-darke-ohio\/abogado-de-accidentes-de-camiones-condado-de-darke-ohio\/"]}]},{"@type":"ImageObject","inLanguage":"es","@id":"https:\/\/thehometownlawyers.com\/es\/abogado-de-lesiones-del-condado-de-darke-ohio\/abogado-de-accidentes-de-camiones-condado-de-darke-ohio\/#primaryimage","url":"https:\/\/thehometownlawyers.com\/wp-content\/uploads\/2025\/03\/abogado-de-accidentes-de-camiones-en-darke-county.jpg","contentUrl":"https:\/\/thehometownlawyers.com\/wp-content\/uploads\/2025\/03\/abogado-de-accidentes-de-camiones-en-darke-county.jpg","width":1000,"height":667,"caption":"Industrial carrier black big rig semi truck tractor with extended cab for truck driver rest transporting cargo in dry van semi trailer running on the crossroad intersection with traffic light"},{"@type":"BreadcrumbList","@id":"https:\/\/thehometownlawyers.com\/es\/abogado-de-lesiones-del-condado-de-darke-ohio\/abogado-de-accidentes-de-camiones-condado-de-darke-ohio\/#breadcrumb","itemListElement":[{"@type":"ListItem","position":1,"name":"Home","item":"https:\/\/thehometownlawyers.com\/es\/"},{"@type":"ListItem","position":2,"name":"Abogado de Lesiones Personales en Darke County","item":"https:\/\/thehometownlawyers.com\/es\/darke-county\/personal-injury-lawyer\/"},{"@type":"ListItem","position":3,"name":"Abogado de Accidentes de Camiones en Darke County"}]},{"@type":"WebSite","@id":"https:\/\/thehometownlawyers.com\/es\/#website","url":"https:\/\/thehometownlawyers.com\/es\/","name":"Kruger & Hodges Hometown Injury Lawyers | Accident Attorneys","description":"Attorneys for Car, Truck and Motorcycle Accidents, Personal Injuries, and Criminal Defense.","publisher":{"@id":"https:\/\/thehometownlawyers.com\/es\/#organization"},"alternateName":"Kruger & Hodges Personal Injury Lawyers","inLanguage":"es"},{"@type":"Organization","@id":"https:\/\/thehometownlawyers.com\/es\/#organization","name":"Kruger & Hodges Hometown Injury Lawyers","alternateName":"Kruger & Hodges Accident Attorneys","url":"https:\/\/thehometownlawyers.com\/es\/","logo":{"@type":"ImageObject","inLanguage":"es","@id":"https:\/\/thehometownlawyers.com\/es\/#\/schema\/logo\/image\/","url":"https:\/\/thehometownlawyers.com\/wp-content\/uploads\/2025\/12\/revised-kh-logo-vertical-white-background-scaled.png","contentUrl":"https:\/\/thehometownlawyers.com\/wp-content\/uploads\/2025\/12\/revised-kh-logo-vertical-white-background-scaled.png","width":2560,"height":1440,"caption":"Kruger & Hodges Hometown Injury Lawyers"},"image":{"@id":"https:\/\/thehometownlawyers.com\/es\/#\/schema\/logo\/image\/"},"sameAs":["https:\/\/www.facebook.com\/KrugerHodges\/","https:\/\/www.instagram.com\/krugerhodges\/","https:\/\/www.linkedin.com\/company\/kruger-hodges-hometown-injury-lawyers\/","https:\/\/www.youtube.com\/channel\/UCeYcMaMaN2rb9jMlqt4EIdQ","https:\/\/www.tiktok.com\/@thehometownlawyer"]}]}},"_links":{"self":[{"href":"https:\/\/thehometownlawyers.com\/es\/wp-json\/wp\/v2\/pages\/21190","targetHints":{"allow":["GET"]}}],"collection":[{"href":"https:\/\/thehometownlawyers.com\/es\/wp-json\/wp\/v2\/pages"}],"about":[{"href":"https:\/\/thehometownlawyers.com\/es\/wp-json\/wp\/v2\/types\/page"}],"author":[{"embeddable":true,"href":"https:\/\/thehometownlawyers.com\/es\/wp-json\/wp\/v2\/users\/7"}],"replies":[{"embeddable":true,"href":"https:\/\/thehometownlawyers.com\/es\/wp-json\/wp\/v2\/comments?post=21190"}],"version-history":[{"count":0,"href":"https:\/\/thehometownlawyers.com\/es\/wp-json\/wp\/v2\/pages\/21190\/revisions"}],"up":[{"embeddable":true,"href":"https:\/\/thehometownlawyers.com\/es\/wp-json\/wp\/v2\/pages\/21189"}],"wp:featuredmedia":[{"embeddable":true,"href":"https:\/\/thehometownlawyers.com\/es\/wp-json\/wp\/v2\/media\/24606"}],"wp:attachment":[{"href":"https:\/\/thehometownlawyers.com\/es\/wp-json\/wp\/v2\/media?parent=21190"}],"wp:term":[{"taxonomy":"hc_faqs","embeddable":true,"href":"https:\/\/thehometownlawyers.com\/es\/wp-json\/wp\/v2\/hc_faqs?post=21190"},{"taxonomy":"hc_spanish_faqs","embeddable":true,"href":"https:\/\/thehometownlawyers.com\/es\/wp-json\/wp\/v2\/hc_spanish_faqs?post=21190"}],"curies":[{"name":"wp","href":"https:\/\/api.w.org\/{rel}","templated":true}]}}