{"id":21191,"date":"2021-07-24T22:43:17","date_gmt":"2021-07-25T02:43:17","guid":{"rendered":"https:\/\/thehometownlawyers.com\/?page_id=21191"},"modified":"2025-01-31T11:30:24","modified_gmt":"2025-01-31T16:30:24","slug":"abogado-de-lesiones-personales-franklin-ohio","status":"publish","type":"page","link":"https:\/\/thehometownlawyers.com\/es\/abogado-de-lesiones-personales-franklin-ohio\/","title":{"rendered":"Abogado de Lesiones Personales en Franklin"},"content":{"rendered":"<h2>Abogado de lesiones personales de Franklin<\/h2>\n<p><span style=\"font-weight: 400;\">Hay muchos tipos diferentes de lesiones personales que podr\u00eda sufrir y, lamentablemente, puede ser bastante oneroso para usted asumir las consecuencias. La mayor\u00eda de las lesiones personales son causadas por las acciones o negligencia de otras personas; en algunos casos, sin embargo, las lesiones son causadas por defectos del producto, accidentes automovil\u00edsticos , choques de motocicletas , <a href=\"https:\/\/thehometownlawyers.com\/es\/\">semiaccidentes<\/a> , <\/span><a href=\"https:\/\/thehometownlawyers.com\/es\/abogados-de-lesiones-personales-de-middletown\/abogados-de-mordedura-de-perro-en-middletown-ohio\/\" target=\"_blank\" rel=\"noopener\"><span style=\"font-weight: 400;\">mordeduras de animales<\/span><\/a><span style=\"font-weight: 400;\">, lesiones en el lugar de trabajo o incluso intoxicaci\u00f3n alimentaria. Las lesiones personales pueden ocurrir debido a una multitud de factores, y cada caso var\u00eda de uno a otro. Aun as\u00ed, las leyes aplicadas o interpretadas para diferentes casos probablemente sean las mismas. <\/span><\/p>\n<p><span style=\"font-weight: 400;\">Las lesiones personales a menudo son resueltas por la compa\u00f1\u00eda de seguros del demandado, pero el acuerdo por da\u00f1os tambi\u00e9n puede depender de la gravedad de la situaci\u00f3n. Como tal, se pueden emprender acciones adicionales ante los tribunales para reclamar una compensaci\u00f3n m\u00e1s adecuada. <\/span><\/p>\n<p class=\"rs-content-cta rs-content-cta-small\">Para una consulta legal gratuita, llame al <a href=\"tel:+15138943333\">513-894-3333 <\/a><\/p><h2>\u00bfEn qu\u00e9 consiste una demanda por lesiones personales?<\/h2>\n<p><span style=\"font-weight: 400;\">Para presentar un reclamo por lesiones personales, primero debe determinar la entidad legalmente responsable de las lesiones personales que pueda haber sufrido. Posteriormente, un reclamo est\u00e1 en orden si puede asociar las lesiones que ha sufrido con el accidente en s\u00ed. Hay muchos tipos de lesiones personales que puede sufrir en el estado de Ohio, m\u00e1s com\u00fanmente por accidentes automovil\u00edsticos y de navegaci\u00f3n.<\/span><\/p>\n<p><span style=\"font-weight: 400;\">Se inform\u00f3 en 2019 que hay m\u00e1s de<\/span> <a href=\"https:\/\/statepatrol.ohio.gov\/statistics\/default.asp#gsc.tab=0\" target=\"_blank\" rel=\"noopener\"><span style=\"font-weight: 400;\">10,000 accidentes automovil\u00edsticos.<\/span><\/a><span style=\"font-weight: 400;\"> investigado por lesiones personales en Ohio. Estos reclamos incluyen choques que pueden involucrar a dos o m\u00e1s veh\u00edculos o cuando un veh\u00edculo choca contra un peat\u00f3n o un ciclista.<\/span><span style=\"font-weight: 400;\">. Los accidentes automovil\u00edsticos son los accidentes m\u00e1s comunes en los que los residentes locales sufren lesiones personales. En casos extremos, las v\u00edctimas de accidentes automovil\u00edsticos pueden sufrir lesiones personales a largo plazo en la columna, el cuello o la espalda. <\/span><\/p>\n<p><span style=\"font-weight: 400;\">Los accidentes de navegaci\u00f3n tambi\u00e9n son comunes en Ohio. Las lesiones personales que resultan de un accidente de navegaci\u00f3n generalmente resultan de la distracci\u00f3n del conductor o porque el individuo estaba bajo la influencia de drogas o alcohol (<\/span><a href=\"https:\/\/ohiodnr.gov\/wps\/portal\/gov\/odnr\/rules-and-regulations\/rules-and-regulations-by-division\/state-parks-and-watercraft\/boating-rules\/ohio-operating-laws\" target=\"_blank\" rel=\"noopener\"><span style=\"font-weight: 400;\">OVI<\/span><\/a><span style=\"font-weight: 400;\">, u operar un veh\u00edculo bajo la influencia). Otros accidentes que podr\u00edan resultar en un reclamo por lesiones personales incluyen mordeduras de perros, accidentes de motocicleta y <\/span><a href=\"https:\/\/pmc.ncbi.nlm.nih.gov\/articles\/PMC2628513\/\" target=\"_blank\" rel=\"noopener\"><span style=\"font-weight: 400;\">demandas por negligencia m\u00e9dica<\/span><\/a> <span style=\"font-weight: 400;\">.<\/span><\/p>\n<p class=\"rs-content-cta\">Abogado de Lesiones Personales de Franklin Cerca de M\u00ed <a href=\"tel:+15138943333\">513-894-3333<\/a><\/p><h2>Qu\u00e9 hacer despu\u00e9s de lesionarse en un accidente<\/h2>\n<p><span style=\"font-weight: 400;\">Si est\u00e1 involucrado en un accidente y puede haber sufrido lesiones personales, se recomienda que primero documente su entorno para recordar los detalles relevantes que podr\u00eda usar m\u00e1s adelante. Debe hacerse revisar por los m\u00e9dicos por las lesiones que pueda haber sufrido. Despu\u00e9s de recibir tratamiento, debe considerar recopilar evidencia, como registros m\u00e9dicos, im\u00e1genes de las lesiones que haya sufrido, fotos del lugar del accidente, informe policial y cualquier documento legal que lo ayude a fortalecer su reclamo por lesiones personales. <\/span><\/p>\n<p><span style=\"font-weight: 400;\">Despu\u00e9s de reunir evidencia, debe dirigir su atenci\u00f3n a la persona que caus\u00f3 el accidente. Una resoluci\u00f3n adecuada puede estar bien establecida si est\u00e1 dispuesto a cooperar con la parte responsable. Si su intenci\u00f3n es llevar el caso a los tribunales, no debe aceptar ning\u00fan arreglo econ\u00f3mico, ya que esto puede implicar que su reclamaci\u00f3n contra el responsable ya est\u00e1 resuelta mediante la compensaci\u00f3n econ\u00f3mica que ha recibido. <\/span><\/p>\n<p><span style=\"font-weight: 400;\">En algunos casos, la persona que caus\u00f3 el accidente puede huir de la escena. En tal situaci\u00f3n, debe comunicarse con la polic\u00eda para localizar a la persona responsable del accidente.<\/span><\/p>\n<p class=\"rs-content-cta rs-content-cta-small\"><a href=\"\/es\/contacto\/\">Haga clic para contactar<\/a> con nuestros lesiones personales abogados hoy<\/p><h2>Presentar una demanda por lesiones personales<\/h2>\n<p><span style=\"font-weight: 400;\">Si se lesiona en un accidente, es sensato que busque inmediatamente la ayuda de una compa\u00f1\u00eda de seguros. Su p\u00f3liza de seguro de salud o de autom\u00f3vil puede cubrir sus facturas, pero otra opci\u00f3n es que el seguro de la parte culpable cubra esos costos. Es posible que pueda comunicarse con la compa\u00f1\u00eda de seguros de la parte culpable para presentar el reclamo que est\u00e1 considerando. Luego de una evaluaci\u00f3n adicional de su caso, puede proceder a presentar un reclamo de seguro formal para compensar las lesiones que ha sufrido. <\/span><\/p>\n<p><span style=\"font-weight: 400;\">Es \u00fatil recordar que el<\/span> <a href=\"https:\/\/codes.ohio.gov\/ohio-revised-code\/section-2305.10\" target=\"_blank\" rel=\"noopener\"><span style=\"font-weight: 400;\">estatuto de limitaciones<\/span><\/a><span style=\"font-weight: 400;\"> sobre lesiones personales en Ohio otorga a la parte afectada hasta dos a\u00f1os despu\u00e9s de la fecha de la lesi\u00f3n para poder presentar una demanda contra la parte responsable de la lesi\u00f3n. Sin embargo, si no presenta su demanda dentro de este per\u00edodo, lo m\u00e1s probable es que los tribunales de Ohio se nieguen a escuchar su caso. <\/span><\/p>\n<p><span style=\"font-weight: 400;\">Tambi\u00e9n hay casos en los que ambas partes involucradas en un accidente son parcialmente culpables. En tales casos, la compensaci\u00f3n de la parte perjudicada puede reducirse seg\u00fan el nivel de responsabilidad que se le asigne. Como parte lesionada, si usted asume m\u00e1s del 50% de la responsabilidad, no puede cobrar nada a la otra parte culpable. <\/span><\/p>\n<p class=\"rs-content-cta rs-content-cta-small\">Complete una <a href=\"\/es\/contacto\/\">evaluaci\u00f3n gratuita de su caso<\/a> ahora<\/p><h2>Hable con un abogado de lesiones personales en el condado de Franklin, Ohio<\/h2>\n<p><span style=\"font-weight: 400;\">En<\/span> <a href=\"https:\/\/thehometownlawyers.com\/es\/contacto\/\"><span style=\"font-weight: 400;\">Kruger &amp; Hodges<\/span><\/a><span style=\"font-weight: 400;\">, entendemos que puede ser dif\u00edcil depender \u00fanicamente de sus propias finanzas o p\u00f3liza de seguro cuando ha sufrido lesiones personales. Debe comunicarse con un abogado de lesiones personales de confianza para que lo ayude a reclamar el seguro que necesita. Para obtener m\u00e1s asesoramiento legal y una evaluaci\u00f3n gratuita de su caso, ll\u00e1menos hoy.<\/span><\/p>\n<p class=\"rs-content-cta rs-content-cta-small\">Llame o env\u00ede un mensaje de texto al <a href=\"tel:+15138943333\">513-894-3333<\/a> o complete una <a href=\"\/es\/contacto\/\">evaluaci\u00f3n gratuita de su caso<\/a><\/p>","protected":false},"excerpt":{"rendered":"<p>Abogado de lesiones personales de Franklin Hay muchos tipos diferentes de lesiones personales que podr\u00eda sufrir y, lamentablemente, puede ser bastante oneroso para usted asumir las consecuencias. La mayor\u00eda de las lesiones personales son causadas por las acciones o negligencia de otras personas; en algunos casos, sin embargo, las lesiones son causadas por defectos del &#8230;<\/p>\n","protected":false},"author":7,"featured_media":20730,"parent":0,"menu_order":0,"comment_status":"closed","ping_status":"closed","template":"","meta":{"_acf_changed":false,"inline_featured_image":false,"_genesis_hide_title":false,"_genesis_hide_breadcrumbs":false,"_genesis_hide_singular_image":false,"_genesis_hide_footer_widgets":false,"_genesis_custom_body_class":"","_genesis_custom_post_class":"","_genesis_layout":"","footnotes":""},"hc_faqs":[],"hc_spanish_faqs":[],"class_list":{"0":"post-21191","1":"page","2":"type-page","3":"status-publish","4":"has-post-thumbnail","6":"hc_city_location-franklin-es","7":"entry"},"acf":[],"yoast_head":"<!-- This site is optimized with the Yoast SEO plugin v27.3 - https:\/\/yoast.com\/product\/yoast-seo-wordpress\/ -->\n<title>Abogado de lesiones personales Franklin, Ohio: Consulta gratuita<\/title>\n<meta name=\"description\" content=\"Abogado de lesiones personales de Franklin Hay muchos tipos diferentes de lesiones personales que podr\u00eda sufrir y, lamentablemente, puede ser bastante\" \/>\n<meta name=\"robots\" content=\"index, follow, max-snippet:-1, max-image-preview:large, max-video-preview:-1\" \/>\n<link rel=\"canonical\" href=\"https:\/\/thehometownlawyers.com\/es\/abogado-de-lesiones-personales-franklin-ohio\/\" \/>\n<meta property=\"og:locale\" content=\"es_MX\" \/>\n<meta property=\"og:type\" content=\"article\" \/>\n<meta property=\"og:title\" content=\"Abogado de lesiones personales Franklin, Ohio: Consulta gratuita\" \/>\n<meta property=\"og:description\" content=\"Abogado de lesiones personales de Franklin Hay muchos tipos diferentes de lesiones personales que podr\u00eda sufrir y, lamentablemente, puede ser bastante\" \/>\n<meta property=\"og:url\" content=\"https:\/\/thehometownlawyers.com\/es\/abogado-de-lesiones-personales-franklin-ohio\/\" \/>\n<meta property=\"og:site_name\" content=\"Kruger &amp; Hodges Abogados De Lesiones\" \/>\n<meta property=\"article:publisher\" content=\"https:\/\/www.facebook.com\/KrugerHodges\/\" \/>\n<meta property=\"article:modified_time\" content=\"2025-01-31T16:30:24+00:00\" \/>\n<meta property=\"og:image\" content=\"https:\/\/thehometownlawyers.com\/wp-content\/uploads\/2019\/01\/Leg-Injury-Photo.jpeg\" \/>\n\t<meta property=\"og:image:width\" content=\"640\" \/>\n\t<meta property=\"og:image:height\" content=\"426\" \/>\n\t<meta property=\"og:image:type\" content=\"image\/jpeg\" \/>\n<meta name=\"twitter:card\" content=\"summary_large_image\" \/>\n<meta name=\"twitter:label1\" content=\"Tiempo de lectura\" \/>\n\t<meta name=\"twitter:data1\" content=\"4 minutos\" \/>\n<script type=\"application\/ld+json\" class=\"yoast-schema-graph\">{\"@context\":\"https:\\\/\\\/schema.org\",\"@graph\":[{\"@type\":\"WebPage\",\"@id\":\"https:\\\/\\\/thehometownlawyers.com\\\/es\\\/abogado-de-lesiones-personales-franklin-ohio\\\/\",\"url\":\"https:\\\/\\\/thehometownlawyers.com\\\/es\\\/abogado-de-lesiones-personales-franklin-ohio\\\/\",\"name\":\"Abogado de lesiones personales Franklin, Ohio: Consulta gratuita\",\"isPartOf\":{\"@id\":\"https:\\\/\\\/thehometownlawyers.com\\\/es\\\/#website\"},\"primaryImageOfPage\":{\"@id\":\"https:\\\/\\\/thehometownlawyers.com\\\/es\\\/abogado-de-lesiones-personales-franklin-ohio\\\/#primaryimage\"},\"image\":{\"@id\":\"https:\\\/\\\/thehometownlawyers.com\\\/es\\\/abogado-de-lesiones-personales-franklin-ohio\\\/#primaryimage\"},\"thumbnailUrl\":\"https:\\\/\\\/thehometownlawyers.com\\\/wp-content\\\/uploads\\\/2019\\\/01\\\/Leg-Injury-Photo.jpeg\",\"datePublished\":\"2021-07-25T02:43:17+00:00\",\"dateModified\":\"2025-01-31T16:30:24+00:00\",\"description\":\"Abogado de lesiones personales de Franklin Hay muchos tipos diferentes de lesiones personales que podr\u00eda sufrir y, lamentablemente, puede ser bastante\",\"breadcrumb\":{\"@id\":\"https:\\\/\\\/thehometownlawyers.com\\\/es\\\/abogado-de-lesiones-personales-franklin-ohio\\\/#breadcrumb\"},\"inLanguage\":\"es\",\"potentialAction\":[{\"@type\":\"ReadAction\",\"target\":[\"https:\\\/\\\/thehometownlawyers.com\\\/es\\\/abogado-de-lesiones-personales-franklin-ohio\\\/\"]}]},{\"@type\":\"ImageObject\",\"inLanguage\":\"es\",\"@id\":\"https:\\\/\\\/thehometownlawyers.com\\\/es\\\/abogado-de-lesiones-personales-franklin-ohio\\\/#primaryimage\",\"url\":\"https:\\\/\\\/thehometownlawyers.com\\\/wp-content\\\/uploads\\\/2019\\\/01\\\/Leg-Injury-Photo.jpeg\",\"contentUrl\":\"https:\\\/\\\/thehometownlawyers.com\\\/wp-content\\\/uploads\\\/2019\\\/01\\\/Leg-Injury-Photo.jpeg\",\"width\":640,\"height\":426,\"caption\":\"Abogado de lesiones personales Condado de Darke, Ohio\"},{\"@type\":\"BreadcrumbList\",\"@id\":\"https:\\\/\\\/thehometownlawyers.com\\\/es\\\/abogado-de-lesiones-personales-franklin-ohio\\\/#breadcrumb\",\"itemListElement\":[{\"@type\":\"ListItem\",\"position\":1,\"name\":\"Home\",\"item\":\"https:\\\/\\\/thehometownlawyers.com\\\/es\\\/\"},{\"@type\":\"ListItem\",\"position\":2,\"name\":\"Abogado de Lesiones Personales en Franklin\"}]},{\"@type\":\"WebSite\",\"@id\":\"https:\\\/\\\/thehometownlawyers.com\\\/es\\\/#website\",\"url\":\"https:\\\/\\\/thehometownlawyers.com\\\/es\\\/\",\"name\":\"Kruger & Hodges Hometown Injury Lawyers | Accident Attorneys\",\"description\":\"Attorneys for Car, Truck and Motorcycle Accidents, Personal Injuries, and Criminal Defense.\",\"publisher\":{\"@id\":\"https:\\\/\\\/thehometownlawyers.com\\\/es\\\/#organization\"},\"alternateName\":\"Kruger & Hodges Personal Injury Lawyers\",\"inLanguage\":\"es\"},{\"@type\":\"Organization\",\"@id\":\"https:\\\/\\\/thehometownlawyers.com\\\/es\\\/#organization\",\"name\":\"Kruger & Hodges Hometown Injury Lawyers\",\"alternateName\":\"Kruger & Hodges Accident Attorneys\",\"url\":\"https:\\\/\\\/thehometownlawyers.com\\\/es\\\/\",\"logo\":{\"@type\":\"ImageObject\",\"inLanguage\":\"es\",\"@id\":\"https:\\\/\\\/thehometownlawyers.com\\\/es\\\/#\\\/schema\\\/logo\\\/image\\\/\",\"url\":\"https:\\\/\\\/thehometownlawyers.com\\\/wp-content\\\/uploads\\\/2025\\\/12\\\/revised-kh-logo-vertical-white-background-scaled.png\",\"contentUrl\":\"https:\\\/\\\/thehometownlawyers.com\\\/wp-content\\\/uploads\\\/2025\\\/12\\\/revised-kh-logo-vertical-white-background-scaled.png\",\"width\":2560,\"height\":1440,\"caption\":\"Kruger & Hodges Hometown Injury Lawyers\"},\"image\":{\"@id\":\"https:\\\/\\\/thehometownlawyers.com\\\/es\\\/#\\\/schema\\\/logo\\\/image\\\/\"},\"sameAs\":[\"https:\\\/\\\/www.facebook.com\\\/KrugerHodges\\\/\",\"https:\\\/\\\/www.instagram.com\\\/krugerhodges\\\/\",\"https:\\\/\\\/www.linkedin.com\\\/company\\\/kruger-hodges-hometown-injury-lawyers\\\/\",\"https:\\\/\\\/www.youtube.com\\\/channel\\\/UCeYcMaMaN2rb9jMlqt4EIdQ\",\"https:\\\/\\\/www.tiktok.com\\\/@thehometownlawyer\"]}]}<\/script>\n<!-- \/ Yoast SEO plugin. -->","yoast_head_json":{"title":"Abogado de lesiones personales Franklin, Ohio: Consulta gratuita","description":"Abogado de lesiones personales de Franklin Hay muchos tipos diferentes de lesiones personales que podr\u00eda sufrir y, lamentablemente, puede ser bastante","robots":{"index":"index","follow":"follow","max-snippet":"max-snippet:-1","max-image-preview":"max-image-preview:large","max-video-preview":"max-video-preview:-1"},"canonical":"https:\/\/thehometownlawyers.com\/es\/abogado-de-lesiones-personales-franklin-ohio\/","og_locale":"es_MX","og_type":"article","og_title":"Abogado de lesiones personales Franklin, Ohio: Consulta gratuita","og_description":"Abogado de lesiones personales de Franklin Hay muchos tipos diferentes de lesiones personales que podr\u00eda sufrir y, lamentablemente, puede ser bastante","og_url":"https:\/\/thehometownlawyers.com\/es\/abogado-de-lesiones-personales-franklin-ohio\/","og_site_name":"Kruger &amp; Hodges Abogados De Lesiones","article_publisher":"https:\/\/www.facebook.com\/KrugerHodges\/","article_modified_time":"2025-01-31T16:30:24+00:00","og_image":[{"width":640,"height":426,"url":"https:\/\/thehometownlawyers.com\/wp-content\/uploads\/2019\/01\/Leg-Injury-Photo.jpeg","type":"image\/jpeg"}],"twitter_card":"summary_large_image","twitter_misc":{"Tiempo de lectura":"4 minutos"},"schema":{"@context":"https:\/\/schema.org","@graph":[{"@type":"WebPage","@id":"https:\/\/thehometownlawyers.com\/es\/abogado-de-lesiones-personales-franklin-ohio\/","url":"https:\/\/thehometownlawyers.com\/es\/abogado-de-lesiones-personales-franklin-ohio\/","name":"Abogado de lesiones personales Franklin, Ohio: Consulta gratuita","isPartOf":{"@id":"https:\/\/thehometownlawyers.com\/es\/#website"},"primaryImageOfPage":{"@id":"https:\/\/thehometownlawyers.com\/es\/abogado-de-lesiones-personales-franklin-ohio\/#primaryimage"},"image":{"@id":"https:\/\/thehometownlawyers.com\/es\/abogado-de-lesiones-personales-franklin-ohio\/#primaryimage"},"thumbnailUrl":"https:\/\/thehometownlawyers.com\/wp-content\/uploads\/2019\/01\/Leg-Injury-Photo.jpeg","datePublished":"2021-07-25T02:43:17+00:00","dateModified":"2025-01-31T16:30:24+00:00","description":"Abogado de lesiones personales de Franklin Hay muchos tipos diferentes de lesiones personales que podr\u00eda sufrir y, lamentablemente, puede ser bastante","breadcrumb":{"@id":"https:\/\/thehometownlawyers.com\/es\/abogado-de-lesiones-personales-franklin-ohio\/#breadcrumb"},"inLanguage":"es","potentialAction":[{"@type":"ReadAction","target":["https:\/\/thehometownlawyers.com\/es\/abogado-de-lesiones-personales-franklin-ohio\/"]}]},{"@type":"ImageObject","inLanguage":"es","@id":"https:\/\/thehometownlawyers.com\/es\/abogado-de-lesiones-personales-franklin-ohio\/#primaryimage","url":"https:\/\/thehometownlawyers.com\/wp-content\/uploads\/2019\/01\/Leg-Injury-Photo.jpeg","contentUrl":"https:\/\/thehometownlawyers.com\/wp-content\/uploads\/2019\/01\/Leg-Injury-Photo.jpeg","width":640,"height":426,"caption":"Abogado de lesiones personales Condado de Darke, Ohio"},{"@type":"BreadcrumbList","@id":"https:\/\/thehometownlawyers.com\/es\/abogado-de-lesiones-personales-franklin-ohio\/#breadcrumb","itemListElement":[{"@type":"ListItem","position":1,"name":"Home","item":"https:\/\/thehometownlawyers.com\/es\/"},{"@type":"ListItem","position":2,"name":"Abogado de Lesiones Personales en Franklin"}]},{"@type":"WebSite","@id":"https:\/\/thehometownlawyers.com\/es\/#website","url":"https:\/\/thehometownlawyers.com\/es\/","name":"Kruger & Hodges Hometown Injury Lawyers | Accident Attorneys","description":"Attorneys for Car, Truck and Motorcycle Accidents, Personal Injuries, and Criminal Defense.","publisher":{"@id":"https:\/\/thehometownlawyers.com\/es\/#organization"},"alternateName":"Kruger & Hodges Personal Injury Lawyers","inLanguage":"es"},{"@type":"Organization","@id":"https:\/\/thehometownlawyers.com\/es\/#organization","name":"Kruger & Hodges Hometown Injury Lawyers","alternateName":"Kruger & Hodges Accident Attorneys","url":"https:\/\/thehometownlawyers.com\/es\/","logo":{"@type":"ImageObject","inLanguage":"es","@id":"https:\/\/thehometownlawyers.com\/es\/#\/schema\/logo\/image\/","url":"https:\/\/thehometownlawyers.com\/wp-content\/uploads\/2025\/12\/revised-kh-logo-vertical-white-background-scaled.png","contentUrl":"https:\/\/thehometownlawyers.com\/wp-content\/uploads\/2025\/12\/revised-kh-logo-vertical-white-background-scaled.png","width":2560,"height":1440,"caption":"Kruger & Hodges Hometown Injury Lawyers"},"image":{"@id":"https:\/\/thehometownlawyers.com\/es\/#\/schema\/logo\/image\/"},"sameAs":["https:\/\/www.facebook.com\/KrugerHodges\/","https:\/\/www.instagram.com\/krugerhodges\/","https:\/\/www.linkedin.com\/company\/kruger-hodges-hometown-injury-lawyers\/","https:\/\/www.youtube.com\/channel\/UCeYcMaMaN2rb9jMlqt4EIdQ","https:\/\/www.tiktok.com\/@thehometownlawyer"]}]}},"_links":{"self":[{"href":"https:\/\/thehometownlawyers.com\/es\/wp-json\/wp\/v2\/pages\/21191","targetHints":{"allow":["GET"]}}],"collection":[{"href":"https:\/\/thehometownlawyers.com\/es\/wp-json\/wp\/v2\/pages"}],"about":[{"href":"https:\/\/thehometownlawyers.com\/es\/wp-json\/wp\/v2\/types\/page"}],"author":[{"embeddable":true,"href":"https:\/\/thehometownlawyers.com\/es\/wp-json\/wp\/v2\/users\/7"}],"replies":[{"embeddable":true,"href":"https:\/\/thehometownlawyers.com\/es\/wp-json\/wp\/v2\/comments?post=21191"}],"version-history":[{"count":0,"href":"https:\/\/thehometownlawyers.com\/es\/wp-json\/wp\/v2\/pages\/21191\/revisions"}],"wp:featuredmedia":[{"embeddable":true,"href":"https:\/\/thehometownlawyers.com\/es\/wp-json\/wp\/v2\/media\/20730"}],"wp:attachment":[{"href":"https:\/\/thehometownlawyers.com\/es\/wp-json\/wp\/v2\/media?parent=21191"}],"wp:term":[{"taxonomy":"hc_faqs","embeddable":true,"href":"https:\/\/thehometownlawyers.com\/es\/wp-json\/wp\/v2\/hc_faqs?post=21191"},{"taxonomy":"hc_spanish_faqs","embeddable":true,"href":"https:\/\/thehometownlawyers.com\/es\/wp-json\/wp\/v2\/hc_spanish_faqs?post=21191"}],"curies":[{"name":"wp","href":"https:\/\/api.w.org\/{rel}","templated":true}]}}