{"id":21193,"date":"2021-05-16T13:46:11","date_gmt":"2021-05-16T17:46:11","guid":{"rendered":"https:\/\/thehometownlawyers.com\/?page_id=21193"},"modified":"2025-01-31T10:32:54","modified_gmt":"2025-01-31T15:32:54","slug":"abogado-de-accidentes-de-semirremolques-que-presta-servicios-en-greenville-ohio","status":"publish","type":"page","link":"https:\/\/thehometownlawyers.com\/es\/abogado-de-lesiones-personales-que-presta-servicios-en-greenville-ohio\/abogado-de-accidentes-de-semirremolques-que-presta-servicios-en-greenville-ohio\/","title":{"rendered":"Abogado de Accidentes de Semi en Greenville"},"content":{"rendered":"<h2>Abogado de Accidentes de Camiones de Greenville, Ohio<\/h2>\n<p>Debido a las largas horas de insomnio que pasan en la carretera, las pesadas cargas que transportan y las grandes distancias que deben recorrer, los camioneros suelen sufrir graves accidentes en las v\u00edas. Solo en 2018, seg\u00fan lo informado por la <a href=\"https:\/\/www.fmcsa.dot.gov\/safety\/data-and-statistics\/large-truck-and-bus-crash-facts-2018\" target=\"_blank\" rel=\"noopener\">FMCSA (Administraci\u00f3n Federal de Seguridad de Autotransportes)<\/a> , hubo 5,096 accidentes fatales de camiones en los Estados Unidos, un aumento del 1% con respecto al a\u00f1o anterior.<\/p>\n<p>La probabilidad de lesiones catastr\u00f3ficas como resultado de un accidente de cami\u00f3n es alta porque los camiones son mucho m\u00e1s grandes y poderosos que otros veh\u00edculos en las carreteras. La mayor\u00eda de los accidentes de camiones son causados por la <a href=\"https:\/\/www.fmcsa.dot.gov\/safety\/driver-safety\/cmv-driving-tips-driver-fatigue\" target=\"_blank\" rel=\"noopener\">fatiga del conductor<\/a> o por la falta de visibilidad de otros autos en la carretera. Las colisiones de camiones generalmente resultan en muertes o lesiones catastr\u00f3ficas. Adem\u00e1s, dado que los camiones suelen transportar mercanc\u00edas importantes como productos perecederos o incluso sustancias inflamables, los accidentes de camiones tienen un impacto que va m\u00e1s all\u00e1 de las partes involucradas en el incidente. Los conductores de camiones deben permanecer alertas al volante para evitar percances tan tr\u00e1gicos, y los dem\u00e1s conductores siempre deben dejar mucho espacio a los camiones cuando los encuentren en la carretera.<\/p>\n<p class=\"rs-content-cta rs-content-cta-small\">Para una consulta legal gratuita, llame al <a href=\"tel:+15138943333\">513-894-3333 <\/a><\/p><h2>\u00bfCu\u00e1les son los diferentes tipos de accidentes de camiones?<\/h2>\n<p>Hay muchos tipos de accidentes que pueden involucrar a un veh\u00edculo comercial, pero hay algunos tipos de accidentes que son los m\u00e1s comunes. Poseer un conocimiento com\u00fan sobre ellos con anticipaci\u00f3n podr\u00eda ayudarlo a prevenir una colisi\u00f3n por completo o manejar mejor la escena del accidente despu\u00e9s.<\/p>\n<p>Los diferentes tipos de accidentes de camiones incluyen los siguientes:<\/p>\n<ul>\n<li><strong>Colisiones frontales:<\/strong> tales colisiones ocurren cuando el cami\u00f3n choca de frente con otro cami\u00f3n o veh\u00edculo motorizado. Estos accidentes pueden ocurrir cuando cualquiera de los conductores conduce <a href=\"https:\/\/www.nhtsa.gov\/risky-driving\/drunk-driving\" target=\"_blank\" rel=\"noopener\">bajo la influencia<\/a> o tiene sue\u00f1o, no presta atenci\u00f3n a las carreteras o adelanta a otro veh\u00edculo conduciendo en el carril equivocado. Dichos accidentes a menudo resultan en v\u00edctimas, especialmente si ambos veh\u00edculos involucrados estaban siendo conducidos a alta velocidad.<\/li>\n<li>Choques <strong>traseros:<\/strong> estos choques ocurren cuando el cami\u00f3n choca contra la parte trasera de un veh\u00edculo diferente o viceversa. Si bien es menos probable que estos casos den como resultado v\u00edctimas, el da\u00f1o al veh\u00edculo suele ser considerable.<\/li>\n<li><strong>Accidentes de<\/strong> navaja: los accidentes de navaja ocurren cuando un cami\u00f3n que remolca otro veh\u00edculo o que transporta carga en un compartimento adjunto separado gira de tal manera que hace que el veh\u00edculo adjunto gire hacia el cami\u00f3n y se acerque a \u00e9l, de manera similar a como se cierra una navaja. Las lesiones sufridas dependen del tama\u00f1o del veh\u00edculo adjunto. Tambi\u00e9n es dif\u00edcil recibir compensaci\u00f3n por estos accidentes, ya que generalmente son causados en su totalidad por la negligencia del conductor del cami\u00f3n.<\/li>\n<li><strong>Vuelco de veh\u00edculos &#8211;<\/strong> Otro accidente com\u00fan que es com\u00fan entre los camiones que transportan alg\u00fan tipo de mercanc\u00edas es el vuelco del veh\u00edculo debido al peso de la carga. El resultado del vuelco de su veh\u00edculo depende en gran medida de la ubicaci\u00f3n del accidente.<\/li>\n<\/ul>\n<h2>\u00bfQu\u00e9 debe hacer si tiene un accidente de cami\u00f3n?<\/h2>\n<p>Si result\u00f3 lesionado en un accidente de cami\u00f3n en Ohio, el primer paso es dirigirse al hospital m\u00e1s cercano para obtener atenci\u00f3n m\u00e9dica por cualquier lesi\u00f3n f\u00edsica que pueda haber sufrido. Estas lesiones, como <a href=\"https:\/\/www.mayoclinic.org\/diseases-conditions\/whiplash\/symptoms-causes\/syc-20378921\" target=\"_blank\" rel=\"noopener\">latigazo cervical<\/a> , laceraciones, huesos rotos e incluso lesiones cerebrales traum\u00e1ticas (TBI), pueden no ser siempre evidentes de inmediato.<\/p>\n<p>Tambi\u00e9n es importante obtener los detalles del otro veh\u00edculo involucrado, incluido el nombre del propietario y la informaci\u00f3n de contacto y la placa y el n\u00famero de seguro del veh\u00edculo. Documente la escena del accidente tomando fotograf\u00edas de los da\u00f1os causados, el lugar del accidente, as\u00ed como sus lesiones, y guarde cualquier documento m\u00e9dico u otros documentos legales que sirvan como evidencia del accidente. Luego, comun\u00edquese con su compa\u00f1\u00eda de seguros y env\u00ede un aviso a la otra parte exigiendo una compensaci\u00f3n, si corresponde.<\/p>\n<p>Si los da\u00f1os causados por el accidente son considerablemente elevados, siempre es m\u00e1s adecuado acudir a los tribunales para recibir una indemnizaci\u00f3n superior a la que se puede recibir en un arreglo extrajudicial.<\/p>\n<p>Los diversos procesos que siguen a un accidente de cami\u00f3n generalmente pueden parecer extremadamente complejos y agotadores, especialmente porque preferir\u00eda pasar este tiempo recuper\u00e1ndose de las lesiones y el trauma causado por el accidente. Contratar a un abogado de semi accidentes para ayudar a fortalecer su caso y manejar los procedimientos legales puede quitarle una gran carga de encima y le dar\u00e1 la mejor oportunidad de recibir la compensaci\u00f3n que merece.<\/p>\n<p class=\"rs-content-cta rs-content-cta-small\"><a href=\"\/es\/contacto\/\">Haga clic para contactar<\/a> con nuestros accidente de cami\u00f3n abogados hoy<\/p><h2>\u00bfHa estado en un accidente de cami\u00f3n en Greenville, Ohio?<\/h2>\n<p>Si usted o alguien que conoce ha tenido un accidente de cami\u00f3n en Greenville, Ohio, <a href=\"https:\/\/thehometownlawyers.com\/es\/\">Kruger &amp; Hodges<\/a> puede ayudarlo. No dude en ponerse en contacto con nosotros completando nuestro <a href=\"https:\/\/thehometownlawyers.com\/es\/contacto\/\">formulario de contacto<\/a> y programe una consulta gratuita y sin riesgos hoy.<\/p>\n<p class=\"rs-content-cta rs-content-cta-small\">Llame o env\u00ede un mensaje de texto al <a href=\"tel:+15138943333\">513-894-3333<\/a> o complete una <a href=\"\/es\/contacto\/\">evaluaci\u00f3n gratuita de su caso<\/a><\/p>","protected":false},"excerpt":{"rendered":"<p>Abogado de Accidentes de Camiones de Greenville, Ohio Debido a las largas horas de insomnio que pasan en la carretera, las pesadas cargas que transportan y las grandes distancias que deben recorrer, los camioneros suelen sufrir graves accidentes en las v\u00edas. Solo en 2018, seg\u00fan lo informado por la FMCSA (Administraci\u00f3n Federal de Seguridad de &#8230;<\/p>\n","protected":false},"author":7,"featured_media":20728,"parent":21205,"menu_order":0,"comment_status":"closed","ping_status":"closed","template":"","meta":{"_acf_changed":false,"inline_featured_image":false,"_genesis_hide_title":false,"_genesis_hide_breadcrumbs":false,"_genesis_hide_singular_image":false,"_genesis_hide_footer_widgets":false,"_genesis_custom_body_class":"","_genesis_custom_post_class":"","_genesis_layout":"","footnotes":""},"hc_faqs":[],"hc_spanish_faqs":[],"class_list":{"0":"post-21193","1":"page","2":"type-page","3":"status-publish","4":"has-post-thumbnail","6":"entry"},"acf":[],"yoast_head":"<!-- This site is optimized with the Yoast SEO plugin v27.4 - https:\/\/yoast.com\/product\/yoast-seo-wordpress\/ -->\n<title>Abogado de accidentes de semirremolques que presta servicios en Greenville, Ohio: Consulta gratuita<\/title>\n<meta name=\"description\" content=\"Abogado de Accidentes de Camiones de Greenville, Ohio Debido a las largas horas de insomnio que pasan en la carretera, las pesadas cargas que transportan\" \/>\n<meta name=\"robots\" content=\"index, follow, max-snippet:-1, max-image-preview:large, max-video-preview:-1\" \/>\n<link rel=\"canonical\" href=\"https:\/\/thehometownlawyers.com\/es\/abogado-de-lesiones-personales-que-presta-servicios-en-greenville-ohio\/abogado-de-accidentes-de-semirremolques-que-presta-servicios-en-greenville-ohio\/\" \/>\n<meta property=\"og:locale\" content=\"es_MX\" \/>\n<meta property=\"og:type\" content=\"article\" \/>\n<meta property=\"og:title\" content=\"Abogado de accidentes de semirremolques que presta servicios en Greenville, Ohio: Consulta gratuita\" \/>\n<meta property=\"og:description\" content=\"Abogado de Accidentes de Camiones de Greenville, Ohio Debido a las largas horas de insomnio que pasan en la carretera, las pesadas cargas que transportan\" \/>\n<meta property=\"og:url\" content=\"https:\/\/thehometownlawyers.com\/es\/abogado-de-lesiones-personales-que-presta-servicios-en-greenville-ohio\/abogado-de-accidentes-de-semirremolques-que-presta-servicios-en-greenville-ohio\/\" \/>\n<meta property=\"og:site_name\" content=\"Kruger &amp; Hodges Abogados De Lesiones\" \/>\n<meta property=\"article:publisher\" content=\"https:\/\/www.facebook.com\/KrugerHodges\/\" \/>\n<meta property=\"article:modified_time\" content=\"2025-01-31T15:32:54+00:00\" \/>\n<meta property=\"og:image\" content=\"https:\/\/thehometownlawyers.com\/wp-content\/uploads\/2019\/01\/FedEx-Truck-Accident.jpg\" \/>\n\t<meta property=\"og:image:width\" content=\"640\" \/>\n\t<meta property=\"og:image:height\" content=\"427\" \/>\n\t<meta property=\"og:image:type\" content=\"image\/jpeg\" \/>\n<meta name=\"twitter:card\" content=\"summary_large_image\" \/>\n<meta name=\"twitter:label1\" content=\"Tiempo de lectura\" \/>\n\t<meta name=\"twitter:data1\" content=\"4 minutos\" \/>\n<script type=\"application\/ld+json\" class=\"yoast-schema-graph\">{\"@context\":\"https:\\\/\\\/schema.org\",\"@graph\":[{\"@type\":\"WebPage\",\"@id\":\"https:\\\/\\\/thehometownlawyers.com\\\/es\\\/abogado-de-lesiones-personales-que-presta-servicios-en-greenville-ohio\\\/abogado-de-accidentes-de-semirremolques-que-presta-servicios-en-greenville-ohio\\\/\",\"url\":\"https:\\\/\\\/thehometownlawyers.com\\\/es\\\/abogado-de-lesiones-personales-que-presta-servicios-en-greenville-ohio\\\/abogado-de-accidentes-de-semirremolques-que-presta-servicios-en-greenville-ohio\\\/\",\"name\":\"Abogado de accidentes de semirremolques que presta servicios en Greenville, Ohio: Consulta gratuita\",\"isPartOf\":{\"@id\":\"https:\\\/\\\/thehometownlawyers.com\\\/es\\\/#website\"},\"primaryImageOfPage\":{\"@id\":\"https:\\\/\\\/thehometownlawyers.com\\\/es\\\/abogado-de-lesiones-personales-que-presta-servicios-en-greenville-ohio\\\/abogado-de-accidentes-de-semirremolques-que-presta-servicios-en-greenville-ohio\\\/#primaryimage\"},\"image\":{\"@id\":\"https:\\\/\\\/thehometownlawyers.com\\\/es\\\/abogado-de-lesiones-personales-que-presta-servicios-en-greenville-ohio\\\/abogado-de-accidentes-de-semirremolques-que-presta-servicios-en-greenville-ohio\\\/#primaryimage\"},\"thumbnailUrl\":\"https:\\\/\\\/thehometownlawyers.com\\\/wp-content\\\/uploads\\\/2019\\\/01\\\/FedEx-Truck-Accident.jpg\",\"datePublished\":\"2021-05-16T17:46:11+00:00\",\"dateModified\":\"2025-01-31T15:32:54+00:00\",\"description\":\"Abogado de Accidentes de Camiones de Greenville, Ohio Debido a las largas horas de insomnio que pasan en la carretera, las pesadas cargas que transportan\",\"breadcrumb\":{\"@id\":\"https:\\\/\\\/thehometownlawyers.com\\\/es\\\/abogado-de-lesiones-personales-que-presta-servicios-en-greenville-ohio\\\/abogado-de-accidentes-de-semirremolques-que-presta-servicios-en-greenville-ohio\\\/#breadcrumb\"},\"inLanguage\":\"es\",\"potentialAction\":[{\"@type\":\"ReadAction\",\"target\":[\"https:\\\/\\\/thehometownlawyers.com\\\/es\\\/abogado-de-lesiones-personales-que-presta-servicios-en-greenville-ohio\\\/abogado-de-accidentes-de-semirremolques-que-presta-servicios-en-greenville-ohio\\\/\"]}]},{\"@type\":\"ImageObject\",\"inLanguage\":\"es\",\"@id\":\"https:\\\/\\\/thehometownlawyers.com\\\/es\\\/abogado-de-lesiones-personales-que-presta-servicios-en-greenville-ohio\\\/abogado-de-accidentes-de-semirremolques-que-presta-servicios-en-greenville-ohio\\\/#primaryimage\",\"url\":\"https:\\\/\\\/thehometownlawyers.com\\\/wp-content\\\/uploads\\\/2019\\\/01\\\/FedEx-Truck-Accident.jpg\",\"contentUrl\":\"https:\\\/\\\/thehometownlawyers.com\\\/wp-content\\\/uploads\\\/2019\\\/01\\\/FedEx-Truck-Accident.jpg\",\"width\":640,\"height\":427,\"caption\":\"Accidente de tres semirremolques\"},{\"@type\":\"BreadcrumbList\",\"@id\":\"https:\\\/\\\/thehometownlawyers.com\\\/es\\\/abogado-de-lesiones-personales-que-presta-servicios-en-greenville-ohio\\\/abogado-de-accidentes-de-semirremolques-que-presta-servicios-en-greenville-ohio\\\/#breadcrumb\",\"itemListElement\":[{\"@type\":\"ListItem\",\"position\":1,\"name\":\"Home\",\"item\":\"https:\\\/\\\/thehometownlawyers.com\\\/es\\\/\"},{\"@type\":\"ListItem\",\"position\":2,\"name\":\"Abogado de Lesiones Personales en Greenville\",\"item\":\"https:\\\/\\\/thehometownlawyers.com\\\/es\\\/abogado-de-lesiones-personales-que-presta-servicios-en-greenville-ohio\\\/\"},{\"@type\":\"ListItem\",\"position\":3,\"name\":\"Abogado de Accidentes de Semi en Greenville\"}]},{\"@type\":\"WebSite\",\"@id\":\"https:\\\/\\\/thehometownlawyers.com\\\/es\\\/#website\",\"url\":\"https:\\\/\\\/thehometownlawyers.com\\\/es\\\/\",\"name\":\"Kruger & Hodges Hometown Injury Lawyers | Accident Attorneys\",\"description\":\"Attorneys for Car, Truck and Motorcycle Accidents, Personal Injuries, and Criminal Defense.\",\"publisher\":{\"@id\":\"https:\\\/\\\/thehometownlawyers.com\\\/es\\\/#organization\"},\"alternateName\":\"Kruger & Hodges Personal Injury Lawyers\",\"inLanguage\":\"es\"},{\"@type\":\"Organization\",\"@id\":\"https:\\\/\\\/thehometownlawyers.com\\\/es\\\/#organization\",\"name\":\"Kruger & Hodges Hometown Injury Lawyers\",\"alternateName\":\"Kruger & Hodges\",\"url\":\"https:\\\/\\\/thehometownlawyers.com\\\/es\\\/\",\"logo\":{\"@type\":\"ImageObject\",\"inLanguage\":\"es\",\"@id\":\"https:\\\/\\\/thehometownlawyers.com\\\/es\\\/#\\\/schema\\\/logo\\\/image\\\/\",\"url\":\"https:\\\/\\\/thehometownlawyers.com\\\/wp-content\\\/uploads\\\/2025\\\/12\\\/revised-kh-logo-vertical-white-background-scaled.png\",\"contentUrl\":\"https:\\\/\\\/thehometownlawyers.com\\\/wp-content\\\/uploads\\\/2025\\\/12\\\/revised-kh-logo-vertical-white-background-scaled.png\",\"width\":2560,\"height\":1440,\"caption\":\"Kruger & Hodges Hometown Injury Lawyers\"},\"image\":{\"@id\":\"https:\\\/\\\/thehometownlawyers.com\\\/es\\\/#\\\/schema\\\/logo\\\/image\\\/\"},\"sameAs\":[\"https:\\\/\\\/www.facebook.com\\\/KrugerHodges\\\/\",\"https:\\\/\\\/www.instagram.com\\\/krugerhodges\\\/\",\"https:\\\/\\\/www.linkedin.com\\\/company\\\/kruger-hodges-hometown-injury-lawyers\\\/\",\"https:\\\/\\\/www.youtube.com\\\/channel\\\/UCeYcMaMaN2rb9jMlqt4EIdQ\",\"https:\\\/\\\/www.tiktok.com\\\/@thehometownlawyer\"]}]}<\/script>\n<!-- \/ Yoast SEO plugin. -->","yoast_head_json":{"title":"Abogado de accidentes de semirremolques que presta servicios en Greenville, Ohio: Consulta gratuita","description":"Abogado de Accidentes de Camiones de Greenville, Ohio Debido a las largas horas de insomnio que pasan en la carretera, las pesadas cargas que transportan","robots":{"index":"index","follow":"follow","max-snippet":"max-snippet:-1","max-image-preview":"max-image-preview:large","max-video-preview":"max-video-preview:-1"},"canonical":"https:\/\/thehometownlawyers.com\/es\/abogado-de-lesiones-personales-que-presta-servicios-en-greenville-ohio\/abogado-de-accidentes-de-semirremolques-que-presta-servicios-en-greenville-ohio\/","og_locale":"es_MX","og_type":"article","og_title":"Abogado de accidentes de semirremolques que presta servicios en Greenville, Ohio: Consulta gratuita","og_description":"Abogado de Accidentes de Camiones de Greenville, Ohio Debido a las largas horas de insomnio que pasan en la carretera, las pesadas cargas que transportan","og_url":"https:\/\/thehometownlawyers.com\/es\/abogado-de-lesiones-personales-que-presta-servicios-en-greenville-ohio\/abogado-de-accidentes-de-semirremolques-que-presta-servicios-en-greenville-ohio\/","og_site_name":"Kruger &amp; Hodges Abogados De Lesiones","article_publisher":"https:\/\/www.facebook.com\/KrugerHodges\/","article_modified_time":"2025-01-31T15:32:54+00:00","og_image":[{"width":640,"height":427,"url":"https:\/\/thehometownlawyers.com\/wp-content\/uploads\/2019\/01\/FedEx-Truck-Accident.jpg","type":"image\/jpeg"}],"twitter_card":"summary_large_image","twitter_misc":{"Tiempo de lectura":"4 minutos"},"schema":{"@context":"https:\/\/schema.org","@graph":[{"@type":"WebPage","@id":"https:\/\/thehometownlawyers.com\/es\/abogado-de-lesiones-personales-que-presta-servicios-en-greenville-ohio\/abogado-de-accidentes-de-semirremolques-que-presta-servicios-en-greenville-ohio\/","url":"https:\/\/thehometownlawyers.com\/es\/abogado-de-lesiones-personales-que-presta-servicios-en-greenville-ohio\/abogado-de-accidentes-de-semirremolques-que-presta-servicios-en-greenville-ohio\/","name":"Abogado de accidentes de semirremolques que presta servicios en Greenville, Ohio: Consulta gratuita","isPartOf":{"@id":"https:\/\/thehometownlawyers.com\/es\/#website"},"primaryImageOfPage":{"@id":"https:\/\/thehometownlawyers.com\/es\/abogado-de-lesiones-personales-que-presta-servicios-en-greenville-ohio\/abogado-de-accidentes-de-semirremolques-que-presta-servicios-en-greenville-ohio\/#primaryimage"},"image":{"@id":"https:\/\/thehometownlawyers.com\/es\/abogado-de-lesiones-personales-que-presta-servicios-en-greenville-ohio\/abogado-de-accidentes-de-semirremolques-que-presta-servicios-en-greenville-ohio\/#primaryimage"},"thumbnailUrl":"https:\/\/thehometownlawyers.com\/wp-content\/uploads\/2019\/01\/FedEx-Truck-Accident.jpg","datePublished":"2021-05-16T17:46:11+00:00","dateModified":"2025-01-31T15:32:54+00:00","description":"Abogado de Accidentes de Camiones de Greenville, Ohio Debido a las largas horas de insomnio que pasan en la carretera, las pesadas cargas que transportan","breadcrumb":{"@id":"https:\/\/thehometownlawyers.com\/es\/abogado-de-lesiones-personales-que-presta-servicios-en-greenville-ohio\/abogado-de-accidentes-de-semirremolques-que-presta-servicios-en-greenville-ohio\/#breadcrumb"},"inLanguage":"es","potentialAction":[{"@type":"ReadAction","target":["https:\/\/thehometownlawyers.com\/es\/abogado-de-lesiones-personales-que-presta-servicios-en-greenville-ohio\/abogado-de-accidentes-de-semirremolques-que-presta-servicios-en-greenville-ohio\/"]}]},{"@type":"ImageObject","inLanguage":"es","@id":"https:\/\/thehometownlawyers.com\/es\/abogado-de-lesiones-personales-que-presta-servicios-en-greenville-ohio\/abogado-de-accidentes-de-semirremolques-que-presta-servicios-en-greenville-ohio\/#primaryimage","url":"https:\/\/thehometownlawyers.com\/wp-content\/uploads\/2019\/01\/FedEx-Truck-Accident.jpg","contentUrl":"https:\/\/thehometownlawyers.com\/wp-content\/uploads\/2019\/01\/FedEx-Truck-Accident.jpg","width":640,"height":427,"caption":"Accidente de tres semirremolques"},{"@type":"BreadcrumbList","@id":"https:\/\/thehometownlawyers.com\/es\/abogado-de-lesiones-personales-que-presta-servicios-en-greenville-ohio\/abogado-de-accidentes-de-semirremolques-que-presta-servicios-en-greenville-ohio\/#breadcrumb","itemListElement":[{"@type":"ListItem","position":1,"name":"Home","item":"https:\/\/thehometownlawyers.com\/es\/"},{"@type":"ListItem","position":2,"name":"Abogado de Lesiones Personales en Greenville","item":"https:\/\/thehometownlawyers.com\/es\/abogado-de-lesiones-personales-que-presta-servicios-en-greenville-ohio\/"},{"@type":"ListItem","position":3,"name":"Abogado de Accidentes de Semi en Greenville"}]},{"@type":"WebSite","@id":"https:\/\/thehometownlawyers.com\/es\/#website","url":"https:\/\/thehometownlawyers.com\/es\/","name":"Kruger & Hodges Hometown Injury Lawyers | Accident Attorneys","description":"Attorneys for Car, Truck and Motorcycle Accidents, Personal Injuries, and Criminal Defense.","publisher":{"@id":"https:\/\/thehometownlawyers.com\/es\/#organization"},"alternateName":"Kruger & Hodges Personal Injury Lawyers","inLanguage":"es"},{"@type":"Organization","@id":"https:\/\/thehometownlawyers.com\/es\/#organization","name":"Kruger & Hodges Hometown Injury Lawyers","alternateName":"Kruger & Hodges","url":"https:\/\/thehometownlawyers.com\/es\/","logo":{"@type":"ImageObject","inLanguage":"es","@id":"https:\/\/thehometownlawyers.com\/es\/#\/schema\/logo\/image\/","url":"https:\/\/thehometownlawyers.com\/wp-content\/uploads\/2025\/12\/revised-kh-logo-vertical-white-background-scaled.png","contentUrl":"https:\/\/thehometownlawyers.com\/wp-content\/uploads\/2025\/12\/revised-kh-logo-vertical-white-background-scaled.png","width":2560,"height":1440,"caption":"Kruger & Hodges Hometown Injury Lawyers"},"image":{"@id":"https:\/\/thehometownlawyers.com\/es\/#\/schema\/logo\/image\/"},"sameAs":["https:\/\/www.facebook.com\/KrugerHodges\/","https:\/\/www.instagram.com\/krugerhodges\/","https:\/\/www.linkedin.com\/company\/kruger-hodges-hometown-injury-lawyers\/","https:\/\/www.youtube.com\/channel\/UCeYcMaMaN2rb9jMlqt4EIdQ","https:\/\/www.tiktok.com\/@thehometownlawyer"]}]}},"_links":{"self":[{"href":"https:\/\/thehometownlawyers.com\/es\/wp-json\/wp\/v2\/pages\/21193","targetHints":{"allow":["GET"]}}],"collection":[{"href":"https:\/\/thehometownlawyers.com\/es\/wp-json\/wp\/v2\/pages"}],"about":[{"href":"https:\/\/thehometownlawyers.com\/es\/wp-json\/wp\/v2\/types\/page"}],"author":[{"embeddable":true,"href":"https:\/\/thehometownlawyers.com\/es\/wp-json\/wp\/v2\/users\/7"}],"replies":[{"embeddable":true,"href":"https:\/\/thehometownlawyers.com\/es\/wp-json\/wp\/v2\/comments?post=21193"}],"version-history":[{"count":0,"href":"https:\/\/thehometownlawyers.com\/es\/wp-json\/wp\/v2\/pages\/21193\/revisions"}],"up":[{"embeddable":true,"href":"https:\/\/thehometownlawyers.com\/es\/wp-json\/wp\/v2\/pages\/21205"}],"wp:featuredmedia":[{"embeddable":true,"href":"https:\/\/thehometownlawyers.com\/es\/wp-json\/wp\/v2\/media\/20728"}],"wp:attachment":[{"href":"https:\/\/thehometownlawyers.com\/es\/wp-json\/wp\/v2\/media?parent=21193"}],"wp:term":[{"taxonomy":"hc_faqs","embeddable":true,"href":"https:\/\/thehometownlawyers.com\/es\/wp-json\/wp\/v2\/hc_faqs?post=21193"},{"taxonomy":"hc_spanish_faqs","embeddable":true,"href":"https:\/\/thehometownlawyers.com\/es\/wp-json\/wp\/v2\/hc_spanish_faqs?post=21193"}],"curies":[{"name":"wp","href":"https:\/\/api.w.org\/{rel}","templated":true}]}}