{"id":21194,"date":"2021-01-24T16:28:03","date_gmt":"2021-01-24T21:28:03","guid":{"rendered":"https:\/\/thehometownlawyers.com\/?page_id=21194"},"modified":"2025-01-31T10:44:15","modified_gmt":"2025-01-31T15:44:15","slug":"abogados-de-accidentes-de-motocicleta-en-eaton-ohio","status":"publish","type":"page","link":"https:\/\/thehometownlawyers.com\/es\/abogados-de-lesiones-personales-en-eaton-ohio\/abogados-de-accidentes-de-motocicleta-en-eaton-ohio\/","title":{"rendered":"Abogado de Accidente de Motocicleta en Eaton"},"content":{"rendered":"<h2>Abogados de accidentes de motocicleta en Eaton, Ohio<\/h2>\n<p>No hay nada tan satisfactorio como experimentar el camino abierto. Andar en motocicleta ofrece una perspectiva \u00fanica y presenta el mundo a un viajero de una manera nueva. Esto ha llevado a una explosi\u00f3n en el n\u00famero de personas que andan en motocicleta; el n\u00famero de motociclistas se ha duplicado desde 2002, <a href=\"https:\/\/www.iihs.org\/api\/datastoredocument\/bibliography\/2181\" target=\"_blank\" rel=\"noopener\">con m\u00e1s de 8 millones de<\/a> motociclistas en la carretera hoy. Si result\u00f3 herido en un accidente de bicicleta, los abogados de accidentes de motocicleta de Eaton, Ohio en <a href=\"https:\/\/thehometownlawyers.com\/es\/acerca-de-los-abogados-de-kruger-hodges\/\">Kruger &amp; Hodges<\/a> defender\u00e1n sus derechos y buscar\u00e1n la compensaci\u00f3n que se le debe.<\/p>\n<p>Sin embargo, conducir una motocicleta conlleva algunos riesgos mayores. Las motocicletas pueden ofrecer una mejor oportunidad de experimentar el viento en el cabello, pero tambi\u00e9n ofrecen menos protecci\u00f3n que el chasis de metal de un autom\u00f3vil. Lamentablemente, esto es algo que muchos de los que conducen autom\u00f3viles no tienen en cuenta y no dejan a los motociclistas el espacio que necesitan para conducir con seguridad. Los motociclistas corren un mayor riesgo de lesiones durante una colisi\u00f3n debido a su exposici\u00f3n. Esto significa que los accidentes de motocicleta pueden ser mortales para los conductores.<\/p>\n<p class=\"rs-content-cta rs-content-cta-small\">Para una consulta legal gratuita, llame al <a href=\"tel:+19377336079\">937-733-6079 <\/a><\/p><h2>\u00bfCu\u00e1ntos accidentes de motocicleta ocurren en Ohio cada a\u00f1o?<\/h2>\n<p>Solo en el \u00faltimo a\u00f1o, <a href=\"https:\/\/statepatrol.ohio.gov\/statistics\/statspage3.asp\" target=\"_blank\" rel=\"noopener\">hubo 160 accidentes fatales<\/a> de motocicletas en el estado de Ohio. Estos accidentes con frecuencia son causados por negligencia del conductor del autom\u00f3vil, no del motociclista. Algunos de los factores que com\u00fanmente contribuyen a los accidentes de motocicleta incluyen:<\/p>\n<ul>\n<li>Basura o escombros en el camino<\/li>\n<li>Cigarrillos arrojados desde los autos<\/li>\n<li>Conductores distra\u00eddos<\/li>\n<li>Inclemencias del tiempo<\/li>\n<li>R\u00e1fagas de viento de veh\u00edculos m\u00e1s grandes que pasan a toda velocidad<\/li>\n<\/ul>\n<p>En estas situaciones, ni siquiera se necesita contacto con otro autom\u00f3vil para causar un desastre. Sin embargo, incluso cuando hay contacto, incluso algo aparentemente m\u00ednimo, como un golpe lateral, puede provocar un accidente.<\/p>\n<p>Los motociclistas pueden chocar o resultar gravemente lesionados cuando son golpeados por el espejo de un veh\u00edculo, cuando est\u00e1n detr\u00e1s de un autom\u00f3vil que se detiene demasiado repentinamente o cuando los sigue un autom\u00f3vil que no se detiene lo suficientemente r\u00e1pido. Todo esto, y ni siquiera trae a la ecuaci\u00f3n fallas mec\u00e1nicas o malas condiciones de la carretera, que afectan a los conductores en todas partes.<\/p>\n<p class=\"rs-content-cta\">Abogado de Lesiones Personales de Eaton Cerca de M\u00ed <a href=\"tel:+19377336079\">937-733-6079<\/a><\/p><h2>Evitar un accidente de motocicleta<\/h2>\n<p>Al decir todo esto, todav\u00eda hay muchas maneras en las que podr\u00eda operar una motocicleta de manera segura y nunca tener un accidente. En primer lugar, es importante tener la licencia adecuada y estar capacitado para conducir una motocicleta. Es importante llevar ropa adecuada y, lo m\u00e1s importante, casco. Se estima que <a href=\"https:\/\/crashstats.nhtsa.dot.gov\/Api\/Public\/ViewPublication\/812492\" target=\"_blank\" rel=\"noopener\">se podr\u00edan salvar un poco m\u00e1s de 1.800 vidas<\/a> cada a\u00f1o si todos los motociclistas usaran cascos.<\/p>\n<p>Una cosa que muchos estados han prohibido es la divisi\u00f3n de carriles, que consiste en conducir entre los carriles de los autom\u00f3viles. Mientras que en Ohio, no existe una ley expl\u00edcita que proh\u00edba la divisi\u00f3n de carriles, la divisi\u00f3n de carriles infringe otras leyes menores de la carretera y, en general, no es una decisi\u00f3n acertada al considerar la seguridad del motociclista y quienes lo rodean.<\/p>\n<p class=\"rs-content-cta rs-content-cta-small\"><a href=\"\/es\/contacto\/\">Haga clic para contactar<\/a> con nuestros lesiones personales abogados hoy<\/p><h2>Lesiones Comunes de Accidentes de Motocicleta<\/h2>\n<p>Los tipos de lesiones que pueden ocurrir en un accidente dependen de lo que le suceda exactamente al ciclista. Si el ciclista puede permanecer conectado a tierra y en la motocicleta, es posible que solo se enfrente a huesos rotos, cortes o contusiones. Sin embargo, cada vez que una v\u00edctima sale despedida de la motocicleta, por lo general se producen lesiones devastadoras.<\/p>\n<p>Para empezar, cualquier piel descubierta est\u00e1 expuesta a varios grados de erupci\u00f3n de la carretera, a veces con quemaduras que bajan o atraviesan los nervios. Adem\u00e1s, las lesiones por conmoci\u00f3n cerebral pueden provocar lesiones cerebrales traum\u00e1ticas (TBI), \u00f3rganos rotos o da\u00f1ados, o lesiones en los m\u00fasculos. Cualquiera de estas lesiones podr\u00eda ser suficiente para evitar que alguien vuelva a conducir una motocicleta, sin mencionar las implicaciones de por vida para otras lesiones de larga duraci\u00f3n.<\/p>\n<p class=\"rs-content-cta rs-content-cta-small\">Complete una <a href=\"\/es\/contacto\/\">evaluaci\u00f3n gratuita de su caso<\/a> ahora<\/p><h2>C\u00f3mo pueden ayudar sus abogados de accidentes de motocicleta en Eaton, Ohio<\/h2>\n<p>Es importante hacer un balance inicial de la situaci\u00f3n despu\u00e9s de un accidente de motocicleta. Eval\u00fae los da\u00f1os a su veh\u00edculo, a los veh\u00edculos de otros, y llame a la polic\u00eda a la escena. Aseg\u00farese de proporcionar una declaraci\u00f3n y de tener cualquier informaci\u00f3n relevante sobre otras partes incluidas en el accidente.<\/p>\n<p>A partir de ah\u00ed, es importante documentar cualquier lesi\u00f3n y hacer que un m\u00e9dico u otro profesional de la salud las revise. Despu\u00e9s de consultar a su m\u00e9dico, muchas personas quieren llamar a sus agencias de seguros, pero es importante llamar a nuestros abogados de accidentes de motocicleta en Eaton, Hamilton y Middletown. Al hablar con la compa\u00f1\u00eda de seguros, generalmente renuncia al derecho de buscar individualmente una remuneraci\u00f3n por da\u00f1os a su salud o propiedad.<\/p>\n<h2>\u00bfSe ha lesionado en un accidente de motocicleta?<\/h2>\n<p>Es importante recordar que su abogado est\u00e1 de su lado y nuestro objetivo es ayudarlo a obtener la compensaci\u00f3n que merece por sus lesiones. Podemos ayudarlo a informarle sobre los pasos adicionales que debe tomar para prepararse para una acci\u00f3n legal contra cualquier persona que pueda haberlo lastimado por su negligencia. Si usted o alguien que conoce ha tenido un accidente, no dude en <a href=\"https:\/\/thehometownlawyers.com\/es\/contacto\/\">comunicarse con nosotros<\/a> en Kruger &amp; Hodges hoy para hablar con nuestros abogados de accidentes de motocicleta en Eaton, OH.<\/p>\n<p class=\"rs-content-cta rs-content-cta-small\">Llame o env\u00ede un mensaje de texto al <a href=\"tel:+19377336079\">937-733-6079<\/a> o complete una <a href=\"\/es\/contacto\/\">evaluaci\u00f3n gratuita de su caso<\/a><\/p>","protected":false},"excerpt":{"rendered":"<p>Abogados de accidentes de motocicleta en Eaton, Ohio No hay nada tan satisfactorio como experimentar el camino abierto. Andar en motocicleta ofrece una perspectiva \u00fanica y presenta el mundo a un viajero de una manera nueva. Esto ha llevado a una explosi\u00f3n en el n\u00famero de personas que andan en motocicleta; el n\u00famero de motociclistas &#8230;<\/p>\n","protected":false},"author":7,"featured_media":20861,"parent":21199,"menu_order":0,"comment_status":"closed","ping_status":"closed","template":"","meta":{"_acf_changed":false,"inline_featured_image":false,"_genesis_hide_title":false,"_genesis_hide_breadcrumbs":false,"_genesis_hide_singular_image":false,"_genesis_hide_footer_widgets":false,"_genesis_custom_body_class":"","_genesis_custom_post_class":"","_genesis_layout":"","footnotes":""},"hc_faqs":[],"hc_spanish_faqs":[],"class_list":{"0":"post-21194","1":"page","2":"type-page","3":"status-publish","4":"has-post-thumbnail","6":"hc_city_location-eaton-es","7":"entry"},"acf":[],"yoast_head":"<!-- This site is optimized with the Yoast SEO plugin v27.3 - https:\/\/yoast.com\/product\/yoast-seo-wordpress\/ -->\n<title>Abogados de accidentes de motocicleta en Eaton, Ohio: Consulta gratuita<\/title>\n<meta name=\"description\" content=\"Si resulta herido en un accidente de bicicleta, nuestros abogados de accidentes de motocicleta en Eaton defender\u00e1n sus derechos y buscar\u00e1n la compensaci\u00f3n que se le debe.\" \/>\n<meta name=\"robots\" content=\"index, follow, max-snippet:-1, max-image-preview:large, max-video-preview:-1\" \/>\n<link rel=\"canonical\" href=\"https:\/\/thehometownlawyers.com\/es\/abogados-de-lesiones-personales-en-eaton-ohio\/abogados-de-accidentes-de-motocicleta-en-eaton-ohio\/\" \/>\n<meta property=\"og:locale\" content=\"es_MX\" \/>\n<meta property=\"og:type\" content=\"article\" \/>\n<meta property=\"og:title\" content=\"Abogados de accidentes de motocicleta en Eaton, Ohio: Consulta gratuita\" \/>\n<meta property=\"og:description\" content=\"Si resulta herido en un accidente de bicicleta, nuestros abogados de accidentes de motocicleta en Eaton defender\u00e1n sus derechos y buscar\u00e1n la compensaci\u00f3n que se le debe.\" \/>\n<meta property=\"og:url\" content=\"https:\/\/thehometownlawyers.com\/es\/abogados-de-lesiones-personales-en-eaton-ohio\/abogados-de-accidentes-de-motocicleta-en-eaton-ohio\/\" \/>\n<meta property=\"og:site_name\" content=\"Kruger &amp; Hodges Abogados De Lesiones\" \/>\n<meta property=\"article:publisher\" content=\"https:\/\/www.facebook.com\/KrugerHodges\/\" \/>\n<meta property=\"article:modified_time\" content=\"2025-01-31T15:44:15+00:00\" \/>\n<meta property=\"og:image\" content=\"https:\/\/thehometownlawyers.com\/wp-content\/uploads\/2021\/09\/white-striped-motorcycle.jpg\" \/>\n\t<meta property=\"og:image:width\" content=\"1920\" \/>\n\t<meta property=\"og:image:height\" content=\"1080\" \/>\n\t<meta property=\"og:image:type\" content=\"image\/jpeg\" \/>\n<meta name=\"twitter:card\" content=\"summary_large_image\" \/>\n<meta name=\"twitter:label1\" content=\"Tiempo de lectura\" \/>\n\t<meta name=\"twitter:data1\" content=\"5 minutos\" \/>\n<script type=\"application\/ld+json\" class=\"yoast-schema-graph\">{\"@context\":\"https:\\\/\\\/schema.org\",\"@graph\":[{\"@type\":\"WebPage\",\"@id\":\"https:\\\/\\\/thehometownlawyers.com\\\/es\\\/abogados-de-lesiones-personales-en-eaton-ohio\\\/abogados-de-accidentes-de-motocicleta-en-eaton-ohio\\\/\",\"url\":\"https:\\\/\\\/thehometownlawyers.com\\\/es\\\/abogados-de-lesiones-personales-en-eaton-ohio\\\/abogados-de-accidentes-de-motocicleta-en-eaton-ohio\\\/\",\"name\":\"Abogados de accidentes de motocicleta en Eaton, Ohio: Consulta gratuita\",\"isPartOf\":{\"@id\":\"https:\\\/\\\/thehometownlawyers.com\\\/es\\\/#website\"},\"primaryImageOfPage\":{\"@id\":\"https:\\\/\\\/thehometownlawyers.com\\\/es\\\/abogados-de-lesiones-personales-en-eaton-ohio\\\/abogados-de-accidentes-de-motocicleta-en-eaton-ohio\\\/#primaryimage\"},\"image\":{\"@id\":\"https:\\\/\\\/thehometownlawyers.com\\\/es\\\/abogados-de-lesiones-personales-en-eaton-ohio\\\/abogados-de-accidentes-de-motocicleta-en-eaton-ohio\\\/#primaryimage\"},\"thumbnailUrl\":\"https:\\\/\\\/thehometownlawyers.com\\\/wp-content\\\/uploads\\\/2021\\\/09\\\/white-striped-motorcycle.jpg\",\"datePublished\":\"2021-01-24T21:28:03+00:00\",\"dateModified\":\"2025-01-31T15:44:15+00:00\",\"description\":\"Si resulta herido en un accidente de bicicleta, nuestros abogados de accidentes de motocicleta en Eaton defender\u00e1n sus derechos y buscar\u00e1n la compensaci\u00f3n que se le debe.\",\"breadcrumb\":{\"@id\":\"https:\\\/\\\/thehometownlawyers.com\\\/es\\\/abogados-de-lesiones-personales-en-eaton-ohio\\\/abogados-de-accidentes-de-motocicleta-en-eaton-ohio\\\/#breadcrumb\"},\"inLanguage\":\"es\",\"potentialAction\":[{\"@type\":\"ReadAction\",\"target\":[\"https:\\\/\\\/thehometownlawyers.com\\\/es\\\/abogados-de-lesiones-personales-en-eaton-ohio\\\/abogados-de-accidentes-de-motocicleta-en-eaton-ohio\\\/\"]}]},{\"@type\":\"ImageObject\",\"inLanguage\":\"es\",\"@id\":\"https:\\\/\\\/thehometownlawyers.com\\\/es\\\/abogados-de-lesiones-personales-en-eaton-ohio\\\/abogados-de-accidentes-de-motocicleta-en-eaton-ohio\\\/#primaryimage\",\"url\":\"https:\\\/\\\/thehometownlawyers.com\\\/wp-content\\\/uploads\\\/2021\\\/09\\\/white-striped-motorcycle.jpg\",\"contentUrl\":\"https:\\\/\\\/thehometownlawyers.com\\\/wp-content\\\/uploads\\\/2021\\\/09\\\/white-striped-motorcycle.jpg\",\"width\":1920,\"height\":1080,\"caption\":\"moto estacionada\"},{\"@type\":\"BreadcrumbList\",\"@id\":\"https:\\\/\\\/thehometownlawyers.com\\\/es\\\/abogados-de-lesiones-personales-en-eaton-ohio\\\/abogados-de-accidentes-de-motocicleta-en-eaton-ohio\\\/#breadcrumb\",\"itemListElement\":[{\"@type\":\"ListItem\",\"position\":1,\"name\":\"Home\",\"item\":\"https:\\\/\\\/thehometownlawyers.com\\\/es\\\/\"},{\"@type\":\"ListItem\",\"position\":2,\"name\":\"Abogado de Lesiones Personales en Eaton\",\"item\":\"https:\\\/\\\/thehometownlawyers.com\\\/es\\\/abogados-de-lesiones-personales-en-eaton-ohio\\\/\"},{\"@type\":\"ListItem\",\"position\":3,\"name\":\"Abogado de Accidente de Motocicleta en Eaton\"}]},{\"@type\":\"WebSite\",\"@id\":\"https:\\\/\\\/thehometownlawyers.com\\\/es\\\/#website\",\"url\":\"https:\\\/\\\/thehometownlawyers.com\\\/es\\\/\",\"name\":\"Kruger & Hodges Hometown Injury Lawyers | Accident Attorneys\",\"description\":\"Attorneys for Car, Truck and Motorcycle Accidents, Personal Injuries, and Criminal Defense.\",\"publisher\":{\"@id\":\"https:\\\/\\\/thehometownlawyers.com\\\/es\\\/#organization\"},\"alternateName\":\"Kruger & Hodges Personal Injury Lawyers\",\"inLanguage\":\"es\"},{\"@type\":\"Organization\",\"@id\":\"https:\\\/\\\/thehometownlawyers.com\\\/es\\\/#organization\",\"name\":\"Kruger & Hodges Hometown Injury Lawyers\",\"alternateName\":\"Kruger & Hodges\",\"url\":\"https:\\\/\\\/thehometownlawyers.com\\\/es\\\/\",\"logo\":{\"@type\":\"ImageObject\",\"inLanguage\":\"es\",\"@id\":\"https:\\\/\\\/thehometownlawyers.com\\\/es\\\/#\\\/schema\\\/logo\\\/image\\\/\",\"url\":\"https:\\\/\\\/thehometownlawyers.com\\\/wp-content\\\/uploads\\\/2025\\\/12\\\/revised-kh-logo-vertical-white-background-scaled.png\",\"contentUrl\":\"https:\\\/\\\/thehometownlawyers.com\\\/wp-content\\\/uploads\\\/2025\\\/12\\\/revised-kh-logo-vertical-white-background-scaled.png\",\"width\":2560,\"height\":1440,\"caption\":\"Kruger & Hodges Hometown Injury Lawyers\"},\"image\":{\"@id\":\"https:\\\/\\\/thehometownlawyers.com\\\/es\\\/#\\\/schema\\\/logo\\\/image\\\/\"},\"sameAs\":[\"https:\\\/\\\/www.facebook.com\\\/KrugerHodges\\\/\",\"https:\\\/\\\/www.instagram.com\\\/krugerhodges\\\/\",\"https:\\\/\\\/www.linkedin.com\\\/company\\\/kruger-hodges-hometown-injury-lawyers\\\/\",\"https:\\\/\\\/www.youtube.com\\\/channel\\\/UCeYcMaMaN2rb9jMlqt4EIdQ\",\"https:\\\/\\\/www.tiktok.com\\\/@thehometownlawyer\"]}]}<\/script>\n<!-- \/ Yoast SEO plugin. -->","yoast_head_json":{"title":"Abogados de accidentes de motocicleta en Eaton, Ohio: Consulta gratuita","description":"Si resulta herido en un accidente de bicicleta, nuestros abogados de accidentes de motocicleta en Eaton defender\u00e1n sus derechos y buscar\u00e1n la compensaci\u00f3n que se le debe.","robots":{"index":"index","follow":"follow","max-snippet":"max-snippet:-1","max-image-preview":"max-image-preview:large","max-video-preview":"max-video-preview:-1"},"canonical":"https:\/\/thehometownlawyers.com\/es\/abogados-de-lesiones-personales-en-eaton-ohio\/abogados-de-accidentes-de-motocicleta-en-eaton-ohio\/","og_locale":"es_MX","og_type":"article","og_title":"Abogados de accidentes de motocicleta en Eaton, Ohio: Consulta gratuita","og_description":"Si resulta herido en un accidente de bicicleta, nuestros abogados de accidentes de motocicleta en Eaton defender\u00e1n sus derechos y buscar\u00e1n la compensaci\u00f3n que se le debe.","og_url":"https:\/\/thehometownlawyers.com\/es\/abogados-de-lesiones-personales-en-eaton-ohio\/abogados-de-accidentes-de-motocicleta-en-eaton-ohio\/","og_site_name":"Kruger &amp; Hodges Abogados De Lesiones","article_publisher":"https:\/\/www.facebook.com\/KrugerHodges\/","article_modified_time":"2025-01-31T15:44:15+00:00","og_image":[{"width":1920,"height":1080,"url":"https:\/\/thehometownlawyers.com\/wp-content\/uploads\/2021\/09\/white-striped-motorcycle.jpg","type":"image\/jpeg"}],"twitter_card":"summary_large_image","twitter_misc":{"Tiempo de lectura":"5 minutos"},"schema":{"@context":"https:\/\/schema.org","@graph":[{"@type":"WebPage","@id":"https:\/\/thehometownlawyers.com\/es\/abogados-de-lesiones-personales-en-eaton-ohio\/abogados-de-accidentes-de-motocicleta-en-eaton-ohio\/","url":"https:\/\/thehometownlawyers.com\/es\/abogados-de-lesiones-personales-en-eaton-ohio\/abogados-de-accidentes-de-motocicleta-en-eaton-ohio\/","name":"Abogados de accidentes de motocicleta en Eaton, Ohio: Consulta gratuita","isPartOf":{"@id":"https:\/\/thehometownlawyers.com\/es\/#website"},"primaryImageOfPage":{"@id":"https:\/\/thehometownlawyers.com\/es\/abogados-de-lesiones-personales-en-eaton-ohio\/abogados-de-accidentes-de-motocicleta-en-eaton-ohio\/#primaryimage"},"image":{"@id":"https:\/\/thehometownlawyers.com\/es\/abogados-de-lesiones-personales-en-eaton-ohio\/abogados-de-accidentes-de-motocicleta-en-eaton-ohio\/#primaryimage"},"thumbnailUrl":"https:\/\/thehometownlawyers.com\/wp-content\/uploads\/2021\/09\/white-striped-motorcycle.jpg","datePublished":"2021-01-24T21:28:03+00:00","dateModified":"2025-01-31T15:44:15+00:00","description":"Si resulta herido en un accidente de bicicleta, nuestros abogados de accidentes de motocicleta en Eaton defender\u00e1n sus derechos y buscar\u00e1n la compensaci\u00f3n que se le debe.","breadcrumb":{"@id":"https:\/\/thehometownlawyers.com\/es\/abogados-de-lesiones-personales-en-eaton-ohio\/abogados-de-accidentes-de-motocicleta-en-eaton-ohio\/#breadcrumb"},"inLanguage":"es","potentialAction":[{"@type":"ReadAction","target":["https:\/\/thehometownlawyers.com\/es\/abogados-de-lesiones-personales-en-eaton-ohio\/abogados-de-accidentes-de-motocicleta-en-eaton-ohio\/"]}]},{"@type":"ImageObject","inLanguage":"es","@id":"https:\/\/thehometownlawyers.com\/es\/abogados-de-lesiones-personales-en-eaton-ohio\/abogados-de-accidentes-de-motocicleta-en-eaton-ohio\/#primaryimage","url":"https:\/\/thehometownlawyers.com\/wp-content\/uploads\/2021\/09\/white-striped-motorcycle.jpg","contentUrl":"https:\/\/thehometownlawyers.com\/wp-content\/uploads\/2021\/09\/white-striped-motorcycle.jpg","width":1920,"height":1080,"caption":"moto estacionada"},{"@type":"BreadcrumbList","@id":"https:\/\/thehometownlawyers.com\/es\/abogados-de-lesiones-personales-en-eaton-ohio\/abogados-de-accidentes-de-motocicleta-en-eaton-ohio\/#breadcrumb","itemListElement":[{"@type":"ListItem","position":1,"name":"Home","item":"https:\/\/thehometownlawyers.com\/es\/"},{"@type":"ListItem","position":2,"name":"Abogado de Lesiones Personales en Eaton","item":"https:\/\/thehometownlawyers.com\/es\/abogados-de-lesiones-personales-en-eaton-ohio\/"},{"@type":"ListItem","position":3,"name":"Abogado de Accidente de Motocicleta en Eaton"}]},{"@type":"WebSite","@id":"https:\/\/thehometownlawyers.com\/es\/#website","url":"https:\/\/thehometownlawyers.com\/es\/","name":"Kruger & Hodges Hometown Injury Lawyers | Accident Attorneys","description":"Attorneys for Car, Truck and Motorcycle Accidents, Personal Injuries, and Criminal Defense.","publisher":{"@id":"https:\/\/thehometownlawyers.com\/es\/#organization"},"alternateName":"Kruger & Hodges Personal Injury Lawyers","inLanguage":"es"},{"@type":"Organization","@id":"https:\/\/thehometownlawyers.com\/es\/#organization","name":"Kruger & Hodges Hometown Injury Lawyers","alternateName":"Kruger & Hodges","url":"https:\/\/thehometownlawyers.com\/es\/","logo":{"@type":"ImageObject","inLanguage":"es","@id":"https:\/\/thehometownlawyers.com\/es\/#\/schema\/logo\/image\/","url":"https:\/\/thehometownlawyers.com\/wp-content\/uploads\/2025\/12\/revised-kh-logo-vertical-white-background-scaled.png","contentUrl":"https:\/\/thehometownlawyers.com\/wp-content\/uploads\/2025\/12\/revised-kh-logo-vertical-white-background-scaled.png","width":2560,"height":1440,"caption":"Kruger & Hodges Hometown Injury Lawyers"},"image":{"@id":"https:\/\/thehometownlawyers.com\/es\/#\/schema\/logo\/image\/"},"sameAs":["https:\/\/www.facebook.com\/KrugerHodges\/","https:\/\/www.instagram.com\/krugerhodges\/","https:\/\/www.linkedin.com\/company\/kruger-hodges-hometown-injury-lawyers\/","https:\/\/www.youtube.com\/channel\/UCeYcMaMaN2rb9jMlqt4EIdQ","https:\/\/www.tiktok.com\/@thehometownlawyer"]}]}},"_links":{"self":[{"href":"https:\/\/thehometownlawyers.com\/es\/wp-json\/wp\/v2\/pages\/21194","targetHints":{"allow":["GET"]}}],"collection":[{"href":"https:\/\/thehometownlawyers.com\/es\/wp-json\/wp\/v2\/pages"}],"about":[{"href":"https:\/\/thehometownlawyers.com\/es\/wp-json\/wp\/v2\/types\/page"}],"author":[{"embeddable":true,"href":"https:\/\/thehometownlawyers.com\/es\/wp-json\/wp\/v2\/users\/7"}],"replies":[{"embeddable":true,"href":"https:\/\/thehometownlawyers.com\/es\/wp-json\/wp\/v2\/comments?post=21194"}],"version-history":[{"count":0,"href":"https:\/\/thehometownlawyers.com\/es\/wp-json\/wp\/v2\/pages\/21194\/revisions"}],"up":[{"embeddable":true,"href":"https:\/\/thehometownlawyers.com\/es\/wp-json\/wp\/v2\/pages\/21199"}],"wp:featuredmedia":[{"embeddable":true,"href":"https:\/\/thehometownlawyers.com\/es\/wp-json\/wp\/v2\/media\/20861"}],"wp:attachment":[{"href":"https:\/\/thehometownlawyers.com\/es\/wp-json\/wp\/v2\/media?parent=21194"}],"wp:term":[{"taxonomy":"hc_faqs","embeddable":true,"href":"https:\/\/thehometownlawyers.com\/es\/wp-json\/wp\/v2\/hc_faqs?post=21194"},{"taxonomy":"hc_spanish_faqs","embeddable":true,"href":"https:\/\/thehometownlawyers.com\/es\/wp-json\/wp\/v2\/hc_spanish_faqs?post=21194"}],"curies":[{"name":"wp","href":"https:\/\/api.w.org\/{rel}","templated":true}]}}