{"id":21195,"date":"2021-03-24T21:46:28","date_gmt":"2021-03-25T01:46:28","guid":{"rendered":"https:\/\/thehometownlawyers.com\/?page_id=21195"},"modified":"2025-01-31T12:55:18","modified_gmt":"2025-01-31T17:55:18","slug":"abogado-de-choque-de-motocicleta-condado-de-preble","status":"publish","type":"page","link":"https:\/\/thehometownlawyers.com\/es\/abogados-de-lesiones-personales-en-el-condado-de-preble-ohio\/abogado-de-choque-de-motocicleta-condado-de-preble\/","title":{"rendered":"Abogado de Accidente de Motocicleta en Preble County"},"content":{"rendered":"<h2>Abogados de accidentes de motocicleta en el condado de Preble, Ohio<\/h2>\n<p>Conducir una motocicleta es una experiencia maravillosa para aquellos que son nuevos en ella; Incluso para aquellos que son pilotos veteranos, no hay experiencia tan gratificante como salir a dar una vuelta en moto. Ya sea que se trate de un simple viaje de placer en un d\u00eda soleado o de un viaje m\u00e1s largo que requiere una alforja llena y una oraci\u00f3n por camas blandas por la noche, una motocicleta ofrece una perspectiva \u00fanica que un autom\u00f3vil no puede imitar.<\/p>\n<p>De hecho, las motocicletas han visto un aumento reciente en popularidad, con el n\u00famero actual de motociclistas en la carretera que asciende a <a href=\"https:\/\/www.iihs.org\/api\/datastoredocument\/bibliography\/2181\" target=\"_blank\" rel=\"noopener\">alrededor de 8 millones<\/a> . Si bien hay muchas alegr\u00edas que vienen con andar en motocicleta, tambi\u00e9n existe el peligro constante de lesionarse en un accidente. Mientras que los autom\u00f3viles ofrecen m\u00e1s protecci\u00f3n y estabilidad en caso de colisi\u00f3n, las motocicletas dejan a sus conductores vulnerables a lesiones catastr\u00f3ficas que pueden tener graves repercusiones en los a\u00f1os venideros.<\/p>\n<p class=\"rs-content-cta rs-content-cta-small\">Para una consulta legal gratuita, llame al <a href=\"tel:+15138943333\">513-894-3333 <\/a><\/p><h2>\u00bfCu\u00e1ntos accidentes de motocicleta ocurren en Ohio cada a\u00f1o?<\/h2>\n<p>El a\u00f1o pasado, hubo <a href=\"https:\/\/statepatrol.ohio.gov\/statistics\/statspage3.asp\" target=\"_blank\" rel=\"noopener\">al menos 160 accidentes<\/a> que involucraron motocicletas en Ohio. Ese n\u00famero puede parecer peque\u00f1o, pero fueron 160 personas que no esperaban ver sus vidas afectadas y cambiadas por un accidente. La dura realidad es que, en un accidente con una motocicleta, los ocupantes de un autom\u00f3vil generalmente escapar\u00e1n relativamente ilesos, mientras que el conductor de la motocicleta sufre la peor parte de las lesiones y da\u00f1os.<\/p>\n<p>Los accidentes de motocicleta pueden ser causados por varias cosas diferentes. Algunos factores comunes son los autom\u00f3viles que no brindan a los motociclistas suficiente espacio para maniobrar, los conductores ebrios o discapacitados, los conductores que se acercan demasiado a los motociclistas y los conductores que arrojan basura o escombros de los autom\u00f3viles en movimiento. Adem\u00e1s de esas razones, tambi\u00e9n existe la amenaza universal de fallas mec\u00e1nicas y malas condiciones de la carretera, la \u00faltima de las cuales es m\u00e1s probable que afecte a los motociclistas que a cualquier otra persona en la carretera.<\/p>\n<p class=\"rs-content-cta\">Abogado de Lesiones Personales de Preble County Cerca de M\u00ed <a href=\"tel:+15138943333\">513-894-3333<\/a><\/p><h2>C\u00f3mo mantenerse seguro mientras conduce una motocicleta<\/h2>\n<p>Una de las mejores maneras de mantenerse seguro mientras conduce una motocicleta es usar un casco . Se estima que usar un casco podr\u00eda <a href=\"https:\/\/crashstats.nhtsa.dot.gov\/Api\/Public\/ViewPublication\/812492\" target=\"_blank\" rel=\"noopener\">salvar al menos 1.800 vidas<\/a> cada a\u00f1o, sin mencionar las graves lesiones cerebrales que podr\u00eda prevenir. Adem\u00e1s, es importante asegurarse de tener la licencia y la capacitaci\u00f3n adecuadas para conducir una motocicleta. Conducir una motocicleta aqu\u00ed en Ohio requiere una <a href=\"https:\/\/www.bmv.ohio.gov\/dl-mo-motorcycle.aspx\" target=\"_blank\" rel=\"noopener\">licencia especial<\/a> , y aquellos que no la tengan enfrentar\u00e1n las ramificaciones legales.<\/p>\n<p>Por \u00faltimo, es importante no conducir de forma temeraria. Algunos motociclistas pueden sentir que es f\u00e1cil entrar y salir de los autom\u00f3viles mientras est\u00e1n en una motocicleta, pero est\u00e1n a solo un cambio de carril no planificado de un accidente catastr\u00f3fico. Evite la divisi\u00f3n de carriles y el zigzagueo agresivo entre autom\u00f3viles para evitar accidentes.<\/p>\n<p class=\"rs-content-cta rs-content-cta-small\"><a href=\"\/es\/contacto\/\">Haga clic para contactar<\/a> con nuestros lesiones personales abogados hoy<\/p><h2>Lesiones Comunes De Accidentes De Motocicleta<\/h2>\n<p>Una de las lesiones m\u00e1s comunes como resultado de un accidente de motocicleta son los huesos rotos. Al conducir a cualquier velocidad, los ciclistas pueden caerse, si no salir disparados de sus motocicletas. Cuando aterrizan, rara vez aterrizan suavemente y pueden romperse uno o varios huesos. Adem\u00e1s, si van especialmente r\u00e1pido, los motociclistas pueden estar en peligro de sufrir casos extremos de erupciones en la carretera. El roce de la piel sin protecci\u00f3n contra el pavimento mientras su cuerpo se detiene da como resultado una erupci\u00f3n en la carretera, una lesi\u00f3n com\u00fan para quienes se caen o son golpeados mientras conducen una motocicleta.<\/p>\n<p>Adem\u00e1s de estas lesiones comunes, siempre existe la posibilidad de tirones o da\u00f1os en los m\u00fasculos o nervios, <a href=\"https:\/\/thehometownlawyers.com\/es\/\">lesiones cerebrales traum\u00e1ticas<\/a> (TBI), \u00f3rganos rotos o da\u00f1ados, o trauma psicol\u00f3gico como resultado de un accidente de motocicleta en Ohio.<\/p>\n<p class=\"rs-content-cta rs-content-cta-small\">Complete una <a href=\"\/es\/contacto\/\">evaluaci\u00f3n gratuita de su caso<\/a> ahora<\/p><h2>Qu\u00e9 hacer despu\u00e9s de un accidente de motocicleta en el condado de Preble, Ohio<\/h2>\n<p>Lo primero que debe hacer es buscar atenci\u00f3n m\u00e9dica para sus lesiones. Si puede hacerlo en la escena, aseg\u00farese de obtener la informaci\u00f3n de cualquier otro conductor que haya estado involucrado en el accidente, as\u00ed como proporcionar la suya propia. Esta informaci\u00f3n incluye cosas como nombres, n\u00fameros de licencia, marca y modelo del veh\u00edculo y seguro. Incluso si crees que tus lesiones son leves, acude a un m\u00e9dico para que te haga un examen completo y descarte lesiones internas. Finalmente, comun\u00edquese con un abogado de accidentes de motocicleta de confianza en el condado de Preble.<\/p>\n<p>Muchas veces las personas acuden directamente a sus compa\u00f1\u00edas de seguros y no reciben el pago que necesitan para recuperarse. Si usted o alguien que conoce ha tenido un accidente de motocicleta, <a href=\"https:\/\/thehometownlawyers.com\/es\/contacto\/\">comun\u00edquese hoy con nuestro equipo<\/a> de abogados de lesiones personales en <a href=\"https:\/\/thehometownlawyers.com\/es\/\">Kruger &amp; Hodges<\/a> . Podemos programar una evaluaci\u00f3n gratuita de su caso para ayudarlo a obtener la compensaci\u00f3n financiera que merece despu\u00e9s de su accidente de motocicleta.<\/p>\n<p class=\"rs-content-cta rs-content-cta-small\">Llame o env\u00ede un mensaje de texto al <a href=\"tel:+15138943333\">513-894-3333<\/a> o complete una <a href=\"\/es\/contacto\/\">evaluaci\u00f3n gratuita de su caso<\/a><\/p>","protected":false},"excerpt":{"rendered":"<p>Abogados de accidentes de motocicleta en el condado de Preble, Ohio Conducir una motocicleta es una experiencia maravillosa para aquellos que son nuevos en ella; Incluso para aquellos que son pilotos veteranos, no hay experiencia tan gratificante como salir a dar una vuelta en moto. Ya sea que se trate de un simple viaje de &#8230;<\/p>\n","protected":false},"author":7,"featured_media":20740,"parent":21196,"menu_order":0,"comment_status":"closed","ping_status":"closed","template":"","meta":{"_acf_changed":false,"inline_featured_image":false,"_genesis_hide_title":false,"_genesis_hide_breadcrumbs":false,"_genesis_hide_singular_image":false,"_genesis_hide_footer_widgets":false,"_genesis_custom_body_class":"","_genesis_custom_post_class":"","_genesis_layout":"","footnotes":""},"hc_faqs":[],"hc_spanish_faqs":[],"class_list":{"0":"post-21195","1":"page","2":"type-page","3":"status-publish","4":"has-post-thumbnail","6":"hc_city_location-preble-county-es","7":"entry"},"acf":[],"yoast_head":"<!-- This site is optimized with the Yoast SEO plugin v27.4 - https:\/\/yoast.com\/product\/yoast-seo-wordpress\/ -->\n<title>Abogado de Choque de Motocicleta Condado de Preble: Consulta gratuita<\/title>\n<meta name=\"description\" content=\"Abogados de accidentes de motocicleta en el condado de Preble, Ohio Conducir una motocicleta es una experiencia maravillosa para aquellos que son nuevos\" \/>\n<meta name=\"robots\" content=\"index, follow, max-snippet:-1, max-image-preview:large, max-video-preview:-1\" \/>\n<link rel=\"canonical\" href=\"https:\/\/thehometownlawyers.com\/es\/abogados-de-lesiones-personales-en-el-condado-de-preble-ohio\/abogado-de-choque-de-motocicleta-condado-de-preble\/\" \/>\n<meta property=\"og:locale\" content=\"es_MX\" \/>\n<meta property=\"og:type\" content=\"article\" \/>\n<meta property=\"og:title\" content=\"Abogado de Choque de Motocicleta Condado de Preble: Consulta gratuita\" \/>\n<meta property=\"og:description\" content=\"Abogados de accidentes de motocicleta en el condado de Preble, Ohio Conducir una motocicleta es una experiencia maravillosa para aquellos que son nuevos\" \/>\n<meta property=\"og:url\" content=\"https:\/\/thehometownlawyers.com\/es\/abogados-de-lesiones-personales-en-el-condado-de-preble-ohio\/abogado-de-choque-de-motocicleta-condado-de-preble\/\" \/>\n<meta property=\"og:site_name\" content=\"Kruger &amp; Hodges Abogados De Lesiones\" \/>\n<meta property=\"article:publisher\" content=\"https:\/\/www.facebook.com\/KrugerHodges\/\" \/>\n<meta property=\"article:modified_time\" content=\"2025-01-31T17:55:18+00:00\" \/>\n<meta property=\"og:image\" content=\"https:\/\/thehometownlawyers.com\/wp-content\/uploads\/2020\/02\/iStock-912151500.jpg\" \/>\n\t<meta property=\"og:image:width\" content=\"2048\" \/>\n\t<meta property=\"og:image:height\" content=\"1365\" \/>\n\t<meta property=\"og:image:type\" content=\"image\/jpeg\" \/>\n<meta name=\"twitter:card\" content=\"summary_large_image\" \/>\n<meta name=\"twitter:label1\" content=\"Tiempo de lectura\" \/>\n\t<meta name=\"twitter:data1\" content=\"4 minutos\" \/>\n<script type=\"application\/ld+json\" class=\"yoast-schema-graph\">{\"@context\":\"https:\\\/\\\/schema.org\",\"@graph\":[{\"@type\":\"WebPage\",\"@id\":\"https:\\\/\\\/thehometownlawyers.com\\\/es\\\/abogados-de-lesiones-personales-en-el-condado-de-preble-ohio\\\/abogado-de-choque-de-motocicleta-condado-de-preble\\\/\",\"url\":\"https:\\\/\\\/thehometownlawyers.com\\\/es\\\/abogados-de-lesiones-personales-en-el-condado-de-preble-ohio\\\/abogado-de-choque-de-motocicleta-condado-de-preble\\\/\",\"name\":\"Abogado de Choque de Motocicleta Condado de Preble: Consulta gratuita\",\"isPartOf\":{\"@id\":\"https:\\\/\\\/thehometownlawyers.com\\\/es\\\/#website\"},\"primaryImageOfPage\":{\"@id\":\"https:\\\/\\\/thehometownlawyers.com\\\/es\\\/abogados-de-lesiones-personales-en-el-condado-de-preble-ohio\\\/abogado-de-choque-de-motocicleta-condado-de-preble\\\/#primaryimage\"},\"image\":{\"@id\":\"https:\\\/\\\/thehometownlawyers.com\\\/es\\\/abogados-de-lesiones-personales-en-el-condado-de-preble-ohio\\\/abogado-de-choque-de-motocicleta-condado-de-preble\\\/#primaryimage\"},\"thumbnailUrl\":\"https:\\\/\\\/thehometownlawyers.com\\\/wp-content\\\/uploads\\\/2020\\\/02\\\/iStock-912151500.jpg\",\"datePublished\":\"2021-03-25T01:46:28+00:00\",\"dateModified\":\"2025-01-31T17:55:18+00:00\",\"description\":\"Abogados de accidentes de motocicleta en el condado de Preble, Ohio Conducir una motocicleta es una experiencia maravillosa para aquellos que son nuevos\",\"breadcrumb\":{\"@id\":\"https:\\\/\\\/thehometownlawyers.com\\\/es\\\/abogados-de-lesiones-personales-en-el-condado-de-preble-ohio\\\/abogado-de-choque-de-motocicleta-condado-de-preble\\\/#breadcrumb\"},\"inLanguage\":\"es\",\"potentialAction\":[{\"@type\":\"ReadAction\",\"target\":[\"https:\\\/\\\/thehometownlawyers.com\\\/es\\\/abogados-de-lesiones-personales-en-el-condado-de-preble-ohio\\\/abogado-de-choque-de-motocicleta-condado-de-preble\\\/\"]}]},{\"@type\":\"ImageObject\",\"inLanguage\":\"es\",\"@id\":\"https:\\\/\\\/thehometownlawyers.com\\\/es\\\/abogados-de-lesiones-personales-en-el-condado-de-preble-ohio\\\/abogado-de-choque-de-motocicleta-condado-de-preble\\\/#primaryimage\",\"url\":\"https:\\\/\\\/thehometownlawyers.com\\\/wp-content\\\/uploads\\\/2020\\\/02\\\/iStock-912151500.jpg\",\"contentUrl\":\"https:\\\/\\\/thehometownlawyers.com\\\/wp-content\\\/uploads\\\/2020\\\/02\\\/iStock-912151500.jpg\",\"width\":2048,\"height\":1365,\"caption\":\"Motocicleta y casco volcados en la calle tras colisi\u00f3n con el coche\"},{\"@type\":\"BreadcrumbList\",\"@id\":\"https:\\\/\\\/thehometownlawyers.com\\\/es\\\/abogados-de-lesiones-personales-en-el-condado-de-preble-ohio\\\/abogado-de-choque-de-motocicleta-condado-de-preble\\\/#breadcrumb\",\"itemListElement\":[{\"@type\":\"ListItem\",\"position\":1,\"name\":\"Home\",\"item\":\"https:\\\/\\\/thehometownlawyers.com\\\/es\\\/\"},{\"@type\":\"ListItem\",\"position\":2,\"name\":\"Abogado de Lesiones Personales en Preble County\",\"item\":\"https:\\\/\\\/thehometownlawyers.com\\\/es\\\/abogados-de-lesiones-personales-en-el-condado-de-preble-ohio\\\/\"},{\"@type\":\"ListItem\",\"position\":3,\"name\":\"Abogado de Accidente de Motocicleta en Preble County\"}]},{\"@type\":\"WebSite\",\"@id\":\"https:\\\/\\\/thehometownlawyers.com\\\/es\\\/#website\",\"url\":\"https:\\\/\\\/thehometownlawyers.com\\\/es\\\/\",\"name\":\"Kruger & Hodges Hometown Injury Lawyers | Accident Attorneys\",\"description\":\"Attorneys for Car, Truck and Motorcycle Accidents, Personal Injuries, and Criminal Defense.\",\"publisher\":{\"@id\":\"https:\\\/\\\/thehometownlawyers.com\\\/es\\\/#organization\"},\"alternateName\":\"Kruger & Hodges Personal Injury Lawyers\",\"inLanguage\":\"es\"},{\"@type\":\"Organization\",\"@id\":\"https:\\\/\\\/thehometownlawyers.com\\\/es\\\/#organization\",\"name\":\"Kruger & Hodges Hometown Injury Lawyers\",\"alternateName\":\"Kruger & Hodges\",\"url\":\"https:\\\/\\\/thehometownlawyers.com\\\/es\\\/\",\"logo\":{\"@type\":\"ImageObject\",\"inLanguage\":\"es\",\"@id\":\"https:\\\/\\\/thehometownlawyers.com\\\/es\\\/#\\\/schema\\\/logo\\\/image\\\/\",\"url\":\"https:\\\/\\\/thehometownlawyers.com\\\/wp-content\\\/uploads\\\/2025\\\/12\\\/revised-kh-logo-vertical-white-background-scaled.png\",\"contentUrl\":\"https:\\\/\\\/thehometownlawyers.com\\\/wp-content\\\/uploads\\\/2025\\\/12\\\/revised-kh-logo-vertical-white-background-scaled.png\",\"width\":2560,\"height\":1440,\"caption\":\"Kruger & Hodges Hometown Injury Lawyers\"},\"image\":{\"@id\":\"https:\\\/\\\/thehometownlawyers.com\\\/es\\\/#\\\/schema\\\/logo\\\/image\\\/\"},\"sameAs\":[\"https:\\\/\\\/www.facebook.com\\\/KrugerHodges\\\/\",\"https:\\\/\\\/www.instagram.com\\\/krugerhodges\\\/\",\"https:\\\/\\\/www.linkedin.com\\\/company\\\/kruger-hodges-hometown-injury-lawyers\\\/\",\"https:\\\/\\\/www.youtube.com\\\/channel\\\/UCeYcMaMaN2rb9jMlqt4EIdQ\",\"https:\\\/\\\/www.tiktok.com\\\/@thehometownlawyer\"]}]}<\/script>\n<!-- \/ Yoast SEO plugin. -->","yoast_head_json":{"title":"Abogado de Choque de Motocicleta Condado de Preble: Consulta gratuita","description":"Abogados de accidentes de motocicleta en el condado de Preble, Ohio Conducir una motocicleta es una experiencia maravillosa para aquellos que son nuevos","robots":{"index":"index","follow":"follow","max-snippet":"max-snippet:-1","max-image-preview":"max-image-preview:large","max-video-preview":"max-video-preview:-1"},"canonical":"https:\/\/thehometownlawyers.com\/es\/abogados-de-lesiones-personales-en-el-condado-de-preble-ohio\/abogado-de-choque-de-motocicleta-condado-de-preble\/","og_locale":"es_MX","og_type":"article","og_title":"Abogado de Choque de Motocicleta Condado de Preble: Consulta gratuita","og_description":"Abogados de accidentes de motocicleta en el condado de Preble, Ohio Conducir una motocicleta es una experiencia maravillosa para aquellos que son nuevos","og_url":"https:\/\/thehometownlawyers.com\/es\/abogados-de-lesiones-personales-en-el-condado-de-preble-ohio\/abogado-de-choque-de-motocicleta-condado-de-preble\/","og_site_name":"Kruger &amp; Hodges Abogados De Lesiones","article_publisher":"https:\/\/www.facebook.com\/KrugerHodges\/","article_modified_time":"2025-01-31T17:55:18+00:00","og_image":[{"width":2048,"height":1365,"url":"https:\/\/thehometownlawyers.com\/wp-content\/uploads\/2020\/02\/iStock-912151500.jpg","type":"image\/jpeg"}],"twitter_card":"summary_large_image","twitter_misc":{"Tiempo de lectura":"4 minutos"},"schema":{"@context":"https:\/\/schema.org","@graph":[{"@type":"WebPage","@id":"https:\/\/thehometownlawyers.com\/es\/abogados-de-lesiones-personales-en-el-condado-de-preble-ohio\/abogado-de-choque-de-motocicleta-condado-de-preble\/","url":"https:\/\/thehometownlawyers.com\/es\/abogados-de-lesiones-personales-en-el-condado-de-preble-ohio\/abogado-de-choque-de-motocicleta-condado-de-preble\/","name":"Abogado de Choque de Motocicleta Condado de Preble: Consulta gratuita","isPartOf":{"@id":"https:\/\/thehometownlawyers.com\/es\/#website"},"primaryImageOfPage":{"@id":"https:\/\/thehometownlawyers.com\/es\/abogados-de-lesiones-personales-en-el-condado-de-preble-ohio\/abogado-de-choque-de-motocicleta-condado-de-preble\/#primaryimage"},"image":{"@id":"https:\/\/thehometownlawyers.com\/es\/abogados-de-lesiones-personales-en-el-condado-de-preble-ohio\/abogado-de-choque-de-motocicleta-condado-de-preble\/#primaryimage"},"thumbnailUrl":"https:\/\/thehometownlawyers.com\/wp-content\/uploads\/2020\/02\/iStock-912151500.jpg","datePublished":"2021-03-25T01:46:28+00:00","dateModified":"2025-01-31T17:55:18+00:00","description":"Abogados de accidentes de motocicleta en el condado de Preble, Ohio Conducir una motocicleta es una experiencia maravillosa para aquellos que son nuevos","breadcrumb":{"@id":"https:\/\/thehometownlawyers.com\/es\/abogados-de-lesiones-personales-en-el-condado-de-preble-ohio\/abogado-de-choque-de-motocicleta-condado-de-preble\/#breadcrumb"},"inLanguage":"es","potentialAction":[{"@type":"ReadAction","target":["https:\/\/thehometownlawyers.com\/es\/abogados-de-lesiones-personales-en-el-condado-de-preble-ohio\/abogado-de-choque-de-motocicleta-condado-de-preble\/"]}]},{"@type":"ImageObject","inLanguage":"es","@id":"https:\/\/thehometownlawyers.com\/es\/abogados-de-lesiones-personales-en-el-condado-de-preble-ohio\/abogado-de-choque-de-motocicleta-condado-de-preble\/#primaryimage","url":"https:\/\/thehometownlawyers.com\/wp-content\/uploads\/2020\/02\/iStock-912151500.jpg","contentUrl":"https:\/\/thehometownlawyers.com\/wp-content\/uploads\/2020\/02\/iStock-912151500.jpg","width":2048,"height":1365,"caption":"Motocicleta y casco volcados en la calle tras colisi\u00f3n con el coche"},{"@type":"BreadcrumbList","@id":"https:\/\/thehometownlawyers.com\/es\/abogados-de-lesiones-personales-en-el-condado-de-preble-ohio\/abogado-de-choque-de-motocicleta-condado-de-preble\/#breadcrumb","itemListElement":[{"@type":"ListItem","position":1,"name":"Home","item":"https:\/\/thehometownlawyers.com\/es\/"},{"@type":"ListItem","position":2,"name":"Abogado de Lesiones Personales en Preble County","item":"https:\/\/thehometownlawyers.com\/es\/abogados-de-lesiones-personales-en-el-condado-de-preble-ohio\/"},{"@type":"ListItem","position":3,"name":"Abogado de Accidente de Motocicleta en Preble County"}]},{"@type":"WebSite","@id":"https:\/\/thehometownlawyers.com\/es\/#website","url":"https:\/\/thehometownlawyers.com\/es\/","name":"Kruger & Hodges Hometown Injury Lawyers | Accident Attorneys","description":"Attorneys for Car, Truck and Motorcycle Accidents, Personal Injuries, and Criminal Defense.","publisher":{"@id":"https:\/\/thehometownlawyers.com\/es\/#organization"},"alternateName":"Kruger & Hodges Personal Injury Lawyers","inLanguage":"es"},{"@type":"Organization","@id":"https:\/\/thehometownlawyers.com\/es\/#organization","name":"Kruger & Hodges Hometown Injury Lawyers","alternateName":"Kruger & Hodges","url":"https:\/\/thehometownlawyers.com\/es\/","logo":{"@type":"ImageObject","inLanguage":"es","@id":"https:\/\/thehometownlawyers.com\/es\/#\/schema\/logo\/image\/","url":"https:\/\/thehometownlawyers.com\/wp-content\/uploads\/2025\/12\/revised-kh-logo-vertical-white-background-scaled.png","contentUrl":"https:\/\/thehometownlawyers.com\/wp-content\/uploads\/2025\/12\/revised-kh-logo-vertical-white-background-scaled.png","width":2560,"height":1440,"caption":"Kruger & Hodges Hometown Injury Lawyers"},"image":{"@id":"https:\/\/thehometownlawyers.com\/es\/#\/schema\/logo\/image\/"},"sameAs":["https:\/\/www.facebook.com\/KrugerHodges\/","https:\/\/www.instagram.com\/krugerhodges\/","https:\/\/www.linkedin.com\/company\/kruger-hodges-hometown-injury-lawyers\/","https:\/\/www.youtube.com\/channel\/UCeYcMaMaN2rb9jMlqt4EIdQ","https:\/\/www.tiktok.com\/@thehometownlawyer"]}]}},"_links":{"self":[{"href":"https:\/\/thehometownlawyers.com\/es\/wp-json\/wp\/v2\/pages\/21195","targetHints":{"allow":["GET"]}}],"collection":[{"href":"https:\/\/thehometownlawyers.com\/es\/wp-json\/wp\/v2\/pages"}],"about":[{"href":"https:\/\/thehometownlawyers.com\/es\/wp-json\/wp\/v2\/types\/page"}],"author":[{"embeddable":true,"href":"https:\/\/thehometownlawyers.com\/es\/wp-json\/wp\/v2\/users\/7"}],"replies":[{"embeddable":true,"href":"https:\/\/thehometownlawyers.com\/es\/wp-json\/wp\/v2\/comments?post=21195"}],"version-history":[{"count":0,"href":"https:\/\/thehometownlawyers.com\/es\/wp-json\/wp\/v2\/pages\/21195\/revisions"}],"up":[{"embeddable":true,"href":"https:\/\/thehometownlawyers.com\/es\/wp-json\/wp\/v2\/pages\/21196"}],"wp:featuredmedia":[{"embeddable":true,"href":"https:\/\/thehometownlawyers.com\/es\/wp-json\/wp\/v2\/media\/20740"}],"wp:attachment":[{"href":"https:\/\/thehometownlawyers.com\/es\/wp-json\/wp\/v2\/media?parent=21195"}],"wp:term":[{"taxonomy":"hc_faqs","embeddable":true,"href":"https:\/\/thehometownlawyers.com\/es\/wp-json\/wp\/v2\/hc_faqs?post=21195"},{"taxonomy":"hc_spanish_faqs","embeddable":true,"href":"https:\/\/thehometownlawyers.com\/es\/wp-json\/wp\/v2\/hc_spanish_faqs?post=21195"}],"curies":[{"name":"wp","href":"https:\/\/api.w.org\/{rel}","templated":true}]}}