{"id":21196,"date":"2021-02-12T21:52:29","date_gmt":"2021-02-13T02:52:29","guid":{"rendered":"https:\/\/thehometownlawyers.com\/?page_id=21196"},"modified":"2025-01-31T10:44:33","modified_gmt":"2025-01-31T15:44:33","slug":"abogados-de-lesiones-personales-en-el-condado-de-preble-ohio","status":"publish","type":"page","link":"https:\/\/thehometownlawyers.com\/es\/abogados-de-lesiones-personales-en-el-condado-de-preble-ohio\/","title":{"rendered":"Abogado de Lesiones Personales en Preble County"},"content":{"rendered":"<h2>Abogado de lesiones en el condado de Preble<\/h2>\n<p>Cualquier lesi\u00f3n puede dificultar la vida, entre las que se encuentran las que resultan de accidentes repentinos. Muchas cosas en nuestras vidas dise\u00f1adas para hacernos la vida m\u00e1s f\u00e1cil a veces son el peligro que nos hace da\u00f1o. En muchos casos, es posible que las lesiones que pueda sufrir ni siquiera sean visibles; puede haber lesiones tanto f\u00edsicas como <a href=\"https:\/\/www.aafp.org\/pubs\/afp\/issues\/1999\/0801\/p524.html\" target=\"_blank\" rel=\"noopener\">mentales<\/a> como resultado del accidente que pueden tardar meses o a\u00f1os en sanar. En casos como estos, es importante saber a qui\u00e9n acudir, qu\u00e9 puede suceder en tales situaciones y c\u00f3mo puede protegerse mejor de un da\u00f1o mayor. Los tipos comunes de casos que vemos son los accidentes automovil\u00edsticos , las mordeduras de perros , los accidentes de motocicletas y <a href=\"https:\/\/thehometownlawyers.com\/es\/\">los accidentes de camiones<\/a> .<\/p>\n<p class=\"rs-content-cta rs-content-cta-small\">Para una consulta legal gratuita, llame al <a href=\"tel:+15138943333\">513-894-3333 <\/a><\/p><h2>\u00bfCu\u00e1ntos casos de lesiones personales surgen cada a\u00f1o?<\/h2>\n<p>La naturaleza inusual de los casos de lesiones personales es que muchos de ellos nunca llegan a la sala del tribunal. Esto se debe a que estos casos generalmente se resuelven fuera de los tribunales por las partes o sus compa\u00f1\u00edas de seguros. Mirando las estad\u00edsticas, el <a href=\"https:\/\/bjs.ojp.gov\/\" target=\"_blank\" rel=\"noopener\">Departamento de Justicia de<\/a> los EE. UU. indica que solo alrededor del 3% de los casos de lesiones personales son decididos por un jurado.<\/p>\n<p>De esos casos, un gran n\u00famero de ellos se resuelven en medio a\u00f1o, y algunos de ellos incluso no son impugnados por la parte demandada. Seg\u00fan las estad\u00edsticas de la corte de Ohio, solo 2 casos de lesiones personales llegaron a la corte en el condado de Preble, pero dado que solo el 3% se marca en el juicio, esto podr\u00eda significar que se podr\u00edan haber presentado un poco menos de 100 reclamos que se resolvieron fuera de la corte, si \u00a1no mas!<\/p>\n<p class=\"rs-content-cta\">Abogado de Lesiones Personales de Preble County Cerca de M\u00ed <a href=\"tel:+15138943333\">513-894-3333<\/a><\/p><h2>\u00bfQu\u00e9 constituye un reclamo por lesiones personales?<\/h2>\n<p>Los reclamos por lesiones personales se pueden hacer siempre que haya una lesi\u00f3n o muerte por negligencia debido a la negligencia de otra persona. Esto puede aplicarse en varios entornos, como accidentes automovil\u00edsticos o de autob\u00fas , mordeduras de perros e incluso abuso en hogares de ancianos. Como tal, las lesiones personales a veces se incluyen bajo el paraguas de otras demandas o reclamos, pero realmente pueden ser una entidad propia si es necesario. A veces, la lesi\u00f3n de una persona no est\u00e1 cubierta en un caso preexistente y es posible que se deba presentar un caso por separado para cubrir los gastos m\u00e9dicos o para obtener una remuneraci\u00f3n por las lesiones.<\/p>\n<p class=\"rs-content-cta rs-content-cta-small\"><a href=\"\/es\/contacto\/\">Haga clic para contactar<\/a> con nuestros lesiones personales abogados hoy<\/p><h2>Lesiones comunes para reclamos por lesiones personales<\/h2>\n<p>Los reclamos por lesiones personales pueden cubrir una multitud de lesiones e incluso pueden extenderse a la muerte de un ser querido . Sin embargo, algunas de las lesiones m\u00e1s comunes que dan lugar a demandas por lesiones personales son las lesiones \u00f3seas, nerviosas y musculares. La mayor\u00eda de las veces, especialmente cuando hay autom\u00f3viles o camiones involucrados, los da\u00f1os a largo plazo en la columna vertebral, el cuello o la espalda son el resultado de un accidente. Muchas de estas partes del cuerpo son extremadamente sensibles y reparar el da\u00f1o puede llevar meses o a\u00f1os de tratamiento y rehabilitaci\u00f3n.<\/p>\n<p>Las lesiones comunes en estas \u00e1reas pueden incluir:<\/p>\n<ul>\n<li>Ligamentos desgarrados en el cuello o la espalda<\/li>\n<li>Un cuello torcido<\/li>\n<li>V\u00e9rtebras fracturadas o da\u00f1adas<\/li>\n<li>tendones lesionados<\/li>\n<li>nervios pinzados<\/li>\n<\/ul>\n<p>Adem\u00e1s de los problemas musculares, \u00f3seos y nerviosos, tambi\u00e9n existe la amenaza de lesiones cerebrales. Las migra\u00f1as o dolores de cabeza cr\u00f3nicos, la fatiga inducida y las <a href=\"https:\/\/thehometownlawyers.com\/es\/\">lesiones cerebrales traum\u00e1ticas<\/a> son solo algunos de los s\u00edntomas comunes de las lesiones que pueden resultar de un accidente. Todas las lesiones anteriores probablemente calificar\u00edan para un reclamo por lesiones personales.<\/p>\n<p class=\"rs-content-cta rs-content-cta-small\">Complete una <a href=\"\/es\/contacto\/\">evaluaci\u00f3n gratuita de su caso<\/a> ahora<\/p><h2>Qu\u00e9 hacer al presentar un reclamo por lesiones personales<\/h2>\n<p>Lo primero que debe hacer despu\u00e9s de lesionarse en un accidente, si es posible, es garantizar la seguridad y el cuidado futuro de quienes puedan estar en peligro en la escena. Esto es especialmente importante si necesita cambiar de hospital en el caso de un reclamo por negligencia m\u00e9dica. Despu\u00e9s de ese punto, es importante obtener documentaci\u00f3n para respaldar su reclamo. A diferencia de los accidentes convencionales, donde la prueba del accidente generalmente se asegura a trav\u00e9s de informes policiales o m\u00e1s, los casos de lesiones personales pueden requerir algunas opiniones m\u00e9dicas diferentes o documentaci\u00f3n de c\u00f3mo fue causado un accidente por la negligencia de otra persona.<\/p>\n<p>A partir de ese momento, es importante contar con un abogado de lesiones personales que pueda ayudarlo a organizar y recopilar m\u00e1s documentaci\u00f3n para el caso. Dado que muchos de estos casos se resuelven fuera de los tribunales, la calidad y la habilidad del abogado podr\u00edan relacionarse directamente con qu\u00e9 tan bien presenta su informaci\u00f3n a la otra parte y puede determinar la cantidad exacta de remuneraci\u00f3n que recibe por la lesi\u00f3n personal. Si necesita un abogado despu\u00e9s de una lesi\u00f3n personal, <a href=\"https:\/\/thehometownlawyers.com\/es\/contacto\/\">comun\u00edquese con<\/a> Kruger &amp; Hodges para programar una consulta gratuita y sin riesgos. Este puede ser un momento dif\u00edcil, pero estamos listos para luchar por usted para asegurarnos de que obtenga la compensaci\u00f3n financiera que se merece.<\/p>\n<h2>M\u00e1s informaci\u00f3n sobre el condado de Preble<\/h2>\n<p>Con partes de los condados de Montgomery y Butler, el condado de Preble, Ohio, se form\u00f3 en 1808. El condado lleva el nombre del Capit\u00e1n Edward Preble, quien fue comandante naval en la Guerra Revolucionaria y la Guerra Tripolitana. Seg\u00fan el censo estadounidense de 2010, la poblaci\u00f3n del condado de Preble es de 42.270 habitantes. Little Four Mile Creek, Harker&#8217;s Run y Goose Creek atraviesan el condado de Preble. Hogar de la escuela secundaria Eaton, la escuela secundaria National Trail y la escuela secundaria Preble Shawnee, el condado de Preble educa a varias aldeas y municipios que conforman el condado.<\/p>\n<p>El condado de Preble, Ohio, alberga cinco distritos escolares: Eaton Community Schools, Preble Shawnee Local School District, Twin Valley Community Local School District, National Trail Local School District y Tri-County North Local School District. Anime a los Eagles en Eaton High School. Ra\u00edz en las flechas de Preble Shawnee. Apoya a los Panthers en Twin Valley.<\/p>\n<p>Hay mucho que hacer en el condado de Preble. Cuando hace buen tiempo afuera, aseg\u00farese de visitar la Granja Africana y Zool\u00f3gico de Mascotas Wild Hearts. Compuesto por m\u00e1s de 20 acres y ubicado en Lewisburg, Ohio, el parque tiene un zool\u00f3gico de mascotas, manzanos e incluso un gran estanque de pesca. Si tiene ganas de cazar, dir\u00edjase a Mulberry Pheasantry en Camden. Si est\u00e1 buscando una experiencia de club de campo con un campo de golf desafiante y una bonita casa club, visite el Eaton Country Club.<\/p>\n<p>El condado de Preble tiene eventos divertidos para todos. Todos los a\u00f1os desde 1970, el condado de Preble organiza un festival de carne de cerdo en Eaton. El festival es organizado por la comunidad para recaudar dinero para la comunidad. New Paris organiza su Applefest anual, que es un festival callejero con comida, m\u00fasica e incluso un concurso de horneado de manzanas. Y, West Alexandria es el hogar del Kiwanis Oktoberfest anual, un festival de artes y artesan\u00edas principalmente local que se lleva a cabo en el parque.<\/p>\n<p class=\"rs-content-cta rs-content-cta-small\">Llame o env\u00ede un mensaje de texto al <a href=\"tel:+15138943333\">513-894-3333<\/a> o complete una <a href=\"\/es\/contacto\/\">evaluaci\u00f3n gratuita de su caso<\/a><\/p>","protected":false},"excerpt":{"rendered":"<p>Abogado de lesiones en el condado de Preble Cualquier lesi\u00f3n puede dificultar la vida, entre las que se encuentran las que resultan de accidentes repentinos. Muchas cosas en nuestras vidas dise\u00f1adas para hacernos la vida m\u00e1s f\u00e1cil a veces son el peligro que nos hace da\u00f1o. En muchos casos, es posible que las lesiones que &#8230;<\/p>\n","protected":false},"author":7,"featured_media":20730,"parent":0,"menu_order":0,"comment_status":"closed","ping_status":"closed","template":"","meta":{"_acf_changed":false,"inline_featured_image":false,"_genesis_hide_title":false,"_genesis_hide_breadcrumbs":false,"_genesis_hide_singular_image":false,"_genesis_hide_footer_widgets":false,"_genesis_custom_body_class":"","_genesis_custom_post_class":"","_genesis_layout":"","footnotes":""},"hc_faqs":[],"hc_spanish_faqs":[],"class_list":{"0":"post-21196","1":"page","2":"type-page","3":"status-publish","4":"has-post-thumbnail","6":"hc_city_location-preble-county-es","7":"entry"},"acf":[],"yoast_head":"<!-- This site is optimized with the Yoast SEO plugin v27.3 - https:\/\/yoast.com\/product\/yoast-seo-wordpress\/ -->\n<title>Abogados de lesiones personales en el condado de Preble, Ohio: Consulta gratuita<\/title>\n<meta name=\"description\" content=\"Abogado de lesiones en el condado de Preble Cualquier lesi\u00f3n puede dificultar la vida, entre las que se encuentran las que resultan de accidentes\" \/>\n<meta name=\"robots\" content=\"index, follow, max-snippet:-1, max-image-preview:large, max-video-preview:-1\" \/>\n<link rel=\"canonical\" href=\"https:\/\/thehometownlawyers.com\/es\/abogados-de-lesiones-personales-en-el-condado-de-preble-ohio\/\" \/>\n<meta property=\"og:locale\" content=\"es_MX\" \/>\n<meta property=\"og:type\" content=\"article\" \/>\n<meta property=\"og:title\" content=\"Abogados de lesiones personales en el condado de Preble, Ohio: Consulta gratuita\" \/>\n<meta property=\"og:description\" content=\"Abogado de lesiones en el condado de Preble Cualquier lesi\u00f3n puede dificultar la vida, entre las que se encuentran las que resultan de accidentes\" \/>\n<meta property=\"og:url\" content=\"https:\/\/thehometownlawyers.com\/es\/abogados-de-lesiones-personales-en-el-condado-de-preble-ohio\/\" \/>\n<meta property=\"og:site_name\" content=\"Kruger &amp; Hodges Abogados De Lesiones\" \/>\n<meta property=\"article:publisher\" content=\"https:\/\/www.facebook.com\/KrugerHodges\/\" \/>\n<meta property=\"article:modified_time\" content=\"2025-01-31T15:44:33+00:00\" \/>\n<meta property=\"og:image\" content=\"https:\/\/thehometownlawyers.com\/wp-content\/uploads\/2019\/01\/Leg-Injury-Photo.jpeg\" \/>\n\t<meta property=\"og:image:width\" content=\"640\" \/>\n\t<meta property=\"og:image:height\" content=\"426\" \/>\n\t<meta property=\"og:image:type\" content=\"image\/jpeg\" \/>\n<meta name=\"twitter:card\" content=\"summary_large_image\" \/>\n<meta name=\"twitter:label1\" content=\"Tiempo de lectura\" \/>\n\t<meta name=\"twitter:data1\" content=\"6 minutos\" \/>\n<script type=\"application\/ld+json\" class=\"yoast-schema-graph\">{\"@context\":\"https:\\\/\\\/schema.org\",\"@graph\":[{\"@type\":\"WebPage\",\"@id\":\"https:\\\/\\\/thehometownlawyers.com\\\/es\\\/abogados-de-lesiones-personales-en-el-condado-de-preble-ohio\\\/\",\"url\":\"https:\\\/\\\/thehometownlawyers.com\\\/es\\\/abogados-de-lesiones-personales-en-el-condado-de-preble-ohio\\\/\",\"name\":\"Abogados de lesiones personales en el condado de Preble, Ohio: Consulta gratuita\",\"isPartOf\":{\"@id\":\"https:\\\/\\\/thehometownlawyers.com\\\/es\\\/#website\"},\"primaryImageOfPage\":{\"@id\":\"https:\\\/\\\/thehometownlawyers.com\\\/es\\\/abogados-de-lesiones-personales-en-el-condado-de-preble-ohio\\\/#primaryimage\"},\"image\":{\"@id\":\"https:\\\/\\\/thehometownlawyers.com\\\/es\\\/abogados-de-lesiones-personales-en-el-condado-de-preble-ohio\\\/#primaryimage\"},\"thumbnailUrl\":\"https:\\\/\\\/thehometownlawyers.com\\\/wp-content\\\/uploads\\\/2019\\\/01\\\/Leg-Injury-Photo.jpeg\",\"datePublished\":\"2021-02-13T02:52:29+00:00\",\"dateModified\":\"2025-01-31T15:44:33+00:00\",\"description\":\"Abogado de lesiones en el condado de Preble Cualquier lesi\u00f3n puede dificultar la vida, entre las que se encuentran las que resultan de accidentes\",\"breadcrumb\":{\"@id\":\"https:\\\/\\\/thehometownlawyers.com\\\/es\\\/abogados-de-lesiones-personales-en-el-condado-de-preble-ohio\\\/#breadcrumb\"},\"inLanguage\":\"es\",\"potentialAction\":[{\"@type\":\"ReadAction\",\"target\":[\"https:\\\/\\\/thehometownlawyers.com\\\/es\\\/abogados-de-lesiones-personales-en-el-condado-de-preble-ohio\\\/\"]}]},{\"@type\":\"ImageObject\",\"inLanguage\":\"es\",\"@id\":\"https:\\\/\\\/thehometownlawyers.com\\\/es\\\/abogados-de-lesiones-personales-en-el-condado-de-preble-ohio\\\/#primaryimage\",\"url\":\"https:\\\/\\\/thehometownlawyers.com\\\/wp-content\\\/uploads\\\/2019\\\/01\\\/Leg-Injury-Photo.jpeg\",\"contentUrl\":\"https:\\\/\\\/thehometownlawyers.com\\\/wp-content\\\/uploads\\\/2019\\\/01\\\/Leg-Injury-Photo.jpeg\",\"width\":640,\"height\":426,\"caption\":\"Abogado de lesiones personales Condado de Darke, Ohio\"},{\"@type\":\"BreadcrumbList\",\"@id\":\"https:\\\/\\\/thehometownlawyers.com\\\/es\\\/abogados-de-lesiones-personales-en-el-condado-de-preble-ohio\\\/#breadcrumb\",\"itemListElement\":[{\"@type\":\"ListItem\",\"position\":1,\"name\":\"Home\",\"item\":\"https:\\\/\\\/thehometownlawyers.com\\\/es\\\/\"},{\"@type\":\"ListItem\",\"position\":2,\"name\":\"Abogado de Lesiones Personales en Preble County\"}]},{\"@type\":\"WebSite\",\"@id\":\"https:\\\/\\\/thehometownlawyers.com\\\/es\\\/#website\",\"url\":\"https:\\\/\\\/thehometownlawyers.com\\\/es\\\/\",\"name\":\"Kruger & Hodges Hometown Injury Lawyers | Accident Attorneys\",\"description\":\"Attorneys for Car, Truck and Motorcycle Accidents, Personal Injuries, and Criminal Defense.\",\"publisher\":{\"@id\":\"https:\\\/\\\/thehometownlawyers.com\\\/es\\\/#organization\"},\"alternateName\":\"Kruger & Hodges Personal Injury Lawyers\",\"inLanguage\":\"es\"},{\"@type\":\"Organization\",\"@id\":\"https:\\\/\\\/thehometownlawyers.com\\\/es\\\/#organization\",\"name\":\"Kruger & Hodges Hometown Injury Lawyers\",\"alternateName\":\"Kruger & Hodges\",\"url\":\"https:\\\/\\\/thehometownlawyers.com\\\/es\\\/\",\"logo\":{\"@type\":\"ImageObject\",\"inLanguage\":\"es\",\"@id\":\"https:\\\/\\\/thehometownlawyers.com\\\/es\\\/#\\\/schema\\\/logo\\\/image\\\/\",\"url\":\"https:\\\/\\\/thehometownlawyers.com\\\/wp-content\\\/uploads\\\/2025\\\/12\\\/revised-kh-logo-vertical-white-background-scaled.png\",\"contentUrl\":\"https:\\\/\\\/thehometownlawyers.com\\\/wp-content\\\/uploads\\\/2025\\\/12\\\/revised-kh-logo-vertical-white-background-scaled.png\",\"width\":2560,\"height\":1440,\"caption\":\"Kruger & Hodges Hometown Injury Lawyers\"},\"image\":{\"@id\":\"https:\\\/\\\/thehometownlawyers.com\\\/es\\\/#\\\/schema\\\/logo\\\/image\\\/\"},\"sameAs\":[\"https:\\\/\\\/www.facebook.com\\\/KrugerHodges\\\/\",\"https:\\\/\\\/www.instagram.com\\\/krugerhodges\\\/\",\"https:\\\/\\\/www.linkedin.com\\\/company\\\/kruger-hodges-hometown-injury-lawyers\\\/\",\"https:\\\/\\\/www.youtube.com\\\/channel\\\/UCeYcMaMaN2rb9jMlqt4EIdQ\",\"https:\\\/\\\/www.tiktok.com\\\/@thehometownlawyer\"]}]}<\/script>\n<!-- \/ Yoast SEO plugin. -->","yoast_head_json":{"title":"Abogados de lesiones personales en el condado de Preble, Ohio: Consulta gratuita","description":"Abogado de lesiones en el condado de Preble Cualquier lesi\u00f3n puede dificultar la vida, entre las que se encuentran las que resultan de accidentes","robots":{"index":"index","follow":"follow","max-snippet":"max-snippet:-1","max-image-preview":"max-image-preview:large","max-video-preview":"max-video-preview:-1"},"canonical":"https:\/\/thehometownlawyers.com\/es\/abogados-de-lesiones-personales-en-el-condado-de-preble-ohio\/","og_locale":"es_MX","og_type":"article","og_title":"Abogados de lesiones personales en el condado de Preble, Ohio: Consulta gratuita","og_description":"Abogado de lesiones en el condado de Preble Cualquier lesi\u00f3n puede dificultar la vida, entre las que se encuentran las que resultan de accidentes","og_url":"https:\/\/thehometownlawyers.com\/es\/abogados-de-lesiones-personales-en-el-condado-de-preble-ohio\/","og_site_name":"Kruger &amp; Hodges Abogados De Lesiones","article_publisher":"https:\/\/www.facebook.com\/KrugerHodges\/","article_modified_time":"2025-01-31T15:44:33+00:00","og_image":[{"width":640,"height":426,"url":"https:\/\/thehometownlawyers.com\/wp-content\/uploads\/2019\/01\/Leg-Injury-Photo.jpeg","type":"image\/jpeg"}],"twitter_card":"summary_large_image","twitter_misc":{"Tiempo de lectura":"6 minutos"},"schema":{"@context":"https:\/\/schema.org","@graph":[{"@type":"WebPage","@id":"https:\/\/thehometownlawyers.com\/es\/abogados-de-lesiones-personales-en-el-condado-de-preble-ohio\/","url":"https:\/\/thehometownlawyers.com\/es\/abogados-de-lesiones-personales-en-el-condado-de-preble-ohio\/","name":"Abogados de lesiones personales en el condado de Preble, Ohio: Consulta gratuita","isPartOf":{"@id":"https:\/\/thehometownlawyers.com\/es\/#website"},"primaryImageOfPage":{"@id":"https:\/\/thehometownlawyers.com\/es\/abogados-de-lesiones-personales-en-el-condado-de-preble-ohio\/#primaryimage"},"image":{"@id":"https:\/\/thehometownlawyers.com\/es\/abogados-de-lesiones-personales-en-el-condado-de-preble-ohio\/#primaryimage"},"thumbnailUrl":"https:\/\/thehometownlawyers.com\/wp-content\/uploads\/2019\/01\/Leg-Injury-Photo.jpeg","datePublished":"2021-02-13T02:52:29+00:00","dateModified":"2025-01-31T15:44:33+00:00","description":"Abogado de lesiones en el condado de Preble Cualquier lesi\u00f3n puede dificultar la vida, entre las que se encuentran las que resultan de accidentes","breadcrumb":{"@id":"https:\/\/thehometownlawyers.com\/es\/abogados-de-lesiones-personales-en-el-condado-de-preble-ohio\/#breadcrumb"},"inLanguage":"es","potentialAction":[{"@type":"ReadAction","target":["https:\/\/thehometownlawyers.com\/es\/abogados-de-lesiones-personales-en-el-condado-de-preble-ohio\/"]}]},{"@type":"ImageObject","inLanguage":"es","@id":"https:\/\/thehometownlawyers.com\/es\/abogados-de-lesiones-personales-en-el-condado-de-preble-ohio\/#primaryimage","url":"https:\/\/thehometownlawyers.com\/wp-content\/uploads\/2019\/01\/Leg-Injury-Photo.jpeg","contentUrl":"https:\/\/thehometownlawyers.com\/wp-content\/uploads\/2019\/01\/Leg-Injury-Photo.jpeg","width":640,"height":426,"caption":"Abogado de lesiones personales Condado de Darke, Ohio"},{"@type":"BreadcrumbList","@id":"https:\/\/thehometownlawyers.com\/es\/abogados-de-lesiones-personales-en-el-condado-de-preble-ohio\/#breadcrumb","itemListElement":[{"@type":"ListItem","position":1,"name":"Home","item":"https:\/\/thehometownlawyers.com\/es\/"},{"@type":"ListItem","position":2,"name":"Abogado de Lesiones Personales en Preble County"}]},{"@type":"WebSite","@id":"https:\/\/thehometownlawyers.com\/es\/#website","url":"https:\/\/thehometownlawyers.com\/es\/","name":"Kruger & Hodges Hometown Injury Lawyers | Accident Attorneys","description":"Attorneys for Car, Truck and Motorcycle Accidents, Personal Injuries, and Criminal Defense.","publisher":{"@id":"https:\/\/thehometownlawyers.com\/es\/#organization"},"alternateName":"Kruger & Hodges Personal Injury Lawyers","inLanguage":"es"},{"@type":"Organization","@id":"https:\/\/thehometownlawyers.com\/es\/#organization","name":"Kruger & Hodges Hometown Injury Lawyers","alternateName":"Kruger & Hodges","url":"https:\/\/thehometownlawyers.com\/es\/","logo":{"@type":"ImageObject","inLanguage":"es","@id":"https:\/\/thehometownlawyers.com\/es\/#\/schema\/logo\/image\/","url":"https:\/\/thehometownlawyers.com\/wp-content\/uploads\/2025\/12\/revised-kh-logo-vertical-white-background-scaled.png","contentUrl":"https:\/\/thehometownlawyers.com\/wp-content\/uploads\/2025\/12\/revised-kh-logo-vertical-white-background-scaled.png","width":2560,"height":1440,"caption":"Kruger & Hodges Hometown Injury Lawyers"},"image":{"@id":"https:\/\/thehometownlawyers.com\/es\/#\/schema\/logo\/image\/"},"sameAs":["https:\/\/www.facebook.com\/KrugerHodges\/","https:\/\/www.instagram.com\/krugerhodges\/","https:\/\/www.linkedin.com\/company\/kruger-hodges-hometown-injury-lawyers\/","https:\/\/www.youtube.com\/channel\/UCeYcMaMaN2rb9jMlqt4EIdQ","https:\/\/www.tiktok.com\/@thehometownlawyer"]}]}},"_links":{"self":[{"href":"https:\/\/thehometownlawyers.com\/es\/wp-json\/wp\/v2\/pages\/21196","targetHints":{"allow":["GET"]}}],"collection":[{"href":"https:\/\/thehometownlawyers.com\/es\/wp-json\/wp\/v2\/pages"}],"about":[{"href":"https:\/\/thehometownlawyers.com\/es\/wp-json\/wp\/v2\/types\/page"}],"author":[{"embeddable":true,"href":"https:\/\/thehometownlawyers.com\/es\/wp-json\/wp\/v2\/users\/7"}],"replies":[{"embeddable":true,"href":"https:\/\/thehometownlawyers.com\/es\/wp-json\/wp\/v2\/comments?post=21196"}],"version-history":[{"count":0,"href":"https:\/\/thehometownlawyers.com\/es\/wp-json\/wp\/v2\/pages\/21196\/revisions"}],"wp:featuredmedia":[{"embeddable":true,"href":"https:\/\/thehometownlawyers.com\/es\/wp-json\/wp\/v2\/media\/20730"}],"wp:attachment":[{"href":"https:\/\/thehometownlawyers.com\/es\/wp-json\/wp\/v2\/media?parent=21196"}],"wp:term":[{"taxonomy":"hc_faqs","embeddable":true,"href":"https:\/\/thehometownlawyers.com\/es\/wp-json\/wp\/v2\/hc_faqs?post=21196"},{"taxonomy":"hc_spanish_faqs","embeddable":true,"href":"https:\/\/thehometownlawyers.com\/es\/wp-json\/wp\/v2\/hc_spanish_faqs?post=21196"}],"curies":[{"name":"wp","href":"https:\/\/api.w.org\/{rel}","templated":true}]}}