{"id":21197,"date":"2021-02-03T21:17:43","date_gmt":"2021-02-04T02:17:43","guid":{"rendered":"https:\/\/thehometownlawyers.com\/?page_id=21197"},"modified":"2025-01-31T13:00:00","modified_gmt":"2025-01-31T18:00:00","slug":"abogados-de-accidentes-de-camiones-en-eaton-ohio","status":"publish","type":"page","link":"https:\/\/thehometownlawyers.com\/es\/abogados-de-lesiones-personales-en-eaton-ohio\/abogados-de-accidentes-de-camiones-en-eaton-ohio\/","title":{"rendered":"Abogado de Accidente de Cami\u00f3n en Eaton"},"content":{"rendered":"<h2>Abogados de Accidentes de Camiones en Eaton, Ohio<\/h2>\n<p>Una de las realidades de la carretera es la presencia constante de grandes camiones comerciales. De hecho, a medida que pasa el tiempo, el transporte por carretera sigue siendo el actor principal en el transporte de mercanc\u00edas de un lugar a otro. Las empresas de camiones transportaron <a href=\"https:\/\/www.trucking.org\/news-insights\" target=\"_blank\" rel=\"noopener\">el 72,5% de toda la carga nacional<\/a> en los Estados Unidos durante 2019. Estos enormes veh\u00edculos se ven con frecuencia sin importar d\u00f3nde viva, a menudo poblando las carreteras y transportando mercanc\u00edas por todo el pa\u00eds. Las carreteras a trav\u00e9s y alrededor de Eaton ven m\u00e1s que su parte justa de estos camiones. Con sus n\u00fameros prodigiosos, no sorprende que muchos accidentes involucren camiones. A pesar de la capacitaci\u00f3n adicional y el requisito de una licencia CDL, es seguro que ocurrir\u00e1n accidentes y, cuando ocurran, es importante estar preparado para ellos. Si ha sido lesionado por un semirremolque, un cami\u00f3n de dieciocho ruedas u otros veh\u00edculos comerciales de carga, los abogados de accidentes de camiones de Eaton, Ohio de <a href=\"https:\/\/thehometownlawyers.com\/es\/acerca-de-los-abogados-de-kruger-hodges\/\">Kruger &amp; Hodges<\/a> buscar\u00e1n una compensaci\u00f3n y defender\u00e1n sus derechos.<\/p>\n<p class=\"rs-content-cta rs-content-cta-small\">Para una consulta legal gratuita, llame al <a href=\"tel:+19377336079\">937-733-6079 <\/a><\/p><h2>\u00bfCu\u00e1ntos accidentes involucran camiones en Ohio cada a\u00f1o?<\/h2>\n<p>Estad\u00edsticamente hablando, la cantidad de accidentes que involucran camiones aumenta cada a\u00f1o, ya que contin\u00faan siendo la forma m\u00e1s popular de transporte de carga nacional. Cuando ocurren accidentes que involucran camiones, rara vez son menores. Un \u00e1rea de preocupaci\u00f3n espec\u00edfica es que Ohio se clasific\u00f3 entre <a href=\"https:\/\/www.fmcsa.dot.gov\/safety\/data-and-statistics\/2016-commercial-motor-vehicle-traffic-safety-facts-sheet\" target=\"_blank\" rel=\"noopener\">los diez estados con m\u00e1s accidentes de<\/a> camiones a partir de 2017, con m\u00e1s de la mitad de las lesiones y muertes en la carretera ocurriendo solo en esos 10 estados.<\/p>\n<p>Adem\u00e1s, la posibilidad de lesiones graves y que cambien la vida es mayor cuando un cami\u00f3n se ve involucrado en un accidente. Debido a lo grandes y pesados que son los camiones, incluso cuando est\u00e1n descargados, quedar atrapado debajo de un cami\u00f3n o chocar contra la parte trasera de uno puede resultar f\u00e1cilmente en lesiones catastr\u00f3ficas o la muerte de un ocupante del veh\u00edculo.<\/p>\n<p class=\"rs-content-cta\">Abogado de Lesiones Personales de Eaton Cerca de M\u00ed <a href=\"tel:+19377336079\">937-733-6079<\/a><\/p><h2>Mantenerse seguro al conducir un cami\u00f3n<\/h2>\n<p>Una de las t\u00e1cticas de manejo seguro m\u00e1s importantes que protegen a los camioneros ya quienes los rodean es que los camioneros vigilen de cerca su estado f\u00edsico . Dado que muchos conductores tienen que pasar largas horas en la carretera, es importante que los conductores de camiones sean honestos consigo mismos. Los conductores de veh\u00edculos comerciales que est\u00e1n demasiado fatigados para operar sus veh\u00edculos de manera segura deben detenerse y dormir. Los conductores de camiones siempre deben abstenerse de conducir mientras est\u00e1n zumbados o bajo la influencia. Esto deber\u00eda ser evidente, pero si conducir un autom\u00f3vil bajo la influencia es una mala idea, conducir un cami\u00f3n bajo la influencia es a\u00fan peor.<\/p>\n<p>Los camiones necesitan m\u00e1s espacio para maniobrar en las carreteras que los autom\u00f3viles. Necesitan m\u00e1s espacio para detenerse, para girar, y no deben ser seguidos tan de cerca como otros autos. Los conductores de veh\u00edculos de pasajeros est\u00e1ndar siempre deben mantener una distancia segura de los camiones grandes en la carretera para evitar colisiones peligrosas.<\/p>\n<p class=\"rs-content-cta rs-content-cta-small\"><a href=\"\/es\/contacto\/\">Haga clic para contactar<\/a> con nuestros lesiones personales abogados hoy<\/p><h2>Tipos de lesiones que pueden ocurrir despu\u00e9s de accidentes de camiones<\/h2>\n<p>Los accidentes que involucran camiones generalmente provocan lesiones y muertes m\u00e1s importantes. Si bien ser chocado por detr\u00e1s por un autom\u00f3vil puede provocar un caso leve o m\u00e1s grave de latigazo cervical, ser chocado por detr\u00e1s por un cami\u00f3n no solo provocar\u00e1 un caso grave de latigazo cervical, sino que tambi\u00e9n podr\u00eda da\u00f1ar permanentemente los nervios o los m\u00fasculos del cuello, si no lo rompe por completo.<\/p>\n<p>Otras lesiones graves com\u00fanmente sufridas en accidentes de camiones incluyen:<\/p>\n<ul>\n<li>Huesos rotos<\/li>\n<li>M\u00fasculos tirados o tensos<\/li>\n<li>\u00d3rganos da\u00f1ados o rotos<\/li>\n<li>Laceraciones y cortes<\/li>\n<\/ul>\n<p>Estos son solo algunos de los tipos de lesiones que pueden sufrirse en un accidente de cami\u00f3n. Adem\u00e1s de la muy grave amenaza y peligro de da\u00f1o f\u00edsico, la amenaza de da\u00f1o mental y psicol\u00f3gico tambi\u00e9n es grave. Esto incluye no solo <a href=\"https:\/\/thehometownlawyers.com\/es\/\">lesiones cerebrales traum\u00e1ticas<\/a> (TBI), sino tambi\u00e9n traumas graves que pueden manifestarse en forma de ansiedad, ataques de p\u00e1nico o miedo a conducir.<\/p>\n<p>Incluso una de estas lesiones ser\u00eda un gran obst\u00e1culo para superar, pero en accidentes que involucran camiones, las v\u00edctimas probablemente sufran muchas formas diferentes de lesiones.<\/p>\n<p class=\"rs-content-cta rs-content-cta-small\">Complete una <a href=\"\/es\/contacto\/\">evaluaci\u00f3n gratuita de su caso<\/a> ahora<\/p><h2>Los abogados de accidentes de camiones de Kruger &amp; Hodges Eaton, Ohio pueden ayudar<\/h2>\n<p>Despu\u00e9s de lesionarse en un accidente de cami\u00f3n, lo primero que debe hacer es obtener atenci\u00f3n m\u00e9dica para usted y cualquier otra parte lesionada. Llame a los servicios de emergencia a la escena inmediatamente. A partir de ah\u00ed, aseg\u00farese de dirigirse al hospital para un chequeo formal. Tener este chequeo ayudar\u00e1 a crear papeleo en caso de una demanda, sin mencionar que tratar\u00e1 cualquier lesi\u00f3n y evitar\u00e1 que empeore.<\/p>\n<p>Aseg\u00farese de obtener el nombre y la informaci\u00f3n de la empresa de transporte. A partir de ah\u00ed, es importante obtener toda la informaci\u00f3n sobre el conductor, los testigos y los informes policiales u otros documentos necesarios.<\/p>\n<p>Finalmente, es importante encontrar un abogado de accidentes de camiones de confianza en Eaton. Si ha estado involucrado en un accidente de cami\u00f3n, <a href=\"https:\/\/thehometownlawyers.com\/es\/contacto\/\">comun\u00edquese con<\/a> nuestros abogados de accidentes de camiones de Eaton, Ohio aqu\u00ed en <a href=\"https:\/\/thehometownlawyers.com\/es\/abogados-de-lesiones-personales-en-eaton-ohio\/\">Kruger &amp; Hodges<\/a> . Podemos ayudarlo a programar una consulta gratuita y sin riesgos para discutir su caso y ayudarlo a obtener la compensaci\u00f3n que merece.<\/p>\n<p class=\"rs-content-cta rs-content-cta-small\">Llame o env\u00ede un mensaje de texto al <a href=\"tel:+19377336079\">937-733-6079<\/a> o complete una <a href=\"\/es\/contacto\/\">evaluaci\u00f3n gratuita de su caso<\/a><\/p>","protected":false},"excerpt":{"rendered":"<p>Abogados de Accidentes de Camiones en Eaton, Ohio Una de las realidades de la carretera es la presencia constante de grandes camiones comerciales. De hecho, a medida que pasa el tiempo, el transporte por carretera sigue siendo el actor principal en el transporte de mercanc\u00edas de un lugar a otro. Las empresas de camiones transportaron &#8230;<\/p>\n","protected":false},"author":7,"featured_media":20745,"parent":21199,"menu_order":0,"comment_status":"closed","ping_status":"closed","template":"","meta":{"_acf_changed":false,"inline_featured_image":false,"_genesis_hide_title":false,"_genesis_hide_breadcrumbs":false,"_genesis_hide_singular_image":false,"_genesis_hide_footer_widgets":false,"_genesis_custom_body_class":"","_genesis_custom_post_class":"","_genesis_layout":"","footnotes":""},"hc_faqs":[],"hc_spanish_faqs":[],"class_list":{"0":"post-21197","1":"page","2":"type-page","3":"status-publish","4":"has-post-thumbnail","6":"hc_city_location-eaton-es","7":"entry"},"acf":[],"yoast_head":"<!-- This site is optimized with the Yoast SEO plugin v27.4 - https:\/\/yoast.com\/product\/yoast-seo-wordpress\/ -->\n<title>Abogados de Accidentes de Camiones en Eaton, Ohio: Consulta gratuita<\/title>\n<meta name=\"description\" content=\"Si ha estado involucrado en un accidente de cami\u00f3n, comun\u00edquese con los abogados de accidentes de camiones de Eaton, Ohio en Kruger &amp; Hodges para una consulta gratuita.\" \/>\n<meta name=\"robots\" content=\"index, follow, max-snippet:-1, max-image-preview:large, max-video-preview:-1\" \/>\n<link rel=\"canonical\" href=\"https:\/\/thehometownlawyers.com\/es\/abogados-de-lesiones-personales-en-eaton-ohio\/abogados-de-accidentes-de-camiones-en-eaton-ohio\/\" \/>\n<meta property=\"og:locale\" content=\"es_MX\" \/>\n<meta property=\"og:type\" content=\"article\" \/>\n<meta property=\"og:title\" content=\"Abogados de Accidentes de Camiones en Eaton, Ohio: Consulta gratuita\" \/>\n<meta property=\"og:description\" content=\"Si ha estado involucrado en un accidente de cami\u00f3n, comun\u00edquese con los abogados de accidentes de camiones de Eaton, Ohio en Kruger &amp; Hodges para una consulta gratuita.\" \/>\n<meta property=\"og:url\" content=\"https:\/\/thehometownlawyers.com\/es\/abogados-de-lesiones-personales-en-eaton-ohio\/abogados-de-accidentes-de-camiones-en-eaton-ohio\/\" \/>\n<meta property=\"og:site_name\" content=\"Kruger &amp; Hodges Abogados De Lesiones\" \/>\n<meta property=\"article:publisher\" content=\"https:\/\/www.facebook.com\/KrugerHodges\/\" \/>\n<meta property=\"article:modified_time\" content=\"2025-01-31T18:00:00+00:00\" \/>\n<meta property=\"og:image\" content=\"https:\/\/thehometownlawyers.com\/wp-content\/uploads\/2020\/02\/iStock-89919214small-1-scaled-1.jpg\" \/>\n\t<meta property=\"og:image:width\" content=\"2048\" \/>\n\t<meta property=\"og:image:height\" content=\"1362\" \/>\n\t<meta property=\"og:image:type\" content=\"image\/jpeg\" \/>\n<meta name=\"twitter:card\" content=\"summary_large_image\" \/>\n<meta name=\"twitter:label1\" content=\"Tiempo de lectura\" \/>\n\t<meta name=\"twitter:data1\" content=\"5 minutos\" \/>\n<script type=\"application\/ld+json\" class=\"yoast-schema-graph\">{\"@context\":\"https:\\\/\\\/schema.org\",\"@graph\":[{\"@type\":\"WebPage\",\"@id\":\"https:\\\/\\\/thehometownlawyers.com\\\/es\\\/abogados-de-lesiones-personales-en-eaton-ohio\\\/abogados-de-accidentes-de-camiones-en-eaton-ohio\\\/\",\"url\":\"https:\\\/\\\/thehometownlawyers.com\\\/es\\\/abogados-de-lesiones-personales-en-eaton-ohio\\\/abogados-de-accidentes-de-camiones-en-eaton-ohio\\\/\",\"name\":\"Abogados de Accidentes de Camiones en Eaton, Ohio: Consulta gratuita\",\"isPartOf\":{\"@id\":\"https:\\\/\\\/thehometownlawyers.com\\\/es\\\/#website\"},\"primaryImageOfPage\":{\"@id\":\"https:\\\/\\\/thehometownlawyers.com\\\/es\\\/abogados-de-lesiones-personales-en-eaton-ohio\\\/abogados-de-accidentes-de-camiones-en-eaton-ohio\\\/#primaryimage\"},\"image\":{\"@id\":\"https:\\\/\\\/thehometownlawyers.com\\\/es\\\/abogados-de-lesiones-personales-en-eaton-ohio\\\/abogados-de-accidentes-de-camiones-en-eaton-ohio\\\/#primaryimage\"},\"thumbnailUrl\":\"https:\\\/\\\/thehometownlawyers.com\\\/wp-content\\\/uploads\\\/2020\\\/02\\\/iStock-89919214small-1-scaled-1.jpg\",\"datePublished\":\"2021-02-04T02:17:43+00:00\",\"dateModified\":\"2025-01-31T18:00:00+00:00\",\"description\":\"Si ha estado involucrado en un accidente de cami\u00f3n, comun\u00edquese con los abogados de accidentes de camiones de Eaton, Ohio en Kruger & Hodges para una consulta gratuita.\",\"breadcrumb\":{\"@id\":\"https:\\\/\\\/thehometownlawyers.com\\\/es\\\/abogados-de-lesiones-personales-en-eaton-ohio\\\/abogados-de-accidentes-de-camiones-en-eaton-ohio\\\/#breadcrumb\"},\"inLanguage\":\"es\",\"potentialAction\":[{\"@type\":\"ReadAction\",\"target\":[\"https:\\\/\\\/thehometownlawyers.com\\\/es\\\/abogados-de-lesiones-personales-en-eaton-ohio\\\/abogados-de-accidentes-de-camiones-en-eaton-ohio\\\/\"]}]},{\"@type\":\"ImageObject\",\"inLanguage\":\"es\",\"@id\":\"https:\\\/\\\/thehometownlawyers.com\\\/es\\\/abogados-de-lesiones-personales-en-eaton-ohio\\\/abogados-de-accidentes-de-camiones-en-eaton-ohio\\\/#primaryimage\",\"url\":\"https:\\\/\\\/thehometownlawyers.com\\\/wp-content\\\/uploads\\\/2020\\\/02\\\/iStock-89919214small-1-scaled-1.jpg\",\"contentUrl\":\"https:\\\/\\\/thehometownlawyers.com\\\/wp-content\\\/uploads\\\/2020\\\/02\\\/iStock-89919214small-1-scaled-1.jpg\",\"width\":2048,\"height\":1362,\"caption\":\"Camioneta volcada tras accidente\"},{\"@type\":\"BreadcrumbList\",\"@id\":\"https:\\\/\\\/thehometownlawyers.com\\\/es\\\/abogados-de-lesiones-personales-en-eaton-ohio\\\/abogados-de-accidentes-de-camiones-en-eaton-ohio\\\/#breadcrumb\",\"itemListElement\":[{\"@type\":\"ListItem\",\"position\":1,\"name\":\"Home\",\"item\":\"https:\\\/\\\/thehometownlawyers.com\\\/es\\\/\"},{\"@type\":\"ListItem\",\"position\":2,\"name\":\"Abogado de Lesiones Personales en Eaton\",\"item\":\"https:\\\/\\\/thehometownlawyers.com\\\/es\\\/abogados-de-lesiones-personales-en-eaton-ohio\\\/\"},{\"@type\":\"ListItem\",\"position\":3,\"name\":\"Abogado de Accidente de Cami\u00f3n en Eaton\"}]},{\"@type\":\"WebSite\",\"@id\":\"https:\\\/\\\/thehometownlawyers.com\\\/es\\\/#website\",\"url\":\"https:\\\/\\\/thehometownlawyers.com\\\/es\\\/\",\"name\":\"Kruger & Hodges Hometown Injury Lawyers | Accident Attorneys\",\"description\":\"Attorneys for Car, Truck and Motorcycle Accidents, Personal Injuries, and Criminal Defense.\",\"publisher\":{\"@id\":\"https:\\\/\\\/thehometownlawyers.com\\\/es\\\/#organization\"},\"alternateName\":\"Kruger & Hodges Personal Injury Lawyers\",\"inLanguage\":\"es\"},{\"@type\":\"Organization\",\"@id\":\"https:\\\/\\\/thehometownlawyers.com\\\/es\\\/#organization\",\"name\":\"Kruger & Hodges Hometown Injury Lawyers\",\"alternateName\":\"Kruger & Hodges\",\"url\":\"https:\\\/\\\/thehometownlawyers.com\\\/es\\\/\",\"logo\":{\"@type\":\"ImageObject\",\"inLanguage\":\"es\",\"@id\":\"https:\\\/\\\/thehometownlawyers.com\\\/es\\\/#\\\/schema\\\/logo\\\/image\\\/\",\"url\":\"https:\\\/\\\/thehometownlawyers.com\\\/wp-content\\\/uploads\\\/2025\\\/12\\\/revised-kh-logo-vertical-white-background-scaled.png\",\"contentUrl\":\"https:\\\/\\\/thehometownlawyers.com\\\/wp-content\\\/uploads\\\/2025\\\/12\\\/revised-kh-logo-vertical-white-background-scaled.png\",\"width\":2560,\"height\":1440,\"caption\":\"Kruger & Hodges Hometown Injury Lawyers\"},\"image\":{\"@id\":\"https:\\\/\\\/thehometownlawyers.com\\\/es\\\/#\\\/schema\\\/logo\\\/image\\\/\"},\"sameAs\":[\"https:\\\/\\\/www.facebook.com\\\/KrugerHodges\\\/\",\"https:\\\/\\\/www.instagram.com\\\/krugerhodges\\\/\",\"https:\\\/\\\/www.linkedin.com\\\/company\\\/kruger-hodges-hometown-injury-lawyers\\\/\",\"https:\\\/\\\/www.youtube.com\\\/channel\\\/UCeYcMaMaN2rb9jMlqt4EIdQ\",\"https:\\\/\\\/www.tiktok.com\\\/@thehometownlawyer\"]}]}<\/script>\n<!-- \/ Yoast SEO plugin. -->","yoast_head_json":{"title":"Abogados de Accidentes de Camiones en Eaton, Ohio: Consulta gratuita","description":"Si ha estado involucrado en un accidente de cami\u00f3n, comun\u00edquese con los abogados de accidentes de camiones de Eaton, Ohio en Kruger & Hodges para una consulta gratuita.","robots":{"index":"index","follow":"follow","max-snippet":"max-snippet:-1","max-image-preview":"max-image-preview:large","max-video-preview":"max-video-preview:-1"},"canonical":"https:\/\/thehometownlawyers.com\/es\/abogados-de-lesiones-personales-en-eaton-ohio\/abogados-de-accidentes-de-camiones-en-eaton-ohio\/","og_locale":"es_MX","og_type":"article","og_title":"Abogados de Accidentes de Camiones en Eaton, Ohio: Consulta gratuita","og_description":"Si ha estado involucrado en un accidente de cami\u00f3n, comun\u00edquese con los abogados de accidentes de camiones de Eaton, Ohio en Kruger & Hodges para una consulta gratuita.","og_url":"https:\/\/thehometownlawyers.com\/es\/abogados-de-lesiones-personales-en-eaton-ohio\/abogados-de-accidentes-de-camiones-en-eaton-ohio\/","og_site_name":"Kruger &amp; Hodges Abogados De Lesiones","article_publisher":"https:\/\/www.facebook.com\/KrugerHodges\/","article_modified_time":"2025-01-31T18:00:00+00:00","og_image":[{"width":2048,"height":1362,"url":"https:\/\/thehometownlawyers.com\/wp-content\/uploads\/2020\/02\/iStock-89919214small-1-scaled-1.jpg","type":"image\/jpeg"}],"twitter_card":"summary_large_image","twitter_misc":{"Tiempo de lectura":"5 minutos"},"schema":{"@context":"https:\/\/schema.org","@graph":[{"@type":"WebPage","@id":"https:\/\/thehometownlawyers.com\/es\/abogados-de-lesiones-personales-en-eaton-ohio\/abogados-de-accidentes-de-camiones-en-eaton-ohio\/","url":"https:\/\/thehometownlawyers.com\/es\/abogados-de-lesiones-personales-en-eaton-ohio\/abogados-de-accidentes-de-camiones-en-eaton-ohio\/","name":"Abogados de Accidentes de Camiones en Eaton, Ohio: Consulta gratuita","isPartOf":{"@id":"https:\/\/thehometownlawyers.com\/es\/#website"},"primaryImageOfPage":{"@id":"https:\/\/thehometownlawyers.com\/es\/abogados-de-lesiones-personales-en-eaton-ohio\/abogados-de-accidentes-de-camiones-en-eaton-ohio\/#primaryimage"},"image":{"@id":"https:\/\/thehometownlawyers.com\/es\/abogados-de-lesiones-personales-en-eaton-ohio\/abogados-de-accidentes-de-camiones-en-eaton-ohio\/#primaryimage"},"thumbnailUrl":"https:\/\/thehometownlawyers.com\/wp-content\/uploads\/2020\/02\/iStock-89919214small-1-scaled-1.jpg","datePublished":"2021-02-04T02:17:43+00:00","dateModified":"2025-01-31T18:00:00+00:00","description":"Si ha estado involucrado en un accidente de cami\u00f3n, comun\u00edquese con los abogados de accidentes de camiones de Eaton, Ohio en Kruger & Hodges para una consulta gratuita.","breadcrumb":{"@id":"https:\/\/thehometownlawyers.com\/es\/abogados-de-lesiones-personales-en-eaton-ohio\/abogados-de-accidentes-de-camiones-en-eaton-ohio\/#breadcrumb"},"inLanguage":"es","potentialAction":[{"@type":"ReadAction","target":["https:\/\/thehometownlawyers.com\/es\/abogados-de-lesiones-personales-en-eaton-ohio\/abogados-de-accidentes-de-camiones-en-eaton-ohio\/"]}]},{"@type":"ImageObject","inLanguage":"es","@id":"https:\/\/thehometownlawyers.com\/es\/abogados-de-lesiones-personales-en-eaton-ohio\/abogados-de-accidentes-de-camiones-en-eaton-ohio\/#primaryimage","url":"https:\/\/thehometownlawyers.com\/wp-content\/uploads\/2020\/02\/iStock-89919214small-1-scaled-1.jpg","contentUrl":"https:\/\/thehometownlawyers.com\/wp-content\/uploads\/2020\/02\/iStock-89919214small-1-scaled-1.jpg","width":2048,"height":1362,"caption":"Camioneta volcada tras accidente"},{"@type":"BreadcrumbList","@id":"https:\/\/thehometownlawyers.com\/es\/abogados-de-lesiones-personales-en-eaton-ohio\/abogados-de-accidentes-de-camiones-en-eaton-ohio\/#breadcrumb","itemListElement":[{"@type":"ListItem","position":1,"name":"Home","item":"https:\/\/thehometownlawyers.com\/es\/"},{"@type":"ListItem","position":2,"name":"Abogado de Lesiones Personales en Eaton","item":"https:\/\/thehometownlawyers.com\/es\/abogados-de-lesiones-personales-en-eaton-ohio\/"},{"@type":"ListItem","position":3,"name":"Abogado de Accidente de Cami\u00f3n en Eaton"}]},{"@type":"WebSite","@id":"https:\/\/thehometownlawyers.com\/es\/#website","url":"https:\/\/thehometownlawyers.com\/es\/","name":"Kruger & Hodges Hometown Injury Lawyers | Accident Attorneys","description":"Attorneys for Car, Truck and Motorcycle Accidents, Personal Injuries, and Criminal Defense.","publisher":{"@id":"https:\/\/thehometownlawyers.com\/es\/#organization"},"alternateName":"Kruger & Hodges Personal Injury Lawyers","inLanguage":"es"},{"@type":"Organization","@id":"https:\/\/thehometownlawyers.com\/es\/#organization","name":"Kruger & Hodges Hometown Injury Lawyers","alternateName":"Kruger & Hodges","url":"https:\/\/thehometownlawyers.com\/es\/","logo":{"@type":"ImageObject","inLanguage":"es","@id":"https:\/\/thehometownlawyers.com\/es\/#\/schema\/logo\/image\/","url":"https:\/\/thehometownlawyers.com\/wp-content\/uploads\/2025\/12\/revised-kh-logo-vertical-white-background-scaled.png","contentUrl":"https:\/\/thehometownlawyers.com\/wp-content\/uploads\/2025\/12\/revised-kh-logo-vertical-white-background-scaled.png","width":2560,"height":1440,"caption":"Kruger & Hodges Hometown Injury Lawyers"},"image":{"@id":"https:\/\/thehometownlawyers.com\/es\/#\/schema\/logo\/image\/"},"sameAs":["https:\/\/www.facebook.com\/KrugerHodges\/","https:\/\/www.instagram.com\/krugerhodges\/","https:\/\/www.linkedin.com\/company\/kruger-hodges-hometown-injury-lawyers\/","https:\/\/www.youtube.com\/channel\/UCeYcMaMaN2rb9jMlqt4EIdQ","https:\/\/www.tiktok.com\/@thehometownlawyer"]}]}},"_links":{"self":[{"href":"https:\/\/thehometownlawyers.com\/es\/wp-json\/wp\/v2\/pages\/21197","targetHints":{"allow":["GET"]}}],"collection":[{"href":"https:\/\/thehometownlawyers.com\/es\/wp-json\/wp\/v2\/pages"}],"about":[{"href":"https:\/\/thehometownlawyers.com\/es\/wp-json\/wp\/v2\/types\/page"}],"author":[{"embeddable":true,"href":"https:\/\/thehometownlawyers.com\/es\/wp-json\/wp\/v2\/users\/7"}],"replies":[{"embeddable":true,"href":"https:\/\/thehometownlawyers.com\/es\/wp-json\/wp\/v2\/comments?post=21197"}],"version-history":[{"count":0,"href":"https:\/\/thehometownlawyers.com\/es\/wp-json\/wp\/v2\/pages\/21197\/revisions"}],"up":[{"embeddable":true,"href":"https:\/\/thehometownlawyers.com\/es\/wp-json\/wp\/v2\/pages\/21199"}],"wp:featuredmedia":[{"embeddable":true,"href":"https:\/\/thehometownlawyers.com\/es\/wp-json\/wp\/v2\/media\/20745"}],"wp:attachment":[{"href":"https:\/\/thehometownlawyers.com\/es\/wp-json\/wp\/v2\/media?parent=21197"}],"wp:term":[{"taxonomy":"hc_faqs","embeddable":true,"href":"https:\/\/thehometownlawyers.com\/es\/wp-json\/wp\/v2\/hc_faqs?post=21197"},{"taxonomy":"hc_spanish_faqs","embeddable":true,"href":"https:\/\/thehometownlawyers.com\/es\/wp-json\/wp\/v2\/hc_spanish_faqs?post=21197"}],"curies":[{"name":"wp","href":"https:\/\/api.w.org\/{rel}","templated":true}]}}