{"id":21198,"date":"2021-05-16T13:35:45","date_gmt":"2021-05-16T17:35:45","guid":{"rendered":"https:\/\/thehometownlawyers.com\/?page_id=21198"},"modified":"2025-03-24T13:55:46","modified_gmt":"2025-03-24T17:55:46","slug":"abogado-de-accidentes-automovilisticos-que-presta-servicios-en-greenville-ohio","status":"publish","type":"page","link":"https:\/\/thehometownlawyers.com\/es\/abogado-de-lesiones-personales-que-presta-servicios-en-greenville-ohio\/abogado-de-accidentes-automovilisticos-que-presta-servicios-en-greenville-ohio\/","title":{"rendered":"Abogado de Accidentes Automovil\u00edsticos en Greenville"},"content":{"rendered":"<h2>Abogados de accidentes automovil\u00edsticos en Greenville, Ohio<\/h2>\n<p>Los accidentes automovil\u00edsticos ocurren todos los d\u00edas en Ohio. En 2019, hubo <a href=\"https:\/\/statepatrol.ohio.gov\/statistics\/statspage3.asp\" target=\"_blank\" rel=\"noopener\">1,041 accidentes automovil\u00edsticos fatales<\/a> , lo que significa que hubo demasiados accidentes en los que se produjo una muerte. Eso es casi tres accidentes automovil\u00edsticos fatales por d\u00eda. Es posible que se preocupe por los accidentes automovil\u00edsticos mientras conduce, o que no piense mucho en ellos, pero de cualquier manera, debe saber qu\u00e9 hacer en caso de que se vea involucrado en un accidente automovil\u00edstico en Greenville, sin importar cu\u00e1n grave sea.<\/p>\n<p class=\"rs-content-cta rs-content-cta-small\">Para una consulta legal gratuita, llame al <a href=\"tel:+15138943333\">513-894-3333 <\/a><\/p><h2>\u00bfC\u00f3mo ocurren los accidentes automovil\u00edsticos?<\/h2>\n<p>Los escenarios y circunstancias exactos que rodean un accidente automovil\u00edstico nunca son los mismos. Puede ser de d\u00eda o de noche, el clima puede ser excelente o terrible, la persona que conduce puede ser un veterano experimentado sin puntos en su historial o un demonio de la velocidad imprudente que conduce con una suspensi\u00f3n de la licencia. No importa el fondo o el entorno, cualquiera puede verse involucrado en un accidente automovil\u00edstico en cualquier momento. Sin embargo, hay algunas circunstancias que hacen que sea m\u00e1s probable que ocurra un accidente automovil\u00edstico.<\/p>\n<p>La conducci\u00f3n alterada y distra\u00edda son las principales causas de los accidentes automovil\u00edsticos. Las investigaciones sugieren que conducir bajo los efectos del alcohol puede ser la causa de m\u00e1s de la mitad de todos los accidentes automovil\u00edsticos que ocurren. El deterioro puede provenir de varias cosas. Las drogas y el alcohol pueden alterar gravemente su estado de \u00e1nimo, por lo que es extremadamente peligroso conducir bajo la influencia de cualquiera de estas sustancias. La conducci\u00f3n afectada tambi\u00e9n puede ser causada por medicamentos recetados que se toman sin tener en cuenta las precauciones dadas con el medicamento.<\/p>\n<p><a href=\"https:\/\/www.nhtsa.gov\/risky-driving\/distracted-driving\" target=\"_blank\" rel=\"noopener\">La conducci\u00f3n distra\u00edda a<\/a> menudo ocurre cuando una persona est\u00e1 concentrada en un tel\u00e9fono celular u otro dispositivo en lugar de en la carretera y en el funcionamiento de su veh\u00edculo. La conducci\u00f3n alterada o distra\u00edda tambi\u00e9n puede ser causada por somnolencia excesiva o una condici\u00f3n m\u00e9dica que dificulta concentrarse en sus acciones y su entorno.<\/p>\n<p>Algunas otras causas principales de accidentes automovil\u00edsticos son la conducci\u00f3n imprudente, la conducci\u00f3n agresiva, el exceso de velocidad y pasarse las se\u00f1ales de alto o las luces rojas. Todo puede salir mal en un abrir y cerrar de ojos cuando se trata de veh\u00edculos que se mueven r\u00e1pidamente, especialmente en una autopista o en un tramo de carretera desconocido. Por eso es importante prestar siempre atenci\u00f3n a lo que sucede cuando est\u00e1s en la carretera. Permanezca alerta y conduzca a la defensiva para aumentar sus posibilidades de permanecer seguro detr\u00e1s del volante.<\/p>\n<h2>\u00bfD\u00f3nde ocurren la mayor\u00eda de los accidentes?<\/h2>\n<p>Los accidentes automovil\u00edsticos pueden ocurrir en cualquier lugar: en la entrada de su casa, en la autopista o en esa carretera residencial de 25 millas por hora que generalmente es muy segura. Los conductores imprudentes, las malas situaciones y las circunstancias anormales pueden provocar un accidente automovil\u00edstico grave antes de que sepa lo que est\u00e1 sucediendo.<\/p>\n<p>Seg\u00fan las estad\u00edsticas, m\u00e1s de la mitad de todos los accidentes ocurren dentro de las cinco millas de la casa de una persona, y ese porcentaje supera el 75% dentro de las 15 millas de la casa de una persona. Hay muchas razones posibles para esto, una de las cuales es que quiz\u00e1s las personas prestan menos atenci\u00f3n cuando est\u00e1n m\u00e1s cerca de casa, donde se sienten m\u00e1s c\u00f3modas, que cuando est\u00e1n m\u00e1s lejos.<\/p>\n<p>Otra estad\u00edstica que sorprende a la gente es la cantidad de accidentes de tr\u00e1nsito que ocurren en caminos rurales en comparaci\u00f3n con las carreteras. Muchas personas asumen que las carreteras son una fuente mayor de accidentes de tr\u00e1fico y muertes, pero en realidad ocurren muchos m\u00e1s <a href=\"https:\/\/cdan.dot.gov\/\" target=\"_blank\" rel=\"noopener\">accidentes fatales<\/a> en carreteras rurales de dos carriles. Otro hecho aleccionador es que la mayor\u00eda de estos accidentes ocurren en rectas, lo que significa que el conductor estaba en una carretera recta en lugar de en una secci\u00f3n con curvas.<\/p>\n<p>Las lesiones y muertes por accidentes automovil\u00edsticos pueden ser devastadoras para las familias y los seres queridos. Incluso si el accidente automovil\u00edstico parece menor al principio, puede haber deducibles y facturas m\u00e9dicas a pagar que pueden poner en peligro a una persona o familia, especialmente con tantos sin trabajo y luchando con la pandemia de COVID. Puede haber multas y cargos asociados con las multas y los costos judiciales o el seguro.<\/p>\n<p class=\"rs-content-cta rs-content-cta-small\"><a href=\"\/es\/contacto\/\">Haga clic para contactar<\/a> con nuestros lesiones personales abogados hoy<\/p><h2>\u00bfHa estado en un accidente automovil\u00edstico en Greenville, Ohio?<\/h2>\n<p>Greenville y las \u00e1reas circundantes son zonas rurales de Ohio. Hay maquinaria agr\u00edcola a tener en cuenta, as\u00ed como muchos caminos rurales largos que a menudo no est\u00e1n bien iluminados por la noche o cuando hace mal tiempo. Si result\u00f3 lesionado en un accidente automovil\u00edstico en Greenville o sus alrededores, llame hoy mismo a las oficinas de <a href=\"https:\/\/thehometownlawyers.com\/es\/\">Kruger &amp; Hodges<\/a> . Nuestros abogados de accidentes automovil\u00edsticos pueden ayudarlo a determinar si es elegible para una compensaci\u00f3n por su tiempo, lesiones y angustia, y ayudarlo a aliviar el doloroso proceso de recuperaci\u00f3n de un accidente automovil\u00edstico.<\/p>\n<p class=\"rs-content-cta rs-content-cta-small\">Llame o env\u00ede un mensaje de texto al <a href=\"tel:+15138943333\">513-894-3333<\/a> o complete una <a href=\"\/es\/contacto\/\">evaluaci\u00f3n gratuita de su caso<\/a><\/p>","protected":false},"excerpt":{"rendered":"<p>Abogados de accidentes automovil\u00edsticos en Greenville, Ohio Los accidentes automovil\u00edsticos ocurren todos los d\u00edas en Ohio. En 2019, hubo 1,041 accidentes automovil\u00edsticos fatales , lo que significa que hubo demasiados accidentes en los que se produjo una muerte. Eso es casi tres accidentes automovil\u00edsticos fatales por d\u00eda. Es posible que se preocupe por los accidentes &#8230;<\/p>\n","protected":false},"author":7,"featured_media":24696,"parent":21205,"menu_order":0,"comment_status":"closed","ping_status":"closed","template":"","meta":{"_acf_changed":false,"inline_featured_image":false,"_genesis_hide_title":false,"_genesis_hide_breadcrumbs":false,"_genesis_hide_singular_image":false,"_genesis_hide_footer_widgets":false,"_genesis_custom_body_class":"","_genesis_custom_post_class":"","_genesis_layout":"","footnotes":""},"hc_faqs":[],"hc_spanish_faqs":[],"class_list":{"0":"post-21198","1":"page","2":"type-page","3":"status-publish","4":"has-post-thumbnail","6":"entry"},"acf":[],"yoast_head":"<!-- This site is optimized with the Yoast SEO plugin v27.3 - https:\/\/yoast.com\/product\/yoast-seo-wordpress\/ -->\n<title>Abogado de accidentes automovil\u00edsticos que presta servicios en Greenville, Ohio: Consulta gratuita<\/title>\n<meta name=\"description\" content=\"Abogados de accidentes automovil\u00edsticos en Greenville, Ohio Los accidentes automovil\u00edsticos ocurren todos los d\u00edas en Ohio. En 2019, hubo 1,041 accidentes\" \/>\n<meta name=\"robots\" content=\"index, follow, max-snippet:-1, max-image-preview:large, max-video-preview:-1\" \/>\n<link rel=\"canonical\" href=\"https:\/\/thehometownlawyers.com\/es\/abogado-de-lesiones-personales-que-presta-servicios-en-greenville-ohio\/abogado-de-accidentes-automovilisticos-que-presta-servicios-en-greenville-ohio\/\" \/>\n<meta property=\"og:locale\" content=\"es_MX\" \/>\n<meta property=\"og:type\" content=\"article\" \/>\n<meta property=\"og:title\" content=\"Abogado de accidentes automovil\u00edsticos que presta servicios en Greenville, Ohio: Consulta gratuita\" \/>\n<meta property=\"og:description\" content=\"Abogados de accidentes automovil\u00edsticos en Greenville, Ohio Los accidentes automovil\u00edsticos ocurren todos los d\u00edas en Ohio. En 2019, hubo 1,041 accidentes\" \/>\n<meta property=\"og:url\" content=\"https:\/\/thehometownlawyers.com\/es\/abogado-de-lesiones-personales-que-presta-servicios-en-greenville-ohio\/abogado-de-accidentes-automovilisticos-que-presta-servicios-en-greenville-ohio\/\" \/>\n<meta property=\"og:site_name\" content=\"Kruger &amp; Hodges Abogados De Lesiones\" \/>\n<meta property=\"article:publisher\" content=\"https:\/\/www.facebook.com\/KrugerHodges\/\" \/>\n<meta property=\"article:modified_time\" content=\"2025-03-24T17:55:46+00:00\" \/>\n<meta property=\"og:image\" content=\"https:\/\/thehometownlawyers.com\/wp-content\/uploads\/2025\/03\/abogado-de-accidentes-automovilisticos-que-presta-servicios-en-greenville-ohio.jpg\" \/>\n\t<meta property=\"og:image:width\" content=\"768\" \/>\n\t<meta property=\"og:image:height\" content=\"405\" \/>\n\t<meta property=\"og:image:type\" content=\"image\/jpeg\" \/>\n<meta name=\"twitter:card\" content=\"summary_large_image\" \/>\n<meta name=\"twitter:label1\" content=\"Tiempo de lectura\" \/>\n\t<meta name=\"twitter:data1\" content=\"4 minutos\" \/>\n<script type=\"application\/ld+json\" class=\"yoast-schema-graph\">{\"@context\":\"https:\\\/\\\/schema.org\",\"@graph\":[{\"@type\":\"WebPage\",\"@id\":\"https:\\\/\\\/thehometownlawyers.com\\\/es\\\/abogado-de-lesiones-personales-que-presta-servicios-en-greenville-ohio\\\/abogado-de-accidentes-automovilisticos-que-presta-servicios-en-greenville-ohio\\\/\",\"url\":\"https:\\\/\\\/thehometownlawyers.com\\\/es\\\/abogado-de-lesiones-personales-que-presta-servicios-en-greenville-ohio\\\/abogado-de-accidentes-automovilisticos-que-presta-servicios-en-greenville-ohio\\\/\",\"name\":\"Abogado de accidentes automovil\u00edsticos que presta servicios en Greenville, Ohio: Consulta gratuita\",\"isPartOf\":{\"@id\":\"https:\\\/\\\/thehometownlawyers.com\\\/es\\\/#website\"},\"primaryImageOfPage\":{\"@id\":\"https:\\\/\\\/thehometownlawyers.com\\\/es\\\/abogado-de-lesiones-personales-que-presta-servicios-en-greenville-ohio\\\/abogado-de-accidentes-automovilisticos-que-presta-servicios-en-greenville-ohio\\\/#primaryimage\"},\"image\":{\"@id\":\"https:\\\/\\\/thehometownlawyers.com\\\/es\\\/abogado-de-lesiones-personales-que-presta-servicios-en-greenville-ohio\\\/abogado-de-accidentes-automovilisticos-que-presta-servicios-en-greenville-ohio\\\/#primaryimage\"},\"thumbnailUrl\":\"https:\\\/\\\/thehometownlawyers.com\\\/wp-content\\\/uploads\\\/2025\\\/03\\\/abogado-de-accidentes-automovilisticos-que-presta-servicios-en-greenville-ohio.jpg\",\"datePublished\":\"2021-05-16T17:35:45+00:00\",\"dateModified\":\"2025-03-24T17:55:46+00:00\",\"description\":\"Abogados de accidentes automovil\u00edsticos en Greenville, Ohio Los accidentes automovil\u00edsticos ocurren todos los d\u00edas en Ohio. En 2019, hubo 1,041 accidentes\",\"breadcrumb\":{\"@id\":\"https:\\\/\\\/thehometownlawyers.com\\\/es\\\/abogado-de-lesiones-personales-que-presta-servicios-en-greenville-ohio\\\/abogado-de-accidentes-automovilisticos-que-presta-servicios-en-greenville-ohio\\\/#breadcrumb\"},\"inLanguage\":\"es\",\"potentialAction\":[{\"@type\":\"ReadAction\",\"target\":[\"https:\\\/\\\/thehometownlawyers.com\\\/es\\\/abogado-de-lesiones-personales-que-presta-servicios-en-greenville-ohio\\\/abogado-de-accidentes-automovilisticos-que-presta-servicios-en-greenville-ohio\\\/\"]}]},{\"@type\":\"ImageObject\",\"inLanguage\":\"es\",\"@id\":\"https:\\\/\\\/thehometownlawyers.com\\\/es\\\/abogado-de-lesiones-personales-que-presta-servicios-en-greenville-ohio\\\/abogado-de-accidentes-automovilisticos-que-presta-servicios-en-greenville-ohio\\\/#primaryimage\",\"url\":\"https:\\\/\\\/thehometownlawyers.com\\\/wp-content\\\/uploads\\\/2025\\\/03\\\/abogado-de-accidentes-automovilisticos-que-presta-servicios-en-greenville-ohio.jpg\",\"contentUrl\":\"https:\\\/\\\/thehometownlawyers.com\\\/wp-content\\\/uploads\\\/2025\\\/03\\\/abogado-de-accidentes-automovilisticos-que-presta-servicios-en-greenville-ohio.jpg\",\"width\":768,\"height\":405,\"caption\":\"Car Injury Whiplash. Pain After Auto Accident.\"},{\"@type\":\"BreadcrumbList\",\"@id\":\"https:\\\/\\\/thehometownlawyers.com\\\/es\\\/abogado-de-lesiones-personales-que-presta-servicios-en-greenville-ohio\\\/abogado-de-accidentes-automovilisticos-que-presta-servicios-en-greenville-ohio\\\/#breadcrumb\",\"itemListElement\":[{\"@type\":\"ListItem\",\"position\":1,\"name\":\"Home\",\"item\":\"https:\\\/\\\/thehometownlawyers.com\\\/es\\\/\"},{\"@type\":\"ListItem\",\"position\":2,\"name\":\"Abogado de Lesiones Personales en Greenville\",\"item\":\"https:\\\/\\\/thehometownlawyers.com\\\/es\\\/abogado-de-lesiones-personales-que-presta-servicios-en-greenville-ohio\\\/\"},{\"@type\":\"ListItem\",\"position\":3,\"name\":\"Abogado de Accidentes Automovil\u00edsticos en Greenville\"}]},{\"@type\":\"WebSite\",\"@id\":\"https:\\\/\\\/thehometownlawyers.com\\\/es\\\/#website\",\"url\":\"https:\\\/\\\/thehometownlawyers.com\\\/es\\\/\",\"name\":\"Kruger & Hodges Hometown Injury Lawyers | Accident Attorneys\",\"description\":\"Attorneys for Car, Truck and Motorcycle Accidents, Personal Injuries, and Criminal Defense.\",\"publisher\":{\"@id\":\"https:\\\/\\\/thehometownlawyers.com\\\/es\\\/#organization\"},\"alternateName\":\"Kruger & Hodges Personal Injury Lawyers\",\"inLanguage\":\"es\"},{\"@type\":\"Organization\",\"@id\":\"https:\\\/\\\/thehometownlawyers.com\\\/es\\\/#organization\",\"name\":\"Kruger & Hodges Hometown Injury Lawyers\",\"alternateName\":\"Kruger & Hodges\",\"url\":\"https:\\\/\\\/thehometownlawyers.com\\\/es\\\/\",\"logo\":{\"@type\":\"ImageObject\",\"inLanguage\":\"es\",\"@id\":\"https:\\\/\\\/thehometownlawyers.com\\\/es\\\/#\\\/schema\\\/logo\\\/image\\\/\",\"url\":\"https:\\\/\\\/thehometownlawyers.com\\\/wp-content\\\/uploads\\\/2025\\\/12\\\/revised-kh-logo-vertical-white-background-scaled.png\",\"contentUrl\":\"https:\\\/\\\/thehometownlawyers.com\\\/wp-content\\\/uploads\\\/2025\\\/12\\\/revised-kh-logo-vertical-white-background-scaled.png\",\"width\":2560,\"height\":1440,\"caption\":\"Kruger & Hodges Hometown Injury Lawyers\"},\"image\":{\"@id\":\"https:\\\/\\\/thehometownlawyers.com\\\/es\\\/#\\\/schema\\\/logo\\\/image\\\/\"},\"sameAs\":[\"https:\\\/\\\/www.facebook.com\\\/KrugerHodges\\\/\",\"https:\\\/\\\/www.instagram.com\\\/krugerhodges\\\/\",\"https:\\\/\\\/www.linkedin.com\\\/company\\\/kruger-hodges-hometown-injury-lawyers\\\/\",\"https:\\\/\\\/www.youtube.com\\\/channel\\\/UCeYcMaMaN2rb9jMlqt4EIdQ\",\"https:\\\/\\\/www.tiktok.com\\\/@thehometownlawyer\"]}]}<\/script>\n<!-- \/ Yoast SEO plugin. -->","yoast_head_json":{"title":"Abogado de accidentes automovil\u00edsticos que presta servicios en Greenville, Ohio: Consulta gratuita","description":"Abogados de accidentes automovil\u00edsticos en Greenville, Ohio Los accidentes automovil\u00edsticos ocurren todos los d\u00edas en Ohio. En 2019, hubo 1,041 accidentes","robots":{"index":"index","follow":"follow","max-snippet":"max-snippet:-1","max-image-preview":"max-image-preview:large","max-video-preview":"max-video-preview:-1"},"canonical":"https:\/\/thehometownlawyers.com\/es\/abogado-de-lesiones-personales-que-presta-servicios-en-greenville-ohio\/abogado-de-accidentes-automovilisticos-que-presta-servicios-en-greenville-ohio\/","og_locale":"es_MX","og_type":"article","og_title":"Abogado de accidentes automovil\u00edsticos que presta servicios en Greenville, Ohio: Consulta gratuita","og_description":"Abogados de accidentes automovil\u00edsticos en Greenville, Ohio Los accidentes automovil\u00edsticos ocurren todos los d\u00edas en Ohio. En 2019, hubo 1,041 accidentes","og_url":"https:\/\/thehometownlawyers.com\/es\/abogado-de-lesiones-personales-que-presta-servicios-en-greenville-ohio\/abogado-de-accidentes-automovilisticos-que-presta-servicios-en-greenville-ohio\/","og_site_name":"Kruger &amp; Hodges Abogados De Lesiones","article_publisher":"https:\/\/www.facebook.com\/KrugerHodges\/","article_modified_time":"2025-03-24T17:55:46+00:00","og_image":[{"width":768,"height":405,"url":"https:\/\/thehometownlawyers.com\/wp-content\/uploads\/2025\/03\/abogado-de-accidentes-automovilisticos-que-presta-servicios-en-greenville-ohio.jpg","type":"image\/jpeg"}],"twitter_card":"summary_large_image","twitter_misc":{"Tiempo de lectura":"4 minutos"},"schema":{"@context":"https:\/\/schema.org","@graph":[{"@type":"WebPage","@id":"https:\/\/thehometownlawyers.com\/es\/abogado-de-lesiones-personales-que-presta-servicios-en-greenville-ohio\/abogado-de-accidentes-automovilisticos-que-presta-servicios-en-greenville-ohio\/","url":"https:\/\/thehometownlawyers.com\/es\/abogado-de-lesiones-personales-que-presta-servicios-en-greenville-ohio\/abogado-de-accidentes-automovilisticos-que-presta-servicios-en-greenville-ohio\/","name":"Abogado de accidentes automovil\u00edsticos que presta servicios en Greenville, Ohio: Consulta gratuita","isPartOf":{"@id":"https:\/\/thehometownlawyers.com\/es\/#website"},"primaryImageOfPage":{"@id":"https:\/\/thehometownlawyers.com\/es\/abogado-de-lesiones-personales-que-presta-servicios-en-greenville-ohio\/abogado-de-accidentes-automovilisticos-que-presta-servicios-en-greenville-ohio\/#primaryimage"},"image":{"@id":"https:\/\/thehometownlawyers.com\/es\/abogado-de-lesiones-personales-que-presta-servicios-en-greenville-ohio\/abogado-de-accidentes-automovilisticos-que-presta-servicios-en-greenville-ohio\/#primaryimage"},"thumbnailUrl":"https:\/\/thehometownlawyers.com\/wp-content\/uploads\/2025\/03\/abogado-de-accidentes-automovilisticos-que-presta-servicios-en-greenville-ohio.jpg","datePublished":"2021-05-16T17:35:45+00:00","dateModified":"2025-03-24T17:55:46+00:00","description":"Abogados de accidentes automovil\u00edsticos en Greenville, Ohio Los accidentes automovil\u00edsticos ocurren todos los d\u00edas en Ohio. En 2019, hubo 1,041 accidentes","breadcrumb":{"@id":"https:\/\/thehometownlawyers.com\/es\/abogado-de-lesiones-personales-que-presta-servicios-en-greenville-ohio\/abogado-de-accidentes-automovilisticos-que-presta-servicios-en-greenville-ohio\/#breadcrumb"},"inLanguage":"es","potentialAction":[{"@type":"ReadAction","target":["https:\/\/thehometownlawyers.com\/es\/abogado-de-lesiones-personales-que-presta-servicios-en-greenville-ohio\/abogado-de-accidentes-automovilisticos-que-presta-servicios-en-greenville-ohio\/"]}]},{"@type":"ImageObject","inLanguage":"es","@id":"https:\/\/thehometownlawyers.com\/es\/abogado-de-lesiones-personales-que-presta-servicios-en-greenville-ohio\/abogado-de-accidentes-automovilisticos-que-presta-servicios-en-greenville-ohio\/#primaryimage","url":"https:\/\/thehometownlawyers.com\/wp-content\/uploads\/2025\/03\/abogado-de-accidentes-automovilisticos-que-presta-servicios-en-greenville-ohio.jpg","contentUrl":"https:\/\/thehometownlawyers.com\/wp-content\/uploads\/2025\/03\/abogado-de-accidentes-automovilisticos-que-presta-servicios-en-greenville-ohio.jpg","width":768,"height":405,"caption":"Car Injury Whiplash. Pain After Auto Accident."},{"@type":"BreadcrumbList","@id":"https:\/\/thehometownlawyers.com\/es\/abogado-de-lesiones-personales-que-presta-servicios-en-greenville-ohio\/abogado-de-accidentes-automovilisticos-que-presta-servicios-en-greenville-ohio\/#breadcrumb","itemListElement":[{"@type":"ListItem","position":1,"name":"Home","item":"https:\/\/thehometownlawyers.com\/es\/"},{"@type":"ListItem","position":2,"name":"Abogado de Lesiones Personales en Greenville","item":"https:\/\/thehometownlawyers.com\/es\/abogado-de-lesiones-personales-que-presta-servicios-en-greenville-ohio\/"},{"@type":"ListItem","position":3,"name":"Abogado de Accidentes Automovil\u00edsticos en Greenville"}]},{"@type":"WebSite","@id":"https:\/\/thehometownlawyers.com\/es\/#website","url":"https:\/\/thehometownlawyers.com\/es\/","name":"Kruger & Hodges Hometown Injury Lawyers | Accident Attorneys","description":"Attorneys for Car, Truck and Motorcycle Accidents, Personal Injuries, and Criminal Defense.","publisher":{"@id":"https:\/\/thehometownlawyers.com\/es\/#organization"},"alternateName":"Kruger & Hodges Personal Injury Lawyers","inLanguage":"es"},{"@type":"Organization","@id":"https:\/\/thehometownlawyers.com\/es\/#organization","name":"Kruger & Hodges Hometown Injury Lawyers","alternateName":"Kruger & Hodges","url":"https:\/\/thehometownlawyers.com\/es\/","logo":{"@type":"ImageObject","inLanguage":"es","@id":"https:\/\/thehometownlawyers.com\/es\/#\/schema\/logo\/image\/","url":"https:\/\/thehometownlawyers.com\/wp-content\/uploads\/2025\/12\/revised-kh-logo-vertical-white-background-scaled.png","contentUrl":"https:\/\/thehometownlawyers.com\/wp-content\/uploads\/2025\/12\/revised-kh-logo-vertical-white-background-scaled.png","width":2560,"height":1440,"caption":"Kruger & Hodges Hometown Injury Lawyers"},"image":{"@id":"https:\/\/thehometownlawyers.com\/es\/#\/schema\/logo\/image\/"},"sameAs":["https:\/\/www.facebook.com\/KrugerHodges\/","https:\/\/www.instagram.com\/krugerhodges\/","https:\/\/www.linkedin.com\/company\/kruger-hodges-hometown-injury-lawyers\/","https:\/\/www.youtube.com\/channel\/UCeYcMaMaN2rb9jMlqt4EIdQ","https:\/\/www.tiktok.com\/@thehometownlawyer"]}]}},"_links":{"self":[{"href":"https:\/\/thehometownlawyers.com\/es\/wp-json\/wp\/v2\/pages\/21198","targetHints":{"allow":["GET"]}}],"collection":[{"href":"https:\/\/thehometownlawyers.com\/es\/wp-json\/wp\/v2\/pages"}],"about":[{"href":"https:\/\/thehometownlawyers.com\/es\/wp-json\/wp\/v2\/types\/page"}],"author":[{"embeddable":true,"href":"https:\/\/thehometownlawyers.com\/es\/wp-json\/wp\/v2\/users\/7"}],"replies":[{"embeddable":true,"href":"https:\/\/thehometownlawyers.com\/es\/wp-json\/wp\/v2\/comments?post=21198"}],"version-history":[{"count":0,"href":"https:\/\/thehometownlawyers.com\/es\/wp-json\/wp\/v2\/pages\/21198\/revisions"}],"up":[{"embeddable":true,"href":"https:\/\/thehometownlawyers.com\/es\/wp-json\/wp\/v2\/pages\/21205"}],"wp:featuredmedia":[{"embeddable":true,"href":"https:\/\/thehometownlawyers.com\/es\/wp-json\/wp\/v2\/media\/24696"}],"wp:attachment":[{"href":"https:\/\/thehometownlawyers.com\/es\/wp-json\/wp\/v2\/media?parent=21198"}],"wp:term":[{"taxonomy":"hc_faqs","embeddable":true,"href":"https:\/\/thehometownlawyers.com\/es\/wp-json\/wp\/v2\/hc_faqs?post=21198"},{"taxonomy":"hc_spanish_faqs","embeddable":true,"href":"https:\/\/thehometownlawyers.com\/es\/wp-json\/wp\/v2\/hc_spanish_faqs?post=21198"}],"curies":[{"name":"wp","href":"https:\/\/api.w.org\/{rel}","templated":true}]}}