{"id":21199,"date":"2021-01-11T20:36:24","date_gmt":"2021-01-12T01:36:24","guid":{"rendered":"https:\/\/thehometownlawyers.com\/?page_id=21199"},"modified":"2025-03-04T17:57:38","modified_gmt":"2025-03-04T22:57:38","slug":"abogados-de-lesiones-personales-en-eaton-ohio","status":"publish","type":"page","link":"https:\/\/thehometownlawyers.com\/es\/abogados-de-lesiones-personales-en-eaton-ohio\/","title":{"rendered":"Abogado de Lesiones Personales en Eaton"},"content":{"rendered":"<h2>Abogados de lesiones personales en Eaton, Ohio<\/h2>\n<p>No importa d\u00f3nde se encuentre, corre el riesgo de lesionarse en accidentes causados por la negligencia de otras personas. En la ciudad de Eaton, Ohio, los abogados de lesiones personales pueden buscar una compensaci\u00f3n por las p\u00e9rdidas de sus v\u00edctimas de acuerdo con las leyes de nuestro estado. Aunque la mayor\u00eda de los casos de reclamos por lesiones personales en el \u00e1rea se resuelven fuera de los tribunales, es posible que a\u00fan desee ejercer sus derechos y presentar su reclamo por da\u00f1os y perjuicios con la asistencia de un abogado con experiencia en lesiones personales en Eaton.<\/p>\n<p class=\"rs-content-cta rs-content-cta-small\">Para una consulta legal gratuita, llame al <a href=\"tel:+19377336079\">937-733-6079 <\/a><\/p><h2>Casos comunes de lesiones personales<\/h2>\n<p>Nuestra firma ve muchos tipos diferentes de casos de lesiones. Sin embargo, las lesiones m\u00e1s comunes por las que recibimos llamadas son las siguientes:<\/p>\n<ul>\n<li><strong><a href=\"https:\/\/thehometownlawyers.com\/es\/abogados-de-lesiones-personales-en-el-condado-de-preble-ohio\/abogados-de-accidentes-automovilisticos-del-condado-de-preble-ohio\/\">Accidentes automovil\u00edsticos<\/a><\/strong><\/li>\n<li><strong><a href=\"https:\/\/thehometownlawyers.com\/es\/abogados-de-lesiones-personales-en-eaton-ohio\/abogados-de-accidentes-de-motocicleta-en-eaton-ohio\/\">Choques de motocicleta<\/a><\/strong><\/li>\n<li><strong><a href=\"https:\/\/thehometownlawyers.com\/es\/abogados-de-lesiones-personales-en-eaton-ohio\/abogados-de-accidentes-de-camiones-en-eaton-ohio\/\">Accidentes de cami\u00f3n<\/a><\/strong><\/li>\n<li>accidentes de autobus<\/li>\n<li><strong><a href=\"https:\/\/thehometownlawyers.com\/es\/abogados-de-lesiones-personales-en-eaton-ohio\/abogados-de-mordeduras-de-perro-en-eaton-ohio\/\">Mordidas de perro<\/a><\/strong><\/li>\n<li>Resbalones y ca\u00eddas<\/li>\n<\/ul>\n<p>Esta no es una lista exhaustiva, pero representa algunos de los casos de lesiones personales m\u00e1s comunes que manejamos. Aunque todos tienen similitudes, cada tipo de casos tiene matices importantes que pueden marcar la diferencia en la forma en que deben manejarse. Puede hacer clic en algunos de los diferentes tipos de casos anteriores para obtener informaci\u00f3n m\u00e1s espec\u00edfica.<\/p>\n<p class=\"rs-content-cta\">Abogado de Lesiones Personales de Eaton Cerca de M\u00ed <a href=\"tel:+19377336079\">937-733-6079<\/a><\/p><h2><span style=\"font-weight: 400;\">Lesiones comunes y compensaci\u00f3n por accidentes<\/span><\/h2>\n<p><span style=\"font-weight: 400;\">Dependiendo del tipo de accidente en el que est\u00e9 involucrado, puede haber una variedad de lesiones que pueden afectar su vida. Hay accidentes en los que las lesiones pueden ser m\u00e1s graves, como si eres un peat\u00f3n o un ciclista. Otros accidentes que involucran veh\u00edculos de motor pueden resultar en accidentes menos graves, como un choque de veh\u00edculos de motor que involucra a dos veh\u00edculos. <\/span><\/p>\n<p><span style=\"font-weight: 400;\">Algunas de las lesiones m\u00e1s comunes que puede ver incluyen lesiones cerebrales traum\u00e1ticas, huesos fracturados, quemaduras, lesiones de la m\u00e9dula espinal y TEPT.<\/span><\/p>\n<p><span style=\"font-weight: 400;\">Adem\u00e1s, puede haber lesiones que no se ven hasta m\u00e1s tarde. Algunos de estos pueden manifestarse como hemorragia interna o problemas cognitivos como resultado de una TBI. En la escena de un accidente, es posible que se est\u00e9 recuperando de una descarga de adrenalina que tiende a adormecer el dolor. Sin embargo, es muy importante que consulte a un m\u00e9dico despu\u00e9s de un accidente, incluso si no hay lesiones evidentes. <\/span><\/p>\n<p><span style=\"font-weight: 400;\">Estas lesiones, ya sean temporales o de larga duraci\u00f3n, pueden dar lugar a diferentes niveles de compensaci\u00f3n. <\/span><\/p>\n<p><span style=\"font-weight: 400;\">Hay dos categor\u00edas principales de compensaci\u00f3n para las que puede ser elegible. Estas dos categor\u00edas se conocen como da\u00f1os econ\u00f3micos y da\u00f1os no econ\u00f3micos.<\/span><\/p>\n<p><span style=\"font-weight: 400;\">Los da\u00f1os econ\u00f3micos cubren cosas como la p\u00e9rdida de apoyo financiero, la p\u00e9rdida de servicios dom\u00e9sticos, los gastos de funeral y entierro, y la p\u00e9rdida de regalos o beneficios que la familia hubiera recibido del difunto. La p\u00e9rdida de apoyo financiero se calcula utilizando varias herramientas, pero el enfoque principal es cu\u00e1nto habr\u00eda ganado el difunto durante toda su carrera y cu\u00e1nto habr\u00eda contribuido a su familia. La p\u00e9rdida de servicios dom\u00e9sticos toma en consideraci\u00f3n las tareas, responsabilidades y quehaceres diarios en los que particip\u00f3 el difunto.<\/span><\/p>\n<p><span style=\"font-weight: 400;\">Los da\u00f1os no econ\u00f3micos cubren el costo emocional y mental de los beneficiarios como resultado de la muerte por negligencia. De acuerdo a <\/span><a href=\"https:\/\/codes.ohio.gov\/ohio-revised-code\/section-2315.18\" target=\"_blank\" rel=\"noopener\"><span style=\"font-weight: 400;\">La secci\u00f3n 2315.18 del estatuto de Ohio<\/span><\/a> <span style=\"font-weight: 400;\">, los da\u00f1os no econ\u00f3micos se limitan a las siguientes categor\u00edas: \u201cdolor y sufrimiento, p\u00e9rdida de la sociedad, consorcio, compa\u00f1erismo, cuidado, asistencia, atenci\u00f3n, protecci\u00f3n, consejo, gu\u00eda, consejo, instrucci\u00f3n, capacitaci\u00f3n o educaci\u00f3n, desfiguraci\u00f3n, angustia mental y cualquier otra p\u00e9rdida intangible\u201d.<\/span><\/p>\n<p><span style=\"font-weight: 400;\">Si tiene preguntas sobre los tipos m\u00e1s comunes de lesiones y la compensaci\u00f3n resultante, los abogados de lesiones personales de Eaton en Kruger &amp; Hodges tendr\u00e1n sus respuestas. <\/span><\/p>\n<p><span style=\"font-weight: 400;\">Sabemos que sufrir una lesi\u00f3n es un evento que cambia la vida. Incluso si se recupera, a\u00fan tendr\u00e1 que lidiar con el estr\u00e9s y la ansiedad persistentes del incidente. Su abogado de lesiones personales podr\u00e1 trabajar con usted a lo largo del proceso para garantizar que pueda recuperarse, al mismo tiempo que busca el mejor resultado posible para su reclamo. <\/span><\/p>\n<p class=\"rs-content-cta rs-content-cta-small\"><a href=\"\/es\/contacto\/\">Haga clic para contactar<\/a> con nuestros lesiones personales abogados hoy<\/p><h2>Ejercicio de sus derechos<\/h2>\n<p>Es el derecho de todos los ciudadanos de los Estados Unidos buscar una compensaci\u00f3n cuando han sido lesionados por otra persona. Eso significa que si otra persona lo lesion\u00f3 dentro del estado, los tribunales pueden ayudarlo a obtener una compensaci\u00f3n por los da\u00f1os y perjuicios. En muchos casos, las v\u00edctimas de lesiones sufren da\u00f1os tales como salarios perdidos, facturas m\u00e9dicas y dolor y sufrimiento.<\/p>\n<p>Suponga que otra persona lo ha lastimado accidentalmente en un accidente no letal. Por ejemplo, suponga que una pala cae desde la ventana del segundo piso de un edificio y lo golpea en el hombro. Esta pala podr\u00eda haber sido lo suficientemente gruesa como para desgarrarte los m\u00fasculos y dislocarte los huesos al impactar. El accidente le ha hecho perder tres d\u00edas de trabajo y le han facturado $15,000 por gastos m\u00e9dicos. No est\u00e1 seguro de si su hombro volver\u00e1 a ser el mismo. \u00bfQu\u00e9 puedes hacer?<\/p>\n<p>Al llevar este asunto a los tribunales, puede obtener el reembolso de una parte o la totalidad de sus gastos m\u00e9dicos b\u00e1sicos y la p\u00e9rdida de ingresos. Adem\u00e1s, el autor puede perder cualquier licencia o certificaci\u00f3n relacionada con el accidente. Si se trataba de un sitio de construcci\u00f3n, entonces la empresa constructora tambi\u00e9n puede ser sancionada seg\u00fan <strong>1301.99<\/strong> de la <a href=\"https:\/\/library.municode.com\/co\/eaton\/codes\/municipal_code?nodeId=CHVIBURE_SIBUCO\" target=\"_blank\" rel=\"noopener\">Ordenanza Codificada<\/a> de la Ciudad de Eaton.<\/p>\n<p class=\"rs-content-cta rs-content-cta-small\">Complete una <a href=\"\/es\/contacto\/\">evaluaci\u00f3n gratuita de su caso<\/a> ahora<\/p><h2>\u00bfCu\u00e1les son las limitaciones de las demandas por lesiones personales?<\/h2>\n<p>Para mantener todo justo y ordenado tanto para el victimario como para la v\u00edctima, la concesi\u00f3n de pagos por da\u00f1os y perjuicios se limitar\u00e1 a los gastos b\u00e1sicos y la capacidad de pago del perpetrador. Eso significa, por lo tanto, que solo se indemnizar\u00e1n los gastos relacionados con la lesi\u00f3n personal.<\/p>\n<p>Adem\u00e1s, existe un <a href=\"http:\/\/codes.ohio.gov\/orc\/2315.18\" target=\"_blank\" rel=\"noopener\">plazo de dos a\u00f1os<\/a> para presentar una demanda por lesiones personales en todo el estado de Ohio. Sin embargo, es importante tener en cuenta que este plazo var\u00eda de un estado a otro y puede tener excepciones que tambi\u00e9n pueden diferir.<\/p>\n<p>En cuanto a Ohio, hay tres excepciones a esta regla. Los primeros dos son si la v\u00edctima era menor de edad o mentalmente incapacitada durante el tiempo del crimen. La tercera es si el perpetrador hab\u00eda dejado el estado por un cierto per\u00edodo de tiempo despu\u00e9s del accidente. Esto es para brindar asistencia justa a la v\u00edctima en caso de que el perpetrador haya decidido huir de las ramificaciones legales de sus acciones.<\/p>\n<h2>Ayuda de abogados de lesiones personales en Eaton<\/h2>\n<p>Las leyes est\u00e1n ah\u00ed para dar a todos el debido proceso y justicia. Por supuesto, no todo el mundo conoce bien los procesos judiciales, por lo que es importante consultar con abogados expertos y capacitados en la materia. Si usted o alguien que conoce necesita ayuda con su caso de lesiones personales, los abogados de lesiones personales de Eaton en <a href=\"https:\/\/thehometownlawyers.com\/es\/acerca-de-los-abogados-de-kruger-hodges\/\">Kruger &amp; Hodges<\/a> pueden ayudarlo durante el proceso legal. No dude en <a href=\"https:\/\/thehometownlawyers.com\/es\/contacto\/\">contactarnos hoy<\/a> para programar una evaluaci\u00f3n gratuita de su caso y obtener m\u00e1s informaci\u00f3n sobre sus derechos despu\u00e9s de una lesi\u00f3n personal.<\/p>\n<h2>M\u00e1s informaci\u00f3n sobre Eaton, Ohio<\/h2>\n<p>Eaton, Ohio, est\u00e1 a unas 24 millas al oeste de Dayton, Ohio, y es parte del \u00e1rea metropolitana de Dayton, y tambi\u00e9n es la sede del condado de Preble. La ciudad de Eaton se plane\u00f3 en 1806. Eaton lleva el nombre del general William Eaton, quien dirigi\u00f3 una marcha militar desde Egipto a Tr\u00edpoli. Otras calles en Eaton tambi\u00e9n llevan el nombre de h\u00e9roes de la Primera y Segunda Guerra de Berber\u00eda como Barron, Decatur, Israel, Wadsworth y Somers.<\/p>\n<p>Eaton alberga dos escuelas primarias: la escuela primaria William Bruce y la escuela primaria Hollingsworth East, la escuela secundaria Eaton y la escuela secundaria Eaton. Las escuelas de Eaton ofrecen atletismo y m\u00fasica a sus estudiantes. Las bandas de Eaton tienen m\u00e1s de 200 estudiantes de 6\u00ba a 12\u00ba grado. La banda de la escuela secundaria ofrece espect\u00e1culos durante todo el a\u00f1o y en la primavera compiten en el concurso M\u00fasica en los parques. Eaton High School tiene una banda de m\u00fasica, una banda de animaci\u00f3n y una banda de conciertos. El hogar de los Eagles, el atletismo en Eaton High School var\u00eda desde f\u00fatbol masculino en el oto\u00f1o, baloncesto masculino y femenino en el invierno, hasta atletismo en la primavera.<\/p>\n<p>Eaton, Ohio, es el hogar de muchos lugares emocionantes. The Olde Schoolhouse Vineyard &amp; Winery est\u00e1 ubicado en la ruta estatal 726 y es un hermoso destino para los vinos finos. La Sociedad Hist\u00f3rica del Condado de Preble est\u00e1 ubicada en Swartsel Road en Eaton y ofrece conocimiento hist\u00f3rico del \u00e1rea. Safari Junction, ubicado en la ruta 127 de EE. UU., es el hogar de todo tipo de animales y recibe visitantes durante todo el a\u00f1o. Y, todos los a\u00f1os, el condado de Preble organiza su Festival del Cerdo en Eaton en el recinto ferial. El evento es organizado por la comunidad local para beneficiar a la comunidad local.<\/p>\n<p>Eaton ofrece varios parques para que sus residentes y visitantes elijan. Disfrute de un agradable picnic o acampe en Fort St. Clair Park. Disfrute de la instalaci\u00f3n de tratamiento de agua en Waterworks Park. Disfruta de un partido de b\u00e9isbol de ligas menores en Blackman Fields. No se olvide de dar un agradable paseo por el parque Seven Mile. Si quieres ir a nadar, prueba Main Street Aquatic Center con sus dos piscinas, un trampol\u00edn e incluso un tobog\u00e1n de agua.<\/p>\n<p>La <a href=\"https:\/\/eatonpolice.org\/index.html\" target=\"_blank\" rel=\"noopener\">Divisi\u00f3n de Polic\u00eda de Eaton<\/a> est\u00e1 ubicada en Maple Street y sirve a la ciudad de Eaton. Su misi\u00f3n es &#8220;ayudar a salvar vidas, proteger la propiedad y ayudar a los ciudadanos de la ciudad de Eaton en su momento de necesidad&#8221;. Sus principios rectores incluyen el trabajo en equipo, la integridad, el compromiso con la excelencia, la \u00e9tica y el profesionalismo. La Divisi\u00f3n de Polic\u00eda de Eaton se enorgullece de utilizar estos principios en su vida diaria, profesional y de otro tipo.<\/p>\n<p class=\"rs-content-cta rs-content-cta-small\">Llame o env\u00ede un mensaje de texto al <a href=\"tel:+19377336079\">937-733-6079<\/a> o complete una <a href=\"\/es\/contacto\/\">evaluaci\u00f3n gratuita de su caso<\/a><\/p>","protected":false},"excerpt":{"rendered":"<p>Abogados de lesiones personales en Eaton, Ohio No importa d\u00f3nde se encuentre, corre el riesgo de lesionarse en accidentes causados por la negligencia de otras personas. En la ciudad de Eaton, Ohio, los abogados de lesiones personales pueden buscar una compensaci\u00f3n por las p\u00e9rdidas de sus v\u00edctimas de acuerdo con las leyes de nuestro estado. &#8230;<\/p>\n","protected":false},"author":7,"featured_media":20864,"parent":0,"menu_order":0,"comment_status":"closed","ping_status":"closed","template":"","meta":{"_acf_changed":false,"inline_featured_image":false,"_genesis_hide_title":false,"_genesis_hide_breadcrumbs":false,"_genesis_hide_singular_image":false,"_genesis_hide_footer_widgets":false,"_genesis_custom_body_class":"","_genesis_custom_post_class":"","_genesis_layout":"","footnotes":""},"hc_faqs":[],"hc_spanish_faqs":[],"class_list":{"0":"post-21199","1":"page","2":"type-page","3":"status-publish","4":"has-post-thumbnail","6":"hc_city_location-eaton-es","7":"entry"},"acf":[],"yoast_head":"<!-- This site is optimized with the Yoast SEO plugin v27.3 - https:\/\/yoast.com\/product\/yoast-seo-wordpress\/ -->\n<title>Abogados de lesiones personales en Eaton, Ohio: Consulta gratuita<\/title>\n<meta name=\"description\" content=\"Ejerza sus derechos y presente su reclamo por da\u00f1os y perjuicios con la asistencia de nuestros abogados con experiencia en lesiones personales en Eaton, Ohio.\" \/>\n<meta name=\"robots\" content=\"index, follow, max-snippet:-1, max-image-preview:large, max-video-preview:-1\" \/>\n<link rel=\"canonical\" href=\"https:\/\/thehometownlawyers.com\/es\/abogados-de-lesiones-personales-en-eaton-ohio\/\" \/>\n<meta property=\"og:locale\" content=\"es_MX\" \/>\n<meta property=\"og:type\" content=\"article\" \/>\n<meta property=\"og:title\" content=\"Abogados de lesiones personales en Eaton, Ohio: Consulta gratuita\" \/>\n<meta property=\"og:description\" content=\"Ejerza sus derechos y presente su reclamo por da\u00f1os y perjuicios con la asistencia de nuestros abogados con experiencia en lesiones personales en Eaton, Ohio.\" \/>\n<meta property=\"og:url\" content=\"https:\/\/thehometownlawyers.com\/es\/abogados-de-lesiones-personales-en-eaton-ohio\/\" \/>\n<meta property=\"og:site_name\" content=\"Kruger &amp; Hodges Abogados De Lesiones\" \/>\n<meta property=\"article:publisher\" content=\"https:\/\/www.facebook.com\/KrugerHodges\/\" \/>\n<meta property=\"article:modified_time\" content=\"2025-03-04T22:57:38+00:00\" \/>\n<meta property=\"og:image\" content=\"https:\/\/thehometownlawyers.com\/wp-content\/uploads\/2021\/09\/doctor-giving-mri.jpg\" \/>\n\t<meta property=\"og:image:width\" content=\"1920\" \/>\n\t<meta property=\"og:image:height\" content=\"1080\" \/>\n\t<meta property=\"og:image:type\" content=\"image\/jpeg\" \/>\n<meta name=\"twitter:card\" content=\"summary_large_image\" \/>\n<meta name=\"twitter:label1\" content=\"Tiempo de lectura\" \/>\n\t<meta name=\"twitter:data1\" content=\"8 minutos\" \/>\n<script type=\"application\/ld+json\" class=\"yoast-schema-graph\">{\"@context\":\"https:\\\/\\\/schema.org\",\"@graph\":[{\"@type\":\"WebPage\",\"@id\":\"https:\\\/\\\/thehometownlawyers.com\\\/es\\\/abogados-de-lesiones-personales-en-eaton-ohio\\\/\",\"url\":\"https:\\\/\\\/thehometownlawyers.com\\\/es\\\/abogados-de-lesiones-personales-en-eaton-ohio\\\/\",\"name\":\"Abogados de lesiones personales en Eaton, Ohio: Consulta gratuita\",\"isPartOf\":{\"@id\":\"https:\\\/\\\/thehometownlawyers.com\\\/es\\\/#website\"},\"primaryImageOfPage\":{\"@id\":\"https:\\\/\\\/thehometownlawyers.com\\\/es\\\/abogados-de-lesiones-personales-en-eaton-ohio\\\/#primaryimage\"},\"image\":{\"@id\":\"https:\\\/\\\/thehometownlawyers.com\\\/es\\\/abogados-de-lesiones-personales-en-eaton-ohio\\\/#primaryimage\"},\"thumbnailUrl\":\"https:\\\/\\\/thehometownlawyers.com\\\/wp-content\\\/uploads\\\/2021\\\/09\\\/doctor-giving-mri.jpg\",\"datePublished\":\"2021-01-12T01:36:24+00:00\",\"dateModified\":\"2025-03-04T22:57:38+00:00\",\"description\":\"Ejerza sus derechos y presente su reclamo por da\u00f1os y perjuicios con la asistencia de nuestros abogados con experiencia en lesiones personales en Eaton, Ohio.\",\"breadcrumb\":{\"@id\":\"https:\\\/\\\/thehometownlawyers.com\\\/es\\\/abogados-de-lesiones-personales-en-eaton-ohio\\\/#breadcrumb\"},\"inLanguage\":\"es\",\"potentialAction\":[{\"@type\":\"ReadAction\",\"target\":[\"https:\\\/\\\/thehometownlawyers.com\\\/es\\\/abogados-de-lesiones-personales-en-eaton-ohio\\\/\"]}]},{\"@type\":\"ImageObject\",\"inLanguage\":\"es\",\"@id\":\"https:\\\/\\\/thehometownlawyers.com\\\/es\\\/abogados-de-lesiones-personales-en-eaton-ohio\\\/#primaryimage\",\"url\":\"https:\\\/\\\/thehometownlawyers.com\\\/wp-content\\\/uploads\\\/2021\\\/09\\\/doctor-giving-mri.jpg\",\"contentUrl\":\"https:\\\/\\\/thehometownlawyers.com\\\/wp-content\\\/uploads\\\/2021\\\/09\\\/doctor-giving-mri.jpg\",\"width\":1920,\"height\":1080,\"caption\":\"m\u00e9dico configurando una m\u00e1quina de resonancia magn\u00e9tica\"},{\"@type\":\"BreadcrumbList\",\"@id\":\"https:\\\/\\\/thehometownlawyers.com\\\/es\\\/abogados-de-lesiones-personales-en-eaton-ohio\\\/#breadcrumb\",\"itemListElement\":[{\"@type\":\"ListItem\",\"position\":1,\"name\":\"Home\",\"item\":\"https:\\\/\\\/thehometownlawyers.com\\\/es\\\/\"},{\"@type\":\"ListItem\",\"position\":2,\"name\":\"Abogado de Lesiones Personales en Eaton\"}]},{\"@type\":\"WebSite\",\"@id\":\"https:\\\/\\\/thehometownlawyers.com\\\/es\\\/#website\",\"url\":\"https:\\\/\\\/thehometownlawyers.com\\\/es\\\/\",\"name\":\"Kruger & Hodges Hometown Injury Lawyers | Accident Attorneys\",\"description\":\"Attorneys for Car, Truck and Motorcycle Accidents, Personal Injuries, and Criminal Defense.\",\"publisher\":{\"@id\":\"https:\\\/\\\/thehometownlawyers.com\\\/es\\\/#organization\"},\"alternateName\":\"Kruger & Hodges Personal Injury Lawyers\",\"inLanguage\":\"es\"},{\"@type\":\"Organization\",\"@id\":\"https:\\\/\\\/thehometownlawyers.com\\\/es\\\/#organization\",\"name\":\"Kruger & Hodges Hometown Injury Lawyers\",\"alternateName\":\"Kruger & Hodges Accident Attorneys\",\"url\":\"https:\\\/\\\/thehometownlawyers.com\\\/es\\\/\",\"logo\":{\"@type\":\"ImageObject\",\"inLanguage\":\"es\",\"@id\":\"https:\\\/\\\/thehometownlawyers.com\\\/es\\\/#\\\/schema\\\/logo\\\/image\\\/\",\"url\":\"https:\\\/\\\/thehometownlawyers.com\\\/wp-content\\\/uploads\\\/2025\\\/12\\\/revised-kh-logo-vertical-white-background-scaled.png\",\"contentUrl\":\"https:\\\/\\\/thehometownlawyers.com\\\/wp-content\\\/uploads\\\/2025\\\/12\\\/revised-kh-logo-vertical-white-background-scaled.png\",\"width\":2560,\"height\":1440,\"caption\":\"Kruger & Hodges Hometown Injury Lawyers\"},\"image\":{\"@id\":\"https:\\\/\\\/thehometownlawyers.com\\\/es\\\/#\\\/schema\\\/logo\\\/image\\\/\"},\"sameAs\":[\"https:\\\/\\\/www.facebook.com\\\/KrugerHodges\\\/\",\"https:\\\/\\\/www.instagram.com\\\/krugerhodges\\\/\",\"https:\\\/\\\/www.linkedin.com\\\/company\\\/kruger-hodges-hometown-injury-lawyers\\\/\",\"https:\\\/\\\/www.youtube.com\\\/channel\\\/UCeYcMaMaN2rb9jMlqt4EIdQ\",\"https:\\\/\\\/www.tiktok.com\\\/@thehometownlawyer\"]}]}<\/script>\n<!-- \/ Yoast SEO plugin. -->","yoast_head_json":{"title":"Abogados de lesiones personales en Eaton, Ohio: Consulta gratuita","description":"Ejerza sus derechos y presente su reclamo por da\u00f1os y perjuicios con la asistencia de nuestros abogados con experiencia en lesiones personales en Eaton, Ohio.","robots":{"index":"index","follow":"follow","max-snippet":"max-snippet:-1","max-image-preview":"max-image-preview:large","max-video-preview":"max-video-preview:-1"},"canonical":"https:\/\/thehometownlawyers.com\/es\/abogados-de-lesiones-personales-en-eaton-ohio\/","og_locale":"es_MX","og_type":"article","og_title":"Abogados de lesiones personales en Eaton, Ohio: Consulta gratuita","og_description":"Ejerza sus derechos y presente su reclamo por da\u00f1os y perjuicios con la asistencia de nuestros abogados con experiencia en lesiones personales en Eaton, Ohio.","og_url":"https:\/\/thehometownlawyers.com\/es\/abogados-de-lesiones-personales-en-eaton-ohio\/","og_site_name":"Kruger &amp; Hodges Abogados De Lesiones","article_publisher":"https:\/\/www.facebook.com\/KrugerHodges\/","article_modified_time":"2025-03-04T22:57:38+00:00","og_image":[{"width":1920,"height":1080,"url":"https:\/\/thehometownlawyers.com\/wp-content\/uploads\/2021\/09\/doctor-giving-mri.jpg","type":"image\/jpeg"}],"twitter_card":"summary_large_image","twitter_misc":{"Tiempo de lectura":"8 minutos"},"schema":{"@context":"https:\/\/schema.org","@graph":[{"@type":"WebPage","@id":"https:\/\/thehometownlawyers.com\/es\/abogados-de-lesiones-personales-en-eaton-ohio\/","url":"https:\/\/thehometownlawyers.com\/es\/abogados-de-lesiones-personales-en-eaton-ohio\/","name":"Abogados de lesiones personales en Eaton, Ohio: Consulta gratuita","isPartOf":{"@id":"https:\/\/thehometownlawyers.com\/es\/#website"},"primaryImageOfPage":{"@id":"https:\/\/thehometownlawyers.com\/es\/abogados-de-lesiones-personales-en-eaton-ohio\/#primaryimage"},"image":{"@id":"https:\/\/thehometownlawyers.com\/es\/abogados-de-lesiones-personales-en-eaton-ohio\/#primaryimage"},"thumbnailUrl":"https:\/\/thehometownlawyers.com\/wp-content\/uploads\/2021\/09\/doctor-giving-mri.jpg","datePublished":"2021-01-12T01:36:24+00:00","dateModified":"2025-03-04T22:57:38+00:00","description":"Ejerza sus derechos y presente su reclamo por da\u00f1os y perjuicios con la asistencia de nuestros abogados con experiencia en lesiones personales en Eaton, Ohio.","breadcrumb":{"@id":"https:\/\/thehometownlawyers.com\/es\/abogados-de-lesiones-personales-en-eaton-ohio\/#breadcrumb"},"inLanguage":"es","potentialAction":[{"@type":"ReadAction","target":["https:\/\/thehometownlawyers.com\/es\/abogados-de-lesiones-personales-en-eaton-ohio\/"]}]},{"@type":"ImageObject","inLanguage":"es","@id":"https:\/\/thehometownlawyers.com\/es\/abogados-de-lesiones-personales-en-eaton-ohio\/#primaryimage","url":"https:\/\/thehometownlawyers.com\/wp-content\/uploads\/2021\/09\/doctor-giving-mri.jpg","contentUrl":"https:\/\/thehometownlawyers.com\/wp-content\/uploads\/2021\/09\/doctor-giving-mri.jpg","width":1920,"height":1080,"caption":"m\u00e9dico configurando una m\u00e1quina de resonancia magn\u00e9tica"},{"@type":"BreadcrumbList","@id":"https:\/\/thehometownlawyers.com\/es\/abogados-de-lesiones-personales-en-eaton-ohio\/#breadcrumb","itemListElement":[{"@type":"ListItem","position":1,"name":"Home","item":"https:\/\/thehometownlawyers.com\/es\/"},{"@type":"ListItem","position":2,"name":"Abogado de Lesiones Personales en Eaton"}]},{"@type":"WebSite","@id":"https:\/\/thehometownlawyers.com\/es\/#website","url":"https:\/\/thehometownlawyers.com\/es\/","name":"Kruger & Hodges Hometown Injury Lawyers | Accident Attorneys","description":"Attorneys for Car, Truck and Motorcycle Accidents, Personal Injuries, and Criminal Defense.","publisher":{"@id":"https:\/\/thehometownlawyers.com\/es\/#organization"},"alternateName":"Kruger & Hodges Personal Injury Lawyers","inLanguage":"es"},{"@type":"Organization","@id":"https:\/\/thehometownlawyers.com\/es\/#organization","name":"Kruger & Hodges Hometown Injury Lawyers","alternateName":"Kruger & Hodges Accident Attorneys","url":"https:\/\/thehometownlawyers.com\/es\/","logo":{"@type":"ImageObject","inLanguage":"es","@id":"https:\/\/thehometownlawyers.com\/es\/#\/schema\/logo\/image\/","url":"https:\/\/thehometownlawyers.com\/wp-content\/uploads\/2025\/12\/revised-kh-logo-vertical-white-background-scaled.png","contentUrl":"https:\/\/thehometownlawyers.com\/wp-content\/uploads\/2025\/12\/revised-kh-logo-vertical-white-background-scaled.png","width":2560,"height":1440,"caption":"Kruger & Hodges Hometown Injury Lawyers"},"image":{"@id":"https:\/\/thehometownlawyers.com\/es\/#\/schema\/logo\/image\/"},"sameAs":["https:\/\/www.facebook.com\/KrugerHodges\/","https:\/\/www.instagram.com\/krugerhodges\/","https:\/\/www.linkedin.com\/company\/kruger-hodges-hometown-injury-lawyers\/","https:\/\/www.youtube.com\/channel\/UCeYcMaMaN2rb9jMlqt4EIdQ","https:\/\/www.tiktok.com\/@thehometownlawyer"]}]}},"_links":{"self":[{"href":"https:\/\/thehometownlawyers.com\/es\/wp-json\/wp\/v2\/pages\/21199","targetHints":{"allow":["GET"]}}],"collection":[{"href":"https:\/\/thehometownlawyers.com\/es\/wp-json\/wp\/v2\/pages"}],"about":[{"href":"https:\/\/thehometownlawyers.com\/es\/wp-json\/wp\/v2\/types\/page"}],"author":[{"embeddable":true,"href":"https:\/\/thehometownlawyers.com\/es\/wp-json\/wp\/v2\/users\/7"}],"replies":[{"embeddable":true,"href":"https:\/\/thehometownlawyers.com\/es\/wp-json\/wp\/v2\/comments?post=21199"}],"version-history":[{"count":0,"href":"https:\/\/thehometownlawyers.com\/es\/wp-json\/wp\/v2\/pages\/21199\/revisions"}],"wp:featuredmedia":[{"embeddable":true,"href":"https:\/\/thehometownlawyers.com\/es\/wp-json\/wp\/v2\/media\/20864"}],"wp:attachment":[{"href":"https:\/\/thehometownlawyers.com\/es\/wp-json\/wp\/v2\/media?parent=21199"}],"wp:term":[{"taxonomy":"hc_faqs","embeddable":true,"href":"https:\/\/thehometownlawyers.com\/es\/wp-json\/wp\/v2\/hc_faqs?post=21199"},{"taxonomy":"hc_spanish_faqs","embeddable":true,"href":"https:\/\/thehometownlawyers.com\/es\/wp-json\/wp\/v2\/hc_spanish_faqs?post=21199"}],"curies":[{"name":"wp","href":"https:\/\/api.w.org\/{rel}","templated":true}]}}