{"id":21200,"date":"2021-01-25T13:28:15","date_gmt":"2021-01-25T18:28:15","guid":{"rendered":"https:\/\/thehometownlawyers.com\/?page_id=21200"},"modified":"2025-01-31T12:59:40","modified_gmt":"2025-01-31T17:59:40","slug":"abogados-de-mordeduras-de-perro-en-eaton-ohio","status":"publish","type":"page","link":"https:\/\/thehometownlawyers.com\/es\/abogados-de-lesiones-personales-en-eaton-ohio\/abogados-de-mordeduras-de-perro-en-eaton-ohio\/","title":{"rendered":"Abogado de Mordedura de Perro en Eaton"},"content":{"rendered":"<h2>Abogados de mordedura de perro en Eaton, Ohio<\/h2>\n<p>Los perros son mascotas encantadoras que muchos estadounidenses disfrutan tener en sus hogares. Aproximadamente el <a href=\"https:\/\/www.avma.org\/blog\/pet-ownership-rise\" target=\"_blank\" rel=\"noopener\">46% de los hogares<\/a> en los Estados Unidos tienen un perro como mascota. Con tantos perros, es comprensible que nuestros compa\u00f1eros caninos sean considerados el mejor amigo del hombre. Pero, \u00bfqu\u00e9 sucede cuando nuestros compa\u00f1eros caninos deciden no jugar tan bien? La triste verdad es que una gran cantidad de personas buscan tratamiento m\u00e9dico cada a\u00f1o por mordeduras de perros. Si ha sido mordido por el perro de otra persona, tiene varias opciones disponibles para buscar una compensaci\u00f3n por los da\u00f1os resultantes y debe <a href=\"https:\/\/thehometownlawyers.com\/es\/contacto\/\">consultar<\/a> a los abogados de mordeduras de perros de Kruger &amp; Hodges en Eaton, Hamilton y Middletown.<\/p>\n<p class=\"rs-content-cta rs-content-cta-small\">Para una consulta legal gratuita, llame al <a href=\"tel:+19377336079\">937-733-6079 <\/a><\/p><h2>Qu\u00e9 hacer despu\u00e9s de una mordedura de perro<\/h2>\n<p>Ser mordido por un perro puede ser una experiencia dolorosa y puede dejar cicatrices duraderas, tanto f\u00edsicas como psicol\u00f3gicas. Las mordeduras de perros representan alrededor de las <a href=\"https:\/\/odh.ohio.gov\/wps\/portal\/gov\/odh\/know-our-programs\/zoonotic-disease-program\/resources\/dogs\" target=\"_blank\" rel=\"noopener\">tres cuartas partes<\/a> de todas las mordeduras reportadas a personas en el estado de Ohio. Incluso despu\u00e9s del trauma inicial de la mordedura de perro, las v\u00edctimas corren el riesgo de sufrir enfermedades graves y posibles infecciones si no se tratan las heridas.<\/p>\n<p>Si bien soportar la mordedura de un perro puede ser traum\u00e1tico, hay algunos pasos importantes que se deben tomar inmediatamente despu\u00e9s del incidente. Si lo muerde un perro, tome una fotograf\u00eda del animal, si es posible, y registre la informaci\u00f3n de contacto necesaria del due\u00f1o del perro. Averig\u00fce si el perro ha sido vacunado contra la rabia y busque atenci\u00f3n m\u00e9dica de inmediato de cualquier manera. Finalmente, es importante que se comunique con un <a href=\"https:\/\/thehometownlawyers.com\/es\/abogados-de-lesiones-personales-en-eaton-ohio\/\">abogado con experiencia en lesiones personales<\/a> para que lo gu\u00ede a trav\u00e9s de los pasos para presentar un reclamo por lesiones personales o una demanda por da\u00f1os y perjuicios.<\/p>\n<p class=\"rs-content-cta\">Abogado de Lesiones Personales de Eaton Cerca de M\u00ed <a href=\"tel:+19377336079\">937-733-6079<\/a><\/p><h2>Leyes de mordedura de perro en Eaton, Ohio<\/h2>\n<p>Hay varios <a href=\"https:\/\/codes.findlaw.com\/oh\/title-ix-agriculture-animals-fences\/oh-rev-code-sect-955-99.html\" target=\"_blank\" rel=\"noopener\">C\u00f3digos de Ohio<\/a> que se ocupan de la conducta adecuada con los animales, ya sea su mascota o la de otra persona. Si se infringen estas leyes, el acusado puede ser condenado por un delito menor.<\/p>\n<p>Si bien la autodefensa est\u00e1 permitida contra un perro que ataca, es posible que una v\u00edctima lesionada sea acusada de allanamiento, dependiendo de d\u00f3nde haya ocurrido el incidente. Es importante aclarar esta informaci\u00f3n con su abogado, ya que su reclamo por da\u00f1os y perjuicios en un caso de lesiones personales requerir\u00e1 que usted no haya provocado al perro al entrar sin autorizaci\u00f3n.<\/p>\n<p>Las mordeduras de perros pueden tener efectos graves en la salud mental y f\u00edsica de las v\u00edctimas. Seg\u00fan <a href=\"https:\/\/codes.findlaw.com\/oh\/title-ix-agriculture-animals-fences\/oh-rev-code-sect-955-28.html\" target=\"_blank\" rel=\"noopener\">el C\u00f3digo de Ohio, T\u00edtulo IX, Secci\u00f3n 955.28<\/a> , el due\u00f1o del perro es responsable de los da\u00f1os causados por el perro. Esta secci\u00f3n establece que alguien que est\u00e1 siendo atacado por un perro puede usar la fuerza para protegerse sin ser acusado de maltrato animal.<\/p>\n<p>Despu\u00e9s de una mordedura, el perro responsable de la mordedura <a href=\"https:\/\/codes.findlaw.com\/oh\/title-ix-agriculture-animals-fences\/oh-rev-code-sect-955-261.html\" target=\"_blank\" rel=\"noopener\">debe ser puesto en cuarentena<\/a> hasta que pueda ser inspeccionado en busca de rabia y otros pat\u00f3genos potenciales. El perro no puede ser asesinado durante este tiempo; debe revisarse adecuadamente para detectar cualquier enfermedad que pueda portar.<\/p>\n<p class=\"rs-content-cta rs-content-cta-small\"><a href=\"\/es\/contacto\/\">Haga clic para contactar<\/a> con nuestros lesiones personales abogados hoy<\/p><h2>Da\u00f1os que pueden ser buscados<\/h2>\n<p>Cuando se trata de da\u00f1os, hay algunos reclamos comunes que suelen hacer las v\u00edctimas de mordeduras de perros. Los da\u00f1os que normalmente se reclaman incluyen, entre otros, los siguientes:<\/p>\n<ul>\n<li>Gastos m\u00e9dicos<\/li>\n<li>Da\u00f1o a la propiedad<\/li>\n<li>Salarios perdidos por cualquier tiempo perdido en el trabajo<\/li>\n<li>P\u00e9rdidas no econ\u00f3micas que incluyen angustia mental o compensaci\u00f3n por dolor y sufrimiento u otro trauma psicol\u00f3gico<\/li>\n<\/ul>\n<p>Un abogado con experiencia en lesiones personales puede ayudarlo a determinar qu\u00e9 da\u00f1os puede reclamar en su caso de mordedura de perro. Su abogado tambi\u00e9n lo ayudar\u00e1 a reunir y presentar las pruebas necesarias para demostrar que usted no incit\u00f3 el ataque al invadir o provocar al perro de ninguna manera.<\/p>\n<p class=\"rs-content-cta rs-content-cta-small\">Complete una <a href=\"\/es\/contacto\/\">evaluaci\u00f3n gratuita de su caso<\/a> ahora<\/p><h2>Llame a nuestros abogados con experiencia en mordeduras de perro en Eaton, Ohio<\/h2>\n<p>Los perros son generalmente criaturas encantadoras que brindan compa\u00f1\u00eda y alegr\u00eda a aquellos con quienes comparten un hogar. Aunque los perros pueden ser lindos y tiernos, siempre existe la posibilidad de que ocurran mordeduras peligrosas. Es tan desafortunado como estresante y traum\u00e1tico ser mordido o atacado por un perro. Debido a los graves riesgos para la salud que implican las mordeduras de perro, una v\u00edctima lesionada siempre debe buscar atenci\u00f3n m\u00e9dica de inmediato. Despu\u00e9s de eso, sepa que no necesita cubrir esos gastos m\u00e9dicos, salarios perdidos y otros da\u00f1os por su cuenta. Su equipo legal calificado lo ayudar\u00e1 a buscar la compensaci\u00f3n que necesita para comenzar a volver a ser el mismo de antes.<\/p>\n<p>Nuestro bufete de abogados aqu\u00ed en <a href=\"https:\/\/thehometownlawyers.com\/es\/acerca-de-los-abogados-de-kruger-hodges\/\">Kruger &amp; Hodges<\/a> consta de abogados atentos y experimentados listos para proteger sus derechos y ayudarlo a luchar por la compensaci\u00f3n que merece por sus p\u00e9rdidas. <a href=\"https:\/\/thehometownlawyers.com\/es\/contacto\/\">Llame a nuestra oficina legal de Eaton<\/a> hoy para programar su consulta gratuita sin riesgo. Nuestro equipo de abogados de mordeduras de perros en Eaton, <a href=\"https:\/\/thehometownlawyers.com\/es\/\">Hamilton<\/a> y <a href=\"https:\/\/thehometownlawyers.com\/es\/abogados-de-lesiones-personales-de-middletown\/\">Middletown<\/a> est\u00e1 listo para responder todas las preguntas o inquietudes que pueda tener con respecto a su caso de mordeduras de perros.<\/p>\n<p class=\"rs-content-cta rs-content-cta-small\">Llame o env\u00ede un mensaje de texto al <a href=\"tel:+19377336079\">937-733-6079<\/a> o complete una <a href=\"\/es\/contacto\/\">evaluaci\u00f3n gratuita de su caso<\/a><\/p>","protected":false},"excerpt":{"rendered":"<p>Abogados de mordedura de perro en Eaton, Ohio Los perros son mascotas encantadoras que muchos estadounidenses disfrutan tener en sus hogares. Aproximadamente el 46% de los hogares en los Estados Unidos tienen un perro como mascota. Con tantos perros, es comprensible que nuestros compa\u00f1eros caninos sean considerados el mejor amigo del hombre. Pero, \u00bfqu\u00e9 sucede &#8230;<\/p>\n","protected":false},"author":7,"featured_media":20759,"parent":21199,"menu_order":0,"comment_status":"closed","ping_status":"closed","template":"","meta":{"_acf_changed":false,"inline_featured_image":false,"_genesis_hide_title":false,"_genesis_hide_breadcrumbs":false,"_genesis_hide_singular_image":false,"_genesis_hide_footer_widgets":false,"_genesis_custom_body_class":"","_genesis_custom_post_class":"","_genesis_layout":"","footnotes":""},"hc_faqs":[],"hc_spanish_faqs":[],"class_list":{"0":"post-21200","1":"page","2":"type-page","3":"status-publish","4":"has-post-thumbnail","6":"hc_city_location-eaton-es","7":"entry"},"acf":[],"yoast_head":"<!-- This site is optimized with the Yoast SEO plugin v27.4 - https:\/\/yoast.com\/product\/yoast-seo-wordpress\/ -->\n<title>Abogados de mordeduras de perro en Eaton, Ohio: Consulta gratuita<\/title>\n<meta name=\"description\" content=\"Nuestro equipo de abogados especializados en mordeduras de perro en Eaton, Ohio, est\u00e1 formado por profesionales comprensivos listos para luchar por sus derechos y compensaci\u00f3n.\" \/>\n<meta name=\"robots\" content=\"index, follow, max-snippet:-1, max-image-preview:large, max-video-preview:-1\" \/>\n<link rel=\"canonical\" href=\"https:\/\/thehometownlawyers.com\/es\/abogados-de-lesiones-personales-en-eaton-ohio\/abogados-de-mordeduras-de-perro-en-eaton-ohio\/\" \/>\n<meta property=\"og:locale\" content=\"es_MX\" \/>\n<meta property=\"og:type\" content=\"article\" \/>\n<meta property=\"og:title\" content=\"Abogados de mordeduras de perro en Eaton, Ohio: Consulta gratuita\" \/>\n<meta property=\"og:description\" content=\"Nuestro equipo de abogados especializados en mordeduras de perro en Eaton, Ohio, est\u00e1 formado por profesionales comprensivos listos para luchar por sus derechos y compensaci\u00f3n.\" \/>\n<meta property=\"og:url\" content=\"https:\/\/thehometownlawyers.com\/es\/abogados-de-lesiones-personales-en-eaton-ohio\/abogados-de-mordeduras-de-perro-en-eaton-ohio\/\" \/>\n<meta property=\"og:site_name\" content=\"Kruger &amp; Hodges Abogados De Lesiones\" \/>\n<meta property=\"article:publisher\" content=\"https:\/\/www.facebook.com\/KrugerHodges\/\" \/>\n<meta property=\"article:modified_time\" content=\"2025-01-31T17:59:40+00:00\" \/>\n<meta property=\"og:image\" content=\"https:\/\/thehometownlawyers.com\/wp-content\/uploads\/2020\/10\/Depositphotos_27970565_s-2019.jpg\" \/>\n\t<meta property=\"og:image:width\" content=\"1000\" \/>\n\t<meta property=\"og:image:height\" content=\"667\" \/>\n\t<meta property=\"og:image:type\" content=\"image\/jpeg\" \/>\n<meta name=\"twitter:card\" content=\"summary_large_image\" \/>\n<meta name=\"twitter:label1\" content=\"Tiempo de lectura\" \/>\n\t<meta name=\"twitter:data1\" content=\"4 minutos\" \/>\n<script type=\"application\/ld+json\" class=\"yoast-schema-graph\">{\"@context\":\"https:\\\/\\\/schema.org\",\"@graph\":[{\"@type\":\"WebPage\",\"@id\":\"https:\\\/\\\/thehometownlawyers.com\\\/es\\\/abogados-de-lesiones-personales-en-eaton-ohio\\\/abogados-de-mordeduras-de-perro-en-eaton-ohio\\\/\",\"url\":\"https:\\\/\\\/thehometownlawyers.com\\\/es\\\/abogados-de-lesiones-personales-en-eaton-ohio\\\/abogados-de-mordeduras-de-perro-en-eaton-ohio\\\/\",\"name\":\"Abogados de mordeduras de perro en Eaton, Ohio: Consulta gratuita\",\"isPartOf\":{\"@id\":\"https:\\\/\\\/thehometownlawyers.com\\\/es\\\/#website\"},\"primaryImageOfPage\":{\"@id\":\"https:\\\/\\\/thehometownlawyers.com\\\/es\\\/abogados-de-lesiones-personales-en-eaton-ohio\\\/abogados-de-mordeduras-de-perro-en-eaton-ohio\\\/#primaryimage\"},\"image\":{\"@id\":\"https:\\\/\\\/thehometownlawyers.com\\\/es\\\/abogados-de-lesiones-personales-en-eaton-ohio\\\/abogados-de-mordeduras-de-perro-en-eaton-ohio\\\/#primaryimage\"},\"thumbnailUrl\":\"https:\\\/\\\/thehometownlawyers.com\\\/wp-content\\\/uploads\\\/2020\\\/10\\\/Depositphotos_27970565_s-2019.jpg\",\"datePublished\":\"2021-01-25T18:28:15+00:00\",\"dateModified\":\"2025-01-31T17:59:40+00:00\",\"description\":\"Nuestro equipo de abogados especializados en mordeduras de perro en Eaton, Ohio, est\u00e1 formado por profesionales comprensivos listos para luchar por sus derechos y compensaci\u00f3n.\",\"breadcrumb\":{\"@id\":\"https:\\\/\\\/thehometownlawyers.com\\\/es\\\/abogados-de-lesiones-personales-en-eaton-ohio\\\/abogados-de-mordeduras-de-perro-en-eaton-ohio\\\/#breadcrumb\"},\"inLanguage\":\"es\",\"potentialAction\":[{\"@type\":\"ReadAction\",\"target\":[\"https:\\\/\\\/thehometownlawyers.com\\\/es\\\/abogados-de-lesiones-personales-en-eaton-ohio\\\/abogados-de-mordeduras-de-perro-en-eaton-ohio\\\/\"]}]},{\"@type\":\"ImageObject\",\"inLanguage\":\"es\",\"@id\":\"https:\\\/\\\/thehometownlawyers.com\\\/es\\\/abogados-de-lesiones-personales-en-eaton-ohio\\\/abogados-de-mordeduras-de-perro-en-eaton-ohio\\\/#primaryimage\",\"url\":\"https:\\\/\\\/thehometownlawyers.com\\\/wp-content\\\/uploads\\\/2020\\\/10\\\/Depositphotos_27970565_s-2019.jpg\",\"contentUrl\":\"https:\\\/\\\/thehometownlawyers.com\\\/wp-content\\\/uploads\\\/2020\\\/10\\\/Depositphotos_27970565_s-2019.jpg\",\"width\":1000,\"height\":667,\"caption\":\"Mordida de perro -\"},{\"@type\":\"BreadcrumbList\",\"@id\":\"https:\\\/\\\/thehometownlawyers.com\\\/es\\\/abogados-de-lesiones-personales-en-eaton-ohio\\\/abogados-de-mordeduras-de-perro-en-eaton-ohio\\\/#breadcrumb\",\"itemListElement\":[{\"@type\":\"ListItem\",\"position\":1,\"name\":\"Home\",\"item\":\"https:\\\/\\\/thehometownlawyers.com\\\/es\\\/\"},{\"@type\":\"ListItem\",\"position\":2,\"name\":\"Abogado de Lesiones Personales en Eaton\",\"item\":\"https:\\\/\\\/thehometownlawyers.com\\\/es\\\/abogados-de-lesiones-personales-en-eaton-ohio\\\/\"},{\"@type\":\"ListItem\",\"position\":3,\"name\":\"Abogado de Mordedura de Perro en Eaton\"}]},{\"@type\":\"WebSite\",\"@id\":\"https:\\\/\\\/thehometownlawyers.com\\\/es\\\/#website\",\"url\":\"https:\\\/\\\/thehometownlawyers.com\\\/es\\\/\",\"name\":\"Kruger & Hodges Hometown Injury Lawyers | Accident Attorneys\",\"description\":\"Attorneys for Car, Truck and Motorcycle Accidents, Personal Injuries, and Criminal Defense.\",\"publisher\":{\"@id\":\"https:\\\/\\\/thehometownlawyers.com\\\/es\\\/#organization\"},\"alternateName\":\"Kruger & Hodges Personal Injury Lawyers\",\"inLanguage\":\"es\"},{\"@type\":\"Organization\",\"@id\":\"https:\\\/\\\/thehometownlawyers.com\\\/es\\\/#organization\",\"name\":\"Kruger & Hodges Hometown Injury Lawyers\",\"alternateName\":\"Kruger & Hodges\",\"url\":\"https:\\\/\\\/thehometownlawyers.com\\\/es\\\/\",\"logo\":{\"@type\":\"ImageObject\",\"inLanguage\":\"es\",\"@id\":\"https:\\\/\\\/thehometownlawyers.com\\\/es\\\/#\\\/schema\\\/logo\\\/image\\\/\",\"url\":\"https:\\\/\\\/thehometownlawyers.com\\\/wp-content\\\/uploads\\\/2025\\\/12\\\/revised-kh-logo-vertical-white-background-scaled.png\",\"contentUrl\":\"https:\\\/\\\/thehometownlawyers.com\\\/wp-content\\\/uploads\\\/2025\\\/12\\\/revised-kh-logo-vertical-white-background-scaled.png\",\"width\":2560,\"height\":1440,\"caption\":\"Kruger & Hodges Hometown Injury Lawyers\"},\"image\":{\"@id\":\"https:\\\/\\\/thehometownlawyers.com\\\/es\\\/#\\\/schema\\\/logo\\\/image\\\/\"},\"sameAs\":[\"https:\\\/\\\/www.facebook.com\\\/KrugerHodges\\\/\",\"https:\\\/\\\/www.instagram.com\\\/krugerhodges\\\/\",\"https:\\\/\\\/www.linkedin.com\\\/company\\\/kruger-hodges-hometown-injury-lawyers\\\/\",\"https:\\\/\\\/www.youtube.com\\\/channel\\\/UCeYcMaMaN2rb9jMlqt4EIdQ\",\"https:\\\/\\\/www.tiktok.com\\\/@thehometownlawyer\"]}]}<\/script>\n<!-- \/ Yoast SEO plugin. -->","yoast_head_json":{"title":"Abogados de mordeduras de perro en Eaton, Ohio: Consulta gratuita","description":"Nuestro equipo de abogados especializados en mordeduras de perro en Eaton, Ohio, est\u00e1 formado por profesionales comprensivos listos para luchar por sus derechos y compensaci\u00f3n.","robots":{"index":"index","follow":"follow","max-snippet":"max-snippet:-1","max-image-preview":"max-image-preview:large","max-video-preview":"max-video-preview:-1"},"canonical":"https:\/\/thehometownlawyers.com\/es\/abogados-de-lesiones-personales-en-eaton-ohio\/abogados-de-mordeduras-de-perro-en-eaton-ohio\/","og_locale":"es_MX","og_type":"article","og_title":"Abogados de mordeduras de perro en Eaton, Ohio: Consulta gratuita","og_description":"Nuestro equipo de abogados especializados en mordeduras de perro en Eaton, Ohio, est\u00e1 formado por profesionales comprensivos listos para luchar por sus derechos y compensaci\u00f3n.","og_url":"https:\/\/thehometownlawyers.com\/es\/abogados-de-lesiones-personales-en-eaton-ohio\/abogados-de-mordeduras-de-perro-en-eaton-ohio\/","og_site_name":"Kruger &amp; Hodges Abogados De Lesiones","article_publisher":"https:\/\/www.facebook.com\/KrugerHodges\/","article_modified_time":"2025-01-31T17:59:40+00:00","og_image":[{"width":1000,"height":667,"url":"https:\/\/thehometownlawyers.com\/wp-content\/uploads\/2020\/10\/Depositphotos_27970565_s-2019.jpg","type":"image\/jpeg"}],"twitter_card":"summary_large_image","twitter_misc":{"Tiempo de lectura":"4 minutos"},"schema":{"@context":"https:\/\/schema.org","@graph":[{"@type":"WebPage","@id":"https:\/\/thehometownlawyers.com\/es\/abogados-de-lesiones-personales-en-eaton-ohio\/abogados-de-mordeduras-de-perro-en-eaton-ohio\/","url":"https:\/\/thehometownlawyers.com\/es\/abogados-de-lesiones-personales-en-eaton-ohio\/abogados-de-mordeduras-de-perro-en-eaton-ohio\/","name":"Abogados de mordeduras de perro en Eaton, Ohio: Consulta gratuita","isPartOf":{"@id":"https:\/\/thehometownlawyers.com\/es\/#website"},"primaryImageOfPage":{"@id":"https:\/\/thehometownlawyers.com\/es\/abogados-de-lesiones-personales-en-eaton-ohio\/abogados-de-mordeduras-de-perro-en-eaton-ohio\/#primaryimage"},"image":{"@id":"https:\/\/thehometownlawyers.com\/es\/abogados-de-lesiones-personales-en-eaton-ohio\/abogados-de-mordeduras-de-perro-en-eaton-ohio\/#primaryimage"},"thumbnailUrl":"https:\/\/thehometownlawyers.com\/wp-content\/uploads\/2020\/10\/Depositphotos_27970565_s-2019.jpg","datePublished":"2021-01-25T18:28:15+00:00","dateModified":"2025-01-31T17:59:40+00:00","description":"Nuestro equipo de abogados especializados en mordeduras de perro en Eaton, Ohio, est\u00e1 formado por profesionales comprensivos listos para luchar por sus derechos y compensaci\u00f3n.","breadcrumb":{"@id":"https:\/\/thehometownlawyers.com\/es\/abogados-de-lesiones-personales-en-eaton-ohio\/abogados-de-mordeduras-de-perro-en-eaton-ohio\/#breadcrumb"},"inLanguage":"es","potentialAction":[{"@type":"ReadAction","target":["https:\/\/thehometownlawyers.com\/es\/abogados-de-lesiones-personales-en-eaton-ohio\/abogados-de-mordeduras-de-perro-en-eaton-ohio\/"]}]},{"@type":"ImageObject","inLanguage":"es","@id":"https:\/\/thehometownlawyers.com\/es\/abogados-de-lesiones-personales-en-eaton-ohio\/abogados-de-mordeduras-de-perro-en-eaton-ohio\/#primaryimage","url":"https:\/\/thehometownlawyers.com\/wp-content\/uploads\/2020\/10\/Depositphotos_27970565_s-2019.jpg","contentUrl":"https:\/\/thehometownlawyers.com\/wp-content\/uploads\/2020\/10\/Depositphotos_27970565_s-2019.jpg","width":1000,"height":667,"caption":"Mordida de perro -"},{"@type":"BreadcrumbList","@id":"https:\/\/thehometownlawyers.com\/es\/abogados-de-lesiones-personales-en-eaton-ohio\/abogados-de-mordeduras-de-perro-en-eaton-ohio\/#breadcrumb","itemListElement":[{"@type":"ListItem","position":1,"name":"Home","item":"https:\/\/thehometownlawyers.com\/es\/"},{"@type":"ListItem","position":2,"name":"Abogado de Lesiones Personales en Eaton","item":"https:\/\/thehometownlawyers.com\/es\/abogados-de-lesiones-personales-en-eaton-ohio\/"},{"@type":"ListItem","position":3,"name":"Abogado de Mordedura de Perro en Eaton"}]},{"@type":"WebSite","@id":"https:\/\/thehometownlawyers.com\/es\/#website","url":"https:\/\/thehometownlawyers.com\/es\/","name":"Kruger & Hodges Hometown Injury Lawyers | Accident Attorneys","description":"Attorneys for Car, Truck and Motorcycle Accidents, Personal Injuries, and Criminal Defense.","publisher":{"@id":"https:\/\/thehometownlawyers.com\/es\/#organization"},"alternateName":"Kruger & Hodges Personal Injury Lawyers","inLanguage":"es"},{"@type":"Organization","@id":"https:\/\/thehometownlawyers.com\/es\/#organization","name":"Kruger & Hodges Hometown Injury Lawyers","alternateName":"Kruger & Hodges","url":"https:\/\/thehometownlawyers.com\/es\/","logo":{"@type":"ImageObject","inLanguage":"es","@id":"https:\/\/thehometownlawyers.com\/es\/#\/schema\/logo\/image\/","url":"https:\/\/thehometownlawyers.com\/wp-content\/uploads\/2025\/12\/revised-kh-logo-vertical-white-background-scaled.png","contentUrl":"https:\/\/thehometownlawyers.com\/wp-content\/uploads\/2025\/12\/revised-kh-logo-vertical-white-background-scaled.png","width":2560,"height":1440,"caption":"Kruger & Hodges Hometown Injury Lawyers"},"image":{"@id":"https:\/\/thehometownlawyers.com\/es\/#\/schema\/logo\/image\/"},"sameAs":["https:\/\/www.facebook.com\/KrugerHodges\/","https:\/\/www.instagram.com\/krugerhodges\/","https:\/\/www.linkedin.com\/company\/kruger-hodges-hometown-injury-lawyers\/","https:\/\/www.youtube.com\/channel\/UCeYcMaMaN2rb9jMlqt4EIdQ","https:\/\/www.tiktok.com\/@thehometownlawyer"]}]}},"_links":{"self":[{"href":"https:\/\/thehometownlawyers.com\/es\/wp-json\/wp\/v2\/pages\/21200","targetHints":{"allow":["GET"]}}],"collection":[{"href":"https:\/\/thehometownlawyers.com\/es\/wp-json\/wp\/v2\/pages"}],"about":[{"href":"https:\/\/thehometownlawyers.com\/es\/wp-json\/wp\/v2\/types\/page"}],"author":[{"embeddable":true,"href":"https:\/\/thehometownlawyers.com\/es\/wp-json\/wp\/v2\/users\/7"}],"replies":[{"embeddable":true,"href":"https:\/\/thehometownlawyers.com\/es\/wp-json\/wp\/v2\/comments?post=21200"}],"version-history":[{"count":0,"href":"https:\/\/thehometownlawyers.com\/es\/wp-json\/wp\/v2\/pages\/21200\/revisions"}],"up":[{"embeddable":true,"href":"https:\/\/thehometownlawyers.com\/es\/wp-json\/wp\/v2\/pages\/21199"}],"wp:featuredmedia":[{"embeddable":true,"href":"https:\/\/thehometownlawyers.com\/es\/wp-json\/wp\/v2\/media\/20759"}],"wp:attachment":[{"href":"https:\/\/thehometownlawyers.com\/es\/wp-json\/wp\/v2\/media?parent=21200"}],"wp:term":[{"taxonomy":"hc_faqs","embeddable":true,"href":"https:\/\/thehometownlawyers.com\/es\/wp-json\/wp\/v2\/hc_faqs?post=21200"},{"taxonomy":"hc_spanish_faqs","embeddable":true,"href":"https:\/\/thehometownlawyers.com\/es\/wp-json\/wp\/v2\/hc_spanish_faqs?post=21200"}],"curies":[{"name":"wp","href":"https:\/\/api.w.org\/{rel}","templated":true}]}}