{"id":21201,"date":"2021-03-24T21:31:44","date_gmt":"2021-03-25T01:31:44","guid":{"rendered":"https:\/\/thehometownlawyers.com\/?page_id=21201"},"modified":"2025-01-31T12:54:58","modified_gmt":"2025-01-31T17:54:58","slug":"abogado-de-mordedura-de-perro-en-el-condado-de-preble","status":"publish","type":"page","link":"https:\/\/thehometownlawyers.com\/es\/abogados-de-lesiones-personales-en-el-condado-de-preble-ohio\/abogado-de-mordedura-de-perro-en-el-condado-de-preble\/","title":{"rendered":"Abogado de Mordedura de Perro en Preble County"},"content":{"rendered":"<h2>Mordeduras de perro en el condado de Preble, Ohio<\/h2>\n<p>Las mordeduras de perro aparentemente pueden ocurrir de la nada. Incluso un perro con el que est\u00e1 familiarizado puede morder repentina y devastadoramente, a veces sin raz\u00f3n aparente. Es importante recordar en estas situaciones que esto casi nunca es <a href=\"https:\/\/www.avma.org\/resources\/pet-owners\/why-do-dogs-bite\" target=\"_blank\" rel=\"noopener\">culpa del perro<\/a> , sino que puede atribuirse a otras situaciones y sucesos que provocaron que el perro mordiera. Independientemente de lo que haya sucedido, si usted o un ser querido ha sido <a href=\"https:\/\/codes.ohio.gov\/ohio-revised-code\/section-955.261\" target=\"_blank\" rel=\"noopener\">mordido por un perro<\/a> , lo mejor para usted es tomar las medidas adecuadas para ayudarlo a obtener la compensaci\u00f3n financiera que merece despu\u00e9s del ataque.<\/p>\n<p class=\"rs-content-cta rs-content-cta-small\">Para una consulta legal gratuita, llame al <a href=\"tel:+15138943333\">513-894-3333 <\/a><\/p><h2>Leyes de mordedura de perro en Ohio<\/h2>\n<p>En su mayor parte, la ley de Ohio sobre mordeduras de perros es bastante simple. Establece que quienquiera que fuera responsable del perro en el momento de la mordedura puede ser considerado responsable de las acciones del perro. Esta parte responsable puede entonces ser responsable de los da\u00f1os ocasionados por la mordedura, incluidas las facturas m\u00e9dicas y el sufrimiento psicol\u00f3gico. Esto podr\u00eda incluir al due\u00f1o del perro, un cuidador de perros, una guarder\u00eda para perros, un paseador de perros o cualquier n\u00famero de personas que puedan haber tenido la responsabilidad del perro en el momento del ataque.<\/p>\n<p>Hay algunas excepciones para esto, como si el perro estaba siendo manipulado por la persona que fue atacada, o si la persona que fue atacada estaba invadiendo en el momento de la mordedura. En cualquier caso, lo mejor para usted es contar con un abogado experto a su lado cuando est\u00e9 involucrado en una mordedura de perro, para ayudarlo a comprender las leyes y aprovechar al m\u00e1ximo su reclamo.<\/p>\n<p class=\"rs-content-cta\">Abogado de Lesiones Personales de Preble County Cerca de M\u00ed <a href=\"tel:+15138943333\">513-894-3333<\/a><\/p><h2>\u00bfQu\u00e9 tipo de da\u00f1o puede causar una mordedura de perro?<\/h2>\n<p>Las lesiones por mordedura de perro pueden variar tanto en tipo como en gravedad. Muchas mordeduras de perros son menores y causan laceraciones en la superficie que deben limpiarse y vendarse, pero no mucho m\u00e1s. En casos m\u00e1s severos, las mordeduras de perros pueden causar fracturas \u00f3seas, desgarro de m\u00fasculos o tendones, o incluso da\u00f1o a los nervios. Todas y cada una de las mordeduras de perro deben ser <a href=\"https:\/\/health.clevelandclinic.org\/if-a-dog-bites-you-do-these-7-things-now\/\" target=\"_blank\" rel=\"noopener\">revisadas por un m\u00e9dico<\/a> , no solo para que se limpien adecuadamente, sino para que el m\u00e9dico pueda determinar la gravedad de la mordedura y la mejor manera de tratarla. Dependiendo de la ubicaci\u00f3n de la mordedura, es posible que est\u00e9 buscando un tratamiento m\u00e1s complicado y prolongado, incluida la fisioterapia. Si los tendones, los m\u00fasculos o los ligamentos se da\u00f1aron en la mordedura, es posible que necesite una cirug\u00eda para ayudar a reparar este da\u00f1o y recuperar la funci\u00f3n completa de la extremidad o el \u00e1rea de su cuerpo que fue mordida.<\/p>\n<p><a href=\"https:\/\/kenneltocouch.org\/2020\/02\/pit-bulls-and-dog-bites\/\" target=\"_blank\" rel=\"noopener\">Las mordeduras de perros<\/a> tambi\u00e9n pueden causar da\u00f1os invisibles que pueden tener repercusiones duraderas. Si el perro tiene rabia, la rabia puede transmitirse a un humano y causar una enfermedad grave e incluso la muerte. Las inyecciones para curar y prevenir la rabia son dolorosas y deben aplicarse en serie en lugar de todas a la vez. Las mordeduras de perro tambi\u00e9n pueden causar <a href=\"https:\/\/www.medicalnewstoday.com\/articles\/326976\" target=\"_blank\" rel=\"noopener\">infecciones bacterianas<\/a> , hasta e incluyendo sepsis de la sangre, que puede conducir a la muerte.<\/p>\n<p class=\"rs-content-cta rs-content-cta-small\"><a href=\"\/es\/contacto\/\">Haga clic para contactar<\/a> con nuestros lesiones personales abogados hoy<\/p><h2>\u00bfPuedo ser compensado por una mordedura de perro?<\/h2>\n<p>Si lo mordi\u00f3 un perro que no era suyo en el condado de Preble, Ohio, es casi seguro que es elegible para una compensaci\u00f3n tanto por las facturas m\u00e9dicas como por el sufrimiento general. Ser v\u00edctima de una mordedura de perro tambi\u00e9n puede causar problemas psicol\u00f3gicos como ansiedad, miedo o trastorno de estr\u00e9s postraum\u00e1tico. Si bien es posible que se sienta inclinado a ignorar las lesiones por mordedura de perro como si fueran menores, nunca debe subestimar la cantidad de trauma duradero que puede causar ese tipo de situaci\u00f3n estresante.<\/p>\n<p class=\"rs-content-cta rs-content-cta-small\">Complete una <a href=\"\/es\/contacto\/\">evaluaci\u00f3n gratuita de su caso<\/a> ahora<\/p><h2>\u00bfLo mordi\u00f3 un perro en el condado de Preble, Ohio?<\/h2>\n<p>Un abogado con experiencia puede ayudarlo a determinar y probar qui\u00e9n tuvo la culpa de la mordedura de perro, ya sea el due\u00f1o del perro, alguien que estaba cuidando al perro u otra persona. Su abogado lo ayudar\u00e1 a probar que usted no provoc\u00f3 al perro ni fue responsable de la mordedura. Incluso si la mordedura no parece tan grave, y un m\u00e9dico le ha dado un certificado de buena salud, es posible que tenga un impacto psicol\u00f3gico duradero por el trauma del ataque que puede no aparecer hasta m\u00e1s tarde.<\/p>\n<p>Si usted o un ser querido ha sido v\u00edctima de una mordedura de perro en el condado de Preble, Ohio, no dude en ponerse en contacto con nuestras oficinas en <a href=\"https:\/\/thehometownlawyers.com\/es\/\">Kruger &amp; Hodges<\/a> , Abogados, hoy. Es posible que podamos ayudarlo a obtener la compensaci\u00f3n que tanto necesita por sus lesiones por mordedura de perro.<\/p>\n<p class=\"rs-content-cta rs-content-cta-small\">Llame o env\u00ede un mensaje de texto al <a href=\"tel:+15138943333\">513-894-3333<\/a> o complete una <a href=\"\/es\/contacto\/\">evaluaci\u00f3n gratuita de su caso<\/a><\/p>","protected":false},"excerpt":{"rendered":"<p>Mordeduras de perro en el condado de Preble, Ohio Las mordeduras de perro aparentemente pueden ocurrir de la nada. Incluso un perro con el que est\u00e1 familiarizado puede morder repentina y devastadoramente, a veces sin raz\u00f3n aparente. Es importante recordar en estas situaciones que esto casi nunca es culpa del perro , sino que puede &#8230;<\/p>\n","protected":false},"author":7,"featured_media":20759,"parent":21196,"menu_order":0,"comment_status":"closed","ping_status":"closed","template":"","meta":{"_acf_changed":false,"inline_featured_image":false,"_genesis_hide_title":false,"_genesis_hide_breadcrumbs":false,"_genesis_hide_singular_image":false,"_genesis_hide_footer_widgets":false,"_genesis_custom_body_class":"","_genesis_custom_post_class":"","_genesis_layout":"","footnotes":""},"hc_faqs":[],"hc_spanish_faqs":[],"class_list":{"0":"post-21201","1":"page","2":"type-page","3":"status-publish","4":"has-post-thumbnail","6":"hc_city_location-preble-county-es","7":"entry"},"acf":[],"yoast_head":"<!-- This site is optimized with the Yoast SEO plugin v27.4 - https:\/\/yoast.com\/product\/yoast-seo-wordpress\/ -->\n<title>Abogado de mordedura de perro en el condado de Preble: Consulta gratuita<\/title>\n<meta name=\"description\" content=\"Mordeduras de perro en el condado de Preble, Ohio Las mordeduras de perro aparentemente pueden ocurrir de la nada. Incluso un perro con el que est\u00e1\" \/>\n<meta name=\"robots\" content=\"index, follow, max-snippet:-1, max-image-preview:large, max-video-preview:-1\" \/>\n<link rel=\"canonical\" href=\"https:\/\/thehometownlawyers.com\/es\/abogados-de-lesiones-personales-en-el-condado-de-preble-ohio\/abogado-de-mordedura-de-perro-en-el-condado-de-preble\/\" \/>\n<meta property=\"og:locale\" content=\"es_MX\" \/>\n<meta property=\"og:type\" content=\"article\" \/>\n<meta property=\"og:title\" content=\"Abogado de mordedura de perro en el condado de Preble: Consulta gratuita\" \/>\n<meta property=\"og:description\" content=\"Mordeduras de perro en el condado de Preble, Ohio Las mordeduras de perro aparentemente pueden ocurrir de la nada. Incluso un perro con el que est\u00e1\" \/>\n<meta property=\"og:url\" content=\"https:\/\/thehometownlawyers.com\/es\/abogados-de-lesiones-personales-en-el-condado-de-preble-ohio\/abogado-de-mordedura-de-perro-en-el-condado-de-preble\/\" \/>\n<meta property=\"og:site_name\" content=\"Kruger &amp; Hodges Abogados De Lesiones\" \/>\n<meta property=\"article:publisher\" content=\"https:\/\/www.facebook.com\/KrugerHodges\/\" \/>\n<meta property=\"article:modified_time\" content=\"2025-01-31T17:54:58+00:00\" \/>\n<meta property=\"og:image\" content=\"https:\/\/thehometownlawyers.com\/wp-content\/uploads\/2020\/10\/Depositphotos_27970565_s-2019.jpg\" \/>\n\t<meta property=\"og:image:width\" content=\"1000\" \/>\n\t<meta property=\"og:image:height\" content=\"667\" \/>\n\t<meta property=\"og:image:type\" content=\"image\/jpeg\" \/>\n<meta name=\"twitter:card\" content=\"summary_large_image\" \/>\n<meta name=\"twitter:label1\" content=\"Tiempo de lectura\" \/>\n\t<meta name=\"twitter:data1\" content=\"4 minutos\" \/>\n<script type=\"application\/ld+json\" class=\"yoast-schema-graph\">{\"@context\":\"https:\\\/\\\/schema.org\",\"@graph\":[{\"@type\":\"WebPage\",\"@id\":\"https:\\\/\\\/thehometownlawyers.com\\\/es\\\/abogados-de-lesiones-personales-en-el-condado-de-preble-ohio\\\/abogado-de-mordedura-de-perro-en-el-condado-de-preble\\\/\",\"url\":\"https:\\\/\\\/thehometownlawyers.com\\\/es\\\/abogados-de-lesiones-personales-en-el-condado-de-preble-ohio\\\/abogado-de-mordedura-de-perro-en-el-condado-de-preble\\\/\",\"name\":\"Abogado de mordedura de perro en el condado de Preble: Consulta gratuita\",\"isPartOf\":{\"@id\":\"https:\\\/\\\/thehometownlawyers.com\\\/es\\\/#website\"},\"primaryImageOfPage\":{\"@id\":\"https:\\\/\\\/thehometownlawyers.com\\\/es\\\/abogados-de-lesiones-personales-en-el-condado-de-preble-ohio\\\/abogado-de-mordedura-de-perro-en-el-condado-de-preble\\\/#primaryimage\"},\"image\":{\"@id\":\"https:\\\/\\\/thehometownlawyers.com\\\/es\\\/abogados-de-lesiones-personales-en-el-condado-de-preble-ohio\\\/abogado-de-mordedura-de-perro-en-el-condado-de-preble\\\/#primaryimage\"},\"thumbnailUrl\":\"https:\\\/\\\/thehometownlawyers.com\\\/wp-content\\\/uploads\\\/2020\\\/10\\\/Depositphotos_27970565_s-2019.jpg\",\"datePublished\":\"2021-03-25T01:31:44+00:00\",\"dateModified\":\"2025-01-31T17:54:58+00:00\",\"description\":\"Mordeduras de perro en el condado de Preble, Ohio Las mordeduras de perro aparentemente pueden ocurrir de la nada. Incluso un perro con el que est\u00e1\",\"breadcrumb\":{\"@id\":\"https:\\\/\\\/thehometownlawyers.com\\\/es\\\/abogados-de-lesiones-personales-en-el-condado-de-preble-ohio\\\/abogado-de-mordedura-de-perro-en-el-condado-de-preble\\\/#breadcrumb\"},\"inLanguage\":\"es\",\"potentialAction\":[{\"@type\":\"ReadAction\",\"target\":[\"https:\\\/\\\/thehometownlawyers.com\\\/es\\\/abogados-de-lesiones-personales-en-el-condado-de-preble-ohio\\\/abogado-de-mordedura-de-perro-en-el-condado-de-preble\\\/\"]}]},{\"@type\":\"ImageObject\",\"inLanguage\":\"es\",\"@id\":\"https:\\\/\\\/thehometownlawyers.com\\\/es\\\/abogados-de-lesiones-personales-en-el-condado-de-preble-ohio\\\/abogado-de-mordedura-de-perro-en-el-condado-de-preble\\\/#primaryimage\",\"url\":\"https:\\\/\\\/thehometownlawyers.com\\\/wp-content\\\/uploads\\\/2020\\\/10\\\/Depositphotos_27970565_s-2019.jpg\",\"contentUrl\":\"https:\\\/\\\/thehometownlawyers.com\\\/wp-content\\\/uploads\\\/2020\\\/10\\\/Depositphotos_27970565_s-2019.jpg\",\"width\":1000,\"height\":667,\"caption\":\"Mordida de perro -\"},{\"@type\":\"BreadcrumbList\",\"@id\":\"https:\\\/\\\/thehometownlawyers.com\\\/es\\\/abogados-de-lesiones-personales-en-el-condado-de-preble-ohio\\\/abogado-de-mordedura-de-perro-en-el-condado-de-preble\\\/#breadcrumb\",\"itemListElement\":[{\"@type\":\"ListItem\",\"position\":1,\"name\":\"Home\",\"item\":\"https:\\\/\\\/thehometownlawyers.com\\\/es\\\/\"},{\"@type\":\"ListItem\",\"position\":2,\"name\":\"Abogado de Lesiones Personales en Preble County\",\"item\":\"https:\\\/\\\/thehometownlawyers.com\\\/es\\\/abogados-de-lesiones-personales-en-el-condado-de-preble-ohio\\\/\"},{\"@type\":\"ListItem\",\"position\":3,\"name\":\"Abogado de Mordedura de Perro en Preble County\"}]},{\"@type\":\"WebSite\",\"@id\":\"https:\\\/\\\/thehometownlawyers.com\\\/es\\\/#website\",\"url\":\"https:\\\/\\\/thehometownlawyers.com\\\/es\\\/\",\"name\":\"Kruger & Hodges Hometown Injury Lawyers | Accident Attorneys\",\"description\":\"Attorneys for Car, Truck and Motorcycle Accidents, Personal Injuries, and Criminal Defense.\",\"publisher\":{\"@id\":\"https:\\\/\\\/thehometownlawyers.com\\\/es\\\/#organization\"},\"alternateName\":\"Kruger & Hodges Personal Injury Lawyers\",\"inLanguage\":\"es\"},{\"@type\":\"Organization\",\"@id\":\"https:\\\/\\\/thehometownlawyers.com\\\/es\\\/#organization\",\"name\":\"Kruger & Hodges Hometown Injury Lawyers\",\"alternateName\":\"Kruger & Hodges\",\"url\":\"https:\\\/\\\/thehometownlawyers.com\\\/es\\\/\",\"logo\":{\"@type\":\"ImageObject\",\"inLanguage\":\"es\",\"@id\":\"https:\\\/\\\/thehometownlawyers.com\\\/es\\\/#\\\/schema\\\/logo\\\/image\\\/\",\"url\":\"https:\\\/\\\/thehometownlawyers.com\\\/wp-content\\\/uploads\\\/2025\\\/12\\\/revised-kh-logo-vertical-white-background-scaled.png\",\"contentUrl\":\"https:\\\/\\\/thehometownlawyers.com\\\/wp-content\\\/uploads\\\/2025\\\/12\\\/revised-kh-logo-vertical-white-background-scaled.png\",\"width\":2560,\"height\":1440,\"caption\":\"Kruger & Hodges Hometown Injury Lawyers\"},\"image\":{\"@id\":\"https:\\\/\\\/thehometownlawyers.com\\\/es\\\/#\\\/schema\\\/logo\\\/image\\\/\"},\"sameAs\":[\"https:\\\/\\\/www.facebook.com\\\/KrugerHodges\\\/\",\"https:\\\/\\\/www.instagram.com\\\/krugerhodges\\\/\",\"https:\\\/\\\/www.linkedin.com\\\/company\\\/kruger-hodges-hometown-injury-lawyers\\\/\",\"https:\\\/\\\/www.youtube.com\\\/channel\\\/UCeYcMaMaN2rb9jMlqt4EIdQ\",\"https:\\\/\\\/www.tiktok.com\\\/@thehometownlawyer\"]}]}<\/script>\n<!-- \/ Yoast SEO plugin. -->","yoast_head_json":{"title":"Abogado de mordedura de perro en el condado de Preble: Consulta gratuita","description":"Mordeduras de perro en el condado de Preble, Ohio Las mordeduras de perro aparentemente pueden ocurrir de la nada. Incluso un perro con el que est\u00e1","robots":{"index":"index","follow":"follow","max-snippet":"max-snippet:-1","max-image-preview":"max-image-preview:large","max-video-preview":"max-video-preview:-1"},"canonical":"https:\/\/thehometownlawyers.com\/es\/abogados-de-lesiones-personales-en-el-condado-de-preble-ohio\/abogado-de-mordedura-de-perro-en-el-condado-de-preble\/","og_locale":"es_MX","og_type":"article","og_title":"Abogado de mordedura de perro en el condado de Preble: Consulta gratuita","og_description":"Mordeduras de perro en el condado de Preble, Ohio Las mordeduras de perro aparentemente pueden ocurrir de la nada. Incluso un perro con el que est\u00e1","og_url":"https:\/\/thehometownlawyers.com\/es\/abogados-de-lesiones-personales-en-el-condado-de-preble-ohio\/abogado-de-mordedura-de-perro-en-el-condado-de-preble\/","og_site_name":"Kruger &amp; Hodges Abogados De Lesiones","article_publisher":"https:\/\/www.facebook.com\/KrugerHodges\/","article_modified_time":"2025-01-31T17:54:58+00:00","og_image":[{"width":1000,"height":667,"url":"https:\/\/thehometownlawyers.com\/wp-content\/uploads\/2020\/10\/Depositphotos_27970565_s-2019.jpg","type":"image\/jpeg"}],"twitter_card":"summary_large_image","twitter_misc":{"Tiempo de lectura":"4 minutos"},"schema":{"@context":"https:\/\/schema.org","@graph":[{"@type":"WebPage","@id":"https:\/\/thehometownlawyers.com\/es\/abogados-de-lesiones-personales-en-el-condado-de-preble-ohio\/abogado-de-mordedura-de-perro-en-el-condado-de-preble\/","url":"https:\/\/thehometownlawyers.com\/es\/abogados-de-lesiones-personales-en-el-condado-de-preble-ohio\/abogado-de-mordedura-de-perro-en-el-condado-de-preble\/","name":"Abogado de mordedura de perro en el condado de Preble: Consulta gratuita","isPartOf":{"@id":"https:\/\/thehometownlawyers.com\/es\/#website"},"primaryImageOfPage":{"@id":"https:\/\/thehometownlawyers.com\/es\/abogados-de-lesiones-personales-en-el-condado-de-preble-ohio\/abogado-de-mordedura-de-perro-en-el-condado-de-preble\/#primaryimage"},"image":{"@id":"https:\/\/thehometownlawyers.com\/es\/abogados-de-lesiones-personales-en-el-condado-de-preble-ohio\/abogado-de-mordedura-de-perro-en-el-condado-de-preble\/#primaryimage"},"thumbnailUrl":"https:\/\/thehometownlawyers.com\/wp-content\/uploads\/2020\/10\/Depositphotos_27970565_s-2019.jpg","datePublished":"2021-03-25T01:31:44+00:00","dateModified":"2025-01-31T17:54:58+00:00","description":"Mordeduras de perro en el condado de Preble, Ohio Las mordeduras de perro aparentemente pueden ocurrir de la nada. Incluso un perro con el que est\u00e1","breadcrumb":{"@id":"https:\/\/thehometownlawyers.com\/es\/abogados-de-lesiones-personales-en-el-condado-de-preble-ohio\/abogado-de-mordedura-de-perro-en-el-condado-de-preble\/#breadcrumb"},"inLanguage":"es","potentialAction":[{"@type":"ReadAction","target":["https:\/\/thehometownlawyers.com\/es\/abogados-de-lesiones-personales-en-el-condado-de-preble-ohio\/abogado-de-mordedura-de-perro-en-el-condado-de-preble\/"]}]},{"@type":"ImageObject","inLanguage":"es","@id":"https:\/\/thehometownlawyers.com\/es\/abogados-de-lesiones-personales-en-el-condado-de-preble-ohio\/abogado-de-mordedura-de-perro-en-el-condado-de-preble\/#primaryimage","url":"https:\/\/thehometownlawyers.com\/wp-content\/uploads\/2020\/10\/Depositphotos_27970565_s-2019.jpg","contentUrl":"https:\/\/thehometownlawyers.com\/wp-content\/uploads\/2020\/10\/Depositphotos_27970565_s-2019.jpg","width":1000,"height":667,"caption":"Mordida de perro -"},{"@type":"BreadcrumbList","@id":"https:\/\/thehometownlawyers.com\/es\/abogados-de-lesiones-personales-en-el-condado-de-preble-ohio\/abogado-de-mordedura-de-perro-en-el-condado-de-preble\/#breadcrumb","itemListElement":[{"@type":"ListItem","position":1,"name":"Home","item":"https:\/\/thehometownlawyers.com\/es\/"},{"@type":"ListItem","position":2,"name":"Abogado de Lesiones Personales en Preble County","item":"https:\/\/thehometownlawyers.com\/es\/abogados-de-lesiones-personales-en-el-condado-de-preble-ohio\/"},{"@type":"ListItem","position":3,"name":"Abogado de Mordedura de Perro en Preble County"}]},{"@type":"WebSite","@id":"https:\/\/thehometownlawyers.com\/es\/#website","url":"https:\/\/thehometownlawyers.com\/es\/","name":"Kruger & Hodges Hometown Injury Lawyers | Accident Attorneys","description":"Attorneys for Car, Truck and Motorcycle Accidents, Personal Injuries, and Criminal Defense.","publisher":{"@id":"https:\/\/thehometownlawyers.com\/es\/#organization"},"alternateName":"Kruger & Hodges Personal Injury Lawyers","inLanguage":"es"},{"@type":"Organization","@id":"https:\/\/thehometownlawyers.com\/es\/#organization","name":"Kruger & Hodges Hometown Injury Lawyers","alternateName":"Kruger & Hodges","url":"https:\/\/thehometownlawyers.com\/es\/","logo":{"@type":"ImageObject","inLanguage":"es","@id":"https:\/\/thehometownlawyers.com\/es\/#\/schema\/logo\/image\/","url":"https:\/\/thehometownlawyers.com\/wp-content\/uploads\/2025\/12\/revised-kh-logo-vertical-white-background-scaled.png","contentUrl":"https:\/\/thehometownlawyers.com\/wp-content\/uploads\/2025\/12\/revised-kh-logo-vertical-white-background-scaled.png","width":2560,"height":1440,"caption":"Kruger & Hodges Hometown Injury Lawyers"},"image":{"@id":"https:\/\/thehometownlawyers.com\/es\/#\/schema\/logo\/image\/"},"sameAs":["https:\/\/www.facebook.com\/KrugerHodges\/","https:\/\/www.instagram.com\/krugerhodges\/","https:\/\/www.linkedin.com\/company\/kruger-hodges-hometown-injury-lawyers\/","https:\/\/www.youtube.com\/channel\/UCeYcMaMaN2rb9jMlqt4EIdQ","https:\/\/www.tiktok.com\/@thehometownlawyer"]}]}},"_links":{"self":[{"href":"https:\/\/thehometownlawyers.com\/es\/wp-json\/wp\/v2\/pages\/21201","targetHints":{"allow":["GET"]}}],"collection":[{"href":"https:\/\/thehometownlawyers.com\/es\/wp-json\/wp\/v2\/pages"}],"about":[{"href":"https:\/\/thehometownlawyers.com\/es\/wp-json\/wp\/v2\/types\/page"}],"author":[{"embeddable":true,"href":"https:\/\/thehometownlawyers.com\/es\/wp-json\/wp\/v2\/users\/7"}],"replies":[{"embeddable":true,"href":"https:\/\/thehometownlawyers.com\/es\/wp-json\/wp\/v2\/comments?post=21201"}],"version-history":[{"count":0,"href":"https:\/\/thehometownlawyers.com\/es\/wp-json\/wp\/v2\/pages\/21201\/revisions"}],"up":[{"embeddable":true,"href":"https:\/\/thehometownlawyers.com\/es\/wp-json\/wp\/v2\/pages\/21196"}],"wp:featuredmedia":[{"embeddable":true,"href":"https:\/\/thehometownlawyers.com\/es\/wp-json\/wp\/v2\/media\/20759"}],"wp:attachment":[{"href":"https:\/\/thehometownlawyers.com\/es\/wp-json\/wp\/v2\/media?parent=21201"}],"wp:term":[{"taxonomy":"hc_faqs","embeddable":true,"href":"https:\/\/thehometownlawyers.com\/es\/wp-json\/wp\/v2\/hc_faqs?post=21201"},{"taxonomy":"hc_spanish_faqs","embeddable":true,"href":"https:\/\/thehometownlawyers.com\/es\/wp-json\/wp\/v2\/hc_spanish_faqs?post=21201"}],"curies":[{"name":"wp","href":"https:\/\/api.w.org\/{rel}","templated":true}]}}