{"id":21202,"date":"2021-05-16T13:28:46","date_gmt":"2021-05-16T17:28:46","guid":{"rendered":"https:\/\/thehometownlawyers.com\/?page_id=21202"},"modified":"2025-02-03T14:24:53","modified_gmt":"2025-02-03T19:24:53","slug":"abogado-de-mordedura-de-perro-que-presta-servicios-en-greenville-ohio","status":"publish","type":"page","link":"https:\/\/thehometownlawyers.com\/es\/abogado-de-lesiones-personales-que-presta-servicios-en-greenville-ohio\/abogado-de-mordedura-de-perro-que-presta-servicios-en-greenville-ohio\/","title":{"rendered":"Abogado de Mordeduras de Perros en Greenville"},"content":{"rendered":"<h2>Abogado de mordedura de perro en Greenville, Ohio<\/h2>\n<p>Los perros son generalmente criaturas maravillosas y leales, pero a veces las cosas pueden salir mal y un perro puede atacar inesperadamente a una v\u00edctima inocente. Seg\u00fan <a href=\"https:\/\/www.avma.org\/resources-tools\/pet-owners\/dog-bite-prevention\" target=\"_blank\" rel=\"noopener\">la Asociaci\u00f3n M\u00e9dica Veterinaria Estadounidense (AVMA)<\/a> , alrededor de 4,5 millones de personas son mordidas por perros en los Estados Unidos. Casi una quinta parte de las personas que son mordidas por un perro necesitan atenci\u00f3n m\u00e9dica.<\/p>\n<p>Desafortunadamente, las mordeduras de perros a menudo pueden provocar lesiones graves y, a veces, dejar cicatrices da\u00f1inas para el resto de su vida. Adem\u00e1s, el trauma del ataque de un animal puede dejar cicatrices psicol\u00f3gicas duraderas. Es posible que una v\u00edctima que una vez confi\u00f3 en los perros nunca m\u00e1s pueda disfrutar de esa compa\u00f1\u00eda.<\/p>\n<p>El hecho es que los due\u00f1os de mascotas son legalmente responsables de proteger a otros de los ataques de sus mascotas. Muchas lesiones importantes causadas por animales son sufridas por las v\u00edctimas en silencio porque desconocen sus derechos legales a una compensaci\u00f3n. Puede reclamar da\u00f1os por lesiones personales por sus p\u00e9rdidas a trav\u00e9s de la aseguradora del due\u00f1o del perro, o puede presentar un reclamo por mordedura de perro contra el due\u00f1o si ha sido mordido o atacado.<\/p>\n<p class=\"rs-content-cta rs-content-cta-small\">Para una consulta legal gratuita, llame al <a href=\"tel:+15138943333\">513-894-3333 <\/a><\/p><h2>Ohio sigue la ley de responsabilidad estricta<\/h2>\n<p><a href=\"https:\/\/codes.ohio.gov\/orc\/955.28\" target=\"_blank\" rel=\"noopener\">La secci\u00f3n 955.28(B)<\/a> del C\u00f3digo de Ohio revisado especifica que el amo, cuidador o cuidador de un perro es responsable si:<\/p>\n<ul>\n<li>La conducta de un perro provoc\u00f3 una lesi\u00f3n.<\/li>\n<li>La persona herida no estaba tratando de cometer un delito penal o allanamiento.<\/li>\n<li>La persona herida no &#8220;se burl\u00f3, se burl\u00f3 ni abus\u00f3 del perro&#8221;.<\/li>\n<\/ul>\n<p>Las leyes de responsabilidad estricta de Ohio le brindan al sobreviviente m\u00e1s de una oportunidad de denunciar un accidente y recuperar los da\u00f1os relacionados con las acciones de un perro. Debe considerar el uso de las leyes de negligencia de Ohio si no desea tomar medidas en virtud de las leyes de responsabilidad estricta.<\/p>\n<h2>\u00bfQu\u00e9 compensaci\u00f3n puede obtener despu\u00e9s de una mordedura de perro?<\/h2>\n<p>Los casos exitosos de mordeduras de perros pueden ayudar a reembolsar todos los gastos de la v\u00edctima como resultado de la lesi\u00f3n. Estos incluyen da\u00f1os econ\u00f3micos como costos m\u00e9dicos, as\u00ed como da\u00f1os no econ\u00f3micos como dolor y sufrimiento.<\/p>\n<p>Tipos de compensaci\u00f3n que puede recibir:<\/p>\n<ul>\n<li>P\u00e9rdida de ingresos<\/li>\n<li>Facturas m\u00e9dicas<\/li>\n<li>Cualquier tipo de p\u00e9rdida de propiedad<\/li>\n<li>costo de cirugia plastica<\/li>\n<li>Trauma emocional o mental<\/li>\n<li>Salarios perdidos (si la v\u00edctima va a faltar al trabajo mientras se recupera)<\/li>\n<\/ul>\n<p class=\"rs-content-cta rs-content-cta-small\"><a href=\"\/es\/contacto\/\">Haga clic para contactar<\/a> con nuestros lesiones personales abogados hoy<\/p><h2>\u00bfQu\u00e9 hace que un perro sea agresivo?<\/h2>\n<p>Los perros <a href=\"https:\/\/www.avma.org\/resources\/pet-owners\/why-do-dogs-bite\">pueden morder<\/a> por varias razones, pero generalmente como reacci\u00f3n a una amenaza percibida. Si el perro se encuentra bajo estr\u00e9s, puede morder para protegerse a s\u00ed mismo o a su due\u00f1o. Los perros pueden morder si est\u00e1n asustados o si algo que aman est\u00e1 en peligro.<\/p>\n<p>Un perro puede estar enfermo y preferir que lo dejen solo. Por el contrario, un perro puede estar acostumbrado a <a href=\"https:\/\/www.aspca.org\/pet-care\/dog-care\/common-dog-behavior-issues\/mouthing-nipping-and-play-biting-adult-dogs\" target=\"_blank\" rel=\"noopener\">morder durante el juego<\/a> , aunque puede ser da\u00f1ino para los humanos. Trate de no pelear o burlarse de los perros, especialmente aquellos que no conoce bien. Un perro maltratado o maltratado puede volverse agresivo de forma inesperada.<\/p>\n<p class=\"rs-content-cta rs-content-cta-small\">Complete una <a href=\"\/es\/contacto\/\">evaluaci\u00f3n gratuita de su caso<\/a> ahora<\/p><h2>\u00bfQu\u00e9 debo hacer despu\u00e9s de una mordedura de perro?<\/h2>\n<p>Trate de <a href=\"https:\/\/health.clevelandclinic.org\/if-a-dog-bites-you-do-these-7-things-now\/\" target=\"_blank\" rel=\"noopener\">obtener atenci\u00f3n m\u00e9dica<\/a> de inmediato despu\u00e9s de ser mordido por un perro. Otro paso crucial es determinar qui\u00e9n es el due\u00f1o del perro. Esto ser\u00e1 \u00fatil si desea demandar al due\u00f1o del perro, pero tambi\u00e9n porque su m\u00e9dico querr\u00e1 saber qu\u00e9 tipo de perro lo mordi\u00f3 y si ese perro ha sido vacunado adecuadamente.<\/p>\n<p>Una de las principales \u00e1reas de preocupaci\u00f3n para las v\u00edctimas de mordeduras de perros es <a href=\"https:\/\/www.mayoclinic.org\/diseases-conditions\/rabies\/symptoms-causes\/syc-20351821\" target=\"_blank\" rel=\"noopener\">la rabia<\/a> , una enfermedad infecciosa que puede transmitirse a la v\u00edctima a trav\u00e9s de la saliva del perro. Si el perro es callejero y el personal de control de animales no puede atraparlo, el proveedor de atenci\u00f3n m\u00e9dica de la v\u00edctima puede requerir una serie de vacunas contra la rabia.<\/p>\n<p>En resumen, si puede obtener atenci\u00f3n m\u00e9dica lo antes posible despu\u00e9s de una mordedura de perro, podr\u00e1 minimizar sus p\u00e9rdidas y maximizar sus posibilidades de compensaci\u00f3n futura. Despu\u00e9s del tratamiento m\u00e9dico, puede proceder con los procedimientos legales y contactar con la oficina de control de animales m\u00e1s cercana.<\/p>\n<h2>\u00bfFuiste mordido por un perro agresivo en Greenville, Ohio?<\/h2>\n<p>Entendemos el trauma mental, f\u00edsico y financiero que uno tiene que atravesar despu\u00e9s de una mordedura de perro, y nuestro objetivo es ayudarlo a recuperar sus p\u00e9rdidas por los da\u00f1os causados por un perro agresivo. Si usted o alguien que conoce es v\u00edctima de una mordedura de perro, es importante que no intente manejar esto solo. En su lugar, comun\u00edquese <a href=\"https:\/\/thehometownlawyers.com\/es\/contacto\/\">con nuestro equipo<\/a> de abogados de mordeduras de perros aqu\u00ed en <a href=\"https:\/\/thehometownlawyers.com\/es\/acerca-de-los-abogados-de-kruger-hodges\/\">Kruger &amp; Hodges<\/a> para programar una consulta inicial gratuita y sin riesgos con nosotros hoy.<\/p>\n<p class=\"rs-content-cta rs-content-cta-small\">Llame o env\u00ede un mensaje de texto al <a href=\"tel:+15138943333\">513-894-3333<\/a> o complete una <a href=\"\/es\/contacto\/\">evaluaci\u00f3n gratuita de su caso<\/a><\/p>","protected":false},"excerpt":{"rendered":"<p>Abogado de mordedura de perro en Greenville, Ohio Los perros son generalmente criaturas maravillosas y leales, pero a veces las cosas pueden salir mal y un perro puede atacar inesperadamente a una v\u00edctima inocente. Seg\u00fan la Asociaci\u00f3n M\u00e9dica Veterinaria Estadounidense (AVMA) , alrededor de 4,5 millones de personas son mordidas por perros en los Estados &#8230;<\/p>\n","protected":false},"author":7,"featured_media":24491,"parent":21205,"menu_order":0,"comment_status":"closed","ping_status":"closed","template":"","meta":{"_acf_changed":false,"inline_featured_image":false,"_genesis_hide_title":false,"_genesis_hide_breadcrumbs":false,"_genesis_hide_singular_image":false,"_genesis_hide_footer_widgets":false,"_genesis_custom_body_class":"","_genesis_custom_post_class":"","_genesis_layout":"","footnotes":""},"hc_faqs":[],"hc_spanish_faqs":[],"class_list":{"0":"post-21202","1":"page","2":"type-page","3":"status-publish","4":"has-post-thumbnail","6":"entry"},"acf":[],"yoast_head":"<!-- This site is optimized with the Yoast SEO plugin v27.2 - https:\/\/yoast.com\/product\/yoast-seo-wordpress\/ -->\n<title>Abogado de mordedura de perro que presta servicios en Greenville, Ohio: Consulta gratuita<\/title>\n<meta name=\"description\" content=\"Abogado de mordedura de perro en Greenville, Ohio Los perros son generalmente criaturas maravillosas y leales, pero a veces las cosas pueden salir mal y\" \/>\n<meta name=\"robots\" content=\"index, follow, max-snippet:-1, max-image-preview:large, max-video-preview:-1\" \/>\n<link rel=\"canonical\" href=\"https:\/\/thehometownlawyers.com\/es\/abogado-de-lesiones-personales-que-presta-servicios-en-greenville-ohio\/abogado-de-mordedura-de-perro-que-presta-servicios-en-greenville-ohio\/\" \/>\n<meta property=\"og:locale\" content=\"es_MX\" \/>\n<meta property=\"og:type\" content=\"article\" \/>\n<meta property=\"og:title\" content=\"Abogado de mordedura de perro que presta servicios en Greenville, Ohio: Consulta gratuita\" \/>\n<meta property=\"og:description\" content=\"Abogado de mordedura de perro en Greenville, Ohio Los perros son generalmente criaturas maravillosas y leales, pero a veces las cosas pueden salir mal y\" \/>\n<meta property=\"og:url\" content=\"https:\/\/thehometownlawyers.com\/es\/abogado-de-lesiones-personales-que-presta-servicios-en-greenville-ohio\/abogado-de-mordedura-de-perro-que-presta-servicios-en-greenville-ohio\/\" \/>\n<meta property=\"og:site_name\" content=\"Kruger &amp; Hodges Abogados De Lesiones\" \/>\n<meta property=\"article:publisher\" content=\"https:\/\/www.facebook.com\/KrugerHodges\/\" \/>\n<meta property=\"article:modified_time\" content=\"2025-02-03T19:24:53+00:00\" \/>\n<meta property=\"og:image\" content=\"https:\/\/thehometownlawyers.com\/wp-content\/uploads\/2021\/04\/service-3.png\" \/>\n\t<meta property=\"og:image:width\" content=\"415\" \/>\n\t<meta property=\"og:image:height\" content=\"306\" \/>\n\t<meta property=\"og:image:type\" content=\"image\/png\" \/>\n<meta name=\"twitter:card\" content=\"summary_large_image\" \/>\n<meta name=\"twitter:label1\" content=\"Tiempo de lectura\" \/>\n\t<meta name=\"twitter:data1\" content=\"4 minutos\" \/>\n<script type=\"application\/ld+json\" class=\"yoast-schema-graph\">{\"@context\":\"https:\/\/schema.org\",\"@graph\":[{\"@type\":\"WebPage\",\"@id\":\"https:\/\/thehometownlawyers.com\/es\/abogado-de-lesiones-personales-que-presta-servicios-en-greenville-ohio\/abogado-de-mordedura-de-perro-que-presta-servicios-en-greenville-ohio\/\",\"url\":\"https:\/\/thehometownlawyers.com\/es\/abogado-de-lesiones-personales-que-presta-servicios-en-greenville-ohio\/abogado-de-mordedura-de-perro-que-presta-servicios-en-greenville-ohio\/\",\"name\":\"Abogado de mordedura de perro que presta servicios en Greenville, Ohio: Consulta gratuita\",\"isPartOf\":{\"@id\":\"https:\/\/thehometownlawyers.com\/es\/#website\"},\"primaryImageOfPage\":{\"@id\":\"https:\/\/thehometownlawyers.com\/es\/abogado-de-lesiones-personales-que-presta-servicios-en-greenville-ohio\/abogado-de-mordedura-de-perro-que-presta-servicios-en-greenville-ohio\/#primaryimage\"},\"image\":{\"@id\":\"https:\/\/thehometownlawyers.com\/es\/abogado-de-lesiones-personales-que-presta-servicios-en-greenville-ohio\/abogado-de-mordedura-de-perro-que-presta-servicios-en-greenville-ohio\/#primaryimage\"},\"thumbnailUrl\":\"https:\/\/thehometownlawyers.com\/wp-content\/uploads\/2025\/03\/greenville-dog-bite-lawyer.jpg\",\"datePublished\":\"2021-05-16T17:28:46+00:00\",\"dateModified\":\"2025-02-03T19:24:53+00:00\",\"description\":\"Abogado de mordedura de perro en Greenville, Ohio Los perros son generalmente criaturas maravillosas y leales, pero a veces las cosas pueden salir mal y\",\"breadcrumb\":{\"@id\":\"https:\/\/thehometownlawyers.com\/es\/abogado-de-lesiones-personales-que-presta-servicios-en-greenville-ohio\/abogado-de-mordedura-de-perro-que-presta-servicios-en-greenville-ohio\/#breadcrumb\"},\"inLanguage\":\"es\",\"potentialAction\":[{\"@type\":\"ReadAction\",\"target\":[\"https:\/\/thehometownlawyers.com\/es\/abogado-de-lesiones-personales-que-presta-servicios-en-greenville-ohio\/abogado-de-mordedura-de-perro-que-presta-servicios-en-greenville-ohio\/\"]}]},{\"@type\":\"ImageObject\",\"inLanguage\":\"es\",\"@id\":\"https:\/\/thehometownlawyers.com\/es\/abogado-de-lesiones-personales-que-presta-servicios-en-greenville-ohio\/abogado-de-mordedura-de-perro-que-presta-servicios-en-greenville-ohio\/#primaryimage\",\"url\":\"https:\/\/thehometownlawyers.com\/wp-content\/uploads\/2025\/03\/greenville-dog-bite-lawyer.jpg\",\"contentUrl\":\"https:\/\/thehometownlawyers.com\/wp-content\/uploads\/2025\/03\/greenville-dog-bite-lawyer.jpg\",\"width\":768,\"height\":576,\"caption\":\"Dog snaps biscuits eat leckerlies in the desire with the mouth and pulls grimaces.\"},{\"@type\":\"BreadcrumbList\",\"@id\":\"https:\/\/thehometownlawyers.com\/es\/abogado-de-lesiones-personales-que-presta-servicios-en-greenville-ohio\/abogado-de-mordedura-de-perro-que-presta-servicios-en-greenville-ohio\/#breadcrumb\",\"itemListElement\":[{\"@type\":\"ListItem\",\"position\":1,\"name\":\"Home\",\"item\":\"https:\/\/thehometownlawyers.com\/es\/\"},{\"@type\":\"ListItem\",\"position\":2,\"name\":\"Abogado de Lesiones Personales en Greenville\",\"item\":\"https:\/\/thehometownlawyers.com\/es\/abogado-de-lesiones-personales-que-presta-servicios-en-greenville-ohio\/\"},{\"@type\":\"ListItem\",\"position\":3,\"name\":\"Abogado de Mordeduras de Perros en Greenville\"}]},{\"@type\":\"WebSite\",\"@id\":\"https:\/\/thehometownlawyers.com\/es\/#website\",\"url\":\"https:\/\/thehometownlawyers.com\/es\/\",\"name\":\"Kruger & Hodges Hometown Injury Lawyers | Accident Attorneys\",\"description\":\"Attorneys for Car, Truck and Motorcycle Accidents, Personal Injuries, and Criminal Defense.\",\"publisher\":{\"@id\":\"https:\/\/thehometownlawyers.com\/es\/#organization\"},\"alternateName\":\"Kruger & Hodges Personal Injury Lawyers\",\"inLanguage\":\"es\"},{\"@type\":\"Organization\",\"@id\":\"https:\/\/thehometownlawyers.com\/es\/#organization\",\"name\":\"Kruger & Hodges Hometown Injury Lawyers\",\"alternateName\":\"Kruger & Hodges Accident Attorneys\",\"url\":\"https:\/\/thehometownlawyers.com\/es\/\",\"logo\":{\"@type\":\"ImageObject\",\"inLanguage\":\"es\",\"@id\":\"https:\/\/thehometownlawyers.com\/es\/#\/schema\/logo\/image\/\",\"url\":\"https:\/\/thehometownlawyers.com\/wp-content\/uploads\/2025\/12\/revised-kh-logo-vertical-white-background-scaled.png\",\"contentUrl\":\"https:\/\/thehometownlawyers.com\/wp-content\/uploads\/2025\/12\/revised-kh-logo-vertical-white-background-scaled.png\",\"width\":2560,\"height\":1440,\"caption\":\"Kruger & Hodges Hometown Injury Lawyers\"},\"image\":{\"@id\":\"https:\/\/thehometownlawyers.com\/es\/#\/schema\/logo\/image\/\"},\"sameAs\":[\"https:\/\/www.facebook.com\/KrugerHodges\/\",\"https:\/\/www.instagram.com\/krugerhodges\/\",\"https:\/\/www.linkedin.com\/company\/kruger-hodges-hometown-injury-lawyers\/\",\"https:\/\/www.youtube.com\/channel\/UCeYcMaMaN2rb9jMlqt4EIdQ\",\"https:\/\/www.tiktok.com\/@thehometownlawyer\"]}]}<\/script>\n<!-- \/ Yoast SEO plugin. -->","yoast_head_json":{"title":"Abogado de mordedura de perro que presta servicios en Greenville, Ohio: Consulta gratuita","description":"Abogado de mordedura de perro en Greenville, Ohio Los perros son generalmente criaturas maravillosas y leales, pero a veces las cosas pueden salir mal y","robots":{"index":"index","follow":"follow","max-snippet":"max-snippet:-1","max-image-preview":"max-image-preview:large","max-video-preview":"max-video-preview:-1"},"canonical":"https:\/\/thehometownlawyers.com\/es\/abogado-de-lesiones-personales-que-presta-servicios-en-greenville-ohio\/abogado-de-mordedura-de-perro-que-presta-servicios-en-greenville-ohio\/","og_locale":"es_MX","og_type":"article","og_title":"Abogado de mordedura de perro que presta servicios en Greenville, Ohio: Consulta gratuita","og_description":"Abogado de mordedura de perro en Greenville, Ohio Los perros son generalmente criaturas maravillosas y leales, pero a veces las cosas pueden salir mal y","og_url":"https:\/\/thehometownlawyers.com\/es\/abogado-de-lesiones-personales-que-presta-servicios-en-greenville-ohio\/abogado-de-mordedura-de-perro-que-presta-servicios-en-greenville-ohio\/","og_site_name":"Kruger &amp; Hodges Abogados De Lesiones","article_publisher":"https:\/\/www.facebook.com\/KrugerHodges\/","article_modified_time":"2025-02-03T19:24:53+00:00","og_image":[{"width":415,"height":306,"url":"https:\/\/thehometownlawyers.com\/wp-content\/uploads\/2021\/04\/service-3.png","type":"image\/png"}],"twitter_card":"summary_large_image","twitter_misc":{"Tiempo de lectura":"4 minutos"},"schema":{"@context":"https:\/\/schema.org","@graph":[{"@type":"WebPage","@id":"https:\/\/thehometownlawyers.com\/es\/abogado-de-lesiones-personales-que-presta-servicios-en-greenville-ohio\/abogado-de-mordedura-de-perro-que-presta-servicios-en-greenville-ohio\/","url":"https:\/\/thehometownlawyers.com\/es\/abogado-de-lesiones-personales-que-presta-servicios-en-greenville-ohio\/abogado-de-mordedura-de-perro-que-presta-servicios-en-greenville-ohio\/","name":"Abogado de mordedura de perro que presta servicios en Greenville, Ohio: Consulta gratuita","isPartOf":{"@id":"https:\/\/thehometownlawyers.com\/es\/#website"},"primaryImageOfPage":{"@id":"https:\/\/thehometownlawyers.com\/es\/abogado-de-lesiones-personales-que-presta-servicios-en-greenville-ohio\/abogado-de-mordedura-de-perro-que-presta-servicios-en-greenville-ohio\/#primaryimage"},"image":{"@id":"https:\/\/thehometownlawyers.com\/es\/abogado-de-lesiones-personales-que-presta-servicios-en-greenville-ohio\/abogado-de-mordedura-de-perro-que-presta-servicios-en-greenville-ohio\/#primaryimage"},"thumbnailUrl":"https:\/\/thehometownlawyers.com\/wp-content\/uploads\/2025\/03\/greenville-dog-bite-lawyer.jpg","datePublished":"2021-05-16T17:28:46+00:00","dateModified":"2025-02-03T19:24:53+00:00","description":"Abogado de mordedura de perro en Greenville, Ohio Los perros son generalmente criaturas maravillosas y leales, pero a veces las cosas pueden salir mal y","breadcrumb":{"@id":"https:\/\/thehometownlawyers.com\/es\/abogado-de-lesiones-personales-que-presta-servicios-en-greenville-ohio\/abogado-de-mordedura-de-perro-que-presta-servicios-en-greenville-ohio\/#breadcrumb"},"inLanguage":"es","potentialAction":[{"@type":"ReadAction","target":["https:\/\/thehometownlawyers.com\/es\/abogado-de-lesiones-personales-que-presta-servicios-en-greenville-ohio\/abogado-de-mordedura-de-perro-que-presta-servicios-en-greenville-ohio\/"]}]},{"@type":"ImageObject","inLanguage":"es","@id":"https:\/\/thehometownlawyers.com\/es\/abogado-de-lesiones-personales-que-presta-servicios-en-greenville-ohio\/abogado-de-mordedura-de-perro-que-presta-servicios-en-greenville-ohio\/#primaryimage","url":"https:\/\/thehometownlawyers.com\/wp-content\/uploads\/2025\/03\/greenville-dog-bite-lawyer.jpg","contentUrl":"https:\/\/thehometownlawyers.com\/wp-content\/uploads\/2025\/03\/greenville-dog-bite-lawyer.jpg","width":768,"height":576,"caption":"Dog snaps biscuits eat leckerlies in the desire with the mouth and pulls grimaces."},{"@type":"BreadcrumbList","@id":"https:\/\/thehometownlawyers.com\/es\/abogado-de-lesiones-personales-que-presta-servicios-en-greenville-ohio\/abogado-de-mordedura-de-perro-que-presta-servicios-en-greenville-ohio\/#breadcrumb","itemListElement":[{"@type":"ListItem","position":1,"name":"Home","item":"https:\/\/thehometownlawyers.com\/es\/"},{"@type":"ListItem","position":2,"name":"Abogado de Lesiones Personales en Greenville","item":"https:\/\/thehometownlawyers.com\/es\/abogado-de-lesiones-personales-que-presta-servicios-en-greenville-ohio\/"},{"@type":"ListItem","position":3,"name":"Abogado de Mordeduras de Perros en Greenville"}]},{"@type":"WebSite","@id":"https:\/\/thehometownlawyers.com\/es\/#website","url":"https:\/\/thehometownlawyers.com\/es\/","name":"Kruger & Hodges Hometown Injury Lawyers | Accident Attorneys","description":"Attorneys for Car, Truck and Motorcycle Accidents, Personal Injuries, and Criminal Defense.","publisher":{"@id":"https:\/\/thehometownlawyers.com\/es\/#organization"},"alternateName":"Kruger & Hodges Personal Injury Lawyers","inLanguage":"es"},{"@type":"Organization","@id":"https:\/\/thehometownlawyers.com\/es\/#organization","name":"Kruger & Hodges Hometown Injury Lawyers","alternateName":"Kruger & Hodges Accident Attorneys","url":"https:\/\/thehometownlawyers.com\/es\/","logo":{"@type":"ImageObject","inLanguage":"es","@id":"https:\/\/thehometownlawyers.com\/es\/#\/schema\/logo\/image\/","url":"https:\/\/thehometownlawyers.com\/wp-content\/uploads\/2025\/12\/revised-kh-logo-vertical-white-background-scaled.png","contentUrl":"https:\/\/thehometownlawyers.com\/wp-content\/uploads\/2025\/12\/revised-kh-logo-vertical-white-background-scaled.png","width":2560,"height":1440,"caption":"Kruger & Hodges Hometown Injury Lawyers"},"image":{"@id":"https:\/\/thehometownlawyers.com\/es\/#\/schema\/logo\/image\/"},"sameAs":["https:\/\/www.facebook.com\/KrugerHodges\/","https:\/\/www.instagram.com\/krugerhodges\/","https:\/\/www.linkedin.com\/company\/kruger-hodges-hometown-injury-lawyers\/","https:\/\/www.youtube.com\/channel\/UCeYcMaMaN2rb9jMlqt4EIdQ","https:\/\/www.tiktok.com\/@thehometownlawyer"]}]}},"_links":{"self":[{"href":"https:\/\/thehometownlawyers.com\/es\/wp-json\/wp\/v2\/pages\/21202","targetHints":{"allow":["GET"]}}],"collection":[{"href":"https:\/\/thehometownlawyers.com\/es\/wp-json\/wp\/v2\/pages"}],"about":[{"href":"https:\/\/thehometownlawyers.com\/es\/wp-json\/wp\/v2\/types\/page"}],"author":[{"embeddable":true,"href":"https:\/\/thehometownlawyers.com\/es\/wp-json\/wp\/v2\/users\/7"}],"replies":[{"embeddable":true,"href":"https:\/\/thehometownlawyers.com\/es\/wp-json\/wp\/v2\/comments?post=21202"}],"version-history":[{"count":0,"href":"https:\/\/thehometownlawyers.com\/es\/wp-json\/wp\/v2\/pages\/21202\/revisions"}],"up":[{"embeddable":true,"href":"https:\/\/thehometownlawyers.com\/es\/wp-json\/wp\/v2\/pages\/21205"}],"wp:featuredmedia":[{"embeddable":true,"href":"https:\/\/thehometownlawyers.com\/es\/wp-json\/wp\/v2\/media\/24491"}],"wp:attachment":[{"href":"https:\/\/thehometownlawyers.com\/es\/wp-json\/wp\/v2\/media?parent=21202"}],"wp:term":[{"taxonomy":"hc_faqs","embeddable":true,"href":"https:\/\/thehometownlawyers.com\/es\/wp-json\/wp\/v2\/hc_faqs?post=21202"},{"taxonomy":"hc_spanish_faqs","embeddable":true,"href":"https:\/\/thehometownlawyers.com\/es\/wp-json\/wp\/v2\/hc_spanish_faqs?post=21202"}],"curies":[{"name":"wp","href":"https:\/\/api.w.org\/{rel}","templated":true}]}}