{"id":21203,"date":"2021-01-24T16:34:30","date_gmt":"2021-01-24T21:34:30","guid":{"rendered":"https:\/\/thehometownlawyers.com\/?page_id=21203"},"modified":"2025-05-23T15:32:51","modified_gmt":"2025-05-23T19:32:51","slug":"abogados-de-accidentes-automovilisticos-en-eaton-ohio","status":"publish","type":"page","link":"https:\/\/thehometownlawyers.com\/es\/abogados-de-lesiones-personales-en-eaton-ohio\/abogados-de-accidentes-automovilisticos\/","title":{"rendered":"Abogado de Accidente Automovil\u00edstico en Eaton"},"content":{"rendered":"<h2>Abogados de accidentes automovil\u00edsticos en Eaton, Ohio<\/h2>\n<p>Los estadounidenses pasan mucho tiempo al volante de nuestros autom\u00f3viles. Confiamos en ellos para llevarnos a donde necesitamos ir, y r\u00e1pidamente. Hoy, hay m\u00e1s de <a href=\"https:\/\/www.statista.com\/statistics\/183505\/number-of-vehicles-in-the-united-states-since-1990\/\" target=\"_blank\" rel=\"noopener\">270 millones<\/a> de autom\u00f3viles en las carreteras de los Estados Unidos. Con tantos autos en las carreteras, los choques son inevitables y ocurren a diario. A lo largo de los a\u00f1os, los autom\u00f3viles han mejorado sus caracter\u00edsticas de seguridad, reduciendo continuamente la cantidad de accidentes y lesiones que ocurren en el pa\u00eds todos los d\u00edas. Es importante saber que si usted o un ser querido ha resultado lesionado en un accidente automovil\u00edstico, los abogados experimentados en accidentes automovil\u00edsticos de <a href=\"https:\/\/thehometownlawyers.com\/es\/acerca-de-los-abogados-de-kruger-hodges\/\">Kruger &amp; Hodges<\/a> en Eaton, <a href=\"https:\/\/thehometownlawyers.com\/es\/\">Hamilton<\/a> y <a href=\"https:\/\/thehometownlawyers.com\/es\/contacto\/\">Middletown<\/a> pueden ayudarlo a buscar la compensaci\u00f3n que merece por sus p\u00e9rdidas.<\/p>\n<p>Sin embargo, ninguna caracter\u00edstica de seguridad puede eliminar por completo el riesgo de un accidente automovil\u00edstico. Ya sea por las condiciones de la carretera, la negligencia del conductor o la intoxicaci\u00f3n del conductor, los accidentes a\u00fan ocurren. Si bien ocasionalmente estos accidentes son choques de un solo veh\u00edculo que resultan en lesiones menores, algunas colisiones automovil\u00edsticas involucran a varios veh\u00edculos y resultan en lesiones devastadoras y catastr\u00f3ficas para m\u00faltiples v\u00edctimas. Los accidentes automovil\u00edsticos tienen la capacidad de llevarse a sus seres queridos, afectar el desempe\u00f1o personal en un trabajo o cambiar la calidad de vida de una persona en los a\u00f1os venideros. Es importante saber que un accidente automovil\u00edstico puede ocurrir en cualquier momento ya cualquier persona.<\/p>\n<p class=\"rs-content-cta rs-content-cta-small\">Para una consulta legal gratuita, llame al <a href=\"tel:+19377336079\">937-733-6079 <\/a><\/p><h2>Lesiones por accidentes automovil\u00edsticos de Eaton<\/h2>\n<p>Cada a\u00f1o, casi tres millones de personas resultan heridas en accidentes automovil\u00edsticos, y m\u00e1s de 1000 mueren <a href=\"https:\/\/statepatrol.ohio.gov\/statistics\/statspage3.asp\" target=\"_blank\" rel=\"noopener\">solo<\/a> en Ohio. El hecho desafortunado es que estas muertes y lesiones no se limitan a los ocupantes de esos veh\u00edculos, sino que tambi\u00e9n pueden afectar a peatones, ciclistas y otros no motorizados. Dado que los autom\u00f3viles se mueven tan r\u00e1pido, los accidentes pueden ocurrir en una fracci\u00f3n de segundo y el da\u00f1o resultante puede durar toda la vida.<\/p>\n<p>Algunas v\u00edctimas de accidentes automovil\u00edsticos mueren en el lugar, mientras que otras sufren lesiones graves que requieren un tratamiento m\u00e9dico extenso. A\u00fan as\u00ed, otros pueden sentirse bien inmediatamente despu\u00e9s, incluso rechazar la ayuda m\u00e9dica en la escena, solo para darse cuenta de que tienen lesiones internas graves unos d\u00edas despu\u00e9s. Algunas lesiones comunes sufridas por los clientes de los abogados de accidentes automovil\u00edsticos en Eaton incluyen:<\/p>\n<ul>\n<li><a href=\"https:\/\/thehometownlawyers.com\/es\/\">Lesi\u00f3n cerebral traum\u00e1tica (LCT)<\/a><\/li>\n<li>Problemas de cuello y espalda<\/li>\n<li>Huesos rotos<\/li>\n<li>Da\u00f1o a los \u00f3rganos internos<\/li>\n<li>Da\u00f1o a los m\u00fasculos o ligamentos<\/li>\n<\/ul>\n<p>Adem\u00e1s de la amenaza de lesiones f\u00edsicas, tambi\u00e9n existe el riesgo muy real de da\u00f1o psicol\u00f3gico, como la <a href=\"https:\/\/pmc.ncbi.nlm.nih.gov\/articles\/PMC2396820\/\" target=\"_blank\" rel=\"noopener\">ansiedad o el estr\u00e9s<\/a> relacionado con el accidente. Este tipo de lesiones pueden manifestarse en forma de ataques de p\u00e1nico al conducir o aumento de la tensi\u00f3n en el transporte p\u00fablico. Cualquiera de estas lesiones podr\u00eda cambiar su vida durante los pr\u00f3ximos meses o a\u00f1os, y las v\u00edctimas merecen una compensaci\u00f3n por parte de los responsables.<\/p>\n<p class=\"rs-content-cta\">Abogado de Lesiones Personales de Eaton Cerca de M\u00ed <a href=\"tel:+19377336079\">937-733-6079<\/a><\/p><h2>Qu\u00e9 hacer despu\u00e9s de un accidente automovil\u00edstico en Eaton, Ohio<\/h2>\n<p>Si ha estado involucrado en un accidente automovil\u00edstico en Eaton, lo primero que debe hacer es llamar a la polic\u00eda. Esto asegura que los servicios de emergencia adecuados lleguen a la escena del accidente y que todo se haga seg\u00fan los libros. Mientras el otro conductor o los conductores est\u00e1n en la escena, aseg\u00farese de documentar toda la informaci\u00f3n relevante, si es posible. Esto incluye anotar las marcas y modelos de los veh\u00edculos involucrados, los nombres de otras personas involucradas, placas, p\u00f3lizas de seguro y compa\u00f1\u00edas, y cualquier otra informaci\u00f3n clave que sea importante al presentar un caso. Tome fotograf\u00edas de la escena, incluidas sus propias lesiones visibles.<\/p>\n<p>Una vez que la polic\u00eda llegue a la escena y tome su declaraci\u00f3n, dir\u00edjase inmediatamente al m\u00e9dico para un chequeo completo. Esto sirve no solo para asegurarse de que est\u00e1 bien, sino tambi\u00e9n para proporcionar documentaci\u00f3n concreta sobre cualquier lesi\u00f3n causada directamente por el accidente. Esto es especialmente importante porque, una vez que la adrenalina del choque desaparece, es posible que comiences a sentir un poco de dolor. Es importante consultar a un m\u00e9dico no solo para documentar posibles lesiones, sino tambi\u00e9n para evitar que las exacerbe accidentalmente.<\/p>\n<p>Despu\u00e9s de visitar al m\u00e9dico, es importante llamar a un abogado de confianza. Puede que esto no sea algo en lo que la gente piense de inmediato, pero es clave. Adem\u00e1s, aseg\u00farese de no hablar con un ajustador de seguros antes de hablar con nuestros abogados de accidentes automovil\u00edsticos en Eaton, Ohio, ya que sin darse cuenta podr\u00eda renunciar a su derecho legal de demandar a quienes lo da\u00f1aron.<\/p>\n<p class=\"rs-content-cta rs-content-cta-small\"><a href=\"\/es\/contacto\/\">Haga clic para contactar<\/a> con nuestros lesiones personales abogados hoy<\/p><h2>Los abogados de accidentes automovil\u00edsticos de Kruger &amp; Hodges en Eaton est\u00e1n aqu\u00ed para ayudar<\/h2>\n<p>Para muchos, es natural estar un poco nerviosos al tratar de navegar el proceso legal despu\u00e9s de sufrir una lesi\u00f3n en un accidente automovil\u00edstico, pero recuerde que estamos aqu\u00ed para ayudarlo. No necesita manejar esto usted mismo. Si usted o alguien que conoce ha tenido un accidente automovil\u00edstico, <a href=\"https:\/\/thehometownlawyers.com\/es\/contacto\/\">comun\u00edquese con<\/a> Kruger &amp; Hodges hoy para una consulta gratuita y sin riesgos con nuestros abogados de accidentes automovil\u00edsticos en Eaton, Ohio.<\/p>\n<p class=\"rs-content-cta rs-content-cta-small\">Llame o env\u00ede un mensaje de texto al <a href=\"tel:+19377336079\">937-733-6079<\/a> o complete una <a href=\"\/es\/contacto\/\">evaluaci\u00f3n gratuita de su caso<\/a><\/p>","protected":false},"excerpt":{"rendered":"<p>Abogados de accidentes automovil\u00edsticos en Eaton, Ohio Los estadounidenses pasan mucho tiempo al volante de nuestros autom\u00f3viles. Confiamos en ellos para llevarnos a donde necesitamos ir, y r\u00e1pidamente. Hoy, hay m\u00e1s de 270 millones de autom\u00f3viles en las carreteras de los Estados Unidos. Con tantos autos en las carreteras, los choques son inevitables y ocurren &#8230;<\/p>\n","protected":false},"author":7,"featured_media":20862,"parent":21199,"menu_order":0,"comment_status":"closed","ping_status":"closed","template":"","meta":{"_acf_changed":false,"inline_featured_image":false,"_genesis_hide_title":false,"_genesis_hide_breadcrumbs":false,"_genesis_hide_singular_image":false,"_genesis_hide_footer_widgets":false,"_genesis_custom_body_class":"","_genesis_custom_post_class":"","_genesis_layout":"","footnotes":""},"hc_faqs":[],"hc_spanish_faqs":[],"class_list":{"0":"post-21203","1":"page","2":"type-page","3":"status-publish","4":"has-post-thumbnail","6":"hc_city_location-eaton-es","7":"entry"},"acf":[],"yoast_head":"<!-- This site is optimized with the Yoast SEO plugin v27.3 - https:\/\/yoast.com\/product\/yoast-seo-wordpress\/ -->\n<title>Abogados de accidentes automovil\u00edsticos en Eaton, Ohio: Consulta gratuita<\/title>\n<meta name=\"description\" content=\"Si result\u00f3 lesionado en un accidente automovil\u00edstico, los abogados experimentados en accidentes automovil\u00edsticos de Kruger &amp; Hodges en Eaton buscar\u00e1n la compensaci\u00f3n que merece.\" \/>\n<meta name=\"robots\" content=\"index, follow, max-snippet:-1, max-image-preview:large, max-video-preview:-1\" \/>\n<link rel=\"canonical\" href=\"https:\/\/thehometownlawyers.com\/es\/abogados-de-lesiones-personales-en-eaton-ohio\/abogados-de-accidentes-automovilisticos\/\" \/>\n<meta property=\"og:locale\" content=\"es_MX\" \/>\n<meta property=\"og:type\" content=\"article\" \/>\n<meta property=\"og:title\" content=\"Abogados de accidentes automovil\u00edsticos en Eaton, Ohio: Consulta gratuita\" \/>\n<meta property=\"og:description\" content=\"Si result\u00f3 lesionado en un accidente automovil\u00edstico, los abogados experimentados en accidentes automovil\u00edsticos de Kruger &amp; Hodges en Eaton buscar\u00e1n la compensaci\u00f3n que merece.\" \/>\n<meta property=\"og:url\" content=\"https:\/\/thehometownlawyers.com\/es\/abogados-de-lesiones-personales-en-eaton-ohio\/abogados-de-accidentes-automovilisticos\/\" \/>\n<meta property=\"og:site_name\" content=\"Kruger &amp; Hodges Abogados De Lesiones\" \/>\n<meta property=\"article:publisher\" content=\"https:\/\/www.facebook.com\/KrugerHodges\/\" \/>\n<meta property=\"article:modified_time\" content=\"2025-05-23T19:32:51+00:00\" \/>\n<meta property=\"og:image\" content=\"https:\/\/thehometownlawyers.com\/wp-content\/uploads\/2021\/09\/hazard-sign-car.jpg\" \/>\n\t<meta property=\"og:image:width\" content=\"1920\" \/>\n\t<meta property=\"og:image:height\" content=\"1080\" \/>\n\t<meta property=\"og:image:type\" content=\"image\/jpeg\" \/>\n<meta name=\"twitter:card\" content=\"summary_large_image\" \/>\n<meta name=\"twitter:label1\" content=\"Tiempo de lectura\" \/>\n\t<meta name=\"twitter:data1\" content=\"4 minutos\" \/>\n<script type=\"application\/ld+json\" class=\"yoast-schema-graph\">{\"@context\":\"https:\\\/\\\/schema.org\",\"@graph\":[{\"@type\":\"WebPage\",\"@id\":\"https:\\\/\\\/thehometownlawyers.com\\\/es\\\/abogados-de-lesiones-personales-en-eaton-ohio\\\/abogados-de-accidentes-automovilisticos\\\/\",\"url\":\"https:\\\/\\\/thehometownlawyers.com\\\/es\\\/abogados-de-lesiones-personales-en-eaton-ohio\\\/abogados-de-accidentes-automovilisticos\\\/\",\"name\":\"Abogados de accidentes automovil\u00edsticos en Eaton, Ohio: Consulta gratuita\",\"isPartOf\":{\"@id\":\"https:\\\/\\\/thehometownlawyers.com\\\/es\\\/#website\"},\"primaryImageOfPage\":{\"@id\":\"https:\\\/\\\/thehometownlawyers.com\\\/es\\\/abogados-de-lesiones-personales-en-eaton-ohio\\\/abogados-de-accidentes-automovilisticos\\\/#primaryimage\"},\"image\":{\"@id\":\"https:\\\/\\\/thehometownlawyers.com\\\/es\\\/abogados-de-lesiones-personales-en-eaton-ohio\\\/abogados-de-accidentes-automovilisticos\\\/#primaryimage\"},\"thumbnailUrl\":\"https:\\\/\\\/thehometownlawyers.com\\\/wp-content\\\/uploads\\\/2021\\\/09\\\/hazard-sign-car.jpg\",\"datePublished\":\"2021-01-24T21:34:30+00:00\",\"dateModified\":\"2025-05-23T19:32:51+00:00\",\"description\":\"Si result\u00f3 lesionado en un accidente automovil\u00edstico, los abogados experimentados en accidentes automovil\u00edsticos de Kruger & Hodges en Eaton buscar\u00e1n la compensaci\u00f3n que merece.\",\"breadcrumb\":{\"@id\":\"https:\\\/\\\/thehometownlawyers.com\\\/es\\\/abogados-de-lesiones-personales-en-eaton-ohio\\\/abogados-de-accidentes-automovilisticos\\\/#breadcrumb\"},\"inLanguage\":\"es\",\"potentialAction\":[{\"@type\":\"ReadAction\",\"target\":[\"https:\\\/\\\/thehometownlawyers.com\\\/es\\\/abogados-de-lesiones-personales-en-eaton-ohio\\\/abogados-de-accidentes-automovilisticos\\\/\"]}]},{\"@type\":\"ImageObject\",\"inLanguage\":\"es\",\"@id\":\"https:\\\/\\\/thehometownlawyers.com\\\/es\\\/abogados-de-lesiones-personales-en-eaton-ohio\\\/abogados-de-accidentes-automovilisticos\\\/#primaryimage\",\"url\":\"https:\\\/\\\/thehometownlawyers.com\\\/wp-content\\\/uploads\\\/2021\\\/09\\\/hazard-sign-car.jpg\",\"contentUrl\":\"https:\\\/\\\/thehometownlawyers.com\\\/wp-content\\\/uploads\\\/2021\\\/09\\\/hazard-sign-car.jpg\",\"width\":1920,\"height\":1080,\"caption\":\"se\u00f1al de peligro al lado de la carretera\"},{\"@type\":\"BreadcrumbList\",\"@id\":\"https:\\\/\\\/thehometownlawyers.com\\\/es\\\/abogados-de-lesiones-personales-en-eaton-ohio\\\/abogados-de-accidentes-automovilisticos\\\/#breadcrumb\",\"itemListElement\":[{\"@type\":\"ListItem\",\"position\":1,\"name\":\"Home\",\"item\":\"https:\\\/\\\/thehometownlawyers.com\\\/es\\\/\"},{\"@type\":\"ListItem\",\"position\":2,\"name\":\"Abogado de Lesiones Personales en Eaton\",\"item\":\"https:\\\/\\\/thehometownlawyers.com\\\/es\\\/abogados-de-lesiones-personales-en-eaton-ohio\\\/\"},{\"@type\":\"ListItem\",\"position\":3,\"name\":\"Abogado de Accidente Automovil\u00edstico en Eaton\"}]},{\"@type\":\"WebSite\",\"@id\":\"https:\\\/\\\/thehometownlawyers.com\\\/es\\\/#website\",\"url\":\"https:\\\/\\\/thehometownlawyers.com\\\/es\\\/\",\"name\":\"Kruger & Hodges Hometown Injury Lawyers | Accident Attorneys\",\"description\":\"Attorneys for Car, Truck and Motorcycle Accidents, Personal Injuries, and Criminal Defense.\",\"publisher\":{\"@id\":\"https:\\\/\\\/thehometownlawyers.com\\\/es\\\/#organization\"},\"alternateName\":\"Kruger & Hodges Personal Injury Lawyers\",\"inLanguage\":\"es\"},{\"@type\":\"Organization\",\"@id\":\"https:\\\/\\\/thehometownlawyers.com\\\/es\\\/#organization\",\"name\":\"Kruger & Hodges Hometown Injury Lawyers\",\"alternateName\":\"Kruger & Hodges\",\"url\":\"https:\\\/\\\/thehometownlawyers.com\\\/es\\\/\",\"logo\":{\"@type\":\"ImageObject\",\"inLanguage\":\"es\",\"@id\":\"https:\\\/\\\/thehometownlawyers.com\\\/es\\\/#\\\/schema\\\/logo\\\/image\\\/\",\"url\":\"https:\\\/\\\/thehometownlawyers.com\\\/wp-content\\\/uploads\\\/2025\\\/12\\\/revised-kh-logo-vertical-white-background-scaled.png\",\"contentUrl\":\"https:\\\/\\\/thehometownlawyers.com\\\/wp-content\\\/uploads\\\/2025\\\/12\\\/revised-kh-logo-vertical-white-background-scaled.png\",\"width\":2560,\"height\":1440,\"caption\":\"Kruger & Hodges Hometown Injury Lawyers\"},\"image\":{\"@id\":\"https:\\\/\\\/thehometownlawyers.com\\\/es\\\/#\\\/schema\\\/logo\\\/image\\\/\"},\"sameAs\":[\"https:\\\/\\\/www.facebook.com\\\/KrugerHodges\\\/\",\"https:\\\/\\\/www.instagram.com\\\/krugerhodges\\\/\",\"https:\\\/\\\/www.linkedin.com\\\/company\\\/kruger-hodges-hometown-injury-lawyers\\\/\",\"https:\\\/\\\/www.youtube.com\\\/channel\\\/UCeYcMaMaN2rb9jMlqt4EIdQ\",\"https:\\\/\\\/www.tiktok.com\\\/@thehometownlawyer\"]}]}<\/script>\n<!-- \/ Yoast SEO plugin. -->","yoast_head_json":{"title":"Abogados de accidentes automovil\u00edsticos en Eaton, Ohio: Consulta gratuita","description":"Si result\u00f3 lesionado en un accidente automovil\u00edstico, los abogados experimentados en accidentes automovil\u00edsticos de Kruger & Hodges en Eaton buscar\u00e1n la compensaci\u00f3n que merece.","robots":{"index":"index","follow":"follow","max-snippet":"max-snippet:-1","max-image-preview":"max-image-preview:large","max-video-preview":"max-video-preview:-1"},"canonical":"https:\/\/thehometownlawyers.com\/es\/abogados-de-lesiones-personales-en-eaton-ohio\/abogados-de-accidentes-automovilisticos\/","og_locale":"es_MX","og_type":"article","og_title":"Abogados de accidentes automovil\u00edsticos en Eaton, Ohio: Consulta gratuita","og_description":"Si result\u00f3 lesionado en un accidente automovil\u00edstico, los abogados experimentados en accidentes automovil\u00edsticos de Kruger & Hodges en Eaton buscar\u00e1n la compensaci\u00f3n que merece.","og_url":"https:\/\/thehometownlawyers.com\/es\/abogados-de-lesiones-personales-en-eaton-ohio\/abogados-de-accidentes-automovilisticos\/","og_site_name":"Kruger &amp; Hodges Abogados De Lesiones","article_publisher":"https:\/\/www.facebook.com\/KrugerHodges\/","article_modified_time":"2025-05-23T19:32:51+00:00","og_image":[{"width":1920,"height":1080,"url":"https:\/\/thehometownlawyers.com\/wp-content\/uploads\/2021\/09\/hazard-sign-car.jpg","type":"image\/jpeg"}],"twitter_card":"summary_large_image","twitter_misc":{"Tiempo de lectura":"4 minutos"},"schema":{"@context":"https:\/\/schema.org","@graph":[{"@type":"WebPage","@id":"https:\/\/thehometownlawyers.com\/es\/abogados-de-lesiones-personales-en-eaton-ohio\/abogados-de-accidentes-automovilisticos\/","url":"https:\/\/thehometownlawyers.com\/es\/abogados-de-lesiones-personales-en-eaton-ohio\/abogados-de-accidentes-automovilisticos\/","name":"Abogados de accidentes automovil\u00edsticos en Eaton, Ohio: Consulta gratuita","isPartOf":{"@id":"https:\/\/thehometownlawyers.com\/es\/#website"},"primaryImageOfPage":{"@id":"https:\/\/thehometownlawyers.com\/es\/abogados-de-lesiones-personales-en-eaton-ohio\/abogados-de-accidentes-automovilisticos\/#primaryimage"},"image":{"@id":"https:\/\/thehometownlawyers.com\/es\/abogados-de-lesiones-personales-en-eaton-ohio\/abogados-de-accidentes-automovilisticos\/#primaryimage"},"thumbnailUrl":"https:\/\/thehometownlawyers.com\/wp-content\/uploads\/2021\/09\/hazard-sign-car.jpg","datePublished":"2021-01-24T21:34:30+00:00","dateModified":"2025-05-23T19:32:51+00:00","description":"Si result\u00f3 lesionado en un accidente automovil\u00edstico, los abogados experimentados en accidentes automovil\u00edsticos de Kruger & Hodges en Eaton buscar\u00e1n la compensaci\u00f3n que merece.","breadcrumb":{"@id":"https:\/\/thehometownlawyers.com\/es\/abogados-de-lesiones-personales-en-eaton-ohio\/abogados-de-accidentes-automovilisticos\/#breadcrumb"},"inLanguage":"es","potentialAction":[{"@type":"ReadAction","target":["https:\/\/thehometownlawyers.com\/es\/abogados-de-lesiones-personales-en-eaton-ohio\/abogados-de-accidentes-automovilisticos\/"]}]},{"@type":"ImageObject","inLanguage":"es","@id":"https:\/\/thehometownlawyers.com\/es\/abogados-de-lesiones-personales-en-eaton-ohio\/abogados-de-accidentes-automovilisticos\/#primaryimage","url":"https:\/\/thehometownlawyers.com\/wp-content\/uploads\/2021\/09\/hazard-sign-car.jpg","contentUrl":"https:\/\/thehometownlawyers.com\/wp-content\/uploads\/2021\/09\/hazard-sign-car.jpg","width":1920,"height":1080,"caption":"se\u00f1al de peligro al lado de la carretera"},{"@type":"BreadcrumbList","@id":"https:\/\/thehometownlawyers.com\/es\/abogados-de-lesiones-personales-en-eaton-ohio\/abogados-de-accidentes-automovilisticos\/#breadcrumb","itemListElement":[{"@type":"ListItem","position":1,"name":"Home","item":"https:\/\/thehometownlawyers.com\/es\/"},{"@type":"ListItem","position":2,"name":"Abogado de Lesiones Personales en Eaton","item":"https:\/\/thehometownlawyers.com\/es\/abogados-de-lesiones-personales-en-eaton-ohio\/"},{"@type":"ListItem","position":3,"name":"Abogado de Accidente Automovil\u00edstico en Eaton"}]},{"@type":"WebSite","@id":"https:\/\/thehometownlawyers.com\/es\/#website","url":"https:\/\/thehometownlawyers.com\/es\/","name":"Kruger & Hodges Hometown Injury Lawyers | Accident Attorneys","description":"Attorneys for Car, Truck and Motorcycle Accidents, Personal Injuries, and Criminal Defense.","publisher":{"@id":"https:\/\/thehometownlawyers.com\/es\/#organization"},"alternateName":"Kruger & Hodges Personal Injury Lawyers","inLanguage":"es"},{"@type":"Organization","@id":"https:\/\/thehometownlawyers.com\/es\/#organization","name":"Kruger & Hodges Hometown Injury Lawyers","alternateName":"Kruger & Hodges","url":"https:\/\/thehometownlawyers.com\/es\/","logo":{"@type":"ImageObject","inLanguage":"es","@id":"https:\/\/thehometownlawyers.com\/es\/#\/schema\/logo\/image\/","url":"https:\/\/thehometownlawyers.com\/wp-content\/uploads\/2025\/12\/revised-kh-logo-vertical-white-background-scaled.png","contentUrl":"https:\/\/thehometownlawyers.com\/wp-content\/uploads\/2025\/12\/revised-kh-logo-vertical-white-background-scaled.png","width":2560,"height":1440,"caption":"Kruger & Hodges Hometown Injury Lawyers"},"image":{"@id":"https:\/\/thehometownlawyers.com\/es\/#\/schema\/logo\/image\/"},"sameAs":["https:\/\/www.facebook.com\/KrugerHodges\/","https:\/\/www.instagram.com\/krugerhodges\/","https:\/\/www.linkedin.com\/company\/kruger-hodges-hometown-injury-lawyers\/","https:\/\/www.youtube.com\/channel\/UCeYcMaMaN2rb9jMlqt4EIdQ","https:\/\/www.tiktok.com\/@thehometownlawyer"]}]}},"_links":{"self":[{"href":"https:\/\/thehometownlawyers.com\/es\/wp-json\/wp\/v2\/pages\/21203","targetHints":{"allow":["GET"]}}],"collection":[{"href":"https:\/\/thehometownlawyers.com\/es\/wp-json\/wp\/v2\/pages"}],"about":[{"href":"https:\/\/thehometownlawyers.com\/es\/wp-json\/wp\/v2\/types\/page"}],"author":[{"embeddable":true,"href":"https:\/\/thehometownlawyers.com\/es\/wp-json\/wp\/v2\/users\/7"}],"replies":[{"embeddable":true,"href":"https:\/\/thehometownlawyers.com\/es\/wp-json\/wp\/v2\/comments?post=21203"}],"version-history":[{"count":0,"href":"https:\/\/thehometownlawyers.com\/es\/wp-json\/wp\/v2\/pages\/21203\/revisions"}],"up":[{"embeddable":true,"href":"https:\/\/thehometownlawyers.com\/es\/wp-json\/wp\/v2\/pages\/21199"}],"wp:featuredmedia":[{"embeddable":true,"href":"https:\/\/thehometownlawyers.com\/es\/wp-json\/wp\/v2\/media\/20862"}],"wp:attachment":[{"href":"https:\/\/thehometownlawyers.com\/es\/wp-json\/wp\/v2\/media?parent=21203"}],"wp:term":[{"taxonomy":"hc_faqs","embeddable":true,"href":"https:\/\/thehometownlawyers.com\/es\/wp-json\/wp\/v2\/hc_faqs?post=21203"},{"taxonomy":"hc_spanish_faqs","embeddable":true,"href":"https:\/\/thehometownlawyers.com\/es\/wp-json\/wp\/v2\/hc_spanish_faqs?post=21203"}],"curies":[{"name":"wp","href":"https:\/\/api.w.org\/{rel}","templated":true}]}}