{"id":21204,"date":"2021-03-24T21:23:04","date_gmt":"2021-03-25T01:23:04","guid":{"rendered":"https:\/\/thehometownlawyers.com\/?page_id=21204"},"modified":"2025-01-31T10:44:48","modified_gmt":"2025-01-31T15:44:48","slug":"abogado-de-accidentes-de-semirremolques-del-condado-de-preble","status":"publish","type":"page","link":"https:\/\/thehometownlawyers.com\/es\/abogados-de-lesiones-personales-en-el-condado-de-preble-ohio\/abogado-de-accidentes-de-semirremolques-del-condado-de-preble\/","title":{"rendered":"Abogado de Accidente de Semi en Preble County"},"content":{"rendered":"<h2>Abogados de Accidentes de Camiones del Condado de Preble, Ohio<\/h2>\n<p>En un momento dado, hay aproximadamente <a href=\"https:\/\/www.fmcsa.dot.gov\/sites\/fmcsa.dot.gov\/files\/docs\/safety\/data-and-statistics\/413361\/fmcsa-pocket-guide-2018-final-508-compliant-1.pdf\" target=\"_blank\" rel=\"noopener\">11 millones de camiones comerciales<\/a> en las carreteras de los Estados Unidos. Desde el transporte de materiales de construcci\u00f3n hasta equipos agr\u00edcolas e incluso alimentos, hay una cantidad significativa de camiones grandes que atraviesan nuestras carreteras. Lamentablemente, sin embargo, para todos esos camiones que transportan carga, tambi\u00e9n hay bastantes accidentes que involucran a estos veh\u00edculos comerciales.<\/p>\n<p>Cada a\u00f1o, hay alrededor de medio mill\u00f3n de accidentes que involucran camiones, y de estos choques, y m\u00e1s <a href=\"https:\/\/www.fmcsa.dot.gov\/safety\/data-and-statistics\/large-truck-and-bus-crash-facts-2018#A5\" target=\"_blank\" rel=\"noopener\">de 5,000 de ellos son fatales<\/a> . Eso es m\u00e1s de 5,000 familias que fueron destrozadas por una tragedia repentina e inesperada, y esto ni siquiera comienza a tocar el grave da\u00f1o que sufrieron los sobrevivientes de estos accidentes.<\/p>\n<p>El hecho es que un choque que involucre a un cami\u00f3n grande es muy diferente a cualquier otro tipo de accidente automovil\u00edstico. Los semirremolques son m\u00e1s pesados, m\u00e1s grandes y m\u00e1s potentes que los otros tipos de veh\u00edculos en la carretera. Esto significa que cuando tenga un accidente con uno de ellos, podr\u00eda encontrarse frente a lesiones bastante graves y duraderas en su persona. En un abrir y cerrar de ojos, tu vida puede cambiar para siempre.<\/p>\n<p class=\"rs-content-cta rs-content-cta-small\">Para una consulta legal gratuita, llame al <a href=\"tel:+15138943333\">513-894-3333 <\/a><\/p><h2>Lesiones comunes despu\u00e9s de un accidente de cami\u00f3n<\/h2>\n<p>Si tuvo un accidente de cami\u00f3n, es extremadamente importante que hable con su m\u00e9dico despu\u00e9s. Su m\u00e9dico no solo puede ayudarlo a documentar el alcance de sus lesiones, sino que tambi\u00e9n puede ayudarlo a probar el alcance de estas lesiones cuando decida buscar una compensaci\u00f3n financiera despu\u00e9s de su accidente.<\/p>\n<p>Adem\u00e1s, mientras que la mayor\u00eda de los accidentes ser\u00e1n relativamente evidentes despu\u00e9s de su accidente, algunos pueden ser mucho m\u00e1s sutiles. Es posible que ni siquiera se manifiesten hasta d\u00edas o semanas despu\u00e9s de su lesi\u00f3n. Hacer un seguimiento con su proveedor de atenci\u00f3n m\u00e9dica despu\u00e9s de su accidente puede ayudar a marcar la diferencia para probar el alcance de sus lesiones.<\/p>\n<p>Casi uno de cada cuatro accidentes de camiones <a href=\"https:\/\/www.fmcsa.dot.gov\/safety\/data-and-statistics\/large-truck-and-bus-crash-facts-2017\" target=\"_blank\" rel=\"noopener\">resulta en lesiones<\/a> , lo que significa que si estuvo en un accidente de cami\u00f3n, entonces existe una alta probabilidad de que no sali\u00f3 ileso. Las lesiones comunes que pueden ocurrir despu\u00e9s de un accidente de cami\u00f3n pueden incluir:<\/p>\n<ul>\n<li>Huesos rotos<\/li>\n<li>laceraciones<\/li>\n<li>Heridas en la cabeza<\/li>\n<li>Lesiones de espalda y cuello<\/li>\n<li>Latigazo<\/li>\n<li>quemaduras<\/li>\n<li>Heridas internas<\/li>\n<li>Lesiones del cintur\u00f3n de seguridad<\/li>\n<li>Lesiones en las costillas y el torso<\/li>\n<li>Lesi\u00f3n cerebral traum\u00e1tica ( <a href=\"https:\/\/thehometownlawyers.com\/es\/\">LCT<\/a> )<\/li>\n<li><a href=\"https:\/\/thehometownlawyers.com\/es\/blog\/salud-mental-despues-de-un-accidente-automovilistico\/\">Angustia emocional<\/a><\/li>\n<li>Par\u00e1lisis<\/li>\n<li>Muerte injusta<\/li>\n<\/ul>\n<p>Para algunas v\u00edctimas, el alcance de sus lesiones puede no ser visible a simple vista. No solo puede sufrir da\u00f1os internos graves, sino que tambi\u00e9n puede encontrarse <a href=\"https:\/\/pmc.ncbi.nlm.nih.gov\/articles\/PMC2396820\/\" target=\"_blank\" rel=\"noopener\">luchando contra el trastorno de estr\u00e9s postraum\u00e1tico<\/a> despu\u00e9s de su accidente. El trauma emocional tambi\u00e9n es bastante v\u00e1lido y debe tratarse con el mismo nivel de compasi\u00f3n y cuidado que cualquier lesi\u00f3n f\u00edsica.<\/p>\n<p class=\"rs-content-cta\">Abogado de Accidente de Cami\u00f3n de Preble County Cerca de M\u00ed <a href=\"tel:+15138943333\">513-894-3333<\/a><\/p><h2>\u00bfCu\u00e1les son las causas comunes de los accidentes de camiones?<\/h2>\n<p>Cuando se trata de accidentes de camiones, hay bastantes factores diferentes que pueden ser los culpables. Tr\u00e1gicamente, muchos de estos accidentes podr\u00edan haberse evitado f\u00e1cilmente si el conductor del cami\u00f3n hubiera sido m\u00e1s responsable y hubiera estado m\u00e1s atento a las condiciones del camino por delante.<\/p>\n<p>Algunas de las <a href=\"https:\/\/www.fmcsa.dot.gov\/safety\/research-and-analysis\/large-truck-crash-causation-study-analysis-brief\" target=\"_blank\" rel=\"noopener\">causas m\u00e1s comunes de accidentes de camiones<\/a> pueden incluir:<\/p>\n<ul>\n<li>Superar la velocidad indicada representa hasta el 23% de todos los accidentes de camiones cada a\u00f1o. Si el conductor hubiera ido m\u00e1s despacio y hubiera tenido m\u00e1s cuidado, el accidente se podr\u00eda haber evitado por completo.<\/li>\n<li>No es ning\u00fan secreto que los camioneros trabajan muchas horas, a menudo sin dormir para llegar a tiempo a su destino. El 13 % de los accidentes de camiones fueron causados por conductores demasiado cansados que no tomaron los per\u00edodos de descanso adecuados mientras trabajaban.<\/li>\n<li><strong>Drogas y alcohol. <\/strong>Conducir en estado de ebriedad represent\u00f3 un devastador 21% de todos los accidentes de camiones. Uno nunca debe operar un veh\u00edculo motorizado bajo la influencia, y en el caso de accidentes de camiones, casi 1 de cada 5 podr\u00eda atribuirse a ello.<\/li>\n<li><strong>Vigilancia inadecuada: La<\/strong> conducci\u00f3n de un cami\u00f3n de 40 toneladas requiere extrema precauci\u00f3n, especialmente al momento de navegar o maniobrar. <a href=\"https:\/\/www.fmcsa.dot.gov\/safety\/driver-safety\/cmv-driving-tips-inadequate-surveillance\" target=\"_blank\" rel=\"noopener\">La vigilancia inadecuada<\/a> significa que el conductor no verific\u00f3 adecuadamente antes de realizar una maniobra, y esto provoc\u00f3 el 14% de todos los accidentes de camiones.<\/li>\n<li><strong>Falta de atenci\u00f3n o distracci\u00f3n externa. <\/strong>La conducci\u00f3n defensiva siempre debe ser el objetivo de cualquier conductor, y esto es especialmente cierto para los conductores de camiones. El 17% de los accidentes de camiones se debieron a que el conductor estaba distra\u00eddo o no prestaba atenci\u00f3n.<\/li>\n<\/ul>\n<p>Otras causas principales de accidentes de camiones incluyeron la falla de los frenos (29 %), la falta de familiaridad con las carreteras (22 %) e incluso la enfermedad del conductor (3 %). Rara vez alguien realmente <em>quiere<\/em> tener un accidente, de ah\u00ed el t\u00e9rmino &#8220;accidente&#8221;, pero cuando lo hace, puede ser devastador para las v\u00edctimas.<\/p>\n<p class=\"rs-content-cta rs-content-cta-small\"><a href=\"\/es\/contacto\/\">Haga clic para contactar<\/a> con nuestros accidente de cami\u00f3n abogados hoy<\/p><h2>\u00bfEstuvo usted en un accidente de cami\u00f3n en el condado de Preble, Ohio?<\/h2>\n<p>Si tuvo un accidente de cami\u00f3n, su primer paso debe ser consultar con un m\u00e9dico. Su pr\u00f3ximo paso debe ser hablar con nosotros. Recuperarse de un accidente de cami\u00f3n puede ser un proceso largo y arduo, y lo \u00faltimo que debe hacer es preocuparse por pagar sus facturas y llegar a fin de mes. Aqu\u00ed en <a href=\"https:\/\/thehometownlawyers.com\/es\/acerca-de-los-abogados-de-kruger-hodges\/\">Kruger &amp; Hodges<\/a> podemos ayudarlo a luchar por usted para obtener la compensaci\u00f3n financiera que tanto necesita despu\u00e9s de un accidente de cami\u00f3n. Si tuvo un accidente de cami\u00f3n y no est\u00e1 seguro de cu\u00e1les deber\u00edan ser sus pr\u00f3ximos <a href=\"https:\/\/thehometownlawyers.com\/es\/contacto\/\">pasos<\/a> , comun\u00edquese con nuestro equipo de abogados de lesiones personales hoy para una evaluaci\u00f3n de caso gratuita y sin riesgos. Estamos listos para ayudarte.<\/p>\n<p class=\"rs-content-cta rs-content-cta-small\">Llame o env\u00ede un mensaje de texto al <a href=\"tel:+15138943333\">513-894-3333<\/a> o complete una <a href=\"\/es\/contacto\/\">evaluaci\u00f3n gratuita de su caso<\/a><\/p>","protected":false},"excerpt":{"rendered":"<p>Abogados de Accidentes de Camiones del Condado de Preble, Ohio En un momento dado, hay aproximadamente 11 millones de camiones comerciales en las carreteras de los Estados Unidos. Desde el transporte de materiales de construcci\u00f3n hasta equipos agr\u00edcolas e incluso alimentos, hay una cantidad significativa de camiones grandes que atraviesan nuestras carreteras. Lamentablemente, sin embargo, &#8230;<\/p>\n","protected":false},"author":7,"featured_media":20745,"parent":21196,"menu_order":0,"comment_status":"closed","ping_status":"closed","template":"","meta":{"_acf_changed":false,"inline_featured_image":false,"_genesis_hide_title":false,"_genesis_hide_breadcrumbs":false,"_genesis_hide_singular_image":false,"_genesis_hide_footer_widgets":false,"_genesis_custom_body_class":"","_genesis_custom_post_class":"","_genesis_layout":"","footnotes":""},"hc_faqs":[],"hc_spanish_faqs":[],"class_list":{"0":"post-21204","1":"page","2":"type-page","3":"status-publish","4":"has-post-thumbnail","6":"hc_city_location-preble-county-es","7":"entry"},"acf":[],"yoast_head":"<!-- This site is optimized with the Yoast SEO plugin v27.3 - https:\/\/yoast.com\/product\/yoast-seo-wordpress\/ -->\n<title>Abogado de accidentes de semirremolques del condado de Preble: Consulta gratuita<\/title>\n<meta name=\"description\" content=\"Abogados de Accidentes de Camiones del Condado de Preble, Ohio En un momento dado, hay aproximadamente 11 millones de camiones comerciales en las\" \/>\n<meta name=\"robots\" content=\"index, follow, max-snippet:-1, max-image-preview:large, max-video-preview:-1\" \/>\n<link rel=\"canonical\" href=\"https:\/\/thehometownlawyers.com\/es\/abogados-de-lesiones-personales-en-el-condado-de-preble-ohio\/abogado-de-accidentes-de-semirremolques-del-condado-de-preble\/\" \/>\n<meta property=\"og:locale\" content=\"es_MX\" \/>\n<meta property=\"og:type\" content=\"article\" \/>\n<meta property=\"og:title\" content=\"Abogado de accidentes de semirremolques del condado de Preble: Consulta gratuita\" \/>\n<meta property=\"og:description\" content=\"Abogados de Accidentes de Camiones del Condado de Preble, Ohio En un momento dado, hay aproximadamente 11 millones de camiones comerciales en las\" \/>\n<meta property=\"og:url\" content=\"https:\/\/thehometownlawyers.com\/es\/abogados-de-lesiones-personales-en-el-condado-de-preble-ohio\/abogado-de-accidentes-de-semirremolques-del-condado-de-preble\/\" \/>\n<meta property=\"og:site_name\" content=\"Kruger &amp; Hodges Abogados De Lesiones\" \/>\n<meta property=\"article:publisher\" content=\"https:\/\/www.facebook.com\/KrugerHodges\/\" \/>\n<meta property=\"article:modified_time\" content=\"2025-01-31T15:44:48+00:00\" \/>\n<meta property=\"og:image\" content=\"https:\/\/thehometownlawyers.com\/wp-content\/uploads\/2020\/02\/iStock-89919214small-1-scaled-1.jpg\" \/>\n\t<meta property=\"og:image:width\" content=\"2048\" \/>\n\t<meta property=\"og:image:height\" content=\"1362\" \/>\n\t<meta property=\"og:image:type\" content=\"image\/jpeg\" \/>\n<meta name=\"twitter:card\" content=\"summary_large_image\" \/>\n<meta name=\"twitter:label1\" content=\"Tiempo de lectura\" \/>\n\t<meta name=\"twitter:data1\" content=\"5 minutos\" \/>\n<script type=\"application\/ld+json\" class=\"yoast-schema-graph\">{\"@context\":\"https:\\\/\\\/schema.org\",\"@graph\":[{\"@type\":\"WebPage\",\"@id\":\"https:\\\/\\\/thehometownlawyers.com\\\/es\\\/abogados-de-lesiones-personales-en-el-condado-de-preble-ohio\\\/abogado-de-accidentes-de-semirremolques-del-condado-de-preble\\\/\",\"url\":\"https:\\\/\\\/thehometownlawyers.com\\\/es\\\/abogados-de-lesiones-personales-en-el-condado-de-preble-ohio\\\/abogado-de-accidentes-de-semirremolques-del-condado-de-preble\\\/\",\"name\":\"Abogado de accidentes de semirremolques del condado de Preble: Consulta gratuita\",\"isPartOf\":{\"@id\":\"https:\\\/\\\/thehometownlawyers.com\\\/es\\\/#website\"},\"primaryImageOfPage\":{\"@id\":\"https:\\\/\\\/thehometownlawyers.com\\\/es\\\/abogados-de-lesiones-personales-en-el-condado-de-preble-ohio\\\/abogado-de-accidentes-de-semirremolques-del-condado-de-preble\\\/#primaryimage\"},\"image\":{\"@id\":\"https:\\\/\\\/thehometownlawyers.com\\\/es\\\/abogados-de-lesiones-personales-en-el-condado-de-preble-ohio\\\/abogado-de-accidentes-de-semirremolques-del-condado-de-preble\\\/#primaryimage\"},\"thumbnailUrl\":\"https:\\\/\\\/thehometownlawyers.com\\\/wp-content\\\/uploads\\\/2020\\\/02\\\/iStock-89919214small-1-scaled-1.jpg\",\"datePublished\":\"2021-03-25T01:23:04+00:00\",\"dateModified\":\"2025-01-31T15:44:48+00:00\",\"description\":\"Abogados de Accidentes de Camiones del Condado de Preble, Ohio En un momento dado, hay aproximadamente 11 millones de camiones comerciales en las\",\"breadcrumb\":{\"@id\":\"https:\\\/\\\/thehometownlawyers.com\\\/es\\\/abogados-de-lesiones-personales-en-el-condado-de-preble-ohio\\\/abogado-de-accidentes-de-semirremolques-del-condado-de-preble\\\/#breadcrumb\"},\"inLanguage\":\"es\",\"potentialAction\":[{\"@type\":\"ReadAction\",\"target\":[\"https:\\\/\\\/thehometownlawyers.com\\\/es\\\/abogados-de-lesiones-personales-en-el-condado-de-preble-ohio\\\/abogado-de-accidentes-de-semirremolques-del-condado-de-preble\\\/\"]}]},{\"@type\":\"ImageObject\",\"inLanguage\":\"es\",\"@id\":\"https:\\\/\\\/thehometownlawyers.com\\\/es\\\/abogados-de-lesiones-personales-en-el-condado-de-preble-ohio\\\/abogado-de-accidentes-de-semirremolques-del-condado-de-preble\\\/#primaryimage\",\"url\":\"https:\\\/\\\/thehometownlawyers.com\\\/wp-content\\\/uploads\\\/2020\\\/02\\\/iStock-89919214small-1-scaled-1.jpg\",\"contentUrl\":\"https:\\\/\\\/thehometownlawyers.com\\\/wp-content\\\/uploads\\\/2020\\\/02\\\/iStock-89919214small-1-scaled-1.jpg\",\"width\":2048,\"height\":1362,\"caption\":\"Camioneta volcada tras accidente\"},{\"@type\":\"BreadcrumbList\",\"@id\":\"https:\\\/\\\/thehometownlawyers.com\\\/es\\\/abogados-de-lesiones-personales-en-el-condado-de-preble-ohio\\\/abogado-de-accidentes-de-semirremolques-del-condado-de-preble\\\/#breadcrumb\",\"itemListElement\":[{\"@type\":\"ListItem\",\"position\":1,\"name\":\"Home\",\"item\":\"https:\\\/\\\/thehometownlawyers.com\\\/es\\\/\"},{\"@type\":\"ListItem\",\"position\":2,\"name\":\"Abogado de Lesiones Personales en Preble County\",\"item\":\"https:\\\/\\\/thehometownlawyers.com\\\/es\\\/abogados-de-lesiones-personales-en-el-condado-de-preble-ohio\\\/\"},{\"@type\":\"ListItem\",\"position\":3,\"name\":\"Abogado de Accidente de Semi en Preble County\"}]},{\"@type\":\"WebSite\",\"@id\":\"https:\\\/\\\/thehometownlawyers.com\\\/es\\\/#website\",\"url\":\"https:\\\/\\\/thehometownlawyers.com\\\/es\\\/\",\"name\":\"Kruger & Hodges Hometown Injury Lawyers | Accident Attorneys\",\"description\":\"Attorneys for Car, Truck and Motorcycle Accidents, Personal Injuries, and Criminal Defense.\",\"publisher\":{\"@id\":\"https:\\\/\\\/thehometownlawyers.com\\\/es\\\/#organization\"},\"alternateName\":\"Kruger & Hodges Personal Injury Lawyers\",\"inLanguage\":\"es\"},{\"@type\":\"Organization\",\"@id\":\"https:\\\/\\\/thehometownlawyers.com\\\/es\\\/#organization\",\"name\":\"Kruger & Hodges Hometown Injury Lawyers\",\"alternateName\":\"Kruger & Hodges\",\"url\":\"https:\\\/\\\/thehometownlawyers.com\\\/es\\\/\",\"logo\":{\"@type\":\"ImageObject\",\"inLanguage\":\"es\",\"@id\":\"https:\\\/\\\/thehometownlawyers.com\\\/es\\\/#\\\/schema\\\/logo\\\/image\\\/\",\"url\":\"https:\\\/\\\/thehometownlawyers.com\\\/wp-content\\\/uploads\\\/2025\\\/12\\\/revised-kh-logo-vertical-white-background-scaled.png\",\"contentUrl\":\"https:\\\/\\\/thehometownlawyers.com\\\/wp-content\\\/uploads\\\/2025\\\/12\\\/revised-kh-logo-vertical-white-background-scaled.png\",\"width\":2560,\"height\":1440,\"caption\":\"Kruger & Hodges Hometown Injury Lawyers\"},\"image\":{\"@id\":\"https:\\\/\\\/thehometownlawyers.com\\\/es\\\/#\\\/schema\\\/logo\\\/image\\\/\"},\"sameAs\":[\"https:\\\/\\\/www.facebook.com\\\/KrugerHodges\\\/\",\"https:\\\/\\\/www.instagram.com\\\/krugerhodges\\\/\",\"https:\\\/\\\/www.linkedin.com\\\/company\\\/kruger-hodges-hometown-injury-lawyers\\\/\",\"https:\\\/\\\/www.youtube.com\\\/channel\\\/UCeYcMaMaN2rb9jMlqt4EIdQ\",\"https:\\\/\\\/www.tiktok.com\\\/@thehometownlawyer\"]}]}<\/script>\n<!-- \/ Yoast SEO plugin. -->","yoast_head_json":{"title":"Abogado de accidentes de semirremolques del condado de Preble: Consulta gratuita","description":"Abogados de Accidentes de Camiones del Condado de Preble, Ohio En un momento dado, hay aproximadamente 11 millones de camiones comerciales en las","robots":{"index":"index","follow":"follow","max-snippet":"max-snippet:-1","max-image-preview":"max-image-preview:large","max-video-preview":"max-video-preview:-1"},"canonical":"https:\/\/thehometownlawyers.com\/es\/abogados-de-lesiones-personales-en-el-condado-de-preble-ohio\/abogado-de-accidentes-de-semirremolques-del-condado-de-preble\/","og_locale":"es_MX","og_type":"article","og_title":"Abogado de accidentes de semirremolques del condado de Preble: Consulta gratuita","og_description":"Abogados de Accidentes de Camiones del Condado de Preble, Ohio En un momento dado, hay aproximadamente 11 millones de camiones comerciales en las","og_url":"https:\/\/thehometownlawyers.com\/es\/abogados-de-lesiones-personales-en-el-condado-de-preble-ohio\/abogado-de-accidentes-de-semirremolques-del-condado-de-preble\/","og_site_name":"Kruger &amp; Hodges Abogados De Lesiones","article_publisher":"https:\/\/www.facebook.com\/KrugerHodges\/","article_modified_time":"2025-01-31T15:44:48+00:00","og_image":[{"width":2048,"height":1362,"url":"https:\/\/thehometownlawyers.com\/wp-content\/uploads\/2020\/02\/iStock-89919214small-1-scaled-1.jpg","type":"image\/jpeg"}],"twitter_card":"summary_large_image","twitter_misc":{"Tiempo de lectura":"5 minutos"},"schema":{"@context":"https:\/\/schema.org","@graph":[{"@type":"WebPage","@id":"https:\/\/thehometownlawyers.com\/es\/abogados-de-lesiones-personales-en-el-condado-de-preble-ohio\/abogado-de-accidentes-de-semirremolques-del-condado-de-preble\/","url":"https:\/\/thehometownlawyers.com\/es\/abogados-de-lesiones-personales-en-el-condado-de-preble-ohio\/abogado-de-accidentes-de-semirremolques-del-condado-de-preble\/","name":"Abogado de accidentes de semirremolques del condado de Preble: Consulta gratuita","isPartOf":{"@id":"https:\/\/thehometownlawyers.com\/es\/#website"},"primaryImageOfPage":{"@id":"https:\/\/thehometownlawyers.com\/es\/abogados-de-lesiones-personales-en-el-condado-de-preble-ohio\/abogado-de-accidentes-de-semirremolques-del-condado-de-preble\/#primaryimage"},"image":{"@id":"https:\/\/thehometownlawyers.com\/es\/abogados-de-lesiones-personales-en-el-condado-de-preble-ohio\/abogado-de-accidentes-de-semirremolques-del-condado-de-preble\/#primaryimage"},"thumbnailUrl":"https:\/\/thehometownlawyers.com\/wp-content\/uploads\/2020\/02\/iStock-89919214small-1-scaled-1.jpg","datePublished":"2021-03-25T01:23:04+00:00","dateModified":"2025-01-31T15:44:48+00:00","description":"Abogados de Accidentes de Camiones del Condado de Preble, Ohio En un momento dado, hay aproximadamente 11 millones de camiones comerciales en las","breadcrumb":{"@id":"https:\/\/thehometownlawyers.com\/es\/abogados-de-lesiones-personales-en-el-condado-de-preble-ohio\/abogado-de-accidentes-de-semirremolques-del-condado-de-preble\/#breadcrumb"},"inLanguage":"es","potentialAction":[{"@type":"ReadAction","target":["https:\/\/thehometownlawyers.com\/es\/abogados-de-lesiones-personales-en-el-condado-de-preble-ohio\/abogado-de-accidentes-de-semirremolques-del-condado-de-preble\/"]}]},{"@type":"ImageObject","inLanguage":"es","@id":"https:\/\/thehometownlawyers.com\/es\/abogados-de-lesiones-personales-en-el-condado-de-preble-ohio\/abogado-de-accidentes-de-semirremolques-del-condado-de-preble\/#primaryimage","url":"https:\/\/thehometownlawyers.com\/wp-content\/uploads\/2020\/02\/iStock-89919214small-1-scaled-1.jpg","contentUrl":"https:\/\/thehometownlawyers.com\/wp-content\/uploads\/2020\/02\/iStock-89919214small-1-scaled-1.jpg","width":2048,"height":1362,"caption":"Camioneta volcada tras accidente"},{"@type":"BreadcrumbList","@id":"https:\/\/thehometownlawyers.com\/es\/abogados-de-lesiones-personales-en-el-condado-de-preble-ohio\/abogado-de-accidentes-de-semirremolques-del-condado-de-preble\/#breadcrumb","itemListElement":[{"@type":"ListItem","position":1,"name":"Home","item":"https:\/\/thehometownlawyers.com\/es\/"},{"@type":"ListItem","position":2,"name":"Abogado de Lesiones Personales en Preble County","item":"https:\/\/thehometownlawyers.com\/es\/abogados-de-lesiones-personales-en-el-condado-de-preble-ohio\/"},{"@type":"ListItem","position":3,"name":"Abogado de Accidente de Semi en Preble County"}]},{"@type":"WebSite","@id":"https:\/\/thehometownlawyers.com\/es\/#website","url":"https:\/\/thehometownlawyers.com\/es\/","name":"Kruger & Hodges Hometown Injury Lawyers | Accident Attorneys","description":"Attorneys for Car, Truck and Motorcycle Accidents, Personal Injuries, and Criminal Defense.","publisher":{"@id":"https:\/\/thehometownlawyers.com\/es\/#organization"},"alternateName":"Kruger & Hodges Personal Injury Lawyers","inLanguage":"es"},{"@type":"Organization","@id":"https:\/\/thehometownlawyers.com\/es\/#organization","name":"Kruger & Hodges Hometown Injury Lawyers","alternateName":"Kruger & Hodges","url":"https:\/\/thehometownlawyers.com\/es\/","logo":{"@type":"ImageObject","inLanguage":"es","@id":"https:\/\/thehometownlawyers.com\/es\/#\/schema\/logo\/image\/","url":"https:\/\/thehometownlawyers.com\/wp-content\/uploads\/2025\/12\/revised-kh-logo-vertical-white-background-scaled.png","contentUrl":"https:\/\/thehometownlawyers.com\/wp-content\/uploads\/2025\/12\/revised-kh-logo-vertical-white-background-scaled.png","width":2560,"height":1440,"caption":"Kruger & Hodges Hometown Injury Lawyers"},"image":{"@id":"https:\/\/thehometownlawyers.com\/es\/#\/schema\/logo\/image\/"},"sameAs":["https:\/\/www.facebook.com\/KrugerHodges\/","https:\/\/www.instagram.com\/krugerhodges\/","https:\/\/www.linkedin.com\/company\/kruger-hodges-hometown-injury-lawyers\/","https:\/\/www.youtube.com\/channel\/UCeYcMaMaN2rb9jMlqt4EIdQ","https:\/\/www.tiktok.com\/@thehometownlawyer"]}]}},"_links":{"self":[{"href":"https:\/\/thehometownlawyers.com\/es\/wp-json\/wp\/v2\/pages\/21204","targetHints":{"allow":["GET"]}}],"collection":[{"href":"https:\/\/thehometownlawyers.com\/es\/wp-json\/wp\/v2\/pages"}],"about":[{"href":"https:\/\/thehometownlawyers.com\/es\/wp-json\/wp\/v2\/types\/page"}],"author":[{"embeddable":true,"href":"https:\/\/thehometownlawyers.com\/es\/wp-json\/wp\/v2\/users\/7"}],"replies":[{"embeddable":true,"href":"https:\/\/thehometownlawyers.com\/es\/wp-json\/wp\/v2\/comments?post=21204"}],"version-history":[{"count":0,"href":"https:\/\/thehometownlawyers.com\/es\/wp-json\/wp\/v2\/pages\/21204\/revisions"}],"up":[{"embeddable":true,"href":"https:\/\/thehometownlawyers.com\/es\/wp-json\/wp\/v2\/pages\/21196"}],"wp:featuredmedia":[{"embeddable":true,"href":"https:\/\/thehometownlawyers.com\/es\/wp-json\/wp\/v2\/media\/20745"}],"wp:attachment":[{"href":"https:\/\/thehometownlawyers.com\/es\/wp-json\/wp\/v2\/media?parent=21204"}],"wp:term":[{"taxonomy":"hc_faqs","embeddable":true,"href":"https:\/\/thehometownlawyers.com\/es\/wp-json\/wp\/v2\/hc_faqs?post=21204"},{"taxonomy":"hc_spanish_faqs","embeddable":true,"href":"https:\/\/thehometownlawyers.com\/es\/wp-json\/wp\/v2\/hc_spanish_faqs?post=21204"}],"curies":[{"name":"wp","href":"https:\/\/api.w.org\/{rel}","templated":true}]}}