{"id":21205,"date":"2021-05-15T21:03:09","date_gmt":"2021-05-16T01:03:09","guid":{"rendered":"https:\/\/thehometownlawyers.com\/?page_id=21205"},"modified":"2025-04-02T14:18:04","modified_gmt":"2025-04-02T18:18:04","slug":"abogado-de-lesiones-personales-que-presta-servicios-en-greenville-ohio","status":"publish","type":"page","link":"https:\/\/thehometownlawyers.com\/es\/abogado-de-lesiones-personales-que-presta-servicios-en-greenville-ohio\/","title":{"rendered":"Abogado de Lesiones Personales en Greenville"},"content":{"rendered":"<h2>Abogados de Lesiones Personales de Greenville, Ohio<\/h2>\n<p>Las demandas y demandas por lesiones personales pueden incluir una variedad de diferentes tipos de lesiones, pero cuando se trata de la causa, estos casos suelen ser causados por la negligencia de otra parte. Sufrir una lesi\u00f3n personal puede cambiar su vida. Como v\u00edctima, es probable que est\u00e9 lidiando con facturas m\u00e9dicas escandalosas, teniendo que ausentarse del trabajo para recuperarse, posiblemente perdiendo un trabajo y dolor y sufrimiento f\u00edsico y emocional. Estas cosas pueden tener un impacto duradero en su vida como un todo.<\/p>\n<p class=\"rs-content-cta rs-content-cta-small\">Para una consulta legal gratuita, llame al <a href=\"tel:+15138943333\">513-894-3333 <\/a><\/p><h2>Tipos comunes de casos de lesiones personales<\/h2>\n<p>Las lesiones personales pueden ser causadas por una variedad de factores, pero hay algunos tipos de accidentes e incidentes que son m\u00e1s comunes en Ohio.<\/p>\n<ul>\n<li><strong>Accidentes de coche .<\/strong> Por supuesto, los accidentes automovil\u00edsticos son una de las principales causas de casos de lesiones personales. En 2020, se investigaron m\u00e1s de <a href=\"https:\/\/statepatrol.ohio.gov\/statistics\/default.asp#gsc.tab=0\" target=\"_blank\" rel=\"noopener\">10\u00a0000 accidentes automovil\u00edsticos<\/a> solo en Ohio. Las demandas por lesiones personales por accidentes automovil\u00edsticos pueden incluir choques que involucran a dos o m\u00e1s veh\u00edculos, o cuando un veh\u00edculo golpea a un peat\u00f3n oa un ciclista.<\/li>\n<li><strong>Accidentes de navegaci\u00f3n.<\/strong> Durante el verano, a los habitantes de Ohio nos encanta salir en nuestros botes, y las reclamaciones por accidentes de navegaci\u00f3n ocurren con m\u00e1s frecuencia de lo que la mayor\u00eda pensar\u00eda. Los accidentes de navegaci\u00f3n pueden ser causados por un error del operador o por navegar bajo la influencia.<\/li>\n<li><strong>Mordeduras de perro .<\/strong> Las mordeduras de perros son otro tipo de incidente de lesiones personales que lamentablemente ocurre con frecuencia. Si bien el perro nunca tiene la culpa en el caso de una mordedura de perro, el due\u00f1o o quien sea responsable del perro en ese momento puede ser responsable de los da\u00f1os y perjuicios.<\/li>\n<li><strong>Accidentes de motocicleta .<\/strong> Los accidentes de motocicleta son otro tipo de accidente de veh\u00edculo com\u00fan y mortal en Ohio. Cuando los <a href=\"https:\/\/www.nhtsa.gov\/road-safety\/motorcycles\" target=\"_blank\" rel=\"noopener\">accidentes de motocicleta<\/a> ocurren debido a la negligencia de un conductor, la falta de protecci\u00f3n que ofrece una motocicleta a menudo puede provocar lesiones graves y la muerte del motociclista.<\/li>\n<li><strong><a href=\"https:\/\/thehometownlawyers.com\/es\/\">Accidentes de camiones<\/a> .<\/strong> Otro tipo de accidente automovil\u00edstico que a menudo causa demandas por lesiones personales son los accidentes que involucran un semirremolque y un veh\u00edculo m\u00e1s peque\u00f1o. Estos tipos de reclamos pueden complicarse, ya que los conductores de semirremolques a menudo trabajan para una empresa y esa empresa estar\u00e1 involucrada en el reclamo. Los accidentes de semirremolques tambi\u00e9n pueden ser particularmente graves y mortales, especialmente si el conductor del semirremolque no estaba prestando atenci\u00f3n o <a href=\"https:\/\/www.fmcsa.dot.gov\/safety\/data-and-statistics\/large-truck-and-bus-crash-facts\" target=\"_blank\" rel=\"noopener\">conduc\u00eda de manera imprudente<\/a> .<\/li>\n<li><strong>Accidentes en el sitio.<\/strong> Un tipo de reclamo de responsabilidad con el que muchos no est\u00e1n familiarizados es el reclamo de responsabilidad de locales. Este es un reclamo que ocurre cuando ocurre una lesi\u00f3n personal en la propiedad de otra persona. Este tipo de reclamo podr\u00eda incluir accidentes por resbalones y ca\u00eddas, accidentes por tropezones o mordeduras de perros, entre otros problemas.<\/li>\n<li><strong>Negligencia m\u00e9dica.<\/strong> <a href=\"https:\/\/pmc.ncbi.nlm.nih.gov\/articles\/PMC2628513\/\" target=\"_blank\" rel=\"noopener\">Los reclamos por negligencia m\u00e9dica<\/a> ocurren cuando un paciente se lesiona mientras est\u00e1 bajo el cuidado de un m\u00e9dico, y el m\u00e9dico actu\u00f3 de manera negligente para causar esa lesi\u00f3n. Los reclamos por negligencia m\u00e9dica son comunes, pero pueden ser otro reclamo que es dif\u00edcil de navegar debido a la cantidad de investigaci\u00f3n involucrada. Debe probarse que el m\u00e9dico actu\u00f3 sin un grado razonable de cuidado, competencia y habilidad.<\/li>\n<\/ul>\n<h2>Los tipos de lesiones personales<\/h2>\n<p>Los diversos tipos de lesiones en las que se puede incurrir por cualquiera de estos accidentes son muchos. Las lesiones tambi\u00e9n pueden variar desde lesiones menores que no ponen en peligro la vida hasta lesiones personales graves que pueden afectar gravemente a la persona lesionada por el resto de su vida. En muchos casos, estas lesiones pueden incluso provocar la muerte de la persona involucrada.<\/p>\n<p>Por ejemplo, las <a href=\"https:\/\/thehometownlawyers.com\/es\/\" rel=\"noopener\">lesiones cerebrales traum\u00e1ticas<\/a> y de la m\u00e9dula espinal pueden ocurrir f\u00e1cilmente en accidentes automovil\u00edsticos y de motocicletas, a veces lo suficientemente graves como para causar par\u00e1lisis o da\u00f1o cerebral permanente. Los huesos rotos y las lesiones o distensiones musculares pueden ocurrir en cualquier tipo de accidente y pueden variar en gravedad. Los ligamentos o tendones desgarrados pueden estar involucrados. El latigazo cervical u otros tipos de lesiones en el cuello a menudo est\u00e1n presentes cuando una persona ha tenido un accidente automovil\u00edstico. Las cicatrices, la desfiguraci\u00f3n y las lesiones superficiales en la piel tambi\u00e9n son comunes en muchos accidentes.<\/p>\n<p class=\"rs-content-cta rs-content-cta-small\"><a href=\"\/es\/contacto\/\">Haga clic para contactar<\/a> con nuestros lesiones personales abogados hoy<\/p><h2>\u00bfHa sufrido una lesi\u00f3n personal en Greenville?<\/h2>\n<p>Si ha sufrido una lesi\u00f3n personal en el \u00e1rea de Greenville, Ohio, no sufra en silencio y espere que las cosas se resuelvan solas. En cambio, es importante contar con un abogado de lesiones personales de confianza de su lado, para ayudar a garantizar que reciba una compensaci\u00f3n total por todas sus p\u00e9rdidas. Si usted o un ser querido ha sufrido lesiones personales, entonces nuestro equipo de abogados de lesiones personales es lo que necesita para asegurarse de que todas las bases est\u00e9n cubiertas para usted. En <a href=\"https:\/\/thehometownlawyers.com\/es\/contacto\/\">Kruger &amp; Hodges<\/a> , nuestros abogados de lesiones personales pueden ayudarlo. Para programar una evaluaci\u00f3n de caso gratuita y sin riesgos, no dude en comunicarse con nosotros hoy.<\/p>\n<p class=\"rs-content-cta rs-content-cta-small\">Llame o env\u00ede un mensaje de texto al <a href=\"tel:+15138943333\">513-894-3333<\/a> o complete una <a href=\"\/es\/contacto\/\">evaluaci\u00f3n gratuita de su caso<\/a><\/p>","protected":false},"excerpt":{"rendered":"<p>Abogados de Lesiones Personales de Greenville, Ohio Las demandas y demandas por lesiones personales pueden incluir una variedad de diferentes tipos de lesiones, pero cuando se trata de la causa, estos casos suelen ser causados por la negligencia de otra parte. Sufrir una lesi\u00f3n personal puede cambiar su vida. Como v\u00edctima, es probable que est\u00e9 &#8230;<\/p>\n","protected":false},"author":7,"featured_media":20730,"parent":0,"menu_order":0,"comment_status":"closed","ping_status":"closed","template":"","meta":{"_acf_changed":false,"inline_featured_image":false,"_genesis_hide_title":false,"_genesis_hide_breadcrumbs":false,"_genesis_hide_singular_image":false,"_genesis_hide_footer_widgets":false,"_genesis_custom_body_class":"","_genesis_custom_post_class":"","_genesis_layout":"","footnotes":""},"hc_faqs":[],"hc_spanish_faqs":[],"class_list":{"0":"post-21205","1":"page","2":"type-page","3":"status-publish","4":"has-post-thumbnail","6":"entry"},"acf":[],"yoast_head":"<!-- This site is optimized with the Yoast SEO plugin v27.3 - https:\/\/yoast.com\/product\/yoast-seo-wordpress\/ -->\n<title>Abogado de Lesiones Personales en Greenville, Ohio: Consulta gratuita<\/title>\n<meta name=\"description\" content=\"Abogado de lesiones personales en Greenville, Ohio. Obtenga la compensaci\u00f3n que merece con Kruger &amp; Hodges. \u00a1Consulta gratis!\" \/>\n<meta name=\"robots\" content=\"index, follow, max-snippet:-1, max-image-preview:large, max-video-preview:-1\" \/>\n<link rel=\"canonical\" href=\"https:\/\/thehometownlawyers.com\/es\/abogado-de-lesiones-personales-que-presta-servicios-en-greenville-ohio\/\" \/>\n<meta property=\"og:locale\" content=\"es_MX\" \/>\n<meta property=\"og:type\" content=\"article\" \/>\n<meta property=\"og:title\" content=\"Abogado de Lesiones Personales en Greenville, Ohio: Consulta gratuita\" \/>\n<meta property=\"og:description\" content=\"Abogado de lesiones personales en Greenville, Ohio. Obtenga la compensaci\u00f3n que merece con Kruger &amp; Hodges. \u00a1Consulta gratis!\" \/>\n<meta property=\"og:url\" content=\"https:\/\/thehometownlawyers.com\/es\/abogado-de-lesiones-personales-que-presta-servicios-en-greenville-ohio\/\" \/>\n<meta property=\"og:site_name\" content=\"Kruger &amp; Hodges Abogados De Lesiones\" \/>\n<meta property=\"article:publisher\" content=\"https:\/\/www.facebook.com\/KrugerHodges\/\" \/>\n<meta property=\"article:modified_time\" content=\"2025-04-02T18:18:04+00:00\" \/>\n<meta property=\"og:image\" content=\"https:\/\/thehometownlawyers.com\/wp-content\/uploads\/2019\/01\/Leg-Injury-Photo.jpeg\" \/>\n\t<meta property=\"og:image:width\" content=\"640\" \/>\n\t<meta property=\"og:image:height\" content=\"426\" \/>\n\t<meta property=\"og:image:type\" content=\"image\/jpeg\" \/>\n<meta name=\"twitter:card\" content=\"summary_large_image\" \/>\n<meta name=\"twitter:label1\" content=\"Tiempo de lectura\" \/>\n\t<meta name=\"twitter:data1\" content=\"4 minutos\" \/>\n<script type=\"application\/ld+json\" class=\"yoast-schema-graph\">{\"@context\":\"https:\\\/\\\/schema.org\",\"@graph\":[{\"@type\":\"WebPage\",\"@id\":\"https:\\\/\\\/thehometownlawyers.com\\\/es\\\/abogado-de-lesiones-personales-que-presta-servicios-en-greenville-ohio\\\/\",\"url\":\"https:\\\/\\\/thehometownlawyers.com\\\/es\\\/abogado-de-lesiones-personales-que-presta-servicios-en-greenville-ohio\\\/\",\"name\":\"Abogado de Lesiones Personales en Greenville, Ohio: Consulta gratuita\",\"isPartOf\":{\"@id\":\"https:\\\/\\\/thehometownlawyers.com\\\/es\\\/#website\"},\"primaryImageOfPage\":{\"@id\":\"https:\\\/\\\/thehometownlawyers.com\\\/es\\\/abogado-de-lesiones-personales-que-presta-servicios-en-greenville-ohio\\\/#primaryimage\"},\"image\":{\"@id\":\"https:\\\/\\\/thehometownlawyers.com\\\/es\\\/abogado-de-lesiones-personales-que-presta-servicios-en-greenville-ohio\\\/#primaryimage\"},\"thumbnailUrl\":\"https:\\\/\\\/thehometownlawyers.com\\\/wp-content\\\/uploads\\\/2019\\\/01\\\/Leg-Injury-Photo.jpeg\",\"datePublished\":\"2021-05-16T01:03:09+00:00\",\"dateModified\":\"2025-04-02T18:18:04+00:00\",\"description\":\"Abogado de lesiones personales en Greenville, Ohio. Obtenga la compensaci\u00f3n que merece con Kruger & Hodges. \u00a1Consulta gratis!\",\"breadcrumb\":{\"@id\":\"https:\\\/\\\/thehometownlawyers.com\\\/es\\\/abogado-de-lesiones-personales-que-presta-servicios-en-greenville-ohio\\\/#breadcrumb\"},\"inLanguage\":\"es\",\"potentialAction\":[{\"@type\":\"ReadAction\",\"target\":[\"https:\\\/\\\/thehometownlawyers.com\\\/es\\\/abogado-de-lesiones-personales-que-presta-servicios-en-greenville-ohio\\\/\"]}]},{\"@type\":\"ImageObject\",\"inLanguage\":\"es\",\"@id\":\"https:\\\/\\\/thehometownlawyers.com\\\/es\\\/abogado-de-lesiones-personales-que-presta-servicios-en-greenville-ohio\\\/#primaryimage\",\"url\":\"https:\\\/\\\/thehometownlawyers.com\\\/wp-content\\\/uploads\\\/2019\\\/01\\\/Leg-Injury-Photo.jpeg\",\"contentUrl\":\"https:\\\/\\\/thehometownlawyers.com\\\/wp-content\\\/uploads\\\/2019\\\/01\\\/Leg-Injury-Photo.jpeg\",\"width\":640,\"height\":426,\"caption\":\"Abogado de lesiones personales Condado de Darke, Ohio\"},{\"@type\":\"BreadcrumbList\",\"@id\":\"https:\\\/\\\/thehometownlawyers.com\\\/es\\\/abogado-de-lesiones-personales-que-presta-servicios-en-greenville-ohio\\\/#breadcrumb\",\"itemListElement\":[{\"@type\":\"ListItem\",\"position\":1,\"name\":\"Home\",\"item\":\"https:\\\/\\\/thehometownlawyers.com\\\/es\\\/\"},{\"@type\":\"ListItem\",\"position\":2,\"name\":\"Abogado de Lesiones Personales en Greenville\"}]},{\"@type\":\"WebSite\",\"@id\":\"https:\\\/\\\/thehometownlawyers.com\\\/es\\\/#website\",\"url\":\"https:\\\/\\\/thehometownlawyers.com\\\/es\\\/\",\"name\":\"Kruger & Hodges Hometown Injury Lawyers | Accident Attorneys\",\"description\":\"Attorneys for Car, Truck and Motorcycle Accidents, Personal Injuries, and Criminal Defense.\",\"publisher\":{\"@id\":\"https:\\\/\\\/thehometownlawyers.com\\\/es\\\/#organization\"},\"alternateName\":\"Kruger & Hodges Personal Injury Lawyers\",\"inLanguage\":\"es\"},{\"@type\":\"Organization\",\"@id\":\"https:\\\/\\\/thehometownlawyers.com\\\/es\\\/#organization\",\"name\":\"Kruger & Hodges Hometown Injury Lawyers\",\"alternateName\":\"Kruger & Hodges Accident Attorneys\",\"url\":\"https:\\\/\\\/thehometownlawyers.com\\\/es\\\/\",\"logo\":{\"@type\":\"ImageObject\",\"inLanguage\":\"es\",\"@id\":\"https:\\\/\\\/thehometownlawyers.com\\\/es\\\/#\\\/schema\\\/logo\\\/image\\\/\",\"url\":\"https:\\\/\\\/thehometownlawyers.com\\\/wp-content\\\/uploads\\\/2025\\\/12\\\/revised-kh-logo-vertical-white-background-scaled.png\",\"contentUrl\":\"https:\\\/\\\/thehometownlawyers.com\\\/wp-content\\\/uploads\\\/2025\\\/12\\\/revised-kh-logo-vertical-white-background-scaled.png\",\"width\":2560,\"height\":1440,\"caption\":\"Kruger & Hodges Hometown Injury Lawyers\"},\"image\":{\"@id\":\"https:\\\/\\\/thehometownlawyers.com\\\/es\\\/#\\\/schema\\\/logo\\\/image\\\/\"},\"sameAs\":[\"https:\\\/\\\/www.facebook.com\\\/KrugerHodges\\\/\",\"https:\\\/\\\/www.instagram.com\\\/krugerhodges\\\/\",\"https:\\\/\\\/www.linkedin.com\\\/company\\\/kruger-hodges-hometown-injury-lawyers\\\/\",\"https:\\\/\\\/www.youtube.com\\\/channel\\\/UCeYcMaMaN2rb9jMlqt4EIdQ\",\"https:\\\/\\\/www.tiktok.com\\\/@thehometownlawyer\"]}]}<\/script>\n<!-- \/ Yoast SEO plugin. -->","yoast_head_json":{"title":"Abogado de Lesiones Personales en Greenville, Ohio: Consulta gratuita","description":"Abogado de lesiones personales en Greenville, Ohio. Obtenga la compensaci\u00f3n que merece con Kruger & Hodges. \u00a1Consulta gratis!","robots":{"index":"index","follow":"follow","max-snippet":"max-snippet:-1","max-image-preview":"max-image-preview:large","max-video-preview":"max-video-preview:-1"},"canonical":"https:\/\/thehometownlawyers.com\/es\/abogado-de-lesiones-personales-que-presta-servicios-en-greenville-ohio\/","og_locale":"es_MX","og_type":"article","og_title":"Abogado de Lesiones Personales en Greenville, Ohio: Consulta gratuita","og_description":"Abogado de lesiones personales en Greenville, Ohio. Obtenga la compensaci\u00f3n que merece con Kruger & Hodges. \u00a1Consulta gratis!","og_url":"https:\/\/thehometownlawyers.com\/es\/abogado-de-lesiones-personales-que-presta-servicios-en-greenville-ohio\/","og_site_name":"Kruger &amp; Hodges Abogados De Lesiones","article_publisher":"https:\/\/www.facebook.com\/KrugerHodges\/","article_modified_time":"2025-04-02T18:18:04+00:00","og_image":[{"width":640,"height":426,"url":"https:\/\/thehometownlawyers.com\/wp-content\/uploads\/2019\/01\/Leg-Injury-Photo.jpeg","type":"image\/jpeg"}],"twitter_card":"summary_large_image","twitter_misc":{"Tiempo de lectura":"4 minutos"},"schema":{"@context":"https:\/\/schema.org","@graph":[{"@type":"WebPage","@id":"https:\/\/thehometownlawyers.com\/es\/abogado-de-lesiones-personales-que-presta-servicios-en-greenville-ohio\/","url":"https:\/\/thehometownlawyers.com\/es\/abogado-de-lesiones-personales-que-presta-servicios-en-greenville-ohio\/","name":"Abogado de Lesiones Personales en Greenville, Ohio: Consulta gratuita","isPartOf":{"@id":"https:\/\/thehometownlawyers.com\/es\/#website"},"primaryImageOfPage":{"@id":"https:\/\/thehometownlawyers.com\/es\/abogado-de-lesiones-personales-que-presta-servicios-en-greenville-ohio\/#primaryimage"},"image":{"@id":"https:\/\/thehometownlawyers.com\/es\/abogado-de-lesiones-personales-que-presta-servicios-en-greenville-ohio\/#primaryimage"},"thumbnailUrl":"https:\/\/thehometownlawyers.com\/wp-content\/uploads\/2019\/01\/Leg-Injury-Photo.jpeg","datePublished":"2021-05-16T01:03:09+00:00","dateModified":"2025-04-02T18:18:04+00:00","description":"Abogado de lesiones personales en Greenville, Ohio. Obtenga la compensaci\u00f3n que merece con Kruger & Hodges. \u00a1Consulta gratis!","breadcrumb":{"@id":"https:\/\/thehometownlawyers.com\/es\/abogado-de-lesiones-personales-que-presta-servicios-en-greenville-ohio\/#breadcrumb"},"inLanguage":"es","potentialAction":[{"@type":"ReadAction","target":["https:\/\/thehometownlawyers.com\/es\/abogado-de-lesiones-personales-que-presta-servicios-en-greenville-ohio\/"]}]},{"@type":"ImageObject","inLanguage":"es","@id":"https:\/\/thehometownlawyers.com\/es\/abogado-de-lesiones-personales-que-presta-servicios-en-greenville-ohio\/#primaryimage","url":"https:\/\/thehometownlawyers.com\/wp-content\/uploads\/2019\/01\/Leg-Injury-Photo.jpeg","contentUrl":"https:\/\/thehometownlawyers.com\/wp-content\/uploads\/2019\/01\/Leg-Injury-Photo.jpeg","width":640,"height":426,"caption":"Abogado de lesiones personales Condado de Darke, Ohio"},{"@type":"BreadcrumbList","@id":"https:\/\/thehometownlawyers.com\/es\/abogado-de-lesiones-personales-que-presta-servicios-en-greenville-ohio\/#breadcrumb","itemListElement":[{"@type":"ListItem","position":1,"name":"Home","item":"https:\/\/thehometownlawyers.com\/es\/"},{"@type":"ListItem","position":2,"name":"Abogado de Lesiones Personales en Greenville"}]},{"@type":"WebSite","@id":"https:\/\/thehometownlawyers.com\/es\/#website","url":"https:\/\/thehometownlawyers.com\/es\/","name":"Kruger & Hodges Hometown Injury Lawyers | Accident Attorneys","description":"Attorneys for Car, Truck and Motorcycle Accidents, Personal Injuries, and Criminal Defense.","publisher":{"@id":"https:\/\/thehometownlawyers.com\/es\/#organization"},"alternateName":"Kruger & Hodges Personal Injury Lawyers","inLanguage":"es"},{"@type":"Organization","@id":"https:\/\/thehometownlawyers.com\/es\/#organization","name":"Kruger & Hodges Hometown Injury Lawyers","alternateName":"Kruger & Hodges Accident Attorneys","url":"https:\/\/thehometownlawyers.com\/es\/","logo":{"@type":"ImageObject","inLanguage":"es","@id":"https:\/\/thehometownlawyers.com\/es\/#\/schema\/logo\/image\/","url":"https:\/\/thehometownlawyers.com\/wp-content\/uploads\/2025\/12\/revised-kh-logo-vertical-white-background-scaled.png","contentUrl":"https:\/\/thehometownlawyers.com\/wp-content\/uploads\/2025\/12\/revised-kh-logo-vertical-white-background-scaled.png","width":2560,"height":1440,"caption":"Kruger & Hodges Hometown Injury Lawyers"},"image":{"@id":"https:\/\/thehometownlawyers.com\/es\/#\/schema\/logo\/image\/"},"sameAs":["https:\/\/www.facebook.com\/KrugerHodges\/","https:\/\/www.instagram.com\/krugerhodges\/","https:\/\/www.linkedin.com\/company\/kruger-hodges-hometown-injury-lawyers\/","https:\/\/www.youtube.com\/channel\/UCeYcMaMaN2rb9jMlqt4EIdQ","https:\/\/www.tiktok.com\/@thehometownlawyer"]}]}},"_links":{"self":[{"href":"https:\/\/thehometownlawyers.com\/es\/wp-json\/wp\/v2\/pages\/21205","targetHints":{"allow":["GET"]}}],"collection":[{"href":"https:\/\/thehometownlawyers.com\/es\/wp-json\/wp\/v2\/pages"}],"about":[{"href":"https:\/\/thehometownlawyers.com\/es\/wp-json\/wp\/v2\/types\/page"}],"author":[{"embeddable":true,"href":"https:\/\/thehometownlawyers.com\/es\/wp-json\/wp\/v2\/users\/7"}],"replies":[{"embeddable":true,"href":"https:\/\/thehometownlawyers.com\/es\/wp-json\/wp\/v2\/comments?post=21205"}],"version-history":[{"count":0,"href":"https:\/\/thehometownlawyers.com\/es\/wp-json\/wp\/v2\/pages\/21205\/revisions"}],"wp:featuredmedia":[{"embeddable":true,"href":"https:\/\/thehometownlawyers.com\/es\/wp-json\/wp\/v2\/media\/20730"}],"wp:attachment":[{"href":"https:\/\/thehometownlawyers.com\/es\/wp-json\/wp\/v2\/media?parent=21205"}],"wp:term":[{"taxonomy":"hc_faqs","embeddable":true,"href":"https:\/\/thehometownlawyers.com\/es\/wp-json\/wp\/v2\/hc_faqs?post=21205"},{"taxonomy":"hc_spanish_faqs","embeddable":true,"href":"https:\/\/thehometownlawyers.com\/es\/wp-json\/wp\/v2\/hc_spanish_faqs?post=21205"}],"curies":[{"name":"wp","href":"https:\/\/api.w.org\/{rel}","templated":true}]}}