{"id":21207,"date":"2021-05-15T20:58:36","date_gmt":"2021-05-16T00:58:36","guid":{"rendered":"https:\/\/thehometownlawyers.com\/?page_id=21207"},"modified":"2025-02-03T14:25:49","modified_gmt":"2025-02-03T19:25:49","slug":"abogado-de-accidentes-de-motocicleta-que-presta-servicios-en-greenville-ohio","status":"publish","type":"page","link":"https:\/\/thehometownlawyers.com\/es\/abogados-de-lesiones-personales-de-brookville-ohio\/abogado-de-accidentes-de-motocicleta-que-presta-servicios-en-greenville-ohio\/","title":{"rendered":"Abogado de accidentes de motocicleta que presta servicios en Greenville, Ohio"},"content":{"rendered":"<h2>Abogados de accidentes de motocicleta en Greenville, Ohio<\/h2>\n<p>Ohio parece ser popular entre los motociclistas, con un total de <a href=\"https:\/\/www.iihs.org\/api\/datastoredocument\/bibliography\/2181\" target=\"_blank\" rel=\"noopener\">388,108 motocicletas registradas<\/a> en nuestro hermoso estado. Sin embargo, la cantidad de accidentes de motocicleta que ocurren en nuestro estado tambi\u00e9n ha ido en aumento, con m\u00e1s de mil colisiones reportadas por la <a href=\"https:\/\/statepatrol.ohio.gov\/\" target=\"_blank\" rel=\"noopener\">Patrulla de Caminos del Estado de Ohio<\/a> cada a\u00f1o. De esos, <a href=\"https:\/\/statepatrol.ohio.gov\/statistics\/statspage3.asp\" target=\"_blank\" rel=\"noopener\">160 muertes de motociclistas<\/a> ocurrieron solo en 2019.<\/p>\n<p>Aunque andar en bicicleta puede ser una alegr\u00eda para todos los ciclistas, los accidentes parecen casi inevitables si nos guiamos por las estad\u00edsticas. Teniendo en cuenta la composici\u00f3n estructural de las motocicletas, ciertamente dejan a sus conductores m\u00e1s vulnerables a los accidentes de tr\u00e1fico que los ocupantes de los veh\u00edculos de pasajeros. Cuando conduzca una motocicleta, cu\u00eddese al m\u00e1ximo mientras est\u00e1 en la carretera y est\u00e9 preparado para enfrentar lo peor, para que no tenga un accidente.<\/p>\n<p class=\"rs-content-cta rs-content-cta-small\">Para una consulta legal gratuita, llame al <a href=\"tel:+15138943333\">513-894-3333 <\/a><\/p><h2>Tipos de accidentes de motocicleta<\/h2>\n<p>Las carreteras son impredecibles, al igual que los accidentes que ocurren en ellas. Sin embargo, hay varios tipos de accidentes de motocicleta que son bastante m\u00e1s comunes que otros. \u00c9stas incluyen:<\/p>\n<ul>\n<li>Colisiones frontales, donde la motocicleta choca directamente con un veh\u00edculo m\u00e1s grande. Estos accidentes suelen ser fatales para el conductor, pero los pasajeros del veh\u00edculo pueden salir adelante con lesiones mayores o incluso menores.<\/li>\n<li>Colisiones con objetos estacionarios, como veh\u00edculos estacionados junto a la carretera o construcciones construidas cerca de la carretera. En la mayor\u00eda de estos accidentes, el ciclista solo sufre lesiones leves a menos que el objeto estacionario sea de gran tama\u00f1o.<\/li>\n<li>Conducci\u00f3n en estado de embriaguez, cuando el accidente se produce por inestabilidad del conductor <a href=\"https:\/\/www.bmv.ohio.gov\/susp-ad-first-offense.aspx\" target=\"_blank\" rel=\"noopener\">bajo los efectos<\/a> del alcohol. Si bien el impacto del accidente puede diferir de un caso a otro, obtener una compensaci\u00f3n monetaria por estos accidentes es dif\u00edcil ya que el ciclista tiene la culpa en gran medida. La mayor\u00eda de las veces, el ciclista tendr\u00e1 que terminar compensando los da\u00f1os a la propiedad o incluso causando da\u00f1os f\u00edsicos a otros.<\/li>\n<li>Accidentes de giro a la izquierda, donde un motociclista es atropellado inesperadamente por un veh\u00edculo m\u00e1s grande mientras lo adelanta o lo adelanta. Los veh\u00edculos m\u00e1s grandes a veces no pueden notar las motocicletas m\u00e1s peque\u00f1as, lo que hace que estos accidentes sean bastante comunes.<\/li>\n<li>Lane Splitting, donde ocurre un accidente mientras un motociclista intenta <a href=\"https:\/\/dam.assets.ohio.gov\/image\/upload\/publicsafety.ohio.gov\/mop0001.pdf\" target=\"_blank\" rel=\"noopener\">pasar a trav\u00e9s de la distancia<\/a> entre dos veh\u00edculos m\u00e1s grandes y accidentalmente es atropellado. Estos accidentes a menudo ocurren cuando los ciclistas intentan desviarse bruscamente en carreteras muy transitadas.<\/li>\n<\/ul>\n<h2>\u00bfCu\u00e1les son los tipos comunes de lesiones?<\/h2>\n<p>Si tiene la suerte de no chocar con un veh\u00edculo m\u00e1s grande o un cuerpo estacionario, entonces podr\u00eda sufrir lesiones leves o graves en un accidente de motocicleta. Los tipos comunes de lesiones incluyen:<\/p>\n<ul>\n<li>Huesos rotos o fracturados<\/li>\n<li>quemaduras<\/li>\n<li>Fracturas faciales<\/li>\n<li>conmociones cerebrales<\/li>\n<li>Desfiguraci\u00f3n<\/li>\n<li>Heridas abiertas<\/li>\n<li>P\u00e9rdida de sangre y hemorragia interna.<\/li>\n<\/ul>\n<p>Estas lesiones pueden luego convertirse en casos graves que resultan en amputaciones, discapacidades y par\u00e1lisis. Adem\u00e1s de tener consecuencias f\u00edsicas, los accidentes tambi\u00e9n pueden resultar en traumas psicol\u00f3gicos y lesiones cerebrales traum\u00e1ticas (TBI) , que pueden dejar toda la vida de la v\u00edctima en ruinas.<\/p>\n<p class=\"rs-content-cta rs-content-cta-small\"><a href=\"\/es\/contacto\/\">Haga clic para contactar<\/a> con nuestros lesiones personales abogados hoy<\/p><h2>Recibir la compensaci\u00f3n que merece<\/h2>\n<p>En caso de un accidente de motocicleta en el que usted sufra lesiones importantes y no tenga la culpa activa de causar el accidente, se le designa para recibir una compensaci\u00f3n, ya sea del autor del accidente o de su compa\u00f1\u00eda de seguros, seg\u00fan el grado de gravedad de la lesi\u00f3n. tus heridas Sin embargo, en cualquier caso, la otra parte intentar\u00e1 salirse con la suya pag\u00e1ndole una cantidad min\u00fascula.<\/p>\n<p>Debe tener cuidado con tales intentos y permitir que su abogado maneje tales negociaciones extrajudiciales. Si es necesario, el asunto debe llegar a los tribunales para obtener la compensaci\u00f3n que merece.<\/p>\n<p class=\"rs-content-cta rs-content-cta-small\">Complete una <a href=\"\/es\/contacto\/\">evaluaci\u00f3n gratuita de su caso<\/a> ahora<\/p><h2>\u00bfQu\u00e9 debe hacer despu\u00e9s de tener un accidente de motocicleta en Greenville, Ohio?<\/h2>\n<p>Informar a las autoridades y hacer que un profesional de la salud trate sus lesiones son sus primeras responsabilidades si alguna vez tiene un accidente de motocicleta. Si ves la necesidad, siempre es buena idea <a href=\"https:\/\/thehometownlawyers.com\/es\/acerca-de-los-abogados-de-kruger-hodges\/\">contratar a un abogado<\/a> que te gu\u00ede y asesore desde las fases iniciales del caso para que no te quedes sin ning\u00fan paso.<\/p>\n<p>Si elige no contratar a un abogado desde el principio de su caso, aseg\u00farese de recopilar al menos suficiente evidencia documentada para su caso. Esto incluye im\u00e1genes de sus lesiones, as\u00ed como de la escena del accidente. Tambi\u00e9n re\u00fana suficiente informaci\u00f3n sobre los otros veh\u00edculos involucrados en el accidente, incluida su placa y n\u00famero de seguro, el nombre de su propietario y su marca y modelo.<\/p>\n<h2>\u00bfHa estado en un accidente de motocicleta en Greenville, Ohio?<\/h2>\n<p>Manejar una demanda por accidente sin la ayuda de un abogado de accidentes de motocicleta puede parecer extremadamente complejo e innecesariamente lento, especialmente debido a la naturaleza de las leyes que sigue Ohio. Si usted o alguien que conoce en Greenville, Ohio, ha tenido un accidente de motocicleta, aqu\u00ed en <a href=\"https:\/\/thehometownlawyers.com\/es\/contacto\/\">Kruger &amp; Hodges<\/a> estamos aqu\u00ed para ayudarlo. <a href=\"https:\/\/thehometownlawyers.com\/es\/contacto\/\">Comun\u00edquese<\/a> con nuestro equipo de abogados de lesiones personales para programar una consulta gratuita y sin riesgos con nosotros hoy. Llame al 937-733-6079.<\/p>\n<p class=\"rs-content-cta rs-content-cta-small\">Llame o env\u00ede un mensaje de texto al <a href=\"tel:+15138943333\">513-894-3333<\/a> o complete una <a href=\"\/es\/contacto\/\">evaluaci\u00f3n gratuita de su caso<\/a><\/p>","protected":false},"excerpt":{"rendered":"<p>Abogados de accidentes de motocicleta en Greenville, Ohio Ohio parece ser popular entre los motociclistas, con un total de 388,108 motocicletas registradas en nuestro hermoso estado. Sin embargo, la cantidad de accidentes de motocicleta que ocurren en nuestro estado tambi\u00e9n ha ido en aumento, con m\u00e1s de mil colisiones reportadas por la Patrulla de Caminos &#8230;<\/p>\n","protected":false},"author":7,"featured_media":20740,"parent":21141,"menu_order":0,"comment_status":"closed","ping_status":"closed","template":"","meta":{"_acf_changed":false,"inline_featured_image":false,"_genesis_hide_title":false,"_genesis_hide_breadcrumbs":false,"_genesis_hide_singular_image":false,"_genesis_hide_footer_widgets":false,"_genesis_custom_body_class":"","_genesis_custom_post_class":"","_genesis_layout":"","footnotes":""},"hc_faqs":[],"hc_spanish_faqs":[],"class_list":{"0":"post-21207","1":"page","2":"type-page","3":"status-publish","4":"has-post-thumbnail","6":"entry"},"acf":[],"yoast_head":"<!-- This site is optimized with the Yoast SEO plugin v27.4 - https:\/\/yoast.com\/product\/yoast-seo-wordpress\/ -->\n<title>Abogado de accidentes de motocicleta que presta servicios en Greenville, Ohio: Consulta gratuita<\/title>\n<meta name=\"description\" content=\"Abogados de accidentes de motocicleta en Greenville, Ohio Ohio parece ser popular entre los motociclistas, con un total de 388,108 motocicletas\" \/>\n<meta name=\"robots\" content=\"index, follow, max-snippet:-1, max-image-preview:large, max-video-preview:-1\" \/>\n<link rel=\"canonical\" href=\"https:\/\/thehometownlawyers.com\/es\/abogados-de-lesiones-personales-de-brookville-ohio\/abogado-de-accidentes-de-motocicleta-que-presta-servicios-en-greenville-ohio\/\" \/>\n<meta property=\"og:locale\" content=\"es_MX\" \/>\n<meta property=\"og:type\" content=\"article\" \/>\n<meta property=\"og:title\" content=\"Abogado de accidentes de motocicleta que presta servicios en Greenville, Ohio: Consulta gratuita\" \/>\n<meta property=\"og:description\" content=\"Abogados de accidentes de motocicleta en Greenville, Ohio Ohio parece ser popular entre los motociclistas, con un total de 388,108 motocicletas\" \/>\n<meta property=\"og:url\" content=\"https:\/\/thehometownlawyers.com\/es\/abogados-de-lesiones-personales-de-brookville-ohio\/abogado-de-accidentes-de-motocicleta-que-presta-servicios-en-greenville-ohio\/\" \/>\n<meta property=\"og:site_name\" content=\"Kruger &amp; Hodges Abogados De Lesiones\" \/>\n<meta property=\"article:publisher\" content=\"https:\/\/www.facebook.com\/KrugerHodges\/\" \/>\n<meta property=\"article:modified_time\" content=\"2025-02-03T19:25:49+00:00\" \/>\n<meta property=\"og:image\" content=\"https:\/\/thehometownlawyers.com\/wp-content\/uploads\/2020\/02\/iStock-912151500.jpg\" \/>\n\t<meta property=\"og:image:width\" content=\"2048\" \/>\n\t<meta property=\"og:image:height\" content=\"1365\" \/>\n\t<meta property=\"og:image:type\" content=\"image\/jpeg\" \/>\n<meta name=\"twitter:card\" content=\"summary_large_image\" \/>\n<meta name=\"twitter:label1\" content=\"Tiempo de lectura\" \/>\n\t<meta name=\"twitter:data1\" content=\"4 minutos\" \/>\n<script type=\"application\/ld+json\" class=\"yoast-schema-graph\">{\"@context\":\"https:\\\/\\\/schema.org\",\"@graph\":[{\"@type\":\"WebPage\",\"@id\":\"https:\\\/\\\/thehometownlawyers.com\\\/es\\\/abogados-de-lesiones-personales-de-brookville-ohio\\\/abogado-de-accidentes-de-motocicleta-que-presta-servicios-en-greenville-ohio\\\/\",\"url\":\"https:\\\/\\\/thehometownlawyers.com\\\/es\\\/abogados-de-lesiones-personales-de-brookville-ohio\\\/abogado-de-accidentes-de-motocicleta-que-presta-servicios-en-greenville-ohio\\\/\",\"name\":\"Abogado de accidentes de motocicleta que presta servicios en Greenville, Ohio: Consulta gratuita\",\"isPartOf\":{\"@id\":\"https:\\\/\\\/thehometownlawyers.com\\\/es\\\/#website\"},\"primaryImageOfPage\":{\"@id\":\"https:\\\/\\\/thehometownlawyers.com\\\/es\\\/abogados-de-lesiones-personales-de-brookville-ohio\\\/abogado-de-accidentes-de-motocicleta-que-presta-servicios-en-greenville-ohio\\\/#primaryimage\"},\"image\":{\"@id\":\"https:\\\/\\\/thehometownlawyers.com\\\/es\\\/abogados-de-lesiones-personales-de-brookville-ohio\\\/abogado-de-accidentes-de-motocicleta-que-presta-servicios-en-greenville-ohio\\\/#primaryimage\"},\"thumbnailUrl\":\"https:\\\/\\\/thehometownlawyers.com\\\/wp-content\\\/uploads\\\/2020\\\/02\\\/iStock-912151500.jpg\",\"datePublished\":\"2021-05-16T00:58:36+00:00\",\"dateModified\":\"2025-02-03T19:25:49+00:00\",\"description\":\"Abogados de accidentes de motocicleta en Greenville, Ohio Ohio parece ser popular entre los motociclistas, con un total de 388,108 motocicletas\",\"breadcrumb\":{\"@id\":\"https:\\\/\\\/thehometownlawyers.com\\\/es\\\/abogados-de-lesiones-personales-de-brookville-ohio\\\/abogado-de-accidentes-de-motocicleta-que-presta-servicios-en-greenville-ohio\\\/#breadcrumb\"},\"inLanguage\":\"es\",\"potentialAction\":[{\"@type\":\"ReadAction\",\"target\":[\"https:\\\/\\\/thehometownlawyers.com\\\/es\\\/abogados-de-lesiones-personales-de-brookville-ohio\\\/abogado-de-accidentes-de-motocicleta-que-presta-servicios-en-greenville-ohio\\\/\"]}]},{\"@type\":\"ImageObject\",\"inLanguage\":\"es\",\"@id\":\"https:\\\/\\\/thehometownlawyers.com\\\/es\\\/abogados-de-lesiones-personales-de-brookville-ohio\\\/abogado-de-accidentes-de-motocicleta-que-presta-servicios-en-greenville-ohio\\\/#primaryimage\",\"url\":\"https:\\\/\\\/thehometownlawyers.com\\\/wp-content\\\/uploads\\\/2020\\\/02\\\/iStock-912151500.jpg\",\"contentUrl\":\"https:\\\/\\\/thehometownlawyers.com\\\/wp-content\\\/uploads\\\/2020\\\/02\\\/iStock-912151500.jpg\",\"width\":2048,\"height\":1365,\"caption\":\"Motocicleta y casco volcados en la calle tras colisi\u00f3n con el coche\"},{\"@type\":\"BreadcrumbList\",\"@id\":\"https:\\\/\\\/thehometownlawyers.com\\\/es\\\/abogados-de-lesiones-personales-de-brookville-ohio\\\/abogado-de-accidentes-de-motocicleta-que-presta-servicios-en-greenville-ohio\\\/#breadcrumb\",\"itemListElement\":[{\"@type\":\"ListItem\",\"position\":1,\"name\":\"Home\",\"item\":\"https:\\\/\\\/thehometownlawyers.com\\\/es\\\/\"},{\"@type\":\"ListItem\",\"position\":2,\"name\":\"Abogado de Lesiones Personales en Brookville\",\"item\":\"https:\\\/\\\/thehometownlawyers.com\\\/es\\\/abogados-de-lesiones-personales-de-brookville-ohio\\\/\"},{\"@type\":\"ListItem\",\"position\":3,\"name\":\"Abogado de accidentes de motocicleta que presta servicios en Greenville, Ohio\"}]},{\"@type\":\"WebSite\",\"@id\":\"https:\\\/\\\/thehometownlawyers.com\\\/es\\\/#website\",\"url\":\"https:\\\/\\\/thehometownlawyers.com\\\/es\\\/\",\"name\":\"Kruger & Hodges Hometown Injury Lawyers | Accident Attorneys\",\"description\":\"Attorneys for Car, Truck and Motorcycle Accidents, Personal Injuries, and Criminal Defense.\",\"publisher\":{\"@id\":\"https:\\\/\\\/thehometownlawyers.com\\\/es\\\/#organization\"},\"alternateName\":\"Kruger & Hodges Personal Injury Lawyers\",\"inLanguage\":\"es\"},{\"@type\":\"Organization\",\"@id\":\"https:\\\/\\\/thehometownlawyers.com\\\/es\\\/#organization\",\"name\":\"Kruger & Hodges Hometown Injury Lawyers\",\"alternateName\":\"Kruger & Hodges\",\"url\":\"https:\\\/\\\/thehometownlawyers.com\\\/es\\\/\",\"logo\":{\"@type\":\"ImageObject\",\"inLanguage\":\"es\",\"@id\":\"https:\\\/\\\/thehometownlawyers.com\\\/es\\\/#\\\/schema\\\/logo\\\/image\\\/\",\"url\":\"https:\\\/\\\/thehometownlawyers.com\\\/wp-content\\\/uploads\\\/2025\\\/12\\\/revised-kh-logo-vertical-white-background-scaled.png\",\"contentUrl\":\"https:\\\/\\\/thehometownlawyers.com\\\/wp-content\\\/uploads\\\/2025\\\/12\\\/revised-kh-logo-vertical-white-background-scaled.png\",\"width\":2560,\"height\":1440,\"caption\":\"Kruger & Hodges Hometown Injury Lawyers\"},\"image\":{\"@id\":\"https:\\\/\\\/thehometownlawyers.com\\\/es\\\/#\\\/schema\\\/logo\\\/image\\\/\"},\"sameAs\":[\"https:\\\/\\\/www.facebook.com\\\/KrugerHodges\\\/\",\"https:\\\/\\\/www.instagram.com\\\/krugerhodges\\\/\",\"https:\\\/\\\/www.linkedin.com\\\/company\\\/kruger-hodges-hometown-injury-lawyers\\\/\",\"https:\\\/\\\/www.youtube.com\\\/channel\\\/UCeYcMaMaN2rb9jMlqt4EIdQ\",\"https:\\\/\\\/www.tiktok.com\\\/@thehometownlawyer\"]}]}<\/script>\n<!-- \/ Yoast SEO plugin. -->","yoast_head_json":{"title":"Abogado de accidentes de motocicleta que presta servicios en Greenville, Ohio: Consulta gratuita","description":"Abogados de accidentes de motocicleta en Greenville, Ohio Ohio parece ser popular entre los motociclistas, con un total de 388,108 motocicletas","robots":{"index":"index","follow":"follow","max-snippet":"max-snippet:-1","max-image-preview":"max-image-preview:large","max-video-preview":"max-video-preview:-1"},"canonical":"https:\/\/thehometownlawyers.com\/es\/abogados-de-lesiones-personales-de-brookville-ohio\/abogado-de-accidentes-de-motocicleta-que-presta-servicios-en-greenville-ohio\/","og_locale":"es_MX","og_type":"article","og_title":"Abogado de accidentes de motocicleta que presta servicios en Greenville, Ohio: Consulta gratuita","og_description":"Abogados de accidentes de motocicleta en Greenville, Ohio Ohio parece ser popular entre los motociclistas, con un total de 388,108 motocicletas","og_url":"https:\/\/thehometownlawyers.com\/es\/abogados-de-lesiones-personales-de-brookville-ohio\/abogado-de-accidentes-de-motocicleta-que-presta-servicios-en-greenville-ohio\/","og_site_name":"Kruger &amp; Hodges Abogados De Lesiones","article_publisher":"https:\/\/www.facebook.com\/KrugerHodges\/","article_modified_time":"2025-02-03T19:25:49+00:00","og_image":[{"width":2048,"height":1365,"url":"https:\/\/thehometownlawyers.com\/wp-content\/uploads\/2020\/02\/iStock-912151500.jpg","type":"image\/jpeg"}],"twitter_card":"summary_large_image","twitter_misc":{"Tiempo de lectura":"4 minutos"},"schema":{"@context":"https:\/\/schema.org","@graph":[{"@type":"WebPage","@id":"https:\/\/thehometownlawyers.com\/es\/abogados-de-lesiones-personales-de-brookville-ohio\/abogado-de-accidentes-de-motocicleta-que-presta-servicios-en-greenville-ohio\/","url":"https:\/\/thehometownlawyers.com\/es\/abogados-de-lesiones-personales-de-brookville-ohio\/abogado-de-accidentes-de-motocicleta-que-presta-servicios-en-greenville-ohio\/","name":"Abogado de accidentes de motocicleta que presta servicios en Greenville, Ohio: Consulta gratuita","isPartOf":{"@id":"https:\/\/thehometownlawyers.com\/es\/#website"},"primaryImageOfPage":{"@id":"https:\/\/thehometownlawyers.com\/es\/abogados-de-lesiones-personales-de-brookville-ohio\/abogado-de-accidentes-de-motocicleta-que-presta-servicios-en-greenville-ohio\/#primaryimage"},"image":{"@id":"https:\/\/thehometownlawyers.com\/es\/abogados-de-lesiones-personales-de-brookville-ohio\/abogado-de-accidentes-de-motocicleta-que-presta-servicios-en-greenville-ohio\/#primaryimage"},"thumbnailUrl":"https:\/\/thehometownlawyers.com\/wp-content\/uploads\/2020\/02\/iStock-912151500.jpg","datePublished":"2021-05-16T00:58:36+00:00","dateModified":"2025-02-03T19:25:49+00:00","description":"Abogados de accidentes de motocicleta en Greenville, Ohio Ohio parece ser popular entre los motociclistas, con un total de 388,108 motocicletas","breadcrumb":{"@id":"https:\/\/thehometownlawyers.com\/es\/abogados-de-lesiones-personales-de-brookville-ohio\/abogado-de-accidentes-de-motocicleta-que-presta-servicios-en-greenville-ohio\/#breadcrumb"},"inLanguage":"es","potentialAction":[{"@type":"ReadAction","target":["https:\/\/thehometownlawyers.com\/es\/abogados-de-lesiones-personales-de-brookville-ohio\/abogado-de-accidentes-de-motocicleta-que-presta-servicios-en-greenville-ohio\/"]}]},{"@type":"ImageObject","inLanguage":"es","@id":"https:\/\/thehometownlawyers.com\/es\/abogados-de-lesiones-personales-de-brookville-ohio\/abogado-de-accidentes-de-motocicleta-que-presta-servicios-en-greenville-ohio\/#primaryimage","url":"https:\/\/thehometownlawyers.com\/wp-content\/uploads\/2020\/02\/iStock-912151500.jpg","contentUrl":"https:\/\/thehometownlawyers.com\/wp-content\/uploads\/2020\/02\/iStock-912151500.jpg","width":2048,"height":1365,"caption":"Motocicleta y casco volcados en la calle tras colisi\u00f3n con el coche"},{"@type":"BreadcrumbList","@id":"https:\/\/thehometownlawyers.com\/es\/abogados-de-lesiones-personales-de-brookville-ohio\/abogado-de-accidentes-de-motocicleta-que-presta-servicios-en-greenville-ohio\/#breadcrumb","itemListElement":[{"@type":"ListItem","position":1,"name":"Home","item":"https:\/\/thehometownlawyers.com\/es\/"},{"@type":"ListItem","position":2,"name":"Abogado de Lesiones Personales en Brookville","item":"https:\/\/thehometownlawyers.com\/es\/abogados-de-lesiones-personales-de-brookville-ohio\/"},{"@type":"ListItem","position":3,"name":"Abogado de accidentes de motocicleta que presta servicios en Greenville, Ohio"}]},{"@type":"WebSite","@id":"https:\/\/thehometownlawyers.com\/es\/#website","url":"https:\/\/thehometownlawyers.com\/es\/","name":"Kruger & Hodges Hometown Injury Lawyers | Accident Attorneys","description":"Attorneys for Car, Truck and Motorcycle Accidents, Personal Injuries, and Criminal Defense.","publisher":{"@id":"https:\/\/thehometownlawyers.com\/es\/#organization"},"alternateName":"Kruger & Hodges Personal Injury Lawyers","inLanguage":"es"},{"@type":"Organization","@id":"https:\/\/thehometownlawyers.com\/es\/#organization","name":"Kruger & Hodges Hometown Injury Lawyers","alternateName":"Kruger & Hodges","url":"https:\/\/thehometownlawyers.com\/es\/","logo":{"@type":"ImageObject","inLanguage":"es","@id":"https:\/\/thehometownlawyers.com\/es\/#\/schema\/logo\/image\/","url":"https:\/\/thehometownlawyers.com\/wp-content\/uploads\/2025\/12\/revised-kh-logo-vertical-white-background-scaled.png","contentUrl":"https:\/\/thehometownlawyers.com\/wp-content\/uploads\/2025\/12\/revised-kh-logo-vertical-white-background-scaled.png","width":2560,"height":1440,"caption":"Kruger & Hodges Hometown Injury Lawyers"},"image":{"@id":"https:\/\/thehometownlawyers.com\/es\/#\/schema\/logo\/image\/"},"sameAs":["https:\/\/www.facebook.com\/KrugerHodges\/","https:\/\/www.instagram.com\/krugerhodges\/","https:\/\/www.linkedin.com\/company\/kruger-hodges-hometown-injury-lawyers\/","https:\/\/www.youtube.com\/channel\/UCeYcMaMaN2rb9jMlqt4EIdQ","https:\/\/www.tiktok.com\/@thehometownlawyer"]}]}},"_links":{"self":[{"href":"https:\/\/thehometownlawyers.com\/es\/wp-json\/wp\/v2\/pages\/21207","targetHints":{"allow":["GET"]}}],"collection":[{"href":"https:\/\/thehometownlawyers.com\/es\/wp-json\/wp\/v2\/pages"}],"about":[{"href":"https:\/\/thehometownlawyers.com\/es\/wp-json\/wp\/v2\/types\/page"}],"author":[{"embeddable":true,"href":"https:\/\/thehometownlawyers.com\/es\/wp-json\/wp\/v2\/users\/7"}],"replies":[{"embeddable":true,"href":"https:\/\/thehometownlawyers.com\/es\/wp-json\/wp\/v2\/comments?post=21207"}],"version-history":[{"count":0,"href":"https:\/\/thehometownlawyers.com\/es\/wp-json\/wp\/v2\/pages\/21207\/revisions"}],"up":[{"embeddable":true,"href":"https:\/\/thehometownlawyers.com\/es\/wp-json\/wp\/v2\/pages\/21141"}],"wp:featuredmedia":[{"embeddable":true,"href":"https:\/\/thehometownlawyers.com\/es\/wp-json\/wp\/v2\/media\/20740"}],"wp:attachment":[{"href":"https:\/\/thehometownlawyers.com\/es\/wp-json\/wp\/v2\/media?parent=21207"}],"wp:term":[{"taxonomy":"hc_faqs","embeddable":true,"href":"https:\/\/thehometownlawyers.com\/es\/wp-json\/wp\/v2\/hc_faqs?post=21207"},{"taxonomy":"hc_spanish_faqs","embeddable":true,"href":"https:\/\/thehometownlawyers.com\/es\/wp-json\/wp\/v2\/hc_spanish_faqs?post=21207"}],"curies":[{"name":"wp","href":"https:\/\/api.w.org\/{rel}","templated":true}]}}