{"id":21209,"date":"2020-05-06T21:17:35","date_gmt":"2020-05-07T01:17:35","guid":{"rendered":"https:\/\/thehometownlawyers.com\/?page_id=21209"},"modified":"2025-01-31T12:54:17","modified_gmt":"2025-01-31T17:54:17","slug":"abogado-de-mordedura-de-perro-fairfield-ohio","status":"publish","type":"page","link":"https:\/\/thehometownlawyers.com\/es\/abogados-de-lesiones-personales-en-fairfield-ohio\/abogado-de-mordedura-de-perro-fairfield-ohio\/","title":{"rendered":"Abogado de Mordedura de Perro en Fairfield"},"content":{"rendered":"<h2>Abogado de mordedura de perro en Fairfield, Ohio<\/h2>\n<p>Cada d\u00eda, <a href=\"https:\/\/www.dogsbite.org\/dog-bite-statistics.php\" target=\"_blank\" rel=\"noopener\">aproximadamente 1000 ciudadanos estadounidenses requieren atenci\u00f3n de emergencia<\/a> como resultado de mordeduras graves de perros. Si usted es una de las muchas personas que han sido atacadas por un perro, tiene derecho como v\u00edctima a buscar una compensaci\u00f3n por sus p\u00e9rdidas.<\/p>\n<p>Los ataques de mordedura de perro a menudo dejan a las v\u00edctimas con cicatrices desfigurantes, trauma emocional doloroso y muchas otras complicaciones duraderas. Afortunadamente, existen varios m\u00e9todos bajo la ley de Ohio para obtener compensaci\u00f3n por mordeduras de perro con la ayuda de un abogado con experiencia en lesiones personales .<\/p>\n<p class=\"rs-content-cta rs-content-cta-small\">Para una consulta legal gratuita, llame al <a href=\"tel:+15138943333\">513-894-3333 <\/a><\/p><h2>Lesiones com\u00fanmente causadas por mordeduras y ataques de perros<\/h2>\n<p>Los ataques de perros a menudo ocurren de forma repentina e inesperada. Cuando termina el ataque, las v\u00edctimas a menudo luchan con lesiones importantes, como:<\/p>\n<ul>\n<li>Huesos rotos<\/li>\n<li>conmociones cerebrales<\/li>\n<li>Cortadas y moretones<\/li>\n<li>lesiones faciales<\/li>\n<li>Lesiones en la cabeza y el cuello<\/li>\n<li>trauma mental<\/li>\n<li>Da\u00f1o en el nervio<\/li>\n<li>Rabia<\/li>\n<li>Cicatrizaci\u00f3n y desfiguraci\u00f3n<\/li>\n<li>Da\u00f1o al tejido<\/li>\n<\/ul>\n<p>Si bien muchas de estas lesiones no resultan en la muerte, a\u00fan tienen el potencial de cambiar la vida y, a menudo, requieren un tratamiento costoso y continuo.<\/p>\n<h2>Perseguir un reclamo de seguro despu\u00e9s de un ataque de perro en Ohio<\/h2>\n<p>En Ohio, las mordeduras de perro a menudo est\u00e1n cubiertas por las p\u00f3lizas de seguro de los propietarios de viviendas. Las reclamaciones de seguros permiten a las v\u00edctimas reclamar da\u00f1os econ\u00f3micos y no econ\u00f3micos. Los da\u00f1os econ\u00f3micos son costos a los que se les puede asignar f\u00e1cilmente un valor monetario, como salarios perdidos o gastos m\u00e9dicos. Los da\u00f1os no econ\u00f3micos incluyen cosas como dolor y sufrimiento f\u00edsico y emocional.<\/p>\n<p>Muchas personas que solo reciben lesiones menores debido a la mordedura de un perro descubren que las p\u00f3lizas de propietario de vivienda cubren todos los costos necesarios. Sin embargo, si result\u00f3 gravemente herido, un l\u00edmite de p\u00f3liza puede prohibir que una compa\u00f1\u00eda de seguros lo compense por completo.<\/p>\n<p class=\"rs-content-cta rs-content-cta-small\"><a href=\"\/es\/contacto\/\">Haga clic para contactar<\/a> con nuestros lesiones personales abogados hoy<\/p><h2>Los ataques de perros de Fairfield y la regla del mordisco<\/h2>\n<p>La doctrina del derecho consuetudinario de Ohio se conoce como la &#8220;regla de un bocado&#8221;. Esta regulaci\u00f3n establece que las v\u00edctimas de ataques de perros pueden recuperar una compensaci\u00f3n del due\u00f1o o cuidador del perro si el perro atac\u00f3 previamente a otra persona o actu\u00f3 como si el animal tuviera la intenci\u00f3n de hacerlo y el due\u00f1o estuviera al tanto de este comportamiento.<\/p>\n<p>Para recibir compensaci\u00f3n bajo este reglamento, la evidencia debe establecerse en un tribunal de justicia que:<\/p>\n<ul>\n<li><strong>El perro previamente mostr\u00f3 un comportamiento agresivo o atac\u00f3 a otra persona. <\/strong>Un historial previo de morder o intentar morder por un perro se puede mostrar de varias maneras. Algunas v\u00edctimas localizan un registro del ataque que se present\u00f3 ante el condado. Otras v\u00edctimas pueden recopilar testimonios de testigos de personas que fueron lastimadas previamente por el perro o vieron su comportamiento vicioso.<\/li>\n<li><strong>El acusado nombrado en la demanda debe haber sido la parte que ten\u00eda el control del perro en el momento del ataque. <\/strong>Aunque una persona tiene control sobre un animal, es posible que lo haya dejado vagar libremente para que pueda atacar o morder a alguien.<\/li>\n<li><strong>El acusado debe haber sabido sobre los ataques previos o el comportamiento agresivo del perro. <\/strong>Demostrar que el due\u00f1o del animal sab\u00eda sobre el comportamiento del perro a menudo no es dif\u00edcil. Si se present\u00f3 una denuncia formal contra el animal, existe la posibilidad de que el propietario supiera que el animal hab\u00eda mordido o intentado morder a alguien anteriormente.<\/li>\n<li><strong>Debe haber sufrido una lesi\u00f3n compensable como resultado del ataque. <\/strong>Adem\u00e1s de obtener da\u00f1os por las lesiones sufridas debido a un ataque, las v\u00edctimas a veces tambi\u00e9n pueden cobrar da\u00f1os punitivos, que est\u00e1n dise\u00f1ados para castigar a la parte que particip\u00f3 en la conducta il\u00edcita que condujo al ataque. Para da\u00f1os punitivos, se debe demostrar que el demandado actu\u00f3 maliciosamente al dejar que un perro lo atacara.<\/li>\n<\/ul>\n<p class=\"rs-content-cta rs-content-cta-small\">Complete una <a href=\"\/es\/contacto\/\">evaluaci\u00f3n gratuita de su caso<\/a> ahora<\/p><h2>Ley estatutaria de Ohio y ataques de perros<\/h2>\n<p><a href=\"https:\/\/codes.ohio.gov\/ohio-revised-code\/chapter-955\" target=\"_blank\" rel=\"noopener\">El estatuto de Ohio 955.28<\/a> clasifica las mordeduras de perro de una manera ligeramente diferente a la ley consuetudinaria. Una persona que posee o controla un perro es responsable de las acciones del animal. No importa si el due\u00f1o o la persona a cargo sab\u00eda que el perro estaba afuera cuando deber\u00eda haberlo contenido. Para prevalecer bajo esta teor\u00eda, no debe haber evidencia de que la v\u00edctima fue de alguna manera responsable del accidente.<\/p>\n<p>Como resultado, para prevalecer bajo la ley estatutaria de Ohio, una v\u00edctima de mordedura de perro debe demostrar que:<\/p>\n<ul>\n<li>El acusado era el propietario o la entidad que ten\u00eda el control del animal en el momento del ataque.<\/li>\n<li>La v\u00edctima debe haber sufrido una lesi\u00f3n indemnizable.<\/li>\n<li>La v\u00edctima no debe haber cometido un delito, molestar al perro ni realizar ninguna otra acci\u00f3n il\u00edcita que haya resultado en el ataque.<\/li>\n<\/ul>\n<h2>Hable hoy con un abogado especializado en mordeduras de perro de Fairfield<\/h2>\n<p>Si usted o un ser querido es atacado por un perro en Fairfield o en cualquier otra parte de Ohio, un abogado de mordeduras de perro puede ayudarlo a obtener una compensaci\u00f3n. Comun\u00edquese con <a href=\"https:\/\/thehometownlawyers.com\/es\/contacto\/\">Kruger &amp; Hodges<\/a> hoy para programar una evaluaci\u00f3n gratuita de su caso con uno de nuestros abogados especializados en mordeduras de perros que prestan servicios en Fairfield, Ohio.<\/p>\n<p class=\"rs-content-cta rs-content-cta-small\">Llame o env\u00ede un mensaje de texto al <a href=\"tel:+15138943333\">513-894-3333<\/a> o complete una <a href=\"\/es\/contacto\/\">evaluaci\u00f3n gratuita de su caso<\/a><\/p>","protected":false},"excerpt":{"rendered":"<p>Abogado de mordedura de perro en Fairfield, Ohio Cada d\u00eda, aproximadamente 1000 ciudadanos estadounidenses requieren atenci\u00f3n de emergencia como resultado de mordeduras graves de perros. Si usted es una de las muchas personas que han sido atacadas por un perro, tiene derecho como v\u00edctima a buscar una compensaci\u00f3n por sus p\u00e9rdidas. Los ataques de mordedura &#8230;<\/p>\n","protected":false},"author":7,"featured_media":20725,"parent":21262,"menu_order":0,"comment_status":"closed","ping_status":"closed","template":"","meta":{"_acf_changed":false,"inline_featured_image":false,"_genesis_hide_title":false,"_genesis_hide_breadcrumbs":false,"_genesis_hide_singular_image":false,"_genesis_hide_footer_widgets":false,"_genesis_custom_body_class":"","_genesis_custom_post_class":"","_genesis_layout":"","footnotes":""},"hc_faqs":[],"hc_spanish_faqs":[],"class_list":{"0":"post-21209","1":"page","2":"type-page","3":"status-publish","4":"has-post-thumbnail","6":"entry"},"acf":[],"yoast_head":"<!-- This site is optimized with the Yoast SEO plugin v27.3 - https:\/\/yoast.com\/product\/yoast-seo-wordpress\/ -->\n<title>Abogado de mordedura de perro Fairfield, Ohio: Consulta gratuita<\/title>\n<meta name=\"description\" content=\"Abogado de mordedura de perro en Fairfield, Ohio Cada d\u00eda, aproximadamente 1000 ciudadanos estadounidenses requieren atenci\u00f3n de emergencia como resultado\" \/>\n<meta name=\"robots\" content=\"index, follow, max-snippet:-1, max-image-preview:large, max-video-preview:-1\" \/>\n<link rel=\"canonical\" href=\"https:\/\/thehometownlawyers.com\/es\/abogados-de-lesiones-personales-en-fairfield-ohio\/abogado-de-mordedura-de-perro-fairfield-ohio\/\" \/>\n<meta property=\"og:locale\" content=\"es_MX\" \/>\n<meta property=\"og:type\" content=\"article\" \/>\n<meta property=\"og:title\" content=\"Abogado de mordedura de perro Fairfield, Ohio: Consulta gratuita\" \/>\n<meta property=\"og:description\" content=\"Abogado de mordedura de perro en Fairfield, Ohio Cada d\u00eda, aproximadamente 1000 ciudadanos estadounidenses requieren atenci\u00f3n de emergencia como resultado\" \/>\n<meta property=\"og:url\" content=\"https:\/\/thehometownlawyers.com\/es\/abogados-de-lesiones-personales-en-fairfield-ohio\/abogado-de-mordedura-de-perro-fairfield-ohio\/\" \/>\n<meta property=\"og:site_name\" content=\"Kruger &amp; Hodges Abogados De Lesiones\" \/>\n<meta property=\"article:publisher\" content=\"https:\/\/www.facebook.com\/KrugerHodges\/\" \/>\n<meta property=\"article:modified_time\" content=\"2025-01-31T17:54:17+00:00\" \/>\n<meta property=\"og:image\" content=\"https:\/\/thehometownlawyers.com\/wp-content\/uploads\/2019\/01\/dog-on-green-grass-field-3401608.jpg\" \/>\n\t<meta property=\"og:image:width\" content=\"640\" \/>\n\t<meta property=\"og:image:height\" content=\"426\" \/>\n\t<meta property=\"og:image:type\" content=\"image\/jpeg\" \/>\n<meta name=\"twitter:card\" content=\"summary_large_image\" \/>\n<meta name=\"twitter:label1\" content=\"Tiempo de lectura\" \/>\n\t<meta name=\"twitter:data1\" content=\"5 minutos\" \/>\n<script type=\"application\/ld+json\" class=\"yoast-schema-graph\">{\"@context\":\"https:\\\/\\\/schema.org\",\"@graph\":[{\"@type\":\"WebPage\",\"@id\":\"https:\\\/\\\/thehometownlawyers.com\\\/es\\\/abogados-de-lesiones-personales-en-fairfield-ohio\\\/abogado-de-mordedura-de-perro-fairfield-ohio\\\/\",\"url\":\"https:\\\/\\\/thehometownlawyers.com\\\/es\\\/abogados-de-lesiones-personales-en-fairfield-ohio\\\/abogado-de-mordedura-de-perro-fairfield-ohio\\\/\",\"name\":\"Abogado de mordedura de perro Fairfield, Ohio: Consulta gratuita\",\"isPartOf\":{\"@id\":\"https:\\\/\\\/thehometownlawyers.com\\\/es\\\/#website\"},\"primaryImageOfPage\":{\"@id\":\"https:\\\/\\\/thehometownlawyers.com\\\/es\\\/abogados-de-lesiones-personales-en-fairfield-ohio\\\/abogado-de-mordedura-de-perro-fairfield-ohio\\\/#primaryimage\"},\"image\":{\"@id\":\"https:\\\/\\\/thehometownlawyers.com\\\/es\\\/abogados-de-lesiones-personales-en-fairfield-ohio\\\/abogado-de-mordedura-de-perro-fairfield-ohio\\\/#primaryimage\"},\"thumbnailUrl\":\"https:\\\/\\\/thehometownlawyers.com\\\/wp-content\\\/uploads\\\/2019\\\/01\\\/dog-on-green-grass-field-3401608.jpg\",\"datePublished\":\"2020-05-07T01:17:35+00:00\",\"dateModified\":\"2025-01-31T17:54:17+00:00\",\"description\":\"Abogado de mordedura de perro en Fairfield, Ohio Cada d\u00eda, aproximadamente 1000 ciudadanos estadounidenses requieren atenci\u00f3n de emergencia como resultado\",\"breadcrumb\":{\"@id\":\"https:\\\/\\\/thehometownlawyers.com\\\/es\\\/abogados-de-lesiones-personales-en-fairfield-ohio\\\/abogado-de-mordedura-de-perro-fairfield-ohio\\\/#breadcrumb\"},\"inLanguage\":\"es\",\"potentialAction\":[{\"@type\":\"ReadAction\",\"target\":[\"https:\\\/\\\/thehometownlawyers.com\\\/es\\\/abogados-de-lesiones-personales-en-fairfield-ohio\\\/abogado-de-mordedura-de-perro-fairfield-ohio\\\/\"]}]},{\"@type\":\"ImageObject\",\"inLanguage\":\"es\",\"@id\":\"https:\\\/\\\/thehometownlawyers.com\\\/es\\\/abogados-de-lesiones-personales-en-fairfield-ohio\\\/abogado-de-mordedura-de-perro-fairfield-ohio\\\/#primaryimage\",\"url\":\"https:\\\/\\\/thehometownlawyers.com\\\/wp-content\\\/uploads\\\/2019\\\/01\\\/dog-on-green-grass-field-3401608.jpg\",\"contentUrl\":\"https:\\\/\\\/thehometownlawyers.com\\\/wp-content\\\/uploads\\\/2019\\\/01\\\/dog-on-green-grass-field-3401608.jpg\",\"width\":640,\"height\":426,\"caption\":\"perro-sobre-hierba-verde-campo-3401608\"},{\"@type\":\"BreadcrumbList\",\"@id\":\"https:\\\/\\\/thehometownlawyers.com\\\/es\\\/abogados-de-lesiones-personales-en-fairfield-ohio\\\/abogado-de-mordedura-de-perro-fairfield-ohio\\\/#breadcrumb\",\"itemListElement\":[{\"@type\":\"ListItem\",\"position\":1,\"name\":\"Home\",\"item\":\"https:\\\/\\\/thehometownlawyers.com\\\/es\\\/\"},{\"@type\":\"ListItem\",\"position\":2,\"name\":\"Abogado de Lesiones Personales en Fairfield\",\"item\":\"https:\\\/\\\/thehometownlawyers.com\\\/es\\\/abogados-de-lesiones-personales-en-fairfield-ohio\\\/\"},{\"@type\":\"ListItem\",\"position\":3,\"name\":\"Abogado de Mordedura de Perro en Fairfield\"}]},{\"@type\":\"WebSite\",\"@id\":\"https:\\\/\\\/thehometownlawyers.com\\\/es\\\/#website\",\"url\":\"https:\\\/\\\/thehometownlawyers.com\\\/es\\\/\",\"name\":\"Kruger & Hodges Hometown Injury Lawyers | Accident Attorneys\",\"description\":\"Attorneys for Car, Truck and Motorcycle Accidents, Personal Injuries, and Criminal Defense.\",\"publisher\":{\"@id\":\"https:\\\/\\\/thehometownlawyers.com\\\/es\\\/#organization\"},\"alternateName\":\"Kruger & Hodges Personal Injury Lawyers\",\"inLanguage\":\"es\"},{\"@type\":\"Organization\",\"@id\":\"https:\\\/\\\/thehometownlawyers.com\\\/es\\\/#organization\",\"name\":\"Kruger & Hodges Hometown Injury Lawyers\",\"alternateName\":\"Kruger & Hodges\",\"url\":\"https:\\\/\\\/thehometownlawyers.com\\\/es\\\/\",\"logo\":{\"@type\":\"ImageObject\",\"inLanguage\":\"es\",\"@id\":\"https:\\\/\\\/thehometownlawyers.com\\\/es\\\/#\\\/schema\\\/logo\\\/image\\\/\",\"url\":\"https:\\\/\\\/thehometownlawyers.com\\\/wp-content\\\/uploads\\\/2025\\\/12\\\/revised-kh-logo-vertical-white-background-scaled.png\",\"contentUrl\":\"https:\\\/\\\/thehometownlawyers.com\\\/wp-content\\\/uploads\\\/2025\\\/12\\\/revised-kh-logo-vertical-white-background-scaled.png\",\"width\":2560,\"height\":1440,\"caption\":\"Kruger & Hodges Hometown Injury Lawyers\"},\"image\":{\"@id\":\"https:\\\/\\\/thehometownlawyers.com\\\/es\\\/#\\\/schema\\\/logo\\\/image\\\/\"},\"sameAs\":[\"https:\\\/\\\/www.facebook.com\\\/KrugerHodges\\\/\",\"https:\\\/\\\/www.instagram.com\\\/krugerhodges\\\/\",\"https:\\\/\\\/www.linkedin.com\\\/company\\\/kruger-hodges-hometown-injury-lawyers\\\/\",\"https:\\\/\\\/www.youtube.com\\\/channel\\\/UCeYcMaMaN2rb9jMlqt4EIdQ\",\"https:\\\/\\\/www.tiktok.com\\\/@thehometownlawyer\"]}]}<\/script>\n<!-- \/ Yoast SEO plugin. -->","yoast_head_json":{"title":"Abogado de mordedura de perro Fairfield, Ohio: Consulta gratuita","description":"Abogado de mordedura de perro en Fairfield, Ohio Cada d\u00eda, aproximadamente 1000 ciudadanos estadounidenses requieren atenci\u00f3n de emergencia como resultado","robots":{"index":"index","follow":"follow","max-snippet":"max-snippet:-1","max-image-preview":"max-image-preview:large","max-video-preview":"max-video-preview:-1"},"canonical":"https:\/\/thehometownlawyers.com\/es\/abogados-de-lesiones-personales-en-fairfield-ohio\/abogado-de-mordedura-de-perro-fairfield-ohio\/","og_locale":"es_MX","og_type":"article","og_title":"Abogado de mordedura de perro Fairfield, Ohio: Consulta gratuita","og_description":"Abogado de mordedura de perro en Fairfield, Ohio Cada d\u00eda, aproximadamente 1000 ciudadanos estadounidenses requieren atenci\u00f3n de emergencia como resultado","og_url":"https:\/\/thehometownlawyers.com\/es\/abogados-de-lesiones-personales-en-fairfield-ohio\/abogado-de-mordedura-de-perro-fairfield-ohio\/","og_site_name":"Kruger &amp; Hodges Abogados De Lesiones","article_publisher":"https:\/\/www.facebook.com\/KrugerHodges\/","article_modified_time":"2025-01-31T17:54:17+00:00","og_image":[{"width":640,"height":426,"url":"https:\/\/thehometownlawyers.com\/wp-content\/uploads\/2019\/01\/dog-on-green-grass-field-3401608.jpg","type":"image\/jpeg"}],"twitter_card":"summary_large_image","twitter_misc":{"Tiempo de lectura":"5 minutos"},"schema":{"@context":"https:\/\/schema.org","@graph":[{"@type":"WebPage","@id":"https:\/\/thehometownlawyers.com\/es\/abogados-de-lesiones-personales-en-fairfield-ohio\/abogado-de-mordedura-de-perro-fairfield-ohio\/","url":"https:\/\/thehometownlawyers.com\/es\/abogados-de-lesiones-personales-en-fairfield-ohio\/abogado-de-mordedura-de-perro-fairfield-ohio\/","name":"Abogado de mordedura de perro Fairfield, Ohio: Consulta gratuita","isPartOf":{"@id":"https:\/\/thehometownlawyers.com\/es\/#website"},"primaryImageOfPage":{"@id":"https:\/\/thehometownlawyers.com\/es\/abogados-de-lesiones-personales-en-fairfield-ohio\/abogado-de-mordedura-de-perro-fairfield-ohio\/#primaryimage"},"image":{"@id":"https:\/\/thehometownlawyers.com\/es\/abogados-de-lesiones-personales-en-fairfield-ohio\/abogado-de-mordedura-de-perro-fairfield-ohio\/#primaryimage"},"thumbnailUrl":"https:\/\/thehometownlawyers.com\/wp-content\/uploads\/2019\/01\/dog-on-green-grass-field-3401608.jpg","datePublished":"2020-05-07T01:17:35+00:00","dateModified":"2025-01-31T17:54:17+00:00","description":"Abogado de mordedura de perro en Fairfield, Ohio Cada d\u00eda, aproximadamente 1000 ciudadanos estadounidenses requieren atenci\u00f3n de emergencia como resultado","breadcrumb":{"@id":"https:\/\/thehometownlawyers.com\/es\/abogados-de-lesiones-personales-en-fairfield-ohio\/abogado-de-mordedura-de-perro-fairfield-ohio\/#breadcrumb"},"inLanguage":"es","potentialAction":[{"@type":"ReadAction","target":["https:\/\/thehometownlawyers.com\/es\/abogados-de-lesiones-personales-en-fairfield-ohio\/abogado-de-mordedura-de-perro-fairfield-ohio\/"]}]},{"@type":"ImageObject","inLanguage":"es","@id":"https:\/\/thehometownlawyers.com\/es\/abogados-de-lesiones-personales-en-fairfield-ohio\/abogado-de-mordedura-de-perro-fairfield-ohio\/#primaryimage","url":"https:\/\/thehometownlawyers.com\/wp-content\/uploads\/2019\/01\/dog-on-green-grass-field-3401608.jpg","contentUrl":"https:\/\/thehometownlawyers.com\/wp-content\/uploads\/2019\/01\/dog-on-green-grass-field-3401608.jpg","width":640,"height":426,"caption":"perro-sobre-hierba-verde-campo-3401608"},{"@type":"BreadcrumbList","@id":"https:\/\/thehometownlawyers.com\/es\/abogados-de-lesiones-personales-en-fairfield-ohio\/abogado-de-mordedura-de-perro-fairfield-ohio\/#breadcrumb","itemListElement":[{"@type":"ListItem","position":1,"name":"Home","item":"https:\/\/thehometownlawyers.com\/es\/"},{"@type":"ListItem","position":2,"name":"Abogado de Lesiones Personales en Fairfield","item":"https:\/\/thehometownlawyers.com\/es\/abogados-de-lesiones-personales-en-fairfield-ohio\/"},{"@type":"ListItem","position":3,"name":"Abogado de Mordedura de Perro en Fairfield"}]},{"@type":"WebSite","@id":"https:\/\/thehometownlawyers.com\/es\/#website","url":"https:\/\/thehometownlawyers.com\/es\/","name":"Kruger & Hodges Hometown Injury Lawyers | Accident Attorneys","description":"Attorneys for Car, Truck and Motorcycle Accidents, Personal Injuries, and Criminal Defense.","publisher":{"@id":"https:\/\/thehometownlawyers.com\/es\/#organization"},"alternateName":"Kruger & Hodges Personal Injury Lawyers","inLanguage":"es"},{"@type":"Organization","@id":"https:\/\/thehometownlawyers.com\/es\/#organization","name":"Kruger & Hodges Hometown Injury Lawyers","alternateName":"Kruger & Hodges","url":"https:\/\/thehometownlawyers.com\/es\/","logo":{"@type":"ImageObject","inLanguage":"es","@id":"https:\/\/thehometownlawyers.com\/es\/#\/schema\/logo\/image\/","url":"https:\/\/thehometownlawyers.com\/wp-content\/uploads\/2025\/12\/revised-kh-logo-vertical-white-background-scaled.png","contentUrl":"https:\/\/thehometownlawyers.com\/wp-content\/uploads\/2025\/12\/revised-kh-logo-vertical-white-background-scaled.png","width":2560,"height":1440,"caption":"Kruger & Hodges Hometown Injury Lawyers"},"image":{"@id":"https:\/\/thehometownlawyers.com\/es\/#\/schema\/logo\/image\/"},"sameAs":["https:\/\/www.facebook.com\/KrugerHodges\/","https:\/\/www.instagram.com\/krugerhodges\/","https:\/\/www.linkedin.com\/company\/kruger-hodges-hometown-injury-lawyers\/","https:\/\/www.youtube.com\/channel\/UCeYcMaMaN2rb9jMlqt4EIdQ","https:\/\/www.tiktok.com\/@thehometownlawyer"]}]}},"_links":{"self":[{"href":"https:\/\/thehometownlawyers.com\/es\/wp-json\/wp\/v2\/pages\/21209","targetHints":{"allow":["GET"]}}],"collection":[{"href":"https:\/\/thehometownlawyers.com\/es\/wp-json\/wp\/v2\/pages"}],"about":[{"href":"https:\/\/thehometownlawyers.com\/es\/wp-json\/wp\/v2\/types\/page"}],"author":[{"embeddable":true,"href":"https:\/\/thehometownlawyers.com\/es\/wp-json\/wp\/v2\/users\/7"}],"replies":[{"embeddable":true,"href":"https:\/\/thehometownlawyers.com\/es\/wp-json\/wp\/v2\/comments?post=21209"}],"version-history":[{"count":0,"href":"https:\/\/thehometownlawyers.com\/es\/wp-json\/wp\/v2\/pages\/21209\/revisions"}],"up":[{"embeddable":true,"href":"https:\/\/thehometownlawyers.com\/es\/wp-json\/wp\/v2\/pages\/21262"}],"wp:featuredmedia":[{"embeddable":true,"href":"https:\/\/thehometownlawyers.com\/es\/wp-json\/wp\/v2\/media\/20725"}],"wp:attachment":[{"href":"https:\/\/thehometownlawyers.com\/es\/wp-json\/wp\/v2\/media?parent=21209"}],"wp:term":[{"taxonomy":"hc_faqs","embeddable":true,"href":"https:\/\/thehometownlawyers.com\/es\/wp-json\/wp\/v2\/hc_faqs?post=21209"},{"taxonomy":"hc_spanish_faqs","embeddable":true,"href":"https:\/\/thehometownlawyers.com\/es\/wp-json\/wp\/v2\/hc_spanish_faqs?post=21209"}],"curies":[{"name":"wp","href":"https:\/\/api.w.org\/{rel}","templated":true}]}}