{"id":21210,"date":"2020-05-06T21:12:23","date_gmt":"2020-05-07T01:12:23","guid":{"rendered":"https:\/\/thehometownlawyers.com\/?page_id=21210"},"modified":"2025-01-31T13:08:29","modified_gmt":"2025-01-31T18:08:29","slug":"abogados-de-mordedura-de-perro-en-middletown-ohio","status":"publish","type":"page","link":"https:\/\/thehometownlawyers.com\/es\/abogados-de-lesiones-personales-de-middletown\/abogados-de-mordedura-de-perro-en-middletown-ohio\/","title":{"rendered":"Abogado de Mordedura de Perro en Middletown"},"content":{"rendered":"<h2><strong>Abogados de mordeduras de perro en Middletown, Ohio<\/strong><\/h2>\n<p>Ya sea que usted sea v\u00edctima de un ataque de un perro callejero o que su hijo haya sido mordido por el perro de al lado, las mordeduras de perro son algunas de las lesiones m\u00e1s peligrosas pero comunes que enfrentan los estadounidenses. Si ha sido lesionado por la mascota de otra persona, <a href=\"https:\/\/thehometownlawyers.com\/es\/contacto\/\">comun\u00edquese con<\/a> los abogados de mordeduras de perro de Middletown, Ohio en <a href=\"https:\/\/thehometownlawyers.com\/es\/acerca-de-los-abogados-de-kruger-hodges\/\">Kruger &amp; Hodges<\/a> , Abogados. Si bien es una rara ocasi\u00f3n que alguien muera por un ataque de perro, estos encuentros a menudo dejan a las v\u00edctimas con cicatrices, desfiguraci\u00f3n, da\u00f1os en los nervios y recuerdos duraderos y dolorosos del evento.<\/p>\n<p>Los Centros para el Control y la Prevenci\u00f3n de Enfermedades informan que <a href=\"https:\/\/www.dogsbite.org\/dog-bite-statistics.php\" target=\"_blank\" rel=\"noopener\">aproximadamente 4,5 millones de personas cada a\u00f1o<\/a> en los Estados Unidos reciben tratamiento por lesiones de perros. Mientras tanto, aproximadamente 33 personas mueren cada a\u00f1o debido a estos ataques. M\u00e1s de la mitad de estos ataques ocurren en casas o lugares familiares.<\/p>\n<p class=\"rs-content-cta rs-content-cta-small\">Para una consulta legal gratuita, llame al <a href=\"tel:+15138059841\">513-805-9841 <\/a><\/p><h2><strong>Riesgos de enfermedades que enfrentan las v\u00edctimas de mordeduras de perros<\/strong><\/h2>\n<p>Hay varios riesgos de enfermedades asociados con la mordedura de un perro, especialmente perros que a\u00fan no han sido vacunados contra la rabia. Una de las razones por las que un ataque de perro puede provocar tantas enfermedades es que se pueden encontrar <a href=\"https:\/\/www.cuteness.com\/article\/serratia-marcescens-dogs\/\" target=\"_blank\" rel=\"noopener\">60 tipos de bacterias<\/a> en la boca de un perro.<\/p>\n<p>Algunas de las enfermedades bacterianas m\u00e1s comunes que resultan de los ataques de perros incluyen:<\/p>\n<ul>\n<li><strong>bacterias capnocitofagas. <\/strong>Esta bacteria vive en la boca de perros, gatos y personas, pero no enferma a los animales.<\/li>\n<li><strong>SARM.<\/strong> Abreviatura de Staphylococcus aureus resistente a la meticilina, MRSA es una infecci\u00f3n por estafilococo que es resistente a algunos tipos de antibi\u00f3ticos. MRSA puede provocar infecciones de la piel, los pulmones y las v\u00edas urinarias.<\/li>\n<li><strong>Pasteurella. <\/strong>Pasteurella, que se encuentra en m\u00e1s de la mitad de las mordeduras de perros infectados, provoca dolor, enrojecimiento e hinchaz\u00f3n en el lugar de la mordedura. La condici\u00f3n tambi\u00e9n provoca hinchaz\u00f3n en las articulaciones y dificultad para moverse.<\/li>\n<li><strong>Rabia.<\/strong> Si bien muchas personas han o\u00eddo hablar de la rabia, no saben que el virus se propaga al cerebro y casi siempre es fatal una vez que se presentan los s\u00edntomas.<\/li>\n<li><strong>T\u00e9tanos.<\/strong> Una toxina producida por la bacteria Clostridium tetani, el t\u00e9tanos puede provocar par\u00e1lisis en humanos no vacunados, especialmente si la picadura es profunda.<\/li>\n<\/ul>\n<p class=\"rs-content-cta\">Abogado de Lesiones Personales de Middletown Cerca de M\u00ed <a href=\"tel:+15138059841\">513-805-9841<\/a><\/p><h2><strong>Da\u00f1os com\u00fanmente buscados por los abogados de mordeduras de perro de Middletown, Ohio<\/strong><\/h2>\n<p>Si bien pueden sonar mansos en comparaci\u00f3n con otros tipos de accidentes, las v\u00edctimas de ataques de perros a menudo se enfrentan a varios tipos de da\u00f1os, que incluyen:<\/p>\n<ul>\n<li>Tarifas de ambulancia<\/li>\n<li>Consejer\u00eda para dificultades emocionales<\/li>\n<li>Gastos de urgencias y hospitalizaci\u00f3n<\/li>\n<li>Salarios perdidos<\/li>\n<li>Facturas m\u00e9dicas<\/li>\n<li>costos de medicamentos<\/li>\n<li>Gastos de cirug\u00eda pl\u00e1stica<\/li>\n<\/ul>\n<p class=\"rs-content-cta rs-content-cta-small\"><a href=\"\/es\/contacto\/\">Haga clic para contactar<\/a> con nuestros lesiones personales abogados hoy<\/p><h2><strong>El estatuto de limitaciones para las mordeduras de perro en Ohio<\/strong><\/h2>\n<p>Un &#8220;estatuto de limitaciones&#8221; se refiere a la cantidad de tiempo que una persona tiene para presentar una demanda despu\u00e9s de un ataque de perro. Si sus abogados de mordeduras de perro en Middletown, Ohio, no presentan su reclamo dentro de un per\u00edodo de tiempo espec\u00edfico, es probable que se le proh\u00edba buscar una compensaci\u00f3n en un tribunal de justicia. El estatuto de limitaciones para una demanda de responsabilidad estricta por mordedura de perro en el estado de Ohio es de seis a\u00f1os para adultos.<\/p>\n<p>Si una v\u00edctima es menor de edad, el individuo tiene una ventana de seis a\u00f1os que comienza a correr en el cumplea\u00f1os n\u00famero 18 de ese individuo. Si bien algunas personas creen que seis a\u00f1os es una cantidad suficiente de tiempo, es fundamental no dudar en presentar un reclamo. Esta ventana se reduce a solo dos a\u00f1os para demandas por negligencia. No solo existe el riesgo de que su caso termine fuera del plazo de prescripci\u00f3n, sino que tambi\u00e9n se pueden perder pruebas cr\u00edticas.<\/p>\n<p class=\"rs-content-cta rs-content-cta-small\">Complete una <a href=\"\/es\/contacto\/\">evaluaci\u00f3n gratuita de su caso<\/a> ahora<\/p><h2><strong>C\u00f3mo proteger sus derechos despu\u00e9s de una mordedura de perro<\/strong><\/h2>\n<p>Si se lesiona en un ataque de perro, hay algunos pasos cr\u00edticos que debe recordar seguir para asegurarse de que su derecho a buscar una compensaci\u00f3n no se vea afectado. Estos pasos incluyen:<\/p>\n<ul>\n<li>Recibir tratamiento m\u00e9dico de emergencia. En muchos casos, las mordeduras de perros resultan en infecciones y complicaciones graves m\u00e1s adelante. Si no est\u00e1 seguro de si necesita alg\u00fan tratamiento adicional, siempre es una mejor idea buscar ayuda.<\/li>\n<li>Si es posible y seguro hacerlo, tome fotograf\u00edas de sus heridas, as\u00ed como del lugar del ataque, la ropa que llevaba puesta y el perro.<\/li>\n<li>Intercambie informaci\u00f3n personal con el due\u00f1o del perro y con cualquier persona que haya visto ocurrir el accidente.<\/li>\n<li>Informe el ataque a la polic\u00eda, as\u00ed como al oficial local de control de animales. Hacer un informe es particularmente cr\u00edtico si no est\u00e1 seguro de si el perro ha sido vacunado o si el perro se comporta de manera extra\u00f1a o est\u00e1 enfermo.<\/li>\n<li>Recuerde que en Ohio hay varias formas de establecer que una parte fue responsable de un ataque de perro. Una persona puede presentar un reclamo bajo responsabilidad objetiva, negligencia o ambas. El due\u00f1o de un perro puede ser considerado responsable de sus lesiones incluso si no hizo nada malo e incluso si el animal no hab\u00eda mordido previamente a otra persona.<\/li>\n<\/ul>\n<h2><strong>P\u00f3ngase en contacto con nuestros abogados de mordedura de perro en Middletown, Ohio<\/strong><\/h2>\n<p>En <a href=\"https:\/\/thehometownlawyers.com\/es\/acerca-de-los-abogados-de-kruger-hodges\/\">Kruger &amp; Hodges<\/a> , tenemos experiencia luchando por v\u00edctimas de mordeduras de perros y sabemos c\u00f3mo navegar incluso en los casos m\u00e1s dif\u00edciles. <a href=\"https:\/\/thehometownlawyers.com\/es\/contacto\/\">Cont\u00e1ctenos<\/a> hoy para programar una evaluaci\u00f3n gratuita de su caso con nuestros abogados con experiencia en mordeduras de perro en Middletown, Ohio.<\/p>\n<h2>\u00a1Datos divertidos sobre Middletown!<\/h2>\n<p>Con Middletown, Ohio, que tiene m\u00e1s de 30 parques, no hay escasez de posibilidades de d\u00f3nde pasar el tiempo. Juega f\u00fatbol, pasa un rato en los senderos naturales o haz un picnic en Jacot Park. Pasa un tiempo en Santuario de la naturaleza y arboreto Bull&#8217;s Run. Bull&#8217;s Run Nature Sanctuary and Arboretum lleva el nombre de un pasto que se usaba para los toros a mediados del siglo XIX. El parque alberga la \u00faltima secci\u00f3n de flujo libre de Bull&#8217;s Run Creek, que era un l\u00edmite original de Middletown en 1802.<\/p>\n<p class=\"rs-content-cta rs-content-cta-small\">Llame o env\u00ede un mensaje de texto al <a href=\"tel:+15138059841\">513-805-9841<\/a> o complete una <a href=\"\/es\/contacto\/\">evaluaci\u00f3n gratuita de su caso<\/a><\/p>","protected":false},"excerpt":{"rendered":"<p>Abogados de mordeduras de perro en Middletown, Ohio Ya sea que usted sea v\u00edctima de un ataque de un perro callejero o que su hijo haya sido mordido por el perro de al lado, las mordeduras de perro son algunas de las lesiones m\u00e1s peligrosas pero comunes que enfrentan los estadounidenses. Si ha sido lesionado &#8230;<\/p>\n","protected":false},"author":7,"featured_media":20725,"parent":21227,"menu_order":0,"comment_status":"closed","ping_status":"closed","template":"","meta":{"_acf_changed":false,"inline_featured_image":false,"_genesis_hide_title":false,"_genesis_hide_breadcrumbs":false,"_genesis_hide_singular_image":false,"_genesis_hide_footer_widgets":false,"_genesis_custom_body_class":"","_genesis_custom_post_class":"","_genesis_layout":"","footnotes":""},"hc_faqs":[],"hc_spanish_faqs":[],"class_list":{"0":"post-21210","1":"page","2":"type-page","3":"status-publish","4":"has-post-thumbnail","6":"hc_city_location-middletown-es","7":"entry"},"acf":[],"yoast_head":"<!-- This site is optimized with the Yoast SEO plugin v27.3 - https:\/\/yoast.com\/product\/yoast-seo-wordpress\/ -->\n<title>Abogados de mordedura de perro en Middletown, Ohio: Consulta gratuita<\/title>\n<meta name=\"description\" content=\"Si ha sido lesionado por la mascota de otra persona, comun\u00edquese con los abogados de mordeduras de perro de Middletown, Ohio en Kruger &amp; Hodges, Abogados.\" \/>\n<meta name=\"robots\" content=\"index, follow, max-snippet:-1, max-image-preview:large, max-video-preview:-1\" \/>\n<link rel=\"canonical\" href=\"https:\/\/thehometownlawyers.com\/es\/abogados-de-lesiones-personales-de-middletown\/abogados-de-mordedura-de-perro-en-middletown-ohio\/\" \/>\n<meta property=\"og:locale\" content=\"es_MX\" \/>\n<meta property=\"og:type\" content=\"article\" \/>\n<meta property=\"og:title\" content=\"Abogados de mordedura de perro en Middletown, Ohio: Consulta gratuita\" \/>\n<meta property=\"og:description\" content=\"Si ha sido lesionado por la mascota de otra persona, comun\u00edquese con los abogados de mordeduras de perro de Middletown, Ohio en Kruger &amp; Hodges, Abogados.\" \/>\n<meta property=\"og:url\" content=\"https:\/\/thehometownlawyers.com\/es\/abogados-de-lesiones-personales-de-middletown\/abogados-de-mordedura-de-perro-en-middletown-ohio\/\" \/>\n<meta property=\"og:site_name\" content=\"Kruger &amp; Hodges Abogados De Lesiones\" \/>\n<meta property=\"article:publisher\" content=\"https:\/\/www.facebook.com\/KrugerHodges\/\" \/>\n<meta property=\"article:modified_time\" content=\"2025-01-31T18:08:29+00:00\" \/>\n<meta property=\"og:image\" content=\"https:\/\/thehometownlawyers.com\/wp-content\/uploads\/2019\/01\/dog-on-green-grass-field-3401608.jpg\" \/>\n\t<meta property=\"og:image:width\" content=\"640\" \/>\n\t<meta property=\"og:image:height\" content=\"426\" \/>\n\t<meta property=\"og:image:type\" content=\"image\/jpeg\" \/>\n<meta name=\"twitter:card\" content=\"summary_large_image\" \/>\n<meta name=\"twitter:label1\" content=\"Tiempo de lectura\" \/>\n\t<meta name=\"twitter:data1\" content=\"5 minutos\" \/>\n<script type=\"application\/ld+json\" class=\"yoast-schema-graph\">{\"@context\":\"https:\\\/\\\/schema.org\",\"@graph\":[{\"@type\":\"WebPage\",\"@id\":\"https:\\\/\\\/thehometownlawyers.com\\\/es\\\/abogados-de-lesiones-personales-de-middletown\\\/abogados-de-mordedura-de-perro-en-middletown-ohio\\\/\",\"url\":\"https:\\\/\\\/thehometownlawyers.com\\\/es\\\/abogados-de-lesiones-personales-de-middletown\\\/abogados-de-mordedura-de-perro-en-middletown-ohio\\\/\",\"name\":\"Abogados de mordedura de perro en Middletown, Ohio: Consulta gratuita\",\"isPartOf\":{\"@id\":\"https:\\\/\\\/thehometownlawyers.com\\\/es\\\/#website\"},\"primaryImageOfPage\":{\"@id\":\"https:\\\/\\\/thehometownlawyers.com\\\/es\\\/abogados-de-lesiones-personales-de-middletown\\\/abogados-de-mordedura-de-perro-en-middletown-ohio\\\/#primaryimage\"},\"image\":{\"@id\":\"https:\\\/\\\/thehometownlawyers.com\\\/es\\\/abogados-de-lesiones-personales-de-middletown\\\/abogados-de-mordedura-de-perro-en-middletown-ohio\\\/#primaryimage\"},\"thumbnailUrl\":\"https:\\\/\\\/thehometownlawyers.com\\\/wp-content\\\/uploads\\\/2019\\\/01\\\/dog-on-green-grass-field-3401608.jpg\",\"datePublished\":\"2020-05-07T01:12:23+00:00\",\"dateModified\":\"2025-01-31T18:08:29+00:00\",\"description\":\"Si ha sido lesionado por la mascota de otra persona, comun\u00edquese con los abogados de mordeduras de perro de Middletown, Ohio en Kruger & Hodges, Abogados.\",\"breadcrumb\":{\"@id\":\"https:\\\/\\\/thehometownlawyers.com\\\/es\\\/abogados-de-lesiones-personales-de-middletown\\\/abogados-de-mordedura-de-perro-en-middletown-ohio\\\/#breadcrumb\"},\"inLanguage\":\"es\",\"potentialAction\":[{\"@type\":\"ReadAction\",\"target\":[\"https:\\\/\\\/thehometownlawyers.com\\\/es\\\/abogados-de-lesiones-personales-de-middletown\\\/abogados-de-mordedura-de-perro-en-middletown-ohio\\\/\"]}]},{\"@type\":\"ImageObject\",\"inLanguage\":\"es\",\"@id\":\"https:\\\/\\\/thehometownlawyers.com\\\/es\\\/abogados-de-lesiones-personales-de-middletown\\\/abogados-de-mordedura-de-perro-en-middletown-ohio\\\/#primaryimage\",\"url\":\"https:\\\/\\\/thehometownlawyers.com\\\/wp-content\\\/uploads\\\/2019\\\/01\\\/dog-on-green-grass-field-3401608.jpg\",\"contentUrl\":\"https:\\\/\\\/thehometownlawyers.com\\\/wp-content\\\/uploads\\\/2019\\\/01\\\/dog-on-green-grass-field-3401608.jpg\",\"width\":640,\"height\":426,\"caption\":\"perro-sobre-hierba-verde-campo-3401608\"},{\"@type\":\"BreadcrumbList\",\"@id\":\"https:\\\/\\\/thehometownlawyers.com\\\/es\\\/abogados-de-lesiones-personales-de-middletown\\\/abogados-de-mordedura-de-perro-en-middletown-ohio\\\/#breadcrumb\",\"itemListElement\":[{\"@type\":\"ListItem\",\"position\":1,\"name\":\"Home\",\"item\":\"https:\\\/\\\/thehometownlawyers.com\\\/es\\\/\"},{\"@type\":\"ListItem\",\"position\":2,\"name\":\"Abogado de Lesiones Personales en Middletown\",\"item\":\"https:\\\/\\\/thehometownlawyers.com\\\/es\\\/middletown\\\/personal-injury-lawyer\\\/\"},{\"@type\":\"ListItem\",\"position\":3,\"name\":\"Abogado de Mordedura de Perro en Middletown\"}]},{\"@type\":\"WebSite\",\"@id\":\"https:\\\/\\\/thehometownlawyers.com\\\/es\\\/#website\",\"url\":\"https:\\\/\\\/thehometownlawyers.com\\\/es\\\/\",\"name\":\"Kruger & Hodges Hometown Injury Lawyers | Accident Attorneys\",\"description\":\"Attorneys for Car, Truck and Motorcycle Accidents, Personal Injuries, and Criminal Defense.\",\"publisher\":{\"@id\":\"https:\\\/\\\/thehometownlawyers.com\\\/es\\\/#organization\"},\"alternateName\":\"Kruger & Hodges Personal Injury Lawyers\",\"inLanguage\":\"es\"},{\"@type\":\"Organization\",\"@id\":\"https:\\\/\\\/thehometownlawyers.com\\\/es\\\/#organization\",\"name\":\"Kruger & Hodges Hometown Injury Lawyers\",\"alternateName\":\"Kruger & Hodges\",\"url\":\"https:\\\/\\\/thehometownlawyers.com\\\/es\\\/\",\"logo\":{\"@type\":\"ImageObject\",\"inLanguage\":\"es\",\"@id\":\"https:\\\/\\\/thehometownlawyers.com\\\/es\\\/#\\\/schema\\\/logo\\\/image\\\/\",\"url\":\"https:\\\/\\\/thehometownlawyers.com\\\/wp-content\\\/uploads\\\/2025\\\/12\\\/revised-kh-logo-vertical-white-background-scaled.png\",\"contentUrl\":\"https:\\\/\\\/thehometownlawyers.com\\\/wp-content\\\/uploads\\\/2025\\\/12\\\/revised-kh-logo-vertical-white-background-scaled.png\",\"width\":2560,\"height\":1440,\"caption\":\"Kruger & Hodges Hometown Injury Lawyers\"},\"image\":{\"@id\":\"https:\\\/\\\/thehometownlawyers.com\\\/es\\\/#\\\/schema\\\/logo\\\/image\\\/\"},\"sameAs\":[\"https:\\\/\\\/www.facebook.com\\\/KrugerHodges\\\/\",\"https:\\\/\\\/www.instagram.com\\\/krugerhodges\\\/\",\"https:\\\/\\\/www.linkedin.com\\\/company\\\/kruger-hodges-hometown-injury-lawyers\\\/\",\"https:\\\/\\\/www.youtube.com\\\/channel\\\/UCeYcMaMaN2rb9jMlqt4EIdQ\",\"https:\\\/\\\/www.tiktok.com\\\/@thehometownlawyer\"]}]}<\/script>\n<!-- \/ Yoast SEO plugin. -->","yoast_head_json":{"title":"Abogados de mordedura de perro en Middletown, Ohio: Consulta gratuita","description":"Si ha sido lesionado por la mascota de otra persona, comun\u00edquese con los abogados de mordeduras de perro de Middletown, Ohio en Kruger & Hodges, Abogados.","robots":{"index":"index","follow":"follow","max-snippet":"max-snippet:-1","max-image-preview":"max-image-preview:large","max-video-preview":"max-video-preview:-1"},"canonical":"https:\/\/thehometownlawyers.com\/es\/abogados-de-lesiones-personales-de-middletown\/abogados-de-mordedura-de-perro-en-middletown-ohio\/","og_locale":"es_MX","og_type":"article","og_title":"Abogados de mordedura de perro en Middletown, Ohio: Consulta gratuita","og_description":"Si ha sido lesionado por la mascota de otra persona, comun\u00edquese con los abogados de mordeduras de perro de Middletown, Ohio en Kruger & Hodges, Abogados.","og_url":"https:\/\/thehometownlawyers.com\/es\/abogados-de-lesiones-personales-de-middletown\/abogados-de-mordedura-de-perro-en-middletown-ohio\/","og_site_name":"Kruger &amp; Hodges Abogados De Lesiones","article_publisher":"https:\/\/www.facebook.com\/KrugerHodges\/","article_modified_time":"2025-01-31T18:08:29+00:00","og_image":[{"width":640,"height":426,"url":"https:\/\/thehometownlawyers.com\/wp-content\/uploads\/2019\/01\/dog-on-green-grass-field-3401608.jpg","type":"image\/jpeg"}],"twitter_card":"summary_large_image","twitter_misc":{"Tiempo de lectura":"5 minutos"},"schema":{"@context":"https:\/\/schema.org","@graph":[{"@type":"WebPage","@id":"https:\/\/thehometownlawyers.com\/es\/abogados-de-lesiones-personales-de-middletown\/abogados-de-mordedura-de-perro-en-middletown-ohio\/","url":"https:\/\/thehometownlawyers.com\/es\/abogados-de-lesiones-personales-de-middletown\/abogados-de-mordedura-de-perro-en-middletown-ohio\/","name":"Abogados de mordedura de perro en Middletown, Ohio: Consulta gratuita","isPartOf":{"@id":"https:\/\/thehometownlawyers.com\/es\/#website"},"primaryImageOfPage":{"@id":"https:\/\/thehometownlawyers.com\/es\/abogados-de-lesiones-personales-de-middletown\/abogados-de-mordedura-de-perro-en-middletown-ohio\/#primaryimage"},"image":{"@id":"https:\/\/thehometownlawyers.com\/es\/abogados-de-lesiones-personales-de-middletown\/abogados-de-mordedura-de-perro-en-middletown-ohio\/#primaryimage"},"thumbnailUrl":"https:\/\/thehometownlawyers.com\/wp-content\/uploads\/2019\/01\/dog-on-green-grass-field-3401608.jpg","datePublished":"2020-05-07T01:12:23+00:00","dateModified":"2025-01-31T18:08:29+00:00","description":"Si ha sido lesionado por la mascota de otra persona, comun\u00edquese con los abogados de mordeduras de perro de Middletown, Ohio en Kruger & Hodges, Abogados.","breadcrumb":{"@id":"https:\/\/thehometownlawyers.com\/es\/abogados-de-lesiones-personales-de-middletown\/abogados-de-mordedura-de-perro-en-middletown-ohio\/#breadcrumb"},"inLanguage":"es","potentialAction":[{"@type":"ReadAction","target":["https:\/\/thehometownlawyers.com\/es\/abogados-de-lesiones-personales-de-middletown\/abogados-de-mordedura-de-perro-en-middletown-ohio\/"]}]},{"@type":"ImageObject","inLanguage":"es","@id":"https:\/\/thehometownlawyers.com\/es\/abogados-de-lesiones-personales-de-middletown\/abogados-de-mordedura-de-perro-en-middletown-ohio\/#primaryimage","url":"https:\/\/thehometownlawyers.com\/wp-content\/uploads\/2019\/01\/dog-on-green-grass-field-3401608.jpg","contentUrl":"https:\/\/thehometownlawyers.com\/wp-content\/uploads\/2019\/01\/dog-on-green-grass-field-3401608.jpg","width":640,"height":426,"caption":"perro-sobre-hierba-verde-campo-3401608"},{"@type":"BreadcrumbList","@id":"https:\/\/thehometownlawyers.com\/es\/abogados-de-lesiones-personales-de-middletown\/abogados-de-mordedura-de-perro-en-middletown-ohio\/#breadcrumb","itemListElement":[{"@type":"ListItem","position":1,"name":"Home","item":"https:\/\/thehometownlawyers.com\/es\/"},{"@type":"ListItem","position":2,"name":"Abogado de Lesiones Personales en Middletown","item":"https:\/\/thehometownlawyers.com\/es\/middletown\/personal-injury-lawyer\/"},{"@type":"ListItem","position":3,"name":"Abogado de Mordedura de Perro en Middletown"}]},{"@type":"WebSite","@id":"https:\/\/thehometownlawyers.com\/es\/#website","url":"https:\/\/thehometownlawyers.com\/es\/","name":"Kruger & Hodges Hometown Injury Lawyers | Accident Attorneys","description":"Attorneys for Car, Truck and Motorcycle Accidents, Personal Injuries, and Criminal Defense.","publisher":{"@id":"https:\/\/thehometownlawyers.com\/es\/#organization"},"alternateName":"Kruger & Hodges Personal Injury Lawyers","inLanguage":"es"},{"@type":"Organization","@id":"https:\/\/thehometownlawyers.com\/es\/#organization","name":"Kruger & Hodges Hometown Injury Lawyers","alternateName":"Kruger & Hodges","url":"https:\/\/thehometownlawyers.com\/es\/","logo":{"@type":"ImageObject","inLanguage":"es","@id":"https:\/\/thehometownlawyers.com\/es\/#\/schema\/logo\/image\/","url":"https:\/\/thehometownlawyers.com\/wp-content\/uploads\/2025\/12\/revised-kh-logo-vertical-white-background-scaled.png","contentUrl":"https:\/\/thehometownlawyers.com\/wp-content\/uploads\/2025\/12\/revised-kh-logo-vertical-white-background-scaled.png","width":2560,"height":1440,"caption":"Kruger & Hodges Hometown Injury Lawyers"},"image":{"@id":"https:\/\/thehometownlawyers.com\/es\/#\/schema\/logo\/image\/"},"sameAs":["https:\/\/www.facebook.com\/KrugerHodges\/","https:\/\/www.instagram.com\/krugerhodges\/","https:\/\/www.linkedin.com\/company\/kruger-hodges-hometown-injury-lawyers\/","https:\/\/www.youtube.com\/channel\/UCeYcMaMaN2rb9jMlqt4EIdQ","https:\/\/www.tiktok.com\/@thehometownlawyer"]}]}},"_links":{"self":[{"href":"https:\/\/thehometownlawyers.com\/es\/wp-json\/wp\/v2\/pages\/21210","targetHints":{"allow":["GET"]}}],"collection":[{"href":"https:\/\/thehometownlawyers.com\/es\/wp-json\/wp\/v2\/pages"}],"about":[{"href":"https:\/\/thehometownlawyers.com\/es\/wp-json\/wp\/v2\/types\/page"}],"author":[{"embeddable":true,"href":"https:\/\/thehometownlawyers.com\/es\/wp-json\/wp\/v2\/users\/7"}],"replies":[{"embeddable":true,"href":"https:\/\/thehometownlawyers.com\/es\/wp-json\/wp\/v2\/comments?post=21210"}],"version-history":[{"count":0,"href":"https:\/\/thehometownlawyers.com\/es\/wp-json\/wp\/v2\/pages\/21210\/revisions"}],"up":[{"embeddable":true,"href":"https:\/\/thehometownlawyers.com\/es\/wp-json\/wp\/v2\/pages\/21227"}],"wp:featuredmedia":[{"embeddable":true,"href":"https:\/\/thehometownlawyers.com\/es\/wp-json\/wp\/v2\/media\/20725"}],"wp:attachment":[{"href":"https:\/\/thehometownlawyers.com\/es\/wp-json\/wp\/v2\/media?parent=21210"}],"wp:term":[{"taxonomy":"hc_faqs","embeddable":true,"href":"https:\/\/thehometownlawyers.com\/es\/wp-json\/wp\/v2\/hc_faqs?post=21210"},{"taxonomy":"hc_spanish_faqs","embeddable":true,"href":"https:\/\/thehometownlawyers.com\/es\/wp-json\/wp\/v2\/hc_spanish_faqs?post=21210"}],"curies":[{"name":"wp","href":"https:\/\/api.w.org\/{rel}","templated":true}]}}