{"id":21211,"date":"2020-05-06T21:03:07","date_gmt":"2020-05-07T01:03:07","guid":{"rendered":"https:\/\/thehometownlawyers.com\/?page_id=21211"},"modified":"2025-01-31T13:24:55","modified_gmt":"2025-01-31T18:24:55","slug":"abogado-de-mordedura-de-perro-municipio-de-ross-ohio","status":"publish","type":"page","link":"https:\/\/thehometownlawyers.com\/es\/abogado-de-mordedura-de-perro-municipio-de-ross-ohio\/","title":{"rendered":"Abogado de Mordeduras de Perros en Ross Township"},"content":{"rendered":"<h2>Ross Township, Ohio Abogado de mordedura de perro<\/h2>\n<p>Cada a\u00f1o, innumerables ni\u00f1os y adultos en Ohio realizan actividades rutinarias como visitar a un ser querido o dar un paseo. Sin embargo, al final de este viaje, terminan siendo v\u00edctimas de mordeduras de perros. Despu\u00e9s del ataque de un perro, las v\u00edctimas a menudo se sienten asustadas e impotentes, pero puede ser \u00fatil recordar que el due\u00f1o o el controlador del animal pueden ser responsables de sus p\u00e9rdidas.<\/p>\n<p>Esto no solo da como resultado una compensaci\u00f3n para las v\u00edctimas, sino que tambi\u00e9n ayuda a evitar que el perro lastime a alguien m\u00e1s en el futuro.<\/p>\n<p class=\"rs-content-cta rs-content-cta-small\">Para una consulta legal gratuita, llame al <a href=\"tel:+15138943333\">513-894-3333 <\/a><\/p><h2>Las alarmantes estad\u00edsticas detr\u00e1s de las mordeduras de perros<\/h2>\n<p>Muchas veces, los perros muerden a los humanos cuando est\u00e1n protegiendo una posesi\u00f3n o su lugar de descanso. Los perros tambi\u00e9n pueden responder agresivamente si est\u00e1n asustados, heridos, sobresaltados o enfermos.<\/p>\n<p>Dado que tantos factores pueden hacer que los perros ataquen a los humanos, puede que no sea una sorpresa saber con qu\u00e9 frecuencia ocurren los ataques de perros. Un estudio de 2010 realizado por la Agencia para la Investigaci\u00f3n y la Calidad de la Atenci\u00f3n M\u00e9dica inform\u00f3 que:<\/p>\n<ul>\n<li>316,200 visitas de emergencia en 2008 involucraron mordeduras de perros<\/li>\n<li>Los costos promedio de las estad\u00edas en el hospital asociadas con las mordeduras de perros fueron de $18,200<\/li>\n<li>Aproximadamente el 75% de las visitas relacionadas con mordeduras de perros fueron para pacientes de 44 a\u00f1os de edad y menores.<\/li>\n<li>Hubo tres veces m\u00e1s hospitalizaciones relacionadas con mordeduras de perros en \u00e1reas rurales que en \u00e1reas urbanas<\/li>\n<\/ul>\n<p class=\"rs-content-cta\">Abogado de Lesiones Personales de Ross Township Cerca de M\u00ed <a href=\"tel:+15138943333\">513-894-3333<\/a><\/p><h2>Estadificaci\u00f3n de heridas despu\u00e9s de ataques de perros en Ohio<\/h2>\n<p>Los Centros para el Control de Enfermedades <a href=\"https:\/\/www.dogsbite.org\/dog-bite-statistics.php\" target=\"_blank\" rel=\"noopener\">informan<\/a> que en 2015 ocurrieron aproximadamente 4,5 millones de casos de mordeduras de perros. Aproximadamente una de cada cinco mordeduras de perro resulta en una infecci\u00f3n.<\/p>\n<p>El Centro Nacional de Informaci\u00f3n Biotecnol\u00f3gica descompone las heridas en las siguientes etapas:<\/p>\n<ul>\n<li>La etapa I involucra una lesi\u00f3n superficial que no ha ido lo suficientemente profunda como para impactar los m\u00fasculos de una persona. Si bien estas heridas son las menos graves, a\u00fan pueden infectarse si una persona no recibe la atenci\u00f3n m\u00e9dica adecuada.<\/li>\n<li>La etapa II se caracteriza por heridas profundas que impactan los m\u00fasculos. Las lesiones de esta categor\u00eda suelen ser m\u00e1s dolorosas y con frecuencia requieren atenci\u00f3n m\u00e9dica.<\/li>\n<li>La etapa III involucra una herida severa que impacta los m\u00fasculos e involucra p\u00e9rdida de tejido o necrosis de tejido.<\/li>\n<li>La etapa IV-A involucra heridas que impactan los m\u00fasculos, tejidos y nervios de una persona. El da\u00f1o a los nervios puede provocar la p\u00e9rdida de sensibilidad en el \u00e1rea afectada y, en algunos casos, incluso puede provocar la p\u00e9rdida de extremidades completas.<\/li>\n<li>El estadio IV-B se caracteriza por lesiones que afectan los m\u00fasculos, los tejidos blandos, los nervios y los huesos de una persona. Las mordeduras de perro que llegan hasta los huesos son graves y con frecuencia resultan en discapacidades que cambian la vida.<\/li>\n<\/ul>\n<p class=\"rs-content-cta rs-content-cta-small\"><a href=\"\/es\/contacto\/\">Haga clic para contactar<\/a> con nuestros lesiones personales abogados hoy<\/p><h2>Buscando compensaci\u00f3n despu\u00e9s de un ataque de perro en Ohio<\/h2>\n<p>Las v\u00edctimas de mordeduras de perros en Ohio tienen varios m\u00e9todos para obtener una compensaci\u00f3n contra la parte responsable de su ataque. Bajo una teor\u00eda de responsabilidad estricta, el due\u00f1o o gu\u00eda del perro es responsable del ataque sin importar qu\u00e9 precauciones hayan tomado para reducir el riesgo de tal situaci\u00f3n.<\/p>\n<p>Sin embargo, las v\u00edctimas que son de alguna manera responsables del ataque no pueden buscar compensaci\u00f3n bajo esta teor\u00eda. Esto significa que a la v\u00edctima se le prohibir\u00e1 buscar una compensaci\u00f3n si invadi\u00f3 o provoc\u00f3 al perro de alguna manera. Sin embargo, incluso si una v\u00edctima es parcialmente responsable, a\u00fan es posible buscar una compensaci\u00f3n bajo una teor\u00eda de negligencia.<\/p>\n<p class=\"rs-content-cta rs-content-cta-small\">Complete una <a href=\"\/es\/contacto\/\">evaluaci\u00f3n gratuita de su caso<\/a> ahora<\/p><h2>Reconocer las se\u00f1ales de advertencia de un ataque de perro<\/h2>\n<p>Si bien puede parecer un consejo trillado, una de las mejores cosas que las personas pueden hacer para responder a los ataques de perros es comprender las se\u00f1ales de advertencia que sugieren que tal situaci\u00f3n es inminente. Aunque no es posible en todas las situaciones, algunas de las se\u00f1ales de advertencia de que un perro est\u00e1 a punto de atacar son las siguientes:<\/p>\n<ul>\n<li>El perro se levantar\u00e1 y se alejar\u00e1 o girar\u00e1 la cabeza.<\/li>\n<li>El perro te mirar\u00e1 con una expresi\u00f3n suplicante que revela el blanco de los ojos del animal.<\/li>\n<li>Un perro bostezar\u00e1 o se lamer\u00e1 las patas traseras mientras te acercas.<\/li>\n<li>El perro de repente comenzar\u00e1 a morderse, lamerse o rascarse.<\/li>\n<\/ul>\n<h2>El estatuto de limitaciones para los ataques de perros del municipio de Ross<\/h2>\n<p>Un &#8220;estatuto de limitaciones&#8221; se refiere al per\u00edodo de tiempo que una persona tiene para presentar una demanda por mordedura de perro. Si una persona presenta un reclamo fuera de este per\u00edodo de tiempo, lo m\u00e1s probable es que se le proh\u00edba buscar una compensaci\u00f3n por el ataque en un tribunal de justicia.<\/p>\n<p>El estatuto de limitaciones para demandas de responsabilidad estricta por mordedura de perro en Ohio es de seis a\u00f1os para adultos. Para los ni\u00f1os, hay una ventana de seis a\u00f1os que comienza a correr cuando cumplen 18 a\u00f1os. Esta ventana se reduce a <a href=\"https:\/\/codes.ohio.gov\/ohio-revised-code\/section-2305.10\" target=\"_blank\" rel=\"noopener\">dos a\u00f1os para las demandas por negligencia<\/a> . Al esperar, una v\u00edctima de mordedura de perro puede poner en gran peligro sus posibilidades de llevar un caso con \u00e9xito.<\/p>\n<h2>No dude en hablar con un abogado especializado en mordeduras de perro del municipio de Ross<\/h2>\n<p>En <a href=\"https:\/\/thehometownlawyers.com\/es\/\">Kruger &amp; Hodges<\/a> , entendemos cu\u00e1n desafiantes pueden ser las secuelas de una mordedura de perro. Es por eso que nos enfocamos en brindarles a las v\u00edctimas la mejor representaci\u00f3n legal posible. <a href=\"https:\/\/thehometownlawyers.com\/es\/contacto\/\">Comun\u00edquese con nuestra oficina de abogados<\/a> hoy para programar una evaluaci\u00f3n gratuita de su caso con un abogado especializado en mordeduras de perros que presta servicios en Ross Township, Ohio.<\/p>\n<p class=\"rs-content-cta rs-content-cta-small\">Llame o env\u00ede un mensaje de texto al <a href=\"tel:+15138943333\">513-894-3333<\/a> o complete una <a href=\"\/es\/contacto\/\">evaluaci\u00f3n gratuita de su caso<\/a><\/p>","protected":false},"excerpt":{"rendered":"<p>Ross Township, Ohio Abogado de mordedura de perro Cada a\u00f1o, innumerables ni\u00f1os y adultos en Ohio realizan actividades rutinarias como visitar a un ser querido o dar un paseo. Sin embargo, al final de este viaje, terminan siendo v\u00edctimas de mordeduras de perros. Despu\u00e9s del ataque de un perro, las v\u00edctimas a menudo se sienten &#8230;<\/p>\n","protected":false},"author":7,"featured_media":20725,"parent":0,"menu_order":0,"comment_status":"closed","ping_status":"closed","template":"","meta":{"_acf_changed":false,"inline_featured_image":false,"_genesis_hide_title":false,"_genesis_hide_breadcrumbs":false,"_genesis_hide_singular_image":false,"_genesis_hide_footer_widgets":false,"_genesis_custom_body_class":"","_genesis_custom_post_class":"","_genesis_layout":"","footnotes":""},"hc_faqs":[],"hc_spanish_faqs":[],"class_list":{"0":"post-21211","1":"page","2":"type-page","3":"status-publish","4":"has-post-thumbnail","6":"hc_city_location-ross-township-es","7":"entry"},"acf":[],"yoast_head":"<!-- This site is optimized with the Yoast SEO plugin v27.3 - https:\/\/yoast.com\/product\/yoast-seo-wordpress\/ -->\n<title>Abogado de mordedura de perro Municipio de Ross, Ohio: Consulta gratuita<\/title>\n<meta name=\"description\" content=\"Ross Township, Ohio Abogado de mordedura de perro Cada a\u00f1o, innumerables ni\u00f1os y adultos en Ohio realizan actividades rutinarias como visitar a un ser\" \/>\n<meta name=\"robots\" content=\"index, follow, max-snippet:-1, max-image-preview:large, max-video-preview:-1\" \/>\n<link rel=\"canonical\" href=\"https:\/\/thehometownlawyers.com\/es\/abogado-de-mordedura-de-perro-municipio-de-ross-ohio\/\" \/>\n<meta property=\"og:locale\" content=\"es_MX\" \/>\n<meta property=\"og:type\" content=\"article\" \/>\n<meta property=\"og:title\" content=\"Abogado de mordedura de perro Municipio de Ross, Ohio: Consulta gratuita\" \/>\n<meta property=\"og:description\" content=\"Ross Township, Ohio Abogado de mordedura de perro Cada a\u00f1o, innumerables ni\u00f1os y adultos en Ohio realizan actividades rutinarias como visitar a un ser\" \/>\n<meta property=\"og:url\" content=\"https:\/\/thehometownlawyers.com\/es\/abogado-de-mordedura-de-perro-municipio-de-ross-ohio\/\" \/>\n<meta property=\"og:site_name\" content=\"Kruger &amp; Hodges Abogados De Lesiones\" \/>\n<meta property=\"article:publisher\" content=\"https:\/\/www.facebook.com\/KrugerHodges\/\" \/>\n<meta property=\"article:modified_time\" content=\"2025-01-31T18:24:55+00:00\" \/>\n<meta property=\"og:image\" content=\"https:\/\/thehometownlawyers.com\/wp-content\/uploads\/2019\/01\/dog-on-green-grass-field-3401608.jpg\" \/>\n\t<meta property=\"og:image:width\" content=\"640\" \/>\n\t<meta property=\"og:image:height\" content=\"426\" \/>\n\t<meta property=\"og:image:type\" content=\"image\/jpeg\" \/>\n<meta name=\"twitter:card\" content=\"summary_large_image\" \/>\n<meta name=\"twitter:label1\" content=\"Tiempo de lectura\" \/>\n\t<meta name=\"twitter:data1\" content=\"5 minutos\" \/>\n<script type=\"application\/ld+json\" class=\"yoast-schema-graph\">{\"@context\":\"https:\\\/\\\/schema.org\",\"@graph\":[{\"@type\":\"WebPage\",\"@id\":\"https:\\\/\\\/thehometownlawyers.com\\\/es\\\/abogado-de-mordedura-de-perro-municipio-de-ross-ohio\\\/\",\"url\":\"https:\\\/\\\/thehometownlawyers.com\\\/es\\\/abogado-de-mordedura-de-perro-municipio-de-ross-ohio\\\/\",\"name\":\"Abogado de mordedura de perro Municipio de Ross, Ohio: Consulta gratuita\",\"isPartOf\":{\"@id\":\"https:\\\/\\\/thehometownlawyers.com\\\/es\\\/#website\"},\"primaryImageOfPage\":{\"@id\":\"https:\\\/\\\/thehometownlawyers.com\\\/es\\\/abogado-de-mordedura-de-perro-municipio-de-ross-ohio\\\/#primaryimage\"},\"image\":{\"@id\":\"https:\\\/\\\/thehometownlawyers.com\\\/es\\\/abogado-de-mordedura-de-perro-municipio-de-ross-ohio\\\/#primaryimage\"},\"thumbnailUrl\":\"https:\\\/\\\/thehometownlawyers.com\\\/wp-content\\\/uploads\\\/2019\\\/01\\\/dog-on-green-grass-field-3401608.jpg\",\"datePublished\":\"2020-05-07T01:03:07+00:00\",\"dateModified\":\"2025-01-31T18:24:55+00:00\",\"description\":\"Ross Township, Ohio Abogado de mordedura de perro Cada a\u00f1o, innumerables ni\u00f1os y adultos en Ohio realizan actividades rutinarias como visitar a un ser\",\"breadcrumb\":{\"@id\":\"https:\\\/\\\/thehometownlawyers.com\\\/es\\\/abogado-de-mordedura-de-perro-municipio-de-ross-ohio\\\/#breadcrumb\"},\"inLanguage\":\"es\",\"potentialAction\":[{\"@type\":\"ReadAction\",\"target\":[\"https:\\\/\\\/thehometownlawyers.com\\\/es\\\/abogado-de-mordedura-de-perro-municipio-de-ross-ohio\\\/\"]}]},{\"@type\":\"ImageObject\",\"inLanguage\":\"es\",\"@id\":\"https:\\\/\\\/thehometownlawyers.com\\\/es\\\/abogado-de-mordedura-de-perro-municipio-de-ross-ohio\\\/#primaryimage\",\"url\":\"https:\\\/\\\/thehometownlawyers.com\\\/wp-content\\\/uploads\\\/2019\\\/01\\\/dog-on-green-grass-field-3401608.jpg\",\"contentUrl\":\"https:\\\/\\\/thehometownlawyers.com\\\/wp-content\\\/uploads\\\/2019\\\/01\\\/dog-on-green-grass-field-3401608.jpg\",\"width\":640,\"height\":426,\"caption\":\"perro-sobre-hierba-verde-campo-3401608\"},{\"@type\":\"BreadcrumbList\",\"@id\":\"https:\\\/\\\/thehometownlawyers.com\\\/es\\\/abogado-de-mordedura-de-perro-municipio-de-ross-ohio\\\/#breadcrumb\",\"itemListElement\":[{\"@type\":\"ListItem\",\"position\":1,\"name\":\"Home\",\"item\":\"https:\\\/\\\/thehometownlawyers.com\\\/es\\\/\"},{\"@type\":\"ListItem\",\"position\":2,\"name\":\"Abogado de Mordeduras de Perros en Ross Township\"}]},{\"@type\":\"WebSite\",\"@id\":\"https:\\\/\\\/thehometownlawyers.com\\\/es\\\/#website\",\"url\":\"https:\\\/\\\/thehometownlawyers.com\\\/es\\\/\",\"name\":\"Kruger & Hodges Hometown Injury Lawyers | Accident Attorneys\",\"description\":\"Attorneys for Car, Truck and Motorcycle Accidents, Personal Injuries, and Criminal Defense.\",\"publisher\":{\"@id\":\"https:\\\/\\\/thehometownlawyers.com\\\/es\\\/#organization\"},\"alternateName\":\"Kruger & Hodges Personal Injury Lawyers\",\"inLanguage\":\"es\"},{\"@type\":\"Organization\",\"@id\":\"https:\\\/\\\/thehometownlawyers.com\\\/es\\\/#organization\",\"name\":\"Kruger & Hodges Hometown Injury Lawyers\",\"alternateName\":\"Kruger & Hodges\",\"url\":\"https:\\\/\\\/thehometownlawyers.com\\\/es\\\/\",\"logo\":{\"@type\":\"ImageObject\",\"inLanguage\":\"es\",\"@id\":\"https:\\\/\\\/thehometownlawyers.com\\\/es\\\/#\\\/schema\\\/logo\\\/image\\\/\",\"url\":\"https:\\\/\\\/thehometownlawyers.com\\\/wp-content\\\/uploads\\\/2025\\\/12\\\/revised-kh-logo-vertical-white-background-scaled.png\",\"contentUrl\":\"https:\\\/\\\/thehometownlawyers.com\\\/wp-content\\\/uploads\\\/2025\\\/12\\\/revised-kh-logo-vertical-white-background-scaled.png\",\"width\":2560,\"height\":1440,\"caption\":\"Kruger & Hodges Hometown Injury Lawyers\"},\"image\":{\"@id\":\"https:\\\/\\\/thehometownlawyers.com\\\/es\\\/#\\\/schema\\\/logo\\\/image\\\/\"},\"sameAs\":[\"https:\\\/\\\/www.facebook.com\\\/KrugerHodges\\\/\",\"https:\\\/\\\/www.instagram.com\\\/krugerhodges\\\/\",\"https:\\\/\\\/www.linkedin.com\\\/company\\\/kruger-hodges-hometown-injury-lawyers\\\/\",\"https:\\\/\\\/www.youtube.com\\\/channel\\\/UCeYcMaMaN2rb9jMlqt4EIdQ\",\"https:\\\/\\\/www.tiktok.com\\\/@thehometownlawyer\"]}]}<\/script>\n<!-- \/ Yoast SEO plugin. -->","yoast_head_json":{"title":"Abogado de mordedura de perro Municipio de Ross, Ohio: Consulta gratuita","description":"Ross Township, Ohio Abogado de mordedura de perro Cada a\u00f1o, innumerables ni\u00f1os y adultos en Ohio realizan actividades rutinarias como visitar a un ser","robots":{"index":"index","follow":"follow","max-snippet":"max-snippet:-1","max-image-preview":"max-image-preview:large","max-video-preview":"max-video-preview:-1"},"canonical":"https:\/\/thehometownlawyers.com\/es\/abogado-de-mordedura-de-perro-municipio-de-ross-ohio\/","og_locale":"es_MX","og_type":"article","og_title":"Abogado de mordedura de perro Municipio de Ross, Ohio: Consulta gratuita","og_description":"Ross Township, Ohio Abogado de mordedura de perro Cada a\u00f1o, innumerables ni\u00f1os y adultos en Ohio realizan actividades rutinarias como visitar a un ser","og_url":"https:\/\/thehometownlawyers.com\/es\/abogado-de-mordedura-de-perro-municipio-de-ross-ohio\/","og_site_name":"Kruger &amp; Hodges Abogados De Lesiones","article_publisher":"https:\/\/www.facebook.com\/KrugerHodges\/","article_modified_time":"2025-01-31T18:24:55+00:00","og_image":[{"width":640,"height":426,"url":"https:\/\/thehometownlawyers.com\/wp-content\/uploads\/2019\/01\/dog-on-green-grass-field-3401608.jpg","type":"image\/jpeg"}],"twitter_card":"summary_large_image","twitter_misc":{"Tiempo de lectura":"5 minutos"},"schema":{"@context":"https:\/\/schema.org","@graph":[{"@type":"WebPage","@id":"https:\/\/thehometownlawyers.com\/es\/abogado-de-mordedura-de-perro-municipio-de-ross-ohio\/","url":"https:\/\/thehometownlawyers.com\/es\/abogado-de-mordedura-de-perro-municipio-de-ross-ohio\/","name":"Abogado de mordedura de perro Municipio de Ross, Ohio: Consulta gratuita","isPartOf":{"@id":"https:\/\/thehometownlawyers.com\/es\/#website"},"primaryImageOfPage":{"@id":"https:\/\/thehometownlawyers.com\/es\/abogado-de-mordedura-de-perro-municipio-de-ross-ohio\/#primaryimage"},"image":{"@id":"https:\/\/thehometownlawyers.com\/es\/abogado-de-mordedura-de-perro-municipio-de-ross-ohio\/#primaryimage"},"thumbnailUrl":"https:\/\/thehometownlawyers.com\/wp-content\/uploads\/2019\/01\/dog-on-green-grass-field-3401608.jpg","datePublished":"2020-05-07T01:03:07+00:00","dateModified":"2025-01-31T18:24:55+00:00","description":"Ross Township, Ohio Abogado de mordedura de perro Cada a\u00f1o, innumerables ni\u00f1os y adultos en Ohio realizan actividades rutinarias como visitar a un ser","breadcrumb":{"@id":"https:\/\/thehometownlawyers.com\/es\/abogado-de-mordedura-de-perro-municipio-de-ross-ohio\/#breadcrumb"},"inLanguage":"es","potentialAction":[{"@type":"ReadAction","target":["https:\/\/thehometownlawyers.com\/es\/abogado-de-mordedura-de-perro-municipio-de-ross-ohio\/"]}]},{"@type":"ImageObject","inLanguage":"es","@id":"https:\/\/thehometownlawyers.com\/es\/abogado-de-mordedura-de-perro-municipio-de-ross-ohio\/#primaryimage","url":"https:\/\/thehometownlawyers.com\/wp-content\/uploads\/2019\/01\/dog-on-green-grass-field-3401608.jpg","contentUrl":"https:\/\/thehometownlawyers.com\/wp-content\/uploads\/2019\/01\/dog-on-green-grass-field-3401608.jpg","width":640,"height":426,"caption":"perro-sobre-hierba-verde-campo-3401608"},{"@type":"BreadcrumbList","@id":"https:\/\/thehometownlawyers.com\/es\/abogado-de-mordedura-de-perro-municipio-de-ross-ohio\/#breadcrumb","itemListElement":[{"@type":"ListItem","position":1,"name":"Home","item":"https:\/\/thehometownlawyers.com\/es\/"},{"@type":"ListItem","position":2,"name":"Abogado de Mordeduras de Perros en Ross Township"}]},{"@type":"WebSite","@id":"https:\/\/thehometownlawyers.com\/es\/#website","url":"https:\/\/thehometownlawyers.com\/es\/","name":"Kruger & Hodges Hometown Injury Lawyers | Accident Attorneys","description":"Attorneys for Car, Truck and Motorcycle Accidents, Personal Injuries, and Criminal Defense.","publisher":{"@id":"https:\/\/thehometownlawyers.com\/es\/#organization"},"alternateName":"Kruger & Hodges Personal Injury Lawyers","inLanguage":"es"},{"@type":"Organization","@id":"https:\/\/thehometownlawyers.com\/es\/#organization","name":"Kruger & Hodges Hometown Injury Lawyers","alternateName":"Kruger & Hodges","url":"https:\/\/thehometownlawyers.com\/es\/","logo":{"@type":"ImageObject","inLanguage":"es","@id":"https:\/\/thehometownlawyers.com\/es\/#\/schema\/logo\/image\/","url":"https:\/\/thehometownlawyers.com\/wp-content\/uploads\/2025\/12\/revised-kh-logo-vertical-white-background-scaled.png","contentUrl":"https:\/\/thehometownlawyers.com\/wp-content\/uploads\/2025\/12\/revised-kh-logo-vertical-white-background-scaled.png","width":2560,"height":1440,"caption":"Kruger & Hodges Hometown Injury Lawyers"},"image":{"@id":"https:\/\/thehometownlawyers.com\/es\/#\/schema\/logo\/image\/"},"sameAs":["https:\/\/www.facebook.com\/KrugerHodges\/","https:\/\/www.instagram.com\/krugerhodges\/","https:\/\/www.linkedin.com\/company\/kruger-hodges-hometown-injury-lawyers\/","https:\/\/www.youtube.com\/channel\/UCeYcMaMaN2rb9jMlqt4EIdQ","https:\/\/www.tiktok.com\/@thehometownlawyer"]}]}},"_links":{"self":[{"href":"https:\/\/thehometownlawyers.com\/es\/wp-json\/wp\/v2\/pages\/21211","targetHints":{"allow":["GET"]}}],"collection":[{"href":"https:\/\/thehometownlawyers.com\/es\/wp-json\/wp\/v2\/pages"}],"about":[{"href":"https:\/\/thehometownlawyers.com\/es\/wp-json\/wp\/v2\/types\/page"}],"author":[{"embeddable":true,"href":"https:\/\/thehometownlawyers.com\/es\/wp-json\/wp\/v2\/users\/7"}],"replies":[{"embeddable":true,"href":"https:\/\/thehometownlawyers.com\/es\/wp-json\/wp\/v2\/comments?post=21211"}],"version-history":[{"count":0,"href":"https:\/\/thehometownlawyers.com\/es\/wp-json\/wp\/v2\/pages\/21211\/revisions"}],"wp:featuredmedia":[{"embeddable":true,"href":"https:\/\/thehometownlawyers.com\/es\/wp-json\/wp\/v2\/media\/20725"}],"wp:attachment":[{"href":"https:\/\/thehometownlawyers.com\/es\/wp-json\/wp\/v2\/media?parent=21211"}],"wp:term":[{"taxonomy":"hc_faqs","embeddable":true,"href":"https:\/\/thehometownlawyers.com\/es\/wp-json\/wp\/v2\/hc_faqs?post=21211"},{"taxonomy":"hc_spanish_faqs","embeddable":true,"href":"https:\/\/thehometownlawyers.com\/es\/wp-json\/wp\/v2\/hc_spanish_faqs?post=21211"}],"curies":[{"name":"wp","href":"https:\/\/api.w.org\/{rel}","templated":true}]}}