{"id":21212,"date":"2020-05-06T20:52:16","date_gmt":"2020-05-07T00:52:16","guid":{"rendered":"https:\/\/thehometownlawyers.com\/?page_id=21212"},"modified":"2025-01-31T12:45:31","modified_gmt":"2025-01-31T17:45:31","slug":"abogado-de-mordedura-de-perro-trenton-ohio","status":"publish","type":"page","link":"https:\/\/thehometownlawyers.com\/es\/abogados-de-lesiones-personales-que-prestan-servicios-en-trenton-ohio\/abogado-de-mordedura-de-perro-trenton-ohio\/","title":{"rendered":"Abogado de Mordedura de Perro en Trenton"},"content":{"rendered":"<h2>Abogado de mordedura de perro en Trenton, Ohio<\/h2>\n<p>Si bien todos hemos o\u00eddo hablar de los perros como &#8220;el mejor amigo del hombre&#8221;, los Centros para el Control de Enfermedades (CDC) informan que cada a\u00f1o se producen <a href=\"https:\/\/www.dogsbite.org\/dog-bite-statistics.php\" target=\"_blank\" rel=\"noopener\">aproximadamente 4,5 millones<\/a> de mordeduras de perros. Aunque los ni\u00f1os y los hombres son las v\u00edctimas m\u00e1s comunes de estos ataques, todos corren el riesgo de ser gravemente heridos por los perros. Estos ataques no solo provocan lesiones f\u00edsicas graves, sino que tambi\u00e9n suelen dejar cicatrices emocionales duraderas.<\/p>\n<p class=\"rs-content-cta rs-content-cta-small\">Para una consulta legal gratuita, llame al <a href=\"tel:+15138943333\">513-894-3333 <\/a><\/p><h2>Lesiones comunes despu\u00e9s de las mordeduras de perros en Ohio<\/h2>\n<p>Seg\u00fan los estudios realizados por los CDC, es m\u00e1s probable que las personas sufran mordeduras en el brazo, las manos, las piernas, el pie, la cabeza o el cuello. Algunas de las lesiones m\u00e1s comunes que se sabe que resultan de estos ataques incluyen:<\/p>\n<ul>\n<li>amputaciones<\/li>\n<li>Contusiones, cortes y rasgu\u00f1os<\/li>\n<li>Lesiones por aplastamiento<\/li>\n<li>Dislocaciones<\/li>\n<li>Fracturas<\/li>\n<li>Heridas punzantes<\/li>\n<li>Cicatrizaci\u00f3n<\/li>\n<li>lagrimeo<\/li>\n<\/ul>\n<p class=\"rs-content-cta\">Abogado de Lesiones Personales de Trenton Cerca de M\u00ed <a href=\"tel:+15138943333\">513-894-3333<\/a><\/p><h2>Navegando las leyes de ataque de perros de Ohio<\/h2>\n<p>En muchos casos de lesiones personales, la v\u00edctima debe establecer que el acusado hizo algo por descuido o imprudencia para hacerlo responsable de sus lesiones. Las regulaciones, sin embargo, son diferentes para los reclamos por lesiones por ataques de perros. Esto se debe a que el estado de Ohio ha creado una estructura de responsabilidad estricta para las lesiones por mordedura de perro. Seg\u00fan <a href=\"https:\/\/codes.ohio.gov\/ohio-revised-code\/chapter-955\" target=\"_blank\" rel=\"noopener\">la Secci\u00f3n 955.28 del C\u00f3digo Revisado de Ohio<\/a> , los due\u00f1os de perros son responsables de las lesiones causadas por su animal. Esto es cierto incluso si el animal nunca antes actu\u00f3 agresivamente hacia los humanos.<\/p>\n<p>Ohio tambi\u00e9n ha creado reglas especiales para los &#8220;perros peligrosos&#8221;. Si alg\u00fan animal ha mostrado previamente agresi\u00f3n hacia los humanos, el due\u00f1o del perro debe tomar precauciones adicionales para proteger a los dem\u00e1s. Si usted o un ser querido fueron lastimados por un perro peligroso o resultaron heridos como resultado del comportamiento negligente del due\u00f1o o controlador del perro, es probable que su abogado de mordeduras de perro tambi\u00e9n pueda presentar un reclamo de derecho consuetudinario contra el due\u00f1o del perro por negligencia.<\/p>\n<p>Las demandas por mordedura de perro en Ohio suelen ser complejas. Algunos de los elementos que deben establecerse para tener \u00e9xito en su reclamo incluyen:<\/p>\n<ul>\n<li>Si el perro tiene antecedentes de comportamiento agresivo o de morder<\/li>\n<li>El lugar donde ocurri\u00f3 el ataque.<\/li>\n<li>Si se presentaron se\u00f1ales de advertencia sobre el peligro del perro.<\/li>\n<li>Si el propietario o controlador cumpli\u00f3 con la ley de Ohio<\/li>\n<\/ul>\n<p class=\"rs-content-cta rs-content-cta-small\"><a href=\"\/es\/contacto\/\">Haga clic para contactar<\/a> con nuestros lesiones personales abogados hoy<\/p><h2>Anticipando las defensas de los due\u00f1os de perros de Ohio<\/h2>\n<p>Los due\u00f1os de perros en Ohio son estrictamente responsables de las lesiones causadas por su perro, pero tienen algunas defensas potenciales que pueden plantear. Algunas de las defensas m\u00e1s comunes que plantean los due\u00f1os de perros de Ohio despu\u00e9s de los ataques incluyen:<\/p>\n<ul>\n<li>Si estaba cometiendo un delito penal en el momento del ataque de un perro, es posible que se le proh\u00edba buscar una compensaci\u00f3n. El delito penal puede ser allanamiento de morada, cometer un acto de violencia f\u00edsica contra otra persona o uno de muchos otros delitos penales.<\/li>\n<li>La ley de Ohio menosprecia la recuperaci\u00f3n financiera de las v\u00edctimas que provocan que los animales las ataquen. Si de alguna manera provoc\u00f3 que un perro atacara, esto podr\u00eda terminar poniendo en peligro el resultado de su caso.<\/li>\n<li>Con pocas excepciones, Ohio no permite la recuperaci\u00f3n de compensaci\u00f3n para las personas que estaban invadiendo en el momento en que ocurrieron los ataques de perros.<\/li>\n<\/ul>\n<p class=\"rs-content-cta rs-content-cta-small\">Complete una <a href=\"\/es\/contacto\/\">evaluaci\u00f3n gratuita de su caso<\/a> ahora<\/p><h2>Compensaci\u00f3n para las v\u00edctimas de mordeduras de perros en Trenton<\/h2>\n<p>Si un perro lo lastim\u00f3, tiene derecho a buscar una compensaci\u00f3n por las lesiones resultantes. Muchas veces, las lesiones por mordedura de perro se persiguen en contra de las pol\u00edticas de los propietarios de viviendas para el due\u00f1o responsable del perro. A veces, sin embargo, estos reclamos se presentan directamente contra las empresas de alquiler u otros propietarios.<\/p>\n<p>La compensaci\u00f3n incluida en los acuerdos puede compensar varios da\u00f1os que enfrentan las v\u00edctimas de ataques de perros como:<\/p>\n<ul>\n<li>Desfiguraci\u00f3n y cicatrizaci\u00f3n<\/li>\n<li>Tarifas de la sala de emergencias<\/li>\n<li>Trauma emocional<\/li>\n<li>Salarios perdidos<\/li>\n<li>Dolor y sufrimiento<\/li>\n<li>Costos de rehabilitaci\u00f3n<\/li>\n<li>Operaciones quir\u00fargicas<\/li>\n<\/ul>\n<h2>Por qu\u00e9 las v\u00edctimas de un ataque de mordedura de perro en Ohio deben actuar con rapidez<\/h2>\n<p>Ohio tiene un estatuto de limitaciones estrecho en el que una persona puede presentar una demanda por mordedura de perro.<\/p>\n<p>Si una persona intenta iniciar un caso fuera de esta ventana, se le prohibir\u00e1 hacerlo. En general, hay una ventana de seis a\u00f1os para los adultos en Ohio que desean iniciar una acci\u00f3n en un caso de accidente de perro de responsabilidad estricta. Para los ni\u00f1os, hay una ventana de tiempo de seis a\u00f1os que comienza a correr cuando el ni\u00f1o cumple 18 a\u00f1os.<\/p>\n<p>Para los casos de negligencia, <a href=\"https:\/\/codes.ohio.gov\/ohio-revised-code\/section-2305.10\" target=\"_blank\" rel=\"noopener\">el plazo de prescripci\u00f3n es de dos a\u00f1os<\/a> . Las v\u00edctimas de perros grandes no solo corren el riesgo de quedar fuera del plazo de prescripci\u00f3n a la espera de iniciar una demanda, sino que tambi\u00e9n existe el riesgo de que se pierda evidencia cr\u00edtica sobre c\u00f3mo ocurri\u00f3 un accidente.<\/p>\n<h2>Hable hoy con un abogado especializado en mordeduras de perro en Trenton<\/h2>\n<p>Si usted o un ser querido fue v\u00edctima de un ataque de perro, es posible que pueda recibir una compensaci\u00f3n por los gastos m\u00e9dicos, el dolor y el sufrimiento, la p\u00e9rdida de salarios y muchas otras complicaciones. <a href=\"https:\/\/thehometownlawyers.com\/es\/contacto\/\">Comun\u00edquese<\/a> con Kruger &amp; Hodges hoy para programar una evaluaci\u00f3n gratuita de su caso con un abogado especializado en mordeduras de perros que presta servicios en Trenton, Ohio.<\/p>\n<p class=\"rs-content-cta rs-content-cta-small\">Llame o env\u00ede un mensaje de texto al <a href=\"tel:+15138943333\">513-894-3333<\/a> o complete una <a href=\"\/es\/contacto\/\">evaluaci\u00f3n gratuita de su caso<\/a><\/p>","protected":false},"excerpt":{"rendered":"<p>Abogado de mordedura de perro en Trenton, Ohio Si bien todos hemos o\u00eddo hablar de los perros como &#8220;el mejor amigo del hombre&#8221;, los Centros para el Control de Enfermedades (CDC) informan que cada a\u00f1o se producen aproximadamente 4,5 millones de mordeduras de perros. Aunque los ni\u00f1os y los hombres son las v\u00edctimas m\u00e1s comunes &#8230;<\/p>\n","protected":false},"author":7,"featured_media":20725,"parent":21264,"menu_order":0,"comment_status":"closed","ping_status":"closed","template":"","meta":{"_acf_changed":false,"inline_featured_image":false,"_genesis_hide_title":false,"_genesis_hide_breadcrumbs":false,"_genesis_hide_singular_image":false,"_genesis_hide_footer_widgets":false,"_genesis_custom_body_class":"","_genesis_custom_post_class":"","_genesis_layout":"","footnotes":""},"hc_faqs":[],"hc_spanish_faqs":[],"class_list":{"0":"post-21212","1":"page","2":"type-page","3":"status-publish","4":"has-post-thumbnail","6":"hc_city_location-trenton-es","7":"entry"},"acf":[],"yoast_head":"<!-- This site is optimized with the Yoast SEO plugin v27.3 - https:\/\/yoast.com\/product\/yoast-seo-wordpress\/ -->\n<title>Abogado de mordedura de perro Trenton, Ohio: Consulta gratuita<\/title>\n<meta name=\"description\" content=\"Si un perro peligroso lo lastima o se lesiona debido al comportamiento negligente del due\u00f1o de un perro, su abogado de mordeduras de perro puede presentar un reclamo de derecho consuetudinario.\" \/>\n<meta name=\"robots\" content=\"index, follow, max-snippet:-1, max-image-preview:large, max-video-preview:-1\" \/>\n<link rel=\"canonical\" href=\"https:\/\/thehometownlawyers.com\/es\/abogados-de-lesiones-personales-que-prestan-servicios-en-trenton-ohio\/abogado-de-mordedura-de-perro-trenton-ohio\/\" \/>\n<meta property=\"og:locale\" content=\"es_MX\" \/>\n<meta property=\"og:type\" content=\"article\" \/>\n<meta property=\"og:title\" content=\"Abogado de mordedura de perro Trenton, Ohio: Consulta gratuita\" \/>\n<meta property=\"og:description\" content=\"Si un perro peligroso lo lastima o se lesiona debido al comportamiento negligente del due\u00f1o de un perro, su abogado de mordeduras de perro puede presentar un reclamo de derecho consuetudinario.\" \/>\n<meta property=\"og:url\" content=\"https:\/\/thehometownlawyers.com\/es\/abogados-de-lesiones-personales-que-prestan-servicios-en-trenton-ohio\/abogado-de-mordedura-de-perro-trenton-ohio\/\" \/>\n<meta property=\"og:site_name\" content=\"Kruger &amp; Hodges Abogados De Lesiones\" \/>\n<meta property=\"article:publisher\" content=\"https:\/\/www.facebook.com\/KrugerHodges\/\" \/>\n<meta property=\"article:modified_time\" content=\"2025-01-31T17:45:31+00:00\" \/>\n<meta property=\"og:image\" content=\"https:\/\/thehometownlawyers.com\/wp-content\/uploads\/2019\/01\/dog-on-green-grass-field-3401608.jpg\" \/>\n\t<meta property=\"og:image:width\" content=\"640\" \/>\n\t<meta property=\"og:image:height\" content=\"426\" \/>\n\t<meta property=\"og:image:type\" content=\"image\/jpeg\" \/>\n<meta name=\"twitter:card\" content=\"summary_large_image\" \/>\n<meta name=\"twitter:label1\" content=\"Tiempo de lectura\" \/>\n\t<meta name=\"twitter:data1\" content=\"5 minutos\" \/>\n<script type=\"application\/ld+json\" class=\"yoast-schema-graph\">{\"@context\":\"https:\\\/\\\/schema.org\",\"@graph\":[{\"@type\":\"WebPage\",\"@id\":\"https:\\\/\\\/thehometownlawyers.com\\\/es\\\/abogados-de-lesiones-personales-que-prestan-servicios-en-trenton-ohio\\\/abogado-de-mordedura-de-perro-trenton-ohio\\\/\",\"url\":\"https:\\\/\\\/thehometownlawyers.com\\\/es\\\/abogados-de-lesiones-personales-que-prestan-servicios-en-trenton-ohio\\\/abogado-de-mordedura-de-perro-trenton-ohio\\\/\",\"name\":\"Abogado de mordedura de perro Trenton, Ohio: Consulta gratuita\",\"isPartOf\":{\"@id\":\"https:\\\/\\\/thehometownlawyers.com\\\/es\\\/#website\"},\"primaryImageOfPage\":{\"@id\":\"https:\\\/\\\/thehometownlawyers.com\\\/es\\\/abogados-de-lesiones-personales-que-prestan-servicios-en-trenton-ohio\\\/abogado-de-mordedura-de-perro-trenton-ohio\\\/#primaryimage\"},\"image\":{\"@id\":\"https:\\\/\\\/thehometownlawyers.com\\\/es\\\/abogados-de-lesiones-personales-que-prestan-servicios-en-trenton-ohio\\\/abogado-de-mordedura-de-perro-trenton-ohio\\\/#primaryimage\"},\"thumbnailUrl\":\"https:\\\/\\\/thehometownlawyers.com\\\/wp-content\\\/uploads\\\/2019\\\/01\\\/dog-on-green-grass-field-3401608.jpg\",\"datePublished\":\"2020-05-07T00:52:16+00:00\",\"dateModified\":\"2025-01-31T17:45:31+00:00\",\"description\":\"Si un perro peligroso lo lastima o se lesiona debido al comportamiento negligente del due\u00f1o de un perro, su abogado de mordeduras de perro puede presentar un reclamo de derecho consuetudinario.\",\"breadcrumb\":{\"@id\":\"https:\\\/\\\/thehometownlawyers.com\\\/es\\\/abogados-de-lesiones-personales-que-prestan-servicios-en-trenton-ohio\\\/abogado-de-mordedura-de-perro-trenton-ohio\\\/#breadcrumb\"},\"inLanguage\":\"es\",\"potentialAction\":[{\"@type\":\"ReadAction\",\"target\":[\"https:\\\/\\\/thehometownlawyers.com\\\/es\\\/abogados-de-lesiones-personales-que-prestan-servicios-en-trenton-ohio\\\/abogado-de-mordedura-de-perro-trenton-ohio\\\/\"]}]},{\"@type\":\"ImageObject\",\"inLanguage\":\"es\",\"@id\":\"https:\\\/\\\/thehometownlawyers.com\\\/es\\\/abogados-de-lesiones-personales-que-prestan-servicios-en-trenton-ohio\\\/abogado-de-mordedura-de-perro-trenton-ohio\\\/#primaryimage\",\"url\":\"https:\\\/\\\/thehometownlawyers.com\\\/wp-content\\\/uploads\\\/2019\\\/01\\\/dog-on-green-grass-field-3401608.jpg\",\"contentUrl\":\"https:\\\/\\\/thehometownlawyers.com\\\/wp-content\\\/uploads\\\/2019\\\/01\\\/dog-on-green-grass-field-3401608.jpg\",\"width\":640,\"height\":426,\"caption\":\"perro-sobre-hierba-verde-campo-3401608\"},{\"@type\":\"BreadcrumbList\",\"@id\":\"https:\\\/\\\/thehometownlawyers.com\\\/es\\\/abogados-de-lesiones-personales-que-prestan-servicios-en-trenton-ohio\\\/abogado-de-mordedura-de-perro-trenton-ohio\\\/#breadcrumb\",\"itemListElement\":[{\"@type\":\"ListItem\",\"position\":1,\"name\":\"Home\",\"item\":\"https:\\\/\\\/thehometownlawyers.com\\\/es\\\/\"},{\"@type\":\"ListItem\",\"position\":2,\"name\":\"Abogado de Lesiones Personales en Trenton\",\"item\":\"https:\\\/\\\/thehometownlawyers.com\\\/es\\\/abogados-de-lesiones-personales-que-prestan-servicios-en-trenton-ohio\\\/\"},{\"@type\":\"ListItem\",\"position\":3,\"name\":\"Abogado de Mordedura de Perro en Trenton\"}]},{\"@type\":\"WebSite\",\"@id\":\"https:\\\/\\\/thehometownlawyers.com\\\/es\\\/#website\",\"url\":\"https:\\\/\\\/thehometownlawyers.com\\\/es\\\/\",\"name\":\"Kruger & Hodges Hometown Injury Lawyers | Accident Attorneys\",\"description\":\"Attorneys for Car, Truck and Motorcycle Accidents, Personal Injuries, and Criminal Defense.\",\"publisher\":{\"@id\":\"https:\\\/\\\/thehometownlawyers.com\\\/es\\\/#organization\"},\"alternateName\":\"Kruger & Hodges Personal Injury Lawyers\",\"inLanguage\":\"es\"},{\"@type\":\"Organization\",\"@id\":\"https:\\\/\\\/thehometownlawyers.com\\\/es\\\/#organization\",\"name\":\"Kruger & Hodges Hometown Injury Lawyers\",\"alternateName\":\"Kruger & Hodges\",\"url\":\"https:\\\/\\\/thehometownlawyers.com\\\/es\\\/\",\"logo\":{\"@type\":\"ImageObject\",\"inLanguage\":\"es\",\"@id\":\"https:\\\/\\\/thehometownlawyers.com\\\/es\\\/#\\\/schema\\\/logo\\\/image\\\/\",\"url\":\"https:\\\/\\\/thehometownlawyers.com\\\/wp-content\\\/uploads\\\/2025\\\/12\\\/revised-kh-logo-vertical-white-background-scaled.png\",\"contentUrl\":\"https:\\\/\\\/thehometownlawyers.com\\\/wp-content\\\/uploads\\\/2025\\\/12\\\/revised-kh-logo-vertical-white-background-scaled.png\",\"width\":2560,\"height\":1440,\"caption\":\"Kruger & Hodges Hometown Injury Lawyers\"},\"image\":{\"@id\":\"https:\\\/\\\/thehometownlawyers.com\\\/es\\\/#\\\/schema\\\/logo\\\/image\\\/\"},\"sameAs\":[\"https:\\\/\\\/www.facebook.com\\\/KrugerHodges\\\/\",\"https:\\\/\\\/www.instagram.com\\\/krugerhodges\\\/\",\"https:\\\/\\\/www.linkedin.com\\\/company\\\/kruger-hodges-hometown-injury-lawyers\\\/\",\"https:\\\/\\\/www.youtube.com\\\/channel\\\/UCeYcMaMaN2rb9jMlqt4EIdQ\",\"https:\\\/\\\/www.tiktok.com\\\/@thehometownlawyer\"]}]}<\/script>\n<!-- \/ Yoast SEO plugin. -->","yoast_head_json":{"title":"Abogado de mordedura de perro Trenton, Ohio: Consulta gratuita","description":"Si un perro peligroso lo lastima o se lesiona debido al comportamiento negligente del due\u00f1o de un perro, su abogado de mordeduras de perro puede presentar un reclamo de derecho consuetudinario.","robots":{"index":"index","follow":"follow","max-snippet":"max-snippet:-1","max-image-preview":"max-image-preview:large","max-video-preview":"max-video-preview:-1"},"canonical":"https:\/\/thehometownlawyers.com\/es\/abogados-de-lesiones-personales-que-prestan-servicios-en-trenton-ohio\/abogado-de-mordedura-de-perro-trenton-ohio\/","og_locale":"es_MX","og_type":"article","og_title":"Abogado de mordedura de perro Trenton, Ohio: Consulta gratuita","og_description":"Si un perro peligroso lo lastima o se lesiona debido al comportamiento negligente del due\u00f1o de un perro, su abogado de mordeduras de perro puede presentar un reclamo de derecho consuetudinario.","og_url":"https:\/\/thehometownlawyers.com\/es\/abogados-de-lesiones-personales-que-prestan-servicios-en-trenton-ohio\/abogado-de-mordedura-de-perro-trenton-ohio\/","og_site_name":"Kruger &amp; Hodges Abogados De Lesiones","article_publisher":"https:\/\/www.facebook.com\/KrugerHodges\/","article_modified_time":"2025-01-31T17:45:31+00:00","og_image":[{"width":640,"height":426,"url":"https:\/\/thehometownlawyers.com\/wp-content\/uploads\/2019\/01\/dog-on-green-grass-field-3401608.jpg","type":"image\/jpeg"}],"twitter_card":"summary_large_image","twitter_misc":{"Tiempo de lectura":"5 minutos"},"schema":{"@context":"https:\/\/schema.org","@graph":[{"@type":"WebPage","@id":"https:\/\/thehometownlawyers.com\/es\/abogados-de-lesiones-personales-que-prestan-servicios-en-trenton-ohio\/abogado-de-mordedura-de-perro-trenton-ohio\/","url":"https:\/\/thehometownlawyers.com\/es\/abogados-de-lesiones-personales-que-prestan-servicios-en-trenton-ohio\/abogado-de-mordedura-de-perro-trenton-ohio\/","name":"Abogado de mordedura de perro Trenton, Ohio: Consulta gratuita","isPartOf":{"@id":"https:\/\/thehometownlawyers.com\/es\/#website"},"primaryImageOfPage":{"@id":"https:\/\/thehometownlawyers.com\/es\/abogados-de-lesiones-personales-que-prestan-servicios-en-trenton-ohio\/abogado-de-mordedura-de-perro-trenton-ohio\/#primaryimage"},"image":{"@id":"https:\/\/thehometownlawyers.com\/es\/abogados-de-lesiones-personales-que-prestan-servicios-en-trenton-ohio\/abogado-de-mordedura-de-perro-trenton-ohio\/#primaryimage"},"thumbnailUrl":"https:\/\/thehometownlawyers.com\/wp-content\/uploads\/2019\/01\/dog-on-green-grass-field-3401608.jpg","datePublished":"2020-05-07T00:52:16+00:00","dateModified":"2025-01-31T17:45:31+00:00","description":"Si un perro peligroso lo lastima o se lesiona debido al comportamiento negligente del due\u00f1o de un perro, su abogado de mordeduras de perro puede presentar un reclamo de derecho consuetudinario.","breadcrumb":{"@id":"https:\/\/thehometownlawyers.com\/es\/abogados-de-lesiones-personales-que-prestan-servicios-en-trenton-ohio\/abogado-de-mordedura-de-perro-trenton-ohio\/#breadcrumb"},"inLanguage":"es","potentialAction":[{"@type":"ReadAction","target":["https:\/\/thehometownlawyers.com\/es\/abogados-de-lesiones-personales-que-prestan-servicios-en-trenton-ohio\/abogado-de-mordedura-de-perro-trenton-ohio\/"]}]},{"@type":"ImageObject","inLanguage":"es","@id":"https:\/\/thehometownlawyers.com\/es\/abogados-de-lesiones-personales-que-prestan-servicios-en-trenton-ohio\/abogado-de-mordedura-de-perro-trenton-ohio\/#primaryimage","url":"https:\/\/thehometownlawyers.com\/wp-content\/uploads\/2019\/01\/dog-on-green-grass-field-3401608.jpg","contentUrl":"https:\/\/thehometownlawyers.com\/wp-content\/uploads\/2019\/01\/dog-on-green-grass-field-3401608.jpg","width":640,"height":426,"caption":"perro-sobre-hierba-verde-campo-3401608"},{"@type":"BreadcrumbList","@id":"https:\/\/thehometownlawyers.com\/es\/abogados-de-lesiones-personales-que-prestan-servicios-en-trenton-ohio\/abogado-de-mordedura-de-perro-trenton-ohio\/#breadcrumb","itemListElement":[{"@type":"ListItem","position":1,"name":"Home","item":"https:\/\/thehometownlawyers.com\/es\/"},{"@type":"ListItem","position":2,"name":"Abogado de Lesiones Personales en Trenton","item":"https:\/\/thehometownlawyers.com\/es\/abogados-de-lesiones-personales-que-prestan-servicios-en-trenton-ohio\/"},{"@type":"ListItem","position":3,"name":"Abogado de Mordedura de Perro en Trenton"}]},{"@type":"WebSite","@id":"https:\/\/thehometownlawyers.com\/es\/#website","url":"https:\/\/thehometownlawyers.com\/es\/","name":"Kruger & Hodges Hometown Injury Lawyers | Accident Attorneys","description":"Attorneys for Car, Truck and Motorcycle Accidents, Personal Injuries, and Criminal Defense.","publisher":{"@id":"https:\/\/thehometownlawyers.com\/es\/#organization"},"alternateName":"Kruger & Hodges Personal Injury Lawyers","inLanguage":"es"},{"@type":"Organization","@id":"https:\/\/thehometownlawyers.com\/es\/#organization","name":"Kruger & Hodges Hometown Injury Lawyers","alternateName":"Kruger & Hodges","url":"https:\/\/thehometownlawyers.com\/es\/","logo":{"@type":"ImageObject","inLanguage":"es","@id":"https:\/\/thehometownlawyers.com\/es\/#\/schema\/logo\/image\/","url":"https:\/\/thehometownlawyers.com\/wp-content\/uploads\/2025\/12\/revised-kh-logo-vertical-white-background-scaled.png","contentUrl":"https:\/\/thehometownlawyers.com\/wp-content\/uploads\/2025\/12\/revised-kh-logo-vertical-white-background-scaled.png","width":2560,"height":1440,"caption":"Kruger & Hodges Hometown Injury Lawyers"},"image":{"@id":"https:\/\/thehometownlawyers.com\/es\/#\/schema\/logo\/image\/"},"sameAs":["https:\/\/www.facebook.com\/KrugerHodges\/","https:\/\/www.instagram.com\/krugerhodges\/","https:\/\/www.linkedin.com\/company\/kruger-hodges-hometown-injury-lawyers\/","https:\/\/www.youtube.com\/channel\/UCeYcMaMaN2rb9jMlqt4EIdQ","https:\/\/www.tiktok.com\/@thehometownlawyer"]}]}},"_links":{"self":[{"href":"https:\/\/thehometownlawyers.com\/es\/wp-json\/wp\/v2\/pages\/21212","targetHints":{"allow":["GET"]}}],"collection":[{"href":"https:\/\/thehometownlawyers.com\/es\/wp-json\/wp\/v2\/pages"}],"about":[{"href":"https:\/\/thehometownlawyers.com\/es\/wp-json\/wp\/v2\/types\/page"}],"author":[{"embeddable":true,"href":"https:\/\/thehometownlawyers.com\/es\/wp-json\/wp\/v2\/users\/7"}],"replies":[{"embeddable":true,"href":"https:\/\/thehometownlawyers.com\/es\/wp-json\/wp\/v2\/comments?post=21212"}],"version-history":[{"count":0,"href":"https:\/\/thehometownlawyers.com\/es\/wp-json\/wp\/v2\/pages\/21212\/revisions"}],"up":[{"embeddable":true,"href":"https:\/\/thehometownlawyers.com\/es\/wp-json\/wp\/v2\/pages\/21264"}],"wp:featuredmedia":[{"embeddable":true,"href":"https:\/\/thehometownlawyers.com\/es\/wp-json\/wp\/v2\/media\/20725"}],"wp:attachment":[{"href":"https:\/\/thehometownlawyers.com\/es\/wp-json\/wp\/v2\/media?parent=21212"}],"wp:term":[{"taxonomy":"hc_faqs","embeddable":true,"href":"https:\/\/thehometownlawyers.com\/es\/wp-json\/wp\/v2\/hc_faqs?post=21212"},{"taxonomy":"hc_spanish_faqs","embeddable":true,"href":"https:\/\/thehometownlawyers.com\/es\/wp-json\/wp\/v2\/hc_spanish_faqs?post=21212"}],"curies":[{"name":"wp","href":"https:\/\/api.w.org\/{rel}","templated":true}]}}