{"id":21213,"date":"2020-05-06T20:47:21","date_gmt":"2020-05-07T00:47:21","guid":{"rendered":"https:\/\/thehometownlawyers.com\/?page_id=21213"},"modified":"2025-01-31T13:06:18","modified_gmt":"2025-01-31T18:06:18","slug":"abogado-de-mordedura-de-perro-en-west-chester-ohio","status":"publish","type":"page","link":"https:\/\/thehometownlawyers.com\/es\/abogados-de-lesiones-personales-de-west-chester\/abogado-de-mordedura-de-perro-en-west-chester-ohio\/","title":{"rendered":"Abogado de Mordedura de Perro en West Chester"},"content":{"rendered":"<h2>Abogado de mordedura de perro West Chester, Ohio<\/h2>\n<p>En Ohio, la v\u00edctima del ataque de un perro puede responsabilizar al due\u00f1o o controlador del perro por las lesiones y p\u00e9rdidas resultantes. Los reclamos por lesiones personales pueden ser un salvavidas para las v\u00edctimas de mordeduras de perros porque a menudo enfrentan muchas complicaciones como resultado de sus lesiones graves, incluidas facturas m\u00e9dicas elevadas, salarios perdidos y otras dificultades.<\/p>\n<p>Si bien puede ser abrumador enfrentar las consecuencias del ataque de un perro, puede ser \u00fatil conocer la siguiente informaci\u00f3n de antemano.<\/p>\n<p class=\"rs-content-cta rs-content-cta-small\">Para una consulta legal gratuita, llame al <a href=\"tel:+15138943333\">513-894-3333 <\/a><\/p><h2>Lesiones comunes despu\u00e9s de los ataques de perros en Ohio<\/h2>\n<p>Cuando ocurren ataques de perros en Ohio, a menudo son repentinos e inesperados. Algunas de las lesiones m\u00e1s comunes que reciben las v\u00edctimas de mordeduras de perros incluyen.<\/p>\n<ul>\n<li>Amputaci\u00f3n<\/li>\n<li>Huesos rotos y fracturados<\/li>\n<li>Da\u00f1o emocional<\/li>\n<li>Infecci\u00f3n<\/li>\n<li>Heridas punzantes<\/li>\n<li>M\u00fasculos y tendones desgarrados<\/li>\n<li>Cicatrizaci\u00f3n<\/li>\n<li>carne desgarrada<\/li>\n<\/ul>\n<p class=\"rs-content-cta\">Abogado de Lesiones Personales de West Chester Cerca de M\u00ed <a href=\"tel:+15138943333\">513-894-3333<\/a><\/p><h2><strong>Compensaci\u00f3n despu\u00e9s de los ataques de perros en West Chester<\/strong><\/h2>\n<p>Las v\u00edctimas de ataques de perros pueden obtener una compensaci\u00f3n por varios tipos de da\u00f1os. Estos da\u00f1os se dividen en da\u00f1os econ\u00f3micos, que tienen un valor en d\u00f3lares f\u00e1cilmente asignable, y da\u00f1os no econ\u00f3micos, que son mucho m\u00e1s dif\u00edciles de cuantificar.<\/p>\n<p>Los da\u00f1os econ\u00f3micos incluyen cosas como costos m\u00e9dicos, salarios perdidos, costos de atenci\u00f3n futura, disminuci\u00f3n de la capacidad de ingresos y facturas de terapia. Los da\u00f1os no econ\u00f3micos incluyen cosas como dolor y sufrimiento y angustia mental. Adem\u00e1s, si un ser querido muere como resultado del ataque de un perro, es posible buscar una compensaci\u00f3n por cosas como los costos del funeral y los gastos m\u00e9dicos antes de que la v\u00edctima falleciera.<\/p>\n<p class=\"rs-content-cta rs-content-cta-small\"><a href=\"\/es\/contacto\/\">Haga clic para contactar<\/a> con nuestros lesiones personales abogados hoy<\/p><h2>Leyes de Ohio que abordan los ataques de perros<\/h2>\n<p>Una v\u00edctima del ataque de un perro puede utilizar varias teor\u00edas legales para buscar una compensaci\u00f3n contra la parte que pose\u00eda o controlaba al animal en el momento del ataque. En primer lugar, <a href=\"https:\/\/codes.findlaw.com\/oh\/title-ix-agriculture-animals-fences\/oh-rev-code-sect-955-28.html\" target=\"_blank\" rel=\"noopener\">seg\u00fan la teor\u00eda de la responsabilidad estricta<\/a> , el due\u00f1o o el controlador del perro es responsable del ataque independientemente de las precauciones que haya tomado para reducir o evitar un ataque.<\/p>\n<p>Sin embargo, para prevalecer bajo esta teor\u00eda, una v\u00edctima no debe haber jugado ning\u00fan papel en causar un ataque. Esto significa que una v\u00edctima que provoc\u00f3 al perro o estaba invadiendo en el momento del ataque tendr\u00e1 prohibido buscar compensaci\u00f3n bajo responsabilidad estricta.<\/p>\n<p>Una segunda forma de buscar una compensaci\u00f3n despu\u00e9s de un ataque de perro es bajo el principio de negligencia. Bajo este principio, una v\u00edctima puede solicitar una compensaci\u00f3n incluso si fue parcialmente responsable de un accidente. Un caso basado en negligencia requiere que la v\u00edctima del ataque del perro establezca que el due\u00f1o del animal no ejerci\u00f3 un cuidado razonable para controlar al animal o evitar que ocurriera el ataque.<\/p>\n<p class=\"rs-content-cta rs-content-cta-small\">Complete una <a href=\"\/es\/contacto\/\">evaluaci\u00f3n gratuita de su caso<\/a> ahora<\/p><h2>Defensas com\u00fanmente planteadas por los due\u00f1os de perros de Ohio<\/h2>\n<p>Un factor que a menudo hace que los casos de mordeduras de perros sean m\u00e1s desafiantes es que los due\u00f1os de perros pueden presentar varias defensas. Algunas de las defensas m\u00e1s comunes que plantean los due\u00f1os de perros de Ohio despu\u00e9s de un ataque incluyen.<\/p>\n<ul>\n<li><strong>Conducta criminal. <\/strong>Si la v\u00edctima del ataque del perro estaba cometiendo un delito penal en ese momento, como allanamiento de morada, se le podr\u00eda prohibir a la persona buscar una compensaci\u00f3n. Algunos de los tipos m\u00e1s comunes de delitos penales incluyen allanamiento de morada o agredir a alguien.<\/li>\n<li><strong>Provocaci\u00f3n.<\/strong> Si la v\u00edctima del ataque del perro provoc\u00f3 de alguna manera al animal que condujo al ataque, esto podr\u00eda impedir que la v\u00edctima obtenga una compensaci\u00f3n.<\/li>\n<li><strong>Entrar Sin Derecho.<\/strong> Las v\u00edctimas de ataques de perros que estaban traspasando en el momento del encuentro a menudo tienen m\u00e1s dificultades para obtener una compensaci\u00f3n. Estas tres defensas a menudo se plantean en respuesta a demandas de responsabilidad objetiva. Sin embargo, en los casos de negligencia, un propietario puede argumentar que \u00e9l o ella nunca supo sobre la naturaleza violenta del perro o que nunca hab\u00eda observado que el perro mostrara tendencias agresivas. Esto se debe a que los tribunales de Ohio a veces encuentran que el due\u00f1o no es responsable si no ten\u00eda conocimiento sobre la naturaleza agresiva del perro.<\/li>\n<\/ul>\n<h2>El estatuto de limitaciones despu\u00e9s de los ataques de perros en Ohio<\/h2>\n<p>Las v\u00edctimas de ataques de perros deben darse cuenta de que existe un &#8220;estatuto de limitaciones&#8221; estrecho que una persona tiene para presentar una demanda por mordedura de perro. Si una persona trata de presentar un reclamo una vez transcurrido este per\u00edodo, es probable que se le proh\u00edba solicitar una compensaci\u00f3n por da\u00f1os y perjuicios. El estatuto de limitaciones en Ohio es diferente para las demandas de responsabilidad estricta y negligencia.<\/p>\n<p>El estatuto de limitaciones para las demandas por mordedura de perro de responsabilidad estricta es de seis a\u00f1os en Ohio. Para las personas menores de 18 a\u00f1os, existe una ventana de seis a\u00f1os que comienza a correr cuando esa persona cumple 18 a\u00f1os. Esta ventana se reduce a <a href=\"https:\/\/codes.ohio.gov\/ohio-revised-code\/section-2305.10\" target=\"_blank\" rel=\"noopener\">dos a\u00f1os<\/a> para demandas por negligencia.<\/p>\n<h2>Hable con un abogado de mordeduras de perro<\/h2>\n<p>Despu\u00e9s de los ataques de perros, uno de los mejores pasos que puede tomar es hablar con un abogado experto en mordeduras de perros que trabaje en West Chester, Ohio. <a href=\"https:\/\/thehometownlawyers.com\/es\/contacto\/\">Comun\u00edquese con Kruger &amp; Hodges<\/a> hoy para programar una evaluaci\u00f3n gratuita de su caso.<\/p>\n<p class=\"rs-content-cta rs-content-cta-small\">Llame o env\u00ede un mensaje de texto al <a href=\"tel:+15138943333\">513-894-3333<\/a> o complete una <a href=\"\/es\/contacto\/\">evaluaci\u00f3n gratuita de su caso<\/a><\/p>","protected":false},"excerpt":{"rendered":"<p>Abogado de mordedura de perro West Chester, Ohio En Ohio, la v\u00edctima del ataque de un perro puede responsabilizar al due\u00f1o o controlador del perro por las lesiones y p\u00e9rdidas resultantes. Los reclamos por lesiones personales pueden ser un salvavidas para las v\u00edctimas de mordeduras de perros porque a menudo enfrentan muchas complicaciones como resultado &#8230;<\/p>\n","protected":false},"author":7,"featured_media":20725,"parent":21231,"menu_order":0,"comment_status":"closed","ping_status":"closed","template":"","meta":{"_acf_changed":false,"inline_featured_image":false,"_genesis_hide_title":false,"_genesis_hide_breadcrumbs":false,"_genesis_hide_singular_image":false,"_genesis_hide_footer_widgets":false,"_genesis_custom_body_class":"","_genesis_custom_post_class":"","_genesis_layout":"","footnotes":""},"hc_faqs":[],"hc_spanish_faqs":[],"class_list":{"0":"post-21213","1":"page","2":"type-page","3":"status-publish","4":"has-post-thumbnail","6":"hc_city_location-west-chester-es","7":"entry"},"acf":[],"yoast_head":"<!-- This site is optimized with the Yoast SEO plugin v27.4 - https:\/\/yoast.com\/product\/yoast-seo-wordpress\/ -->\n<title>Abogado de mordedura de perro en West Chester, Ohio: Consulta gratuita<\/title>\n<meta name=\"description\" content=\"Abogado de mordedura de perro West Chester, Ohio En Ohio, la v\u00edctima del ataque de un perro puede responsabilizar al due\u00f1o o controlador del perro por las\" \/>\n<meta name=\"robots\" content=\"index, follow, max-snippet:-1, max-image-preview:large, max-video-preview:-1\" \/>\n<link rel=\"canonical\" href=\"https:\/\/thehometownlawyers.com\/es\/abogados-de-lesiones-personales-de-west-chester\/abogado-de-mordedura-de-perro-en-west-chester-ohio\/\" \/>\n<meta property=\"og:locale\" content=\"es_MX\" \/>\n<meta property=\"og:type\" content=\"article\" \/>\n<meta property=\"og:title\" content=\"Abogado de mordedura de perro en West Chester, Ohio: Consulta gratuita\" \/>\n<meta property=\"og:description\" content=\"Abogado de mordedura de perro West Chester, Ohio En Ohio, la v\u00edctima del ataque de un perro puede responsabilizar al due\u00f1o o controlador del perro por las\" \/>\n<meta property=\"og:url\" content=\"https:\/\/thehometownlawyers.com\/es\/abogados-de-lesiones-personales-de-west-chester\/abogado-de-mordedura-de-perro-en-west-chester-ohio\/\" \/>\n<meta property=\"og:site_name\" content=\"Kruger &amp; Hodges Abogados De Lesiones\" \/>\n<meta property=\"article:publisher\" content=\"https:\/\/www.facebook.com\/KrugerHodges\/\" \/>\n<meta property=\"article:modified_time\" content=\"2025-01-31T18:06:18+00:00\" \/>\n<meta property=\"og:image\" content=\"https:\/\/thehometownlawyers.com\/wp-content\/uploads\/2019\/01\/dog-on-green-grass-field-3401608.jpg\" \/>\n\t<meta property=\"og:image:width\" content=\"640\" \/>\n\t<meta property=\"og:image:height\" content=\"426\" \/>\n\t<meta property=\"og:image:type\" content=\"image\/jpeg\" \/>\n<meta name=\"twitter:card\" content=\"summary_large_image\" \/>\n<meta name=\"twitter:label1\" content=\"Tiempo de lectura\" \/>\n\t<meta name=\"twitter:data1\" content=\"5 minutos\" \/>\n<script type=\"application\/ld+json\" class=\"yoast-schema-graph\">{\"@context\":\"https:\\\/\\\/schema.org\",\"@graph\":[{\"@type\":\"WebPage\",\"@id\":\"https:\\\/\\\/thehometownlawyers.com\\\/es\\\/abogados-de-lesiones-personales-de-west-chester\\\/abogado-de-mordedura-de-perro-en-west-chester-ohio\\\/\",\"url\":\"https:\\\/\\\/thehometownlawyers.com\\\/es\\\/abogados-de-lesiones-personales-de-west-chester\\\/abogado-de-mordedura-de-perro-en-west-chester-ohio\\\/\",\"name\":\"Abogado de mordedura de perro en West Chester, Ohio: Consulta gratuita\",\"isPartOf\":{\"@id\":\"https:\\\/\\\/thehometownlawyers.com\\\/es\\\/#website\"},\"primaryImageOfPage\":{\"@id\":\"https:\\\/\\\/thehometownlawyers.com\\\/es\\\/abogados-de-lesiones-personales-de-west-chester\\\/abogado-de-mordedura-de-perro-en-west-chester-ohio\\\/#primaryimage\"},\"image\":{\"@id\":\"https:\\\/\\\/thehometownlawyers.com\\\/es\\\/abogados-de-lesiones-personales-de-west-chester\\\/abogado-de-mordedura-de-perro-en-west-chester-ohio\\\/#primaryimage\"},\"thumbnailUrl\":\"https:\\\/\\\/thehometownlawyers.com\\\/wp-content\\\/uploads\\\/2019\\\/01\\\/dog-on-green-grass-field-3401608.jpg\",\"datePublished\":\"2020-05-07T00:47:21+00:00\",\"dateModified\":\"2025-01-31T18:06:18+00:00\",\"description\":\"Abogado de mordedura de perro West Chester, Ohio En Ohio, la v\u00edctima del ataque de un perro puede responsabilizar al due\u00f1o o controlador del perro por las\",\"breadcrumb\":{\"@id\":\"https:\\\/\\\/thehometownlawyers.com\\\/es\\\/abogados-de-lesiones-personales-de-west-chester\\\/abogado-de-mordedura-de-perro-en-west-chester-ohio\\\/#breadcrumb\"},\"inLanguage\":\"es\",\"potentialAction\":[{\"@type\":\"ReadAction\",\"target\":[\"https:\\\/\\\/thehometownlawyers.com\\\/es\\\/abogados-de-lesiones-personales-de-west-chester\\\/abogado-de-mordedura-de-perro-en-west-chester-ohio\\\/\"]}]},{\"@type\":\"ImageObject\",\"inLanguage\":\"es\",\"@id\":\"https:\\\/\\\/thehometownlawyers.com\\\/es\\\/abogados-de-lesiones-personales-de-west-chester\\\/abogado-de-mordedura-de-perro-en-west-chester-ohio\\\/#primaryimage\",\"url\":\"https:\\\/\\\/thehometownlawyers.com\\\/wp-content\\\/uploads\\\/2019\\\/01\\\/dog-on-green-grass-field-3401608.jpg\",\"contentUrl\":\"https:\\\/\\\/thehometownlawyers.com\\\/wp-content\\\/uploads\\\/2019\\\/01\\\/dog-on-green-grass-field-3401608.jpg\",\"width\":640,\"height\":426,\"caption\":\"perro-sobre-hierba-verde-campo-3401608\"},{\"@type\":\"BreadcrumbList\",\"@id\":\"https:\\\/\\\/thehometownlawyers.com\\\/es\\\/abogados-de-lesiones-personales-de-west-chester\\\/abogado-de-mordedura-de-perro-en-west-chester-ohio\\\/#breadcrumb\",\"itemListElement\":[{\"@type\":\"ListItem\",\"position\":1,\"name\":\"Home\",\"item\":\"https:\\\/\\\/thehometownlawyers.com\\\/es\\\/\"},{\"@type\":\"ListItem\",\"position\":2,\"name\":\"Abogado de Lesiones Personales en West Chester\",\"item\":\"https:\\\/\\\/thehometownlawyers.com\\\/es\\\/abogados-de-lesiones-personales-de-west-chester\\\/\"},{\"@type\":\"ListItem\",\"position\":3,\"name\":\"Abogado de Mordedura de Perro en West Chester\"}]},{\"@type\":\"WebSite\",\"@id\":\"https:\\\/\\\/thehometownlawyers.com\\\/es\\\/#website\",\"url\":\"https:\\\/\\\/thehometownlawyers.com\\\/es\\\/\",\"name\":\"Kruger & Hodges Hometown Injury Lawyers | Accident Attorneys\",\"description\":\"Attorneys for Car, Truck and Motorcycle Accidents, Personal Injuries, and Criminal Defense.\",\"publisher\":{\"@id\":\"https:\\\/\\\/thehometownlawyers.com\\\/es\\\/#organization\"},\"alternateName\":\"Kruger & Hodges Personal Injury Lawyers\",\"inLanguage\":\"es\"},{\"@type\":\"Organization\",\"@id\":\"https:\\\/\\\/thehometownlawyers.com\\\/es\\\/#organization\",\"name\":\"Kruger & Hodges Hometown Injury Lawyers\",\"alternateName\":\"Kruger & Hodges\",\"url\":\"https:\\\/\\\/thehometownlawyers.com\\\/es\\\/\",\"logo\":{\"@type\":\"ImageObject\",\"inLanguage\":\"es\",\"@id\":\"https:\\\/\\\/thehometownlawyers.com\\\/es\\\/#\\\/schema\\\/logo\\\/image\\\/\",\"url\":\"https:\\\/\\\/thehometownlawyers.com\\\/wp-content\\\/uploads\\\/2025\\\/12\\\/revised-kh-logo-vertical-white-background-scaled.png\",\"contentUrl\":\"https:\\\/\\\/thehometownlawyers.com\\\/wp-content\\\/uploads\\\/2025\\\/12\\\/revised-kh-logo-vertical-white-background-scaled.png\",\"width\":2560,\"height\":1440,\"caption\":\"Kruger & Hodges Hometown Injury Lawyers\"},\"image\":{\"@id\":\"https:\\\/\\\/thehometownlawyers.com\\\/es\\\/#\\\/schema\\\/logo\\\/image\\\/\"},\"sameAs\":[\"https:\\\/\\\/www.facebook.com\\\/KrugerHodges\\\/\",\"https:\\\/\\\/www.instagram.com\\\/krugerhodges\\\/\",\"https:\\\/\\\/www.linkedin.com\\\/company\\\/kruger-hodges-hometown-injury-lawyers\\\/\",\"https:\\\/\\\/www.youtube.com\\\/channel\\\/UCeYcMaMaN2rb9jMlqt4EIdQ\",\"https:\\\/\\\/www.tiktok.com\\\/@thehometownlawyer\"]}]}<\/script>\n<!-- \/ Yoast SEO plugin. -->","yoast_head_json":{"title":"Abogado de mordedura de perro en West Chester, Ohio: Consulta gratuita","description":"Abogado de mordedura de perro West Chester, Ohio En Ohio, la v\u00edctima del ataque de un perro puede responsabilizar al due\u00f1o o controlador del perro por las","robots":{"index":"index","follow":"follow","max-snippet":"max-snippet:-1","max-image-preview":"max-image-preview:large","max-video-preview":"max-video-preview:-1"},"canonical":"https:\/\/thehometownlawyers.com\/es\/abogados-de-lesiones-personales-de-west-chester\/abogado-de-mordedura-de-perro-en-west-chester-ohio\/","og_locale":"es_MX","og_type":"article","og_title":"Abogado de mordedura de perro en West Chester, Ohio: Consulta gratuita","og_description":"Abogado de mordedura de perro West Chester, Ohio En Ohio, la v\u00edctima del ataque de un perro puede responsabilizar al due\u00f1o o controlador del perro por las","og_url":"https:\/\/thehometownlawyers.com\/es\/abogados-de-lesiones-personales-de-west-chester\/abogado-de-mordedura-de-perro-en-west-chester-ohio\/","og_site_name":"Kruger &amp; Hodges Abogados De Lesiones","article_publisher":"https:\/\/www.facebook.com\/KrugerHodges\/","article_modified_time":"2025-01-31T18:06:18+00:00","og_image":[{"width":640,"height":426,"url":"https:\/\/thehometownlawyers.com\/wp-content\/uploads\/2019\/01\/dog-on-green-grass-field-3401608.jpg","type":"image\/jpeg"}],"twitter_card":"summary_large_image","twitter_misc":{"Tiempo de lectura":"5 minutos"},"schema":{"@context":"https:\/\/schema.org","@graph":[{"@type":"WebPage","@id":"https:\/\/thehometownlawyers.com\/es\/abogados-de-lesiones-personales-de-west-chester\/abogado-de-mordedura-de-perro-en-west-chester-ohio\/","url":"https:\/\/thehometownlawyers.com\/es\/abogados-de-lesiones-personales-de-west-chester\/abogado-de-mordedura-de-perro-en-west-chester-ohio\/","name":"Abogado de mordedura de perro en West Chester, Ohio: Consulta gratuita","isPartOf":{"@id":"https:\/\/thehometownlawyers.com\/es\/#website"},"primaryImageOfPage":{"@id":"https:\/\/thehometownlawyers.com\/es\/abogados-de-lesiones-personales-de-west-chester\/abogado-de-mordedura-de-perro-en-west-chester-ohio\/#primaryimage"},"image":{"@id":"https:\/\/thehometownlawyers.com\/es\/abogados-de-lesiones-personales-de-west-chester\/abogado-de-mordedura-de-perro-en-west-chester-ohio\/#primaryimage"},"thumbnailUrl":"https:\/\/thehometownlawyers.com\/wp-content\/uploads\/2019\/01\/dog-on-green-grass-field-3401608.jpg","datePublished":"2020-05-07T00:47:21+00:00","dateModified":"2025-01-31T18:06:18+00:00","description":"Abogado de mordedura de perro West Chester, Ohio En Ohio, la v\u00edctima del ataque de un perro puede responsabilizar al due\u00f1o o controlador del perro por las","breadcrumb":{"@id":"https:\/\/thehometownlawyers.com\/es\/abogados-de-lesiones-personales-de-west-chester\/abogado-de-mordedura-de-perro-en-west-chester-ohio\/#breadcrumb"},"inLanguage":"es","potentialAction":[{"@type":"ReadAction","target":["https:\/\/thehometownlawyers.com\/es\/abogados-de-lesiones-personales-de-west-chester\/abogado-de-mordedura-de-perro-en-west-chester-ohio\/"]}]},{"@type":"ImageObject","inLanguage":"es","@id":"https:\/\/thehometownlawyers.com\/es\/abogados-de-lesiones-personales-de-west-chester\/abogado-de-mordedura-de-perro-en-west-chester-ohio\/#primaryimage","url":"https:\/\/thehometownlawyers.com\/wp-content\/uploads\/2019\/01\/dog-on-green-grass-field-3401608.jpg","contentUrl":"https:\/\/thehometownlawyers.com\/wp-content\/uploads\/2019\/01\/dog-on-green-grass-field-3401608.jpg","width":640,"height":426,"caption":"perro-sobre-hierba-verde-campo-3401608"},{"@type":"BreadcrumbList","@id":"https:\/\/thehometownlawyers.com\/es\/abogados-de-lesiones-personales-de-west-chester\/abogado-de-mordedura-de-perro-en-west-chester-ohio\/#breadcrumb","itemListElement":[{"@type":"ListItem","position":1,"name":"Home","item":"https:\/\/thehometownlawyers.com\/es\/"},{"@type":"ListItem","position":2,"name":"Abogado de Lesiones Personales en West Chester","item":"https:\/\/thehometownlawyers.com\/es\/abogados-de-lesiones-personales-de-west-chester\/"},{"@type":"ListItem","position":3,"name":"Abogado de Mordedura de Perro en West Chester"}]},{"@type":"WebSite","@id":"https:\/\/thehometownlawyers.com\/es\/#website","url":"https:\/\/thehometownlawyers.com\/es\/","name":"Kruger & Hodges Hometown Injury Lawyers | Accident Attorneys","description":"Attorneys for Car, Truck and Motorcycle Accidents, Personal Injuries, and Criminal Defense.","publisher":{"@id":"https:\/\/thehometownlawyers.com\/es\/#organization"},"alternateName":"Kruger & Hodges Personal Injury Lawyers","inLanguage":"es"},{"@type":"Organization","@id":"https:\/\/thehometownlawyers.com\/es\/#organization","name":"Kruger & Hodges Hometown Injury Lawyers","alternateName":"Kruger & Hodges","url":"https:\/\/thehometownlawyers.com\/es\/","logo":{"@type":"ImageObject","inLanguage":"es","@id":"https:\/\/thehometownlawyers.com\/es\/#\/schema\/logo\/image\/","url":"https:\/\/thehometownlawyers.com\/wp-content\/uploads\/2025\/12\/revised-kh-logo-vertical-white-background-scaled.png","contentUrl":"https:\/\/thehometownlawyers.com\/wp-content\/uploads\/2025\/12\/revised-kh-logo-vertical-white-background-scaled.png","width":2560,"height":1440,"caption":"Kruger & Hodges Hometown Injury Lawyers"},"image":{"@id":"https:\/\/thehometownlawyers.com\/es\/#\/schema\/logo\/image\/"},"sameAs":["https:\/\/www.facebook.com\/KrugerHodges\/","https:\/\/www.instagram.com\/krugerhodges\/","https:\/\/www.linkedin.com\/company\/kruger-hodges-hometown-injury-lawyers\/","https:\/\/www.youtube.com\/channel\/UCeYcMaMaN2rb9jMlqt4EIdQ","https:\/\/www.tiktok.com\/@thehometownlawyer"]}]}},"_links":{"self":[{"href":"https:\/\/thehometownlawyers.com\/es\/wp-json\/wp\/v2\/pages\/21213","targetHints":{"allow":["GET"]}}],"collection":[{"href":"https:\/\/thehometownlawyers.com\/es\/wp-json\/wp\/v2\/pages"}],"about":[{"href":"https:\/\/thehometownlawyers.com\/es\/wp-json\/wp\/v2\/types\/page"}],"author":[{"embeddable":true,"href":"https:\/\/thehometownlawyers.com\/es\/wp-json\/wp\/v2\/users\/7"}],"replies":[{"embeddable":true,"href":"https:\/\/thehometownlawyers.com\/es\/wp-json\/wp\/v2\/comments?post=21213"}],"version-history":[{"count":0,"href":"https:\/\/thehometownlawyers.com\/es\/wp-json\/wp\/v2\/pages\/21213\/revisions"}],"up":[{"embeddable":true,"href":"https:\/\/thehometownlawyers.com\/es\/wp-json\/wp\/v2\/pages\/21231"}],"wp:featuredmedia":[{"embeddable":true,"href":"https:\/\/thehometownlawyers.com\/es\/wp-json\/wp\/v2\/media\/20725"}],"wp:attachment":[{"href":"https:\/\/thehometownlawyers.com\/es\/wp-json\/wp\/v2\/media?parent=21213"}],"wp:term":[{"taxonomy":"hc_faqs","embeddable":true,"href":"https:\/\/thehometownlawyers.com\/es\/wp-json\/wp\/v2\/hc_faqs?post=21213"},{"taxonomy":"hc_spanish_faqs","embeddable":true,"href":"https:\/\/thehometownlawyers.com\/es\/wp-json\/wp\/v2\/hc_spanish_faqs?post=21213"}],"curies":[{"name":"wp","href":"https:\/\/api.w.org\/{rel}","templated":true}]}}