{"id":21214,"date":"2020-04-23T12:50:35","date_gmt":"2020-04-23T16:50:35","guid":{"rendered":"https:\/\/thehometownlawyers.com\/?page_id=21214"},"modified":"2025-04-03T13:55:14","modified_gmt":"2025-04-03T17:55:14","slug":"abogado-de-accidentes-automovilisticos-west-chester-ohio","status":"publish","type":"page","link":"https:\/\/thehometownlawyers.com\/es\/abogados-de-lesiones-personales-de-west-chester\/abogado-de-accidentes-automovilisticos-west-chester-ohio\/","title":{"rendered":"Abogado de Accidente Automovil\u00edstico en West Chester"},"content":{"rendered":"<h2>Abogado de accidentes automovil\u00edsticos de West Chester<\/h2>\n<p>Como uno de los 13 municipios del condado de Butler, el municipio de West Chester est\u00e1 ubicado entre Sharonville y el municipio de Liberty. La <a href=\"https:\/\/www.wcpo.com\/news\/local-news\/butler-county\/butler-county-leaders-work-together-to-reduce-car-crashes-deaths\" target=\"_blank\" rel=\"noopener\">buena noticia<\/a> es que los esfuerzos de la Patrulla de Caminos de Ohio y la polic\u00eda de West Chester han hecho que las carreteras en el \u00e1rea sean mucho m\u00e1s seguras y la tasa de accidentes automovil\u00edsticos mortales ha disminuido en los \u00faltimos a\u00f1os.<\/p>\n<p>Ya sea que ocurra en la carretera interestatal 75 o en cualquier otra carretera del condado de Butler, un accidente automovil\u00edstico en West Chester a menudo deja a las v\u00edctimas sin saber c\u00f3mo proceder para obtener la compensaci\u00f3n que merecen.<\/p>\n<p class=\"rs-content-cta rs-content-cta-small\">Para una consulta legal gratuita, llame al <a href=\"tel:+15138943333\">513-894-3333 <\/a><\/p><h2>Tipos comunes de accidentes automovil\u00edsticos en West Chester<\/h2>\n<p>Los accidentes automovil\u00edsticos no ocurren de una sola manera. En cambio, existen innumerables tipos de accidentes automovil\u00edsticos, y cada uno tiene el potencial de dejar a las v\u00edctimas con consecuencias devastadoras. Mientras que algunos accidentes solo resultan en golpes y moretones, otros dejan a las v\u00edctimas hospitalizadas. Los accidentes automovil\u00edsticos m\u00e1s graves resultan en la muerte de las v\u00edctimas. Los accidentes automovil\u00edsticos pueden involucrar uno o varios veh\u00edculos. Los accidentes automovil\u00edsticos tambi\u00e9n pueden involucrar autom\u00f3viles, peatones, motocicletas, camiones o cualquier combinaci\u00f3n de estos veh\u00edculos.<\/p>\n<p>Algunos de los tipos m\u00e1s comunes de accidentes que enfrentan nuestros abogados incluyen:<\/p>\n<ul>\n<li><strong>Colisiones frontales .<\/strong> Uno de los tipos de accidentes automovil\u00edsticos m\u00e1s mortales, estas colisiones involucran la colisi\u00f3n de veh\u00edculos que viajan en direcciones opuestas. Muchas veces, estos accidentes ocurren porque un conductor viaja en sentido contrario debido a la falta de familiaridad con un lugar o al manejo imprudente.<\/li>\n<li><strong>Choques de varios veh\u00edculos. <\/strong>Estos accidentes involucran a m\u00e1s de dos veh\u00edculos y con frecuencia dejan a numerosas v\u00edctimas con lesiones. Si bien es com\u00fan que ocurran colisiones en las carreteras, tambi\u00e9n pueden ocurrir m\u00faltiples choques de veh\u00edculos en las intersecciones. A menudo, despu\u00e9s de una colisi\u00f3n inicial, un conductor cercano no puede detenerse a tiempo y tambi\u00e9n se ve involucrado en el accidente.<\/li>\n<li><strong>Colisiones traseras .<\/strong> Estos accidentes a menudo ocurren porque los conductores no est\u00e1n prestando atenci\u00f3n o moment\u00e1neamente desv\u00edan su atenci\u00f3n del camino. Como resultado, la parte delantera de los veh\u00edculos de estos conductores termina chocando con la parte trasera del veh\u00edculo que les precede.<\/li>\n<li><strong><a href=\"https:\/\/thehometownlawyers.com\/es\/preguntas-frecuentes\/lesiones-causadas-por-colisiones-de-impacto-lateral\/\">Colisiones de impacto lateral<\/a> .<\/strong> Estos accidentes ocurren m\u00e1s com\u00fanmente cuando los conductores de veh\u00edculos motorizados giran a la izquierda en las intersecciones. Debido a que los costados de los veh\u00edculos no est\u00e1n tan adecuadamente protegidos como la parte delantera o trasera, el da\u00f1o causado por estos accidentes suele ser m\u00e1s devastador.<\/li>\n<li><strong>Accidentes de un solo veh\u00edculo .<\/strong> Si bien muchos accidentes automovil\u00edsticos involucran a varios veh\u00edculos, los conductores tambi\u00e9n pueden golpear a peatones u objetos estacionarios. Debido a que carecen de poca o ninguna protecci\u00f3n, los peatones a menudo resultan gravemente heridos por colisiones de veh\u00edculos.<\/li>\n<\/ul>\n<p>Si bien no hay dos accidentes automovil\u00edsticos exactamente iguales, un elemento com\u00fan relacionado con los accidentes es que dejan a las v\u00edctimas da\u00f1os financieros sustanciales, as\u00ed como da\u00f1os mentales o f\u00edsicos. No importa qu\u00e9 precauciones de seguridad siga un conductor, el peligro de terminar en un accidente nunca se elimina.<\/p>\n<p class=\"rs-content-cta\">Abogado de Lesiones Personales de West Chester Cerca de M\u00ed <a href=\"tel:+15138943333\">513-894-3333<\/a><\/p><h2>Lesiones com\u00fanmente causadas por accidentes automovil\u00edsticos en Ohio<\/h2>\n<p>Algunas personas piensan que los \u00fanicos da\u00f1os causados por accidentes automovil\u00edsticos son lesiones f\u00edsicas, pero estas colisiones tambi\u00e9n provocan muchos otros tipos de da\u00f1os. Muchas v\u00edctimas de accidentes automovil\u00edsticos experimentan traumas psicol\u00f3gicos adem\u00e1s de lesiones f\u00edsicas. Cada uno de estos desaf\u00edos tiene el potencial de alterar sustancialmente la calidad de vida de una persona. En el peor de los casos, los pacientes requieren a\u00f1os de terapia o rehabilitaci\u00f3n para controlar este dolor.<\/p>\n<p>Algunas de las lesiones m\u00e1s comunes que sufren las v\u00edctimas de accidentes automovil\u00edsticos incluyen:<\/p>\n<ul>\n<li>Huesos rotos, que a menudo son causados por la fuerza violenta causada por colisiones de veh\u00edculos.<\/li>\n<li>Laceraciones, que en los peores accidentes automovil\u00edsticos pueden provocar la p\u00e9rdida de extremidades.<\/li>\n<li>Lesiones de la m\u00e9dula espinal, que, seg\u00fan las v\u00e9rtebras afectadas, pueden dejar a una persona con movilidad limitada o par\u00e1lisis total.<\/li>\n<li>Lesiones cerebrales traum\u00e1ticas, que pueden variar desde par\u00e1lisis parcial a total y dejar a una persona incapaz de comunicarse o recordar cosas.<\/li>\n<li><a href=\"https:\/\/www.mayoclinic.org\/diseases-conditions\/whiplash\/symptoms-causes\/syc-20378921\" target=\"_blank\" rel=\"noopener\">Latigazo<\/a> cervical, que ocurre cuando el cuello de una persona se sacude violentamente de un lado a otro debido a una colisi\u00f3n repentina y puede dejar a las v\u00edctimas con un dolor considerable.<\/li>\n<\/ul>\n<p>Independientemente de las lesiones que sufra, es importante comprender que muchas veces el cuerpo de una persona est\u00e1 lleno de adrenalina despu\u00e9s de un accidente. Esto puede dificultar la evaluaci\u00f3n precisa de las lesiones de una persona. Es fundamental recibir una evaluaci\u00f3n m\u00e9dica incluso si no cree que haya resultado gravemente herido en un accidente.<\/p>\n<p class=\"rs-content-cta rs-content-cta-small\"><a href=\"\/es\/contacto\/\">Haga clic para contactar<\/a> con nuestros lesiones personales abogados hoy<\/p><h2>Hable con un abogado experto en accidentes automovil\u00edsticos de West Chester, Ohio<\/h2>\n<p>Las v\u00edctimas de accidentes automovil\u00edsticos a menudo enfrentan desaf\u00edos sustanciales. Ya sea una compensaci\u00f3n por salarios perdidos, facturas m\u00e9dicas o cualquier otro tipo de da\u00f1os, un <a href=\"https:\/\/thehometownlawyers.com\/es\/\">abogado de lesiones<\/a> de West Chester puede ayudarlo. Comun\u00edquese con <a href=\"https:\/\/thehometownlawyers.com\/es\/\">Kruger &amp; Hodges<\/a> hoy para programar una evaluaci\u00f3n gratuita de su caso con un abogado de accidentes automovil\u00edsticos de West Chester, Ohio.<\/p>\n<p class=\"rs-content-cta rs-content-cta-small\">Llame o env\u00ede un mensaje de texto al <a href=\"tel:+15138943333\">513-894-3333<\/a> o complete una <a href=\"\/es\/contacto\/\">evaluaci\u00f3n gratuita de su caso<\/a><\/p>","protected":false},"excerpt":{"rendered":"<p>Abogado de accidentes automovil\u00edsticos de West Chester Como uno de los 13 municipios del condado de Butler, el municipio de West Chester est\u00e1 ubicado entre Sharonville y el municipio de Liberty. La buena noticia es que los esfuerzos de la Patrulla de Caminos de Ohio y la polic\u00eda de West Chester han hecho que las &#8230;<\/p>\n","protected":false},"author":7,"featured_media":24632,"parent":21231,"menu_order":0,"comment_status":"closed","ping_status":"closed","template":"","meta":{"_acf_changed":false,"inline_featured_image":false,"_genesis_hide_title":false,"_genesis_hide_breadcrumbs":false,"_genesis_hide_singular_image":false,"_genesis_hide_footer_widgets":false,"_genesis_custom_body_class":"","_genesis_custom_post_class":"","_genesis_layout":"","footnotes":""},"hc_faqs":[],"hc_spanish_faqs":[],"class_list":{"0":"post-21214","1":"page","2":"type-page","3":"status-publish","4":"has-post-thumbnail","6":"hc_city_location-west-chester-es","7":"entry"},"acf":[],"yoast_head":"<!-- This site is optimized with the Yoast SEO plugin v27.4 - https:\/\/yoast.com\/product\/yoast-seo-wordpress\/ -->\n<title>Abogado de accidentes automovil\u00edsticos West Chester, Ohio: Consulta gratuita<\/title>\n<meta name=\"description\" content=\"Abogado de accidentes automovil\u00edsticos de West Chester Como uno de los 13 municipios del condado de Butler, el municipio de West Chester est\u00e1 ubicado\" \/>\n<meta name=\"robots\" content=\"index, follow, max-snippet:-1, max-image-preview:large, max-video-preview:-1\" \/>\n<link rel=\"canonical\" href=\"https:\/\/thehometownlawyers.com\/es\/abogados-de-lesiones-personales-de-west-chester\/abogado-de-accidentes-automovilisticos-west-chester-ohio\/\" \/>\n<meta property=\"og:locale\" content=\"es_MX\" \/>\n<meta property=\"og:type\" content=\"article\" \/>\n<meta property=\"og:title\" content=\"Abogado de accidentes automovil\u00edsticos West Chester, Ohio: Consulta gratuita\" \/>\n<meta property=\"og:description\" content=\"Abogado de accidentes automovil\u00edsticos de West Chester Como uno de los 13 municipios del condado de Butler, el municipio de West Chester est\u00e1 ubicado\" \/>\n<meta property=\"og:url\" content=\"https:\/\/thehometownlawyers.com\/es\/abogados-de-lesiones-personales-de-west-chester\/abogado-de-accidentes-automovilisticos-west-chester-ohio\/\" \/>\n<meta property=\"og:site_name\" content=\"Kruger &amp; Hodges Abogados De Lesiones\" \/>\n<meta property=\"article:publisher\" content=\"https:\/\/www.facebook.com\/KrugerHodges\/\" \/>\n<meta property=\"article:modified_time\" content=\"2025-04-03T17:55:14+00:00\" \/>\n<meta property=\"og:image\" content=\"https:\/\/thehometownlawyers.com\/wp-content\/uploads\/2025\/03\/abogado-de-accidentes-automovilisticos-west-chester-ohio.jpg\" \/>\n\t<meta property=\"og:image:width\" content=\"768\" \/>\n\t<meta property=\"og:image:height\" content=\"512\" \/>\n\t<meta property=\"og:image:type\" content=\"image\/jpeg\" \/>\n<meta name=\"twitter:card\" content=\"summary_large_image\" \/>\n<meta name=\"twitter:label1\" content=\"Tiempo de lectura\" \/>\n\t<meta name=\"twitter:data1\" content=\"4 minutos\" \/>\n<script type=\"application\/ld+json\" class=\"yoast-schema-graph\">{\"@context\":\"https:\\\/\\\/schema.org\",\"@graph\":[{\"@type\":\"WebPage\",\"@id\":\"https:\\\/\\\/thehometownlawyers.com\\\/es\\\/abogados-de-lesiones-personales-de-west-chester\\\/abogado-de-accidentes-automovilisticos-west-chester-ohio\\\/\",\"url\":\"https:\\\/\\\/thehometownlawyers.com\\\/es\\\/abogados-de-lesiones-personales-de-west-chester\\\/abogado-de-accidentes-automovilisticos-west-chester-ohio\\\/\",\"name\":\"Abogado de accidentes automovil\u00edsticos West Chester, Ohio: Consulta gratuita\",\"isPartOf\":{\"@id\":\"https:\\\/\\\/thehometownlawyers.com\\\/es\\\/#website\"},\"primaryImageOfPage\":{\"@id\":\"https:\\\/\\\/thehometownlawyers.com\\\/es\\\/abogados-de-lesiones-personales-de-west-chester\\\/abogado-de-accidentes-automovilisticos-west-chester-ohio\\\/#primaryimage\"},\"image\":{\"@id\":\"https:\\\/\\\/thehometownlawyers.com\\\/es\\\/abogados-de-lesiones-personales-de-west-chester\\\/abogado-de-accidentes-automovilisticos-west-chester-ohio\\\/#primaryimage\"},\"thumbnailUrl\":\"https:\\\/\\\/thehometownlawyers.com\\\/wp-content\\\/uploads\\\/2025\\\/03\\\/abogado-de-accidentes-automovilisticos-west-chester-ohio.jpg\",\"datePublished\":\"2020-04-23T16:50:35+00:00\",\"dateModified\":\"2025-04-03T17:55:14+00:00\",\"description\":\"Abogado de accidentes automovil\u00edsticos de West Chester Como uno de los 13 municipios del condado de Butler, el municipio de West Chester est\u00e1 ubicado\",\"breadcrumb\":{\"@id\":\"https:\\\/\\\/thehometownlawyers.com\\\/es\\\/abogados-de-lesiones-personales-de-west-chester\\\/abogado-de-accidentes-automovilisticos-west-chester-ohio\\\/#breadcrumb\"},\"inLanguage\":\"es\",\"potentialAction\":[{\"@type\":\"ReadAction\",\"target\":[\"https:\\\/\\\/thehometownlawyers.com\\\/es\\\/abogados-de-lesiones-personales-de-west-chester\\\/abogado-de-accidentes-automovilisticos-west-chester-ohio\\\/\"]}]},{\"@type\":\"ImageObject\",\"inLanguage\":\"es\",\"@id\":\"https:\\\/\\\/thehometownlawyers.com\\\/es\\\/abogados-de-lesiones-personales-de-west-chester\\\/abogado-de-accidentes-automovilisticos-west-chester-ohio\\\/#primaryimage\",\"url\":\"https:\\\/\\\/thehometownlawyers.com\\\/wp-content\\\/uploads\\\/2025\\\/03\\\/abogado-de-accidentes-automovilisticos-west-chester-ohio.jpg\",\"contentUrl\":\"https:\\\/\\\/thehometownlawyers.com\\\/wp-content\\\/uploads\\\/2025\\\/03\\\/abogado-de-accidentes-automovilisticos-west-chester-ohio.jpg\",\"width\":768,\"height\":512,\"caption\":\"Driver hand examining dented car with damaged fender parked on city street side.\"},{\"@type\":\"BreadcrumbList\",\"@id\":\"https:\\\/\\\/thehometownlawyers.com\\\/es\\\/abogados-de-lesiones-personales-de-west-chester\\\/abogado-de-accidentes-automovilisticos-west-chester-ohio\\\/#breadcrumb\",\"itemListElement\":[{\"@type\":\"ListItem\",\"position\":1,\"name\":\"Home\",\"item\":\"https:\\\/\\\/thehometownlawyers.com\\\/es\\\/\"},{\"@type\":\"ListItem\",\"position\":2,\"name\":\"Abogado de Lesiones Personales en West Chester\",\"item\":\"https:\\\/\\\/thehometownlawyers.com\\\/es\\\/abogados-de-lesiones-personales-de-west-chester\\\/\"},{\"@type\":\"ListItem\",\"position\":3,\"name\":\"Abogado de Accidente Automovil\u00edstico en West Chester\"}]},{\"@type\":\"WebSite\",\"@id\":\"https:\\\/\\\/thehometownlawyers.com\\\/es\\\/#website\",\"url\":\"https:\\\/\\\/thehometownlawyers.com\\\/es\\\/\",\"name\":\"Kruger & Hodges Hometown Injury Lawyers | Accident Attorneys\",\"description\":\"Attorneys for Car, Truck and Motorcycle Accidents, Personal Injuries, and Criminal Defense.\",\"publisher\":{\"@id\":\"https:\\\/\\\/thehometownlawyers.com\\\/es\\\/#organization\"},\"alternateName\":\"Kruger & Hodges Personal Injury Lawyers\",\"inLanguage\":\"es\"},{\"@type\":\"Organization\",\"@id\":\"https:\\\/\\\/thehometownlawyers.com\\\/es\\\/#organization\",\"name\":\"Kruger & Hodges Hometown Injury Lawyers\",\"alternateName\":\"Kruger & Hodges\",\"url\":\"https:\\\/\\\/thehometownlawyers.com\\\/es\\\/\",\"logo\":{\"@type\":\"ImageObject\",\"inLanguage\":\"es\",\"@id\":\"https:\\\/\\\/thehometownlawyers.com\\\/es\\\/#\\\/schema\\\/logo\\\/image\\\/\",\"url\":\"https:\\\/\\\/thehometownlawyers.com\\\/wp-content\\\/uploads\\\/2025\\\/12\\\/revised-kh-logo-vertical-white-background-scaled.png\",\"contentUrl\":\"https:\\\/\\\/thehometownlawyers.com\\\/wp-content\\\/uploads\\\/2025\\\/12\\\/revised-kh-logo-vertical-white-background-scaled.png\",\"width\":2560,\"height\":1440,\"caption\":\"Kruger & Hodges Hometown Injury Lawyers\"},\"image\":{\"@id\":\"https:\\\/\\\/thehometownlawyers.com\\\/es\\\/#\\\/schema\\\/logo\\\/image\\\/\"},\"sameAs\":[\"https:\\\/\\\/www.facebook.com\\\/KrugerHodges\\\/\",\"https:\\\/\\\/www.instagram.com\\\/krugerhodges\\\/\",\"https:\\\/\\\/www.linkedin.com\\\/company\\\/kruger-hodges-hometown-injury-lawyers\\\/\",\"https:\\\/\\\/www.youtube.com\\\/channel\\\/UCeYcMaMaN2rb9jMlqt4EIdQ\",\"https:\\\/\\\/www.tiktok.com\\\/@thehometownlawyer\"]}]}<\/script>\n<!-- \/ Yoast SEO plugin. -->","yoast_head_json":{"title":"Abogado de accidentes automovil\u00edsticos West Chester, Ohio: Consulta gratuita","description":"Abogado de accidentes automovil\u00edsticos de West Chester Como uno de los 13 municipios del condado de Butler, el municipio de West Chester est\u00e1 ubicado","robots":{"index":"index","follow":"follow","max-snippet":"max-snippet:-1","max-image-preview":"max-image-preview:large","max-video-preview":"max-video-preview:-1"},"canonical":"https:\/\/thehometownlawyers.com\/es\/abogados-de-lesiones-personales-de-west-chester\/abogado-de-accidentes-automovilisticos-west-chester-ohio\/","og_locale":"es_MX","og_type":"article","og_title":"Abogado de accidentes automovil\u00edsticos West Chester, Ohio: Consulta gratuita","og_description":"Abogado de accidentes automovil\u00edsticos de West Chester Como uno de los 13 municipios del condado de Butler, el municipio de West Chester est\u00e1 ubicado","og_url":"https:\/\/thehometownlawyers.com\/es\/abogados-de-lesiones-personales-de-west-chester\/abogado-de-accidentes-automovilisticos-west-chester-ohio\/","og_site_name":"Kruger &amp; Hodges Abogados De Lesiones","article_publisher":"https:\/\/www.facebook.com\/KrugerHodges\/","article_modified_time":"2025-04-03T17:55:14+00:00","og_image":[{"width":768,"height":512,"url":"https:\/\/thehometownlawyers.com\/wp-content\/uploads\/2025\/03\/abogado-de-accidentes-automovilisticos-west-chester-ohio.jpg","type":"image\/jpeg"}],"twitter_card":"summary_large_image","twitter_misc":{"Tiempo de lectura":"4 minutos"},"schema":{"@context":"https:\/\/schema.org","@graph":[{"@type":"WebPage","@id":"https:\/\/thehometownlawyers.com\/es\/abogados-de-lesiones-personales-de-west-chester\/abogado-de-accidentes-automovilisticos-west-chester-ohio\/","url":"https:\/\/thehometownlawyers.com\/es\/abogados-de-lesiones-personales-de-west-chester\/abogado-de-accidentes-automovilisticos-west-chester-ohio\/","name":"Abogado de accidentes automovil\u00edsticos West Chester, Ohio: Consulta gratuita","isPartOf":{"@id":"https:\/\/thehometownlawyers.com\/es\/#website"},"primaryImageOfPage":{"@id":"https:\/\/thehometownlawyers.com\/es\/abogados-de-lesiones-personales-de-west-chester\/abogado-de-accidentes-automovilisticos-west-chester-ohio\/#primaryimage"},"image":{"@id":"https:\/\/thehometownlawyers.com\/es\/abogados-de-lesiones-personales-de-west-chester\/abogado-de-accidentes-automovilisticos-west-chester-ohio\/#primaryimage"},"thumbnailUrl":"https:\/\/thehometownlawyers.com\/wp-content\/uploads\/2025\/03\/abogado-de-accidentes-automovilisticos-west-chester-ohio.jpg","datePublished":"2020-04-23T16:50:35+00:00","dateModified":"2025-04-03T17:55:14+00:00","description":"Abogado de accidentes automovil\u00edsticos de West Chester Como uno de los 13 municipios del condado de Butler, el municipio de West Chester est\u00e1 ubicado","breadcrumb":{"@id":"https:\/\/thehometownlawyers.com\/es\/abogados-de-lesiones-personales-de-west-chester\/abogado-de-accidentes-automovilisticos-west-chester-ohio\/#breadcrumb"},"inLanguage":"es","potentialAction":[{"@type":"ReadAction","target":["https:\/\/thehometownlawyers.com\/es\/abogados-de-lesiones-personales-de-west-chester\/abogado-de-accidentes-automovilisticos-west-chester-ohio\/"]}]},{"@type":"ImageObject","inLanguage":"es","@id":"https:\/\/thehometownlawyers.com\/es\/abogados-de-lesiones-personales-de-west-chester\/abogado-de-accidentes-automovilisticos-west-chester-ohio\/#primaryimage","url":"https:\/\/thehometownlawyers.com\/wp-content\/uploads\/2025\/03\/abogado-de-accidentes-automovilisticos-west-chester-ohio.jpg","contentUrl":"https:\/\/thehometownlawyers.com\/wp-content\/uploads\/2025\/03\/abogado-de-accidentes-automovilisticos-west-chester-ohio.jpg","width":768,"height":512,"caption":"Driver hand examining dented car with damaged fender parked on city street side."},{"@type":"BreadcrumbList","@id":"https:\/\/thehometownlawyers.com\/es\/abogados-de-lesiones-personales-de-west-chester\/abogado-de-accidentes-automovilisticos-west-chester-ohio\/#breadcrumb","itemListElement":[{"@type":"ListItem","position":1,"name":"Home","item":"https:\/\/thehometownlawyers.com\/es\/"},{"@type":"ListItem","position":2,"name":"Abogado de Lesiones Personales en West Chester","item":"https:\/\/thehometownlawyers.com\/es\/abogados-de-lesiones-personales-de-west-chester\/"},{"@type":"ListItem","position":3,"name":"Abogado de Accidente Automovil\u00edstico en West Chester"}]},{"@type":"WebSite","@id":"https:\/\/thehometownlawyers.com\/es\/#website","url":"https:\/\/thehometownlawyers.com\/es\/","name":"Kruger & Hodges Hometown Injury Lawyers | Accident Attorneys","description":"Attorneys for Car, Truck and Motorcycle Accidents, Personal Injuries, and Criminal Defense.","publisher":{"@id":"https:\/\/thehometownlawyers.com\/es\/#organization"},"alternateName":"Kruger & Hodges Personal Injury Lawyers","inLanguage":"es"},{"@type":"Organization","@id":"https:\/\/thehometownlawyers.com\/es\/#organization","name":"Kruger & Hodges Hometown Injury Lawyers","alternateName":"Kruger & Hodges","url":"https:\/\/thehometownlawyers.com\/es\/","logo":{"@type":"ImageObject","inLanguage":"es","@id":"https:\/\/thehometownlawyers.com\/es\/#\/schema\/logo\/image\/","url":"https:\/\/thehometownlawyers.com\/wp-content\/uploads\/2025\/12\/revised-kh-logo-vertical-white-background-scaled.png","contentUrl":"https:\/\/thehometownlawyers.com\/wp-content\/uploads\/2025\/12\/revised-kh-logo-vertical-white-background-scaled.png","width":2560,"height":1440,"caption":"Kruger & Hodges Hometown Injury Lawyers"},"image":{"@id":"https:\/\/thehometownlawyers.com\/es\/#\/schema\/logo\/image\/"},"sameAs":["https:\/\/www.facebook.com\/KrugerHodges\/","https:\/\/www.instagram.com\/krugerhodges\/","https:\/\/www.linkedin.com\/company\/kruger-hodges-hometown-injury-lawyers\/","https:\/\/www.youtube.com\/channel\/UCeYcMaMaN2rb9jMlqt4EIdQ","https:\/\/www.tiktok.com\/@thehometownlawyer"]}]}},"_links":{"self":[{"href":"https:\/\/thehometownlawyers.com\/es\/wp-json\/wp\/v2\/pages\/21214","targetHints":{"allow":["GET"]}}],"collection":[{"href":"https:\/\/thehometownlawyers.com\/es\/wp-json\/wp\/v2\/pages"}],"about":[{"href":"https:\/\/thehometownlawyers.com\/es\/wp-json\/wp\/v2\/types\/page"}],"author":[{"embeddable":true,"href":"https:\/\/thehometownlawyers.com\/es\/wp-json\/wp\/v2\/users\/7"}],"replies":[{"embeddable":true,"href":"https:\/\/thehometownlawyers.com\/es\/wp-json\/wp\/v2\/comments?post=21214"}],"version-history":[{"count":0,"href":"https:\/\/thehometownlawyers.com\/es\/wp-json\/wp\/v2\/pages\/21214\/revisions"}],"up":[{"embeddable":true,"href":"https:\/\/thehometownlawyers.com\/es\/wp-json\/wp\/v2\/pages\/21231"}],"wp:featuredmedia":[{"embeddable":true,"href":"https:\/\/thehometownlawyers.com\/es\/wp-json\/wp\/v2\/media\/24632"}],"wp:attachment":[{"href":"https:\/\/thehometownlawyers.com\/es\/wp-json\/wp\/v2\/media?parent=21214"}],"wp:term":[{"taxonomy":"hc_faqs","embeddable":true,"href":"https:\/\/thehometownlawyers.com\/es\/wp-json\/wp\/v2\/hc_faqs?post=21214"},{"taxonomy":"hc_spanish_faqs","embeddable":true,"href":"https:\/\/thehometownlawyers.com\/es\/wp-json\/wp\/v2\/hc_spanish_faqs?post=21214"}],"curies":[{"name":"wp","href":"https:\/\/api.w.org\/{rel}","templated":true}]}}