{"id":21215,"date":"2020-04-22T21:21:26","date_gmt":"2020-04-23T01:21:26","guid":{"rendered":"https:\/\/thehometownlawyers.com\/?page_id=21215"},"modified":"2025-01-31T10:41:51","modified_gmt":"2025-01-31T15:41:51","slug":"abogados-de-accidentes-de-semirremolques-en-middletown-ohio","status":"publish","type":"page","link":"https:\/\/thehometownlawyers.com\/es\/abogados-de-accidentes-de-semirremolques-en-middletown-ohio\/","title":{"rendered":"Abogado de Accidente de Semi en Middletown"},"content":{"rendered":"<h2>Abogados de accidentes de semirremolques de Middletown, Ohio<\/h2>\n<p>Como una de las ciudades m\u00e1s grandes del \u00e1rea de Ohio-Kentucky-Indiana, Middletown alberga varios negocios. Si bien la ciudad fue una vez el hogar de AK Steel Holding Corporation (Arcmo), muchas empresas todav\u00eda operan en la ciudad y es com\u00fan ver camiones operando en todo Middletown. Los abogados de accidentes de semirremolques de <a href=\"https:\/\/thehometownlawyers.com\/about\/\">Kruger &amp; Hodges<\/a> en Middletown tienen una amplia experiencia en la defensa de los derechos de las personas lesionadas en choques con semirremolques y camiones de dieciocho ruedas. <a href=\"https:\/\/thehometownlawyers.com\/contact\/\">Cont\u00e1ctenos<\/a> para una consulta gratuita si result\u00f3 herido en un accidente de cami\u00f3n.<\/p>\n<p>Si bien muchos conductores de camiones viajan de manera segura entre ubicaciones, no todos lo hacen. El Departamento de Seguridad P\u00fablica de Ohio informa que los camiones comprenden el 3% de todos los veh\u00edculos registrados en los Estados Unidos, pero comprenden el 9% de todos los veh\u00edculos involucrados en choques fatales. Este art\u00edculo examina algunos detalles adicionales sobre c\u00f3mo ocurren los accidentes de camiones en el estado.<\/p>\n<p class=\"rs-content-cta rs-content-cta-small\">Para una consulta legal gratuita, llame al <a href=\"tel:+15138059841\">513-805-9841 <\/a><\/p><h2>Establecimiento de responsabilidad despu\u00e9s de un accidente de semirremolque<\/h2>\n<p>Despu\u00e9s de los accidentes de camiones, es fundamental determinar qui\u00e9n es responsable para que pueda obtener una compensaci\u00f3n. La parte que se considerar\u00e1 responsable de un accidente de cami\u00f3n es aquella cuya negligencia caus\u00f3 el accidente. Sin embargo, no es necesario que sea una sola entidad.<\/p>\n<p>Si bien el conductor de un cami\u00f3n puede ser responsable de un accidente, la empresa que contrat\u00f3 al conductor tambi\u00e9n podr\u00eda ser responsable del accidente. Algunos de los elementos que podemos ayudar a las v\u00edctimas de accidentes a usar para establecer que un conductor de cami\u00f3n debe ser responsable de la compensaci\u00f3n incluyen:<\/p>\n<ul>\n<li><strong>Negligencia del conductor del cami\u00f3n.<\/strong> Los conductores de camiones tienen <a href=\"https:\/\/www.fmcsa.dot.gov\/registration\/commercial-drivers-license\" target=\"_blank\" rel=\"noopener\">licencias de conducir comerciales<\/a> (CDL) y, como resultado, est\u00e1n sujetos a un est\u00e1ndar m\u00e1s alto que la mayor\u00eda de los dem\u00e1s automovilistas. Estas reglamentaciones est\u00e1n establecidas por la Administraci\u00f3n Federal de Seguridad de Autotransportes y abordan una amplia gama de reglamentaciones relacionadas con las inspecciones, el mantenimiento, el tama\u00f1o de los veh\u00edculos y la cobertura de seguros. Debido a que los conductores de CDL deben seguir todas las normas de transporte por carretera y evitar cuidadosamente los accidentes, los conductores de camiones pueden ser considerados negligentes si no cumplen con esta norma.<\/li>\n<li><strong>Negligencia de la empresa de transporte. <\/strong>Los conductores de camiones se clasifican como empleados o contratistas independientes. Si un conductor de cami\u00f3n es un empleado y por negligencia causa un accidente, la empresa de camiones tambi\u00e9n puede ser considerada responsable.<\/li>\n<\/ul>\n<p class=\"rs-content-cta\">Abogado de Accidente de Cami\u00f3n de Middletown Cerca de M\u00ed <a href=\"tel:+15138059841\">513-805-9841<\/a><\/p><h2>Razones comunes de los accidentes de semirremolques en Ohio<\/h2>\n<p>Para determinar qui\u00e9n es responsable de un accidente de cami\u00f3n, es fundamental averiguar cu\u00e1l fue la causa del accidente. Si bien un oficial de la ley tambi\u00e9n investigar\u00e1 la causa del accidente, es probable que la compa\u00f1\u00eda del conductor del cami\u00f3n tambi\u00e9n contrate a una parte para investigar las cosas. Algunos de los factores m\u00e1s com\u00fanmente atribuidos a los accidentes de camiones en Ohio incluyen:<\/p>\n<ul>\n<li>piezas de camiones defectuosas<\/li>\n<li>Conducci\u00f3n distra\u00edda, que generalmente implica usar un tel\u00e9fono celular mientras se conduce<\/li>\n<li>Conducir bajo la influencia del alcohol o las drogas<\/li>\n<li>Conductores que operan veh\u00edculos cuando est\u00e1n fatigados o que se quedan dormidos al volante<\/li>\n<li>Incapacidad de los conductores de camiones para controlar adecuadamente sus puntos ciegos<\/li>\n<li>Cambiar de carril incorrectamente<\/li>\n<li>Exceso de velocidad m\u00e1s all\u00e1 de los l\u00edmites establecidos o demasiado r\u00e1pido para las condiciones circundantes<\/li>\n<\/ul>\n<p class=\"rs-content-cta rs-content-cta-small\"><a href=\"\/es\/contacto\/\">Haga clic para contactar<\/a> con nuestros accidente de cami\u00f3n abogados hoy<\/p><h2>Tipos comunes de accidentes de semirremolques<\/h2>\n<p>Estos factores dan como resultado varios tipos de accidentes de semirremolques, que pueden incluir:<\/p>\n<ul>\n<li>Accidentes por falla de frenos<\/li>\n<li>Accidentes de camiones de frente<\/li>\n<li>accidentes de navaja<\/li>\n<li>Anular o invalidar accidentes de camiones<\/li>\n<li>Accidentes de camiones en la parte trasera<\/li>\n<li>Accidentes de vuelco<\/li>\n<li>Colisiones de impacto lateral<\/li>\n<li>Accidentes de camiones con golpes laterales<\/li>\n<li>Accidentes de revent\u00f3n de llantas<\/li>\n<\/ul>\n<p class=\"rs-content-cta rs-content-cta-small\">Complete una <a href=\"\/es\/contacto\/\">evaluaci\u00f3n gratuita de su caso<\/a> ahora<\/p><h2>Problemas de navegaci\u00f3n con las compa\u00f1\u00edas de seguros<\/h2>\n<p>Si bien no hay dos accidentes de camiones exactamente iguales, no debe anticipar que la compa\u00f1\u00eda de seguros de la parte contraria ser\u00e1 \u00fatil. Las compa\u00f1\u00edas de seguros no se centran en los mejores intereses de las v\u00edctimas de accidentes. M\u00e1s bien, las compa\u00f1\u00edas de seguros a menudo quieren maximizar la cantidad de ganancias que retienen y solo pagan una compensaci\u00f3n cuando es necesario. Incluso cuando las compa\u00f1\u00edas de camiones pagan una compensaci\u00f3n, a menudo har\u00e1n todo lo posible para pagarle a la v\u00edctima lo menos posible.<\/p>\n<p>En consecuencia, es fundamental ser cauteloso al comunicarse con las compa\u00f1\u00edas de seguros de la otra parte. Intentar\u00e1n obtener declaraciones grabadas de usted que puedan usarse para minimizar la cantidad de compensaci\u00f3n que recibe. Tambi\u00e9n se sabe que estas compa\u00f1\u00edas buscan evidencia de que usted fue total o parcialmente responsable del accidente. A veces, las compa\u00f1\u00edas de seguros tambi\u00e9n examinan el historial m\u00e9dico de las v\u00edctimas para poder argumentar que la lesi\u00f3n de la v\u00edctima exist\u00eda antes del accidente. Nuestros <a href=\"https:\/\/thehometownlawyers.com\/middletown\/personal-injury-lawyer\/\">abogados de lesiones personales<\/a> en Middletown pueden ayudarlo con estos problemas.<\/p>\n<h2>\u00bfPor qu\u00e9 contratar a un abogado de accidentes de semirremolques en Middletown, Eaton o Hamilton?<\/h2>\n<p>El estatuto de limitaciones de Ohio para lesiones personales establece que una persona tiene dos a\u00f1os a partir de un accidente de cami\u00f3n para iniciar una demanda. Esto significa que si una persona presenta una demanda tres a\u00f1os despu\u00e9s de un accidente de cami\u00f3n, es probable que no pueda solicitar una compensaci\u00f3n. Este plazo solo se aplica a las demandas y no a las reclamaciones de seguros.<\/p>\n<h2>Hable con nuestros abogados de accidentes de semirremolques en Middletown, Ohio<\/h2>\n<p>Si bien las consecuencias de los accidentes de camiones a menudo asustan a las v\u00edctimas, es importante recordar que tiene derecho a buscar una compensaci\u00f3n si otra parte es responsable de sus lesiones. Comun\u00edquese con <a href=\"https:\/\/thehometownlawyers.com\/contact\/\">Kruger<\/a> <a href=\"https:\/\/thehometownlawyers.com\/contact\/\">&amp;<\/a> <a href=\"https:\/\/thehometownlawyers.com\/contact\/\">Hodges<\/a> hoy para programar una evaluaci\u00f3n gratuita de su caso con nuestros abogados de accidentes de semirremolques en Middletown.<\/p>\n<h2>\u00a1Datos divertidos sobre Middletown!<\/h2>\n<p>El distrito escolar de la ciudad de Middletown sirve a la ciudad de Middletown, Ohio, a trav\u00e9s de varias escuelas que comienzan en el jard\u00edn de infantes, incluidas Mayfield Elementary, Rosa Parks Elementary y Wildwood Elementary, continuando con varias opciones de escuela intermedia y acumulando en Middletown High School. La misi\u00f3n del Distrito Escolar de la Ciudad de Middletown es \u201cinvolucrar a cada estudiante con experiencias desafiantes e innovadoras en un entorno de apoyo, impuls\u00e1ndolos al \u00e9xito de por vida\u201d.<\/p>\n<p class=\"rs-content-cta rs-content-cta-small\">Llame o env\u00ede un mensaje de texto al <a href=\"tel:+15138059841\">513-805-9841<\/a> o complete una <a href=\"\/es\/contacto\/\">evaluaci\u00f3n gratuita de su caso<\/a><\/p>","protected":false},"excerpt":{"rendered":"<p>Abogados de accidentes de semirremolques de Middletown, Ohio Como una de las ciudades m\u00e1s grandes del \u00e1rea de Ohio-Kentucky-Indiana, Middletown alberga varios negocios. Si bien la ciudad fue una vez el hogar de AK Steel Holding Corporation (Arcmo), muchas empresas todav\u00eda operan en la ciudad y es com\u00fan ver camiones operando en todo Middletown. Los &#8230;<\/p>\n","protected":false},"author":7,"featured_media":20860,"parent":0,"menu_order":0,"comment_status":"closed","ping_status":"closed","template":"","meta":{"_acf_changed":false,"inline_featured_image":false,"_genesis_hide_title":false,"_genesis_hide_breadcrumbs":false,"_genesis_hide_singular_image":false,"_genesis_hide_footer_widgets":false,"_genesis_custom_body_class":"","_genesis_custom_post_class":"","_genesis_layout":"","footnotes":""},"hc_faqs":[],"hc_spanish_faqs":[],"class_list":{"0":"post-21215","1":"page","2":"type-page","3":"status-publish","4":"has-post-thumbnail","6":"hc_city_location-middletown-es","7":"entry"},"acf":[],"yoast_head":"<!-- This site is optimized with the Yoast SEO plugin v27.4 - https:\/\/yoast.com\/product\/yoast-seo-wordpress\/ -->\n<title>Abogados de accidentes de semirremolques en Middletown, Ohio: Consulta gratuita<\/title>\n<meta name=\"description\" content=\"Los abogados de accidentes de camiones de Kruger &amp; Hodges en Middletown tienen una gran experiencia en la defensa de los derechos de las personas lesionadas en un accidente de cami\u00f3n.\" \/>\n<meta name=\"robots\" content=\"index, follow, max-snippet:-1, max-image-preview:large, max-video-preview:-1\" \/>\n<link rel=\"canonical\" href=\"https:\/\/thehometownlawyers.com\/es\/abogados-de-accidentes-de-semirremolques-en-middletown-ohio\/\" \/>\n<meta property=\"og:locale\" content=\"es_MX\" \/>\n<meta property=\"og:type\" content=\"article\" \/>\n<meta property=\"og:title\" content=\"Abogados de accidentes de semirremolques en Middletown, Ohio: Consulta gratuita\" \/>\n<meta property=\"og:description\" content=\"Los abogados de accidentes de camiones de Kruger &amp; Hodges en Middletown tienen una gran experiencia en la defensa de los derechos de las personas lesionadas en un accidente de cami\u00f3n.\" \/>\n<meta property=\"og:url\" content=\"https:\/\/thehometownlawyers.com\/es\/abogados-de-accidentes-de-semirremolques-en-middletown-ohio\/\" \/>\n<meta property=\"og:site_name\" content=\"Kruger &amp; Hodges Abogados De Lesiones\" \/>\n<meta property=\"article:publisher\" content=\"https:\/\/www.facebook.com\/KrugerHodges\/\" \/>\n<meta property=\"article:modified_time\" content=\"2025-01-31T15:41:51+00:00\" \/>\n<meta property=\"og:image\" content=\"https:\/\/thehometownlawyers.com\/wp-content\/uploads\/2021\/09\/flipped-semi-truck.jpg\" \/>\n\t<meta property=\"og:image:width\" content=\"1920\" \/>\n\t<meta property=\"og:image:height\" content=\"1080\" \/>\n\t<meta property=\"og:image:type\" content=\"image\/jpeg\" \/>\n<meta name=\"twitter:card\" content=\"summary_large_image\" \/>\n<meta name=\"twitter:label1\" content=\"Tiempo de lectura\" \/>\n\t<meta name=\"twitter:data1\" content=\"5 minutos\" \/>\n<script type=\"application\/ld+json\" class=\"yoast-schema-graph\">{\"@context\":\"https:\\\/\\\/schema.org\",\"@graph\":[{\"@type\":\"WebPage\",\"@id\":\"https:\\\/\\\/thehometownlawyers.com\\\/es\\\/abogados-de-accidentes-de-semirremolques-en-middletown-ohio\\\/\",\"url\":\"https:\\\/\\\/thehometownlawyers.com\\\/es\\\/abogados-de-accidentes-de-semirremolques-en-middletown-ohio\\\/\",\"name\":\"Abogados de accidentes de semirremolques en Middletown, Ohio: Consulta gratuita\",\"isPartOf\":{\"@id\":\"https:\\\/\\\/thehometownlawyers.com\\\/es\\\/#website\"},\"primaryImageOfPage\":{\"@id\":\"https:\\\/\\\/thehometownlawyers.com\\\/es\\\/abogados-de-accidentes-de-semirremolques-en-middletown-ohio\\\/#primaryimage\"},\"image\":{\"@id\":\"https:\\\/\\\/thehometownlawyers.com\\\/es\\\/abogados-de-accidentes-de-semirremolques-en-middletown-ohio\\\/#primaryimage\"},\"thumbnailUrl\":\"https:\\\/\\\/thehometownlawyers.com\\\/wp-content\\\/uploads\\\/2021\\\/09\\\/flipped-semi-truck.jpg\",\"datePublished\":\"2020-04-23T01:21:26+00:00\",\"dateModified\":\"2025-01-31T15:41:51+00:00\",\"description\":\"Los abogados de accidentes de camiones de Kruger & Hodges en Middletown tienen una gran experiencia en la defensa de los derechos de las personas lesionadas en un accidente de cami\u00f3n.\",\"breadcrumb\":{\"@id\":\"https:\\\/\\\/thehometownlawyers.com\\\/es\\\/abogados-de-accidentes-de-semirremolques-en-middletown-ohio\\\/#breadcrumb\"},\"inLanguage\":\"es\",\"potentialAction\":[{\"@type\":\"ReadAction\",\"target\":[\"https:\\\/\\\/thehometownlawyers.com\\\/es\\\/abogados-de-accidentes-de-semirremolques-en-middletown-ohio\\\/\"]}]},{\"@type\":\"ImageObject\",\"inLanguage\":\"es\",\"@id\":\"https:\\\/\\\/thehometownlawyers.com\\\/es\\\/abogados-de-accidentes-de-semirremolques-en-middletown-ohio\\\/#primaryimage\",\"url\":\"https:\\\/\\\/thehometownlawyers.com\\\/wp-content\\\/uploads\\\/2021\\\/09\\\/flipped-semi-truck.jpg\",\"contentUrl\":\"https:\\\/\\\/thehometownlawyers.com\\\/wp-content\\\/uploads\\\/2021\\\/09\\\/flipped-semi-truck.jpg\",\"width\":1920,\"height\":1080,\"caption\":\"semirremolque volcado\"},{\"@type\":\"BreadcrumbList\",\"@id\":\"https:\\\/\\\/thehometownlawyers.com\\\/es\\\/abogados-de-accidentes-de-semirremolques-en-middletown-ohio\\\/#breadcrumb\",\"itemListElement\":[{\"@type\":\"ListItem\",\"position\":1,\"name\":\"Home\",\"item\":\"https:\\\/\\\/thehometownlawyers.com\\\/es\\\/\"},{\"@type\":\"ListItem\",\"position\":2,\"name\":\"Abogado de Lesiones Personales en Middletown\",\"item\":\"https:\\\/\\\/thehometownlawyers.com\\\/es\\\/middletown\\\/personal-injury-lawyer\\\/\"},{\"@type\":\"ListItem\",\"position\":3,\"name\":\"Abogado de Accidente de Semi en Middletown\"}]},{\"@type\":\"WebSite\",\"@id\":\"https:\\\/\\\/thehometownlawyers.com\\\/es\\\/#website\",\"url\":\"https:\\\/\\\/thehometownlawyers.com\\\/es\\\/\",\"name\":\"Kruger & Hodges Hometown Injury Lawyers | Accident Attorneys\",\"description\":\"Attorneys for Car, Truck and Motorcycle Accidents, Personal Injuries, and Criminal Defense.\",\"publisher\":{\"@id\":\"https:\\\/\\\/thehometownlawyers.com\\\/es\\\/#organization\"},\"alternateName\":\"Kruger & Hodges Personal Injury Lawyers\",\"inLanguage\":\"es\"},{\"@type\":\"Organization\",\"@id\":\"https:\\\/\\\/thehometownlawyers.com\\\/es\\\/#organization\",\"name\":\"Kruger & Hodges Hometown Injury Lawyers\",\"alternateName\":\"Kruger & Hodges\",\"url\":\"https:\\\/\\\/thehometownlawyers.com\\\/es\\\/\",\"logo\":{\"@type\":\"ImageObject\",\"inLanguage\":\"es\",\"@id\":\"https:\\\/\\\/thehometownlawyers.com\\\/es\\\/#\\\/schema\\\/logo\\\/image\\\/\",\"url\":\"https:\\\/\\\/thehometownlawyers.com\\\/wp-content\\\/uploads\\\/2025\\\/12\\\/revised-kh-logo-vertical-white-background-scaled.png\",\"contentUrl\":\"https:\\\/\\\/thehometownlawyers.com\\\/wp-content\\\/uploads\\\/2025\\\/12\\\/revised-kh-logo-vertical-white-background-scaled.png\",\"width\":2560,\"height\":1440,\"caption\":\"Kruger & Hodges Hometown Injury Lawyers\"},\"image\":{\"@id\":\"https:\\\/\\\/thehometownlawyers.com\\\/es\\\/#\\\/schema\\\/logo\\\/image\\\/\"},\"sameAs\":[\"https:\\\/\\\/www.facebook.com\\\/KrugerHodges\\\/\",\"https:\\\/\\\/www.instagram.com\\\/krugerhodges\\\/\",\"https:\\\/\\\/www.linkedin.com\\\/company\\\/kruger-hodges-hometown-injury-lawyers\\\/\",\"https:\\\/\\\/www.youtube.com\\\/channel\\\/UCeYcMaMaN2rb9jMlqt4EIdQ\",\"https:\\\/\\\/www.tiktok.com\\\/@thehometownlawyer\"]}]}<\/script>\n<!-- \/ Yoast SEO plugin. -->","yoast_head_json":{"title":"Abogados de accidentes de semirremolques en Middletown, Ohio: Consulta gratuita","description":"Los abogados de accidentes de camiones de Kruger & Hodges en Middletown tienen una gran experiencia en la defensa de los derechos de las personas lesionadas en un accidente de cami\u00f3n.","robots":{"index":"index","follow":"follow","max-snippet":"max-snippet:-1","max-image-preview":"max-image-preview:large","max-video-preview":"max-video-preview:-1"},"canonical":"https:\/\/thehometownlawyers.com\/es\/abogados-de-accidentes-de-semirremolques-en-middletown-ohio\/","og_locale":"es_MX","og_type":"article","og_title":"Abogados de accidentes de semirremolques en Middletown, Ohio: Consulta gratuita","og_description":"Los abogados de accidentes de camiones de Kruger & Hodges en Middletown tienen una gran experiencia en la defensa de los derechos de las personas lesionadas en un accidente de cami\u00f3n.","og_url":"https:\/\/thehometownlawyers.com\/es\/abogados-de-accidentes-de-semirremolques-en-middletown-ohio\/","og_site_name":"Kruger &amp; Hodges Abogados De Lesiones","article_publisher":"https:\/\/www.facebook.com\/KrugerHodges\/","article_modified_time":"2025-01-31T15:41:51+00:00","og_image":[{"width":1920,"height":1080,"url":"https:\/\/thehometownlawyers.com\/wp-content\/uploads\/2021\/09\/flipped-semi-truck.jpg","type":"image\/jpeg"}],"twitter_card":"summary_large_image","twitter_misc":{"Tiempo de lectura":"5 minutos"},"schema":{"@context":"https:\/\/schema.org","@graph":[{"@type":"WebPage","@id":"https:\/\/thehometownlawyers.com\/es\/abogados-de-accidentes-de-semirremolques-en-middletown-ohio\/","url":"https:\/\/thehometownlawyers.com\/es\/abogados-de-accidentes-de-semirremolques-en-middletown-ohio\/","name":"Abogados de accidentes de semirremolques en Middletown, Ohio: Consulta gratuita","isPartOf":{"@id":"https:\/\/thehometownlawyers.com\/es\/#website"},"primaryImageOfPage":{"@id":"https:\/\/thehometownlawyers.com\/es\/abogados-de-accidentes-de-semirremolques-en-middletown-ohio\/#primaryimage"},"image":{"@id":"https:\/\/thehometownlawyers.com\/es\/abogados-de-accidentes-de-semirremolques-en-middletown-ohio\/#primaryimage"},"thumbnailUrl":"https:\/\/thehometownlawyers.com\/wp-content\/uploads\/2021\/09\/flipped-semi-truck.jpg","datePublished":"2020-04-23T01:21:26+00:00","dateModified":"2025-01-31T15:41:51+00:00","description":"Los abogados de accidentes de camiones de Kruger & Hodges en Middletown tienen una gran experiencia en la defensa de los derechos de las personas lesionadas en un accidente de cami\u00f3n.","breadcrumb":{"@id":"https:\/\/thehometownlawyers.com\/es\/abogados-de-accidentes-de-semirremolques-en-middletown-ohio\/#breadcrumb"},"inLanguage":"es","potentialAction":[{"@type":"ReadAction","target":["https:\/\/thehometownlawyers.com\/es\/abogados-de-accidentes-de-semirremolques-en-middletown-ohio\/"]}]},{"@type":"ImageObject","inLanguage":"es","@id":"https:\/\/thehometownlawyers.com\/es\/abogados-de-accidentes-de-semirremolques-en-middletown-ohio\/#primaryimage","url":"https:\/\/thehometownlawyers.com\/wp-content\/uploads\/2021\/09\/flipped-semi-truck.jpg","contentUrl":"https:\/\/thehometownlawyers.com\/wp-content\/uploads\/2021\/09\/flipped-semi-truck.jpg","width":1920,"height":1080,"caption":"semirremolque volcado"},{"@type":"BreadcrumbList","@id":"https:\/\/thehometownlawyers.com\/es\/abogados-de-accidentes-de-semirremolques-en-middletown-ohio\/#breadcrumb","itemListElement":[{"@type":"ListItem","position":1,"name":"Home","item":"https:\/\/thehometownlawyers.com\/es\/"},{"@type":"ListItem","position":2,"name":"Abogado de Lesiones Personales en Middletown","item":"https:\/\/thehometownlawyers.com\/es\/middletown\/personal-injury-lawyer\/"},{"@type":"ListItem","position":3,"name":"Abogado de Accidente de Semi en Middletown"}]},{"@type":"WebSite","@id":"https:\/\/thehometownlawyers.com\/es\/#website","url":"https:\/\/thehometownlawyers.com\/es\/","name":"Kruger & Hodges Hometown Injury Lawyers | Accident Attorneys","description":"Attorneys for Car, Truck and Motorcycle Accidents, Personal Injuries, and Criminal Defense.","publisher":{"@id":"https:\/\/thehometownlawyers.com\/es\/#organization"},"alternateName":"Kruger & Hodges Personal Injury Lawyers","inLanguage":"es"},{"@type":"Organization","@id":"https:\/\/thehometownlawyers.com\/es\/#organization","name":"Kruger & Hodges Hometown Injury Lawyers","alternateName":"Kruger & Hodges","url":"https:\/\/thehometownlawyers.com\/es\/","logo":{"@type":"ImageObject","inLanguage":"es","@id":"https:\/\/thehometownlawyers.com\/es\/#\/schema\/logo\/image\/","url":"https:\/\/thehometownlawyers.com\/wp-content\/uploads\/2025\/12\/revised-kh-logo-vertical-white-background-scaled.png","contentUrl":"https:\/\/thehometownlawyers.com\/wp-content\/uploads\/2025\/12\/revised-kh-logo-vertical-white-background-scaled.png","width":2560,"height":1440,"caption":"Kruger & Hodges Hometown Injury Lawyers"},"image":{"@id":"https:\/\/thehometownlawyers.com\/es\/#\/schema\/logo\/image\/"},"sameAs":["https:\/\/www.facebook.com\/KrugerHodges\/","https:\/\/www.instagram.com\/krugerhodges\/","https:\/\/www.linkedin.com\/company\/kruger-hodges-hometown-injury-lawyers\/","https:\/\/www.youtube.com\/channel\/UCeYcMaMaN2rb9jMlqt4EIdQ","https:\/\/www.tiktok.com\/@thehometownlawyer"]}]}},"_links":{"self":[{"href":"https:\/\/thehometownlawyers.com\/es\/wp-json\/wp\/v2\/pages\/21215","targetHints":{"allow":["GET"]}}],"collection":[{"href":"https:\/\/thehometownlawyers.com\/es\/wp-json\/wp\/v2\/pages"}],"about":[{"href":"https:\/\/thehometownlawyers.com\/es\/wp-json\/wp\/v2\/types\/page"}],"author":[{"embeddable":true,"href":"https:\/\/thehometownlawyers.com\/es\/wp-json\/wp\/v2\/users\/7"}],"replies":[{"embeddable":true,"href":"https:\/\/thehometownlawyers.com\/es\/wp-json\/wp\/v2\/comments?post=21215"}],"version-history":[{"count":0,"href":"https:\/\/thehometownlawyers.com\/es\/wp-json\/wp\/v2\/pages\/21215\/revisions"}],"wp:featuredmedia":[{"embeddable":true,"href":"https:\/\/thehometownlawyers.com\/es\/wp-json\/wp\/v2\/media\/20860"}],"wp:attachment":[{"href":"https:\/\/thehometownlawyers.com\/es\/wp-json\/wp\/v2\/media?parent=21215"}],"wp:term":[{"taxonomy":"hc_faqs","embeddable":true,"href":"https:\/\/thehometownlawyers.com\/es\/wp-json\/wp\/v2\/hc_faqs?post=21215"},{"taxonomy":"hc_spanish_faqs","embeddable":true,"href":"https:\/\/thehometownlawyers.com\/es\/wp-json\/wp\/v2\/hc_spanish_faqs?post=21215"}],"curies":[{"name":"wp","href":"https:\/\/api.w.org\/{rel}","templated":true}]}}