{"id":21216,"date":"2020-03-30T14:51:48","date_gmt":"2020-03-30T18:51:48","guid":{"rendered":"https:\/\/thehometownlawyers.com\/?page_id=21216"},"modified":"2025-01-31T12:53:52","modified_gmt":"2025-01-31T17:53:52","slug":"abogados-de-accidentes-automovilisticos-en-fairfield-ohio","status":"publish","type":"page","link":"https:\/\/thehometownlawyers.com\/es\/abogados-de-lesiones-personales-en-fairfield-ohio\/abogados-de-accidentes-automovilisticos-en-fairfield-ohio\/","title":{"rendered":"Abogado de Accidente Automovil\u00edstico en Fairfield"},"content":{"rendered":"<p>Ubicado en los condados de Butler y Hamilton, Fairfield alberga muchas carreteras concurridas, incluidas partes de la Ruta 127 y la Ruta 4. Debido a estas y muchas otras carreteras de Fairfield, el Departamento de Transporte de Ohio informa que, a partir de marzo de 2020, ya se han producido varios accidentes automovil\u00edsticos mortales en el condado de Butler.<\/p>\n<h2>Las causas comunes de los accidentes automovil\u00edsticos en Fairfield<\/h2>\n<p>Puede ser un desaf\u00edo mantenerse a salvo en las carreteras de Ohio porque los accidentes pueden ocurrir de innumerables maneras. Algunos de los tipos m\u00e1s comunes de accidentes que enfrentan nuestros clientes incluyen:<\/p>\n<ul>\n<li>Accidentes de peatones infantiles, que a menudo ocurren porque los ni\u00f1os son peque\u00f1os y pueden desaparecer f\u00e1cilmente en el punto ciego de un automovilista.<\/li>\n<li>Accidentes por conducci\u00f3n distra\u00edda, que ocurren cuando la atenci\u00f3n del conductor se desv\u00eda moment\u00e1neamente de la carretera enviando mensajes de texto, comiendo, jugando con la radio, maquill\u00e1ndose o consultando un dispositivo de navegaci\u00f3n<\/li>\n<li>Accidentes de conducci\u00f3n somnolientos, que involucran a conductores que no duermen lo suficiente y corren el riesgo de quedarse dormidos al volante<\/li>\n<li>Los accidentes por conducir ebrio , as\u00ed como los accidentes por conducir bajo los efectos de las drogas, suelen ser mortales porque estos automovilistas no obedecen las normas viales.<\/li>\n<li>Accidentes por no mantener los carriles, que ocurren cuando los conductores se desv\u00edan repentinamente hacia otros carriles de tr\u00e1fico<\/li>\n<li>Colisiones frontales, que son uno de los tipos de accidentes m\u00e1s mortales debido a la fuerza y la velocidad sustanciales involucradas<\/li>\n<li>Accidentes de golpe y fuga, que a menudo involucran a ciclistas o peatones y ocurren cuando la parte que causa el accidente no se detiene en la escena para brindar asistencia<\/li>\n<li>Accidentes en intersecciones, que pueden ocurrir cuando los automovilistas se saltan las se\u00f1ales de alto y colisionan mientras los conductores giran a la izquierda<\/li>\n<li>M\u00faltiples accidentes de veh\u00edculos o &#8220;amontonamientos&#8221;, que son un resultado com\u00fan cuando los automovilistas no se detienen a tiempo detr\u00e1s de otros veh\u00edculos en la carretera.<\/li>\n<li>Colisiones traseras, que ocurren cuando la parte delantera de un veh\u00edculo choca con la parte trasera de otro veh\u00edculo<\/li>\n<li>Conducci\u00f3n imprudente, que ocurre cuando los automovilistas aceleran, no ceden el paso, cambian inesperadamente de carril o realizan cualquier otro tipo de patr\u00f3n de conducci\u00f3n que no tiene en cuenta las normas viales.<\/li>\n<li>Accidentes de vuelco, que a menudo involucran veh\u00edculos que aceleran o giran demasiado r\u00e1pido en curvas cerradas y com\u00fanmente involucran veh\u00edculos utilitarios deportivos y otros autom\u00f3viles con un centro de gravedad alto<\/li>\n<li>Colisiones laterales o t-bone, que ocurren cuando el costado de un veh\u00edculo es golpeado por la parte delantera de otro veh\u00edculo<\/li>\n<\/ul>\n<p class=\"rs-content-cta rs-content-cta-small\">Para una consulta legal gratuita, llame al <a href=\"tel:+15138943333\">513-894-3333 <\/a><\/p><h2>Lesiones comunes causadas por accidentes automovil\u00edsticos en Fairfield<\/h2>\n<p>Incluso los accidentes automovil\u00edsticos que al principio parecen menores a veces resultan en lesiones que cambian la vida, as\u00ed como en angustia y dolor. Algunas de las lesiones m\u00e1s comunes que sufren las v\u00edctimas de accidentes automovil\u00edsticos incluyen:<\/p>\n<ul>\n<li><strong>Huesos rotos. <\/strong>Un resultado extremadamente com\u00fan de los accidentes automovil\u00edsticos, los huesos rotos pueden variar de leves a graves. Cuando los huesos de una persona se fracturan y atraviesan la piel, a menudo se necesita asistencia m\u00e9dica sustancial y las v\u00edctimas a menudo pueden soportar grandes facturas m\u00e9dicas, salarios perdidos y una rehabilitaci\u00f3n extensa.<\/li>\n<li><strong>Lesiones faciales.<\/strong> Si la cara de una persona entra en contacto con una bolsa de aire, vidrios rotos, tablero, volante u otras partes de un veh\u00edculo, las laceraciones, as\u00ed como las lesiones dentales y otras lesiones faciales, son comunes.<\/li>\n<li><strong>Lesiones de la m\u00e9dula espinal. <\/strong>La m\u00e9dula espinal realiza tareas vitales para el cuerpo humano. Despu\u00e9s de una lesi\u00f3n de la m\u00e9dula espinal, las v\u00edctimas a menudo quedan parcial o permanentemente paralizadas. Las personas con lesiones de la m\u00e9dula espinal a menudo necesitan dispositivos de asistencia y cirug\u00edas extensas. La calidad de vida de las v\u00edctimas con lesiones de la m\u00e9dula espinal tambi\u00e9n suele disminuir sustancialmente.<\/li>\n<li><strong>Lesiones cerebrales traum\u00e1ticas. <\/strong>Muchos accidentes automovil\u00edsticos hacen que las v\u00edctimas salgan despedidas de los veh\u00edculos con una cantidad considerable de fuerza. Las v\u00edctimas que son expulsadas de los veh\u00edculos a menudo se golpean la cabeza con las ventanas u otras superficies, ya sea dentro o fuera de los veh\u00edculos. Incluso en los casos en los que la cabeza de una persona no choca con una superficie, las lesiones por contragolpe a\u00fan pueden ocurrir cuando el cerebro de esa persona choca con el cr\u00e1neo.<\/li>\n<\/ul>\n<p>Adem\u00e1s de estas complicaciones, algunas otras lesiones comunes que se sabe que resultan de accidentes automovil\u00edsticos incluyen lesiones de \u00f3rganos internos, trastorno de estr\u00e9s postraum\u00e1tico, ansiedad y depresi\u00f3n. La Patrulla de Carreteras del Estado de Ohio tambi\u00e9n informa que en 2019 ocurrieron <a href=\"https:\/\/statepatrol.ohio.gov\/dashboards-statistics\/ostats-dashboards\/crash-dashboard\" target=\"_blank\" rel=\"noopener\">1041 accidentes automovil\u00edsticos mortales<\/a> en el estado, lo que marc\u00f3 un aumento con respecto a 2015 cuando ocurrieron 1029 accidentes automovil\u00edsticos mortales.<\/p>\n<h2>Hable con un abogado experimentado en accidentes automovil\u00edsticos<\/h2>\n<p>No importa c\u00f3mo suceda, si usted o un ser querido ha estado involucrado en un accidente automovil\u00edstico en Fairfield, puede enfrentar dificultades graves r\u00e1pidamente. Puede ser \u00fatil <a href=\"https:\/\/thehometownlawyers.com\/es\/contacto\/\">hablar hoy con un abogado<\/a> en Kruger &amp; Hodges .<\/p>\n<p class=\"rs-content-cta rs-content-cta-small\">Llame o env\u00ede un mensaje de texto al <a href=\"tel:+15138943333\">513-894-3333<\/a> o complete una <a href=\"\/es\/contacto\/\">evaluaci\u00f3n gratuita de su caso<\/a><\/p>","protected":false},"excerpt":{"rendered":"<p>Ubicado en los condados de Butler y Hamilton, Fairfield alberga muchas carreteras concurridas, incluidas partes de la Ruta 127 y la Ruta 4. Debido a estas y muchas otras carreteras de Fairfield, el Departamento de Transporte de Ohio informa que, a partir de marzo de 2020, ya se han producido varios accidentes automovil\u00edsticos mortales en &#8230;<\/p>\n","protected":false},"author":7,"featured_media":24499,"parent":21262,"menu_order":0,"comment_status":"closed","ping_status":"closed","template":"","meta":{"_acf_changed":false,"inline_featured_image":false,"_genesis_hide_title":false,"_genesis_hide_breadcrumbs":false,"_genesis_hide_singular_image":false,"_genesis_hide_footer_widgets":false,"_genesis_custom_body_class":"","_genesis_custom_post_class":"","_genesis_layout":"","footnotes":""},"hc_faqs":[],"hc_spanish_faqs":[],"class_list":{"0":"post-21216","1":"page","2":"type-page","3":"status-publish","4":"has-post-thumbnail","6":"entry"},"acf":[],"yoast_head":"<!-- This site is optimized with the Yoast SEO plugin v27.4 - https:\/\/yoast.com\/product\/yoast-seo-wordpress\/ -->\n<title>Abogados de accidentes automovil\u00edsticos en Fairfield, Ohio: Consulta gratuita<\/title>\n<meta name=\"description\" content=\"Ubicado en los condados de Butler y Hamilton, Fairfield alberga muchas carreteras concurridas, incluidas partes de la Ruta 127 y la Ruta 4. Debido a estas\" \/>\n<meta name=\"robots\" content=\"index, follow, max-snippet:-1, max-image-preview:large, max-video-preview:-1\" \/>\n<link rel=\"canonical\" href=\"https:\/\/thehometownlawyers.com\/es\/abogados-de-lesiones-personales-en-fairfield-ohio\/abogados-de-accidentes-automovilisticos-en-fairfield-ohio\/\" \/>\n<meta property=\"og:locale\" content=\"es_MX\" \/>\n<meta property=\"og:type\" content=\"article\" \/>\n<meta property=\"og:title\" content=\"Abogados de accidentes automovil\u00edsticos en Fairfield, Ohio: Consulta gratuita\" \/>\n<meta property=\"og:description\" content=\"Ubicado en los condados de Butler y Hamilton, Fairfield alberga muchas carreteras concurridas, incluidas partes de la Ruta 127 y la Ruta 4. Debido a estas\" \/>\n<meta property=\"og:url\" content=\"https:\/\/thehometownlawyers.com\/es\/abogados-de-lesiones-personales-en-fairfield-ohio\/abogados-de-accidentes-automovilisticos-en-fairfield-ohio\/\" \/>\n<meta property=\"og:site_name\" content=\"Kruger &amp; Hodges Abogados De Lesiones\" \/>\n<meta property=\"article:publisher\" content=\"https:\/\/www.facebook.com\/KrugerHodges\/\" \/>\n<meta property=\"article:modified_time\" content=\"2025-01-31T17:53:52+00:00\" \/>\n<meta property=\"og:image\" content=\"https:\/\/thehometownlawyers.com\/wp-content\/uploads\/2020\/01\/Canva-Car-Accident-Damage-Crash-Insurance-Wreck.jpg\" \/>\n\t<meta property=\"og:image:width\" content=\"612\" \/>\n\t<meta property=\"og:image:height\" content=\"408\" \/>\n\t<meta property=\"og:image:type\" content=\"image\/jpeg\" \/>\n<meta name=\"twitter:card\" content=\"summary_large_image\" \/>\n<meta name=\"twitter:label1\" content=\"Tiempo de lectura\" \/>\n\t<meta name=\"twitter:data1\" content=\"4 minutos\" \/>\n<script type=\"application\/ld+json\" class=\"yoast-schema-graph\">{\"@context\":\"https:\\\/\\\/schema.org\",\"@graph\":[{\"@type\":\"WebPage\",\"@id\":\"https:\\\/\\\/thehometownlawyers.com\\\/es\\\/abogados-de-lesiones-personales-en-fairfield-ohio\\\/abogados-de-accidentes-automovilisticos-en-fairfield-ohio\\\/\",\"url\":\"https:\\\/\\\/thehometownlawyers.com\\\/es\\\/abogados-de-lesiones-personales-en-fairfield-ohio\\\/abogados-de-accidentes-automovilisticos-en-fairfield-ohio\\\/\",\"name\":\"Abogados de accidentes automovil\u00edsticos en Fairfield, Ohio: Consulta gratuita\",\"isPartOf\":{\"@id\":\"https:\\\/\\\/thehometownlawyers.com\\\/es\\\/#website\"},\"primaryImageOfPage\":{\"@id\":\"https:\\\/\\\/thehometownlawyers.com\\\/es\\\/abogados-de-lesiones-personales-en-fairfield-ohio\\\/abogados-de-accidentes-automovilisticos-en-fairfield-ohio\\\/#primaryimage\"},\"image\":{\"@id\":\"https:\\\/\\\/thehometownlawyers.com\\\/es\\\/abogados-de-lesiones-personales-en-fairfield-ohio\\\/abogados-de-accidentes-automovilisticos-en-fairfield-ohio\\\/#primaryimage\"},\"thumbnailUrl\":\"https:\\\/\\\/thehometownlawyers.com\\\/wp-content\\\/uploads\\\/2025\\\/03\\\/fairfield-car-accident-lawyer.jpg\",\"datePublished\":\"2020-03-30T18:51:48+00:00\",\"dateModified\":\"2025-01-31T17:53:52+00:00\",\"description\":\"Ubicado en los condados de Butler y Hamilton, Fairfield alberga muchas carreteras concurridas, incluidas partes de la Ruta 127 y la Ruta 4. Debido a estas\",\"breadcrumb\":{\"@id\":\"https:\\\/\\\/thehometownlawyers.com\\\/es\\\/abogados-de-lesiones-personales-en-fairfield-ohio\\\/abogados-de-accidentes-automovilisticos-en-fairfield-ohio\\\/#breadcrumb\"},\"inLanguage\":\"es\",\"potentialAction\":[{\"@type\":\"ReadAction\",\"target\":[\"https:\\\/\\\/thehometownlawyers.com\\\/es\\\/abogados-de-lesiones-personales-en-fairfield-ohio\\\/abogados-de-accidentes-automovilisticos-en-fairfield-ohio\\\/\"]}]},{\"@type\":\"ImageObject\",\"inLanguage\":\"es\",\"@id\":\"https:\\\/\\\/thehometownlawyers.com\\\/es\\\/abogados-de-lesiones-personales-en-fairfield-ohio\\\/abogados-de-accidentes-automovilisticos-en-fairfield-ohio\\\/#primaryimage\",\"url\":\"https:\\\/\\\/thehometownlawyers.com\\\/wp-content\\\/uploads\\\/2025\\\/03\\\/fairfield-car-accident-lawyer.jpg\",\"contentUrl\":\"https:\\\/\\\/thehometownlawyers.com\\\/wp-content\\\/uploads\\\/2025\\\/03\\\/fairfield-car-accident-lawyer.jpg\",\"width\":768,\"height\":512,\"caption\":\"Woman who bumped her car into another car on the parking lot is calling for assistance holding her head.\"},{\"@type\":\"BreadcrumbList\",\"@id\":\"https:\\\/\\\/thehometownlawyers.com\\\/es\\\/abogados-de-lesiones-personales-en-fairfield-ohio\\\/abogados-de-accidentes-automovilisticos-en-fairfield-ohio\\\/#breadcrumb\",\"itemListElement\":[{\"@type\":\"ListItem\",\"position\":1,\"name\":\"Home\",\"item\":\"https:\\\/\\\/thehometownlawyers.com\\\/es\\\/\"},{\"@type\":\"ListItem\",\"position\":2,\"name\":\"Abogado de Lesiones Personales en Fairfield\",\"item\":\"https:\\\/\\\/thehometownlawyers.com\\\/es\\\/abogados-de-lesiones-personales-en-fairfield-ohio\\\/\"},{\"@type\":\"ListItem\",\"position\":3,\"name\":\"Abogado de Accidente Automovil\u00edstico en Fairfield\"}]},{\"@type\":\"WebSite\",\"@id\":\"https:\\\/\\\/thehometownlawyers.com\\\/es\\\/#website\",\"url\":\"https:\\\/\\\/thehometownlawyers.com\\\/es\\\/\",\"name\":\"Kruger & Hodges Hometown Injury Lawyers | Accident Attorneys\",\"description\":\"Attorneys for Car, Truck and Motorcycle Accidents, Personal Injuries, and Criminal Defense.\",\"publisher\":{\"@id\":\"https:\\\/\\\/thehometownlawyers.com\\\/es\\\/#organization\"},\"alternateName\":\"Kruger & Hodges Personal Injury Lawyers\",\"inLanguage\":\"es\"},{\"@type\":\"Organization\",\"@id\":\"https:\\\/\\\/thehometownlawyers.com\\\/es\\\/#organization\",\"name\":\"Kruger & Hodges Hometown Injury Lawyers\",\"alternateName\":\"Kruger & Hodges\",\"url\":\"https:\\\/\\\/thehometownlawyers.com\\\/es\\\/\",\"logo\":{\"@type\":\"ImageObject\",\"inLanguage\":\"es\",\"@id\":\"https:\\\/\\\/thehometownlawyers.com\\\/es\\\/#\\\/schema\\\/logo\\\/image\\\/\",\"url\":\"https:\\\/\\\/thehometownlawyers.com\\\/wp-content\\\/uploads\\\/2025\\\/12\\\/revised-kh-logo-vertical-white-background-scaled.png\",\"contentUrl\":\"https:\\\/\\\/thehometownlawyers.com\\\/wp-content\\\/uploads\\\/2025\\\/12\\\/revised-kh-logo-vertical-white-background-scaled.png\",\"width\":2560,\"height\":1440,\"caption\":\"Kruger & Hodges Hometown Injury Lawyers\"},\"image\":{\"@id\":\"https:\\\/\\\/thehometownlawyers.com\\\/es\\\/#\\\/schema\\\/logo\\\/image\\\/\"},\"sameAs\":[\"https:\\\/\\\/www.facebook.com\\\/KrugerHodges\\\/\",\"https:\\\/\\\/www.instagram.com\\\/krugerhodges\\\/\",\"https:\\\/\\\/www.linkedin.com\\\/company\\\/kruger-hodges-hometown-injury-lawyers\\\/\",\"https:\\\/\\\/www.youtube.com\\\/channel\\\/UCeYcMaMaN2rb9jMlqt4EIdQ\",\"https:\\\/\\\/www.tiktok.com\\\/@thehometownlawyer\"]}]}<\/script>\n<!-- \/ Yoast SEO plugin. -->","yoast_head_json":{"title":"Abogados de accidentes automovil\u00edsticos en Fairfield, Ohio: Consulta gratuita","description":"Ubicado en los condados de Butler y Hamilton, Fairfield alberga muchas carreteras concurridas, incluidas partes de la Ruta 127 y la Ruta 4. Debido a estas","robots":{"index":"index","follow":"follow","max-snippet":"max-snippet:-1","max-image-preview":"max-image-preview:large","max-video-preview":"max-video-preview:-1"},"canonical":"https:\/\/thehometownlawyers.com\/es\/abogados-de-lesiones-personales-en-fairfield-ohio\/abogados-de-accidentes-automovilisticos-en-fairfield-ohio\/","og_locale":"es_MX","og_type":"article","og_title":"Abogados de accidentes automovil\u00edsticos en Fairfield, Ohio: Consulta gratuita","og_description":"Ubicado en los condados de Butler y Hamilton, Fairfield alberga muchas carreteras concurridas, incluidas partes de la Ruta 127 y la Ruta 4. Debido a estas","og_url":"https:\/\/thehometownlawyers.com\/es\/abogados-de-lesiones-personales-en-fairfield-ohio\/abogados-de-accidentes-automovilisticos-en-fairfield-ohio\/","og_site_name":"Kruger &amp; Hodges Abogados De Lesiones","article_publisher":"https:\/\/www.facebook.com\/KrugerHodges\/","article_modified_time":"2025-01-31T17:53:52+00:00","og_image":[{"width":612,"height":408,"url":"https:\/\/thehometownlawyers.com\/wp-content\/uploads\/2020\/01\/Canva-Car-Accident-Damage-Crash-Insurance-Wreck.jpg","type":"image\/jpeg"}],"twitter_card":"summary_large_image","twitter_misc":{"Tiempo de lectura":"4 minutos"},"schema":{"@context":"https:\/\/schema.org","@graph":[{"@type":"WebPage","@id":"https:\/\/thehometownlawyers.com\/es\/abogados-de-lesiones-personales-en-fairfield-ohio\/abogados-de-accidentes-automovilisticos-en-fairfield-ohio\/","url":"https:\/\/thehometownlawyers.com\/es\/abogados-de-lesiones-personales-en-fairfield-ohio\/abogados-de-accidentes-automovilisticos-en-fairfield-ohio\/","name":"Abogados de accidentes automovil\u00edsticos en Fairfield, Ohio: Consulta gratuita","isPartOf":{"@id":"https:\/\/thehometownlawyers.com\/es\/#website"},"primaryImageOfPage":{"@id":"https:\/\/thehometownlawyers.com\/es\/abogados-de-lesiones-personales-en-fairfield-ohio\/abogados-de-accidentes-automovilisticos-en-fairfield-ohio\/#primaryimage"},"image":{"@id":"https:\/\/thehometownlawyers.com\/es\/abogados-de-lesiones-personales-en-fairfield-ohio\/abogados-de-accidentes-automovilisticos-en-fairfield-ohio\/#primaryimage"},"thumbnailUrl":"https:\/\/thehometownlawyers.com\/wp-content\/uploads\/2025\/03\/fairfield-car-accident-lawyer.jpg","datePublished":"2020-03-30T18:51:48+00:00","dateModified":"2025-01-31T17:53:52+00:00","description":"Ubicado en los condados de Butler y Hamilton, Fairfield alberga muchas carreteras concurridas, incluidas partes de la Ruta 127 y la Ruta 4. Debido a estas","breadcrumb":{"@id":"https:\/\/thehometownlawyers.com\/es\/abogados-de-lesiones-personales-en-fairfield-ohio\/abogados-de-accidentes-automovilisticos-en-fairfield-ohio\/#breadcrumb"},"inLanguage":"es","potentialAction":[{"@type":"ReadAction","target":["https:\/\/thehometownlawyers.com\/es\/abogados-de-lesiones-personales-en-fairfield-ohio\/abogados-de-accidentes-automovilisticos-en-fairfield-ohio\/"]}]},{"@type":"ImageObject","inLanguage":"es","@id":"https:\/\/thehometownlawyers.com\/es\/abogados-de-lesiones-personales-en-fairfield-ohio\/abogados-de-accidentes-automovilisticos-en-fairfield-ohio\/#primaryimage","url":"https:\/\/thehometownlawyers.com\/wp-content\/uploads\/2025\/03\/fairfield-car-accident-lawyer.jpg","contentUrl":"https:\/\/thehometownlawyers.com\/wp-content\/uploads\/2025\/03\/fairfield-car-accident-lawyer.jpg","width":768,"height":512,"caption":"Woman who bumped her car into another car on the parking lot is calling for assistance holding her head."},{"@type":"BreadcrumbList","@id":"https:\/\/thehometownlawyers.com\/es\/abogados-de-lesiones-personales-en-fairfield-ohio\/abogados-de-accidentes-automovilisticos-en-fairfield-ohio\/#breadcrumb","itemListElement":[{"@type":"ListItem","position":1,"name":"Home","item":"https:\/\/thehometownlawyers.com\/es\/"},{"@type":"ListItem","position":2,"name":"Abogado de Lesiones Personales en Fairfield","item":"https:\/\/thehometownlawyers.com\/es\/abogados-de-lesiones-personales-en-fairfield-ohio\/"},{"@type":"ListItem","position":3,"name":"Abogado de Accidente Automovil\u00edstico en Fairfield"}]},{"@type":"WebSite","@id":"https:\/\/thehometownlawyers.com\/es\/#website","url":"https:\/\/thehometownlawyers.com\/es\/","name":"Kruger & Hodges Hometown Injury Lawyers | Accident Attorneys","description":"Attorneys for Car, Truck and Motorcycle Accidents, Personal Injuries, and Criminal Defense.","publisher":{"@id":"https:\/\/thehometownlawyers.com\/es\/#organization"},"alternateName":"Kruger & Hodges Personal Injury Lawyers","inLanguage":"es"},{"@type":"Organization","@id":"https:\/\/thehometownlawyers.com\/es\/#organization","name":"Kruger & Hodges Hometown Injury Lawyers","alternateName":"Kruger & Hodges","url":"https:\/\/thehometownlawyers.com\/es\/","logo":{"@type":"ImageObject","inLanguage":"es","@id":"https:\/\/thehometownlawyers.com\/es\/#\/schema\/logo\/image\/","url":"https:\/\/thehometownlawyers.com\/wp-content\/uploads\/2025\/12\/revised-kh-logo-vertical-white-background-scaled.png","contentUrl":"https:\/\/thehometownlawyers.com\/wp-content\/uploads\/2025\/12\/revised-kh-logo-vertical-white-background-scaled.png","width":2560,"height":1440,"caption":"Kruger & Hodges Hometown Injury Lawyers"},"image":{"@id":"https:\/\/thehometownlawyers.com\/es\/#\/schema\/logo\/image\/"},"sameAs":["https:\/\/www.facebook.com\/KrugerHodges\/","https:\/\/www.instagram.com\/krugerhodges\/","https:\/\/www.linkedin.com\/company\/kruger-hodges-hometown-injury-lawyers\/","https:\/\/www.youtube.com\/channel\/UCeYcMaMaN2rb9jMlqt4EIdQ","https:\/\/www.tiktok.com\/@thehometownlawyer"]}]}},"_links":{"self":[{"href":"https:\/\/thehometownlawyers.com\/es\/wp-json\/wp\/v2\/pages\/21216","targetHints":{"allow":["GET"]}}],"collection":[{"href":"https:\/\/thehometownlawyers.com\/es\/wp-json\/wp\/v2\/pages"}],"about":[{"href":"https:\/\/thehometownlawyers.com\/es\/wp-json\/wp\/v2\/types\/page"}],"author":[{"embeddable":true,"href":"https:\/\/thehometownlawyers.com\/es\/wp-json\/wp\/v2\/users\/7"}],"replies":[{"embeddable":true,"href":"https:\/\/thehometownlawyers.com\/es\/wp-json\/wp\/v2\/comments?post=21216"}],"version-history":[{"count":0,"href":"https:\/\/thehometownlawyers.com\/es\/wp-json\/wp\/v2\/pages\/21216\/revisions"}],"up":[{"embeddable":true,"href":"https:\/\/thehometownlawyers.com\/es\/wp-json\/wp\/v2\/pages\/21262"}],"wp:featuredmedia":[{"embeddable":true,"href":"https:\/\/thehometownlawyers.com\/es\/wp-json\/wp\/v2\/media\/24499"}],"wp:attachment":[{"href":"https:\/\/thehometownlawyers.com\/es\/wp-json\/wp\/v2\/media?parent=21216"}],"wp:term":[{"taxonomy":"hc_faqs","embeddable":true,"href":"https:\/\/thehometownlawyers.com\/es\/wp-json\/wp\/v2\/hc_faqs?post=21216"},{"taxonomy":"hc_spanish_faqs","embeddable":true,"href":"https:\/\/thehometownlawyers.com\/es\/wp-json\/wp\/v2\/hc_spanish_faqs?post=21216"}],"curies":[{"name":"wp","href":"https:\/\/api.w.org\/{rel}","templated":true}]}}