{"id":21217,"date":"2020-04-23T12:29:19","date_gmt":"2020-04-23T16:29:19","guid":{"rendered":"https:\/\/thehometownlawyers.com\/?page_id=21217"},"modified":"2025-01-31T10:32:06","modified_gmt":"2025-01-31T15:32:06","slug":"abogado-de-accidente-de-motocicleta-liberty-township-ohio","status":"publish","type":"page","link":"https:\/\/thehometownlawyers.com\/es\/abogado-de-lesiones-liberty-township-ohio\/abogado-de-accidente-de-motocicleta-liberty-township-ohio\/","title":{"rendered":"Abogado de Accidentes de Motocicletas en Liberty Township"},"content":{"rendered":"<h2>Abogado de accidentes de motocicleta en Liberty Township<\/h2>\n<p>Liberty Township, Ohio, ve una buena cantidad de motociclistas debido a las atractivas vistas que ofrecen carreteras como la Ruta 25 de EE. UU. y la Interestatal 75.<\/p>\n<p>Si bien muchos motociclistas pueden llegar a sus destinos de manera segura, tambi\u00e9n hay muchos accidentes de motocicleta en Liberty Township y otras partes de Ohio. La Patrulla de Caminos del Estado de Ohio <a href=\"https:\/\/statepatrol.ohio.gov\/statistics\/statspage3.asp\" target=\"_blank\" rel=\"noopener\">informa<\/a> que hubo 144 accidentes mortales de motocicletas en Ohio en 2018.<\/p>\n<p class=\"rs-content-cta rs-content-cta-small\">Para una consulta legal gratuita, llame al <a href=\"tel:+15138943333\">513-894-3333 <\/a><\/p><h2>Causas Comunes de Accidentes de Motocicleta en Liberty Township<\/h2>\n<p>Hay muchas razones por las que ocurren los accidentes de motocicleta en Ohio, pero a menudo un conductor descuidado o imprudente es al menos parcialmente responsable. Otras veces, debido a su peque\u00f1o tama\u00f1o, los motociclistas pueden ser dif\u00edciles de detectar hasta que es demasiado tarde. Algunas de las causas m\u00e1s comunes de accidentes de motocicleta incluyen:<\/p>\n<ul>\n<li>Conducci\u00f3n distra\u00edda, lo que podr\u00eda significar que un automovilista u operador de un veh\u00edculo de pasajeros simplemente desvi\u00f3 la mirada de la carretera por un momento o dos, lo que provoc\u00f3 un accidente mortal.<\/li>\n<li>Conducci\u00f3n somnolienta o conductores fatigados, en los que los conductores est\u00e1n demasiado cansados para prestar la atenci\u00f3n adecuada a las condiciones de la carretera circundante<\/li>\n<li>No ceder el paso a otros automovilistas en la carretera<\/li>\n<li>Rebasar indebidamente o rebasar cuando los conductores de veh\u00edculos motorizados no pueden ver a los motociclistas que viajan cerca de ellos<\/li>\n<li>Conducir intoxicado, que ocurre cuando los conductores operan veh\u00edculos bajo la influencia del alcohol o las drogas<\/li>\n<li>Accidentes con puertas abiertas o \u201cdooring\u201d en los que un motociclista choca con la puerta de un autom\u00f3vil que se abre repentinamente<\/li>\n<li>Exceso de velocidad, que puede implicar que los motociclistas viajen m\u00e1s r\u00e1pido que los l\u00edmites establecidos o que viajen demasiado r\u00e1pido en condiciones clim\u00e1ticas adversas o de la carretera<\/li>\n<li>Paradas repentinas, en las que un motociclista no tiene suficiente tiempo para responder a cambios repentinos en las condiciones del camino<\/li>\n<\/ul>\n<p class=\"rs-content-cta\">Abogado de Lesiones Personales de Liberty Township Cerca de M\u00ed <a href=\"tel:+15138943333\">513-894-3333<\/a><\/p><h2>Lesiones com\u00fanmente causadas por accidentes de motocicleta en Ohio<\/h2>\n<p>Para disminuir el riesgo de accidentes mortales de motocicletas, la ley de Ohio exige que los motociclistas menores de 18 a\u00f1os, as\u00ed como las personas con licencias para principiantes, usen cascos en todo momento. Sin embargo, los motociclistas mayores y con m\u00e1s experiencia no est\u00e1n obligados a usar cascos.<\/p>\n<p>Desafortunadamente, incluso los motociclistas que usan cascos est\u00e1n en su mayor\u00eda desprotegidos contra accidentes graves y las lesiones resultantes. Algunas de las lesiones m\u00e1s comunes que enfrentan los operadores de motocicletas incluyen:<\/p>\n<ul>\n<li>Roturas y fracturas \u00f3seas, que son causadas por el impacto de las colisiones.<\/li>\n<li>Conmociones cerebrales y lesiones cerebrales traum\u00e1ticas<\/li>\n<li><a href=\"https:\/\/pmc.ncbi.nlm.nih.gov\/articles\/PMC4919827\/\" target=\"_blank\" rel=\"noopener\">Lesiones por aplastamiento<\/a> , en las que las motocicletas quedan atrapadas encima de los motociclistas y, a menudo, provocan da\u00f1os sustanciales en los \u00f3rganos.<\/li>\n<li>Lesiones en el cuello y la espalda, que pueden provocar par\u00e1lisis total o parcial.<\/li>\n<li>Erupci\u00f3n en la carretera, que ocurre cuando los motociclistas se deslizan por las superficies<\/li>\n<li>Los trastornos de estr\u00e9s postraum\u00e1tico, as\u00ed como la ansiedad y la depresi\u00f3n, son causados por la naturaleza abrumadora y aterradora de los accidentes de motocicleta.<\/li>\n<li>Laceraciones severas, que en el peor de los casos pueden conducir a amputaciones.<\/li>\n<\/ul>\n<p class=\"rs-content-cta rs-content-cta-small\"><a href=\"\/es\/contacto\/\">Haga clic para contactar<\/a> con nuestros lesiones personales abogados hoy<\/p><h2>B\u00fasqueda de compensaci\u00f3n despu\u00e9s de accidentes de motocicleta en Ohio<\/h2>\n<p>Si usted es un motociclista que se lesiona como resultado del comportamiento imprudente o descuidado de otra persona, la ley de Ohio reconoce su capacidad como v\u00edctima para buscar una compensaci\u00f3n. En consecuencia, las v\u00edctimas a menudo pueden solicitar compensaci\u00f3n por varios tipos de da\u00f1os causados por accidentes de motocicleta, incluidos salarios perdidos, costos m\u00e9dicos, dolor y sufrimiento, da\u00f1os a la propiedad y la p\u00e9rdida de relaciones personales.<\/p>\n<p>Las v\u00edctimas de accidentes de motocicleta deben comprender que existe un l\u00edmite de tiempo para presentar una demanda. En Ohio, una persona tiene dos a\u00f1os para presentar una demanda por lesiones personales o muerte por negligencia . Para accidentes de motocicleta, una v\u00edctima lesionada tiene dos a\u00f1os a partir de la fecha de la colisi\u00f3n para presentar la demanda. En situaciones en las que un accidente de motocicleta result\u00f3 en la muerte de un ser querido, un miembro de la familia sobreviviente tiene dos a\u00f1os a partir de la fecha en que fallece la v\u00edctima. Esta es solo la fecha l\u00edmite para presentar una demanda. Sin embargo, es fundamental comprender que muchas v\u00edctimas de accidentes de motocicleta que esperan para obtener una compensaci\u00f3n tambi\u00e9n corren el riesgo de perder evidencia que podr\u00eda usarse para establecer c\u00f3mo ocurri\u00f3 un accidente. En la mayor\u00eda de los casos, cuanto m\u00e1s r\u00e1pido act\u00fae una persona, mejor ser\u00e1 el resultado de un caso.<\/p>\n<p class=\"rs-content-cta rs-content-cta-small\">Complete una <a href=\"\/es\/contacto\/\">evaluaci\u00f3n gratuita de su caso<\/a> ahora<\/p><h2>Buscando compensaci\u00f3n despu\u00e9s de la p\u00e9rdida de un ser querido<\/h2>\n<p>Si usted es el padre, c\u00f3nyuge o hijo de una persona que falleci\u00f3 en un accidente de lesiones personales en Ohio, podemos ayudarlo a obtener una compensaci\u00f3n. En lugar de presentar una demanda por lesiones personales, podemos ayudarlo a presentar una demanda por muerte por negligencia.<\/p>\n<p>Si bien ninguna cantidad de dinero puede compensar realmente la p\u00e9rdida de un ser querido, la compensaci\u00f3n por muerte injusta con frecuencia incluye cosas como la p\u00e9rdida de los ingresos de la persona fallecida, la p\u00e9rdida de la compa\u00f1\u00eda de la persona fallecida, los costos del funeral y entierro y la angustia emocional.<\/p>\n<h2>Obtenga la asistencia de un abogado experto en accidentes de motocicleta en Ohio<\/h2>\n<p>En los momentos posteriores a los accidentes de motocicleta de Liberty Township, los motociclistas pueden encontrar que sus vidas cambiaron para siempre. Si otra persona fue responsable del accidente, recuerda que tienes derecho a reclamar una indemnizaci\u00f3n. Comun\u00edquese con <a href=\"https:\/\/thehometownlawyers.com\/es\/contacto\/\">Kruger &amp; Hodges<\/a> hoy para programar una evaluaci\u00f3n gratuita de su caso con un abogado de accidentes de motocicleta que preste servicios en Liberty Township, Ohio.<\/p>\n<p class=\"rs-content-cta rs-content-cta-small\">Llame o env\u00ede un mensaje de texto al <a href=\"tel:+15138943333\">513-894-3333<\/a> o complete una <a href=\"\/es\/contacto\/\">evaluaci\u00f3n gratuita de su caso<\/a><\/p>","protected":false},"excerpt":{"rendered":"<p>Abogado de accidentes de motocicleta en Liberty Township Liberty Township, Ohio, ve una buena cantidad de motociclistas debido a las atractivas vistas que ofrecen carreteras como la Ruta 25 de EE. UU. y la Interestatal 75. Si bien muchos motociclistas pueden llegar a sus destinos de manera segura, tambi\u00e9n hay muchos accidentes de motocicleta en &#8230;<\/p>\n","protected":false},"author":7,"featured_media":20740,"parent":21223,"menu_order":0,"comment_status":"closed","ping_status":"closed","template":"","meta":{"_acf_changed":false,"inline_featured_image":false,"_genesis_hide_title":false,"_genesis_hide_breadcrumbs":false,"_genesis_hide_singular_image":false,"_genesis_hide_footer_widgets":false,"_genesis_custom_body_class":"","_genesis_custom_post_class":"","_genesis_layout":"","footnotes":""},"hc_faqs":[],"hc_spanish_faqs":[],"class_list":{"0":"post-21217","1":"page","2":"type-page","3":"status-publish","4":"has-post-thumbnail","6":"hc_city_location-liberty-township-es","7":"entry"},"acf":[],"yoast_head":"<!-- This site is optimized with the Yoast SEO plugin v27.4 - https:\/\/yoast.com\/product\/yoast-seo-wordpress\/ -->\n<title>Abogado de accidente de motocicleta Liberty Township, Ohio: Consulta gratuita<\/title>\n<meta name=\"description\" content=\"Abogado de accidentes de motocicleta en Liberty Township Liberty Township, Ohio, ve una buena cantidad de motociclistas debido a las atractivas vistas que\" \/>\n<meta name=\"robots\" content=\"index, follow, max-snippet:-1, max-image-preview:large, max-video-preview:-1\" \/>\n<link rel=\"canonical\" href=\"https:\/\/thehometownlawyers.com\/es\/abogado-de-lesiones-liberty-township-ohio\/abogado-de-accidente-de-motocicleta-liberty-township-ohio\/\" \/>\n<meta property=\"og:locale\" content=\"es_MX\" \/>\n<meta property=\"og:type\" content=\"article\" \/>\n<meta property=\"og:title\" content=\"Abogado de accidente de motocicleta Liberty Township, Ohio: Consulta gratuita\" \/>\n<meta property=\"og:description\" content=\"Abogado de accidentes de motocicleta en Liberty Township Liberty Township, Ohio, ve una buena cantidad de motociclistas debido a las atractivas vistas que\" \/>\n<meta property=\"og:url\" content=\"https:\/\/thehometownlawyers.com\/es\/abogado-de-lesiones-liberty-township-ohio\/abogado-de-accidente-de-motocicleta-liberty-township-ohio\/\" \/>\n<meta property=\"og:site_name\" content=\"Kruger &amp; Hodges Abogados De Lesiones\" \/>\n<meta property=\"article:publisher\" content=\"https:\/\/www.facebook.com\/KrugerHodges\/\" \/>\n<meta property=\"article:modified_time\" content=\"2025-01-31T15:32:06+00:00\" \/>\n<meta property=\"og:image\" content=\"https:\/\/thehometownlawyers.com\/wp-content\/uploads\/2020\/02\/iStock-912151500.jpg\" \/>\n\t<meta property=\"og:image:width\" content=\"2048\" \/>\n\t<meta property=\"og:image:height\" content=\"1365\" \/>\n\t<meta property=\"og:image:type\" content=\"image\/jpeg\" \/>\n<meta name=\"twitter:card\" content=\"summary_large_image\" \/>\n<meta name=\"twitter:label1\" content=\"Tiempo de lectura\" \/>\n\t<meta name=\"twitter:data1\" content=\"5 minutos\" \/>\n<script type=\"application\/ld+json\" class=\"yoast-schema-graph\">{\"@context\":\"https:\\\/\\\/schema.org\",\"@graph\":[{\"@type\":\"WebPage\",\"@id\":\"https:\\\/\\\/thehometownlawyers.com\\\/es\\\/abogado-de-lesiones-liberty-township-ohio\\\/abogado-de-accidente-de-motocicleta-liberty-township-ohio\\\/\",\"url\":\"https:\\\/\\\/thehometownlawyers.com\\\/es\\\/abogado-de-lesiones-liberty-township-ohio\\\/abogado-de-accidente-de-motocicleta-liberty-township-ohio\\\/\",\"name\":\"Abogado de accidente de motocicleta Liberty Township, Ohio: Consulta gratuita\",\"isPartOf\":{\"@id\":\"https:\\\/\\\/thehometownlawyers.com\\\/es\\\/#website\"},\"primaryImageOfPage\":{\"@id\":\"https:\\\/\\\/thehometownlawyers.com\\\/es\\\/abogado-de-lesiones-liberty-township-ohio\\\/abogado-de-accidente-de-motocicleta-liberty-township-ohio\\\/#primaryimage\"},\"image\":{\"@id\":\"https:\\\/\\\/thehometownlawyers.com\\\/es\\\/abogado-de-lesiones-liberty-township-ohio\\\/abogado-de-accidente-de-motocicleta-liberty-township-ohio\\\/#primaryimage\"},\"thumbnailUrl\":\"https:\\\/\\\/thehometownlawyers.com\\\/wp-content\\\/uploads\\\/2020\\\/02\\\/iStock-912151500.jpg\",\"datePublished\":\"2020-04-23T16:29:19+00:00\",\"dateModified\":\"2025-01-31T15:32:06+00:00\",\"description\":\"Abogado de accidentes de motocicleta en Liberty Township Liberty Township, Ohio, ve una buena cantidad de motociclistas debido a las atractivas vistas que\",\"breadcrumb\":{\"@id\":\"https:\\\/\\\/thehometownlawyers.com\\\/es\\\/abogado-de-lesiones-liberty-township-ohio\\\/abogado-de-accidente-de-motocicleta-liberty-township-ohio\\\/#breadcrumb\"},\"inLanguage\":\"es\",\"potentialAction\":[{\"@type\":\"ReadAction\",\"target\":[\"https:\\\/\\\/thehometownlawyers.com\\\/es\\\/abogado-de-lesiones-liberty-township-ohio\\\/abogado-de-accidente-de-motocicleta-liberty-township-ohio\\\/\"]}]},{\"@type\":\"ImageObject\",\"inLanguage\":\"es\",\"@id\":\"https:\\\/\\\/thehometownlawyers.com\\\/es\\\/abogado-de-lesiones-liberty-township-ohio\\\/abogado-de-accidente-de-motocicleta-liberty-township-ohio\\\/#primaryimage\",\"url\":\"https:\\\/\\\/thehometownlawyers.com\\\/wp-content\\\/uploads\\\/2020\\\/02\\\/iStock-912151500.jpg\",\"contentUrl\":\"https:\\\/\\\/thehometownlawyers.com\\\/wp-content\\\/uploads\\\/2020\\\/02\\\/iStock-912151500.jpg\",\"width\":2048,\"height\":1365,\"caption\":\"Motocicleta y casco volcados en la calle tras colisi\u00f3n con el coche\"},{\"@type\":\"BreadcrumbList\",\"@id\":\"https:\\\/\\\/thehometownlawyers.com\\\/es\\\/abogado-de-lesiones-liberty-township-ohio\\\/abogado-de-accidente-de-motocicleta-liberty-township-ohio\\\/#breadcrumb\",\"itemListElement\":[{\"@type\":\"ListItem\",\"position\":1,\"name\":\"Home\",\"item\":\"https:\\\/\\\/thehometownlawyers.com\\\/es\\\/\"},{\"@type\":\"ListItem\",\"position\":2,\"name\":\"Abogado de Lesiones Personales en Liberty Township\",\"item\":\"https:\\\/\\\/thehometownlawyers.com\\\/es\\\/abogado-de-lesiones-liberty-township-ohio\\\/\"},{\"@type\":\"ListItem\",\"position\":3,\"name\":\"Abogado de Accidentes de Motocicletas en Liberty Township\"}]},{\"@type\":\"WebSite\",\"@id\":\"https:\\\/\\\/thehometownlawyers.com\\\/es\\\/#website\",\"url\":\"https:\\\/\\\/thehometownlawyers.com\\\/es\\\/\",\"name\":\"Kruger & Hodges Hometown Injury Lawyers | Accident Attorneys\",\"description\":\"Attorneys for Car, Truck and Motorcycle Accidents, Personal Injuries, and Criminal Defense.\",\"publisher\":{\"@id\":\"https:\\\/\\\/thehometownlawyers.com\\\/es\\\/#organization\"},\"alternateName\":\"Kruger & Hodges Personal Injury Lawyers\",\"inLanguage\":\"es\"},{\"@type\":\"Organization\",\"@id\":\"https:\\\/\\\/thehometownlawyers.com\\\/es\\\/#organization\",\"name\":\"Kruger & Hodges Hometown Injury Lawyers\",\"alternateName\":\"Kruger & Hodges\",\"url\":\"https:\\\/\\\/thehometownlawyers.com\\\/es\\\/\",\"logo\":{\"@type\":\"ImageObject\",\"inLanguage\":\"es\",\"@id\":\"https:\\\/\\\/thehometownlawyers.com\\\/es\\\/#\\\/schema\\\/logo\\\/image\\\/\",\"url\":\"https:\\\/\\\/thehometownlawyers.com\\\/wp-content\\\/uploads\\\/2025\\\/12\\\/revised-kh-logo-vertical-white-background-scaled.png\",\"contentUrl\":\"https:\\\/\\\/thehometownlawyers.com\\\/wp-content\\\/uploads\\\/2025\\\/12\\\/revised-kh-logo-vertical-white-background-scaled.png\",\"width\":2560,\"height\":1440,\"caption\":\"Kruger & Hodges Hometown Injury Lawyers\"},\"image\":{\"@id\":\"https:\\\/\\\/thehometownlawyers.com\\\/es\\\/#\\\/schema\\\/logo\\\/image\\\/\"},\"sameAs\":[\"https:\\\/\\\/www.facebook.com\\\/KrugerHodges\\\/\",\"https:\\\/\\\/www.instagram.com\\\/krugerhodges\\\/\",\"https:\\\/\\\/www.linkedin.com\\\/company\\\/kruger-hodges-hometown-injury-lawyers\\\/\",\"https:\\\/\\\/www.youtube.com\\\/channel\\\/UCeYcMaMaN2rb9jMlqt4EIdQ\",\"https:\\\/\\\/www.tiktok.com\\\/@thehometownlawyer\"]}]}<\/script>\n<!-- \/ Yoast SEO plugin. -->","yoast_head_json":{"title":"Abogado de accidente de motocicleta Liberty Township, Ohio: Consulta gratuita","description":"Abogado de accidentes de motocicleta en Liberty Township Liberty Township, Ohio, ve una buena cantidad de motociclistas debido a las atractivas vistas que","robots":{"index":"index","follow":"follow","max-snippet":"max-snippet:-1","max-image-preview":"max-image-preview:large","max-video-preview":"max-video-preview:-1"},"canonical":"https:\/\/thehometownlawyers.com\/es\/abogado-de-lesiones-liberty-township-ohio\/abogado-de-accidente-de-motocicleta-liberty-township-ohio\/","og_locale":"es_MX","og_type":"article","og_title":"Abogado de accidente de motocicleta Liberty Township, Ohio: Consulta gratuita","og_description":"Abogado de accidentes de motocicleta en Liberty Township Liberty Township, Ohio, ve una buena cantidad de motociclistas debido a las atractivas vistas que","og_url":"https:\/\/thehometownlawyers.com\/es\/abogado-de-lesiones-liberty-township-ohio\/abogado-de-accidente-de-motocicleta-liberty-township-ohio\/","og_site_name":"Kruger &amp; Hodges Abogados De Lesiones","article_publisher":"https:\/\/www.facebook.com\/KrugerHodges\/","article_modified_time":"2025-01-31T15:32:06+00:00","og_image":[{"width":2048,"height":1365,"url":"https:\/\/thehometownlawyers.com\/wp-content\/uploads\/2020\/02\/iStock-912151500.jpg","type":"image\/jpeg"}],"twitter_card":"summary_large_image","twitter_misc":{"Tiempo de lectura":"5 minutos"},"schema":{"@context":"https:\/\/schema.org","@graph":[{"@type":"WebPage","@id":"https:\/\/thehometownlawyers.com\/es\/abogado-de-lesiones-liberty-township-ohio\/abogado-de-accidente-de-motocicleta-liberty-township-ohio\/","url":"https:\/\/thehometownlawyers.com\/es\/abogado-de-lesiones-liberty-township-ohio\/abogado-de-accidente-de-motocicleta-liberty-township-ohio\/","name":"Abogado de accidente de motocicleta Liberty Township, Ohio: Consulta gratuita","isPartOf":{"@id":"https:\/\/thehometownlawyers.com\/es\/#website"},"primaryImageOfPage":{"@id":"https:\/\/thehometownlawyers.com\/es\/abogado-de-lesiones-liberty-township-ohio\/abogado-de-accidente-de-motocicleta-liberty-township-ohio\/#primaryimage"},"image":{"@id":"https:\/\/thehometownlawyers.com\/es\/abogado-de-lesiones-liberty-township-ohio\/abogado-de-accidente-de-motocicleta-liberty-township-ohio\/#primaryimage"},"thumbnailUrl":"https:\/\/thehometownlawyers.com\/wp-content\/uploads\/2020\/02\/iStock-912151500.jpg","datePublished":"2020-04-23T16:29:19+00:00","dateModified":"2025-01-31T15:32:06+00:00","description":"Abogado de accidentes de motocicleta en Liberty Township Liberty Township, Ohio, ve una buena cantidad de motociclistas debido a las atractivas vistas que","breadcrumb":{"@id":"https:\/\/thehometownlawyers.com\/es\/abogado-de-lesiones-liberty-township-ohio\/abogado-de-accidente-de-motocicleta-liberty-township-ohio\/#breadcrumb"},"inLanguage":"es","potentialAction":[{"@type":"ReadAction","target":["https:\/\/thehometownlawyers.com\/es\/abogado-de-lesiones-liberty-township-ohio\/abogado-de-accidente-de-motocicleta-liberty-township-ohio\/"]}]},{"@type":"ImageObject","inLanguage":"es","@id":"https:\/\/thehometownlawyers.com\/es\/abogado-de-lesiones-liberty-township-ohio\/abogado-de-accidente-de-motocicleta-liberty-township-ohio\/#primaryimage","url":"https:\/\/thehometownlawyers.com\/wp-content\/uploads\/2020\/02\/iStock-912151500.jpg","contentUrl":"https:\/\/thehometownlawyers.com\/wp-content\/uploads\/2020\/02\/iStock-912151500.jpg","width":2048,"height":1365,"caption":"Motocicleta y casco volcados en la calle tras colisi\u00f3n con el coche"},{"@type":"BreadcrumbList","@id":"https:\/\/thehometownlawyers.com\/es\/abogado-de-lesiones-liberty-township-ohio\/abogado-de-accidente-de-motocicleta-liberty-township-ohio\/#breadcrumb","itemListElement":[{"@type":"ListItem","position":1,"name":"Home","item":"https:\/\/thehometownlawyers.com\/es\/"},{"@type":"ListItem","position":2,"name":"Abogado de Lesiones Personales en Liberty Township","item":"https:\/\/thehometownlawyers.com\/es\/abogado-de-lesiones-liberty-township-ohio\/"},{"@type":"ListItem","position":3,"name":"Abogado de Accidentes de Motocicletas en Liberty Township"}]},{"@type":"WebSite","@id":"https:\/\/thehometownlawyers.com\/es\/#website","url":"https:\/\/thehometownlawyers.com\/es\/","name":"Kruger & Hodges Hometown Injury Lawyers | Accident Attorneys","description":"Attorneys for Car, Truck and Motorcycle Accidents, Personal Injuries, and Criminal Defense.","publisher":{"@id":"https:\/\/thehometownlawyers.com\/es\/#organization"},"alternateName":"Kruger & Hodges Personal Injury Lawyers","inLanguage":"es"},{"@type":"Organization","@id":"https:\/\/thehometownlawyers.com\/es\/#organization","name":"Kruger & Hodges Hometown Injury Lawyers","alternateName":"Kruger & Hodges","url":"https:\/\/thehometownlawyers.com\/es\/","logo":{"@type":"ImageObject","inLanguage":"es","@id":"https:\/\/thehometownlawyers.com\/es\/#\/schema\/logo\/image\/","url":"https:\/\/thehometownlawyers.com\/wp-content\/uploads\/2025\/12\/revised-kh-logo-vertical-white-background-scaled.png","contentUrl":"https:\/\/thehometownlawyers.com\/wp-content\/uploads\/2025\/12\/revised-kh-logo-vertical-white-background-scaled.png","width":2560,"height":1440,"caption":"Kruger & Hodges Hometown Injury Lawyers"},"image":{"@id":"https:\/\/thehometownlawyers.com\/es\/#\/schema\/logo\/image\/"},"sameAs":["https:\/\/www.facebook.com\/KrugerHodges\/","https:\/\/www.instagram.com\/krugerhodges\/","https:\/\/www.linkedin.com\/company\/kruger-hodges-hometown-injury-lawyers\/","https:\/\/www.youtube.com\/channel\/UCeYcMaMaN2rb9jMlqt4EIdQ","https:\/\/www.tiktok.com\/@thehometownlawyer"]}]}},"_links":{"self":[{"href":"https:\/\/thehometownlawyers.com\/es\/wp-json\/wp\/v2\/pages\/21217","targetHints":{"allow":["GET"]}}],"collection":[{"href":"https:\/\/thehometownlawyers.com\/es\/wp-json\/wp\/v2\/pages"}],"about":[{"href":"https:\/\/thehometownlawyers.com\/es\/wp-json\/wp\/v2\/types\/page"}],"author":[{"embeddable":true,"href":"https:\/\/thehometownlawyers.com\/es\/wp-json\/wp\/v2\/users\/7"}],"replies":[{"embeddable":true,"href":"https:\/\/thehometownlawyers.com\/es\/wp-json\/wp\/v2\/comments?post=21217"}],"version-history":[{"count":0,"href":"https:\/\/thehometownlawyers.com\/es\/wp-json\/wp\/v2\/pages\/21217\/revisions"}],"up":[{"embeddable":true,"href":"https:\/\/thehometownlawyers.com\/es\/wp-json\/wp\/v2\/pages\/21223"}],"wp:featuredmedia":[{"embeddable":true,"href":"https:\/\/thehometownlawyers.com\/es\/wp-json\/wp\/v2\/media\/20740"}],"wp:attachment":[{"href":"https:\/\/thehometownlawyers.com\/es\/wp-json\/wp\/v2\/media?parent=21217"}],"wp:term":[{"taxonomy":"hc_faqs","embeddable":true,"href":"https:\/\/thehometownlawyers.com\/es\/wp-json\/wp\/v2\/hc_faqs?post=21217"},{"taxonomy":"hc_spanish_faqs","embeddable":true,"href":"https:\/\/thehometownlawyers.com\/es\/wp-json\/wp\/v2\/hc_spanish_faqs?post=21217"}],"curies":[{"name":"wp","href":"https:\/\/api.w.org\/{rel}","templated":true}]}}