{"id":21218,"date":"2020-04-22T21:13:54","date_gmt":"2020-04-23T01:13:54","guid":{"rendered":"https:\/\/thehometownlawyers.com\/?page_id=21218"},"modified":"2025-01-31T10:43:38","modified_gmt":"2025-01-31T15:43:38","slug":"abogados-de-accidentes-de-semirremolques-west-chester-ohio","status":"publish","type":"page","link":"https:\/\/thehometownlawyers.com\/es\/abogados-de-lesiones-personales-de-west-chester\/abogados-de-accidentes-de-semirremolques-west-chester-ohio\/","title":{"rendered":"Abogado de Accidente de Semi en West Chester"},"content":{"rendered":"<h2>Abogado de accidentes de camiones de West Chester<\/h2>\n<p>Como parte del \u00e1rea metropolitana de Cincinnati, el municipio de West Chester alberga muchas empresas. Algunos de los mayores empleadores en el \u00e1rea incluyen BAE Systems, GE Aviation y Cornerstone Brands. Como resultado, es com\u00fan ver varios camiones viajando por el municipio de West Chester.<\/p>\n<p>Desafortunadamente, esto significa que cada a\u00f1o, muchas personas descubren que sus vidas cambian para siempre debido a accidentes de camiones. El Departamento de Seguridad P\u00fablica de Ohio informa que una de cada ocho muertes por accidentes de tr\u00e1nsito se debe a colisiones que involucran camiones grandes. Para prepararse mejor para el peligro de estas colisiones, considere los siguientes detalles cr\u00edticos sobre la naturaleza de los accidentes de camiones.<\/p>\n<p class=\"rs-content-cta rs-content-cta-small\">Para una consulta legal gratuita, llame al <a href=\"tel:+15138943333\">513-894-3333 <\/a><\/p><h2>Causas Comunes de Accidentes de Camiones en Ohio<\/h2>\n<p>Debido a su tama\u00f1o y peso sustanciales, los camiones corren un mayor riesgo de terminar en ciertos tipos de accidentes que los veh\u00edculos de pasajeros m\u00e1s peque\u00f1os. Algunas de las causas m\u00e1s comunes de accidentes de camiones incluyen:<\/p>\n<ul>\n<li>Problemas con los frenos, que hacen que los camiones no puedan detenerse a tiempo<\/li>\n<li>Conductores intoxicados por drogas o alcohol, lo que con frecuencia significa que los camioneros no pueden prestar la debida atenci\u00f3n a las condiciones del entorno.<\/li>\n<li>Conductores que no est\u00e1n familiarizados con el \u00e1rea, lo que puede provocar que los automovilistas se dirijan en sentido contrario en las carreteras<\/li>\n<li>Conductores que manejan veh\u00edculos mientras est\u00e1n distra\u00eddos, que pueden no tener suficiente tiempo para responder a las condiciones que surgen repentinamente en la carretera.<\/li>\n<li>Conductores que operan veh\u00edculos cuando est\u00e1n fatigados, as\u00ed como conductores que se quedan dormidos al volante<\/li>\n<li>Conductores que viajan demasiado r\u00e1pido, que a menudo terminan en accidentes de vuelco<\/li>\n<li>No estar atento al tr\u00e1fico circundante, lo que puede provocar que los camiones choquen con veh\u00edculos que han entrado en sus puntos ciegos.<\/li>\n<li>No ceder el derecho de paso, lo que puede resultar en colisiones de impacto lateral<\/li>\n<li>Camiones sobrecargados o camiones con carga almacenada incorrectamente, lo que puede causar que los camiones se vuelquen<\/li>\n<li>Camiones con piezas defectuosas o camiones con mantenimiento inadecuado<\/li>\n<\/ul>\n<p class=\"rs-content-cta\">Abogado de Accidente de Cami\u00f3n de West Chester Cerca de M\u00ed <a href=\"tel:+15138943333\">513-894-3333<\/a><\/p><h2>C\u00f3mo se aplican las regulaciones de camiones a las demandas<\/h2>\n<p>Independientemente de la gravedad de las lesiones de una persona despu\u00e9s de un accidente de cami\u00f3n, sigue siendo vital establecer que la parte contraria fue responsable. La forma m\u00e1s com\u00fan de establecer la responsabilidad es demostrar que el conductor del cami\u00f3n viol\u00f3 las normas estatales o federales de Ohio.<\/p>\n<p>Primero, los conductores de camiones deben seguir los mismos requisitos que todos los dem\u00e1s automovilistas en la carretera. Esto significa que los conductores de camiones deben evitar el exceso de velocidad, cambiar de carril incorrectamente y no ceder el paso. El incumplimiento de estas normas puede servir como evidencia s\u00f3lida de que el conductor de un cami\u00f3n fue responsable de un accidente.<\/p>\n<p>Adem\u00e1s de estas leyes, las regulaciones federales abordan muchos otros aspectos de c\u00f3mo deben manejarse los camiones. Por ejemplo, la Administraci\u00f3n Federal de Seguridad de Autotransportes <a href=\"https:\/\/www.fmcsa.dot.gov\/regulations\/hours-service\/summary-hours-service-regulations\" target=\"_blank\" rel=\"noopener\">requiere<\/a> que los conductores de camiones no operen veh\u00edculos por m\u00e1s de 11 horas consecutivas en un d\u00eda o por m\u00e1s de 60 horas en siete d\u00edas consecutivos. Los conductores de camiones y las empresas de camiones que violan estas normas son tan responsables de los accidentes resultantes como los operadores de veh\u00edculos de pasajeros que no cumplen con los c\u00f3digos de tr\u00e1nsito.<\/p>\n<p class=\"rs-content-cta rs-content-cta-small\"><a href=\"\/es\/contacto\/\">Haga clic para contactar<\/a> con nuestros accidente de cami\u00f3n abogados hoy<\/p><h2>Lesiones com\u00fanmente causadas por accidentes de camiones en West Chester<\/h2>\n<p>Debido a que requieren una fuerza considerable para detenerse, las consecuencias de los accidentes de camiones suelen ser devastadoras. Algunos de los tipos m\u00e1s comunes de lesiones que enfrentan las v\u00edctimas despu\u00e9s de un accidente de cami\u00f3n incluyen:<\/p>\n<ul>\n<li>Huesos rotos<\/li>\n<li>Da\u00f1o a \u00f3rganos internos<\/li>\n<li>P\u00e9rdida de extremidades<\/li>\n<li>Lesiones de cuello y espalda<\/li>\n<li>Lesiones cerebrales traum\u00e1ticas<\/li>\n<li>Par\u00e1lisis parcial o total<\/li>\n<li>Lesiones de la m\u00e9dula espinal<\/li>\n<\/ul>\n<p>Independientemente de las precauciones de seguridad que tome un automovilista, lamentablemente es imposible eliminar el riesgo de terminar gravemente herido en un accidente de cami\u00f3n.<\/p>\n<p class=\"rs-content-cta rs-content-cta-small\">Complete una <a href=\"\/es\/contacto\/\">evaluaci\u00f3n gratuita de su caso<\/a> ahora<\/p><h2>Establecimiento de fallas despu\u00e9s de accidentes de camiones en Ohio<\/h2>\n<p>Como si ya no fueran complejos, varias partes tambi\u00e9n son a veces responsables de los accidentes de camiones. Algunas de las partes que pueden ser responsables de los accidentes de camiones incluyen:<\/p>\n<ul>\n<li>El conductor del cami\u00f3n y su compa\u00f1\u00eda de seguros<\/li>\n<li>La compa\u00f1\u00eda de camiones y sus compa\u00f1\u00edas de seguros<\/li>\n<li>El fabricante de piezas defectuosas para camiones.<\/li>\n<li>Agencias locales o estatales que pueden ser consideradas responsables por carreteras defectuosas o peligrosamente dise\u00f1adas<\/li>\n<\/ul>\n<p>Una complicaci\u00f3n adicional que puede surgir al buscar una compensaci\u00f3n por accidentes de camiones en Ohio implica abordar los problemas con las compa\u00f1\u00edas de seguros, que con frecuencia hacen todo lo posible para rechazar el pago de una compensaci\u00f3n. Incluso si una compa\u00f1\u00eda de seguros paga una compensaci\u00f3n, entiende que las v\u00edctimas a menudo se enfrentan a muchas facturas y conf\u00edan en la desesperaci\u00f3n de aceptar cualquier cosa para ofrecer una oferta baja.<\/p>\n<h2>P\u00f3ngase en contacto con un abogado de accidentes de camiones de Ohio<\/h2>\n<p>Debido a su tama\u00f1o y peso sustanciales, los accidentes de camiones a menudo resultan en da\u00f1os sustanciales a la propiedad y lesiones que cambian la vida. Si usted o un ser querido ha estado involucrado en un accidente de cami\u00f3n en West Chester, Ohio, comun\u00edquese con <a href=\"https:\/\/thehometownlawyers.com\/es\/\">Kruger &amp; Hodges<\/a> hoy.<\/p>\n<p class=\"rs-content-cta rs-content-cta-small\">Llame o env\u00ede un mensaje de texto al <a href=\"tel:+15138943333\">513-894-3333<\/a> o complete una <a href=\"\/es\/contacto\/\">evaluaci\u00f3n gratuita de su caso<\/a><\/p>","protected":false},"excerpt":{"rendered":"<p>Abogado de accidentes de camiones de West Chester Como parte del \u00e1rea metropolitana de Cincinnati, el municipio de West Chester alberga muchas empresas. Algunos de los mayores empleadores en el \u00e1rea incluyen BAE Systems, GE Aviation y Cornerstone Brands. Como resultado, es com\u00fan ver varios camiones viajando por el municipio de West Chester. Desafortunadamente, esto &#8230;<\/p>\n","protected":false},"author":7,"featured_media":20728,"parent":21231,"menu_order":0,"comment_status":"closed","ping_status":"closed","template":"","meta":{"_acf_changed":false,"inline_featured_image":false,"_genesis_hide_title":false,"_genesis_hide_breadcrumbs":false,"_genesis_hide_singular_image":false,"_genesis_hide_footer_widgets":false,"_genesis_custom_body_class":"","_genesis_custom_post_class":"","_genesis_layout":"","footnotes":""},"hc_faqs":[],"hc_spanish_faqs":[],"class_list":{"0":"post-21218","1":"page","2":"type-page","3":"status-publish","4":"has-post-thumbnail","6":"hc_city_location-west-chester-es","7":"entry"},"acf":[],"yoast_head":"<!-- This site is optimized with the Yoast SEO plugin v27.4 - https:\/\/yoast.com\/product\/yoast-seo-wordpress\/ -->\n<title>Abogados de accidentes de semirremolques West Chester, Ohio: Consulta gratuita<\/title>\n<meta name=\"description\" content=\"Abogado de accidentes de camiones de West Chester Como parte del \u00e1rea metropolitana de Cincinnati, el municipio de West Chester alberga muchas empresas.\" \/>\n<meta name=\"robots\" content=\"index, follow, max-snippet:-1, max-image-preview:large, max-video-preview:-1\" \/>\n<link rel=\"canonical\" href=\"https:\/\/thehometownlawyers.com\/es\/abogados-de-lesiones-personales-de-west-chester\/abogados-de-accidentes-de-semirremolques-west-chester-ohio\/\" \/>\n<meta property=\"og:locale\" content=\"es_MX\" \/>\n<meta property=\"og:type\" content=\"article\" \/>\n<meta property=\"og:title\" content=\"Abogados de accidentes de semirremolques West Chester, Ohio: Consulta gratuita\" \/>\n<meta property=\"og:description\" content=\"Abogado de accidentes de camiones de West Chester Como parte del \u00e1rea metropolitana de Cincinnati, el municipio de West Chester alberga muchas empresas.\" \/>\n<meta property=\"og:url\" content=\"https:\/\/thehometownlawyers.com\/es\/abogados-de-lesiones-personales-de-west-chester\/abogados-de-accidentes-de-semirremolques-west-chester-ohio\/\" \/>\n<meta property=\"og:site_name\" content=\"Kruger &amp; Hodges Abogados De Lesiones\" \/>\n<meta property=\"article:publisher\" content=\"https:\/\/www.facebook.com\/KrugerHodges\/\" \/>\n<meta property=\"article:modified_time\" content=\"2025-01-31T15:43:38+00:00\" \/>\n<meta property=\"og:image\" content=\"https:\/\/thehometownlawyers.com\/wp-content\/uploads\/2019\/01\/FedEx-Truck-Accident.jpg\" \/>\n\t<meta property=\"og:image:width\" content=\"640\" \/>\n\t<meta property=\"og:image:height\" content=\"427\" \/>\n\t<meta property=\"og:image:type\" content=\"image\/jpeg\" \/>\n<meta name=\"twitter:card\" content=\"summary_large_image\" \/>\n<meta name=\"twitter:label1\" content=\"Tiempo de lectura\" \/>\n\t<meta name=\"twitter:data1\" content=\"5 minutos\" \/>\n<script type=\"application\/ld+json\" class=\"yoast-schema-graph\">{\"@context\":\"https:\\\/\\\/schema.org\",\"@graph\":[{\"@type\":\"WebPage\",\"@id\":\"https:\\\/\\\/thehometownlawyers.com\\\/es\\\/abogados-de-lesiones-personales-de-west-chester\\\/abogados-de-accidentes-de-semirremolques-west-chester-ohio\\\/\",\"url\":\"https:\\\/\\\/thehometownlawyers.com\\\/es\\\/abogados-de-lesiones-personales-de-west-chester\\\/abogados-de-accidentes-de-semirremolques-west-chester-ohio\\\/\",\"name\":\"Abogados de accidentes de semirremolques West Chester, Ohio: Consulta gratuita\",\"isPartOf\":{\"@id\":\"https:\\\/\\\/thehometownlawyers.com\\\/es\\\/#website\"},\"primaryImageOfPage\":{\"@id\":\"https:\\\/\\\/thehometownlawyers.com\\\/es\\\/abogados-de-lesiones-personales-de-west-chester\\\/abogados-de-accidentes-de-semirremolques-west-chester-ohio\\\/#primaryimage\"},\"image\":{\"@id\":\"https:\\\/\\\/thehometownlawyers.com\\\/es\\\/abogados-de-lesiones-personales-de-west-chester\\\/abogados-de-accidentes-de-semirremolques-west-chester-ohio\\\/#primaryimage\"},\"thumbnailUrl\":\"https:\\\/\\\/thehometownlawyers.com\\\/wp-content\\\/uploads\\\/2019\\\/01\\\/FedEx-Truck-Accident.jpg\",\"datePublished\":\"2020-04-23T01:13:54+00:00\",\"dateModified\":\"2025-01-31T15:43:38+00:00\",\"description\":\"Abogado de accidentes de camiones de West Chester Como parte del \u00e1rea metropolitana de Cincinnati, el municipio de West Chester alberga muchas empresas.\",\"breadcrumb\":{\"@id\":\"https:\\\/\\\/thehometownlawyers.com\\\/es\\\/abogados-de-lesiones-personales-de-west-chester\\\/abogados-de-accidentes-de-semirremolques-west-chester-ohio\\\/#breadcrumb\"},\"inLanguage\":\"es\",\"potentialAction\":[{\"@type\":\"ReadAction\",\"target\":[\"https:\\\/\\\/thehometownlawyers.com\\\/es\\\/abogados-de-lesiones-personales-de-west-chester\\\/abogados-de-accidentes-de-semirremolques-west-chester-ohio\\\/\"]}]},{\"@type\":\"ImageObject\",\"inLanguage\":\"es\",\"@id\":\"https:\\\/\\\/thehometownlawyers.com\\\/es\\\/abogados-de-lesiones-personales-de-west-chester\\\/abogados-de-accidentes-de-semirremolques-west-chester-ohio\\\/#primaryimage\",\"url\":\"https:\\\/\\\/thehometownlawyers.com\\\/wp-content\\\/uploads\\\/2019\\\/01\\\/FedEx-Truck-Accident.jpg\",\"contentUrl\":\"https:\\\/\\\/thehometownlawyers.com\\\/wp-content\\\/uploads\\\/2019\\\/01\\\/FedEx-Truck-Accident.jpg\",\"width\":640,\"height\":427,\"caption\":\"Accidente de tres semirremolques\"},{\"@type\":\"BreadcrumbList\",\"@id\":\"https:\\\/\\\/thehometownlawyers.com\\\/es\\\/abogados-de-lesiones-personales-de-west-chester\\\/abogados-de-accidentes-de-semirremolques-west-chester-ohio\\\/#breadcrumb\",\"itemListElement\":[{\"@type\":\"ListItem\",\"position\":1,\"name\":\"Home\",\"item\":\"https:\\\/\\\/thehometownlawyers.com\\\/es\\\/\"},{\"@type\":\"ListItem\",\"position\":2,\"name\":\"Abogado de Lesiones Personales en West Chester\",\"item\":\"https:\\\/\\\/thehometownlawyers.com\\\/es\\\/abogados-de-lesiones-personales-de-west-chester\\\/\"},{\"@type\":\"ListItem\",\"position\":3,\"name\":\"Abogado de Accidente de Semi en West Chester\"}]},{\"@type\":\"WebSite\",\"@id\":\"https:\\\/\\\/thehometownlawyers.com\\\/es\\\/#website\",\"url\":\"https:\\\/\\\/thehometownlawyers.com\\\/es\\\/\",\"name\":\"Kruger & Hodges Hometown Injury Lawyers | Accident Attorneys\",\"description\":\"Attorneys for Car, Truck and Motorcycle Accidents, Personal Injuries, and Criminal Defense.\",\"publisher\":{\"@id\":\"https:\\\/\\\/thehometownlawyers.com\\\/es\\\/#organization\"},\"alternateName\":\"Kruger & Hodges Personal Injury Lawyers\",\"inLanguage\":\"es\"},{\"@type\":\"Organization\",\"@id\":\"https:\\\/\\\/thehometownlawyers.com\\\/es\\\/#organization\",\"name\":\"Kruger & Hodges Hometown Injury Lawyers\",\"alternateName\":\"Kruger & Hodges\",\"url\":\"https:\\\/\\\/thehometownlawyers.com\\\/es\\\/\",\"logo\":{\"@type\":\"ImageObject\",\"inLanguage\":\"es\",\"@id\":\"https:\\\/\\\/thehometownlawyers.com\\\/es\\\/#\\\/schema\\\/logo\\\/image\\\/\",\"url\":\"https:\\\/\\\/thehometownlawyers.com\\\/wp-content\\\/uploads\\\/2025\\\/12\\\/revised-kh-logo-vertical-white-background-scaled.png\",\"contentUrl\":\"https:\\\/\\\/thehometownlawyers.com\\\/wp-content\\\/uploads\\\/2025\\\/12\\\/revised-kh-logo-vertical-white-background-scaled.png\",\"width\":2560,\"height\":1440,\"caption\":\"Kruger & Hodges Hometown Injury Lawyers\"},\"image\":{\"@id\":\"https:\\\/\\\/thehometownlawyers.com\\\/es\\\/#\\\/schema\\\/logo\\\/image\\\/\"},\"sameAs\":[\"https:\\\/\\\/www.facebook.com\\\/KrugerHodges\\\/\",\"https:\\\/\\\/www.instagram.com\\\/krugerhodges\\\/\",\"https:\\\/\\\/www.linkedin.com\\\/company\\\/kruger-hodges-hometown-injury-lawyers\\\/\",\"https:\\\/\\\/www.youtube.com\\\/channel\\\/UCeYcMaMaN2rb9jMlqt4EIdQ\",\"https:\\\/\\\/www.tiktok.com\\\/@thehometownlawyer\"]}]}<\/script>\n<!-- \/ Yoast SEO plugin. -->","yoast_head_json":{"title":"Abogados de accidentes de semirremolques West Chester, Ohio: Consulta gratuita","description":"Abogado de accidentes de camiones de West Chester Como parte del \u00e1rea metropolitana de Cincinnati, el municipio de West Chester alberga muchas empresas.","robots":{"index":"index","follow":"follow","max-snippet":"max-snippet:-1","max-image-preview":"max-image-preview:large","max-video-preview":"max-video-preview:-1"},"canonical":"https:\/\/thehometownlawyers.com\/es\/abogados-de-lesiones-personales-de-west-chester\/abogados-de-accidentes-de-semirremolques-west-chester-ohio\/","og_locale":"es_MX","og_type":"article","og_title":"Abogados de accidentes de semirremolques West Chester, Ohio: Consulta gratuita","og_description":"Abogado de accidentes de camiones de West Chester Como parte del \u00e1rea metropolitana de Cincinnati, el municipio de West Chester alberga muchas empresas.","og_url":"https:\/\/thehometownlawyers.com\/es\/abogados-de-lesiones-personales-de-west-chester\/abogados-de-accidentes-de-semirremolques-west-chester-ohio\/","og_site_name":"Kruger &amp; Hodges Abogados De Lesiones","article_publisher":"https:\/\/www.facebook.com\/KrugerHodges\/","article_modified_time":"2025-01-31T15:43:38+00:00","og_image":[{"width":640,"height":427,"url":"https:\/\/thehometownlawyers.com\/wp-content\/uploads\/2019\/01\/FedEx-Truck-Accident.jpg","type":"image\/jpeg"}],"twitter_card":"summary_large_image","twitter_misc":{"Tiempo de lectura":"5 minutos"},"schema":{"@context":"https:\/\/schema.org","@graph":[{"@type":"WebPage","@id":"https:\/\/thehometownlawyers.com\/es\/abogados-de-lesiones-personales-de-west-chester\/abogados-de-accidentes-de-semirremolques-west-chester-ohio\/","url":"https:\/\/thehometownlawyers.com\/es\/abogados-de-lesiones-personales-de-west-chester\/abogados-de-accidentes-de-semirremolques-west-chester-ohio\/","name":"Abogados de accidentes de semirremolques West Chester, Ohio: Consulta gratuita","isPartOf":{"@id":"https:\/\/thehometownlawyers.com\/es\/#website"},"primaryImageOfPage":{"@id":"https:\/\/thehometownlawyers.com\/es\/abogados-de-lesiones-personales-de-west-chester\/abogados-de-accidentes-de-semirremolques-west-chester-ohio\/#primaryimage"},"image":{"@id":"https:\/\/thehometownlawyers.com\/es\/abogados-de-lesiones-personales-de-west-chester\/abogados-de-accidentes-de-semirremolques-west-chester-ohio\/#primaryimage"},"thumbnailUrl":"https:\/\/thehometownlawyers.com\/wp-content\/uploads\/2019\/01\/FedEx-Truck-Accident.jpg","datePublished":"2020-04-23T01:13:54+00:00","dateModified":"2025-01-31T15:43:38+00:00","description":"Abogado de accidentes de camiones de West Chester Como parte del \u00e1rea metropolitana de Cincinnati, el municipio de West Chester alberga muchas empresas.","breadcrumb":{"@id":"https:\/\/thehometownlawyers.com\/es\/abogados-de-lesiones-personales-de-west-chester\/abogados-de-accidentes-de-semirremolques-west-chester-ohio\/#breadcrumb"},"inLanguage":"es","potentialAction":[{"@type":"ReadAction","target":["https:\/\/thehometownlawyers.com\/es\/abogados-de-lesiones-personales-de-west-chester\/abogados-de-accidentes-de-semirremolques-west-chester-ohio\/"]}]},{"@type":"ImageObject","inLanguage":"es","@id":"https:\/\/thehometownlawyers.com\/es\/abogados-de-lesiones-personales-de-west-chester\/abogados-de-accidentes-de-semirremolques-west-chester-ohio\/#primaryimage","url":"https:\/\/thehometownlawyers.com\/wp-content\/uploads\/2019\/01\/FedEx-Truck-Accident.jpg","contentUrl":"https:\/\/thehometownlawyers.com\/wp-content\/uploads\/2019\/01\/FedEx-Truck-Accident.jpg","width":640,"height":427,"caption":"Accidente de tres semirremolques"},{"@type":"BreadcrumbList","@id":"https:\/\/thehometownlawyers.com\/es\/abogados-de-lesiones-personales-de-west-chester\/abogados-de-accidentes-de-semirremolques-west-chester-ohio\/#breadcrumb","itemListElement":[{"@type":"ListItem","position":1,"name":"Home","item":"https:\/\/thehometownlawyers.com\/es\/"},{"@type":"ListItem","position":2,"name":"Abogado de Lesiones Personales en West Chester","item":"https:\/\/thehometownlawyers.com\/es\/abogados-de-lesiones-personales-de-west-chester\/"},{"@type":"ListItem","position":3,"name":"Abogado de Accidente de Semi en West Chester"}]},{"@type":"WebSite","@id":"https:\/\/thehometownlawyers.com\/es\/#website","url":"https:\/\/thehometownlawyers.com\/es\/","name":"Kruger & Hodges Hometown Injury Lawyers | Accident Attorneys","description":"Attorneys for Car, Truck and Motorcycle Accidents, Personal Injuries, and Criminal Defense.","publisher":{"@id":"https:\/\/thehometownlawyers.com\/es\/#organization"},"alternateName":"Kruger & Hodges Personal Injury Lawyers","inLanguage":"es"},{"@type":"Organization","@id":"https:\/\/thehometownlawyers.com\/es\/#organization","name":"Kruger & Hodges Hometown Injury Lawyers","alternateName":"Kruger & Hodges","url":"https:\/\/thehometownlawyers.com\/es\/","logo":{"@type":"ImageObject","inLanguage":"es","@id":"https:\/\/thehometownlawyers.com\/es\/#\/schema\/logo\/image\/","url":"https:\/\/thehometownlawyers.com\/wp-content\/uploads\/2025\/12\/revised-kh-logo-vertical-white-background-scaled.png","contentUrl":"https:\/\/thehometownlawyers.com\/wp-content\/uploads\/2025\/12\/revised-kh-logo-vertical-white-background-scaled.png","width":2560,"height":1440,"caption":"Kruger & Hodges Hometown Injury Lawyers"},"image":{"@id":"https:\/\/thehometownlawyers.com\/es\/#\/schema\/logo\/image\/"},"sameAs":["https:\/\/www.facebook.com\/KrugerHodges\/","https:\/\/www.instagram.com\/krugerhodges\/","https:\/\/www.linkedin.com\/company\/kruger-hodges-hometown-injury-lawyers\/","https:\/\/www.youtube.com\/channel\/UCeYcMaMaN2rb9jMlqt4EIdQ","https:\/\/www.tiktok.com\/@thehometownlawyer"]}]}},"_links":{"self":[{"href":"https:\/\/thehometownlawyers.com\/es\/wp-json\/wp\/v2\/pages\/21218","targetHints":{"allow":["GET"]}}],"collection":[{"href":"https:\/\/thehometownlawyers.com\/es\/wp-json\/wp\/v2\/pages"}],"about":[{"href":"https:\/\/thehometownlawyers.com\/es\/wp-json\/wp\/v2\/types\/page"}],"author":[{"embeddable":true,"href":"https:\/\/thehometownlawyers.com\/es\/wp-json\/wp\/v2\/users\/7"}],"replies":[{"embeddable":true,"href":"https:\/\/thehometownlawyers.com\/es\/wp-json\/wp\/v2\/comments?post=21218"}],"version-history":[{"count":0,"href":"https:\/\/thehometownlawyers.com\/es\/wp-json\/wp\/v2\/pages\/21218\/revisions"}],"up":[{"embeddable":true,"href":"https:\/\/thehometownlawyers.com\/es\/wp-json\/wp\/v2\/pages\/21231"}],"wp:featuredmedia":[{"embeddable":true,"href":"https:\/\/thehometownlawyers.com\/es\/wp-json\/wp\/v2\/media\/20728"}],"wp:attachment":[{"href":"https:\/\/thehometownlawyers.com\/es\/wp-json\/wp\/v2\/media?parent=21218"}],"wp:term":[{"taxonomy":"hc_faqs","embeddable":true,"href":"https:\/\/thehometownlawyers.com\/es\/wp-json\/wp\/v2\/hc_faqs?post=21218"},{"taxonomy":"hc_spanish_faqs","embeddable":true,"href":"https:\/\/thehometownlawyers.com\/es\/wp-json\/wp\/v2\/hc_spanish_faqs?post=21218"}],"curies":[{"name":"wp","href":"https:\/\/api.w.org\/{rel}","templated":true}]}}