{"id":21219,"date":"2020-05-06T20:37:56","date_gmt":"2020-05-07T00:37:56","guid":{"rendered":"https:\/\/thehometownlawyers.com\/?page_id=21219"},"modified":"2025-01-31T11:30:13","modified_gmt":"2025-01-31T16:30:13","slug":"abogado-de-mordedura-de-perro-liberty-township-ohio","status":"publish","type":"page","link":"https:\/\/thehometownlawyers.com\/es\/abogado-de-lesiones-liberty-township-ohio\/abogado-de-mordedura-de-perro-liberty-township-ohio\/","title":{"rendered":"Abogado de Mordeduras de Perros en Liberty Township"},"content":{"rendered":"<h2>Abogado de mordeduras de perro en Liberty Township<\/h2>\n<p>Los ataques de perros ocurren repentinamente y pueden dejar a las v\u00edctimas con heridas graves que requieren un tratamiento m\u00e9dico extenso. Si bien puede ser dif\u00edcil determinar c\u00f3mo proceder, las v\u00edctimas de mordeduras de perros deben recordar que tienen derecho a buscar una compensaci\u00f3n. La ayuda de un abogado con experiencia en mordeduras de perro en Ohio puede ser la diferencia entre recibir la compensaci\u00f3n que necesita para recuperarse y no recibir nada en absoluto.<\/p>\n<p class=\"rs-content-cta rs-content-cta-small\">Para una consulta legal gratuita, llame al <a href=\"tel:+15138943333\">513-894-3333 <\/a><\/p><h2>El peligro que presentan los perros en Ohio<\/h2>\n<p>Las mordeduras de perro presentan peligros sustanciales para la salud de las v\u00edctimas. Por una raz\u00f3n, una variedad de bacterias mortales se encuentran tanto en la boca de los perros como en su saliva. Los Centros para el Control de Enfermedades informan que algunos de los riesgos m\u00e1s comunes asociados con las mordeduras de perros incluyen <a href=\"https:\/\/www.cdc.gov\/rabies\/index.html\" target=\"_blank\" rel=\"noopener\">la rabia<\/a> , el MRSA, el t\u00e9tanos y otras enfermedades potencialmente mortales.<\/p>\n<p>Para empeorar las cosas, el Instituto de Informaci\u00f3n de Seguros <a href=\"https:\/\/www.iii.org\/article\/spotlight-on-dog-bite-liability\" target=\"_blank\" rel=\"noopener\">clasifica a Ohio en el s\u00e9ptimo<\/a> lugar del pa\u00eds con el mayor n\u00famero de mordeduras de perros cada a\u00f1o. Adem\u00e1s, las mordeduras de perros a menudo hacen que las v\u00edctimas enfrenten facturas m\u00e9dicas sustanciales, salarios perdidos y varios otros costos.<\/p>\n<p class=\"rs-content-cta\">Abogado de Lesiones Personales de Liberty Township Cerca de M\u00ed <a href=\"tel:+15138943333\">513-894-3333<\/a><\/p><h2>Leyes de mordedura de perro de Ohio<\/h2>\n<p>La forma en que las leyes de mordeduras de perros de Ohio afectan el reclamo de una v\u00edctima depende de las circunstancias que rodean un ataque. Si un perro le causa lesiones a usted o a otra persona, el due\u00f1o del animal suele ser responsable de sus lesiones y de los costos resultantes, como las facturas m\u00e9dicas.<\/p>\n<p>Esta teor\u00eda de la &#8220;responsabilidad estricta&#8221; es v\u00e1lida independientemente de si el propietario actu\u00f3 con negligencia o si sab\u00eda que el animal era peligroso. Sin embargo, si una v\u00edctima provoc\u00f3 al perro, invad\u00eda ilegalmente en el momento del ataque o cometi\u00f3 cualquier otro tipo de delito en ese momento, la v\u00edctima no podr\u00e1 obtener una compensaci\u00f3n bajo responsabilidad objetiva.<\/p>\n<p>Si una v\u00edctima de mordedura de perro no puede presentar un reclamo de responsabilidad estricta, a\u00fan podr\u00eda presentar una demanda por negligencia contra el due\u00f1o del perro, siempre que el propietario o el controlador supieran que el animal era peligroso para los dem\u00e1s. Si el animal hab\u00eda mostrado previamente una naturaleza peligrosa o viciosa, el due\u00f1o y los cuidadores del animal est\u00e1n obligados a contener adecuadamente al animal y advertir a otros sobre el animal.<\/p>\n<p class=\"rs-content-cta rs-content-cta-small\"><a href=\"\/es\/contacto\/\">Haga clic para contactar<\/a> con nuestros lesiones personales abogados hoy<\/p><h2>\u00bfQui\u00e9n es responsable de las mordeduras de perro en Liberty Township?<\/h2>\n<p>Cuando las v\u00edctimas son heridas por perros, los due\u00f1os de los perros a menudo son responsables de todos los da\u00f1os resultantes, que pueden incluir facturas m\u00e9dicas, salarios perdidos, dolor y sufrimiento, as\u00ed como varios otros da\u00f1os.<\/p>\n<p>A veces, las v\u00edctimas tambi\u00e9n pueden buscar una compensaci\u00f3n por la disminuci\u00f3n de la capacidad de ingresos, la p\u00e9rdida del disfrute de la vida y la desfiguraci\u00f3n o cicatrizaci\u00f3n causada por el accidente.<\/p>\n<p class=\"rs-content-cta rs-content-cta-small\">Complete una <a href=\"\/es\/contacto\/\">evaluaci\u00f3n gratuita de su caso<\/a> ahora<\/p><h2>Ataques de perros en Ohio y el estatuto de limitaciones<\/h2>\n<p>Un \u201cestatuto de limitaciones\u201d se refiere a la ventana de tiempo que una persona tiene para emprender acciones legales. Si una persona intenta iniciar un caso en un tribunal de justicia una vez transcurrido este per\u00edodo de tiempo, esa persona no podr\u00e1 presentar una demanda.<\/p>\n<p>En Ohio, el estatuto de limitaciones para los ataques de perros cambia en funci\u00f3n de si una persona desea presentar una demanda por responsabilidad estricta o negligencia. En el caso de demandas de responsabilidad estricta, las v\u00edctimas de ataques de perros en Ohio tienen seis a\u00f1os para presentar un caso. Sin embargo, para los casos de ataque de perros que involucran negligencia, una persona tiene dos a\u00f1os para entablar una demanda.<\/p>\n<h2>Qu\u00e9 hacer despu\u00e9s de un ataque de perro en Liberty Township<\/h2>\n<p>Si usted o un ser querido es atacado por un perro, su primera respuesta debe centrarse en su salud y bienestar. Si es necesario para defenderse, tenga en cuenta que la ley de Ohio protege su responsabilidad si da\u00f1a o mata al animal mientras intenta escapar de la escena del ataque. Despu\u00e9s de llegar a un \u00e1rea segura, debe concentrarse en recibir atenci\u00f3n m\u00e9dica porque los ataques de perros que no se tratan pueden provocar complicaciones graves. Debe ir de inmediato a la sala de emergencias o ver a su m\u00e9dico.<\/p>\n<p>Siempre que tenga tiempo y se sienta seguro al hacerlo, debe obtener el nombre y la direcci\u00f3n de la persona propietaria del perro. Si no puede obtener la informaci\u00f3n de contacto del due\u00f1o del perro en ese momento, puede ser \u00fatil tomar fotograf\u00edas de la escena. Despu\u00e9s de haber recibido atenci\u00f3n m\u00e9dica, debe comunicarse con la oficina local de control de animales para denunciar al perro. Este es un paso particularmente cr\u00edtico si el animal estaba suelto o extraviado porque estos oficiales pueden ayudar a asegurarse de que el perro no lastime a nadie m\u00e1s.<\/p>\n<h2>P\u00f3ngase en contacto con un abogado con experiencia en mordeduras de perro en Liberty Township, Ohio<\/h2>\n<p>Los ataques de perros pueden hacer que las v\u00edctimas se sientan abrumadas e inseguras sobre c\u00f3mo proceder. Afortunadamente, un abogado especializado en mordeduras de perro puede luchar por los resultados que usted se merece. P\u00f3ngase en contacto con <a href=\"https:\/\/thehometownlawyers.com\/es\/contacto\/\">Kruger &amp; Hodges<\/a> hoy para hablar con un abogado de mordeduras de perro en Liberty Township, Ohio.<\/p>\n<p class=\"rs-content-cta rs-content-cta-small\">Llame o env\u00ede un mensaje de texto al <a href=\"tel:+15138943333\">513-894-3333<\/a> o complete una <a href=\"\/es\/contacto\/\">evaluaci\u00f3n gratuita de su caso<\/a><\/p>","protected":false},"excerpt":{"rendered":"<p>Abogado de mordeduras de perro en Liberty Township Los ataques de perros ocurren repentinamente y pueden dejar a las v\u00edctimas con heridas graves que requieren un tratamiento m\u00e9dico extenso. Si bien puede ser dif\u00edcil determinar c\u00f3mo proceder, las v\u00edctimas de mordeduras de perros deben recordar que tienen derecho a buscar una compensaci\u00f3n. La ayuda de &#8230;<\/p>\n","protected":false},"author":7,"featured_media":20641,"parent":21223,"menu_order":0,"comment_status":"closed","ping_status":"closed","template":"","meta":{"_acf_changed":false,"inline_featured_image":false,"_genesis_hide_title":false,"_genesis_hide_breadcrumbs":false,"_genesis_hide_singular_image":false,"_genesis_hide_footer_widgets":false,"_genesis_custom_body_class":"","_genesis_custom_post_class":"","_genesis_layout":"","footnotes":""},"hc_faqs":[],"hc_spanish_faqs":[],"class_list":{"0":"post-21219","1":"page","2":"type-page","3":"status-publish","4":"has-post-thumbnail","6":"hc_city_location-liberty-township-es","7":"entry"},"acf":[],"yoast_head":"<!-- This site is optimized with the Yoast SEO plugin v27.3 - https:\/\/yoast.com\/product\/yoast-seo-wordpress\/ -->\n<title>Abogado de mordedura de perro Liberty Township, Ohio: Consulta gratuita<\/title>\n<meta name=\"description\" content=\"Abogado de mordeduras de perro en Liberty Township Los ataques de perros ocurren repentinamente y pueden dejar a las v\u00edctimas con heridas graves que\" \/>\n<meta name=\"robots\" content=\"index, follow, max-snippet:-1, max-image-preview:large, max-video-preview:-1\" \/>\n<link rel=\"canonical\" href=\"https:\/\/thehometownlawyers.com\/es\/abogado-de-lesiones-liberty-township-ohio\/abogado-de-mordedura-de-perro-liberty-township-ohio\/\" \/>\n<meta property=\"og:locale\" content=\"es_MX\" \/>\n<meta property=\"og:type\" content=\"article\" \/>\n<meta property=\"og:title\" content=\"Abogado de mordedura de perro Liberty Township, Ohio: Consulta gratuita\" \/>\n<meta property=\"og:description\" content=\"Abogado de mordeduras de perro en Liberty Township Los ataques de perros ocurren repentinamente y pueden dejar a las v\u00edctimas con heridas graves que\" \/>\n<meta property=\"og:url\" content=\"https:\/\/thehometownlawyers.com\/es\/abogado-de-lesiones-liberty-township-ohio\/abogado-de-mordedura-de-perro-liberty-township-ohio\/\" \/>\n<meta property=\"og:site_name\" content=\"Kruger &amp; Hodges Abogados De Lesiones\" \/>\n<meta property=\"article:publisher\" content=\"https:\/\/www.facebook.com\/KrugerHodges\/\" \/>\n<meta property=\"article:modified_time\" content=\"2025-01-31T16:30:13+00:00\" \/>\n<meta property=\"og:image\" content=\"https:\/\/thehometownlawyers.com\/wp-content\/uploads\/2020\/01\/Dog-Bite-Attorney-Near-Me.jpg\" \/>\n\t<meta property=\"og:image:width\" content=\"640\" \/>\n\t<meta property=\"og:image:height\" content=\"426\" \/>\n\t<meta property=\"og:image:type\" content=\"image\/jpeg\" \/>\n<meta name=\"twitter:card\" content=\"summary_large_image\" \/>\n<meta name=\"twitter:label1\" content=\"Tiempo de lectura\" \/>\n\t<meta name=\"twitter:data1\" content=\"5 minutos\" \/>\n<script type=\"application\/ld+json\" class=\"yoast-schema-graph\">{\"@context\":\"https:\\\/\\\/schema.org\",\"@graph\":[{\"@type\":\"WebPage\",\"@id\":\"https:\\\/\\\/thehometownlawyers.com\\\/es\\\/abogado-de-lesiones-liberty-township-ohio\\\/abogado-de-mordedura-de-perro-liberty-township-ohio\\\/\",\"url\":\"https:\\\/\\\/thehometownlawyers.com\\\/es\\\/abogado-de-lesiones-liberty-township-ohio\\\/abogado-de-mordedura-de-perro-liberty-township-ohio\\\/\",\"name\":\"Abogado de mordedura de perro Liberty Township, Ohio: Consulta gratuita\",\"isPartOf\":{\"@id\":\"https:\\\/\\\/thehometownlawyers.com\\\/es\\\/#website\"},\"primaryImageOfPage\":{\"@id\":\"https:\\\/\\\/thehometownlawyers.com\\\/es\\\/abogado-de-lesiones-liberty-township-ohio\\\/abogado-de-mordedura-de-perro-liberty-township-ohio\\\/#primaryimage\"},\"image\":{\"@id\":\"https:\\\/\\\/thehometownlawyers.com\\\/es\\\/abogado-de-lesiones-liberty-township-ohio\\\/abogado-de-mordedura-de-perro-liberty-township-ohio\\\/#primaryimage\"},\"thumbnailUrl\":\"https:\\\/\\\/thehometownlawyers.com\\\/wp-content\\\/uploads\\\/2020\\\/01\\\/Dog-Bite-Attorney-Near-Me.jpg\",\"datePublished\":\"2020-05-07T00:37:56+00:00\",\"dateModified\":\"2025-01-31T16:30:13+00:00\",\"description\":\"Abogado de mordeduras de perro en Liberty Township Los ataques de perros ocurren repentinamente y pueden dejar a las v\u00edctimas con heridas graves que\",\"breadcrumb\":{\"@id\":\"https:\\\/\\\/thehometownlawyers.com\\\/es\\\/abogado-de-lesiones-liberty-township-ohio\\\/abogado-de-mordedura-de-perro-liberty-township-ohio\\\/#breadcrumb\"},\"inLanguage\":\"es\",\"potentialAction\":[{\"@type\":\"ReadAction\",\"target\":[\"https:\\\/\\\/thehometownlawyers.com\\\/es\\\/abogado-de-lesiones-liberty-township-ohio\\\/abogado-de-mordedura-de-perro-liberty-township-ohio\\\/\"]}]},{\"@type\":\"ImageObject\",\"inLanguage\":\"es\",\"@id\":\"https:\\\/\\\/thehometownlawyers.com\\\/es\\\/abogado-de-lesiones-liberty-township-ohio\\\/abogado-de-mordedura-de-perro-liberty-township-ohio\\\/#primaryimage\",\"url\":\"https:\\\/\\\/thehometownlawyers.com\\\/wp-content\\\/uploads\\\/2020\\\/01\\\/Dog-Bite-Attorney-Near-Me.jpg\",\"contentUrl\":\"https:\\\/\\\/thehometownlawyers.com\\\/wp-content\\\/uploads\\\/2020\\\/01\\\/Dog-Bite-Attorney-Near-Me.jpg\",\"width\":640,\"height\":426,\"caption\":\"Esta es una foto de un perro para nuestra publicaci\u00f3n de blog del abogado de mordeduras de perro\"},{\"@type\":\"BreadcrumbList\",\"@id\":\"https:\\\/\\\/thehometownlawyers.com\\\/es\\\/abogado-de-lesiones-liberty-township-ohio\\\/abogado-de-mordedura-de-perro-liberty-township-ohio\\\/#breadcrumb\",\"itemListElement\":[{\"@type\":\"ListItem\",\"position\":1,\"name\":\"Home\",\"item\":\"https:\\\/\\\/thehometownlawyers.com\\\/es\\\/\"},{\"@type\":\"ListItem\",\"position\":2,\"name\":\"Abogado de Lesiones Personales en Liberty Township\",\"item\":\"https:\\\/\\\/thehometownlawyers.com\\\/es\\\/abogado-de-lesiones-liberty-township-ohio\\\/\"},{\"@type\":\"ListItem\",\"position\":3,\"name\":\"Abogado de Mordeduras de Perros en Liberty Township\"}]},{\"@type\":\"WebSite\",\"@id\":\"https:\\\/\\\/thehometownlawyers.com\\\/es\\\/#website\",\"url\":\"https:\\\/\\\/thehometownlawyers.com\\\/es\\\/\",\"name\":\"Kruger & Hodges Hometown Injury Lawyers | Accident Attorneys\",\"description\":\"Attorneys for Car, Truck and Motorcycle Accidents, Personal Injuries, and Criminal Defense.\",\"publisher\":{\"@id\":\"https:\\\/\\\/thehometownlawyers.com\\\/es\\\/#organization\"},\"alternateName\":\"Kruger & Hodges Personal Injury Lawyers\",\"inLanguage\":\"es\"},{\"@type\":\"Organization\",\"@id\":\"https:\\\/\\\/thehometownlawyers.com\\\/es\\\/#organization\",\"name\":\"Kruger & Hodges Hometown Injury Lawyers\",\"alternateName\":\"Kruger & Hodges\",\"url\":\"https:\\\/\\\/thehometownlawyers.com\\\/es\\\/\",\"logo\":{\"@type\":\"ImageObject\",\"inLanguage\":\"es\",\"@id\":\"https:\\\/\\\/thehometownlawyers.com\\\/es\\\/#\\\/schema\\\/logo\\\/image\\\/\",\"url\":\"https:\\\/\\\/thehometownlawyers.com\\\/wp-content\\\/uploads\\\/2025\\\/12\\\/revised-kh-logo-vertical-white-background-scaled.png\",\"contentUrl\":\"https:\\\/\\\/thehometownlawyers.com\\\/wp-content\\\/uploads\\\/2025\\\/12\\\/revised-kh-logo-vertical-white-background-scaled.png\",\"width\":2560,\"height\":1440,\"caption\":\"Kruger & Hodges Hometown Injury Lawyers\"},\"image\":{\"@id\":\"https:\\\/\\\/thehometownlawyers.com\\\/es\\\/#\\\/schema\\\/logo\\\/image\\\/\"},\"sameAs\":[\"https:\\\/\\\/www.facebook.com\\\/KrugerHodges\\\/\",\"https:\\\/\\\/www.instagram.com\\\/krugerhodges\\\/\",\"https:\\\/\\\/www.linkedin.com\\\/company\\\/kruger-hodges-hometown-injury-lawyers\\\/\",\"https:\\\/\\\/www.youtube.com\\\/channel\\\/UCeYcMaMaN2rb9jMlqt4EIdQ\",\"https:\\\/\\\/www.tiktok.com\\\/@thehometownlawyer\"]}]}<\/script>\n<!-- \/ Yoast SEO plugin. -->","yoast_head_json":{"title":"Abogado de mordedura de perro Liberty Township, Ohio: Consulta gratuita","description":"Abogado de mordeduras de perro en Liberty Township Los ataques de perros ocurren repentinamente y pueden dejar a las v\u00edctimas con heridas graves que","robots":{"index":"index","follow":"follow","max-snippet":"max-snippet:-1","max-image-preview":"max-image-preview:large","max-video-preview":"max-video-preview:-1"},"canonical":"https:\/\/thehometownlawyers.com\/es\/abogado-de-lesiones-liberty-township-ohio\/abogado-de-mordedura-de-perro-liberty-township-ohio\/","og_locale":"es_MX","og_type":"article","og_title":"Abogado de mordedura de perro Liberty Township, Ohio: Consulta gratuita","og_description":"Abogado de mordeduras de perro en Liberty Township Los ataques de perros ocurren repentinamente y pueden dejar a las v\u00edctimas con heridas graves que","og_url":"https:\/\/thehometownlawyers.com\/es\/abogado-de-lesiones-liberty-township-ohio\/abogado-de-mordedura-de-perro-liberty-township-ohio\/","og_site_name":"Kruger &amp; Hodges Abogados De Lesiones","article_publisher":"https:\/\/www.facebook.com\/KrugerHodges\/","article_modified_time":"2025-01-31T16:30:13+00:00","og_image":[{"width":640,"height":426,"url":"https:\/\/thehometownlawyers.com\/wp-content\/uploads\/2020\/01\/Dog-Bite-Attorney-Near-Me.jpg","type":"image\/jpeg"}],"twitter_card":"summary_large_image","twitter_misc":{"Tiempo de lectura":"5 minutos"},"schema":{"@context":"https:\/\/schema.org","@graph":[{"@type":"WebPage","@id":"https:\/\/thehometownlawyers.com\/es\/abogado-de-lesiones-liberty-township-ohio\/abogado-de-mordedura-de-perro-liberty-township-ohio\/","url":"https:\/\/thehometownlawyers.com\/es\/abogado-de-lesiones-liberty-township-ohio\/abogado-de-mordedura-de-perro-liberty-township-ohio\/","name":"Abogado de mordedura de perro Liberty Township, Ohio: Consulta gratuita","isPartOf":{"@id":"https:\/\/thehometownlawyers.com\/es\/#website"},"primaryImageOfPage":{"@id":"https:\/\/thehometownlawyers.com\/es\/abogado-de-lesiones-liberty-township-ohio\/abogado-de-mordedura-de-perro-liberty-township-ohio\/#primaryimage"},"image":{"@id":"https:\/\/thehometownlawyers.com\/es\/abogado-de-lesiones-liberty-township-ohio\/abogado-de-mordedura-de-perro-liberty-township-ohio\/#primaryimage"},"thumbnailUrl":"https:\/\/thehometownlawyers.com\/wp-content\/uploads\/2020\/01\/Dog-Bite-Attorney-Near-Me.jpg","datePublished":"2020-05-07T00:37:56+00:00","dateModified":"2025-01-31T16:30:13+00:00","description":"Abogado de mordeduras de perro en Liberty Township Los ataques de perros ocurren repentinamente y pueden dejar a las v\u00edctimas con heridas graves que","breadcrumb":{"@id":"https:\/\/thehometownlawyers.com\/es\/abogado-de-lesiones-liberty-township-ohio\/abogado-de-mordedura-de-perro-liberty-township-ohio\/#breadcrumb"},"inLanguage":"es","potentialAction":[{"@type":"ReadAction","target":["https:\/\/thehometownlawyers.com\/es\/abogado-de-lesiones-liberty-township-ohio\/abogado-de-mordedura-de-perro-liberty-township-ohio\/"]}]},{"@type":"ImageObject","inLanguage":"es","@id":"https:\/\/thehometownlawyers.com\/es\/abogado-de-lesiones-liberty-township-ohio\/abogado-de-mordedura-de-perro-liberty-township-ohio\/#primaryimage","url":"https:\/\/thehometownlawyers.com\/wp-content\/uploads\/2020\/01\/Dog-Bite-Attorney-Near-Me.jpg","contentUrl":"https:\/\/thehometownlawyers.com\/wp-content\/uploads\/2020\/01\/Dog-Bite-Attorney-Near-Me.jpg","width":640,"height":426,"caption":"Esta es una foto de un perro para nuestra publicaci\u00f3n de blog del abogado de mordeduras de perro"},{"@type":"BreadcrumbList","@id":"https:\/\/thehometownlawyers.com\/es\/abogado-de-lesiones-liberty-township-ohio\/abogado-de-mordedura-de-perro-liberty-township-ohio\/#breadcrumb","itemListElement":[{"@type":"ListItem","position":1,"name":"Home","item":"https:\/\/thehometownlawyers.com\/es\/"},{"@type":"ListItem","position":2,"name":"Abogado de Lesiones Personales en Liberty Township","item":"https:\/\/thehometownlawyers.com\/es\/abogado-de-lesiones-liberty-township-ohio\/"},{"@type":"ListItem","position":3,"name":"Abogado de Mordeduras de Perros en Liberty Township"}]},{"@type":"WebSite","@id":"https:\/\/thehometownlawyers.com\/es\/#website","url":"https:\/\/thehometownlawyers.com\/es\/","name":"Kruger & Hodges Hometown Injury Lawyers | Accident Attorneys","description":"Attorneys for Car, Truck and Motorcycle Accidents, Personal Injuries, and Criminal Defense.","publisher":{"@id":"https:\/\/thehometownlawyers.com\/es\/#organization"},"alternateName":"Kruger & Hodges Personal Injury Lawyers","inLanguage":"es"},{"@type":"Organization","@id":"https:\/\/thehometownlawyers.com\/es\/#organization","name":"Kruger & Hodges Hometown Injury Lawyers","alternateName":"Kruger & Hodges","url":"https:\/\/thehometownlawyers.com\/es\/","logo":{"@type":"ImageObject","inLanguage":"es","@id":"https:\/\/thehometownlawyers.com\/es\/#\/schema\/logo\/image\/","url":"https:\/\/thehometownlawyers.com\/wp-content\/uploads\/2025\/12\/revised-kh-logo-vertical-white-background-scaled.png","contentUrl":"https:\/\/thehometownlawyers.com\/wp-content\/uploads\/2025\/12\/revised-kh-logo-vertical-white-background-scaled.png","width":2560,"height":1440,"caption":"Kruger & Hodges Hometown Injury Lawyers"},"image":{"@id":"https:\/\/thehometownlawyers.com\/es\/#\/schema\/logo\/image\/"},"sameAs":["https:\/\/www.facebook.com\/KrugerHodges\/","https:\/\/www.instagram.com\/krugerhodges\/","https:\/\/www.linkedin.com\/company\/kruger-hodges-hometown-injury-lawyers\/","https:\/\/www.youtube.com\/channel\/UCeYcMaMaN2rb9jMlqt4EIdQ","https:\/\/www.tiktok.com\/@thehometownlawyer"]}]}},"_links":{"self":[{"href":"https:\/\/thehometownlawyers.com\/es\/wp-json\/wp\/v2\/pages\/21219","targetHints":{"allow":["GET"]}}],"collection":[{"href":"https:\/\/thehometownlawyers.com\/es\/wp-json\/wp\/v2\/pages"}],"about":[{"href":"https:\/\/thehometownlawyers.com\/es\/wp-json\/wp\/v2\/types\/page"}],"author":[{"embeddable":true,"href":"https:\/\/thehometownlawyers.com\/es\/wp-json\/wp\/v2\/users\/7"}],"replies":[{"embeddable":true,"href":"https:\/\/thehometownlawyers.com\/es\/wp-json\/wp\/v2\/comments?post=21219"}],"version-history":[{"count":0,"href":"https:\/\/thehometownlawyers.com\/es\/wp-json\/wp\/v2\/pages\/21219\/revisions"}],"up":[{"embeddable":true,"href":"https:\/\/thehometownlawyers.com\/es\/wp-json\/wp\/v2\/pages\/21223"}],"wp:featuredmedia":[{"embeddable":true,"href":"https:\/\/thehometownlawyers.com\/es\/wp-json\/wp\/v2\/media\/20641"}],"wp:attachment":[{"href":"https:\/\/thehometownlawyers.com\/es\/wp-json\/wp\/v2\/media?parent=21219"}],"wp:term":[{"taxonomy":"hc_faqs","embeddable":true,"href":"https:\/\/thehometownlawyers.com\/es\/wp-json\/wp\/v2\/hc_faqs?post=21219"},{"taxonomy":"hc_spanish_faqs","embeddable":true,"href":"https:\/\/thehometownlawyers.com\/es\/wp-json\/wp\/v2\/hc_spanish_faqs?post=21219"}],"curies":[{"name":"wp","href":"https:\/\/api.w.org\/{rel}","templated":true}]}}