{"id":21220,"date":"2020-03-30T14:48:44","date_gmt":"2020-03-30T18:48:44","guid":{"rendered":"https:\/\/thehometownlawyers.com\/?page_id=21220"},"modified":"2025-04-03T13:51:33","modified_gmt":"2025-04-03T17:51:33","slug":"abogados-de-accidentes-automovilisticos-en-oxford-ohio","status":"publish","type":"page","link":"https:\/\/thehometownlawyers.com\/es\/abogados-de-lesiones-personales-que-prestan-servicios-en-oxford-ohio\/abogados-de-accidentes-automovilisticos-en-oxford-ohio\/","title":{"rendered":"Abogado de Accidente Automovil\u00edstico en Oxford"},"content":{"rendered":"<p>Ubicada en el condado de Butler y hogar de la Universidad de Miami, la ciudad de Oxford, Ohio, alberga muchas carreteras transitadas que son sitios comunes de accidentes, incluida la ruta 73. Desafortunadamente, cada a\u00f1o ocurren muchos accidentes automovil\u00edsticos mortales en el condado de Butler. Un oficial de polic\u00eda de la Patrulla de Caminos del Estado de Ohio <a href=\"https:\/\/www.journal-news.com\/news\/local\/first-fatal-crash-2020-comes-after-better-year-for-butler-county\/CpjKzUcctJFKrk1mur6GKI\/\" target=\"_blank\" rel=\"noopener\">coment\u00f3<\/a> que m\u00e1s de la mitad de estos accidentes mortales podr\u00edan haberse evitado si los conductores hubieran evitado tomar \u201cmalas decisiones\u201d.<\/p>\n<h2>Tipos comunes de accidentes automovil\u00edsticos en Oxford<\/h2>\n<p>Los accidentes automovil\u00edsticos en Ohio ocurren de varias maneras, pero algunos de los tipos m\u00e1s comunes que experimentan nuestros clientes incluyen:<\/p>\n<ul>\n<li><strong>Colisiones frontales. <\/strong>Varias situaciones pueden causar colisiones frontales, como fallas en los frenos, conducci\u00f3n en estado de ebriedad y veh\u00edculos que se desv\u00edan hacia carriles opuestos de tr\u00e1fico. Las colisiones frontales a menudo resultan en lesiones devastadoras y da\u00f1os sustanciales al veh\u00edculo.<\/li>\n<li><strong>Colisiones traseras. <\/strong>Las colisiones traseras a menudo son causadas por una conducci\u00f3n distra\u00edda o por seguir muy de cerca. Estas colisiones a\u00fan ocurren a pesar de que los veh\u00edculos est\u00e1n equipados con luces y advertencias. Las lesiones m\u00e1s comunes causadas por colisiones traseras son el latigazo cervical y cualquier tipo de distensi\u00f3n cervical o del cuello.<\/li>\n<li><strong>Colisiones de vuelco. <\/strong>Casi siempre de naturaleza devastadora, los accidentes de vuelco no siempre son el resultado de un conductor irresponsable y, a veces, son causados por factores ambientales como la lluvia y la nieve. Los autom\u00f3viles y camiones no son los \u00fanicos tipos de veh\u00edculos que se sabe que se vuelcan en Ohio. Los semirremolques tambi\u00e9n pueden perder el control o ser empujados como resultado de fuertes vientos o caminos helados. Las lesiones en la cabeza y el cuello son un resultado com\u00fan de las lesiones por vuelco.<\/li>\n<li><strong>Colisiones de impacto lateral. <\/strong>A veces conocidos como accidentes de t-bone o colisiones laterales, estos accidentes ocurren con mayor frecuencia en las intersecciones cuando los conductores se saltan las luces rojas o las se\u00f1ales de alto. Estos accidentes tambi\u00e9n ocurren com\u00fanmente cuando los conductores cambian de carril y no prestan atenci\u00f3n a las condiciones circundantes. Una lesi\u00f3n com\u00fan debido a colisiones laterales es una lesi\u00f3n cerebral traum\u00e1tica. Los accidentes de golpe lateral tambi\u00e9n resultan com\u00fanmente en huesos rotos, incluidas fracturas de estern\u00f3n y costillas. Debido a que muchas colisiones laterales implican incertidumbre sobre qui\u00e9n es el responsable, es fundamental evitar hacer declaraciones a las compa\u00f1\u00edas de seguros sobre cualquier papel que usted pueda haber jugado en el accidente.<\/li>\n<li><strong>Colisiones de barrido lateral. <\/strong>Estos accidentes son una ocurrencia com\u00fan en carreteras con m\u00faltiples carriles y, a menudo, ocurren cuando un automovilista intenta evitar chocar por detr\u00e1s con otro veh\u00edculo. Si bien muchos choques laterales involucran a conductores fatigados, otras veces estos accidentes ocurren porque los automovilistas subestiman la velocidad de los veh\u00edculos con los que intentan incorporarse.<\/li>\n<\/ul>\n<p class=\"rs-content-cta rs-content-cta-small\">Para una consulta legal gratuita, llame al <a href=\"tel:+15138943333\">513-894-3333 <\/a><\/p><h2>Compensaci\u00f3n despu\u00e9s de accidentes automovil\u00edsticos en Ohio<\/h2>\n<p>Cuando ocurren accidentes automovil\u00edsticos, pueden dejar a las v\u00edctimas enfrentando importantes repercusiones financieras. Los accidentes automovil\u00edsticos en Ohio a menudo conducen a dificultades como:<\/p>\n<ul>\n<li><strong>Disfrute de la vida. <\/strong>Las lesiones graves que resultan de los accidentes automovil\u00edsticos en Ohio pueden afectar la vida de las v\u00edctimas de innumerables maneras. Muchas v\u00edctimas no solo quedan con un dolor constante, sino que estas lesiones con frecuencia impiden que las v\u00edctimas disfruten de la vida como lo hac\u00edan antes del accidente.<\/li>\n<li><strong>Salud y Bienestar. <\/strong>Muchos accidentes automovil\u00edsticos en Ohio dejan a las v\u00edctimas que necesitan atenci\u00f3n m\u00e9dica a largo plazo, as\u00ed como dispositivos de asistencia, cirug\u00eda y terapia.<\/li>\n<li><strong>Salarios perdidos. <\/strong>Los accidentes automovil\u00edsticos pueden dejar a las v\u00edctimas incapaces de regresar al trabajo de manera temporal o permanente. Es fundamental incluir los salarios perdidos en la compensaci\u00f3n que buscan las v\u00edctimas despu\u00e9s de los accidentes automovil\u00edsticos. La cantidad de salarios, la gravedad de las lesiones y la duraci\u00f3n del trabajo inactivo influir\u00e1n en el monto de la compensaci\u00f3n otorgada.<\/li>\n<\/ul>\n<p class=\"rs-content-cta\">Abogado de Lesiones Personales de Oxford Cerca de M\u00ed <a href=\"tel:+15138943333\">513-894-3333<\/a><\/p><h2>Reclamaciones de automovilistas sin seguro o con seguro insuficiente<\/h2>\n<p>Si usted es un automovilista de Ohio que est\u00e1 involucrado en un accidente automovil\u00edstico causado por un automovilista que no ten\u00eda seguro o si se lesion\u00f3 mientras viajaba en el veh\u00edculo de otra persona, es importante recordar que es posible que pueda obtener una compensaci\u00f3n por el da\u00f1o bajo su propia p\u00f3liza de seguro. Si bien una gran parte de la poblaci\u00f3n de Ohio tiene seguro, no todos lo tienen. A algunas personas les preocupa que si presentan un <a href=\"https:\/\/codes.ohio.gov\/ohio-revised-code\/section-3937.18\" target=\"_blank\" rel=\"noopener\">reclamo de automovilista sin seguro o con seguro insuficiente<\/a> , sus tarifas de seguro aumentar\u00e1n.<\/p>\n<p>En Ohio, sin embargo, las leyes proh\u00edben que las compa\u00f1\u00edas de seguros aumenten las tarifas del seguro si la v\u00edctima de un accidente hace estos reclamos. Como resultado, si est\u00e1 involucrado en un accidente automovil\u00edstico en Ohio con alguien que no tiene un seguro adecuado, no debe dudar en presentar un reclamo.<\/p>\n<p class=\"rs-content-cta rs-content-cta-small\"><a href=\"\/es\/contacto\/\">Haga clic para contactar<\/a> con nuestros lesiones personales abogados hoy<\/p><h2>Hable con un abogado de accidentes automovil\u00edsticos<\/h2>\n<p>Los abogados de <a href=\"https:\/\/thehometownlawyers.com\/es\/\">Kruger &amp; Hodges<\/a> entienden cu\u00e1n dif\u00edciles pueden ser las consecuencias de los accidentes automovil\u00edsticos. Si necesita la ayuda de un abogado experimentado en autos, no dude en hablar con un abogado experto que luchar\u00e1 por los resultados que se merece.<\/p>\n<p class=\"rs-content-cta rs-content-cta-small\">Llame o env\u00ede un mensaje de texto al <a href=\"tel:+15138943333\">513-894-3333<\/a> o complete una <a href=\"\/es\/contacto\/\">evaluaci\u00f3n gratuita de su caso<\/a><\/p>","protected":false},"excerpt":{"rendered":"<p>Ubicada en el condado de Butler y hogar de la Universidad de Miami, la ciudad de Oxford, Ohio, alberga muchas carreteras transitadas que son sitios comunes de accidentes, incluida la ruta 73. Desafortunadamente, cada a\u00f1o ocurren muchos accidentes automovil\u00edsticos mortales en el condado de Butler. Un oficial de polic\u00eda de la Patrulla de Caminos del &#8230;<\/p>\n","protected":false},"author":7,"featured_media":24626,"parent":21248,"menu_order":0,"comment_status":"closed","ping_status":"closed","template":"","meta":{"_acf_changed":false,"inline_featured_image":false,"_genesis_hide_title":false,"_genesis_hide_breadcrumbs":false,"_genesis_hide_singular_image":false,"_genesis_hide_footer_widgets":false,"_genesis_custom_body_class":"","_genesis_custom_post_class":"","_genesis_layout":"","footnotes":""},"hc_faqs":[],"hc_spanish_faqs":[],"class_list":{"0":"post-21220","1":"page","2":"type-page","3":"status-publish","4":"has-post-thumbnail","6":"hc_city_location-oxford-es","7":"entry"},"acf":[],"yoast_head":"<!-- This site is optimized with the Yoast SEO plugin v27.4 - https:\/\/yoast.com\/product\/yoast-seo-wordpress\/ -->\n<title>Abogado de Accidente Automovil\u00edstico en Oxford | Consulta Gratuita<\/title>\n<meta name=\"description\" content=\"Abogado de Accidente Automovil\u00edstico en Oxford: Luchamos por una compensaci\u00f3n en nombre de las familias. Consultas gratuitas.\" \/>\n<meta name=\"robots\" content=\"index, follow, max-snippet:-1, max-image-preview:large, max-video-preview:-1\" \/>\n<link rel=\"canonical\" href=\"https:\/\/thehometownlawyers.com\/es\/abogados-de-lesiones-personales-que-prestan-servicios-en-oxford-ohio\/abogados-de-accidentes-automovilisticos-en-oxford-ohio\/\" \/>\n<meta property=\"og:locale\" content=\"es_MX\" \/>\n<meta property=\"og:type\" content=\"article\" \/>\n<meta property=\"og:title\" content=\"Abogado de Accidente Automovil\u00edstico en Oxford | Consulta Gratuita\" \/>\n<meta property=\"og:description\" content=\"Abogado de Accidente Automovil\u00edstico en Oxford: Luchamos por una compensaci\u00f3n en nombre de las familias. Consultas gratuitas.\" \/>\n<meta property=\"og:url\" content=\"https:\/\/thehometownlawyers.com\/es\/abogados-de-lesiones-personales-que-prestan-servicios-en-oxford-ohio\/abogados-de-accidentes-automovilisticos-en-oxford-ohio\/\" \/>\n<meta property=\"og:site_name\" content=\"Kruger &amp; Hodges Abogados De Lesiones\" \/>\n<meta property=\"article:publisher\" content=\"https:\/\/www.facebook.com\/KrugerHodges\/\" \/>\n<meta property=\"article:modified_time\" content=\"2025-04-03T17:51:33+00:00\" \/>\n<meta property=\"og:image\" content=\"https:\/\/thehometownlawyers.com\/wp-content\/uploads\/2025\/03\/abogados-de-lesiones-personales-que-prestan-servicios-en-oxford-ohioabogados-de-accidentes-automovilisticos-en-oxford-ohio.jpg\" \/>\n\t<meta property=\"og:image:width\" content=\"768\" \/>\n\t<meta property=\"og:image:height\" content=\"512\" \/>\n\t<meta property=\"og:image:type\" content=\"image\/jpeg\" \/>\n<meta name=\"twitter:card\" content=\"summary_large_image\" \/>\n<meta name=\"twitter:label1\" content=\"Tiempo de lectura\" \/>\n\t<meta name=\"twitter:data1\" content=\"4 minutos\" \/>\n<script type=\"application\/ld+json\" class=\"yoast-schema-graph\">{\"@context\":\"https:\\\/\\\/schema.org\",\"@graph\":[{\"@type\":\"WebPage\",\"@id\":\"https:\\\/\\\/thehometownlawyers.com\\\/es\\\/abogados-de-lesiones-personales-que-prestan-servicios-en-oxford-ohio\\\/abogados-de-accidentes-automovilisticos-en-oxford-ohio\\\/\",\"url\":\"https:\\\/\\\/thehometownlawyers.com\\\/es\\\/abogados-de-lesiones-personales-que-prestan-servicios-en-oxford-ohio\\\/abogados-de-accidentes-automovilisticos-en-oxford-ohio\\\/\",\"name\":\"Abogado de Accidente Automovil\u00edstico en Oxford | Consulta Gratuita\",\"isPartOf\":{\"@id\":\"https:\\\/\\\/thehometownlawyers.com\\\/es\\\/#website\"},\"primaryImageOfPage\":{\"@id\":\"https:\\\/\\\/thehometownlawyers.com\\\/es\\\/abogados-de-lesiones-personales-que-prestan-servicios-en-oxford-ohio\\\/abogados-de-accidentes-automovilisticos-en-oxford-ohio\\\/#primaryimage\"},\"image\":{\"@id\":\"https:\\\/\\\/thehometownlawyers.com\\\/es\\\/abogados-de-lesiones-personales-que-prestan-servicios-en-oxford-ohio\\\/abogados-de-accidentes-automovilisticos-en-oxford-ohio\\\/#primaryimage\"},\"thumbnailUrl\":\"https:\\\/\\\/thehometownlawyers.com\\\/wp-content\\\/uploads\\\/2025\\\/03\\\/abogados-de-lesiones-personales-que-prestan-servicios-en-oxford-ohioabogados-de-accidentes-automovilisticos-en-oxford-ohio.jpg\",\"datePublished\":\"2020-03-30T18:48:44+00:00\",\"dateModified\":\"2025-04-03T17:51:33+00:00\",\"description\":\"Abogado de Accidente Automovil\u00edstico en Oxford: Luchamos por una compensaci\u00f3n en nombre de las familias. Consultas gratuitas.\",\"breadcrumb\":{\"@id\":\"https:\\\/\\\/thehometownlawyers.com\\\/es\\\/abogados-de-lesiones-personales-que-prestan-servicios-en-oxford-ohio\\\/abogados-de-accidentes-automovilisticos-en-oxford-ohio\\\/#breadcrumb\"},\"inLanguage\":\"es\",\"potentialAction\":[{\"@type\":\"ReadAction\",\"target\":[\"https:\\\/\\\/thehometownlawyers.com\\\/es\\\/abogados-de-lesiones-personales-que-prestan-servicios-en-oxford-ohio\\\/abogados-de-accidentes-automovilisticos-en-oxford-ohio\\\/\"]}]},{\"@type\":\"ImageObject\",\"inLanguage\":\"es\",\"@id\":\"https:\\\/\\\/thehometownlawyers.com\\\/es\\\/abogados-de-lesiones-personales-que-prestan-servicios-en-oxford-ohio\\\/abogados-de-accidentes-automovilisticos-en-oxford-ohio\\\/#primaryimage\",\"url\":\"https:\\\/\\\/thehometownlawyers.com\\\/wp-content\\\/uploads\\\/2025\\\/03\\\/abogados-de-lesiones-personales-que-prestan-servicios-en-oxford-ohioabogados-de-accidentes-automovilisticos-en-oxford-ohio.jpg\",\"contentUrl\":\"https:\\\/\\\/thehometownlawyers.com\\\/wp-content\\\/uploads\\\/2025\\\/03\\\/abogados-de-lesiones-personales-que-prestan-servicios-en-oxford-ohioabogados-de-accidentes-automovilisticos-en-oxford-ohio.jpg\",\"width\":768,\"height\":512,\"caption\":\"Abogado de Accidente Automovil\u00edstico en Oxford\"},{\"@type\":\"BreadcrumbList\",\"@id\":\"https:\\\/\\\/thehometownlawyers.com\\\/es\\\/abogados-de-lesiones-personales-que-prestan-servicios-en-oxford-ohio\\\/abogados-de-accidentes-automovilisticos-en-oxford-ohio\\\/#breadcrumb\",\"itemListElement\":[{\"@type\":\"ListItem\",\"position\":1,\"name\":\"Home\",\"item\":\"https:\\\/\\\/thehometownlawyers.com\\\/es\\\/\"},{\"@type\":\"ListItem\",\"position\":2,\"name\":\"Abogado de Lesiones Personales en Oxford\",\"item\":\"https:\\\/\\\/thehometownlawyers.com\\\/es\\\/abogados-de-lesiones-personales-que-prestan-servicios-en-oxford-ohio\\\/\"},{\"@type\":\"ListItem\",\"position\":3,\"name\":\"Abogado de Accidente Automovil\u00edstico en Oxford\"}]},{\"@type\":\"WebSite\",\"@id\":\"https:\\\/\\\/thehometownlawyers.com\\\/es\\\/#website\",\"url\":\"https:\\\/\\\/thehometownlawyers.com\\\/es\\\/\",\"name\":\"Kruger & Hodges Hometown Injury Lawyers | Accident Attorneys\",\"description\":\"Attorneys for Car, Truck and Motorcycle Accidents, Personal Injuries, and Criminal Defense.\",\"publisher\":{\"@id\":\"https:\\\/\\\/thehometownlawyers.com\\\/es\\\/#organization\"},\"alternateName\":\"Kruger & Hodges Personal Injury Lawyers\",\"inLanguage\":\"es\"},{\"@type\":\"Organization\",\"@id\":\"https:\\\/\\\/thehometownlawyers.com\\\/es\\\/#organization\",\"name\":\"Kruger & Hodges Hometown Injury Lawyers\",\"alternateName\":\"Kruger & Hodges\",\"url\":\"https:\\\/\\\/thehometownlawyers.com\\\/es\\\/\",\"logo\":{\"@type\":\"ImageObject\",\"inLanguage\":\"es\",\"@id\":\"https:\\\/\\\/thehometownlawyers.com\\\/es\\\/#\\\/schema\\\/logo\\\/image\\\/\",\"url\":\"https:\\\/\\\/thehometownlawyers.com\\\/wp-content\\\/uploads\\\/2025\\\/12\\\/revised-kh-logo-vertical-white-background-scaled.png\",\"contentUrl\":\"https:\\\/\\\/thehometownlawyers.com\\\/wp-content\\\/uploads\\\/2025\\\/12\\\/revised-kh-logo-vertical-white-background-scaled.png\",\"width\":2560,\"height\":1440,\"caption\":\"Kruger & Hodges Hometown Injury Lawyers\"},\"image\":{\"@id\":\"https:\\\/\\\/thehometownlawyers.com\\\/es\\\/#\\\/schema\\\/logo\\\/image\\\/\"},\"sameAs\":[\"https:\\\/\\\/www.facebook.com\\\/KrugerHodges\\\/\",\"https:\\\/\\\/www.instagram.com\\\/krugerhodges\\\/\",\"https:\\\/\\\/www.linkedin.com\\\/company\\\/kruger-hodges-hometown-injury-lawyers\\\/\",\"https:\\\/\\\/www.youtube.com\\\/channel\\\/UCeYcMaMaN2rb9jMlqt4EIdQ\",\"https:\\\/\\\/www.tiktok.com\\\/@thehometownlawyer\"]}]}<\/script>\n<!-- \/ Yoast SEO plugin. -->","yoast_head_json":{"title":"Abogado de Accidente Automovil\u00edstico en Oxford | Consulta Gratuita","description":"Abogado de Accidente Automovil\u00edstico en Oxford: Luchamos por una compensaci\u00f3n en nombre de las familias. Consultas gratuitas.","robots":{"index":"index","follow":"follow","max-snippet":"max-snippet:-1","max-image-preview":"max-image-preview:large","max-video-preview":"max-video-preview:-1"},"canonical":"https:\/\/thehometownlawyers.com\/es\/abogados-de-lesiones-personales-que-prestan-servicios-en-oxford-ohio\/abogados-de-accidentes-automovilisticos-en-oxford-ohio\/","og_locale":"es_MX","og_type":"article","og_title":"Abogado de Accidente Automovil\u00edstico en Oxford | Consulta Gratuita","og_description":"Abogado de Accidente Automovil\u00edstico en Oxford: Luchamos por una compensaci\u00f3n en nombre de las familias. Consultas gratuitas.","og_url":"https:\/\/thehometownlawyers.com\/es\/abogados-de-lesiones-personales-que-prestan-servicios-en-oxford-ohio\/abogados-de-accidentes-automovilisticos-en-oxford-ohio\/","og_site_name":"Kruger &amp; Hodges Abogados De Lesiones","article_publisher":"https:\/\/www.facebook.com\/KrugerHodges\/","article_modified_time":"2025-04-03T17:51:33+00:00","og_image":[{"width":768,"height":512,"url":"https:\/\/thehometownlawyers.com\/wp-content\/uploads\/2025\/03\/abogados-de-lesiones-personales-que-prestan-servicios-en-oxford-ohioabogados-de-accidentes-automovilisticos-en-oxford-ohio.jpg","type":"image\/jpeg"}],"twitter_card":"summary_large_image","twitter_misc":{"Tiempo de lectura":"4 minutos"},"schema":{"@context":"https:\/\/schema.org","@graph":[{"@type":"WebPage","@id":"https:\/\/thehometownlawyers.com\/es\/abogados-de-lesiones-personales-que-prestan-servicios-en-oxford-ohio\/abogados-de-accidentes-automovilisticos-en-oxford-ohio\/","url":"https:\/\/thehometownlawyers.com\/es\/abogados-de-lesiones-personales-que-prestan-servicios-en-oxford-ohio\/abogados-de-accidentes-automovilisticos-en-oxford-ohio\/","name":"Abogado de Accidente Automovil\u00edstico en Oxford | Consulta Gratuita","isPartOf":{"@id":"https:\/\/thehometownlawyers.com\/es\/#website"},"primaryImageOfPage":{"@id":"https:\/\/thehometownlawyers.com\/es\/abogados-de-lesiones-personales-que-prestan-servicios-en-oxford-ohio\/abogados-de-accidentes-automovilisticos-en-oxford-ohio\/#primaryimage"},"image":{"@id":"https:\/\/thehometownlawyers.com\/es\/abogados-de-lesiones-personales-que-prestan-servicios-en-oxford-ohio\/abogados-de-accidentes-automovilisticos-en-oxford-ohio\/#primaryimage"},"thumbnailUrl":"https:\/\/thehometownlawyers.com\/wp-content\/uploads\/2025\/03\/abogados-de-lesiones-personales-que-prestan-servicios-en-oxford-ohioabogados-de-accidentes-automovilisticos-en-oxford-ohio.jpg","datePublished":"2020-03-30T18:48:44+00:00","dateModified":"2025-04-03T17:51:33+00:00","description":"Abogado de Accidente Automovil\u00edstico en Oxford: Luchamos por una compensaci\u00f3n en nombre de las familias. Consultas gratuitas.","breadcrumb":{"@id":"https:\/\/thehometownlawyers.com\/es\/abogados-de-lesiones-personales-que-prestan-servicios-en-oxford-ohio\/abogados-de-accidentes-automovilisticos-en-oxford-ohio\/#breadcrumb"},"inLanguage":"es","potentialAction":[{"@type":"ReadAction","target":["https:\/\/thehometownlawyers.com\/es\/abogados-de-lesiones-personales-que-prestan-servicios-en-oxford-ohio\/abogados-de-accidentes-automovilisticos-en-oxford-ohio\/"]}]},{"@type":"ImageObject","inLanguage":"es","@id":"https:\/\/thehometownlawyers.com\/es\/abogados-de-lesiones-personales-que-prestan-servicios-en-oxford-ohio\/abogados-de-accidentes-automovilisticos-en-oxford-ohio\/#primaryimage","url":"https:\/\/thehometownlawyers.com\/wp-content\/uploads\/2025\/03\/abogados-de-lesiones-personales-que-prestan-servicios-en-oxford-ohioabogados-de-accidentes-automovilisticos-en-oxford-ohio.jpg","contentUrl":"https:\/\/thehometownlawyers.com\/wp-content\/uploads\/2025\/03\/abogados-de-lesiones-personales-que-prestan-servicios-en-oxford-ohioabogados-de-accidentes-automovilisticos-en-oxford-ohio.jpg","width":768,"height":512,"caption":"Abogado de Accidente Automovil\u00edstico en Oxford"},{"@type":"BreadcrumbList","@id":"https:\/\/thehometownlawyers.com\/es\/abogados-de-lesiones-personales-que-prestan-servicios-en-oxford-ohio\/abogados-de-accidentes-automovilisticos-en-oxford-ohio\/#breadcrumb","itemListElement":[{"@type":"ListItem","position":1,"name":"Home","item":"https:\/\/thehometownlawyers.com\/es\/"},{"@type":"ListItem","position":2,"name":"Abogado de Lesiones Personales en Oxford","item":"https:\/\/thehometownlawyers.com\/es\/abogados-de-lesiones-personales-que-prestan-servicios-en-oxford-ohio\/"},{"@type":"ListItem","position":3,"name":"Abogado de Accidente Automovil\u00edstico en Oxford"}]},{"@type":"WebSite","@id":"https:\/\/thehometownlawyers.com\/es\/#website","url":"https:\/\/thehometownlawyers.com\/es\/","name":"Kruger & Hodges Hometown Injury Lawyers | Accident Attorneys","description":"Attorneys for Car, Truck and Motorcycle Accidents, Personal Injuries, and Criminal Defense.","publisher":{"@id":"https:\/\/thehometownlawyers.com\/es\/#organization"},"alternateName":"Kruger & Hodges Personal Injury Lawyers","inLanguage":"es"},{"@type":"Organization","@id":"https:\/\/thehometownlawyers.com\/es\/#organization","name":"Kruger & Hodges Hometown Injury Lawyers","alternateName":"Kruger & Hodges","url":"https:\/\/thehometownlawyers.com\/es\/","logo":{"@type":"ImageObject","inLanguage":"es","@id":"https:\/\/thehometownlawyers.com\/es\/#\/schema\/logo\/image\/","url":"https:\/\/thehometownlawyers.com\/wp-content\/uploads\/2025\/12\/revised-kh-logo-vertical-white-background-scaled.png","contentUrl":"https:\/\/thehometownlawyers.com\/wp-content\/uploads\/2025\/12\/revised-kh-logo-vertical-white-background-scaled.png","width":2560,"height":1440,"caption":"Kruger & Hodges Hometown Injury Lawyers"},"image":{"@id":"https:\/\/thehometownlawyers.com\/es\/#\/schema\/logo\/image\/"},"sameAs":["https:\/\/www.facebook.com\/KrugerHodges\/","https:\/\/www.instagram.com\/krugerhodges\/","https:\/\/www.linkedin.com\/company\/kruger-hodges-hometown-injury-lawyers\/","https:\/\/www.youtube.com\/channel\/UCeYcMaMaN2rb9jMlqt4EIdQ","https:\/\/www.tiktok.com\/@thehometownlawyer"]}]}},"_links":{"self":[{"href":"https:\/\/thehometownlawyers.com\/es\/wp-json\/wp\/v2\/pages\/21220","targetHints":{"allow":["GET"]}}],"collection":[{"href":"https:\/\/thehometownlawyers.com\/es\/wp-json\/wp\/v2\/pages"}],"about":[{"href":"https:\/\/thehometownlawyers.com\/es\/wp-json\/wp\/v2\/types\/page"}],"author":[{"embeddable":true,"href":"https:\/\/thehometownlawyers.com\/es\/wp-json\/wp\/v2\/users\/7"}],"replies":[{"embeddable":true,"href":"https:\/\/thehometownlawyers.com\/es\/wp-json\/wp\/v2\/comments?post=21220"}],"version-history":[{"count":0,"href":"https:\/\/thehometownlawyers.com\/es\/wp-json\/wp\/v2\/pages\/21220\/revisions"}],"up":[{"embeddable":true,"href":"https:\/\/thehometownlawyers.com\/es\/wp-json\/wp\/v2\/pages\/21248"}],"wp:featuredmedia":[{"embeddable":true,"href":"https:\/\/thehometownlawyers.com\/es\/wp-json\/wp\/v2\/media\/24626"}],"wp:attachment":[{"href":"https:\/\/thehometownlawyers.com\/es\/wp-json\/wp\/v2\/media?parent=21220"}],"wp:term":[{"taxonomy":"hc_faqs","embeddable":true,"href":"https:\/\/thehometownlawyers.com\/es\/wp-json\/wp\/v2\/hc_faqs?post=21220"},{"taxonomy":"hc_spanish_faqs","embeddable":true,"href":"https:\/\/thehometownlawyers.com\/es\/wp-json\/wp\/v2\/hc_spanish_faqs?post=21220"}],"curies":[{"name":"wp","href":"https:\/\/api.w.org\/{rel}","templated":true}]}}