{"id":21221,"date":"2020-04-23T12:16:07","date_gmt":"2020-04-23T16:16:07","guid":{"rendered":"https:\/\/thehometownlawyers.com\/?page_id=21221"},"modified":"2025-01-31T10:41:41","modified_gmt":"2025-01-31T15:41:41","slug":"abogados-de-accidentes-de-motocicleta-en-middletown-ohio","status":"publish","type":"page","link":"https:\/\/thehometownlawyers.com\/es\/abogados-de-lesiones-personales-de-middletown\/abogados-de-accidentes-de-motocicleta-en-middletown-ohio\/","title":{"rendered":"Abogado de Accidente de Motocicleta en Middletown"},"content":{"rendered":"<h2>Abogados de accidentes de motocicleta en Middletown, Ohio<\/h2>\n<p>Como una de las ciudades m\u00e1s grandes en el \u00e1rea de Ohio-Kentucky-Indiana, Middletown est\u00e1 ubicada en los condados de Butler y Warren. Ya sea Martin Luther King Drive, State Route 122 o Main Street, aqu\u00ed hay muchos caminos excelentes para los entusiastas de las motocicletas. Al seguir varias precauciones de seguridad, los motociclistas generalmente pueden viajar por Middletown sin terminar en un accidente. Algunos motociclistas, sin embargo, resultan heridos en accidentes, ya veces gravemente. La Patrulla de Carreteras del Estado de Ohio <a href=\"https:\/\/statepatrol.ohio.gov\/statistics\/statspage3.asp\" target=\"_blank\" rel=\"noopener\">informa<\/a> que la cantidad de accidentes mortales de motocicletas en el estado aument\u00f3 de 140 en 2014 a 144 en 2018. Los abogados de accidentes de motocicletas de <a href=\"https:\/\/thehometownlawyers.com\/es\/acerca-de-los-abogados-de-kruger-hodges\/\">Kruger &amp; Hodges<\/a> en Middletown, Ohio, est\u00e1n aqu\u00ed para ayudarlo.<\/p>\n<p class=\"rs-content-cta rs-content-cta-small\">Para una consulta legal gratuita, llame al <a href=\"tel:+15138059841\">513-805-9841 <\/a><\/p><h2>Las causas comunes de los accidentes de motocicleta en Ohio<\/h2>\n<p>Una de las mejores maneras de evitar terminar en un accidente de motocicleta en Ohio es comprender algunas de las formas m\u00e1s comunes en que ocurren estos accidentes. Algunos de estos incluyen:<\/p>\n<ul>\n<li><strong>Colisiones frontales. <\/strong>Los accidentes en los que un veh\u00edculo que se aproxima golpea a un motociclista suelen ser fatales, particularmente cuando se trata de altas velocidades.<\/li>\n<li><strong>Conducci\u00f3n en estado de ebriedad. <\/strong>Cuando los automovilistas operan veh\u00edculos bajo la influencia del alcohol o las drogas, es probable que ocurran accidentes. Esto se debe a que estas sustancias afectan negativamente el control y el juicio de una persona.<\/li>\n<li><strong>Divisi\u00f3n de carriles. <\/strong>Muchos motociclistas terminan en accidentes cuando intentan dividir los carriles para conducir entre veh\u00edculos que reducen la velocidad o se detienen. Muchas veces, estas situaciones dan como resultado que los veh\u00edculos colisionen con los motociclistas porque los conductores de autom\u00f3viles no detectan los veh\u00edculos m\u00e1s peque\u00f1os.<\/li>\n<li><strong>Giros a la izquierda. <\/strong>Una causa com\u00fan de accidentes de motocicleta es cuando el conductor de un veh\u00edculo gira inesperadamente a la izquierda frente a un motociclista. Si bien es probable que los conductores de veh\u00edculos motorizados se mantengan seguros, los motociclistas a menudo sufren lesiones graves porque carecen del mismo grado de protecci\u00f3n.<\/li>\n<li><strong>Malas condiciones de la carretera. <\/strong>Ya se trate de condiciones clim\u00e1ticas adversas, escombros en la carretera o baches, las malas condiciones de la carretera provocan innumerables accidentes de motocicleta cada a\u00f1o en Ohio.<\/li>\n<li>Pocas sensaciones se comparan con la conducci\u00f3n de una motocicleta, pero los motociclistas que viajan a altas velocidades tienen mayores probabilidades de terminar en accidentes mortales.<\/li>\n<\/ul>\n<p class=\"rs-content-cta\">Abogado de Lesiones Personales de Middletown Cerca de M\u00ed <a href=\"tel:+15138059841\">513-805-9841<\/a><\/p><h2>Determinaci\u00f3n de fallas despu\u00e9s de accidentes de motocicleta en Middletown<\/h2>\n<p>No siempre es f\u00e1cil determinar qui\u00e9n es el responsable de un accidente de motocicleta. Para hacer las cosas m\u00e1s complejas, Ohio tiene un sistema <a href=\"https:\/\/codes.ohio.gov\/ohio-revised-code\/section-2315.33\" target=\"_blank\" rel=\"noopener\">de negligencia comparativa<\/a> . Esto significa que si varias partes son responsables de un accidente, cada parte solo podr\u00e1 recibir una parte de la compensaci\u00f3n. Los motociclistas pueden buscar una compensaci\u00f3n a trav\u00e9s de varios m\u00e9todos, incluida la presentaci\u00f3n de una demanda por lesiones personales a trav\u00e9s de sus abogados de accidentes de motocicleta en Middletown en un tribunal de justicia de Ohio o presentar un reclamo con su compa\u00f1\u00eda de seguros o el transportista de la persona culpable.<\/p>\n<p class=\"rs-content-cta rs-content-cta-small\"><a href=\"\/es\/contacto\/\">Haga clic para contactar<\/a> con nuestros lesiones personales abogados hoy<\/p><h2>Navegando la compensaci\u00f3n con las compa\u00f1\u00edas de seguros de Ohio<\/h2>\n<p>Nunca es una buena idea aceptar la oferta de liquidaci\u00f3n de una compa\u00f1\u00eda de seguros despu\u00e9s de un accidente de motocicleta sin hablar primero con su abogado. Esto se debe a que los proveedores de seguros saben que las v\u00edctimas est\u00e1n luchando con lesiones que les cambian la vida y, a menudo, est\u00e1n desesperadas por obtener una compensaci\u00f3n para compensar la p\u00e9rdida de salarios, las facturas m\u00e9dicas y otras deudas. Como resultado, estas empresas a menudo intentar\u00e1n ofrecer una compensaci\u00f3n inferior a lo razonable.<\/p>\n<p>Tambi\u00e9n es posible solicitar una compensaci\u00f3n por un accidente de motocicleta en un tribunal de justicia. Algunos de los tipos de da\u00f1os que se incluyen en una indemnizaci\u00f3n por lesiones personales son:<\/p>\n<ul>\n<li><strong>P\u00e9rdida de consorcio<\/strong> , los seres queridos con ciertas relaciones pueden buscar una compensaci\u00f3n por la p\u00e9rdida de la compa\u00f1\u00eda de la v\u00edctima de un accidente<\/li>\n<li><strong>Dolor y sufrimiento<\/strong> , que compensa a las v\u00edctimas de accidentes por el dolor sufrido en su vida, as\u00ed como cualquier reducci\u00f3n en la calidad de vida de una persona.<\/li>\n<li><strong>Salarios perdidos pasados y futuros<\/strong> , que incluyen los ingresos que pierden las v\u00edctimas de accidentes de motocicleta si sus lesiones interrumpen su capacidad para trabajar<\/li>\n<li><strong>Gastos m\u00e9dicos pasados y futuros<\/strong> , que incluyen el tratamiento recibido inmediatamente despu\u00e9s del accidente, as\u00ed como el costo del equipo m\u00e9dico y la terapia futura.<\/li>\n<\/ul>\n<p>Una pregunta com\u00fan que hacen las v\u00edctimas de accidentes de motocicleta es exactamente cu\u00e1nto tiempo llevar\u00e1 recibir una compensaci\u00f3n por sus lesiones. No existe una regulaci\u00f3n espec\u00edfica sobre cu\u00e1ndo se otorgar\u00e1 este monto. Si ambas partes pueden ponerse de acuerdo r\u00e1pidamente sobre qui\u00e9n fue responsable del accidente, es probable que el caso se resuelva r\u00e1pidamente. Sin embargo, si existen dudas sobre qui\u00e9n fue responsable de la colisi\u00f3n, el caso puede tardar meses o a\u00f1os en resolverse.<\/p>\n<p class=\"rs-content-cta rs-content-cta-small\">Complete una <a href=\"\/es\/contacto\/\">evaluaci\u00f3n gratuita de su caso<\/a> ahora<\/p><h2>Comun\u00edquese con nuestros abogados especializados en accidentes de motocicleta en Middletown<\/h2>\n<p>Si usted o un ser querido necesita abogados de accidentes de motocicleta en Middletown, Hamilton o Eaton, <a href=\"https:\/\/thehometownlawyers.com\/es\/contacto\/\">comun\u00edquese<\/a> hoy con Kruger &amp; Hodges para programar una evaluaci\u00f3n gratuita de su caso con un <a href=\"https:\/\/thehometownlawyers.com\/es\/abogados-de-lesiones-personales-de-middletown\/\">abogado de lesiones personales<\/a> en Middletown, Ohio.<\/p>\n<p class=\"rs-content-cta rs-content-cta-small\">Llame o env\u00ede un mensaje de texto al <a href=\"tel:+15138059841\">513-805-9841<\/a> o complete una <a href=\"\/es\/contacto\/\">evaluaci\u00f3n gratuita de su caso<\/a><\/p>","protected":false},"excerpt":{"rendered":"<p>Abogados de accidentes de motocicleta en Middletown, Ohio Como una de las ciudades m\u00e1s grandes en el \u00e1rea de Ohio-Kentucky-Indiana, Middletown est\u00e1 ubicada en los condados de Butler y Warren. Ya sea Martin Luther King Drive, State Route 122 o Main Street, aqu\u00ed hay muchos caminos excelentes para los entusiastas de las motocicletas. Al seguir &#8230;<\/p>\n","protected":false},"author":7,"featured_media":20859,"parent":21227,"menu_order":0,"comment_status":"closed","ping_status":"closed","template":"","meta":{"_acf_changed":false,"inline_featured_image":false,"_genesis_hide_title":false,"_genesis_hide_breadcrumbs":false,"_genesis_hide_singular_image":false,"_genesis_hide_footer_widgets":false,"_genesis_custom_body_class":"","_genesis_custom_post_class":"","_genesis_layout":"","footnotes":""},"hc_faqs":[],"hc_spanish_faqs":[],"class_list":{"0":"post-21221","1":"page","2":"type-page","3":"status-publish","4":"has-post-thumbnail","6":"hc_city_location-middletown-es","7":"entry"},"acf":[],"yoast_head":"<!-- This site is optimized with the Yoast SEO plugin v27.3 - https:\/\/yoast.com\/product\/yoast-seo-wordpress\/ -->\n<title>Abogados de accidentes de motocicleta en Middletown, Ohio: Consulta gratuita<\/title>\n<meta name=\"description\" content=\"Si usted o un ser querido necesita abogados de accidentes de motocicleta en Middletown, Hamilton o Eaton, comun\u00edquese con Kruger &amp; Hodges para programar una consulta gratuita.\" \/>\n<meta name=\"robots\" content=\"index, follow, max-snippet:-1, max-image-preview:large, max-video-preview:-1\" \/>\n<link rel=\"canonical\" href=\"https:\/\/thehometownlawyers.com\/es\/abogados-de-lesiones-personales-de-middletown\/abogados-de-accidentes-de-motocicleta-en-middletown-ohio\/\" \/>\n<meta property=\"og:locale\" content=\"es_MX\" \/>\n<meta property=\"og:type\" content=\"article\" \/>\n<meta property=\"og:title\" content=\"Abogados de accidentes de motocicleta en Middletown, Ohio: Consulta gratuita\" \/>\n<meta property=\"og:description\" content=\"Si usted o un ser querido necesita abogados de accidentes de motocicleta en Middletown, Hamilton o Eaton, comun\u00edquese con Kruger &amp; Hodges para programar una consulta gratuita.\" \/>\n<meta property=\"og:url\" content=\"https:\/\/thehometownlawyers.com\/es\/abogados-de-lesiones-personales-de-middletown\/abogados-de-accidentes-de-motocicleta-en-middletown-ohio\/\" \/>\n<meta property=\"og:site_name\" content=\"Kruger &amp; Hodges Abogados De Lesiones\" \/>\n<meta property=\"article:publisher\" content=\"https:\/\/www.facebook.com\/KrugerHodges\/\" \/>\n<meta property=\"article:modified_time\" content=\"2025-01-31T15:41:41+00:00\" \/>\n<meta property=\"og:image\" content=\"https:\/\/thehometownlawyers.com\/wp-content\/uploads\/2021\/09\/motorcycle-wreck-road.jpg\" \/>\n\t<meta property=\"og:image:width\" content=\"1920\" \/>\n\t<meta property=\"og:image:height\" content=\"1080\" \/>\n\t<meta property=\"og:image:type\" content=\"image\/jpeg\" \/>\n<meta name=\"twitter:card\" content=\"summary_large_image\" \/>\n<meta name=\"twitter:label1\" content=\"Tiempo de lectura\" \/>\n\t<meta name=\"twitter:data1\" content=\"4 minutos\" \/>\n<script type=\"application\/ld+json\" class=\"yoast-schema-graph\">{\"@context\":\"https:\\\/\\\/schema.org\",\"@graph\":[{\"@type\":\"WebPage\",\"@id\":\"https:\\\/\\\/thehometownlawyers.com\\\/es\\\/abogados-de-lesiones-personales-de-middletown\\\/abogados-de-accidentes-de-motocicleta-en-middletown-ohio\\\/\",\"url\":\"https:\\\/\\\/thehometownlawyers.com\\\/es\\\/abogados-de-lesiones-personales-de-middletown\\\/abogados-de-accidentes-de-motocicleta-en-middletown-ohio\\\/\",\"name\":\"Abogados de accidentes de motocicleta en Middletown, Ohio: Consulta gratuita\",\"isPartOf\":{\"@id\":\"https:\\\/\\\/thehometownlawyers.com\\\/es\\\/#website\"},\"primaryImageOfPage\":{\"@id\":\"https:\\\/\\\/thehometownlawyers.com\\\/es\\\/abogados-de-lesiones-personales-de-middletown\\\/abogados-de-accidentes-de-motocicleta-en-middletown-ohio\\\/#primaryimage\"},\"image\":{\"@id\":\"https:\\\/\\\/thehometownlawyers.com\\\/es\\\/abogados-de-lesiones-personales-de-middletown\\\/abogados-de-accidentes-de-motocicleta-en-middletown-ohio\\\/#primaryimage\"},\"thumbnailUrl\":\"https:\\\/\\\/thehometownlawyers.com\\\/wp-content\\\/uploads\\\/2021\\\/09\\\/motorcycle-wreck-road.jpg\",\"datePublished\":\"2020-04-23T16:16:07+00:00\",\"dateModified\":\"2025-01-31T15:41:41+00:00\",\"description\":\"Si usted o un ser querido necesita abogados de accidentes de motocicleta en Middletown, Hamilton o Eaton, comun\u00edquese con Kruger & Hodges para programar una consulta gratuita.\",\"breadcrumb\":{\"@id\":\"https:\\\/\\\/thehometownlawyers.com\\\/es\\\/abogados-de-lesiones-personales-de-middletown\\\/abogados-de-accidentes-de-motocicleta-en-middletown-ohio\\\/#breadcrumb\"},\"inLanguage\":\"es\",\"potentialAction\":[{\"@type\":\"ReadAction\",\"target\":[\"https:\\\/\\\/thehometownlawyers.com\\\/es\\\/abogados-de-lesiones-personales-de-middletown\\\/abogados-de-accidentes-de-motocicleta-en-middletown-ohio\\\/\"]}]},{\"@type\":\"ImageObject\",\"inLanguage\":\"es\",\"@id\":\"https:\\\/\\\/thehometownlawyers.com\\\/es\\\/abogados-de-lesiones-personales-de-middletown\\\/abogados-de-accidentes-de-motocicleta-en-middletown-ohio\\\/#primaryimage\",\"url\":\"https:\\\/\\\/thehometownlawyers.com\\\/wp-content\\\/uploads\\\/2021\\\/09\\\/motorcycle-wreck-road.jpg\",\"contentUrl\":\"https:\\\/\\\/thehometownlawyers.com\\\/wp-content\\\/uploads\\\/2021\\\/09\\\/motorcycle-wreck-road.jpg\",\"width\":1920,\"height\":1080,\"caption\":\"moto destrozada en carretera\"},{\"@type\":\"BreadcrumbList\",\"@id\":\"https:\\\/\\\/thehometownlawyers.com\\\/es\\\/abogados-de-lesiones-personales-de-middletown\\\/abogados-de-accidentes-de-motocicleta-en-middletown-ohio\\\/#breadcrumb\",\"itemListElement\":[{\"@type\":\"ListItem\",\"position\":1,\"name\":\"Home\",\"item\":\"https:\\\/\\\/thehometownlawyers.com\\\/es\\\/\"},{\"@type\":\"ListItem\",\"position\":2,\"name\":\"Abogado de Lesiones Personales en Middletown\",\"item\":\"https:\\\/\\\/thehometownlawyers.com\\\/es\\\/middletown\\\/personal-injury-lawyer\\\/\"},{\"@type\":\"ListItem\",\"position\":3,\"name\":\"Abogado de Accidente de Motocicleta en Middletown\"}]},{\"@type\":\"WebSite\",\"@id\":\"https:\\\/\\\/thehometownlawyers.com\\\/es\\\/#website\",\"url\":\"https:\\\/\\\/thehometownlawyers.com\\\/es\\\/\",\"name\":\"Kruger & Hodges Hometown Injury Lawyers | Accident Attorneys\",\"description\":\"Attorneys for Car, Truck and Motorcycle Accidents, Personal Injuries, and Criminal Defense.\",\"publisher\":{\"@id\":\"https:\\\/\\\/thehometownlawyers.com\\\/es\\\/#organization\"},\"alternateName\":\"Kruger & Hodges Personal Injury Lawyers\",\"inLanguage\":\"es\"},{\"@type\":\"Organization\",\"@id\":\"https:\\\/\\\/thehometownlawyers.com\\\/es\\\/#organization\",\"name\":\"Kruger & Hodges Hometown Injury Lawyers\",\"alternateName\":\"Kruger & Hodges Accident Attorneys\",\"url\":\"https:\\\/\\\/thehometownlawyers.com\\\/es\\\/\",\"logo\":{\"@type\":\"ImageObject\",\"inLanguage\":\"es\",\"@id\":\"https:\\\/\\\/thehometownlawyers.com\\\/es\\\/#\\\/schema\\\/logo\\\/image\\\/\",\"url\":\"https:\\\/\\\/thehometownlawyers.com\\\/wp-content\\\/uploads\\\/2025\\\/12\\\/revised-kh-logo-vertical-white-background-scaled.png\",\"contentUrl\":\"https:\\\/\\\/thehometownlawyers.com\\\/wp-content\\\/uploads\\\/2025\\\/12\\\/revised-kh-logo-vertical-white-background-scaled.png\",\"width\":2560,\"height\":1440,\"caption\":\"Kruger & Hodges Hometown Injury Lawyers\"},\"image\":{\"@id\":\"https:\\\/\\\/thehometownlawyers.com\\\/es\\\/#\\\/schema\\\/logo\\\/image\\\/\"},\"sameAs\":[\"https:\\\/\\\/www.facebook.com\\\/KrugerHodges\\\/\",\"https:\\\/\\\/www.instagram.com\\\/krugerhodges\\\/\",\"https:\\\/\\\/www.linkedin.com\\\/company\\\/kruger-hodges-hometown-injury-lawyers\\\/\",\"https:\\\/\\\/www.youtube.com\\\/channel\\\/UCeYcMaMaN2rb9jMlqt4EIdQ\",\"https:\\\/\\\/www.tiktok.com\\\/@thehometownlawyer\"]}]}<\/script>\n<!-- \/ Yoast SEO plugin. -->","yoast_head_json":{"title":"Abogados de accidentes de motocicleta en Middletown, Ohio: Consulta gratuita","description":"Si usted o un ser querido necesita abogados de accidentes de motocicleta en Middletown, Hamilton o Eaton, comun\u00edquese con Kruger & Hodges para programar una consulta gratuita.","robots":{"index":"index","follow":"follow","max-snippet":"max-snippet:-1","max-image-preview":"max-image-preview:large","max-video-preview":"max-video-preview:-1"},"canonical":"https:\/\/thehometownlawyers.com\/es\/abogados-de-lesiones-personales-de-middletown\/abogados-de-accidentes-de-motocicleta-en-middletown-ohio\/","og_locale":"es_MX","og_type":"article","og_title":"Abogados de accidentes de motocicleta en Middletown, Ohio: Consulta gratuita","og_description":"Si usted o un ser querido necesita abogados de accidentes de motocicleta en Middletown, Hamilton o Eaton, comun\u00edquese con Kruger & Hodges para programar una consulta gratuita.","og_url":"https:\/\/thehometownlawyers.com\/es\/abogados-de-lesiones-personales-de-middletown\/abogados-de-accidentes-de-motocicleta-en-middletown-ohio\/","og_site_name":"Kruger &amp; Hodges Abogados De Lesiones","article_publisher":"https:\/\/www.facebook.com\/KrugerHodges\/","article_modified_time":"2025-01-31T15:41:41+00:00","og_image":[{"width":1920,"height":1080,"url":"https:\/\/thehometownlawyers.com\/wp-content\/uploads\/2021\/09\/motorcycle-wreck-road.jpg","type":"image\/jpeg"}],"twitter_card":"summary_large_image","twitter_misc":{"Tiempo de lectura":"4 minutos"},"schema":{"@context":"https:\/\/schema.org","@graph":[{"@type":"WebPage","@id":"https:\/\/thehometownlawyers.com\/es\/abogados-de-lesiones-personales-de-middletown\/abogados-de-accidentes-de-motocicleta-en-middletown-ohio\/","url":"https:\/\/thehometownlawyers.com\/es\/abogados-de-lesiones-personales-de-middletown\/abogados-de-accidentes-de-motocicleta-en-middletown-ohio\/","name":"Abogados de accidentes de motocicleta en Middletown, Ohio: Consulta gratuita","isPartOf":{"@id":"https:\/\/thehometownlawyers.com\/es\/#website"},"primaryImageOfPage":{"@id":"https:\/\/thehometownlawyers.com\/es\/abogados-de-lesiones-personales-de-middletown\/abogados-de-accidentes-de-motocicleta-en-middletown-ohio\/#primaryimage"},"image":{"@id":"https:\/\/thehometownlawyers.com\/es\/abogados-de-lesiones-personales-de-middletown\/abogados-de-accidentes-de-motocicleta-en-middletown-ohio\/#primaryimage"},"thumbnailUrl":"https:\/\/thehometownlawyers.com\/wp-content\/uploads\/2021\/09\/motorcycle-wreck-road.jpg","datePublished":"2020-04-23T16:16:07+00:00","dateModified":"2025-01-31T15:41:41+00:00","description":"Si usted o un ser querido necesita abogados de accidentes de motocicleta en Middletown, Hamilton o Eaton, comun\u00edquese con Kruger & Hodges para programar una consulta gratuita.","breadcrumb":{"@id":"https:\/\/thehometownlawyers.com\/es\/abogados-de-lesiones-personales-de-middletown\/abogados-de-accidentes-de-motocicleta-en-middletown-ohio\/#breadcrumb"},"inLanguage":"es","potentialAction":[{"@type":"ReadAction","target":["https:\/\/thehometownlawyers.com\/es\/abogados-de-lesiones-personales-de-middletown\/abogados-de-accidentes-de-motocicleta-en-middletown-ohio\/"]}]},{"@type":"ImageObject","inLanguage":"es","@id":"https:\/\/thehometownlawyers.com\/es\/abogados-de-lesiones-personales-de-middletown\/abogados-de-accidentes-de-motocicleta-en-middletown-ohio\/#primaryimage","url":"https:\/\/thehometownlawyers.com\/wp-content\/uploads\/2021\/09\/motorcycle-wreck-road.jpg","contentUrl":"https:\/\/thehometownlawyers.com\/wp-content\/uploads\/2021\/09\/motorcycle-wreck-road.jpg","width":1920,"height":1080,"caption":"moto destrozada en carretera"},{"@type":"BreadcrumbList","@id":"https:\/\/thehometownlawyers.com\/es\/abogados-de-lesiones-personales-de-middletown\/abogados-de-accidentes-de-motocicleta-en-middletown-ohio\/#breadcrumb","itemListElement":[{"@type":"ListItem","position":1,"name":"Home","item":"https:\/\/thehometownlawyers.com\/es\/"},{"@type":"ListItem","position":2,"name":"Abogado de Lesiones Personales en Middletown","item":"https:\/\/thehometownlawyers.com\/es\/middletown\/personal-injury-lawyer\/"},{"@type":"ListItem","position":3,"name":"Abogado de Accidente de Motocicleta en Middletown"}]},{"@type":"WebSite","@id":"https:\/\/thehometownlawyers.com\/es\/#website","url":"https:\/\/thehometownlawyers.com\/es\/","name":"Kruger & Hodges Hometown Injury Lawyers | Accident Attorneys","description":"Attorneys for Car, Truck and Motorcycle Accidents, Personal Injuries, and Criminal Defense.","publisher":{"@id":"https:\/\/thehometownlawyers.com\/es\/#organization"},"alternateName":"Kruger & Hodges Personal Injury Lawyers","inLanguage":"es"},{"@type":"Organization","@id":"https:\/\/thehometownlawyers.com\/es\/#organization","name":"Kruger & Hodges Hometown Injury Lawyers","alternateName":"Kruger & Hodges Accident Attorneys","url":"https:\/\/thehometownlawyers.com\/es\/","logo":{"@type":"ImageObject","inLanguage":"es","@id":"https:\/\/thehometownlawyers.com\/es\/#\/schema\/logo\/image\/","url":"https:\/\/thehometownlawyers.com\/wp-content\/uploads\/2025\/12\/revised-kh-logo-vertical-white-background-scaled.png","contentUrl":"https:\/\/thehometownlawyers.com\/wp-content\/uploads\/2025\/12\/revised-kh-logo-vertical-white-background-scaled.png","width":2560,"height":1440,"caption":"Kruger & Hodges Hometown Injury Lawyers"},"image":{"@id":"https:\/\/thehometownlawyers.com\/es\/#\/schema\/logo\/image\/"},"sameAs":["https:\/\/www.facebook.com\/KrugerHodges\/","https:\/\/www.instagram.com\/krugerhodges\/","https:\/\/www.linkedin.com\/company\/kruger-hodges-hometown-injury-lawyers\/","https:\/\/www.youtube.com\/channel\/UCeYcMaMaN2rb9jMlqt4EIdQ","https:\/\/www.tiktok.com\/@thehometownlawyer"]}]}},"_links":{"self":[{"href":"https:\/\/thehometownlawyers.com\/es\/wp-json\/wp\/v2\/pages\/21221","targetHints":{"allow":["GET"]}}],"collection":[{"href":"https:\/\/thehometownlawyers.com\/es\/wp-json\/wp\/v2\/pages"}],"about":[{"href":"https:\/\/thehometownlawyers.com\/es\/wp-json\/wp\/v2\/types\/page"}],"author":[{"embeddable":true,"href":"https:\/\/thehometownlawyers.com\/es\/wp-json\/wp\/v2\/users\/7"}],"replies":[{"embeddable":true,"href":"https:\/\/thehometownlawyers.com\/es\/wp-json\/wp\/v2\/comments?post=21221"}],"version-history":[{"count":0,"href":"https:\/\/thehometownlawyers.com\/es\/wp-json\/wp\/v2\/pages\/21221\/revisions"}],"up":[{"embeddable":true,"href":"https:\/\/thehometownlawyers.com\/es\/wp-json\/wp\/v2\/pages\/21227"}],"wp:featuredmedia":[{"embeddable":true,"href":"https:\/\/thehometownlawyers.com\/es\/wp-json\/wp\/v2\/media\/20859"}],"wp:attachment":[{"href":"https:\/\/thehometownlawyers.com\/es\/wp-json\/wp\/v2\/media?parent=21221"}],"wp:term":[{"taxonomy":"hc_faqs","embeddable":true,"href":"https:\/\/thehometownlawyers.com\/es\/wp-json\/wp\/v2\/hc_faqs?post=21221"},{"taxonomy":"hc_spanish_faqs","embeddable":true,"href":"https:\/\/thehometownlawyers.com\/es\/wp-json\/wp\/v2\/hc_spanish_faqs?post=21221"}],"curies":[{"name":"wp","href":"https:\/\/api.w.org\/{rel}","templated":true}]}}