{"id":21222,"date":"2020-05-06T20:32:11","date_gmt":"2020-05-07T00:32:11","guid":{"rendered":"https:\/\/thehometownlawyers.com\/?page_id=21222"},"modified":"2025-01-31T12:45:53","modified_gmt":"2025-01-31T17:45:53","slug":"abogado-de-mordedura-de-perro-oxford-ohio","status":"publish","type":"page","link":"https:\/\/thehometownlawyers.com\/es\/abogados-de-lesiones-personales-que-prestan-servicios-en-oxford-ohio\/abogado-de-mordedura-de-perro-oxford-ohio\/","title":{"rendered":"Abogado de Mordedura de Perro en Oxford"},"content":{"rendered":"<h2>Abogado de mordedura de perro en Oxford, Ohio<\/h2>\n<p>Los ataques de perros son inesperados, pero tr\u00e1gicamente a menudo resultan en v\u00edctimas que enfrentan consecuencias duraderas. Una de las razones por las que estos ataques son a menudo una sorpresa es que los perros son una mascota com\u00fan y la mayor\u00eda de las personas que viven en Oxford se encuentran con perros semanalmente, si no todos los d\u00edas. Si bien existen varias estrategias \u00fatiles para reducir el riesgo de ser atacado por un perro, tambi\u00e9n ayuda comprender algunos de los conceptos b\u00e1sicos sobre c\u00f3mo ocurren las mordeduras de perros y el cuerpo de leyes asociado.<\/p>\n<p class=\"rs-content-cta rs-content-cta-small\">Para una consulta legal gratuita, llame al <a href=\"tel:+15138943333\">513-894-3333 <\/a><\/p><h2>Leyes de mordedura de perro de Ohio<\/h2>\n<p>La ley de Ohio que aborda la responsabilidad de los due\u00f1os de perros se encuentra en <a href=\"https:\/\/codes.ohio.gov\/ohio-revised-code\/section-955.28\" target=\"_blank\" rel=\"noopener\">ORC \u00a7955.28<\/a> . Este reglamento establece que el due\u00f1o o cuidador de un perro es responsable de cualquier lesi\u00f3n o muerte causada por el perro. Seg\u00fan la responsabilidad estricta, el due\u00f1o o el controlador de un perro pueden ser considerados responsables de un ataque incluso si la persona no hizo nada malo. Este principio tambi\u00e9n se conoce como responsabilidad objetiva. Sin embargo, una v\u00edctima del ataque de un perro no puede obtener compensaci\u00f3n bajo responsabilidad estricta si fue parcialmente responsable de un ataque.<\/p>\n<p>Sin embargo, las v\u00edctimas que jugaron un papel en causar el ataque de un perro a\u00fan pueden buscar una compensaci\u00f3n bajo las leyes de negligencia. Esto significa que si la v\u00edctima de un ataque de perro invad\u00eda ilegalmente o comet\u00eda otro delito, no podr\u00e1 solicitar una compensaci\u00f3n. En un reclamo por negligencia, la v\u00edctima debe establecer que la otra parte es responsable del ataque y las lesiones resultantes. Para establecer la culpa de la otra parte, se debe demostrar que el due\u00f1o o el controlador del perro no se comport\u00f3 de manera razonable o no hizo lo que exige la ley.<\/p>\n<p class=\"rs-content-cta\">Abogado de Lesiones Personales de Oxford Cerca de M\u00ed <a href=\"tel:+15138943333\">513-894-3333<\/a><\/p><h2>\u00bfQui\u00e9n es responsable de los ataques de perros en Ohio?<\/h2>\n<p>Si usted o un ser querido es atacado por un perro, es comprensible querer responsabilizar al due\u00f1o del perro por el comportamiento agresivo del perro. Otras partes tambi\u00e9n podr\u00edan haber estado a cargo o controlando al animal en el momento del ataque, como un paseador de perros o un operador de guarder\u00eda para perros.<\/p>\n<p>Las v\u00edctimas de accidentes a menudo pueden obtener compensaci\u00f3n de estas partes por varios da\u00f1os causados por el ataque, incluidas facturas m\u00e9dicas, salarios perdidos, dolor y sufrimiento f\u00edsico, angustia emocional y capacidad de ingresos reducida causada por lesiones.<\/p>\n<p class=\"rs-content-cta rs-content-cta-small\"><a href=\"\/es\/contacto\/\">Haga clic para contactar<\/a> con nuestros lesiones personales abogados hoy<\/p><h2>Lesiones comunes por mordedura de perro en Ohio<\/h2>\n<p><a href=\"https:\/\/www.akc.org\/expert-advice\/health\/is-dogs-mouth-cleaner-than-humans\/\" target=\"_blank\" rel=\"noopener\">Los perros portan muchos tipos de bacterias en la boca<\/a> , lo que significa que existe un riesgo considerable de infecci\u00f3n bacteriana o viral despu\u00e9s de un ataque. Algunas de las otras lesiones que com\u00fanmente resultan de los ataques de perros incluyen<\/p>\n<ul>\n<li>Fracturas de hueso<\/li>\n<li>Cortes y laceraciones<\/li>\n<li>Da\u00f1o en el nervio<\/li>\n<li>M\u00fasculos y tendones desgarrados<\/li>\n<\/ul>\n<p class=\"rs-content-cta rs-content-cta-small\">Complete una <a href=\"\/es\/contacto\/\">evaluaci\u00f3n gratuita de su caso<\/a> ahora<\/p><h2>Cobertura de seguro y ataques de perros Oxford<\/h2>\n<p>Despu\u00e9s del ataque de un perro, a menudo se vuelve cr\u00edtico determinar si el due\u00f1o u operador del perro estaba asegurado. Si un negocio como una guarder\u00eda para perros o una compa\u00f1\u00eda de paseos de perros estaba a cargo del perro en el momento del ataque, el negocio podr\u00eda estar asegurado y la p\u00f3liza de seguro de la compa\u00f1\u00eda podr\u00eda cubrir sus lesiones.<\/p>\n<p>Si el ataque ocurri\u00f3 en la residencia de alguien, la p\u00f3liza de seguro de inquilino o propietario de esa persona podr\u00eda cubrir sus lesiones hasta una cierta cantidad. Sin embargo, algunas compa\u00f1\u00edas de seguros se niegan a cubrir ciertas razas de perros, lo que podr\u00eda resultar en la denegaci\u00f3n de su reclamo.<\/p>\n<h2>Qu\u00e9 hacer despu\u00e9s de un ataque de perro en Ohio<\/h2>\n<p>Si usted o un ser querido es atacado por un perro en Ohio, hay algunos pasos \u00fatiles que debe recordar seguir, que incluyen:<\/p>\n<ul>\n<li>Haz lo que puedas para alejarte del perro que atac\u00f3. Si tienes que defenderte del animal, hazlo. La ley de Ohio protege a las personas de responsabilidad si lastiman o matan a un perro mientras se protegen.<\/li>\n<li>Aseg\u00farese de recibir atenci\u00f3n m\u00e9dica incluso si no cree que sus lesiones sean graves. Los ataques de perros pueden provocar complicaciones graves si no se tratan.<\/li>\n<li>Si puede obtener detalles sobre el due\u00f1o del perro y el lugar donde ocurri\u00f3 el ataque, h\u00e1galo. Tambi\u00e9n puede ayudar tomar fotograf\u00edas con su tel\u00e9fono celular de sus lesiones, el perro y el sitio donde ocurri\u00f3 el accidente.<\/li>\n<li>Despu\u00e9s de recibir atenci\u00f3n m\u00e9dica, aseg\u00farese de comunicarse con su centro local de control de animales. Esto es particularmente importante si el perro estaba perdido o suelto para que los trabajadores de control de animales puedan localizarlo y contenerlo para que nadie m\u00e1s resulte herido.<\/li>\n<\/ul>\n<h2>Hable con un abogado especializado en mordeduras de perro que atiende hoy en Oxford, Ohio<\/h2>\n<p>Despu\u00e9s de que usted o un ser querido sean atacados por un perro, uno de los mejores pasos que puede tomar es contratar la asistencia de un <a href=\"https:\/\/thehometownlawyers.com\/es\/\">abogado con experiencia en lesiones<\/a> . <a href=\"https:\/\/thehometownlawyers.com\/es\/contacto\/\">Comun\u00edquese con Kruger &amp; Hodges<\/a> hoy para programar una evaluaci\u00f3n gratuita de su caso con un abogado especializado en mordeduras de perro en Oxford, Ohio.<\/p>\n<p class=\"rs-content-cta rs-content-cta-small\">Llame o env\u00ede un mensaje de texto al <a href=\"tel:+15138943333\">513-894-3333<\/a> o complete una <a href=\"\/es\/contacto\/\">evaluaci\u00f3n gratuita de su caso<\/a><\/p>","protected":false},"excerpt":{"rendered":"<p>Abogado de mordedura de perro en Oxford, Ohio Los ataques de perros son inesperados, pero tr\u00e1gicamente a menudo resultan en v\u00edctimas que enfrentan consecuencias duraderas. Una de las razones por las que estos ataques son a menudo una sorpresa es que los perros son una mascota com\u00fan y la mayor\u00eda de las personas que viven &#8230;<\/p>\n","protected":false},"author":7,"featured_media":20725,"parent":21248,"menu_order":0,"comment_status":"closed","ping_status":"closed","template":"","meta":{"_acf_changed":false,"inline_featured_image":false,"_genesis_hide_title":false,"_genesis_hide_breadcrumbs":false,"_genesis_hide_singular_image":false,"_genesis_hide_footer_widgets":false,"_genesis_custom_body_class":"","_genesis_custom_post_class":"","_genesis_layout":"","footnotes":""},"hc_faqs":[],"hc_spanish_faqs":[],"class_list":{"0":"post-21222","1":"page","2":"type-page","3":"status-publish","4":"has-post-thumbnail","6":"hc_city_location-oxford-es","7":"entry"},"acf":[],"yoast_head":"<!-- This site is optimized with the Yoast SEO plugin v27.4 - https:\/\/yoast.com\/product\/yoast-seo-wordpress\/ -->\n<title>Abogado de mordedura de perro Oxford, Ohio: Consulta gratuita<\/title>\n<meta name=\"description\" content=\"Abogado de mordedura de perro en Oxford, Ohio Los ataques de perros son inesperados, pero tr\u00e1gicamente a menudo resultan en v\u00edctimas que enfrentan\" \/>\n<meta name=\"robots\" content=\"index, follow, max-snippet:-1, max-image-preview:large, max-video-preview:-1\" \/>\n<link rel=\"canonical\" href=\"https:\/\/thehometownlawyers.com\/es\/abogados-de-lesiones-personales-que-prestan-servicios-en-oxford-ohio\/abogado-de-mordedura-de-perro-oxford-ohio\/\" \/>\n<meta property=\"og:locale\" content=\"es_MX\" \/>\n<meta property=\"og:type\" content=\"article\" \/>\n<meta property=\"og:title\" content=\"Abogado de mordedura de perro Oxford, Ohio: Consulta gratuita\" \/>\n<meta property=\"og:description\" content=\"Abogado de mordedura de perro en Oxford, Ohio Los ataques de perros son inesperados, pero tr\u00e1gicamente a menudo resultan en v\u00edctimas que enfrentan\" \/>\n<meta property=\"og:url\" content=\"https:\/\/thehometownlawyers.com\/es\/abogados-de-lesiones-personales-que-prestan-servicios-en-oxford-ohio\/abogado-de-mordedura-de-perro-oxford-ohio\/\" \/>\n<meta property=\"og:site_name\" content=\"Kruger &amp; Hodges Abogados De Lesiones\" \/>\n<meta property=\"article:publisher\" content=\"https:\/\/www.facebook.com\/KrugerHodges\/\" \/>\n<meta property=\"article:modified_time\" content=\"2025-01-31T17:45:53+00:00\" \/>\n<meta property=\"og:image\" content=\"https:\/\/thehometownlawyers.com\/wp-content\/uploads\/2019\/01\/dog-on-green-grass-field-3401608.jpg\" \/>\n\t<meta property=\"og:image:width\" content=\"640\" \/>\n\t<meta property=\"og:image:height\" content=\"426\" \/>\n\t<meta property=\"og:image:type\" content=\"image\/jpeg\" \/>\n<meta name=\"twitter:card\" content=\"summary_large_image\" \/>\n<meta name=\"twitter:label1\" content=\"Tiempo de lectura\" \/>\n\t<meta name=\"twitter:data1\" content=\"4 minutos\" \/>\n<script type=\"application\/ld+json\" class=\"yoast-schema-graph\">{\"@context\":\"https:\\\/\\\/schema.org\",\"@graph\":[{\"@type\":\"WebPage\",\"@id\":\"https:\\\/\\\/thehometownlawyers.com\\\/es\\\/abogados-de-lesiones-personales-que-prestan-servicios-en-oxford-ohio\\\/abogado-de-mordedura-de-perro-oxford-ohio\\\/\",\"url\":\"https:\\\/\\\/thehometownlawyers.com\\\/es\\\/abogados-de-lesiones-personales-que-prestan-servicios-en-oxford-ohio\\\/abogado-de-mordedura-de-perro-oxford-ohio\\\/\",\"name\":\"Abogado de mordedura de perro Oxford, Ohio: Consulta gratuita\",\"isPartOf\":{\"@id\":\"https:\\\/\\\/thehometownlawyers.com\\\/es\\\/#website\"},\"primaryImageOfPage\":{\"@id\":\"https:\\\/\\\/thehometownlawyers.com\\\/es\\\/abogados-de-lesiones-personales-que-prestan-servicios-en-oxford-ohio\\\/abogado-de-mordedura-de-perro-oxford-ohio\\\/#primaryimage\"},\"image\":{\"@id\":\"https:\\\/\\\/thehometownlawyers.com\\\/es\\\/abogados-de-lesiones-personales-que-prestan-servicios-en-oxford-ohio\\\/abogado-de-mordedura-de-perro-oxford-ohio\\\/#primaryimage\"},\"thumbnailUrl\":\"https:\\\/\\\/thehometownlawyers.com\\\/wp-content\\\/uploads\\\/2019\\\/01\\\/dog-on-green-grass-field-3401608.jpg\",\"datePublished\":\"2020-05-07T00:32:11+00:00\",\"dateModified\":\"2025-01-31T17:45:53+00:00\",\"description\":\"Abogado de mordedura de perro en Oxford, Ohio Los ataques de perros son inesperados, pero tr\u00e1gicamente a menudo resultan en v\u00edctimas que enfrentan\",\"breadcrumb\":{\"@id\":\"https:\\\/\\\/thehometownlawyers.com\\\/es\\\/abogados-de-lesiones-personales-que-prestan-servicios-en-oxford-ohio\\\/abogado-de-mordedura-de-perro-oxford-ohio\\\/#breadcrumb\"},\"inLanguage\":\"es\",\"potentialAction\":[{\"@type\":\"ReadAction\",\"target\":[\"https:\\\/\\\/thehometownlawyers.com\\\/es\\\/abogados-de-lesiones-personales-que-prestan-servicios-en-oxford-ohio\\\/abogado-de-mordedura-de-perro-oxford-ohio\\\/\"]}]},{\"@type\":\"ImageObject\",\"inLanguage\":\"es\",\"@id\":\"https:\\\/\\\/thehometownlawyers.com\\\/es\\\/abogados-de-lesiones-personales-que-prestan-servicios-en-oxford-ohio\\\/abogado-de-mordedura-de-perro-oxford-ohio\\\/#primaryimage\",\"url\":\"https:\\\/\\\/thehometownlawyers.com\\\/wp-content\\\/uploads\\\/2019\\\/01\\\/dog-on-green-grass-field-3401608.jpg\",\"contentUrl\":\"https:\\\/\\\/thehometownlawyers.com\\\/wp-content\\\/uploads\\\/2019\\\/01\\\/dog-on-green-grass-field-3401608.jpg\",\"width\":640,\"height\":426,\"caption\":\"perro-sobre-hierba-verde-campo-3401608\"},{\"@type\":\"BreadcrumbList\",\"@id\":\"https:\\\/\\\/thehometownlawyers.com\\\/es\\\/abogados-de-lesiones-personales-que-prestan-servicios-en-oxford-ohio\\\/abogado-de-mordedura-de-perro-oxford-ohio\\\/#breadcrumb\",\"itemListElement\":[{\"@type\":\"ListItem\",\"position\":1,\"name\":\"Home\",\"item\":\"https:\\\/\\\/thehometownlawyers.com\\\/es\\\/\"},{\"@type\":\"ListItem\",\"position\":2,\"name\":\"Abogado de Lesiones Personales en Oxford\",\"item\":\"https:\\\/\\\/thehometownlawyers.com\\\/es\\\/abogados-de-lesiones-personales-que-prestan-servicios-en-oxford-ohio\\\/\"},{\"@type\":\"ListItem\",\"position\":3,\"name\":\"Abogado de Mordedura de Perro en Oxford\"}]},{\"@type\":\"WebSite\",\"@id\":\"https:\\\/\\\/thehometownlawyers.com\\\/es\\\/#website\",\"url\":\"https:\\\/\\\/thehometownlawyers.com\\\/es\\\/\",\"name\":\"Kruger & Hodges Hometown Injury Lawyers | Accident Attorneys\",\"description\":\"Attorneys for Car, Truck and Motorcycle Accidents, Personal Injuries, and Criminal Defense.\",\"publisher\":{\"@id\":\"https:\\\/\\\/thehometownlawyers.com\\\/es\\\/#organization\"},\"alternateName\":\"Kruger & Hodges Personal Injury Lawyers\",\"inLanguage\":\"es\"},{\"@type\":\"Organization\",\"@id\":\"https:\\\/\\\/thehometownlawyers.com\\\/es\\\/#organization\",\"name\":\"Kruger & Hodges Hometown Injury Lawyers\",\"alternateName\":\"Kruger & Hodges\",\"url\":\"https:\\\/\\\/thehometownlawyers.com\\\/es\\\/\",\"logo\":{\"@type\":\"ImageObject\",\"inLanguage\":\"es\",\"@id\":\"https:\\\/\\\/thehometownlawyers.com\\\/es\\\/#\\\/schema\\\/logo\\\/image\\\/\",\"url\":\"https:\\\/\\\/thehometownlawyers.com\\\/wp-content\\\/uploads\\\/2025\\\/12\\\/revised-kh-logo-vertical-white-background-scaled.png\",\"contentUrl\":\"https:\\\/\\\/thehometownlawyers.com\\\/wp-content\\\/uploads\\\/2025\\\/12\\\/revised-kh-logo-vertical-white-background-scaled.png\",\"width\":2560,\"height\":1440,\"caption\":\"Kruger & Hodges Hometown Injury Lawyers\"},\"image\":{\"@id\":\"https:\\\/\\\/thehometownlawyers.com\\\/es\\\/#\\\/schema\\\/logo\\\/image\\\/\"},\"sameAs\":[\"https:\\\/\\\/www.facebook.com\\\/KrugerHodges\\\/\",\"https:\\\/\\\/www.instagram.com\\\/krugerhodges\\\/\",\"https:\\\/\\\/www.linkedin.com\\\/company\\\/kruger-hodges-hometown-injury-lawyers\\\/\",\"https:\\\/\\\/www.youtube.com\\\/channel\\\/UCeYcMaMaN2rb9jMlqt4EIdQ\",\"https:\\\/\\\/www.tiktok.com\\\/@thehometownlawyer\"]}]}<\/script>\n<!-- \/ Yoast SEO plugin. -->","yoast_head_json":{"title":"Abogado de mordedura de perro Oxford, Ohio: Consulta gratuita","description":"Abogado de mordedura de perro en Oxford, Ohio Los ataques de perros son inesperados, pero tr\u00e1gicamente a menudo resultan en v\u00edctimas que enfrentan","robots":{"index":"index","follow":"follow","max-snippet":"max-snippet:-1","max-image-preview":"max-image-preview:large","max-video-preview":"max-video-preview:-1"},"canonical":"https:\/\/thehometownlawyers.com\/es\/abogados-de-lesiones-personales-que-prestan-servicios-en-oxford-ohio\/abogado-de-mordedura-de-perro-oxford-ohio\/","og_locale":"es_MX","og_type":"article","og_title":"Abogado de mordedura de perro Oxford, Ohio: Consulta gratuita","og_description":"Abogado de mordedura de perro en Oxford, Ohio Los ataques de perros son inesperados, pero tr\u00e1gicamente a menudo resultan en v\u00edctimas que enfrentan","og_url":"https:\/\/thehometownlawyers.com\/es\/abogados-de-lesiones-personales-que-prestan-servicios-en-oxford-ohio\/abogado-de-mordedura-de-perro-oxford-ohio\/","og_site_name":"Kruger &amp; Hodges Abogados De Lesiones","article_publisher":"https:\/\/www.facebook.com\/KrugerHodges\/","article_modified_time":"2025-01-31T17:45:53+00:00","og_image":[{"width":640,"height":426,"url":"https:\/\/thehometownlawyers.com\/wp-content\/uploads\/2019\/01\/dog-on-green-grass-field-3401608.jpg","type":"image\/jpeg"}],"twitter_card":"summary_large_image","twitter_misc":{"Tiempo de lectura":"4 minutos"},"schema":{"@context":"https:\/\/schema.org","@graph":[{"@type":"WebPage","@id":"https:\/\/thehometownlawyers.com\/es\/abogados-de-lesiones-personales-que-prestan-servicios-en-oxford-ohio\/abogado-de-mordedura-de-perro-oxford-ohio\/","url":"https:\/\/thehometownlawyers.com\/es\/abogados-de-lesiones-personales-que-prestan-servicios-en-oxford-ohio\/abogado-de-mordedura-de-perro-oxford-ohio\/","name":"Abogado de mordedura de perro Oxford, Ohio: Consulta gratuita","isPartOf":{"@id":"https:\/\/thehometownlawyers.com\/es\/#website"},"primaryImageOfPage":{"@id":"https:\/\/thehometownlawyers.com\/es\/abogados-de-lesiones-personales-que-prestan-servicios-en-oxford-ohio\/abogado-de-mordedura-de-perro-oxford-ohio\/#primaryimage"},"image":{"@id":"https:\/\/thehometownlawyers.com\/es\/abogados-de-lesiones-personales-que-prestan-servicios-en-oxford-ohio\/abogado-de-mordedura-de-perro-oxford-ohio\/#primaryimage"},"thumbnailUrl":"https:\/\/thehometownlawyers.com\/wp-content\/uploads\/2019\/01\/dog-on-green-grass-field-3401608.jpg","datePublished":"2020-05-07T00:32:11+00:00","dateModified":"2025-01-31T17:45:53+00:00","description":"Abogado de mordedura de perro en Oxford, Ohio Los ataques de perros son inesperados, pero tr\u00e1gicamente a menudo resultan en v\u00edctimas que enfrentan","breadcrumb":{"@id":"https:\/\/thehometownlawyers.com\/es\/abogados-de-lesiones-personales-que-prestan-servicios-en-oxford-ohio\/abogado-de-mordedura-de-perro-oxford-ohio\/#breadcrumb"},"inLanguage":"es","potentialAction":[{"@type":"ReadAction","target":["https:\/\/thehometownlawyers.com\/es\/abogados-de-lesiones-personales-que-prestan-servicios-en-oxford-ohio\/abogado-de-mordedura-de-perro-oxford-ohio\/"]}]},{"@type":"ImageObject","inLanguage":"es","@id":"https:\/\/thehometownlawyers.com\/es\/abogados-de-lesiones-personales-que-prestan-servicios-en-oxford-ohio\/abogado-de-mordedura-de-perro-oxford-ohio\/#primaryimage","url":"https:\/\/thehometownlawyers.com\/wp-content\/uploads\/2019\/01\/dog-on-green-grass-field-3401608.jpg","contentUrl":"https:\/\/thehometownlawyers.com\/wp-content\/uploads\/2019\/01\/dog-on-green-grass-field-3401608.jpg","width":640,"height":426,"caption":"perro-sobre-hierba-verde-campo-3401608"},{"@type":"BreadcrumbList","@id":"https:\/\/thehometownlawyers.com\/es\/abogados-de-lesiones-personales-que-prestan-servicios-en-oxford-ohio\/abogado-de-mordedura-de-perro-oxford-ohio\/#breadcrumb","itemListElement":[{"@type":"ListItem","position":1,"name":"Home","item":"https:\/\/thehometownlawyers.com\/es\/"},{"@type":"ListItem","position":2,"name":"Abogado de Lesiones Personales en Oxford","item":"https:\/\/thehometownlawyers.com\/es\/abogados-de-lesiones-personales-que-prestan-servicios-en-oxford-ohio\/"},{"@type":"ListItem","position":3,"name":"Abogado de Mordedura de Perro en Oxford"}]},{"@type":"WebSite","@id":"https:\/\/thehometownlawyers.com\/es\/#website","url":"https:\/\/thehometownlawyers.com\/es\/","name":"Kruger & Hodges Hometown Injury Lawyers | Accident Attorneys","description":"Attorneys for Car, Truck and Motorcycle Accidents, Personal Injuries, and Criminal Defense.","publisher":{"@id":"https:\/\/thehometownlawyers.com\/es\/#organization"},"alternateName":"Kruger & Hodges Personal Injury Lawyers","inLanguage":"es"},{"@type":"Organization","@id":"https:\/\/thehometownlawyers.com\/es\/#organization","name":"Kruger & Hodges Hometown Injury Lawyers","alternateName":"Kruger & Hodges","url":"https:\/\/thehometownlawyers.com\/es\/","logo":{"@type":"ImageObject","inLanguage":"es","@id":"https:\/\/thehometownlawyers.com\/es\/#\/schema\/logo\/image\/","url":"https:\/\/thehometownlawyers.com\/wp-content\/uploads\/2025\/12\/revised-kh-logo-vertical-white-background-scaled.png","contentUrl":"https:\/\/thehometownlawyers.com\/wp-content\/uploads\/2025\/12\/revised-kh-logo-vertical-white-background-scaled.png","width":2560,"height":1440,"caption":"Kruger & Hodges Hometown Injury Lawyers"},"image":{"@id":"https:\/\/thehometownlawyers.com\/es\/#\/schema\/logo\/image\/"},"sameAs":["https:\/\/www.facebook.com\/KrugerHodges\/","https:\/\/www.instagram.com\/krugerhodges\/","https:\/\/www.linkedin.com\/company\/kruger-hodges-hometown-injury-lawyers\/","https:\/\/www.youtube.com\/channel\/UCeYcMaMaN2rb9jMlqt4EIdQ","https:\/\/www.tiktok.com\/@thehometownlawyer"]}]}},"_links":{"self":[{"href":"https:\/\/thehometownlawyers.com\/es\/wp-json\/wp\/v2\/pages\/21222","targetHints":{"allow":["GET"]}}],"collection":[{"href":"https:\/\/thehometownlawyers.com\/es\/wp-json\/wp\/v2\/pages"}],"about":[{"href":"https:\/\/thehometownlawyers.com\/es\/wp-json\/wp\/v2\/types\/page"}],"author":[{"embeddable":true,"href":"https:\/\/thehometownlawyers.com\/es\/wp-json\/wp\/v2\/users\/7"}],"replies":[{"embeddable":true,"href":"https:\/\/thehometownlawyers.com\/es\/wp-json\/wp\/v2\/comments?post=21222"}],"version-history":[{"count":0,"href":"https:\/\/thehometownlawyers.com\/es\/wp-json\/wp\/v2\/pages\/21222\/revisions"}],"up":[{"embeddable":true,"href":"https:\/\/thehometownlawyers.com\/es\/wp-json\/wp\/v2\/pages\/21248"}],"wp:featuredmedia":[{"embeddable":true,"href":"https:\/\/thehometownlawyers.com\/es\/wp-json\/wp\/v2\/media\/20725"}],"wp:attachment":[{"href":"https:\/\/thehometownlawyers.com\/es\/wp-json\/wp\/v2\/media?parent=21222"}],"wp:term":[{"taxonomy":"hc_faqs","embeddable":true,"href":"https:\/\/thehometownlawyers.com\/es\/wp-json\/wp\/v2\/hc_faqs?post=21222"},{"taxonomy":"hc_spanish_faqs","embeddable":true,"href":"https:\/\/thehometownlawyers.com\/es\/wp-json\/wp\/v2\/hc_spanish_faqs?post=21222"}],"curies":[{"name":"wp","href":"https:\/\/api.w.org\/{rel}","templated":true}]}}