{"id":21223,"date":"2020-04-22T20:54:05","date_gmt":"2020-04-23T00:54:05","guid":{"rendered":"https:\/\/thehometownlawyers.com\/?page_id=21223"},"modified":"2025-02-12T13:59:29","modified_gmt":"2025-02-12T18:59:29","slug":"abogado-de-lesiones-liberty-township-ohio","status":"publish","type":"page","link":"https:\/\/thehometownlawyers.com\/es\/abogado-de-lesiones-liberty-township-ohio\/","title":{"rendered":"Abogado de Lesiones Personales en Liberty Township"},"content":{"rendered":"<h2>Abogado de lesiones personales del municipio de Liberty<\/h2>\n<p>Liberty Township es el m\u00e1s peque\u00f1o de los 13 municipios del condado de Butler, pero a\u00fan alberga varias empresas y organizaciones. Si bien muchas personas visitan estos lugares diariamente sin incidentes, tambi\u00e9n se sabe que ocurren accidentes. Los <a href=\"https:\/\/www.cdc.gov\/nchs\/pressroom\/states\/ohio\/ohio.htm\" target=\"_blank\" rel=\"noopener\">Centros para el Control de Enfermedades<\/a> informan que en 2017, los accidentes fueron la tercera causa de muerte m\u00e1s com\u00fan en Ohio. Esto equival\u00eda a 8.971 muertes. Un n\u00famero a\u00fan mayor de personas resultaron gravemente heridas en accidentes que ocurrieron en Ohio.<\/p>\n<p>Uno de los mejores pasos que las personas pueden tomar para protegerse de los accidentes con lesiones personales en Ohio es comprender la naturaleza de c\u00f3mo ocurren estos eventos.<\/p>\n<p class=\"rs-content-cta rs-content-cta-small\">Para una consulta legal gratuita, llame al <a href=\"tel:+15138943333\">513-894-3333 <\/a><\/p><h2>Experiencia con varios reclamos por lesiones personales en Ohio<\/h2>\n<p>Los accidentes con lesiones personales ocurren de varias maneras y nuestros abogados tienen experiencia ayudando a las v\u00edctimas de muchos de ellos. Independientemente de la causa o la gravedad de las lesiones resultantes, es com\u00fan que las v\u00edctimas de lesiones personales enfrenten dificultades extremas. Algunos de los accidentes m\u00e1s devastadores que enfrentan nuestros abogados incluyen:<\/p>\n<ul>\n<li><strong>Accidentes de coche .<\/strong> Los accidentes automovil\u00edsticos son una de las causas m\u00e1s devastadoras de lesiones en Ohio. Los accidentes automovil\u00edsticos van desde vuelcos hasta colisiones traseras, y las v\u00edctimas a menudo se quedan con grandes facturas m\u00e9dicas, lesiones que cambian la vida y da\u00f1os psicol\u00f3gicos por el trauma resultante.<\/li>\n<li><strong>Lesiones por mordedura de perro .<\/strong> Los due\u00f1os de perros en Ohio tienen el deber legal de proteger al p\u00fablico de los da\u00f1os causados por sus animales. Si un perro muerde a alguien, el propietario puede ser considerado responsable a trav\u00e9s del estatuto de lesiones por mordedura de perro del estado.<\/li>\n<li><strong><a href=\"https:\/\/thehometownlawyers.com\/es\/\">Demandas por negligencia m\u00e9dica<\/a> .<\/strong> Si bien confiamos en los profesionales m\u00e9dicos y las instalaciones m\u00e9dicas para que nos brinden el mayor grado de atenci\u00f3n posible, no siempre es as\u00ed. Cuando la negligencia m\u00e9dica resulta en una lesi\u00f3n, puede ser necesario presentar un reclamo por negligencia m\u00e9dica. Algunos de los tipos m\u00e1s comunes de negligencia m\u00e9dica incluyen diagn\u00f3sticos err\u00f3neos y errores quir\u00fargicos.<\/li>\n<li><strong>Colisiones de motos .<\/strong> Los motociclistas carecen del grado de protecci\u00f3n que tienen los automovilistas. Esto significa que cuando ocurren accidentes, los motociclistas corren un riesgo elevado de sufrir lesiones graves.<\/li>\n<li><strong><a href=\"https:\/\/thehometownlawyers.com\/es\/hamilton\/abogado-de-accidente-por-resbalon-y-caida\/\">Accidentes por resbalones y ca\u00eddas<\/a> .<\/strong> Esperamos que los propietarios mantengan sus instalaciones seguras para reducir el riesgo de lesiones a otros. Desafortunadamente, cosas como la iluminaci\u00f3n inadecuada y las superficies irregulares pueden provocar accidentes por resbalones y ca\u00eddas.<\/li>\n<li><strong><a href=\"https:\/\/thehometownlawyers.com\/es\/\">Accidentes de camiones<\/a> .<\/strong> Los grandes operadores de veh\u00edculos comerciales tienen el deber de conducir sus veh\u00edculos de conformidad con las reglamentaciones estatales y federales. Desafortunadamente, cada a\u00f1o ocurren muchos accidentes de camiones en Ohio.<\/li>\n<li><strong>Reclamaciones <a href=\"https:\/\/thehometownlawyers.com\/es\/hamilton\/abogado-de-muerte-injustificada\/\">de muerte por negligencia<\/a> .<\/strong> Si un ser querido muri\u00f3 como resultado de la negligencia de otra parte, es posible iniciar una demanda por homicidio culposo. Aunque ning\u00fan monto compensar\u00e1 la p\u00e9rdida de un ser querido, esta compensaci\u00f3n puede ayudar a pagar los diversos da\u00f1os que deben soportar los sobrevivientes.<\/li>\n<\/ul>\n<p class=\"rs-content-cta\">Abogado de Lesiones Personales de Liberty Township Cerca de M\u00ed <a href=\"tel:+15138943333\">513-894-3333<\/a><\/p><h2>Lesiones com\u00fanmente causadas por accidentes en Liberty Township<\/h2>\n<p><a href=\"https:\/\/www.cdc.gov\/nchs\/fastats\/emergency-department.htm\" target=\"_blank\" rel=\"noopener\">Los datos<\/a> recopilados por los Centros para el Control y la Prevenci\u00f3n de Enfermedades revelan que aproximadamente 40 millones de personas cada a\u00f1o en los Estados Unidos terminan en salas de emergencia debido a lesiones personales. Algunas de las lesiones m\u00e1s comunes que acompa\u00f1an a los accidentes incluyen:<\/p>\n<ul>\n<li>No solo son comunes, las lesiones en la cabeza y el cerebro tambi\u00e9n son uno de los tipos de lesiones m\u00e1s debilitantes. Ya sea por un golpe o un golpe en la cabeza, estas lesiones pueden provocar problemas de memoria, cambios de humor y problemas de equilibrio.<\/li>\n<li>Las lesiones de espalda y cuello suelen ir acompa\u00f1adas de un dolor considerable y de problemas de movilidad.<\/li>\n<li>Los huesos rotos y fracturados pueden tomar varias formas y van desde fracturas capilares hasta roturas completas.<\/li>\n<li>Las distensiones musculares, as\u00ed como los esguinces y los desgarros, son un tipo com\u00fan de lesi\u00f3n. Estos impedimentos a menudo requieren largos tiempos de recuperaci\u00f3n y pueden impedir sustancialmente que una persona participe en las actividades de la vida diaria.<\/li>\n<li>Si bien algunos cortes son menores, otras laceraciones ponen en peligro la salud de una persona e incluso pueden requerir una amputaci\u00f3n.<\/li>\n<\/ul>\n<p>Incluso los accidentes peque\u00f1os pueden resultar en lesiones que cambian la vida y afectan sustancialmente la salud y la calidad de vida de una persona. Una de las mejores maneras de tomar el control de su recuperaci\u00f3n es buscar una evaluaci\u00f3n m\u00e9dica lo antes posible despu\u00e9s de un accidente. Si bien muchas personas se llenan de adrenalina despu\u00e9s de los accidentes y tienen dificultades para evaluar sus lesiones, a\u00fan es importante recibir una evaluaci\u00f3n, incluso si no cree que sus lesiones sean graves.<\/p>\n<p class=\"rs-content-cta rs-content-cta-small\"><a href=\"\/es\/contacto\/\">Haga clic para contactar<\/a> con nuestros lesiones personales abogados hoy<\/p><h2>Hable con un abogado experto en lesiones personales<\/h2>\n<p>Las v\u00edctimas de accidentes con lesiones personales enfrentan diversas complicaciones, que incluyen salarios perdidos, facturas m\u00e9dicas, sufrimiento emocional y otras dificultades. Uno de los mejores pasos que las v\u00edctimas pueden tomar para obtener la compensaci\u00f3n que merecen es hablar con un abogado experto en lesiones personales. Comun\u00edquese con <a href=\"https:\/\/thehometownlawyers.com\/es\/contacto\/\">Kruger &amp; Hodges<\/a> hoy para obtener ayuda con casos de lesiones personales en Liberty Township, Ohio.<\/p>\n<p class=\"rs-content-cta rs-content-cta-small\">Llame o env\u00ede un mensaje de texto al <a href=\"tel:+15138943333\">513-894-3333<\/a> o complete una <a href=\"\/es\/contacto\/\">evaluaci\u00f3n gratuita de su caso<\/a><\/p>","protected":false},"excerpt":{"rendered":"<p>Abogado de lesiones personales del municipio de Liberty Liberty Township es el m\u00e1s peque\u00f1o de los 13 municipios del condado de Butler, pero a\u00fan alberga varias empresas y organizaciones. Si bien muchas personas visitan estos lugares diariamente sin incidentes, tambi\u00e9n se sabe que ocurren accidentes. Los Centros para el Control de Enfermedades informan que en &#8230;<\/p>\n","protected":false},"author":7,"featured_media":24493,"parent":0,"menu_order":0,"comment_status":"closed","ping_status":"closed","template":"","meta":{"_acf_changed":false,"inline_featured_image":false,"_genesis_hide_title":false,"_genesis_hide_breadcrumbs":false,"_genesis_hide_singular_image":false,"_genesis_hide_footer_widgets":false,"_genesis_custom_body_class":"","_genesis_custom_post_class":"","_genesis_layout":"","footnotes":""},"hc_faqs":[],"hc_spanish_faqs":[],"class_list":{"0":"post-21223","1":"page","2":"type-page","3":"status-publish","4":"has-post-thumbnail","6":"hc_city_location-liberty-township-es","7":"entry"},"acf":[],"yoast_head":"<!-- This site is optimized with the Yoast SEO plugin v27.3 - https:\/\/yoast.com\/product\/yoast-seo-wordpress\/ -->\n<title>Abogado de lesiones Liberty Township, Ohio: Consulta gratuita<\/title>\n<meta name=\"description\" content=\"Abogado de lesiones personales del municipio de Liberty Liberty Township es el m\u00e1s peque\u00f1o de los 13 municipios del condado de Butler, pero a\u00fan alberga\" \/>\n<meta name=\"robots\" content=\"index, follow, max-snippet:-1, max-image-preview:large, max-video-preview:-1\" \/>\n<link rel=\"canonical\" href=\"https:\/\/thehometownlawyers.com\/es\/abogado-de-lesiones-liberty-township-ohio\/\" \/>\n<meta property=\"og:locale\" content=\"es_MX\" \/>\n<meta property=\"og:type\" content=\"article\" \/>\n<meta property=\"og:title\" content=\"Abogado de lesiones Liberty Township, Ohio: Consulta gratuita\" \/>\n<meta property=\"og:description\" content=\"Abogado de lesiones personales del municipio de Liberty Liberty Township es el m\u00e1s peque\u00f1o de los 13 municipios del condado de Butler, pero a\u00fan alberga\" \/>\n<meta property=\"og:url\" content=\"https:\/\/thehometownlawyers.com\/es\/abogado-de-lesiones-liberty-township-ohio\/\" \/>\n<meta property=\"og:site_name\" content=\"Kruger &amp; Hodges Abogados De Lesiones\" \/>\n<meta property=\"article:publisher\" content=\"https:\/\/www.facebook.com\/KrugerHodges\/\" \/>\n<meta property=\"article:modified_time\" content=\"2025-02-12T18:59:29+00:00\" \/>\n<meta property=\"og:image\" content=\"https:\/\/thehometownlawyers.com\/wp-content\/uploads\/2020\/01\/Leg-Injury-Photo.jpeg\" \/>\n\t<meta property=\"og:image:width\" content=\"640\" \/>\n\t<meta property=\"og:image:height\" content=\"426\" \/>\n\t<meta property=\"og:image:type\" content=\"image\/jpeg\" \/>\n<meta name=\"twitter:card\" content=\"summary_large_image\" \/>\n<meta name=\"twitter:label1\" content=\"Tiempo de lectura\" \/>\n\t<meta name=\"twitter:data1\" content=\"4 minutos\" \/>\n<script type=\"application\/ld+json\" class=\"yoast-schema-graph\">{\"@context\":\"https:\\\/\\\/schema.org\",\"@graph\":[{\"@type\":\"WebPage\",\"@id\":\"https:\\\/\\\/thehometownlawyers.com\\\/es\\\/abogado-de-lesiones-liberty-township-ohio\\\/\",\"url\":\"https:\\\/\\\/thehometownlawyers.com\\\/es\\\/abogado-de-lesiones-liberty-township-ohio\\\/\",\"name\":\"Abogado de lesiones Liberty Township, Ohio: Consulta gratuita\",\"isPartOf\":{\"@id\":\"https:\\\/\\\/thehometownlawyers.com\\\/es\\\/#website\"},\"primaryImageOfPage\":{\"@id\":\"https:\\\/\\\/thehometownlawyers.com\\\/es\\\/abogado-de-lesiones-liberty-township-ohio\\\/#primaryimage\"},\"image\":{\"@id\":\"https:\\\/\\\/thehometownlawyers.com\\\/es\\\/abogado-de-lesiones-liberty-township-ohio\\\/#primaryimage\"},\"thumbnailUrl\":\"https:\\\/\\\/thehometownlawyers.com\\\/wp-content\\\/uploads\\\/2025\\\/03\\\/liberty-township-personal-injury-lawyer.jpg\",\"datePublished\":\"2020-04-23T00:54:05+00:00\",\"dateModified\":\"2025-02-12T18:59:29+00:00\",\"description\":\"Abogado de lesiones personales del municipio de Liberty Liberty Township es el m\u00e1s peque\u00f1o de los 13 municipios del condado de Butler, pero a\u00fan alberga\",\"breadcrumb\":{\"@id\":\"https:\\\/\\\/thehometownlawyers.com\\\/es\\\/abogado-de-lesiones-liberty-township-ohio\\\/#breadcrumb\"},\"inLanguage\":\"es\",\"potentialAction\":[{\"@type\":\"ReadAction\",\"target\":[\"https:\\\/\\\/thehometownlawyers.com\\\/es\\\/abogado-de-lesiones-liberty-township-ohio\\\/\"]}]},{\"@type\":\"ImageObject\",\"inLanguage\":\"es\",\"@id\":\"https:\\\/\\\/thehometownlawyers.com\\\/es\\\/abogado-de-lesiones-liberty-township-ohio\\\/#primaryimage\",\"url\":\"https:\\\/\\\/thehometownlawyers.com\\\/wp-content\\\/uploads\\\/2025\\\/03\\\/liberty-township-personal-injury-lawyer.jpg\",\"contentUrl\":\"https:\\\/\\\/thehometownlawyers.com\\\/wp-content\\\/uploads\\\/2025\\\/03\\\/liberty-township-personal-injury-lawyer.jpg\",\"width\":768,\"height\":400,\"caption\":\"Businessman, accountant and writing with laptop for finance, legal paperwork or contract at office.\"},{\"@type\":\"BreadcrumbList\",\"@id\":\"https:\\\/\\\/thehometownlawyers.com\\\/es\\\/abogado-de-lesiones-liberty-township-ohio\\\/#breadcrumb\",\"itemListElement\":[{\"@type\":\"ListItem\",\"position\":1,\"name\":\"Home\",\"item\":\"https:\\\/\\\/thehometownlawyers.com\\\/es\\\/\"},{\"@type\":\"ListItem\",\"position\":2,\"name\":\"Abogado de Lesiones Personales en Liberty Township\"}]},{\"@type\":\"WebSite\",\"@id\":\"https:\\\/\\\/thehometownlawyers.com\\\/es\\\/#website\",\"url\":\"https:\\\/\\\/thehometownlawyers.com\\\/es\\\/\",\"name\":\"Kruger & Hodges Hometown Injury Lawyers | Accident Attorneys\",\"description\":\"Attorneys for Car, Truck and Motorcycle Accidents, Personal Injuries, and Criminal Defense.\",\"publisher\":{\"@id\":\"https:\\\/\\\/thehometownlawyers.com\\\/es\\\/#organization\"},\"alternateName\":\"Kruger & Hodges Personal Injury Lawyers\",\"inLanguage\":\"es\"},{\"@type\":\"Organization\",\"@id\":\"https:\\\/\\\/thehometownlawyers.com\\\/es\\\/#organization\",\"name\":\"Kruger & Hodges Hometown Injury Lawyers\",\"alternateName\":\"Kruger & Hodges\",\"url\":\"https:\\\/\\\/thehometownlawyers.com\\\/es\\\/\",\"logo\":{\"@type\":\"ImageObject\",\"inLanguage\":\"es\",\"@id\":\"https:\\\/\\\/thehometownlawyers.com\\\/es\\\/#\\\/schema\\\/logo\\\/image\\\/\",\"url\":\"https:\\\/\\\/thehometownlawyers.com\\\/wp-content\\\/uploads\\\/2025\\\/12\\\/revised-kh-logo-vertical-white-background-scaled.png\",\"contentUrl\":\"https:\\\/\\\/thehometownlawyers.com\\\/wp-content\\\/uploads\\\/2025\\\/12\\\/revised-kh-logo-vertical-white-background-scaled.png\",\"width\":2560,\"height\":1440,\"caption\":\"Kruger & Hodges Hometown Injury Lawyers\"},\"image\":{\"@id\":\"https:\\\/\\\/thehometownlawyers.com\\\/es\\\/#\\\/schema\\\/logo\\\/image\\\/\"},\"sameAs\":[\"https:\\\/\\\/www.facebook.com\\\/KrugerHodges\\\/\",\"https:\\\/\\\/www.instagram.com\\\/krugerhodges\\\/\",\"https:\\\/\\\/www.linkedin.com\\\/company\\\/kruger-hodges-hometown-injury-lawyers\\\/\",\"https:\\\/\\\/www.youtube.com\\\/channel\\\/UCeYcMaMaN2rb9jMlqt4EIdQ\",\"https:\\\/\\\/www.tiktok.com\\\/@thehometownlawyer\"]}]}<\/script>\n<!-- \/ Yoast SEO plugin. -->","yoast_head_json":{"title":"Abogado de lesiones Liberty Township, Ohio: Consulta gratuita","description":"Abogado de lesiones personales del municipio de Liberty Liberty Township es el m\u00e1s peque\u00f1o de los 13 municipios del condado de Butler, pero a\u00fan alberga","robots":{"index":"index","follow":"follow","max-snippet":"max-snippet:-1","max-image-preview":"max-image-preview:large","max-video-preview":"max-video-preview:-1"},"canonical":"https:\/\/thehometownlawyers.com\/es\/abogado-de-lesiones-liberty-township-ohio\/","og_locale":"es_MX","og_type":"article","og_title":"Abogado de lesiones Liberty Township, Ohio: Consulta gratuita","og_description":"Abogado de lesiones personales del municipio de Liberty Liberty Township es el m\u00e1s peque\u00f1o de los 13 municipios del condado de Butler, pero a\u00fan alberga","og_url":"https:\/\/thehometownlawyers.com\/es\/abogado-de-lesiones-liberty-township-ohio\/","og_site_name":"Kruger &amp; Hodges Abogados De Lesiones","article_publisher":"https:\/\/www.facebook.com\/KrugerHodges\/","article_modified_time":"2025-02-12T18:59:29+00:00","og_image":[{"width":640,"height":426,"url":"https:\/\/thehometownlawyers.com\/wp-content\/uploads\/2020\/01\/Leg-Injury-Photo.jpeg","type":"image\/jpeg"}],"twitter_card":"summary_large_image","twitter_misc":{"Tiempo de lectura":"4 minutos"},"schema":{"@context":"https:\/\/schema.org","@graph":[{"@type":"WebPage","@id":"https:\/\/thehometownlawyers.com\/es\/abogado-de-lesiones-liberty-township-ohio\/","url":"https:\/\/thehometownlawyers.com\/es\/abogado-de-lesiones-liberty-township-ohio\/","name":"Abogado de lesiones Liberty Township, Ohio: Consulta gratuita","isPartOf":{"@id":"https:\/\/thehometownlawyers.com\/es\/#website"},"primaryImageOfPage":{"@id":"https:\/\/thehometownlawyers.com\/es\/abogado-de-lesiones-liberty-township-ohio\/#primaryimage"},"image":{"@id":"https:\/\/thehometownlawyers.com\/es\/abogado-de-lesiones-liberty-township-ohio\/#primaryimage"},"thumbnailUrl":"https:\/\/thehometownlawyers.com\/wp-content\/uploads\/2025\/03\/liberty-township-personal-injury-lawyer.jpg","datePublished":"2020-04-23T00:54:05+00:00","dateModified":"2025-02-12T18:59:29+00:00","description":"Abogado de lesiones personales del municipio de Liberty Liberty Township es el m\u00e1s peque\u00f1o de los 13 municipios del condado de Butler, pero a\u00fan alberga","breadcrumb":{"@id":"https:\/\/thehometownlawyers.com\/es\/abogado-de-lesiones-liberty-township-ohio\/#breadcrumb"},"inLanguage":"es","potentialAction":[{"@type":"ReadAction","target":["https:\/\/thehometownlawyers.com\/es\/abogado-de-lesiones-liberty-township-ohio\/"]}]},{"@type":"ImageObject","inLanguage":"es","@id":"https:\/\/thehometownlawyers.com\/es\/abogado-de-lesiones-liberty-township-ohio\/#primaryimage","url":"https:\/\/thehometownlawyers.com\/wp-content\/uploads\/2025\/03\/liberty-township-personal-injury-lawyer.jpg","contentUrl":"https:\/\/thehometownlawyers.com\/wp-content\/uploads\/2025\/03\/liberty-township-personal-injury-lawyer.jpg","width":768,"height":400,"caption":"Businessman, accountant and writing with laptop for finance, legal paperwork or contract at office."},{"@type":"BreadcrumbList","@id":"https:\/\/thehometownlawyers.com\/es\/abogado-de-lesiones-liberty-township-ohio\/#breadcrumb","itemListElement":[{"@type":"ListItem","position":1,"name":"Home","item":"https:\/\/thehometownlawyers.com\/es\/"},{"@type":"ListItem","position":2,"name":"Abogado de Lesiones Personales en Liberty Township"}]},{"@type":"WebSite","@id":"https:\/\/thehometownlawyers.com\/es\/#website","url":"https:\/\/thehometownlawyers.com\/es\/","name":"Kruger & Hodges Hometown Injury Lawyers | Accident Attorneys","description":"Attorneys for Car, Truck and Motorcycle Accidents, Personal Injuries, and Criminal Defense.","publisher":{"@id":"https:\/\/thehometownlawyers.com\/es\/#organization"},"alternateName":"Kruger & Hodges Personal Injury Lawyers","inLanguage":"es"},{"@type":"Organization","@id":"https:\/\/thehometownlawyers.com\/es\/#organization","name":"Kruger & Hodges Hometown Injury Lawyers","alternateName":"Kruger & Hodges","url":"https:\/\/thehometownlawyers.com\/es\/","logo":{"@type":"ImageObject","inLanguage":"es","@id":"https:\/\/thehometownlawyers.com\/es\/#\/schema\/logo\/image\/","url":"https:\/\/thehometownlawyers.com\/wp-content\/uploads\/2025\/12\/revised-kh-logo-vertical-white-background-scaled.png","contentUrl":"https:\/\/thehometownlawyers.com\/wp-content\/uploads\/2025\/12\/revised-kh-logo-vertical-white-background-scaled.png","width":2560,"height":1440,"caption":"Kruger & Hodges Hometown Injury Lawyers"},"image":{"@id":"https:\/\/thehometownlawyers.com\/es\/#\/schema\/logo\/image\/"},"sameAs":["https:\/\/www.facebook.com\/KrugerHodges\/","https:\/\/www.instagram.com\/krugerhodges\/","https:\/\/www.linkedin.com\/company\/kruger-hodges-hometown-injury-lawyers\/","https:\/\/www.youtube.com\/channel\/UCeYcMaMaN2rb9jMlqt4EIdQ","https:\/\/www.tiktok.com\/@thehometownlawyer"]}]}},"_links":{"self":[{"href":"https:\/\/thehometownlawyers.com\/es\/wp-json\/wp\/v2\/pages\/21223","targetHints":{"allow":["GET"]}}],"collection":[{"href":"https:\/\/thehometownlawyers.com\/es\/wp-json\/wp\/v2\/pages"}],"about":[{"href":"https:\/\/thehometownlawyers.com\/es\/wp-json\/wp\/v2\/types\/page"}],"author":[{"embeddable":true,"href":"https:\/\/thehometownlawyers.com\/es\/wp-json\/wp\/v2\/users\/7"}],"replies":[{"embeddable":true,"href":"https:\/\/thehometownlawyers.com\/es\/wp-json\/wp\/v2\/comments?post=21223"}],"version-history":[{"count":0,"href":"https:\/\/thehometownlawyers.com\/es\/wp-json\/wp\/v2\/pages\/21223\/revisions"}],"wp:featuredmedia":[{"embeddable":true,"href":"https:\/\/thehometownlawyers.com\/es\/wp-json\/wp\/v2\/media\/24493"}],"wp:attachment":[{"href":"https:\/\/thehometownlawyers.com\/es\/wp-json\/wp\/v2\/media?parent=21223"}],"wp:term":[{"taxonomy":"hc_faqs","embeddable":true,"href":"https:\/\/thehometownlawyers.com\/es\/wp-json\/wp\/v2\/hc_faqs?post=21223"},{"taxonomy":"hc_spanish_faqs","embeddable":true,"href":"https:\/\/thehometownlawyers.com\/es\/wp-json\/wp\/v2\/hc_spanish_faqs?post=21223"}],"curies":[{"name":"wp","href":"https:\/\/api.w.org\/{rel}","templated":true}]}}