{"id":21224,"date":"2020-03-30T14:45:26","date_gmt":"2020-03-30T18:45:26","guid":{"rendered":"https:\/\/thehometownlawyers.com\/?page_id=21224"},"modified":"2025-01-31T12:45:08","modified_gmt":"2025-01-31T17:45:08","slug":"abogados-de-accidentes-automovilisticos-en-trenton-ohio","status":"publish","type":"page","link":"https:\/\/thehometownlawyers.com\/es\/abogados-de-lesiones-personales-que-prestan-servicios-en-trenton-ohio\/abogados-de-accidentes-automovilisticos-en-trenton-ohio\/","title":{"rendered":"Abogado de Accidente Automovil\u00edstico en Trenton"},"content":{"rendered":"<p><img loading=\"lazy\" decoding=\"async\" class=\"wp-image-20746 alignright\" src=\"https:\/\/thehometownlawyers.com\/wp-content\/uploads\/2020\/02\/iStock-466327320-300x200.jpg\" alt=\"\" width=\"333\" height=\"222\" srcset=\"https:\/\/thehometownlawyers.com\/wp-content\/uploads\/2020\/02\/iStock-466327320-300x200.jpg 300w, https:\/\/thehometownlawyers.com\/wp-content\/uploads\/2020\/02\/iStock-466327320-1024x684.jpg 1024w, https:\/\/thehometownlawyers.com\/wp-content\/uploads\/2020\/02\/iStock-466327320-768x513.jpg 768w, https:\/\/thehometownlawyers.com\/wp-content\/uploads\/2020\/02\/iStock-466327320-1536x1026.jpg 1536w, https:\/\/thehometownlawyers.com\/wp-content\/uploads\/2020\/02\/iStock-466327320-1920x1283.jpg 1920w, https:\/\/thehometownlawyers.com\/wp-content\/uploads\/2020\/02\/iStock-466327320.jpg 2048w\" sizes=\"auto, (max-width: 333px) 100vw, 333px\" \/><\/p>\n<p>Ubicada en el noreste del condado de Butler, Trenton alberga varias carreteras muy transitadas, incluidas State Street y Wayne Madison Road. La Patrulla de Caminos del Estado de Ohio informa que <a href=\"https:\/\/statepatrol.ohio.gov\/statistics\/statdocs\/Fatals_20\/Butler_Fatals_20.pdf\">ocurrieron varios accidentes automovil\u00edsticos mortales en el condado de Butler<\/a> en 2019. Estos devastadores accidentes fueron causados por varios factores y llevaron a las v\u00edctimas de accidentes a sufrir graves consecuencias, incluidas grandes facturas m\u00e9dicas y salarios perdidos.<\/p>\n<p><strong>Los tipos comunes de accidentes automovil\u00edsticos en Ohio<\/strong><\/p>\n<p>Hay varios tipos de accidentes automovil\u00edsticos en Ohio, que pueden variar desde menos graves hasta mortales. Algunos de estos accidentes dejan a las v\u00edctimas con golpes o moretones, mientras que otros resultan en lesiones mucho m\u00e1s importantes que requieren una hospitalizaci\u00f3n prolongada. Algunos de los tipos m\u00e1s comunes de accidentes automovil\u00edsticos que encontramos incluyen:<\/p>\n<ul>\n<li><strong>Colisiones frontales. <\/strong>La colisi\u00f3n entre las partes delanteras de dos veh\u00edculos es uno de los tipos de accidentes automovil\u00edsticos m\u00e1s mortales. Estos accidentes com\u00fanmente resultan de automovilistas que viajan en la direcci\u00f3n equivocada, conducen distra\u00eddos o pierden el control mientras se mueven a una velocidad excesiva. Si bien las colisiones frontales a menudo resultan en lesiones graves, tambi\u00e9n suelen resultar en muertes.<\/li>\n<li><strong>Accidentes de golpe y fuga. <\/strong>Los conductores tienen la responsabilidad de obedecer las normas de tr\u00e1nsito, as\u00ed como detenerse en la escena de un accidente y brindar atenci\u00f3n de emergencia. Cuando los automovilistas se marchan sin prestar atenci\u00f3n, pueden poner en peligro la vida de las v\u00edctimas de accidentes.<\/li>\n<li><strong>M\u00faltiples accidentes de veh\u00edculos. <\/strong>Estos accidentes involucran m\u00faltiples veh\u00edculos y com\u00fanmente resultan en numerosas lesiones. Las carreteras muy transitadas son uno de los lugares m\u00e1s comunes donde ocurren m\u00faltiples accidentes de veh\u00edculos y, a menudo, ocurren cuando un automovilista comete un error y choca con un veh\u00edculo cercano.<\/li>\n<li><strong>Colisiones traseras. <\/strong>Estos accidentes ocurren con mayor frecuencia cuando los automovilistas no prestan atenci\u00f3n a las condiciones de su entorno u operan sus veh\u00edculos de manera imprudente. Si los automovilistas no tienen tiempo para responder a las condiciones, f\u00e1cilmente pueden terminar chocando con los veh\u00edculos que tienen delante.<\/li>\n<li><strong>Accidentes de un solo veh\u00edculo. <\/strong>Cada a\u00f1o en Ohio, muchos automovilistas terminan chocando contra objetos estacionarios como casas y postes telef\u00f3nicos, as\u00ed como contra peatones. La mayor\u00eda de los accidentes de peatones son de naturaleza devastadora porque los peatones no tienen la protecci\u00f3n adecuada contra la fuerza de las colisiones de veh\u00edculos motorizados.<\/li>\n<li><strong>Colisiones de impacto lateral. <\/strong>Estos accidentes ocurren m\u00e1s com\u00fanmente cuando los veh\u00edculos giran a la izquierda hacia el tr\u00e1fico que se aproxima. Las lesiones sufridas en estos accidentes suelen ser graves porque los lados del conductor y del pasajero de los veh\u00edculos carecen del mismo grado de protecci\u00f3n que el frente.<\/li>\n<\/ul>\n<p>Si bien muchas personas entienden que los accidentes automovil\u00edsticos a menudo incluyen lesiones f\u00edsicas, estos accidentes com\u00fanmente tambi\u00e9n resultan en da\u00f1os emocionales para las v\u00edctimas de accidentes. Estas lesiones pueden ser dif\u00edciles de cuantificar porque, si bien las lesiones f\u00edsicas son visibles, las heridas creadas por el trauma emocional a menudo son invisibles.<\/p>\n<h2><strong>Las causas m\u00e1s comunes de los accidentes automovil\u00edsticos en Ohio<\/strong><\/h2>\n<p>Incluso los conductores m\u00e1s atentos de Ohio no siempre pueden evitar chocar con otros veh\u00edculos en la carretera. Muchos de estos accidentes ocurren como resultado de un error del conductor. Algunas de las causas m\u00e1s comunes de estos accidentes automovil\u00edsticos incluyen:<\/p>\n<ul>\n<li><strong>Conducci\u00f3n agresiva.<\/strong> Los automovilistas que siguen muy de cerca o se abren paso entre el tr\u00e1fico para llegar a su destino m\u00e1s r\u00e1pidamente tienen mayores probabilidades de terminar en accidentes mortales.<\/li>\n<li><strong>Conducci\u00f3n distraida. <\/strong>Los operadores de veh\u00edculos motorizados que intentan hacer m\u00faltiples cosas mientras conducen a menudo desv\u00edan su atenci\u00f3n de su entorno. Una de las causas m\u00e1s comunes de la conducci\u00f3n distra\u00edda son los automovilistas que usan sus tel\u00e9fonos celulares para enviar mensajes de texto o consultar las redes sociales mientras conducen. Algunos otros patrones de conducci\u00f3n distra\u00edda incluyen comer, beber, maquillarse y jugar con la radio mientras se conduce.<\/li>\n<li><strong>Haciendo caso omiso de las normas de tr\u00e1fico. <\/strong>Los conductores de Ohio que desobedecen los l\u00edmites de velocidad, se saltan los sem\u00e1foros en rojo o no ceden el paso cuando se les dice que terminen en muchos accidentes automovil\u00edsticos.<\/li>\n<li><strong>Conducci\u00f3n en estado de ebriedad. <\/strong>Los conductores de veh\u00edculos motorizados que beben alcohol o conducen bajo la influencia de drogas corren el riesgo de sufrir accidentes automovil\u00edsticos graves. Los Centros para el Control y la Prevenci\u00f3n de Enfermedades informan que 3637 personas murieron en accidentes en Ohio que involucraron a conductores ebrios entre 2003 y 2012.<\/li>\n<li><strong>Problemas del veh\u00edculo. <\/strong>A veces ocurren accidentes que no son causados por los conductores involucrados. Si un fabricante de veh\u00edculos fue negligente al crear un veh\u00edculo y utiliz\u00f3 piezas defectuosas o defectuosas, pueden producirse accidentes mortales. Algunos de los tipos m\u00e1s comunes de piezas defectuosas del veh\u00edculo que pueden poner en peligro la vida de los automovilistas incluyen frenos, motores y volantes.<\/li>\n<\/ul>\n<p class=\"rs-content-cta rs-content-cta-small\">Para una consulta legal gratuita, llame al <a href=\"tel:+15138943333\">513-894-3333 <\/a><\/p><h2><strong><img loading=\"lazy\" decoding=\"async\" class=\"size-medium wp-image-20743 alignright\" src=\"https:\/\/thehometownlawyers.com\/wp-content\/uploads\/2020\/02\/photodune-4488545-gavel-xs-300x200.jpg\" alt=\"\" width=\"300\" height=\"200\" srcset=\"https:\/\/thehometownlawyers.com\/wp-content\/uploads\/2020\/02\/photodune-4488545-gavel-xs-300x200.jpg 300w, https:\/\/thehometownlawyers.com\/wp-content\/uploads\/2020\/02\/photodune-4488545-gavel-xs.jpg 548w\" sizes=\"auto, (max-width: 300px) 100vw, 300px\" \/>Hable con un abogado experimentado en accidentes automovil\u00edsticos<\/strong><\/h2>\n<p>Las v\u00edctimas de accidentes automovil\u00edsticos en Ohio a menudo se enfrentan a varias dificultades inesperadas. Si usted o un ser querido se ha visto afectado por un accidente automovil\u00edstico en Trenton o en cualquier otra parte de Ohio, no debe dudar en hablar con un abogado experto. Comun\u00edquese con <a href=\"https:\/\/thehometownlawyers.com\/es\/\">Kruger &amp; Hodges<\/a> hoy para programar una evaluaci\u00f3n gratuita de su caso.<\/p>\n<p class=\"rs-content-cta rs-content-cta-small\">Llame o env\u00ede un mensaje de texto al <a href=\"tel:+15138943333\">513-894-3333<\/a> o complete una <a href=\"\/es\/contacto\/\">evaluaci\u00f3n gratuita de su caso<\/a><\/p>","protected":false},"excerpt":{"rendered":"<p>Ubicada en el noreste del condado de Butler, Trenton alberga varias carreteras muy transitadas, incluidas State Street y Wayne Madison Road. La Patrulla de Caminos del Estado de Ohio informa que ocurrieron varios accidentes automovil\u00edsticos mortales en el condado de Butler en 2019. Estos devastadores accidentes fueron causados por varios factores y llevaron a las &#8230;<\/p>\n","protected":false},"author":7,"featured_media":26406,"parent":21264,"menu_order":0,"comment_status":"closed","ping_status":"closed","template":"","meta":{"_acf_changed":false,"inline_featured_image":false,"_genesis_hide_title":false,"_genesis_hide_breadcrumbs":false,"_genesis_hide_singular_image":false,"_genesis_hide_footer_widgets":false,"_genesis_custom_body_class":"","_genesis_custom_post_class":"","_genesis_layout":"","footnotes":""},"hc_faqs":[],"hc_spanish_faqs":[],"class_list":{"0":"post-21224","1":"page","2":"type-page","3":"status-publish","4":"has-post-thumbnail","6":"hc_city_location-trenton-es","7":"entry"},"acf":[],"yoast_head":"<!-- This site is optimized with the Yoast SEO plugin v27.3 - https:\/\/yoast.com\/product\/yoast-seo-wordpress\/ -->\n<title>Abogados de accidentes automovil\u00edsticos en Trenton, Ohio: Consulta gratuita<\/title>\n<meta name=\"description\" content=\"Ubicada en el noreste del condado de Butler, Trenton alberga varias carreteras muy transitadas, incluidas State Street y Wayne Madison Road. La Patrulla\" \/>\n<meta name=\"robots\" content=\"index, follow, max-snippet:-1, max-image-preview:large, max-video-preview:-1\" \/>\n<link rel=\"canonical\" href=\"https:\/\/thehometownlawyers.com\/es\/abogados-de-lesiones-personales-que-prestan-servicios-en-trenton-ohio\/abogados-de-accidentes-automovilisticos-en-trenton-ohio\/\" \/>\n<meta property=\"og:locale\" content=\"es_MX\" \/>\n<meta property=\"og:type\" content=\"article\" \/>\n<meta property=\"og:title\" content=\"Abogados de accidentes automovil\u00edsticos en Trenton, Ohio: Consulta gratuita\" \/>\n<meta property=\"og:description\" content=\"Ubicada en el noreste del condado de Butler, Trenton alberga varias carreteras muy transitadas, incluidas State Street y Wayne Madison Road. La Patrulla\" \/>\n<meta property=\"og:url\" content=\"https:\/\/thehometownlawyers.com\/es\/abogados-de-lesiones-personales-que-prestan-servicios-en-trenton-ohio\/abogados-de-accidentes-automovilisticos-en-trenton-ohio\/\" \/>\n<meta property=\"og:site_name\" content=\"Kruger &amp; Hodges Abogados De Lesiones\" \/>\n<meta property=\"article:publisher\" content=\"https:\/\/www.facebook.com\/KrugerHodges\/\" \/>\n<meta property=\"article:modified_time\" content=\"2025-01-31T17:45:08+00:00\" \/>\n<meta property=\"og:image\" content=\"https:\/\/thehometownlawyers.com\/wp-content\/uploads\/2020\/02\/iStock-466327320-e1697660166942.jpg\" \/>\n\t<meta property=\"og:image:width\" content=\"2048\" \/>\n\t<meta property=\"og:image:height\" content=\"1368\" \/>\n\t<meta property=\"og:image:type\" content=\"image\/jpeg\" \/>\n<meta name=\"twitter:card\" content=\"summary_large_image\" \/>\n<meta name=\"twitter:label1\" content=\"Tiempo de lectura\" \/>\n\t<meta name=\"twitter:data1\" content=\"5 minutos\" \/>\n<script type=\"application\/ld+json\" class=\"yoast-schema-graph\">{\"@context\":\"https:\\\/\\\/schema.org\",\"@graph\":[{\"@type\":\"WebPage\",\"@id\":\"https:\\\/\\\/thehometownlawyers.com\\\/es\\\/abogados-de-lesiones-personales-que-prestan-servicios-en-trenton-ohio\\\/abogados-de-accidentes-automovilisticos-en-trenton-ohio\\\/\",\"url\":\"https:\\\/\\\/thehometownlawyers.com\\\/es\\\/abogados-de-lesiones-personales-que-prestan-servicios-en-trenton-ohio\\\/abogados-de-accidentes-automovilisticos-en-trenton-ohio\\\/\",\"name\":\"Abogados de accidentes automovil\u00edsticos en Trenton, Ohio: Consulta gratuita\",\"isPartOf\":{\"@id\":\"https:\\\/\\\/thehometownlawyers.com\\\/es\\\/#website\"},\"primaryImageOfPage\":{\"@id\":\"https:\\\/\\\/thehometownlawyers.com\\\/es\\\/abogados-de-lesiones-personales-que-prestan-servicios-en-trenton-ohio\\\/abogados-de-accidentes-automovilisticos-en-trenton-ohio\\\/#primaryimage\"},\"image\":{\"@id\":\"https:\\\/\\\/thehometownlawyers.com\\\/es\\\/abogados-de-lesiones-personales-que-prestan-servicios-en-trenton-ohio\\\/abogados-de-accidentes-automovilisticos-en-trenton-ohio\\\/#primaryimage\"},\"thumbnailUrl\":\"https:\\\/\\\/thehometownlawyers.com\\\/wp-content\\\/uploads\\\/2026\\\/02\\\/TEAM-PHOTO-2026-scaled.jpg\",\"datePublished\":\"2020-03-30T18:45:26+00:00\",\"dateModified\":\"2025-01-31T17:45:08+00:00\",\"description\":\"Ubicada en el noreste del condado de Butler, Trenton alberga varias carreteras muy transitadas, incluidas State Street y Wayne Madison Road. La Patrulla\",\"breadcrumb\":{\"@id\":\"https:\\\/\\\/thehometownlawyers.com\\\/es\\\/abogados-de-lesiones-personales-que-prestan-servicios-en-trenton-ohio\\\/abogados-de-accidentes-automovilisticos-en-trenton-ohio\\\/#breadcrumb\"},\"inLanguage\":\"es\",\"potentialAction\":[{\"@type\":\"ReadAction\",\"target\":[\"https:\\\/\\\/thehometownlawyers.com\\\/es\\\/abogados-de-lesiones-personales-que-prestan-servicios-en-trenton-ohio\\\/abogados-de-accidentes-automovilisticos-en-trenton-ohio\\\/\"]}]},{\"@type\":\"ImageObject\",\"inLanguage\":\"es\",\"@id\":\"https:\\\/\\\/thehometownlawyers.com\\\/es\\\/abogados-de-lesiones-personales-que-prestan-servicios-en-trenton-ohio\\\/abogados-de-accidentes-automovilisticos-en-trenton-ohio\\\/#primaryimage\",\"url\":\"https:\\\/\\\/thehometownlawyers.com\\\/wp-content\\\/uploads\\\/2026\\\/02\\\/TEAM-PHOTO-2026-scaled.jpg\",\"contentUrl\":\"https:\\\/\\\/thehometownlawyers.com\\\/wp-content\\\/uploads\\\/2026\\\/02\\\/TEAM-PHOTO-2026-scaled.jpg\",\"width\":2560,\"height\":1689,\"caption\":\"KRUGER & HODGES TEAM PHOTO\"},{\"@type\":\"BreadcrumbList\",\"@id\":\"https:\\\/\\\/thehometownlawyers.com\\\/es\\\/abogados-de-lesiones-personales-que-prestan-servicios-en-trenton-ohio\\\/abogados-de-accidentes-automovilisticos-en-trenton-ohio\\\/#breadcrumb\",\"itemListElement\":[{\"@type\":\"ListItem\",\"position\":1,\"name\":\"Home\",\"item\":\"https:\\\/\\\/thehometownlawyers.com\\\/es\\\/\"},{\"@type\":\"ListItem\",\"position\":2,\"name\":\"Abogado de Lesiones Personales en Trenton\",\"item\":\"https:\\\/\\\/thehometownlawyers.com\\\/es\\\/abogados-de-lesiones-personales-que-prestan-servicios-en-trenton-ohio\\\/\"},{\"@type\":\"ListItem\",\"position\":3,\"name\":\"Abogado de Accidente Automovil\u00edstico en Trenton\"}]},{\"@type\":\"WebSite\",\"@id\":\"https:\\\/\\\/thehometownlawyers.com\\\/es\\\/#website\",\"url\":\"https:\\\/\\\/thehometownlawyers.com\\\/es\\\/\",\"name\":\"Kruger & Hodges Hometown Injury Lawyers | Accident Attorneys\",\"description\":\"Attorneys for Car, Truck and Motorcycle Accidents, Personal Injuries, and Criminal Defense.\",\"publisher\":{\"@id\":\"https:\\\/\\\/thehometownlawyers.com\\\/es\\\/#organization\"},\"alternateName\":\"Kruger & Hodges Personal Injury Lawyers\",\"inLanguage\":\"es\"},{\"@type\":\"Organization\",\"@id\":\"https:\\\/\\\/thehometownlawyers.com\\\/es\\\/#organization\",\"name\":\"Kruger & Hodges Hometown Injury Lawyers\",\"alternateName\":\"Kruger & Hodges\",\"url\":\"https:\\\/\\\/thehometownlawyers.com\\\/es\\\/\",\"logo\":{\"@type\":\"ImageObject\",\"inLanguage\":\"es\",\"@id\":\"https:\\\/\\\/thehometownlawyers.com\\\/es\\\/#\\\/schema\\\/logo\\\/image\\\/\",\"url\":\"https:\\\/\\\/thehometownlawyers.com\\\/wp-content\\\/uploads\\\/2025\\\/12\\\/revised-kh-logo-vertical-white-background-scaled.png\",\"contentUrl\":\"https:\\\/\\\/thehometownlawyers.com\\\/wp-content\\\/uploads\\\/2025\\\/12\\\/revised-kh-logo-vertical-white-background-scaled.png\",\"width\":2560,\"height\":1440,\"caption\":\"Kruger & Hodges Hometown Injury Lawyers\"},\"image\":{\"@id\":\"https:\\\/\\\/thehometownlawyers.com\\\/es\\\/#\\\/schema\\\/logo\\\/image\\\/\"},\"sameAs\":[\"https:\\\/\\\/www.facebook.com\\\/KrugerHodges\\\/\",\"https:\\\/\\\/www.instagram.com\\\/krugerhodges\\\/\",\"https:\\\/\\\/www.linkedin.com\\\/company\\\/kruger-hodges-hometown-injury-lawyers\\\/\",\"https:\\\/\\\/www.youtube.com\\\/channel\\\/UCeYcMaMaN2rb9jMlqt4EIdQ\",\"https:\\\/\\\/www.tiktok.com\\\/@thehometownlawyer\"]}]}<\/script>\n<!-- \/ Yoast SEO plugin. -->","yoast_head_json":{"title":"Abogados de accidentes automovil\u00edsticos en Trenton, Ohio: Consulta gratuita","description":"Ubicada en el noreste del condado de Butler, Trenton alberga varias carreteras muy transitadas, incluidas State Street y Wayne Madison Road. La Patrulla","robots":{"index":"index","follow":"follow","max-snippet":"max-snippet:-1","max-image-preview":"max-image-preview:large","max-video-preview":"max-video-preview:-1"},"canonical":"https:\/\/thehometownlawyers.com\/es\/abogados-de-lesiones-personales-que-prestan-servicios-en-trenton-ohio\/abogados-de-accidentes-automovilisticos-en-trenton-ohio\/","og_locale":"es_MX","og_type":"article","og_title":"Abogados de accidentes automovil\u00edsticos en Trenton, Ohio: Consulta gratuita","og_description":"Ubicada en el noreste del condado de Butler, Trenton alberga varias carreteras muy transitadas, incluidas State Street y Wayne Madison Road. La Patrulla","og_url":"https:\/\/thehometownlawyers.com\/es\/abogados-de-lesiones-personales-que-prestan-servicios-en-trenton-ohio\/abogados-de-accidentes-automovilisticos-en-trenton-ohio\/","og_site_name":"Kruger &amp; Hodges Abogados De Lesiones","article_publisher":"https:\/\/www.facebook.com\/KrugerHodges\/","article_modified_time":"2025-01-31T17:45:08+00:00","og_image":[{"width":2048,"height":1368,"url":"https:\/\/thehometownlawyers.com\/wp-content\/uploads\/2020\/02\/iStock-466327320-e1697660166942.jpg","type":"image\/jpeg"}],"twitter_card":"summary_large_image","twitter_misc":{"Tiempo de lectura":"5 minutos"},"schema":{"@context":"https:\/\/schema.org","@graph":[{"@type":"WebPage","@id":"https:\/\/thehometownlawyers.com\/es\/abogados-de-lesiones-personales-que-prestan-servicios-en-trenton-ohio\/abogados-de-accidentes-automovilisticos-en-trenton-ohio\/","url":"https:\/\/thehometownlawyers.com\/es\/abogados-de-lesiones-personales-que-prestan-servicios-en-trenton-ohio\/abogados-de-accidentes-automovilisticos-en-trenton-ohio\/","name":"Abogados de accidentes automovil\u00edsticos en Trenton, Ohio: Consulta gratuita","isPartOf":{"@id":"https:\/\/thehometownlawyers.com\/es\/#website"},"primaryImageOfPage":{"@id":"https:\/\/thehometownlawyers.com\/es\/abogados-de-lesiones-personales-que-prestan-servicios-en-trenton-ohio\/abogados-de-accidentes-automovilisticos-en-trenton-ohio\/#primaryimage"},"image":{"@id":"https:\/\/thehometownlawyers.com\/es\/abogados-de-lesiones-personales-que-prestan-servicios-en-trenton-ohio\/abogados-de-accidentes-automovilisticos-en-trenton-ohio\/#primaryimage"},"thumbnailUrl":"https:\/\/thehometownlawyers.com\/wp-content\/uploads\/2026\/02\/TEAM-PHOTO-2026-scaled.jpg","datePublished":"2020-03-30T18:45:26+00:00","dateModified":"2025-01-31T17:45:08+00:00","description":"Ubicada en el noreste del condado de Butler, Trenton alberga varias carreteras muy transitadas, incluidas State Street y Wayne Madison Road. La Patrulla","breadcrumb":{"@id":"https:\/\/thehometownlawyers.com\/es\/abogados-de-lesiones-personales-que-prestan-servicios-en-trenton-ohio\/abogados-de-accidentes-automovilisticos-en-trenton-ohio\/#breadcrumb"},"inLanguage":"es","potentialAction":[{"@type":"ReadAction","target":["https:\/\/thehometownlawyers.com\/es\/abogados-de-lesiones-personales-que-prestan-servicios-en-trenton-ohio\/abogados-de-accidentes-automovilisticos-en-trenton-ohio\/"]}]},{"@type":"ImageObject","inLanguage":"es","@id":"https:\/\/thehometownlawyers.com\/es\/abogados-de-lesiones-personales-que-prestan-servicios-en-trenton-ohio\/abogados-de-accidentes-automovilisticos-en-trenton-ohio\/#primaryimage","url":"https:\/\/thehometownlawyers.com\/wp-content\/uploads\/2026\/02\/TEAM-PHOTO-2026-scaled.jpg","contentUrl":"https:\/\/thehometownlawyers.com\/wp-content\/uploads\/2026\/02\/TEAM-PHOTO-2026-scaled.jpg","width":2560,"height":1689,"caption":"KRUGER & HODGES TEAM PHOTO"},{"@type":"BreadcrumbList","@id":"https:\/\/thehometownlawyers.com\/es\/abogados-de-lesiones-personales-que-prestan-servicios-en-trenton-ohio\/abogados-de-accidentes-automovilisticos-en-trenton-ohio\/#breadcrumb","itemListElement":[{"@type":"ListItem","position":1,"name":"Home","item":"https:\/\/thehometownlawyers.com\/es\/"},{"@type":"ListItem","position":2,"name":"Abogado de Lesiones Personales en Trenton","item":"https:\/\/thehometownlawyers.com\/es\/abogados-de-lesiones-personales-que-prestan-servicios-en-trenton-ohio\/"},{"@type":"ListItem","position":3,"name":"Abogado de Accidente Automovil\u00edstico en Trenton"}]},{"@type":"WebSite","@id":"https:\/\/thehometownlawyers.com\/es\/#website","url":"https:\/\/thehometownlawyers.com\/es\/","name":"Kruger & Hodges Hometown Injury Lawyers | Accident Attorneys","description":"Attorneys for Car, Truck and Motorcycle Accidents, Personal Injuries, and Criminal Defense.","publisher":{"@id":"https:\/\/thehometownlawyers.com\/es\/#organization"},"alternateName":"Kruger & Hodges Personal Injury Lawyers","inLanguage":"es"},{"@type":"Organization","@id":"https:\/\/thehometownlawyers.com\/es\/#organization","name":"Kruger & Hodges Hometown Injury Lawyers","alternateName":"Kruger & Hodges","url":"https:\/\/thehometownlawyers.com\/es\/","logo":{"@type":"ImageObject","inLanguage":"es","@id":"https:\/\/thehometownlawyers.com\/es\/#\/schema\/logo\/image\/","url":"https:\/\/thehometownlawyers.com\/wp-content\/uploads\/2025\/12\/revised-kh-logo-vertical-white-background-scaled.png","contentUrl":"https:\/\/thehometownlawyers.com\/wp-content\/uploads\/2025\/12\/revised-kh-logo-vertical-white-background-scaled.png","width":2560,"height":1440,"caption":"Kruger & Hodges Hometown Injury Lawyers"},"image":{"@id":"https:\/\/thehometownlawyers.com\/es\/#\/schema\/logo\/image\/"},"sameAs":["https:\/\/www.facebook.com\/KrugerHodges\/","https:\/\/www.instagram.com\/krugerhodges\/","https:\/\/www.linkedin.com\/company\/kruger-hodges-hometown-injury-lawyers\/","https:\/\/www.youtube.com\/channel\/UCeYcMaMaN2rb9jMlqt4EIdQ","https:\/\/www.tiktok.com\/@thehometownlawyer"]}]}},"_links":{"self":[{"href":"https:\/\/thehometownlawyers.com\/es\/wp-json\/wp\/v2\/pages\/21224","targetHints":{"allow":["GET"]}}],"collection":[{"href":"https:\/\/thehometownlawyers.com\/es\/wp-json\/wp\/v2\/pages"}],"about":[{"href":"https:\/\/thehometownlawyers.com\/es\/wp-json\/wp\/v2\/types\/page"}],"author":[{"embeddable":true,"href":"https:\/\/thehometownlawyers.com\/es\/wp-json\/wp\/v2\/users\/7"}],"replies":[{"embeddable":true,"href":"https:\/\/thehometownlawyers.com\/es\/wp-json\/wp\/v2\/comments?post=21224"}],"version-history":[{"count":0,"href":"https:\/\/thehometownlawyers.com\/es\/wp-json\/wp\/v2\/pages\/21224\/revisions"}],"up":[{"embeddable":true,"href":"https:\/\/thehometownlawyers.com\/es\/wp-json\/wp\/v2\/pages\/21264"}],"wp:featuredmedia":[{"embeddable":true,"href":"https:\/\/thehometownlawyers.com\/es\/wp-json\/wp\/v2\/media\/26406"}],"wp:attachment":[{"href":"https:\/\/thehometownlawyers.com\/es\/wp-json\/wp\/v2\/media?parent=21224"}],"wp:term":[{"taxonomy":"hc_faqs","embeddable":true,"href":"https:\/\/thehometownlawyers.com\/es\/wp-json\/wp\/v2\/hc_faqs?post=21224"},{"taxonomy":"hc_spanish_faqs","embeddable":true,"href":"https:\/\/thehometownlawyers.com\/es\/wp-json\/wp\/v2\/hc_spanish_faqs?post=21224"}],"curies":[{"name":"wp","href":"https:\/\/api.w.org\/{rel}","templated":true}]}}