{"id":21225,"date":"2020-04-23T13:44:26","date_gmt":"2020-04-23T17:44:26","guid":{"rendered":"https:\/\/thehometownlawyers.com\/?page_id=21225"},"modified":"2025-04-03T13:48:22","modified_gmt":"2025-04-03T17:48:22","slug":"abogado-de-accidentes-automovilisticos-liberty-township-ohio","status":"publish","type":"page","link":"https:\/\/thehometownlawyers.com\/es\/abogado-de-lesiones-liberty-township-ohio\/abogado-de-accidentes-automovilisticos-liberty-township-ohio\/","title":{"rendered":"Abogado de Accidentes Automovil\u00edsticos en Liberty Township"},"content":{"rendered":"<h2>Abogado de Accidentes Automovil\u00edsticos del Municipio de Liberty<\/h2>\n<p>Puede que Liberty Township no sea el m\u00e1s grande de los 13 municipios del condado de Butler en Ohio, pero todav\u00eda tiene una gran poblaci\u00f3n y sufre muchos accidentes automovil\u00edsticos cada a\u00f1o. Entre los <a href=\"https:\/\/statepatrol.ohio.gov\/statistics\/statdocs\/Fatals_20\/Butler_Fatals_20.pdf\" target=\"_blank\" rel=\"noopener\">14 accidentes mortales relacionados con OVI<\/a> que ocurrieron en el condado de Butler en 2018, varios de estos accidentes ocurrieron en la carretera interestatal 75 en o cerca de Liberty Township. Las v\u00edctimas de estos accidentes se quedaron con grandes facturas m\u00e9dicas, salarios perdidos, da\u00f1os a la propiedad y otras dificultades financieras.<\/p>\n<p class=\"rs-content-cta rs-content-cta-small\">Para una consulta legal gratuita, llame al <a href=\"tel:+15138943333\">513-894-3333 <\/a><\/p><h2>Tipos comunes de accidentes automovil\u00edsticos en Liberty Township<\/h2>\n<p>Ya sea que se trate de colisiones frontales o laterales, los accidentes automovil\u00edsticos ocurren de varias maneras, y cada una puede tener consecuencias devastadoras. Mientras que algunos accidentes resultan en cortes y laceraciones, otros resultan en muertes. Las colisiones ocurren no solo entre autom\u00f3viles, sino que pueden involucrar a otros veh\u00edculos como motocicletas, camiones, bicicletas e incluso peatones.<\/p>\n<p>Algunos de los tipos de accidentes m\u00e1s comunes que enfrentan los residentes de Liberty Township incluyen:<\/p>\n<ul>\n<li><strong>Colisiones frontales .<\/strong> Estos accidentes a menudo mortales involucran a dos veh\u00edculos que viajan en direcciones opuestas. Estas colisiones pueden involucrar a un automovilista que cruza imprudentemente la l\u00ednea central de la carretera. Debido a la fuerza sustancial de los veh\u00edculos involucrados, estos accidentes a menudo resultan en lesiones y muertes devastadoras.<\/li>\n<li><strong>M\u00faltiples accidentes de veh\u00edculos. <\/strong>Estos accidentes ocurren cuando m\u00e1s de dos veh\u00edculos est\u00e1n involucrados en una colisi\u00f3n. Si bien estos accidentes tienden a ocurrir en carreteras muy transitadas, pueden ocurrir en cualquier lugar de Ohio. A menudo, los accidentes de veh\u00edculos m\u00faltiples ocurren porque un automovilista comete un error y los conductores que lo rodean no pueden reaccionar a tiempo.<\/li>\n<li><strong>Colisiones traseras .<\/strong> Muchas veces, cuando la parte delantera de un veh\u00edculo golpea la parte trasera de otro, los conductores no est\u00e1n prestando la atenci\u00f3n adecuada o est\u00e1n manejando los veh\u00edculos de manera imprudente. Muchos factores, incluida la velocidad de los veh\u00edculos, influyen en la gravedad de estas colisiones.<\/li>\n<li><strong>Accidentes de un solo veh\u00edculo .<\/strong> Contrariamente a la creencia popular, no todos los accidentes involucran a m\u00e1s de un conductor. En cambio, los operadores de veh\u00edculos individuales pueden golpear a peatones u objetos estacionarios como postes telef\u00f3nicos o buzones de correo. Los peatones que son atropellados por autom\u00f3viles con frecuencia terminan enfrentando lesiones catastr\u00f3ficas porque no est\u00e1n rodeados de tanta protecci\u00f3n en el momento de la colisi\u00f3n como los automovilistas. Conducir intoxicado y distra\u00eddo es responsable de muchos accidentes de un solo veh\u00edculo en Ohio.<\/li>\n<li><strong>Colisiones de impacto lateral .<\/strong> Estos accidentes a menudo ocurren cuando los veh\u00edculos giran a la izquierda hacia el tr\u00e1fico que se aproxima. Si bien se les conoce como colisiones de impacto lateral, estos accidentes tambi\u00e9n se denominan a veces &#8220;t-bones&#8221; o colisiones laterales. Las consecuencias de estos accidentes suelen ser devastadoras porque los lados de los veh\u00edculos no est\u00e1n tan bien protegidos como la parte delantera o trasera.<\/li>\n<\/ul>\n<p>Si bien cada accidente automovil\u00edstico es \u00fanico, muchos dejan a las v\u00edctimas enfrentando cargas financieras sustanciales, as\u00ed como el trauma emocional que lo acompa\u00f1a.<\/p>\n<p class=\"rs-content-cta\">Abogado de Lesiones Personales de Liberty Township Cerca de M\u00ed <a href=\"tel:+15138943333\">513-894-3333<\/a><\/p><h2>Causas comunes de accidentes automovil\u00edsticos en Ohio<\/h2>\n<p>Si bien pueden ocurrir muchos tipos de accidentes automovil\u00edsticos en Liberty Township, existen muchas razones por las que ocurren estos accidentes. Se dice que un conductor caus\u00f3 un accidente por negligencia cuando ese conductor podr\u00eda haber evitado la colisi\u00f3n si hubiera respondido de manera m\u00e1s competente y responsable. Algunos de los factores que resultan en accidentes automovil\u00edsticos en Ohio incluyen:<\/p>\n<ul>\n<li><strong>Conducci\u00f3n agresiva. <\/strong>Los automovilistas que siguen muy de cerca o se abren paso entre el tr\u00e1fico disminuyen en gran medida sus posibilidades de terminar en un accidente. Si bien nunca hay una buena raz\u00f3n para conducir agresivamente , a veces las emociones se apoderan de las personas.<\/li>\n<li><strong>Conducci\u00f3n distra\u00edda .<\/strong> Los automovilistas que realizan m\u00faltiples tareas en la carretera se impiden prestar la atenci\u00f3n adecuada al control de su veh\u00edculo, as\u00ed como a las condiciones circundantes. Algunos de los tipos m\u00e1s comunes de distracciones incluyen enviar mensajes de texto, hablar por tel\u00e9fono celular, comer, alcanzar algo en el veh\u00edculo y jugar con la radio mientras conduce. Incluso si la atenci\u00f3n del conductor se desv\u00eda de la carretera por unos momentos, las posibilidades de terminar en un accidente grave aumentan sustancialmente.<\/li>\n<li><strong>Conducir en estado de ebriedad .<\/strong> Cuando las personas operan veh\u00edculos bajo la influencia del alcohol o las drogas, comprometen su capacidad para operar sus veh\u00edculos de manera segura y aumentan en gran medida el riesgo de un accidente.<\/li>\n<li><strong>Haciendo caso omiso de las leyes de tr\u00e1nsito. <\/strong>Los conductores que aceleran, desobedecen las se\u00f1ales de tr\u00e1fico o se saltan los sem\u00e1foros en rojo pueden terminar en accidentes mortales. Si bien la mayor\u00eda de los automovilistas siguen las normas de tr\u00e1nsito, no anticipan que otros en la carretera no lo hagan y, como resultado, a menudo hay poco que estos automovilistas puedan hacer para evitar terminar en un accidente.<\/li>\n<\/ul>\n<p class=\"rs-content-cta rs-content-cta-small\"><a href=\"\/es\/contacto\/\">Haga clic para contactar<\/a> con nuestros lesiones personales abogados hoy<\/p><h2>Hable con un abogado experimentado en accidentes automovil\u00edsticos de Liberty Township Ohio<\/h2>\n<p>Si usted o un ser querido ha resultado lesionado en un accidente automovil\u00edstico en Liberty Township, Ohio, no debe dudar en hablar con un abogado experto en accidentes automovil\u00edsticos. <a href=\"https:\/\/thehometownlawyers.com\/es\/contacto\/\">Comun\u00edquese con Kruger &amp; Hodges<\/a> hoy para programar una evaluaci\u00f3n gratuita de su caso.<\/p>\n<p class=\"rs-content-cta rs-content-cta-small\">Llame o env\u00ede un mensaje de texto al <a href=\"tel:+15138943333\">513-894-3333<\/a> o complete una <a href=\"\/es\/contacto\/\">evaluaci\u00f3n gratuita de su caso<\/a><\/p>","protected":false},"excerpt":{"rendered":"<p>Abogado de Accidentes Automovil\u00edsticos del Municipio de Liberty Puede que Liberty Township no sea el m\u00e1s grande de los 13 municipios del condado de Butler en Ohio, pero todav\u00eda tiene una gran poblaci\u00f3n y sufre muchos accidentes automovil\u00edsticos cada a\u00f1o. Entre los 14 accidentes mortales relacionados con OVI que ocurrieron en el condado de Butler &#8230;<\/p>\n","protected":false},"author":7,"featured_media":24698,"parent":21223,"menu_order":0,"comment_status":"closed","ping_status":"closed","template":"","meta":{"_acf_changed":false,"inline_featured_image":false,"_genesis_hide_title":false,"_genesis_hide_breadcrumbs":false,"_genesis_hide_singular_image":false,"_genesis_hide_footer_widgets":false,"_genesis_custom_body_class":"","_genesis_custom_post_class":"","_genesis_layout":"","footnotes":""},"hc_faqs":[],"hc_spanish_faqs":[],"class_list":{"0":"post-21225","1":"page","2":"type-page","3":"status-publish","4":"has-post-thumbnail","6":"hc_city_location-liberty-township-es","7":"entry"},"acf":[],"yoast_head":"<!-- This site is optimized with the Yoast SEO plugin v27.3 - https:\/\/yoast.com\/product\/yoast-seo-wordpress\/ -->\n<title>Abogado de accidentes automovil\u00edsticos Liberty Township, Ohio: Consulta gratuita<\/title>\n<meta name=\"description\" content=\"Abogado de Accidentes Automovil\u00edsticos del Municipio de Liberty Puede que Liberty Township no sea el m\u00e1s grande de los 13 municipios del condado de Butler\" \/>\n<meta name=\"robots\" content=\"index, follow, max-snippet:-1, max-image-preview:large, max-video-preview:-1\" \/>\n<link rel=\"canonical\" href=\"https:\/\/thehometownlawyers.com\/es\/abogado-de-lesiones-liberty-township-ohio\/abogado-de-accidentes-automovilisticos-liberty-township-ohio\/\" \/>\n<meta property=\"og:locale\" content=\"es_MX\" \/>\n<meta property=\"og:type\" content=\"article\" \/>\n<meta property=\"og:title\" content=\"Abogado de accidentes automovil\u00edsticos Liberty Township, Ohio: Consulta gratuita\" \/>\n<meta property=\"og:description\" content=\"Abogado de Accidentes Automovil\u00edsticos del Municipio de Liberty Puede que Liberty Township no sea el m\u00e1s grande de los 13 municipios del condado de Butler\" \/>\n<meta property=\"og:url\" content=\"https:\/\/thehometownlawyers.com\/es\/abogado-de-lesiones-liberty-township-ohio\/abogado-de-accidentes-automovilisticos-liberty-township-ohio\/\" \/>\n<meta property=\"og:site_name\" content=\"Kruger &amp; Hodges Abogados De Lesiones\" \/>\n<meta property=\"article:publisher\" content=\"https:\/\/www.facebook.com\/KrugerHodges\/\" \/>\n<meta property=\"article:modified_time\" content=\"2025-04-03T17:48:22+00:00\" \/>\n<meta property=\"og:image\" content=\"https:\/\/thehometownlawyers.com\/wp-content\/uploads\/2025\/03\/abogado-de-accidentes-automovilisticos-liberty-township-ohio.jpg\" \/>\n\t<meta property=\"og:image:width\" content=\"768\" \/>\n\t<meta property=\"og:image:height\" content=\"512\" \/>\n\t<meta property=\"og:image:type\" content=\"image\/jpeg\" \/>\n<meta name=\"twitter:card\" content=\"summary_large_image\" \/>\n<meta name=\"twitter:label1\" content=\"Tiempo de lectura\" \/>\n\t<meta name=\"twitter:data1\" content=\"5 minutos\" \/>\n<script type=\"application\/ld+json\" class=\"yoast-schema-graph\">{\"@context\":\"https:\\\/\\\/schema.org\",\"@graph\":[{\"@type\":\"WebPage\",\"@id\":\"https:\\\/\\\/thehometownlawyers.com\\\/es\\\/abogado-de-lesiones-liberty-township-ohio\\\/abogado-de-accidentes-automovilisticos-liberty-township-ohio\\\/\",\"url\":\"https:\\\/\\\/thehometownlawyers.com\\\/es\\\/abogado-de-lesiones-liberty-township-ohio\\\/abogado-de-accidentes-automovilisticos-liberty-township-ohio\\\/\",\"name\":\"Abogado de accidentes automovil\u00edsticos Liberty Township, Ohio: Consulta gratuita\",\"isPartOf\":{\"@id\":\"https:\\\/\\\/thehometownlawyers.com\\\/es\\\/#website\"},\"primaryImageOfPage\":{\"@id\":\"https:\\\/\\\/thehometownlawyers.com\\\/es\\\/abogado-de-lesiones-liberty-township-ohio\\\/abogado-de-accidentes-automovilisticos-liberty-township-ohio\\\/#primaryimage\"},\"image\":{\"@id\":\"https:\\\/\\\/thehometownlawyers.com\\\/es\\\/abogado-de-lesiones-liberty-township-ohio\\\/abogado-de-accidentes-automovilisticos-liberty-township-ohio\\\/#primaryimage\"},\"thumbnailUrl\":\"https:\\\/\\\/thehometownlawyers.com\\\/wp-content\\\/uploads\\\/2025\\\/03\\\/abogado-de-accidentes-automovilisticos-liberty-township-ohio.jpg\",\"datePublished\":\"2020-04-23T17:44:26+00:00\",\"dateModified\":\"2025-04-03T17:48:22+00:00\",\"description\":\"Abogado de Accidentes Automovil\u00edsticos del Municipio de Liberty Puede que Liberty Township no sea el m\u00e1s grande de los 13 municipios del condado de Butler\",\"breadcrumb\":{\"@id\":\"https:\\\/\\\/thehometownlawyers.com\\\/es\\\/abogado-de-lesiones-liberty-township-ohio\\\/abogado-de-accidentes-automovilisticos-liberty-township-ohio\\\/#breadcrumb\"},\"inLanguage\":\"es\",\"potentialAction\":[{\"@type\":\"ReadAction\",\"target\":[\"https:\\\/\\\/thehometownlawyers.com\\\/es\\\/abogado-de-lesiones-liberty-township-ohio\\\/abogado-de-accidentes-automovilisticos-liberty-township-ohio\\\/\"]}]},{\"@type\":\"ImageObject\",\"inLanguage\":\"es\",\"@id\":\"https:\\\/\\\/thehometownlawyers.com\\\/es\\\/abogado-de-lesiones-liberty-township-ohio\\\/abogado-de-accidentes-automovilisticos-liberty-township-ohio\\\/#primaryimage\",\"url\":\"https:\\\/\\\/thehometownlawyers.com\\\/wp-content\\\/uploads\\\/2025\\\/03\\\/abogado-de-accidentes-automovilisticos-liberty-township-ohio.jpg\",\"contentUrl\":\"https:\\\/\\\/thehometownlawyers.com\\\/wp-content\\\/uploads\\\/2025\\\/03\\\/abogado-de-accidentes-automovilisticos-liberty-township-ohio.jpg\",\"width\":768,\"height\":512,\"caption\":\"One black woman calling insurance after a crash accident.\"},{\"@type\":\"BreadcrumbList\",\"@id\":\"https:\\\/\\\/thehometownlawyers.com\\\/es\\\/abogado-de-lesiones-liberty-township-ohio\\\/abogado-de-accidentes-automovilisticos-liberty-township-ohio\\\/#breadcrumb\",\"itemListElement\":[{\"@type\":\"ListItem\",\"position\":1,\"name\":\"Home\",\"item\":\"https:\\\/\\\/thehometownlawyers.com\\\/es\\\/\"},{\"@type\":\"ListItem\",\"position\":2,\"name\":\"Abogado de Lesiones Personales en Liberty Township\",\"item\":\"https:\\\/\\\/thehometownlawyers.com\\\/es\\\/abogado-de-lesiones-liberty-township-ohio\\\/\"},{\"@type\":\"ListItem\",\"position\":3,\"name\":\"Abogado de Accidentes Automovil\u00edsticos en Liberty Township\"}]},{\"@type\":\"WebSite\",\"@id\":\"https:\\\/\\\/thehometownlawyers.com\\\/es\\\/#website\",\"url\":\"https:\\\/\\\/thehometownlawyers.com\\\/es\\\/\",\"name\":\"Kruger & Hodges Hometown Injury Lawyers | Accident Attorneys\",\"description\":\"Attorneys for Car, Truck and Motorcycle Accidents, Personal Injuries, and Criminal Defense.\",\"publisher\":{\"@id\":\"https:\\\/\\\/thehometownlawyers.com\\\/es\\\/#organization\"},\"alternateName\":\"Kruger & Hodges Personal Injury Lawyers\",\"inLanguage\":\"es\"},{\"@type\":\"Organization\",\"@id\":\"https:\\\/\\\/thehometownlawyers.com\\\/es\\\/#organization\",\"name\":\"Kruger & Hodges Hometown Injury Lawyers\",\"alternateName\":\"Kruger & Hodges Accident Attorneys\",\"url\":\"https:\\\/\\\/thehometownlawyers.com\\\/es\\\/\",\"logo\":{\"@type\":\"ImageObject\",\"inLanguage\":\"es\",\"@id\":\"https:\\\/\\\/thehometownlawyers.com\\\/es\\\/#\\\/schema\\\/logo\\\/image\\\/\",\"url\":\"https:\\\/\\\/thehometownlawyers.com\\\/wp-content\\\/uploads\\\/2025\\\/12\\\/revised-kh-logo-vertical-white-background-scaled.png\",\"contentUrl\":\"https:\\\/\\\/thehometownlawyers.com\\\/wp-content\\\/uploads\\\/2025\\\/12\\\/revised-kh-logo-vertical-white-background-scaled.png\",\"width\":2560,\"height\":1440,\"caption\":\"Kruger & Hodges Hometown Injury Lawyers\"},\"image\":{\"@id\":\"https:\\\/\\\/thehometownlawyers.com\\\/es\\\/#\\\/schema\\\/logo\\\/image\\\/\"},\"sameAs\":[\"https:\\\/\\\/www.facebook.com\\\/KrugerHodges\\\/\",\"https:\\\/\\\/www.instagram.com\\\/krugerhodges\\\/\",\"https:\\\/\\\/www.linkedin.com\\\/company\\\/kruger-hodges-hometown-injury-lawyers\\\/\",\"https:\\\/\\\/www.youtube.com\\\/channel\\\/UCeYcMaMaN2rb9jMlqt4EIdQ\",\"https:\\\/\\\/www.tiktok.com\\\/@thehometownlawyer\"]}]}<\/script>\n<!-- \/ Yoast SEO plugin. -->","yoast_head_json":{"title":"Abogado de accidentes automovil\u00edsticos Liberty Township, Ohio: Consulta gratuita","description":"Abogado de Accidentes Automovil\u00edsticos del Municipio de Liberty Puede que Liberty Township no sea el m\u00e1s grande de los 13 municipios del condado de Butler","robots":{"index":"index","follow":"follow","max-snippet":"max-snippet:-1","max-image-preview":"max-image-preview:large","max-video-preview":"max-video-preview:-1"},"canonical":"https:\/\/thehometownlawyers.com\/es\/abogado-de-lesiones-liberty-township-ohio\/abogado-de-accidentes-automovilisticos-liberty-township-ohio\/","og_locale":"es_MX","og_type":"article","og_title":"Abogado de accidentes automovil\u00edsticos Liberty Township, Ohio: Consulta gratuita","og_description":"Abogado de Accidentes Automovil\u00edsticos del Municipio de Liberty Puede que Liberty Township no sea el m\u00e1s grande de los 13 municipios del condado de Butler","og_url":"https:\/\/thehometownlawyers.com\/es\/abogado-de-lesiones-liberty-township-ohio\/abogado-de-accidentes-automovilisticos-liberty-township-ohio\/","og_site_name":"Kruger &amp; Hodges Abogados De Lesiones","article_publisher":"https:\/\/www.facebook.com\/KrugerHodges\/","article_modified_time":"2025-04-03T17:48:22+00:00","og_image":[{"width":768,"height":512,"url":"https:\/\/thehometownlawyers.com\/wp-content\/uploads\/2025\/03\/abogado-de-accidentes-automovilisticos-liberty-township-ohio.jpg","type":"image\/jpeg"}],"twitter_card":"summary_large_image","twitter_misc":{"Tiempo de lectura":"5 minutos"},"schema":{"@context":"https:\/\/schema.org","@graph":[{"@type":"WebPage","@id":"https:\/\/thehometownlawyers.com\/es\/abogado-de-lesiones-liberty-township-ohio\/abogado-de-accidentes-automovilisticos-liberty-township-ohio\/","url":"https:\/\/thehometownlawyers.com\/es\/abogado-de-lesiones-liberty-township-ohio\/abogado-de-accidentes-automovilisticos-liberty-township-ohio\/","name":"Abogado de accidentes automovil\u00edsticos Liberty Township, Ohio: Consulta gratuita","isPartOf":{"@id":"https:\/\/thehometownlawyers.com\/es\/#website"},"primaryImageOfPage":{"@id":"https:\/\/thehometownlawyers.com\/es\/abogado-de-lesiones-liberty-township-ohio\/abogado-de-accidentes-automovilisticos-liberty-township-ohio\/#primaryimage"},"image":{"@id":"https:\/\/thehometownlawyers.com\/es\/abogado-de-lesiones-liberty-township-ohio\/abogado-de-accidentes-automovilisticos-liberty-township-ohio\/#primaryimage"},"thumbnailUrl":"https:\/\/thehometownlawyers.com\/wp-content\/uploads\/2025\/03\/abogado-de-accidentes-automovilisticos-liberty-township-ohio.jpg","datePublished":"2020-04-23T17:44:26+00:00","dateModified":"2025-04-03T17:48:22+00:00","description":"Abogado de Accidentes Automovil\u00edsticos del Municipio de Liberty Puede que Liberty Township no sea el m\u00e1s grande de los 13 municipios del condado de Butler","breadcrumb":{"@id":"https:\/\/thehometownlawyers.com\/es\/abogado-de-lesiones-liberty-township-ohio\/abogado-de-accidentes-automovilisticos-liberty-township-ohio\/#breadcrumb"},"inLanguage":"es","potentialAction":[{"@type":"ReadAction","target":["https:\/\/thehometownlawyers.com\/es\/abogado-de-lesiones-liberty-township-ohio\/abogado-de-accidentes-automovilisticos-liberty-township-ohio\/"]}]},{"@type":"ImageObject","inLanguage":"es","@id":"https:\/\/thehometownlawyers.com\/es\/abogado-de-lesiones-liberty-township-ohio\/abogado-de-accidentes-automovilisticos-liberty-township-ohio\/#primaryimage","url":"https:\/\/thehometownlawyers.com\/wp-content\/uploads\/2025\/03\/abogado-de-accidentes-automovilisticos-liberty-township-ohio.jpg","contentUrl":"https:\/\/thehometownlawyers.com\/wp-content\/uploads\/2025\/03\/abogado-de-accidentes-automovilisticos-liberty-township-ohio.jpg","width":768,"height":512,"caption":"One black woman calling insurance after a crash accident."},{"@type":"BreadcrumbList","@id":"https:\/\/thehometownlawyers.com\/es\/abogado-de-lesiones-liberty-township-ohio\/abogado-de-accidentes-automovilisticos-liberty-township-ohio\/#breadcrumb","itemListElement":[{"@type":"ListItem","position":1,"name":"Home","item":"https:\/\/thehometownlawyers.com\/es\/"},{"@type":"ListItem","position":2,"name":"Abogado de Lesiones Personales en Liberty Township","item":"https:\/\/thehometownlawyers.com\/es\/abogado-de-lesiones-liberty-township-ohio\/"},{"@type":"ListItem","position":3,"name":"Abogado de Accidentes Automovil\u00edsticos en Liberty Township"}]},{"@type":"WebSite","@id":"https:\/\/thehometownlawyers.com\/es\/#website","url":"https:\/\/thehometownlawyers.com\/es\/","name":"Kruger & Hodges Hometown Injury Lawyers | Accident Attorneys","description":"Attorneys for Car, Truck and Motorcycle Accidents, Personal Injuries, and Criminal Defense.","publisher":{"@id":"https:\/\/thehometownlawyers.com\/es\/#organization"},"alternateName":"Kruger & Hodges Personal Injury Lawyers","inLanguage":"es"},{"@type":"Organization","@id":"https:\/\/thehometownlawyers.com\/es\/#organization","name":"Kruger & Hodges Hometown Injury Lawyers","alternateName":"Kruger & Hodges Accident Attorneys","url":"https:\/\/thehometownlawyers.com\/es\/","logo":{"@type":"ImageObject","inLanguage":"es","@id":"https:\/\/thehometownlawyers.com\/es\/#\/schema\/logo\/image\/","url":"https:\/\/thehometownlawyers.com\/wp-content\/uploads\/2025\/12\/revised-kh-logo-vertical-white-background-scaled.png","contentUrl":"https:\/\/thehometownlawyers.com\/wp-content\/uploads\/2025\/12\/revised-kh-logo-vertical-white-background-scaled.png","width":2560,"height":1440,"caption":"Kruger & Hodges Hometown Injury Lawyers"},"image":{"@id":"https:\/\/thehometownlawyers.com\/es\/#\/schema\/logo\/image\/"},"sameAs":["https:\/\/www.facebook.com\/KrugerHodges\/","https:\/\/www.instagram.com\/krugerhodges\/","https:\/\/www.linkedin.com\/company\/kruger-hodges-hometown-injury-lawyers\/","https:\/\/www.youtube.com\/channel\/UCeYcMaMaN2rb9jMlqt4EIdQ","https:\/\/www.tiktok.com\/@thehometownlawyer"]}]}},"_links":{"self":[{"href":"https:\/\/thehometownlawyers.com\/es\/wp-json\/wp\/v2\/pages\/21225","targetHints":{"allow":["GET"]}}],"collection":[{"href":"https:\/\/thehometownlawyers.com\/es\/wp-json\/wp\/v2\/pages"}],"about":[{"href":"https:\/\/thehometownlawyers.com\/es\/wp-json\/wp\/v2\/types\/page"}],"author":[{"embeddable":true,"href":"https:\/\/thehometownlawyers.com\/es\/wp-json\/wp\/v2\/users\/7"}],"replies":[{"embeddable":true,"href":"https:\/\/thehometownlawyers.com\/es\/wp-json\/wp\/v2\/comments?post=21225"}],"version-history":[{"count":0,"href":"https:\/\/thehometownlawyers.com\/es\/wp-json\/wp\/v2\/pages\/21225\/revisions"}],"up":[{"embeddable":true,"href":"https:\/\/thehometownlawyers.com\/es\/wp-json\/wp\/v2\/pages\/21223"}],"wp:featuredmedia":[{"embeddable":true,"href":"https:\/\/thehometownlawyers.com\/es\/wp-json\/wp\/v2\/media\/24698"}],"wp:attachment":[{"href":"https:\/\/thehometownlawyers.com\/es\/wp-json\/wp\/v2\/media?parent=21225"}],"wp:term":[{"taxonomy":"hc_faqs","embeddable":true,"href":"https:\/\/thehometownlawyers.com\/es\/wp-json\/wp\/v2\/hc_faqs?post=21225"},{"taxonomy":"hc_spanish_faqs","embeddable":true,"href":"https:\/\/thehometownlawyers.com\/es\/wp-json\/wp\/v2\/hc_spanish_faqs?post=21225"}],"curies":[{"name":"wp","href":"https:\/\/api.w.org\/{rel}","templated":true}]}}