{"id":21226,"date":"2020-04-22T21:48:16","date_gmt":"2020-04-23T01:48:16","guid":{"rendered":"https:\/\/thehometownlawyers.com\/?page_id=21226"},"modified":"2025-02-03T14:22:42","modified_gmt":"2025-02-03T19:22:42","slug":"abogado-de-accidentes-de-motocicleta-west-chester-ohio","status":"publish","type":"page","link":"https:\/\/thehometownlawyers.com\/es\/abogados-de-lesiones-personales-de-west-chester\/abogado-de-accidentes-de-motocicleta-west-chester-ohio\/","title":{"rendered":"Abogado de Accidente de Motocicleta en West Chester"},"content":{"rendered":"<h2>Abogado de accidente de motocicleta de West Chester<\/h2>\n<p>Ubicado entre Sharonville y Liberty Township, West Chester es el municipio m\u00e1s poblado de Ohio. Los motociclistas disfrutan andar por todo el municipio en la Interestatal 275, la Interestatal 75, Reading Road y muchas de las otras carreteras muy transitadas en Ohio.<\/p>\n<p>Si bien muchos motociclistas viajan de manera segura, otros terminan en accidentes que les cambian la vida. Los datos recopilados por el Departamento de Transporte de Ohio revelan que la cantidad de accidentes mortales de motocicletas en Ohio <a href=\"https:\/\/www.journal-news.com\/news\/ohio-deadly-roads-region-sees-rash-fatal-motorcycle-accidents\/pHXIWJz0SMkgCMsSGuxxTK\/\" target=\"_blank\" rel=\"noopener\">aument\u00f3 en un 50 %<\/a> entre 2013 y 2016 y luego disminuy\u00f3 levemente.<\/p>\n<p class=\"rs-content-cta rs-content-cta-small\">Para una consulta legal gratuita, llame al <a href=\"tel:+15138943333\">513-894-3333 <\/a><\/p><h2>Causas Comunes de Accidentes de Motocicleta en Ohio<\/h2>\n<p>La mayor\u00eda de los accidentes de motocicleta en Ohio involucran autom\u00f3viles o camiones. Si bien algunas personas creen que los accidentes de motocicleta solo ocurren debido a las acciones negligentes del conductor de la motocicleta, en verdad, pueden ser causados por una serie de factores diferentes. Los accidentes de motocicleta pueden ser causados por conductores ebrios o intoxicados, que terminan en los puntos ciegos de los conductores de veh\u00edculos motorizados, los conductores giran inesperadamente frente a los motociclistas en las intersecciones y los conductores de veh\u00edculos motorizados no dejan suficiente espacio entre ellos y los motociclistas.<\/p>\n<p>No hay dos accidentes de motocicleta iguales. Si bien muchos involucran m\u00faltiples veh\u00edculos, algunos solo involucran uno. Mientras que algunos accidentes de motocicleta resultan en cortes y rasgu\u00f1os, otros resultan en par\u00e1lisis parcial. Cada uno de estos accidentes puede resultar en lesiones devastadoras para las v\u00edctimas. Algunas de las lesiones m\u00e1s comunes que sufren las v\u00edctimas de accidentes de motocicleta incluyen:<\/p>\n<ul>\n<li>lesiones de espalda<\/li>\n<li>brazo de motorista<\/li>\n<li>Huesos rotos y fracturados<\/li>\n<li>Cortes y laceraciones<\/li>\n<li>Da\u00f1o a \u00f3rganos internos<\/li>\n<li>Da\u00f1o articular<\/li>\n<li>Dolor de cuello<\/li>\n<li><a href=\"https:\/\/www.verywellhealth.com\/road-rash-treatment-1298921\" target=\"_blank\" rel=\"noopener\">Erupci\u00f3n en la carretera<\/a><\/li>\n<li>Da\u00f1o a los tejidos blandos<\/li>\n<li>Da\u00f1o de la m\u00e9dula espinal<\/li>\n<li>Ligamentos desgarrados<\/li>\n<li>Lesiones cerebrales traum\u00e1ticas<\/li>\n<li>Latigazo<\/li>\n<\/ul>\n<p>Muchas de estas lesiones dejan a las v\u00edctimas incapaces de volver a la vida que ten\u00edan antes del accidente. En cambio, las v\u00edctimas a menudo tienen que tomarse un tiempo considerable fuera del trabajo y pasar por sesiones intensivas de terapia y rehabilitaci\u00f3n m\u00e9dica.<\/p>\n<p class=\"rs-content-cta\">Abogado de Lesiones Personales de West Chester Cerca de M\u00ed <a href=\"tel:+15138943333\">513-894-3333<\/a><\/p><h2>Responsabilizar a las partes despu\u00e9s de los accidentes de motocicleta en West Chester<\/h2>\n<p>Muchas personas ven a los motociclistas como temerarios, pero en realidad, cuando ocurren accidentes de motocicleta, a menudo es culpa de los conductores del veh\u00edculo motorizado y no de los motociclistas. Una de las muchas formas en que los conductores de veh\u00edculos motorizados suelen provocar accidentes es no darse cuenta de los motociclistas, que pueden desaparecer r\u00e1pidamente en los puntos ciegos del veh\u00edculo. Los conductores de veh\u00edculos motorizados que causan accidentes deben rendir cuentas.<\/p>\n<p>Ohio est\u00e1 clasificado como un estado de accidentes automovil\u00edsticos &#8220;con culpa&#8221;, lo que significa que la v\u00edctima de un accidente debe establecer que el accidente fue causado por la conducta indebida de otra parte. Sin embargo, establecer la culpa puede ser un desaf\u00edo porque los conductores negligentes a menudo se niegan a admitir la culpa.<\/p>\n<p>Otro aspecto de la ley de Ohio que hace que los accidentes de motocicleta sean complejos es que Ohio est\u00e1 clasificado como un estado de negligencia comparativa. Esto significa que varias partes pueden ser responsables de un accidente. En estas situaciones, la responsabilidad por un accidente se divide seg\u00fan el nivel de culpa de cada conductor. Por ejemplo, una persona que es 10% responsable de un accidente de motocicleta solo podr\u00eda recibir el 90% de la compensaci\u00f3n adeudada por los da\u00f1os resultantes del accidente.<\/p>\n<p class=\"rs-content-cta rs-content-cta-small\"><a href=\"\/es\/contacto\/\">Haga clic para contactar<\/a> con nuestros lesiones personales abogados hoy<\/p><h2>Compensaci\u00f3n para las v\u00edctimas de accidentes de motocicleta en Ohio<\/h2>\n<p>De acuerdo con la ley estatal de Ohio, los motociclistas tienen la capacidad de buscar una compensaci\u00f3n de la parte responsable de sus accidentes. Sin embargo, obtener una compensaci\u00f3n suele ser un desaf\u00edo. Por una raz\u00f3n, las compa\u00f1\u00edas de seguros a menudo deciden luchar contra la responsabilidad u ofrecer a las v\u00edctimas de accidentes de motocicleta menos de lo que merecen.<\/p>\n<p>Incluso en situaciones en las que una compa\u00f1\u00eda de seguros acepta pagar una compensaci\u00f3n, esto no significa que la cantidad que proporcione la compa\u00f1\u00eda sea justa. En cambio, las compa\u00f1\u00edas de seguros a menudo trabajan agresivamente para reducir la cantidad de compensaci\u00f3n ofrecida. En lugar de aceptar una oferta baja, las v\u00edctimas de accidentes de motocicleta deben darse cuenta de que la compensaci\u00f3n debe compensar varios tipos de da\u00f1os, incluidos:<\/p>\n<ul>\n<li>Costos m\u00e9dicos de emergencia<\/li>\n<li>Salarios perdidos, as\u00ed como la p\u00e9rdida de la capacidad de ganar<\/li>\n<li>Reparaci\u00f3n o reemplazo de motocicletas<\/li>\n<li>Atenci\u00f3n m\u00e9dica continua<\/li>\n<li>Dolor y sufrimiento y angustia emocional<\/li>\n<li>Servicios de rehabilitaci\u00f3n<\/li>\n<\/ul>\n<p class=\"rs-content-cta rs-content-cta-small\">Complete una <a href=\"\/es\/contacto\/\">evaluaci\u00f3n gratuita de su caso<\/a> ahora<\/p><h2>Perseguir una acci\u00f3n de muerte por negligencia<\/h2>\n<p>Si un ser querido muri\u00f3 en un accidente de motocicleta, nuestros abogados pueden ayudarlo a presentar un reclamo por muerte injusta . Si bien la compensaci\u00f3n por esta p\u00e9rdida no reemplazar\u00e1 a su ser querido, puede proporcionarle los fondos que tanto necesita para pagar gastos como el funeral y el entierro y para cubrir los ingresos perdidos debido a la muerte de su ser querido.<\/p>\n<p>Sin embargo, las v\u00edctimas deben actuar con rapidez, porque la ley de Ohio exige que una persona presente una acci\u00f3n por homicidio culposo dentro de los dos a\u00f1os posteriores a la muerte del ser querido. Si intenta presentar un reclamo fuera de este per\u00edodo, es probable que no pueda solicitar una compensaci\u00f3n.<\/p>\n<h2>Hable con un abogado experto en accidentes de motocicleta<\/h2>\n<p>Los accidentes de motocicleta en Ohio a menudo dejan a las v\u00edctimas enfrentando consecuencias devastadoras. Un abogado experto en motocicletas de <a href=\"https:\/\/thehometownlawyers.com\/es\/acerca-de-los-abogados-de-kruger-hodges\/\">Kruger &amp; Hodges<\/a> puede ayudarlo a obtener una compensaci\u00f3n por un accidente de motocicleta en West Chester, Ohio.<\/p>\n<p class=\"rs-content-cta rs-content-cta-small\">Llame o env\u00ede un mensaje de texto al <a href=\"tel:+15138943333\">513-894-3333<\/a> o complete una <a href=\"\/es\/contacto\/\">evaluaci\u00f3n gratuita de su caso<\/a><\/p>","protected":false},"excerpt":{"rendered":"<p>Abogado de accidente de motocicleta de West Chester Ubicado entre Sharonville y Liberty Township, West Chester es el municipio m\u00e1s poblado de Ohio. Los motociclistas disfrutan andar por todo el municipio en la Interestatal 275, la Interestatal 75, Reading Road y muchas de las otras carreteras muy transitadas en Ohio. Si bien muchos motociclistas viajan &#8230;<\/p>\n","protected":false},"author":7,"featured_media":20740,"parent":21231,"menu_order":0,"comment_status":"closed","ping_status":"closed","template":"","meta":{"_acf_changed":false,"inline_featured_image":false,"_genesis_hide_title":false,"_genesis_hide_breadcrumbs":false,"_genesis_hide_singular_image":false,"_genesis_hide_footer_widgets":false,"_genesis_custom_body_class":"","_genesis_custom_post_class":"","_genesis_layout":"","footnotes":""},"hc_faqs":[],"hc_spanish_faqs":[],"class_list":{"0":"post-21226","1":"page","2":"type-page","3":"status-publish","4":"has-post-thumbnail","6":"hc_city_location-west-chester-es","7":"entry"},"acf":[],"yoast_head":"<!-- This site is optimized with the Yoast SEO plugin v27.4 - https:\/\/yoast.com\/product\/yoast-seo-wordpress\/ -->\n<title>Abogado de Accidentes de Motocicleta West Chester, Ohio: Consulta gratuita<\/title>\n<meta name=\"description\" content=\"Abogado de accidente de motocicleta de West Chester Ubicado entre Sharonville y Liberty Township, West Chester es el municipio m\u00e1s poblado de Ohio. Los\" \/>\n<meta name=\"robots\" content=\"index, follow, max-snippet:-1, max-image-preview:large, max-video-preview:-1\" \/>\n<link rel=\"canonical\" href=\"https:\/\/thehometownlawyers.com\/es\/abogados-de-lesiones-personales-de-west-chester\/abogado-de-accidentes-de-motocicleta-west-chester-ohio\/\" \/>\n<meta property=\"og:locale\" content=\"es_MX\" \/>\n<meta property=\"og:type\" content=\"article\" \/>\n<meta property=\"og:title\" content=\"Abogado de Accidentes de Motocicleta West Chester, Ohio: Consulta gratuita\" \/>\n<meta property=\"og:description\" content=\"Abogado de accidente de motocicleta de West Chester Ubicado entre Sharonville y Liberty Township, West Chester es el municipio m\u00e1s poblado de Ohio. Los\" \/>\n<meta property=\"og:url\" content=\"https:\/\/thehometownlawyers.com\/es\/abogados-de-lesiones-personales-de-west-chester\/abogado-de-accidentes-de-motocicleta-west-chester-ohio\/\" \/>\n<meta property=\"og:site_name\" content=\"Kruger &amp; Hodges Abogados De Lesiones\" \/>\n<meta property=\"article:publisher\" content=\"https:\/\/www.facebook.com\/KrugerHodges\/\" \/>\n<meta property=\"article:modified_time\" content=\"2025-02-03T19:22:42+00:00\" \/>\n<meta property=\"og:image\" content=\"https:\/\/thehometownlawyers.com\/wp-content\/uploads\/2020\/02\/iStock-912151500.jpg\" \/>\n\t<meta property=\"og:image:width\" content=\"2048\" \/>\n\t<meta property=\"og:image:height\" content=\"1365\" \/>\n\t<meta property=\"og:image:type\" content=\"image\/jpeg\" \/>\n<meta name=\"twitter:card\" content=\"summary_large_image\" \/>\n<meta name=\"twitter:label1\" content=\"Tiempo de lectura\" \/>\n\t<meta name=\"twitter:data1\" content=\"5 minutos\" \/>\n<script type=\"application\/ld+json\" class=\"yoast-schema-graph\">{\"@context\":\"https:\\\/\\\/schema.org\",\"@graph\":[{\"@type\":\"WebPage\",\"@id\":\"https:\\\/\\\/thehometownlawyers.com\\\/es\\\/abogados-de-lesiones-personales-de-west-chester\\\/abogado-de-accidentes-de-motocicleta-west-chester-ohio\\\/\",\"url\":\"https:\\\/\\\/thehometownlawyers.com\\\/es\\\/abogados-de-lesiones-personales-de-west-chester\\\/abogado-de-accidentes-de-motocicleta-west-chester-ohio\\\/\",\"name\":\"Abogado de Accidentes de Motocicleta West Chester, Ohio: Consulta gratuita\",\"isPartOf\":{\"@id\":\"https:\\\/\\\/thehometownlawyers.com\\\/es\\\/#website\"},\"primaryImageOfPage\":{\"@id\":\"https:\\\/\\\/thehometownlawyers.com\\\/es\\\/abogados-de-lesiones-personales-de-west-chester\\\/abogado-de-accidentes-de-motocicleta-west-chester-ohio\\\/#primaryimage\"},\"image\":{\"@id\":\"https:\\\/\\\/thehometownlawyers.com\\\/es\\\/abogados-de-lesiones-personales-de-west-chester\\\/abogado-de-accidentes-de-motocicleta-west-chester-ohio\\\/#primaryimage\"},\"thumbnailUrl\":\"https:\\\/\\\/thehometownlawyers.com\\\/wp-content\\\/uploads\\\/2020\\\/02\\\/iStock-912151500.jpg\",\"datePublished\":\"2020-04-23T01:48:16+00:00\",\"dateModified\":\"2025-02-03T19:22:42+00:00\",\"description\":\"Abogado de accidente de motocicleta de West Chester Ubicado entre Sharonville y Liberty Township, West Chester es el municipio m\u00e1s poblado de Ohio. Los\",\"breadcrumb\":{\"@id\":\"https:\\\/\\\/thehometownlawyers.com\\\/es\\\/abogados-de-lesiones-personales-de-west-chester\\\/abogado-de-accidentes-de-motocicleta-west-chester-ohio\\\/#breadcrumb\"},\"inLanguage\":\"es\",\"potentialAction\":[{\"@type\":\"ReadAction\",\"target\":[\"https:\\\/\\\/thehometownlawyers.com\\\/es\\\/abogados-de-lesiones-personales-de-west-chester\\\/abogado-de-accidentes-de-motocicleta-west-chester-ohio\\\/\"]}]},{\"@type\":\"ImageObject\",\"inLanguage\":\"es\",\"@id\":\"https:\\\/\\\/thehometownlawyers.com\\\/es\\\/abogados-de-lesiones-personales-de-west-chester\\\/abogado-de-accidentes-de-motocicleta-west-chester-ohio\\\/#primaryimage\",\"url\":\"https:\\\/\\\/thehometownlawyers.com\\\/wp-content\\\/uploads\\\/2020\\\/02\\\/iStock-912151500.jpg\",\"contentUrl\":\"https:\\\/\\\/thehometownlawyers.com\\\/wp-content\\\/uploads\\\/2020\\\/02\\\/iStock-912151500.jpg\",\"width\":2048,\"height\":1365,\"caption\":\"Motocicleta y casco volcados en la calle tras colisi\u00f3n con el coche\"},{\"@type\":\"BreadcrumbList\",\"@id\":\"https:\\\/\\\/thehometownlawyers.com\\\/es\\\/abogados-de-lesiones-personales-de-west-chester\\\/abogado-de-accidentes-de-motocicleta-west-chester-ohio\\\/#breadcrumb\",\"itemListElement\":[{\"@type\":\"ListItem\",\"position\":1,\"name\":\"Home\",\"item\":\"https:\\\/\\\/thehometownlawyers.com\\\/es\\\/\"},{\"@type\":\"ListItem\",\"position\":2,\"name\":\"Abogado de Lesiones Personales en West Chester\",\"item\":\"https:\\\/\\\/thehometownlawyers.com\\\/es\\\/abogados-de-lesiones-personales-de-west-chester\\\/\"},{\"@type\":\"ListItem\",\"position\":3,\"name\":\"Abogado de Accidente de Motocicleta en West Chester\"}]},{\"@type\":\"WebSite\",\"@id\":\"https:\\\/\\\/thehometownlawyers.com\\\/es\\\/#website\",\"url\":\"https:\\\/\\\/thehometownlawyers.com\\\/es\\\/\",\"name\":\"Kruger & Hodges Hometown Injury Lawyers | Accident Attorneys\",\"description\":\"Attorneys for Car, Truck and Motorcycle Accidents, Personal Injuries, and Criminal Defense.\",\"publisher\":{\"@id\":\"https:\\\/\\\/thehometownlawyers.com\\\/es\\\/#organization\"},\"alternateName\":\"Kruger & Hodges Personal Injury Lawyers\",\"inLanguage\":\"es\"},{\"@type\":\"Organization\",\"@id\":\"https:\\\/\\\/thehometownlawyers.com\\\/es\\\/#organization\",\"name\":\"Kruger & Hodges Hometown Injury Lawyers\",\"alternateName\":\"Kruger & Hodges\",\"url\":\"https:\\\/\\\/thehometownlawyers.com\\\/es\\\/\",\"logo\":{\"@type\":\"ImageObject\",\"inLanguage\":\"es\",\"@id\":\"https:\\\/\\\/thehometownlawyers.com\\\/es\\\/#\\\/schema\\\/logo\\\/image\\\/\",\"url\":\"https:\\\/\\\/thehometownlawyers.com\\\/wp-content\\\/uploads\\\/2025\\\/12\\\/revised-kh-logo-vertical-white-background-scaled.png\",\"contentUrl\":\"https:\\\/\\\/thehometownlawyers.com\\\/wp-content\\\/uploads\\\/2025\\\/12\\\/revised-kh-logo-vertical-white-background-scaled.png\",\"width\":2560,\"height\":1440,\"caption\":\"Kruger & Hodges Hometown Injury Lawyers\"},\"image\":{\"@id\":\"https:\\\/\\\/thehometownlawyers.com\\\/es\\\/#\\\/schema\\\/logo\\\/image\\\/\"},\"sameAs\":[\"https:\\\/\\\/www.facebook.com\\\/KrugerHodges\\\/\",\"https:\\\/\\\/www.instagram.com\\\/krugerhodges\\\/\",\"https:\\\/\\\/www.linkedin.com\\\/company\\\/kruger-hodges-hometown-injury-lawyers\\\/\",\"https:\\\/\\\/www.youtube.com\\\/channel\\\/UCeYcMaMaN2rb9jMlqt4EIdQ\",\"https:\\\/\\\/www.tiktok.com\\\/@thehometownlawyer\"]}]}<\/script>\n<!-- \/ Yoast SEO plugin. -->","yoast_head_json":{"title":"Abogado de Accidentes de Motocicleta West Chester, Ohio: Consulta gratuita","description":"Abogado de accidente de motocicleta de West Chester Ubicado entre Sharonville y Liberty Township, West Chester es el municipio m\u00e1s poblado de Ohio. Los","robots":{"index":"index","follow":"follow","max-snippet":"max-snippet:-1","max-image-preview":"max-image-preview:large","max-video-preview":"max-video-preview:-1"},"canonical":"https:\/\/thehometownlawyers.com\/es\/abogados-de-lesiones-personales-de-west-chester\/abogado-de-accidentes-de-motocicleta-west-chester-ohio\/","og_locale":"es_MX","og_type":"article","og_title":"Abogado de Accidentes de Motocicleta West Chester, Ohio: Consulta gratuita","og_description":"Abogado de accidente de motocicleta de West Chester Ubicado entre Sharonville y Liberty Township, West Chester es el municipio m\u00e1s poblado de Ohio. Los","og_url":"https:\/\/thehometownlawyers.com\/es\/abogados-de-lesiones-personales-de-west-chester\/abogado-de-accidentes-de-motocicleta-west-chester-ohio\/","og_site_name":"Kruger &amp; Hodges Abogados De Lesiones","article_publisher":"https:\/\/www.facebook.com\/KrugerHodges\/","article_modified_time":"2025-02-03T19:22:42+00:00","og_image":[{"width":2048,"height":1365,"url":"https:\/\/thehometownlawyers.com\/wp-content\/uploads\/2020\/02\/iStock-912151500.jpg","type":"image\/jpeg"}],"twitter_card":"summary_large_image","twitter_misc":{"Tiempo de lectura":"5 minutos"},"schema":{"@context":"https:\/\/schema.org","@graph":[{"@type":"WebPage","@id":"https:\/\/thehometownlawyers.com\/es\/abogados-de-lesiones-personales-de-west-chester\/abogado-de-accidentes-de-motocicleta-west-chester-ohio\/","url":"https:\/\/thehometownlawyers.com\/es\/abogados-de-lesiones-personales-de-west-chester\/abogado-de-accidentes-de-motocicleta-west-chester-ohio\/","name":"Abogado de Accidentes de Motocicleta West Chester, Ohio: Consulta gratuita","isPartOf":{"@id":"https:\/\/thehometownlawyers.com\/es\/#website"},"primaryImageOfPage":{"@id":"https:\/\/thehometownlawyers.com\/es\/abogados-de-lesiones-personales-de-west-chester\/abogado-de-accidentes-de-motocicleta-west-chester-ohio\/#primaryimage"},"image":{"@id":"https:\/\/thehometownlawyers.com\/es\/abogados-de-lesiones-personales-de-west-chester\/abogado-de-accidentes-de-motocicleta-west-chester-ohio\/#primaryimage"},"thumbnailUrl":"https:\/\/thehometownlawyers.com\/wp-content\/uploads\/2020\/02\/iStock-912151500.jpg","datePublished":"2020-04-23T01:48:16+00:00","dateModified":"2025-02-03T19:22:42+00:00","description":"Abogado de accidente de motocicleta de West Chester Ubicado entre Sharonville y Liberty Township, West Chester es el municipio m\u00e1s poblado de Ohio. Los","breadcrumb":{"@id":"https:\/\/thehometownlawyers.com\/es\/abogados-de-lesiones-personales-de-west-chester\/abogado-de-accidentes-de-motocicleta-west-chester-ohio\/#breadcrumb"},"inLanguage":"es","potentialAction":[{"@type":"ReadAction","target":["https:\/\/thehometownlawyers.com\/es\/abogados-de-lesiones-personales-de-west-chester\/abogado-de-accidentes-de-motocicleta-west-chester-ohio\/"]}]},{"@type":"ImageObject","inLanguage":"es","@id":"https:\/\/thehometownlawyers.com\/es\/abogados-de-lesiones-personales-de-west-chester\/abogado-de-accidentes-de-motocicleta-west-chester-ohio\/#primaryimage","url":"https:\/\/thehometownlawyers.com\/wp-content\/uploads\/2020\/02\/iStock-912151500.jpg","contentUrl":"https:\/\/thehometownlawyers.com\/wp-content\/uploads\/2020\/02\/iStock-912151500.jpg","width":2048,"height":1365,"caption":"Motocicleta y casco volcados en la calle tras colisi\u00f3n con el coche"},{"@type":"BreadcrumbList","@id":"https:\/\/thehometownlawyers.com\/es\/abogados-de-lesiones-personales-de-west-chester\/abogado-de-accidentes-de-motocicleta-west-chester-ohio\/#breadcrumb","itemListElement":[{"@type":"ListItem","position":1,"name":"Home","item":"https:\/\/thehometownlawyers.com\/es\/"},{"@type":"ListItem","position":2,"name":"Abogado de Lesiones Personales en West Chester","item":"https:\/\/thehometownlawyers.com\/es\/abogados-de-lesiones-personales-de-west-chester\/"},{"@type":"ListItem","position":3,"name":"Abogado de Accidente de Motocicleta en West Chester"}]},{"@type":"WebSite","@id":"https:\/\/thehometownlawyers.com\/es\/#website","url":"https:\/\/thehometownlawyers.com\/es\/","name":"Kruger & Hodges Hometown Injury Lawyers | Accident Attorneys","description":"Attorneys for Car, Truck and Motorcycle Accidents, Personal Injuries, and Criminal Defense.","publisher":{"@id":"https:\/\/thehometownlawyers.com\/es\/#organization"},"alternateName":"Kruger & Hodges Personal Injury Lawyers","inLanguage":"es"},{"@type":"Organization","@id":"https:\/\/thehometownlawyers.com\/es\/#organization","name":"Kruger & Hodges Hometown Injury Lawyers","alternateName":"Kruger & Hodges","url":"https:\/\/thehometownlawyers.com\/es\/","logo":{"@type":"ImageObject","inLanguage":"es","@id":"https:\/\/thehometownlawyers.com\/es\/#\/schema\/logo\/image\/","url":"https:\/\/thehometownlawyers.com\/wp-content\/uploads\/2025\/12\/revised-kh-logo-vertical-white-background-scaled.png","contentUrl":"https:\/\/thehometownlawyers.com\/wp-content\/uploads\/2025\/12\/revised-kh-logo-vertical-white-background-scaled.png","width":2560,"height":1440,"caption":"Kruger & Hodges Hometown Injury Lawyers"},"image":{"@id":"https:\/\/thehometownlawyers.com\/es\/#\/schema\/logo\/image\/"},"sameAs":["https:\/\/www.facebook.com\/KrugerHodges\/","https:\/\/www.instagram.com\/krugerhodges\/","https:\/\/www.linkedin.com\/company\/kruger-hodges-hometown-injury-lawyers\/","https:\/\/www.youtube.com\/channel\/UCeYcMaMaN2rb9jMlqt4EIdQ","https:\/\/www.tiktok.com\/@thehometownlawyer"]}]}},"_links":{"self":[{"href":"https:\/\/thehometownlawyers.com\/es\/wp-json\/wp\/v2\/pages\/21226","targetHints":{"allow":["GET"]}}],"collection":[{"href":"https:\/\/thehometownlawyers.com\/es\/wp-json\/wp\/v2\/pages"}],"about":[{"href":"https:\/\/thehometownlawyers.com\/es\/wp-json\/wp\/v2\/types\/page"}],"author":[{"embeddable":true,"href":"https:\/\/thehometownlawyers.com\/es\/wp-json\/wp\/v2\/users\/7"}],"replies":[{"embeddable":true,"href":"https:\/\/thehometownlawyers.com\/es\/wp-json\/wp\/v2\/comments?post=21226"}],"version-history":[{"count":0,"href":"https:\/\/thehometownlawyers.com\/es\/wp-json\/wp\/v2\/pages\/21226\/revisions"}],"up":[{"embeddable":true,"href":"https:\/\/thehometownlawyers.com\/es\/wp-json\/wp\/v2\/pages\/21231"}],"wp:featuredmedia":[{"embeddable":true,"href":"https:\/\/thehometownlawyers.com\/es\/wp-json\/wp\/v2\/media\/20740"}],"wp:attachment":[{"href":"https:\/\/thehometownlawyers.com\/es\/wp-json\/wp\/v2\/media?parent=21226"}],"wp:term":[{"taxonomy":"hc_faqs","embeddable":true,"href":"https:\/\/thehometownlawyers.com\/es\/wp-json\/wp\/v2\/hc_faqs?post=21226"},{"taxonomy":"hc_spanish_faqs","embeddable":true,"href":"https:\/\/thehometownlawyers.com\/es\/wp-json\/wp\/v2\/hc_spanish_faqs?post=21226"}],"curies":[{"name":"wp","href":"https:\/\/api.w.org\/{rel}","templated":true}]}}