{"id":21228,"date":"2020-03-23T22:52:45","date_gmt":"2020-03-24T02:52:45","guid":{"rendered":"https:\/\/thehometownlawyers.com\/?page_id=21228"},"modified":"2025-03-17T11:40:22","modified_gmt":"2025-03-17T15:40:22","slug":"accidente-de-camion-de-basura-rumpke","status":"publish","type":"page","link":"https:\/\/thehometownlawyers.com\/es\/hamilton\/abogado-de-accidente-de-camion\/rumpke\/","title":{"rendered":"Abogado de Accidente de Cami\u00f3n Rumpke en Hamilton"},"content":{"rendered":"<h2>Accidente de cami\u00f3n de basura en Ohio Rumpke<\/h2>\n<p>Durante casi 100 a\u00f1os, los camiones de basura de Rumpke han brindado servicios de <a href=\"https:\/\/www.rumpke.com\/\" target=\"_blank\" rel=\"noopener\">recolecci\u00f3n y reciclaje de basura residencial y comercial<\/a> en Ohio, as\u00ed como en Kentucky, Indiana y Virginia Occidental. Si bien los camiones de basura se han convertido en la piedra angular de la vida moderna, un posible accidente con un cami\u00f3n de basura Rumpke tambi\u00e9n representa un riesgo importante para la seguridad. Todos los automovilistas y pasajeros de Ohio deben comprender qu\u00e9 hace que los accidentes con camiones de basura sean tan peligrosos.<\/p>\n<p class=\"rs-content-cta rs-content-cta-small\">Para una consulta legal gratuita, llame al <a href=\"tel:+15138943333\">513-894-3333 <\/a><\/p><h2>Los peligros asociados con los camiones de basura Rumpke<\/h2>\n<p>Al igual que otros veh\u00edculos comerciales grandes, los camiones de basura tienen varias caracter\u00edsticas, incluidos grandes puntos ciegos y dificultad para maniobrar, lo que aumenta la probabilidad de accidentes que los involucren. Si bien un automovilista puede corregir un peque\u00f1o error mientras conduce y permanecer seguro, incluso los errores m\u00e1s peque\u00f1os al conducir un cami\u00f3n de basura a trav\u00e9s de un espacio reducido pueden provocar accidentes mortales.<\/p>\n<p>Los camiones de basura retroceden, se detienen y giran constantemente, lo que aumenta significativamente las posibilidades de accidentes. En consecuencia, Rumpke y otros conductores de camiones de basura deben tener el mayor grado de precauci\u00f3n al realizar su trabajo.<\/p>\n<p>Cuando ocurren accidentes de camiones de basura, las lesiones resultantes casi siempre son graves. Algunas de las lesiones m\u00e1s comunes que enfrentan las v\u00edctimas de accidentes de camiones de basura incluyen:<\/p>\n<ul>\n<li>lesiones de espalda<\/li>\n<li>Huesos rotos<\/li>\n<li>Cortes y laceraciones<\/li>\n<li>Lesiones de \u00f3rganos internos<\/li>\n<li>Esguinces y distensiones musculares<\/li>\n<li>lesiones en el cuello<\/li>\n<li>Lesiones de la m\u00e9dula espinal<\/li>\n<li>Lesiones cerebrales traum\u00e1ticas<\/li>\n<\/ul>\n<p>Adem\u00e1s, la <a href=\"https:\/\/www.fmcsa.dot.gov\/\" target=\"_blank\" rel=\"noopener\">Administraci\u00f3n Federal de Seguridad de Autotransportes<\/a> informa que en 2017 hubo 107 muertes como resultado de accidentes con camiones de basura y basura. Aproximadamente el 25% de las personas que murieron en estos accidentes son trabajadores de saneamiento.<\/p>\n<p class=\"rs-content-cta\">Abogado de Accidente de Cami\u00f3n de hamilton Cerca de M\u00ed <a href=\"tel:+15138943333\">513-894-3333<\/a><\/p><h2>Causas Comunes de Accidentes de Camiones de Basura en Ohio<\/h2>\n<p>Los camiones de basura crean algunos peligros \u00fanicos, pero algunas de las formas m\u00e1s comunes en que ocurren los accidentes de camiones de basura incluyen:<\/p>\n<ul>\n<li><strong>Ca\u00edda de escombros. <\/strong>Los camiones de basura est\u00e1n dise\u00f1ados para contener basura de manera segura, pero no siempre lo hacen. Cuando los escombros pesados se escapan del cami\u00f3n, los escombros pueden chocar con veh\u00edculos, peatones o ciclistas cercanos y provocar accidentes mortales.<\/li>\n<li><strong>Falla en el equipo. <\/strong>Los camiones sanitarios requieren que los trabajadores reciban capacitaci\u00f3n especial antes de operar el complicado equipo incluido en el veh\u00edculo. Si el equipo del cami\u00f3n no funciona correctamente, el operador puede volverse r\u00e1pidamente incapaz de controlar el veh\u00edculo. Esto puede poner en gran peligro la vida de los automovilistas.<\/li>\n<li><strong>Conductores desatentos. <\/strong>Muchos accidentes de camiones de basura ocurren cuando el conductor est\u00e1 en reversa o no presta atenci\u00f3n a los alrededores.<\/li>\n<li><strong>Conducci\u00f3n negligente. <\/strong>Debido a su gran tama\u00f1o y peso, se deben tomar precauciones especiales al operar un cami\u00f3n de basura. Cuando los conductores no manejan con cautela los camiones de basura, pueden verse involucrados en accidentes que les cambien la vida.<\/li>\n<\/ul>\n<p class=\"rs-content-cta rs-content-cta-small\"><a href=\"\/es\/contacto\/\">Haga clic para contactar<\/a> con nuestros accidente de cami\u00f3n abogados hoy<\/p><h2>Los conductores de camiones de Rumpke deben seguir las normas de seguridad<\/h2>\n<p>No deber\u00eda sorprender que el Departamento de Trabajo de los Estados Unidos incluya la operaci\u00f3n de camiones de basura como una profesi\u00f3n peligrosa. Ya sea un cami\u00f3n Rumpke o cualquier otro tipo de cami\u00f3n de basura, la Administraci\u00f3n de Seguridad y Salud Ocupacional recomienda que los conductores sigan varios est\u00e1ndares de seguridad importantes, que incluyen:<\/p>\n<ul>\n<li>Los trabajadores deben usar equipo reflectante y de protecci\u00f3n mientras est\u00e1n en el trabajo.<\/li>\n<li>Los trabajadores deben ayudar al costado del cami\u00f3n de basura mientras el compactador est\u00e1 encendido<\/li>\n<li>El equipo del cami\u00f3n de basura debe apagarse cuando no se est\u00e9n realizando operaciones.<\/li>\n<li>Los camiones solo pueden operar una vez que los trabajadores hayan dejado un camino despejado para los peatones.<\/li>\n<\/ul>\n<p>El incumplimiento de estas normas de seguridad puede poner en gran peligro la vida de los trabajadores y otras personas. La evidencia del incumplimiento de cualquiera de estos requisitos tambi\u00e9n se puede utilizar en un tribunal de justicia para demostrar que el operador de un cami\u00f3n de basura actu\u00f3 de manera negligente.<\/p>\n<p class=\"rs-content-cta rs-content-cta-small\">Complete una <a href=\"\/es\/contacto\/\">evaluaci\u00f3n gratuita de su caso<\/a> ahora<\/p><h2>Ejemplos de accidentes de camiones Rumpke<\/h2>\n<p>Hay muchos casos relacionados con accidentes de camiones Rumpke. Por ejemplo, considere las siguientes historias:<\/p>\n<ul>\n<li>En mayo de 2016, cuatro miembros de la familia murieron en un accidente en el condado de Vinton despu\u00e9s de que el conductor del veh\u00edculo no cediera el paso en una se\u00f1al de alto y chocara con un cami\u00f3n Rumpke.<\/li>\n<li>En octubre de 2019, dos personas fueron trasladadas de urgencia al hospital despu\u00e9s de que su veh\u00edculo chocara con la parte trasera de un cami\u00f3n de basura Rumpke. En el momento del accidente, el trabajador de Rumpke estaba operando la parte trasera del veh\u00edculo.<\/li>\n<li>En enero de 2020, un trabajador de saneamiento qued\u00f3 atrapado entre un cami\u00f3n de basura Rumpke y un veh\u00edculo utilitario deportivo en una colisi\u00f3n. Los socorristas tardaron aproximadamente 30 minutos en extraer a la v\u00edctima de los escombros.<\/li>\n<li>En febrero de 2020, una mujer muri\u00f3 despu\u00e9s de chocar con un cami\u00f3n de basura Rumpke en el condado de Butler.<\/li>\n<\/ul>\n<h2>Hable con nuestros Abogados, con Experiencia en Accidentes de Camiones de Basura<\/h2>\n<p>Si usted o un ser querido result\u00f3 lesionado en un accidente de cami\u00f3n de basura, recuerde que tiene derecho a solicitar una compensaci\u00f3n. En <a href=\"https:\/\/thehometownlawyers.com\/es\/contacto\/\">Kruger &amp; Hodges<\/a> , hemos ayudado a muchas v\u00edctimas de accidentes y seguimos comprometidos a luchar por los resultados que usted se merece. <a href=\"https:\/\/thehometownlawyers.com\/es\/contacto\/\">Cont\u00e1ctenos hoy<\/a> .<\/p>\n<p class=\"rs-content-cta rs-content-cta-small\">Llame o env\u00ede un mensaje de texto al <a href=\"tel:+15138943333\">513-894-3333<\/a> o complete una <a href=\"\/es\/contacto\/\">evaluaci\u00f3n gratuita de su caso<\/a><\/p>","protected":false},"excerpt":{"rendered":"<p>Accidente de cami\u00f3n de basura en Ohio Rumpke Durante casi 100 a\u00f1os, los camiones de basura de Rumpke han brindado servicios de recolecci\u00f3n y reciclaje de basura residencial y comercial en Ohio, as\u00ed como en Kentucky, Indiana y Virginia Occidental. Si bien los camiones de basura se han convertido en la piedra angular de la &#8230;<\/p>\n","protected":false},"author":7,"featured_media":20749,"parent":20967,"menu_order":0,"comment_status":"closed","ping_status":"closed","template":"","meta":{"_acf_changed":false,"inline_featured_image":false,"_genesis_hide_title":false,"_genesis_hide_breadcrumbs":false,"_genesis_hide_singular_image":false,"_genesis_hide_footer_widgets":false,"_genesis_custom_body_class":"","_genesis_custom_post_class":"","_genesis_layout":"","footnotes":""},"hc_faqs":[],"hc_spanish_faqs":[],"class_list":{"0":"post-21228","1":"page","2":"type-page","3":"status-publish","4":"has-post-thumbnail","6":"hc_city_location-hamilton-es-2","7":"entry"},"acf":[],"yoast_head":"<!-- This site is optimized with the Yoast SEO plugin v27.4 - https:\/\/yoast.com\/product\/yoast-seo-wordpress\/ -->\n<title>Abogado de Accidente de Cami\u00f3n Rumpke en Hamilton Consulta Gratuita<\/title>\n<meta name=\"description\" content=\"Si result\u00f3 herido en un accidente de cami\u00f3n de basura, necesita Kruger &amp; Hodges. Seguimos comprometidos a luchar por los resultados que te mereces.\" \/>\n<meta name=\"robots\" content=\"index, follow, max-snippet:-1, max-image-preview:large, max-video-preview:-1\" \/>\n<link rel=\"canonical\" href=\"https:\/\/thehometownlawyers.com\/es\/hamilton\/abogado-de-accidente-de-camion\/rumpke\/\" \/>\n<meta property=\"og:locale\" content=\"es_MX\" \/>\n<meta property=\"og:type\" content=\"article\" \/>\n<meta property=\"og:title\" content=\"Abogado de Accidente de Cami\u00f3n Rumpke en Hamilton Consulta Gratuita\" \/>\n<meta property=\"og:description\" content=\"Si result\u00f3 herido en un accidente de cami\u00f3n de basura, necesita Kruger &amp; Hodges. Seguimos comprometidos a luchar por los resultados que te mereces.\" \/>\n<meta property=\"og:url\" content=\"https:\/\/thehometownlawyers.com\/es\/hamilton\/abogado-de-accidente-de-camion\/rumpke\/\" \/>\n<meta property=\"og:site_name\" content=\"Kruger &amp; Hodges Abogados De Lesiones\" \/>\n<meta property=\"article:publisher\" content=\"https:\/\/www.facebook.com\/KrugerHodges\/\" \/>\n<meta property=\"article:modified_time\" content=\"2025-03-17T15:40:22+00:00\" \/>\n<meta property=\"og:image\" content=\"https:\/\/thehometownlawyers.com\/wp-content\/uploads\/2020\/03\/Garbage-Truck-Accident-Lawyer.jpg\" \/>\n\t<meta property=\"og:image:width\" content=\"640\" \/>\n\t<meta property=\"og:image:height\" content=\"426\" \/>\n\t<meta property=\"og:image:type\" content=\"image\/jpeg\" \/>\n<meta name=\"twitter:card\" content=\"summary_large_image\" \/>\n<meta name=\"twitter:label1\" content=\"Tiempo de lectura\" \/>\n\t<meta name=\"twitter:data1\" content=\"5 minutos\" \/>\n<script type=\"application\/ld+json\" class=\"yoast-schema-graph\">{\"@context\":\"https:\\\/\\\/schema.org\",\"@graph\":[{\"@type\":\"WebPage\",\"@id\":\"https:\\\/\\\/thehometownlawyers.com\\\/es\\\/hamilton\\\/abogado-de-accidente-de-camion\\\/rumpke\\\/\",\"url\":\"https:\\\/\\\/thehometownlawyers.com\\\/es\\\/hamilton\\\/abogado-de-accidente-de-camion\\\/rumpke\\\/\",\"name\":\"Abogado de Accidente de Cami\u00f3n Rumpke en Hamilton Consulta Gratuita\",\"isPartOf\":{\"@id\":\"https:\\\/\\\/thehometownlawyers.com\\\/es\\\/#website\"},\"primaryImageOfPage\":{\"@id\":\"https:\\\/\\\/thehometownlawyers.com\\\/es\\\/hamilton\\\/abogado-de-accidente-de-camion\\\/rumpke\\\/#primaryimage\"},\"image\":{\"@id\":\"https:\\\/\\\/thehometownlawyers.com\\\/es\\\/hamilton\\\/abogado-de-accidente-de-camion\\\/rumpke\\\/#primaryimage\"},\"thumbnailUrl\":\"https:\\\/\\\/thehometownlawyers.com\\\/wp-content\\\/uploads\\\/2020\\\/03\\\/Garbage-Truck-Accident-Lawyer.jpg\",\"datePublished\":\"2020-03-24T02:52:45+00:00\",\"dateModified\":\"2025-03-17T15:40:22+00:00\",\"description\":\"Si result\u00f3 herido en un accidente de cami\u00f3n de basura, necesita Kruger & Hodges. Seguimos comprometidos a luchar por los resultados que te mereces.\",\"breadcrumb\":{\"@id\":\"https:\\\/\\\/thehometownlawyers.com\\\/es\\\/hamilton\\\/abogado-de-accidente-de-camion\\\/rumpke\\\/#breadcrumb\"},\"inLanguage\":\"es\",\"potentialAction\":[{\"@type\":\"ReadAction\",\"target\":[\"https:\\\/\\\/thehometownlawyers.com\\\/es\\\/hamilton\\\/abogado-de-accidente-de-camion\\\/rumpke\\\/\"]}]},{\"@type\":\"ImageObject\",\"inLanguage\":\"es\",\"@id\":\"https:\\\/\\\/thehometownlawyers.com\\\/es\\\/hamilton\\\/abogado-de-accidente-de-camion\\\/rumpke\\\/#primaryimage\",\"url\":\"https:\\\/\\\/thehometownlawyers.com\\\/wp-content\\\/uploads\\\/2020\\\/03\\\/Garbage-Truck-Accident-Lawyer.jpg\",\"contentUrl\":\"https:\\\/\\\/thehometownlawyers.com\\\/wp-content\\\/uploads\\\/2020\\\/03\\\/Garbage-Truck-Accident-Lawyer.jpg\",\"width\":640,\"height\":426,\"caption\":\"Abogado de accidentes de camiones de basura\"},{\"@type\":\"BreadcrumbList\",\"@id\":\"https:\\\/\\\/thehometownlawyers.com\\\/es\\\/hamilton\\\/abogado-de-accidente-de-camion\\\/rumpke\\\/#breadcrumb\",\"itemListElement\":[{\"@type\":\"ListItem\",\"position\":1,\"name\":\"Home\",\"item\":\"https:\\\/\\\/thehometownlawyers.com\\\/es\\\/\"},{\"@type\":\"ListItem\",\"position\":2,\"name\":\"Abogados de Lesiones Personales en Hamilton\",\"item\":\"https:\\\/\\\/thehometownlawyers.com\\\/es\\\/\"},{\"@type\":\"ListItem\",\"position\":3,\"name\":\"Abogado de Accidente de Cami\u00f3n en Hamilton\",\"item\":\"https:\\\/\\\/thehometownlawyers.com\\\/es\\\/hamilton\\\/abogado-de-accidente-de-camion\\\/\"},{\"@type\":\"ListItem\",\"position\":4,\"name\":\"Accidente de Cami\u00f3n Rumpke\"}]},{\"@type\":\"WebSite\",\"@id\":\"https:\\\/\\\/thehometownlawyers.com\\\/es\\\/#website\",\"url\":\"https:\\\/\\\/thehometownlawyers.com\\\/es\\\/\",\"name\":\"Kruger & Hodges Hometown Injury Lawyers | Accident Attorneys\",\"description\":\"Attorneys for Car, Truck and Motorcycle Accidents, Personal Injuries, and Criminal Defense.\",\"publisher\":{\"@id\":\"https:\\\/\\\/thehometownlawyers.com\\\/es\\\/#organization\"},\"alternateName\":\"Kruger & Hodges Personal Injury Lawyers\",\"inLanguage\":\"es\"},{\"@type\":\"Organization\",\"@id\":\"https:\\\/\\\/thehometownlawyers.com\\\/es\\\/#organization\",\"name\":\"Kruger & Hodges Hometown Injury Lawyers\",\"alternateName\":\"Kruger & Hodges\",\"url\":\"https:\\\/\\\/thehometownlawyers.com\\\/es\\\/\",\"logo\":{\"@type\":\"ImageObject\",\"inLanguage\":\"es\",\"@id\":\"https:\\\/\\\/thehometownlawyers.com\\\/es\\\/#\\\/schema\\\/logo\\\/image\\\/\",\"url\":\"https:\\\/\\\/thehometownlawyers.com\\\/wp-content\\\/uploads\\\/2025\\\/12\\\/revised-kh-logo-vertical-white-background-scaled.png\",\"contentUrl\":\"https:\\\/\\\/thehometownlawyers.com\\\/wp-content\\\/uploads\\\/2025\\\/12\\\/revised-kh-logo-vertical-white-background-scaled.png\",\"width\":2560,\"height\":1440,\"caption\":\"Kruger & Hodges Hometown Injury Lawyers\"},\"image\":{\"@id\":\"https:\\\/\\\/thehometownlawyers.com\\\/es\\\/#\\\/schema\\\/logo\\\/image\\\/\"},\"sameAs\":[\"https:\\\/\\\/www.facebook.com\\\/KrugerHodges\\\/\",\"https:\\\/\\\/www.instagram.com\\\/krugerhodges\\\/\",\"https:\\\/\\\/www.linkedin.com\\\/company\\\/kruger-hodges-hometown-injury-lawyers\\\/\",\"https:\\\/\\\/www.youtube.com\\\/channel\\\/UCeYcMaMaN2rb9jMlqt4EIdQ\",\"https:\\\/\\\/www.tiktok.com\\\/@thehometownlawyer\"]}]}<\/script>\n<!-- \/ Yoast SEO plugin. -->","yoast_head_json":{"title":"Abogado de Accidente de Cami\u00f3n Rumpke en Hamilton Consulta Gratuita","description":"Si result\u00f3 herido en un accidente de cami\u00f3n de basura, necesita Kruger & Hodges. Seguimos comprometidos a luchar por los resultados que te mereces.","robots":{"index":"index","follow":"follow","max-snippet":"max-snippet:-1","max-image-preview":"max-image-preview:large","max-video-preview":"max-video-preview:-1"},"canonical":"https:\/\/thehometownlawyers.com\/es\/hamilton\/abogado-de-accidente-de-camion\/rumpke\/","og_locale":"es_MX","og_type":"article","og_title":"Abogado de Accidente de Cami\u00f3n Rumpke en Hamilton Consulta Gratuita","og_description":"Si result\u00f3 herido en un accidente de cami\u00f3n de basura, necesita Kruger & Hodges. Seguimos comprometidos a luchar por los resultados que te mereces.","og_url":"https:\/\/thehometownlawyers.com\/es\/hamilton\/abogado-de-accidente-de-camion\/rumpke\/","og_site_name":"Kruger &amp; Hodges Abogados De Lesiones","article_publisher":"https:\/\/www.facebook.com\/KrugerHodges\/","article_modified_time":"2025-03-17T15:40:22+00:00","og_image":[{"width":640,"height":426,"url":"https:\/\/thehometownlawyers.com\/wp-content\/uploads\/2020\/03\/Garbage-Truck-Accident-Lawyer.jpg","type":"image\/jpeg"}],"twitter_card":"summary_large_image","twitter_misc":{"Tiempo de lectura":"5 minutos"},"schema":{"@context":"https:\/\/schema.org","@graph":[{"@type":"WebPage","@id":"https:\/\/thehometownlawyers.com\/es\/hamilton\/abogado-de-accidente-de-camion\/rumpke\/","url":"https:\/\/thehometownlawyers.com\/es\/hamilton\/abogado-de-accidente-de-camion\/rumpke\/","name":"Abogado de Accidente de Cami\u00f3n Rumpke en Hamilton Consulta Gratuita","isPartOf":{"@id":"https:\/\/thehometownlawyers.com\/es\/#website"},"primaryImageOfPage":{"@id":"https:\/\/thehometownlawyers.com\/es\/hamilton\/abogado-de-accidente-de-camion\/rumpke\/#primaryimage"},"image":{"@id":"https:\/\/thehometownlawyers.com\/es\/hamilton\/abogado-de-accidente-de-camion\/rumpke\/#primaryimage"},"thumbnailUrl":"https:\/\/thehometownlawyers.com\/wp-content\/uploads\/2020\/03\/Garbage-Truck-Accident-Lawyer.jpg","datePublished":"2020-03-24T02:52:45+00:00","dateModified":"2025-03-17T15:40:22+00:00","description":"Si result\u00f3 herido en un accidente de cami\u00f3n de basura, necesita Kruger & Hodges. Seguimos comprometidos a luchar por los resultados que te mereces.","breadcrumb":{"@id":"https:\/\/thehometownlawyers.com\/es\/hamilton\/abogado-de-accidente-de-camion\/rumpke\/#breadcrumb"},"inLanguage":"es","potentialAction":[{"@type":"ReadAction","target":["https:\/\/thehometownlawyers.com\/es\/hamilton\/abogado-de-accidente-de-camion\/rumpke\/"]}]},{"@type":"ImageObject","inLanguage":"es","@id":"https:\/\/thehometownlawyers.com\/es\/hamilton\/abogado-de-accidente-de-camion\/rumpke\/#primaryimage","url":"https:\/\/thehometownlawyers.com\/wp-content\/uploads\/2020\/03\/Garbage-Truck-Accident-Lawyer.jpg","contentUrl":"https:\/\/thehometownlawyers.com\/wp-content\/uploads\/2020\/03\/Garbage-Truck-Accident-Lawyer.jpg","width":640,"height":426,"caption":"Abogado de accidentes de camiones de basura"},{"@type":"BreadcrumbList","@id":"https:\/\/thehometownlawyers.com\/es\/hamilton\/abogado-de-accidente-de-camion\/rumpke\/#breadcrumb","itemListElement":[{"@type":"ListItem","position":1,"name":"Home","item":"https:\/\/thehometownlawyers.com\/es\/"},{"@type":"ListItem","position":2,"name":"Abogados de Lesiones Personales en Hamilton","item":"https:\/\/thehometownlawyers.com\/es\/"},{"@type":"ListItem","position":3,"name":"Abogado de Accidente de Cami\u00f3n en Hamilton","item":"https:\/\/thehometownlawyers.com\/es\/hamilton\/abogado-de-accidente-de-camion\/"},{"@type":"ListItem","position":4,"name":"Accidente de Cami\u00f3n Rumpke"}]},{"@type":"WebSite","@id":"https:\/\/thehometownlawyers.com\/es\/#website","url":"https:\/\/thehometownlawyers.com\/es\/","name":"Kruger & Hodges Hometown Injury Lawyers | Accident Attorneys","description":"Attorneys for Car, Truck and Motorcycle Accidents, Personal Injuries, and Criminal Defense.","publisher":{"@id":"https:\/\/thehometownlawyers.com\/es\/#organization"},"alternateName":"Kruger & Hodges Personal Injury Lawyers","inLanguage":"es"},{"@type":"Organization","@id":"https:\/\/thehometownlawyers.com\/es\/#organization","name":"Kruger & Hodges Hometown Injury Lawyers","alternateName":"Kruger & Hodges","url":"https:\/\/thehometownlawyers.com\/es\/","logo":{"@type":"ImageObject","inLanguage":"es","@id":"https:\/\/thehometownlawyers.com\/es\/#\/schema\/logo\/image\/","url":"https:\/\/thehometownlawyers.com\/wp-content\/uploads\/2025\/12\/revised-kh-logo-vertical-white-background-scaled.png","contentUrl":"https:\/\/thehometownlawyers.com\/wp-content\/uploads\/2025\/12\/revised-kh-logo-vertical-white-background-scaled.png","width":2560,"height":1440,"caption":"Kruger & Hodges Hometown Injury Lawyers"},"image":{"@id":"https:\/\/thehometownlawyers.com\/es\/#\/schema\/logo\/image\/"},"sameAs":["https:\/\/www.facebook.com\/KrugerHodges\/","https:\/\/www.instagram.com\/krugerhodges\/","https:\/\/www.linkedin.com\/company\/kruger-hodges-hometown-injury-lawyers\/","https:\/\/www.youtube.com\/channel\/UCeYcMaMaN2rb9jMlqt4EIdQ","https:\/\/www.tiktok.com\/@thehometownlawyer"]}]}},"_links":{"self":[{"href":"https:\/\/thehometownlawyers.com\/es\/wp-json\/wp\/v2\/pages\/21228","targetHints":{"allow":["GET"]}}],"collection":[{"href":"https:\/\/thehometownlawyers.com\/es\/wp-json\/wp\/v2\/pages"}],"about":[{"href":"https:\/\/thehometownlawyers.com\/es\/wp-json\/wp\/v2\/types\/page"}],"author":[{"embeddable":true,"href":"https:\/\/thehometownlawyers.com\/es\/wp-json\/wp\/v2\/users\/7"}],"replies":[{"embeddable":true,"href":"https:\/\/thehometownlawyers.com\/es\/wp-json\/wp\/v2\/comments?post=21228"}],"version-history":[{"count":0,"href":"https:\/\/thehometownlawyers.com\/es\/wp-json\/wp\/v2\/pages\/21228\/revisions"}],"up":[{"embeddable":true,"href":"https:\/\/thehometownlawyers.com\/es\/wp-json\/wp\/v2\/pages\/20967"}],"wp:featuredmedia":[{"embeddable":true,"href":"https:\/\/thehometownlawyers.com\/es\/wp-json\/wp\/v2\/media\/20749"}],"wp:attachment":[{"href":"https:\/\/thehometownlawyers.com\/es\/wp-json\/wp\/v2\/media?parent=21228"}],"wp:term":[{"taxonomy":"hc_faqs","embeddable":true,"href":"https:\/\/thehometownlawyers.com\/es\/wp-json\/wp\/v2\/hc_faqs?post=21228"},{"taxonomy":"hc_spanish_faqs","embeddable":true,"href":"https:\/\/thehometownlawyers.com\/es\/wp-json\/wp\/v2\/hc_spanish_faqs?post=21228"}],"curies":[{"name":"wp","href":"https:\/\/api.w.org\/{rel}","templated":true}]}}