{"id":21229,"date":"2020-04-23T13:10:51","date_gmt":"2020-04-23T17:10:51","guid":{"rendered":"https:\/\/thehometownlawyers.com\/?page_id=21229"},"modified":"2025-04-02T14:09:34","modified_gmt":"2025-04-02T18:09:34","slug":"abogados-de-accidentes-automovilisticos-de-middletown-ohio","status":"publish","type":"page","link":"https:\/\/thehometownlawyers.com\/es\/abogados-de-lesiones-personales-de-middletown\/abogados-de-accidentes-automovilisticos-de-middletown-ohio\/","title":{"rendered":"Abogado de Accidente Automovil\u00edstico en Middletown"},"content":{"rendered":"<h2><strong>Abogados de accidentes automovil\u00edsticos en Middletown, Ohio<\/strong><\/h2>\n<p>Ubicado en los condados de Butler y Warren, Middletown tiene una poblaci\u00f3n comparativamente grande de m\u00e1s de 48,000 personas. Debido a su tama\u00f1o, Middletown ve muchos accidentes automovil\u00edsticos cada a\u00f1o. En 2017, hubo <a href=\"https:\/\/www.city-data.com\/accidents\/acc-Middletown-Ohio.html\" target=\"_blank\" rel=\"noopener\">siete accidentes automovil\u00edsticos mortales<\/a> en Middletown. Algunos de los lugares donde ocurren estos accidentes incluyen Manchester Avenue, Columbia Avenue y North University Boulevard. No importa c\u00f3mo o d\u00f3nde ocurran los accidentes automovil\u00edsticos en Middletown, los resultados suelen ser devastadores. Una de las mejores maneras de evitar las lesiones graves que resultan de estos accidentes es comprender algunos detalles cr\u00edticos sobre c\u00f3mo ocurren los accidentes. <a href=\"https:\/\/thehometownlawyers.com\/es\/contacto\/\">P\u00f3ngase<\/a> en contacto con nuestros abogados de accidentes automovil\u00edsticos de Middletown, Ohio, si necesita ayuda.<\/p>\n<p class=\"rs-content-cta rs-content-cta-small\">Para una consulta legal gratuita, llame al <a href=\"tel:+15138059841\">513-805-9841 <\/a><\/p><h2><strong>Tipos comunes de accidentes automovil\u00edsticos en Middletown<\/strong><\/h2>\n<p>Los accidentes automovil\u00edsticos en Middletown, OH, pueden ocurrir de varias maneras, pero algunas de las m\u00e1s comunes incluyen colisiones frontales, traseras, de varios veh\u00edculos, de un solo veh\u00edculo y de impacto lateral.<\/p>\n<p>Hay tantas causas detr\u00e1s de estos accidentes, aunque las m\u00e1s comunes incluyen:<\/p>\n<ul>\n<li><strong>Conducci\u00f3n agresiva. <\/strong>Los automovilistas que van detr\u00e1s o se abren paso entre el tr\u00e1fico tienen muchas probabilidades de terminar en un accidente mortal. En los casos m\u00e1s graves, la conducci\u00f3n agresiva se convierte r\u00e1pidamente en furia en la carretera, en la que el automovilista se concentra m\u00e1s en tomar represalias contra otro conductor por un mal percibido en lugar de conducir de manera segura.<\/li>\n<li><strong>Conducci\u00f3n distraida. <\/strong>Al intentar realizar m\u00faltiples tareas mientras conduce un veh\u00edculo motorizado, los conductores comprometen su capacidad para navegar con seguridad en las condiciones circundantes. Esto es cierto ya sea que una distracci\u00f3n implique enviar mensajes de texto, revisar las redes sociales, maquillarse o una de muchas otras actividades. Incluso si la atenci\u00f3n del conductor se desv\u00eda de la carretera durante varios segundos, es posible que el conductor no tenga suficiente tiempo para evitar una colisi\u00f3n.<\/li>\n<li><strong>Haciendo caso omiso de las leyes de tr\u00e1nsito. <\/strong>Los conductores que se involucran en patrones de manejo imprudentes como exceso de velocidad, pasarse las luces rojas o no detenerse en las se\u00f1ales de alto tienen un mayor riesgo de tener accidentes. Si bien muchos automovilistas siguen las leyes de tr\u00e1nsito, no todos lo hacen y, como resultado, ning\u00fan automovilista est\u00e1 completamente a salvo de los accidentes.<\/li>\n<li><strong>Conducci\u00f3n en estado de ebriedad. <\/strong>Cuando los conductores est\u00e1n borrachos o bajo la influencia de las drogas, sus posibilidades de terminar en un accidente grave son mucho mayores. Ohio toma muy en serio los cargos de operar un veh\u00edculo bajo la influencia (OVI) y estos delitos conllevan grandes multas y posible encarcelamiento.<\/li>\n<li><strong>Defectos del veh\u00edculo. <\/strong>A veces, los accidentes automovil\u00edsticos no son causados por los conductores. En cambio, algunos accidentes automovil\u00edsticos son el resultado de productos defectuosos o defectuosos. Los conductores pueden experimentar problemas con los frenos, los motores, los volantes u otras partes del veh\u00edculo que pueden dejarlos r\u00e1pidamente incapaces de controlar un veh\u00edculo de manera segura.<\/li>\n<\/ul>\n<p>Lamentablemente, independientemente de la seguridad con la que los automovilistas de Ohio operen sus veh\u00edculos, es imposible eliminar el riesgo de terminar en un accidente causado por cualquiera de estos factores.<\/p>\n<p class=\"rs-content-cta\">Abogado de Lesiones Personales de Middletown Cerca de M\u00ed <a href=\"tel:+15138059841\">513-805-9841<\/a><\/p><h2><strong>B\u00fasqueda de compensaci\u00f3n despu\u00e9s de accidentes automovil\u00edsticos en Middletown<\/strong><\/h2>\n<p>Algunas personas piensan que las lesiones f\u00edsicas son el \u00fanico da\u00f1o causado por los accidentes automovil\u00edsticos, pero en realidad, los accidentes pueden dejar a las v\u00edctimas enfrentando otras complicaciones. A menudo, las v\u00edctimas de accidentes no solo deben responder a las lesiones f\u00edsicas, sino tambi\u00e9n al da\u00f1o psicol\u00f3gico.<\/p>\n<p>Nuestros abogados tienen experiencia ayudando a las v\u00edctimas de accidentes automovil\u00edsticos a obtener una compensaci\u00f3n por diversas lesiones, como:<\/p>\n<ul>\n<li>Los huesos rotos son un resultado com\u00fan de los accidentes automovil\u00edsticos, pero las fuerzas sustanciales involucradas en el impacto de un veh\u00edculo tambi\u00e9n pueden romper huesos.<\/li>\n<li><strong><a href=\"https:\/\/thehometownlawyers.com\/es\/blog\/salud-mental-despues-de-un-accidente-automovilistico\/\">El trauma emocional<\/a><\/strong> es tan da\u00f1ino como las lesiones f\u00edsicas, aunque no se puede ver y se puede ocultar f\u00e1cilmente. Muchas v\u00edctimas de accidentes automovil\u00edsticos terminan desarrollando ansiedad, depresi\u00f3n o trastorno de estr\u00e9s postraum\u00e1tico despu\u00e9s de los accidentes. Algunos s\u00edntomas comunes de estas condiciones incluyen irritabilidad, fatiga cr\u00f3nica, p\u00e9rdida de sue\u00f1o y dificultad para concentrarse.<\/li>\n<li>Laceraciones, que pueden dar lugar a magulladuras y cortes considerables. A veces, las v\u00edctimas incluso pierden extremidades en accidentes automovil\u00edsticos.<\/li>\n<li>Lesiones de la m\u00e9dula espinal , que tienen el potencial de tener consecuencias duraderas, como movilidad limitada y par\u00e1lisis.<\/li>\n<li><a href=\"https:\/\/thehometownlawyers.com\/es\/\"><span style=\"text-decoration: underline;\"><strong>Lesiones cerebrales traum\u00e1ticas<\/strong><\/span><\/a> , que pueden afectar la capacidad de una persona para comunicarse, recordar y mantener las emociones bajo control.<\/li>\n<li>Latigazo cervical, que con frecuencia deja a las v\u00edctimas de accidentes automovil\u00edsticos con mareos, dolores de cabeza y otras lesiones importantes.<\/li>\n<\/ul>\n<p>Seg\u00fan la gravedad del accidente automovil\u00edstico, los da\u00f1os resultantes pueden variar mucho. Muchas v\u00edctimas descubren que los costos de las facturas m\u00e9dicas, as\u00ed como los gastos de recuperaci\u00f3n asociados, se suman r\u00e1pidamente. Tambi\u00e9n suele surgir la dif\u00edcil cuesti\u00f3n de reparar o reemplazar un veh\u00edculo da\u00f1ado. Con demasiada frecuencia, esto culmina con la p\u00e9rdida de salarios porque los trabajadores no pueden regresar r\u00e1pidamente al trabajo.<\/p>\n<p class=\"rs-content-cta rs-content-cta-small\"><a href=\"\/es\/contacto\/\">Haga clic para contactar<\/a> con nuestros lesiones personales abogados hoy<\/p><h2><strong>Hable con un abogado experto en accidentes automovil\u00edsticos de Middletown<\/strong><\/h2>\n<p>Cuando ocurren accidentes automovil\u00edsticos en Middletown, las v\u00edctimas a menudo enfrentan innumerables complicaciones. Como v\u00edctima de un accidente, tiene derecho a solicitar una compensaci\u00f3n y un abogado con experiencia puede ayudarlo. Comun\u00edquese con Kruger &amp; Hodges hoy para programar una cita para discutir su caso con nuestros <a href=\"https:\/\/thehometownlawyers.com\/es\/contacto\/\">abogados de accidentes automovil\u00edsticos de Middletown, Ohio<\/a> .<\/p>\n<p class=\"rs-content-cta rs-content-cta-small\">Complete una <a href=\"\/es\/contacto\/\">evaluaci\u00f3n gratuita de su caso<\/a> ahora<\/p><h2>Datos divertidos sobre Middletown<\/h2>\n<p><span style=\"font-weight: 400;\">Hay algunas teor\u00edas de donde Middletown obtuvo su nombre. Una teor\u00eda es que el fundador de Middletown, Stephen Vail, lo llam\u00f3 Middletown porque hab\u00eda venido de Middletown, Nueva Jersey. Otra teor\u00eda es que Middletown obtuvo su nombre porque es el punto medio de navegaci\u00f3n en el r\u00edo Great Miami. O Middletown recibe su nombre porque est\u00e1 a mitad de camino entre Dayton y Cincinnati, Ohio. Si bien Middletown puede verse diferente de lo que era cuando se fund\u00f3, todav\u00eda hay mucho para visitar, como Sorg Opera House o Veterans Memorial en Woodside Cemetery &amp; Arboretum. <\/span><\/p>\n<p class=\"rs-content-cta rs-content-cta-small\">Llame o env\u00ede un mensaje de texto al <a href=\"tel:+15138059841\">513-805-9841<\/a> o complete una <a href=\"\/es\/contacto\/\">evaluaci\u00f3n gratuita de su caso<\/a><\/p>","protected":false},"excerpt":{"rendered":"<p>Abogados de accidentes automovil\u00edsticos en Middletown, Ohio Ubicado en los condados de Butler y Warren, Middletown tiene una poblaci\u00f3n comparativamente grande de m\u00e1s de 48,000 personas. Debido a su tama\u00f1o, Middletown ve muchos accidentes automovil\u00edsticos cada a\u00f1o. En 2017, hubo siete accidentes automovil\u00edsticos mortales en Middletown. Algunos de los lugares donde ocurren estos accidentes incluyen &#8230;<\/p>\n","protected":false},"author":7,"featured_media":20847,"parent":21227,"menu_order":0,"comment_status":"closed","ping_status":"closed","template":"","meta":{"_acf_changed":false,"inline_featured_image":false,"_genesis_hide_title":false,"_genesis_hide_breadcrumbs":false,"_genesis_hide_singular_image":false,"_genesis_hide_footer_widgets":false,"_genesis_custom_body_class":"","_genesis_custom_post_class":"","_genesis_layout":"","footnotes":""},"hc_faqs":[],"hc_spanish_faqs":[],"class_list":{"0":"post-21229","1":"page","2":"type-page","3":"status-publish","4":"has-post-thumbnail","6":"hc_city_location-middletown-es","7":"entry"},"acf":[],"yoast_head":"<!-- This site is optimized with the Yoast SEO plugin v27.4 - https:\/\/yoast.com\/product\/yoast-seo-wordpress\/ -->\n<title>Abogados de accidentes automovil\u00edsticos de Middletown, Ohio: Consulta gratuita<\/title>\n<meta name=\"description\" content=\"Tienes derecho a una indemnizaci\u00f3n. P\u00f3ngase en contacto con Kruger &amp; Hodges hoy para discutir su caso con nuestros abogados de accidentes automovil\u00edsticos de Middletown, Ohio.\" \/>\n<meta name=\"robots\" content=\"index, follow, max-snippet:-1, max-image-preview:large, max-video-preview:-1\" \/>\n<link rel=\"canonical\" href=\"https:\/\/thehometownlawyers.com\/es\/abogados-de-lesiones-personales-de-middletown\/abogados-de-accidentes-automovilisticos-de-middletown-ohio\/\" \/>\n<meta property=\"og:locale\" content=\"es_MX\" \/>\n<meta property=\"og:type\" content=\"article\" \/>\n<meta property=\"og:title\" content=\"Abogados de accidentes automovil\u00edsticos de Middletown, Ohio: Consulta gratuita\" \/>\n<meta property=\"og:description\" content=\"Tienes derecho a una indemnizaci\u00f3n. P\u00f3ngase en contacto con Kruger &amp; Hodges hoy para discutir su caso con nuestros abogados de accidentes automovil\u00edsticos de Middletown, Ohio.\" \/>\n<meta property=\"og:url\" content=\"https:\/\/thehometownlawyers.com\/es\/abogados-de-lesiones-personales-de-middletown\/abogados-de-accidentes-automovilisticos-de-middletown-ohio\/\" \/>\n<meta property=\"og:site_name\" content=\"Kruger &amp; Hodges Abogados De Lesiones\" \/>\n<meta property=\"article:publisher\" content=\"https:\/\/www.facebook.com\/KrugerHodges\/\" \/>\n<meta property=\"article:modified_time\" content=\"2025-04-02T18:09:34+00:00\" \/>\n<meta property=\"og:image\" content=\"https:\/\/thehometownlawyers.com\/wp-content\/uploads\/2021\/09\/car-driving-wheel.jpg\" \/>\n\t<meta property=\"og:image:width\" content=\"1920\" \/>\n\t<meta property=\"og:image:height\" content=\"1080\" \/>\n\t<meta property=\"og:image:type\" content=\"image\/jpeg\" \/>\n<meta name=\"twitter:card\" content=\"summary_large_image\" \/>\n<meta name=\"twitter:label1\" content=\"Tiempo de lectura\" \/>\n\t<meta name=\"twitter:data1\" content=\"5 minutos\" \/>\n<script type=\"application\/ld+json\" class=\"yoast-schema-graph\">{\"@context\":\"https:\\\/\\\/schema.org\",\"@graph\":[{\"@type\":\"WebPage\",\"@id\":\"https:\\\/\\\/thehometownlawyers.com\\\/es\\\/abogados-de-lesiones-personales-de-middletown\\\/abogados-de-accidentes-automovilisticos-de-middletown-ohio\\\/\",\"url\":\"https:\\\/\\\/thehometownlawyers.com\\\/es\\\/abogados-de-lesiones-personales-de-middletown\\\/abogados-de-accidentes-automovilisticos-de-middletown-ohio\\\/\",\"name\":\"Abogados de accidentes automovil\u00edsticos de Middletown, Ohio: Consulta gratuita\",\"isPartOf\":{\"@id\":\"https:\\\/\\\/thehometownlawyers.com\\\/es\\\/#website\"},\"primaryImageOfPage\":{\"@id\":\"https:\\\/\\\/thehometownlawyers.com\\\/es\\\/abogados-de-lesiones-personales-de-middletown\\\/abogados-de-accidentes-automovilisticos-de-middletown-ohio\\\/#primaryimage\"},\"image\":{\"@id\":\"https:\\\/\\\/thehometownlawyers.com\\\/es\\\/abogados-de-lesiones-personales-de-middletown\\\/abogados-de-accidentes-automovilisticos-de-middletown-ohio\\\/#primaryimage\"},\"thumbnailUrl\":\"https:\\\/\\\/thehometownlawyers.com\\\/wp-content\\\/uploads\\\/2021\\\/09\\\/car-driving-wheel.jpg\",\"datePublished\":\"2020-04-23T17:10:51+00:00\",\"dateModified\":\"2025-04-02T18:09:34+00:00\",\"description\":\"Tienes derecho a una indemnizaci\u00f3n. P\u00f3ngase en contacto con Kruger & Hodges hoy para discutir su caso con nuestros abogados de accidentes automovil\u00edsticos de Middletown, Ohio.\",\"breadcrumb\":{\"@id\":\"https:\\\/\\\/thehometownlawyers.com\\\/es\\\/abogados-de-lesiones-personales-de-middletown\\\/abogados-de-accidentes-automovilisticos-de-middletown-ohio\\\/#breadcrumb\"},\"inLanguage\":\"es\",\"potentialAction\":[{\"@type\":\"ReadAction\",\"target\":[\"https:\\\/\\\/thehometownlawyers.com\\\/es\\\/abogados-de-lesiones-personales-de-middletown\\\/abogados-de-accidentes-automovilisticos-de-middletown-ohio\\\/\"]}]},{\"@type\":\"ImageObject\",\"inLanguage\":\"es\",\"@id\":\"https:\\\/\\\/thehometownlawyers.com\\\/es\\\/abogados-de-lesiones-personales-de-middletown\\\/abogados-de-accidentes-automovilisticos-de-middletown-ohio\\\/#primaryimage\",\"url\":\"https:\\\/\\\/thehometownlawyers.com\\\/wp-content\\\/uploads\\\/2021\\\/09\\\/car-driving-wheel.jpg\",\"contentUrl\":\"https:\\\/\\\/thehometownlawyers.com\\\/wp-content\\\/uploads\\\/2021\\\/09\\\/car-driving-wheel.jpg\",\"width\":1920,\"height\":1080,\"caption\":\"conductor e interior del veh\u00edculo\"},{\"@type\":\"BreadcrumbList\",\"@id\":\"https:\\\/\\\/thehometownlawyers.com\\\/es\\\/abogados-de-lesiones-personales-de-middletown\\\/abogados-de-accidentes-automovilisticos-de-middletown-ohio\\\/#breadcrumb\",\"itemListElement\":[{\"@type\":\"ListItem\",\"position\":1,\"name\":\"Home\",\"item\":\"https:\\\/\\\/thehometownlawyers.com\\\/es\\\/\"},{\"@type\":\"ListItem\",\"position\":2,\"name\":\"Abogado de Lesiones Personales en Middletown\",\"item\":\"https:\\\/\\\/thehometownlawyers.com\\\/es\\\/middletown\\\/personal-injury-lawyer\\\/\"},{\"@type\":\"ListItem\",\"position\":3,\"name\":\"Abogado de Accidente Automovil\u00edstico en Middletown\"}]},{\"@type\":\"WebSite\",\"@id\":\"https:\\\/\\\/thehometownlawyers.com\\\/es\\\/#website\",\"url\":\"https:\\\/\\\/thehometownlawyers.com\\\/es\\\/\",\"name\":\"Kruger & Hodges Hometown Injury Lawyers | Accident Attorneys\",\"description\":\"Attorneys for Car, Truck and Motorcycle Accidents, Personal Injuries, and Criminal Defense.\",\"publisher\":{\"@id\":\"https:\\\/\\\/thehometownlawyers.com\\\/es\\\/#organization\"},\"alternateName\":\"Kruger & Hodges Personal Injury Lawyers\",\"inLanguage\":\"es\"},{\"@type\":\"Organization\",\"@id\":\"https:\\\/\\\/thehometownlawyers.com\\\/es\\\/#organization\",\"name\":\"Kruger & Hodges Hometown Injury Lawyers\",\"alternateName\":\"Kruger & Hodges\",\"url\":\"https:\\\/\\\/thehometownlawyers.com\\\/es\\\/\",\"logo\":{\"@type\":\"ImageObject\",\"inLanguage\":\"es\",\"@id\":\"https:\\\/\\\/thehometownlawyers.com\\\/es\\\/#\\\/schema\\\/logo\\\/image\\\/\",\"url\":\"https:\\\/\\\/thehometownlawyers.com\\\/wp-content\\\/uploads\\\/2025\\\/12\\\/revised-kh-logo-vertical-white-background-scaled.png\",\"contentUrl\":\"https:\\\/\\\/thehometownlawyers.com\\\/wp-content\\\/uploads\\\/2025\\\/12\\\/revised-kh-logo-vertical-white-background-scaled.png\",\"width\":2560,\"height\":1440,\"caption\":\"Kruger & Hodges Hometown Injury Lawyers\"},\"image\":{\"@id\":\"https:\\\/\\\/thehometownlawyers.com\\\/es\\\/#\\\/schema\\\/logo\\\/image\\\/\"},\"sameAs\":[\"https:\\\/\\\/www.facebook.com\\\/KrugerHodges\\\/\",\"https:\\\/\\\/www.instagram.com\\\/krugerhodges\\\/\",\"https:\\\/\\\/www.linkedin.com\\\/company\\\/kruger-hodges-hometown-injury-lawyers\\\/\",\"https:\\\/\\\/www.youtube.com\\\/channel\\\/UCeYcMaMaN2rb9jMlqt4EIdQ\",\"https:\\\/\\\/www.tiktok.com\\\/@thehometownlawyer\"]}]}<\/script>\n<!-- \/ Yoast SEO plugin. -->","yoast_head_json":{"title":"Abogados de accidentes automovil\u00edsticos de Middletown, Ohio: Consulta gratuita","description":"Tienes derecho a una indemnizaci\u00f3n. P\u00f3ngase en contacto con Kruger & Hodges hoy para discutir su caso con nuestros abogados de accidentes automovil\u00edsticos de Middletown, Ohio.","robots":{"index":"index","follow":"follow","max-snippet":"max-snippet:-1","max-image-preview":"max-image-preview:large","max-video-preview":"max-video-preview:-1"},"canonical":"https:\/\/thehometownlawyers.com\/es\/abogados-de-lesiones-personales-de-middletown\/abogados-de-accidentes-automovilisticos-de-middletown-ohio\/","og_locale":"es_MX","og_type":"article","og_title":"Abogados de accidentes automovil\u00edsticos de Middletown, Ohio: Consulta gratuita","og_description":"Tienes derecho a una indemnizaci\u00f3n. P\u00f3ngase en contacto con Kruger & Hodges hoy para discutir su caso con nuestros abogados de accidentes automovil\u00edsticos de Middletown, Ohio.","og_url":"https:\/\/thehometownlawyers.com\/es\/abogados-de-lesiones-personales-de-middletown\/abogados-de-accidentes-automovilisticos-de-middletown-ohio\/","og_site_name":"Kruger &amp; Hodges Abogados De Lesiones","article_publisher":"https:\/\/www.facebook.com\/KrugerHodges\/","article_modified_time":"2025-04-02T18:09:34+00:00","og_image":[{"width":1920,"height":1080,"url":"https:\/\/thehometownlawyers.com\/wp-content\/uploads\/2021\/09\/car-driving-wheel.jpg","type":"image\/jpeg"}],"twitter_card":"summary_large_image","twitter_misc":{"Tiempo de lectura":"5 minutos"},"schema":{"@context":"https:\/\/schema.org","@graph":[{"@type":"WebPage","@id":"https:\/\/thehometownlawyers.com\/es\/abogados-de-lesiones-personales-de-middletown\/abogados-de-accidentes-automovilisticos-de-middletown-ohio\/","url":"https:\/\/thehometownlawyers.com\/es\/abogados-de-lesiones-personales-de-middletown\/abogados-de-accidentes-automovilisticos-de-middletown-ohio\/","name":"Abogados de accidentes automovil\u00edsticos de Middletown, Ohio: Consulta gratuita","isPartOf":{"@id":"https:\/\/thehometownlawyers.com\/es\/#website"},"primaryImageOfPage":{"@id":"https:\/\/thehometownlawyers.com\/es\/abogados-de-lesiones-personales-de-middletown\/abogados-de-accidentes-automovilisticos-de-middletown-ohio\/#primaryimage"},"image":{"@id":"https:\/\/thehometownlawyers.com\/es\/abogados-de-lesiones-personales-de-middletown\/abogados-de-accidentes-automovilisticos-de-middletown-ohio\/#primaryimage"},"thumbnailUrl":"https:\/\/thehometownlawyers.com\/wp-content\/uploads\/2021\/09\/car-driving-wheel.jpg","datePublished":"2020-04-23T17:10:51+00:00","dateModified":"2025-04-02T18:09:34+00:00","description":"Tienes derecho a una indemnizaci\u00f3n. P\u00f3ngase en contacto con Kruger & Hodges hoy para discutir su caso con nuestros abogados de accidentes automovil\u00edsticos de Middletown, Ohio.","breadcrumb":{"@id":"https:\/\/thehometownlawyers.com\/es\/abogados-de-lesiones-personales-de-middletown\/abogados-de-accidentes-automovilisticos-de-middletown-ohio\/#breadcrumb"},"inLanguage":"es","potentialAction":[{"@type":"ReadAction","target":["https:\/\/thehometownlawyers.com\/es\/abogados-de-lesiones-personales-de-middletown\/abogados-de-accidentes-automovilisticos-de-middletown-ohio\/"]}]},{"@type":"ImageObject","inLanguage":"es","@id":"https:\/\/thehometownlawyers.com\/es\/abogados-de-lesiones-personales-de-middletown\/abogados-de-accidentes-automovilisticos-de-middletown-ohio\/#primaryimage","url":"https:\/\/thehometownlawyers.com\/wp-content\/uploads\/2021\/09\/car-driving-wheel.jpg","contentUrl":"https:\/\/thehometownlawyers.com\/wp-content\/uploads\/2021\/09\/car-driving-wheel.jpg","width":1920,"height":1080,"caption":"conductor e interior del veh\u00edculo"},{"@type":"BreadcrumbList","@id":"https:\/\/thehometownlawyers.com\/es\/abogados-de-lesiones-personales-de-middletown\/abogados-de-accidentes-automovilisticos-de-middletown-ohio\/#breadcrumb","itemListElement":[{"@type":"ListItem","position":1,"name":"Home","item":"https:\/\/thehometownlawyers.com\/es\/"},{"@type":"ListItem","position":2,"name":"Abogado de Lesiones Personales en Middletown","item":"https:\/\/thehometownlawyers.com\/es\/middletown\/personal-injury-lawyer\/"},{"@type":"ListItem","position":3,"name":"Abogado de Accidente Automovil\u00edstico en Middletown"}]},{"@type":"WebSite","@id":"https:\/\/thehometownlawyers.com\/es\/#website","url":"https:\/\/thehometownlawyers.com\/es\/","name":"Kruger & Hodges Hometown Injury Lawyers | Accident Attorneys","description":"Attorneys for Car, Truck and Motorcycle Accidents, Personal Injuries, and Criminal Defense.","publisher":{"@id":"https:\/\/thehometownlawyers.com\/es\/#organization"},"alternateName":"Kruger & Hodges Personal Injury Lawyers","inLanguage":"es"},{"@type":"Organization","@id":"https:\/\/thehometownlawyers.com\/es\/#organization","name":"Kruger & Hodges Hometown Injury Lawyers","alternateName":"Kruger & Hodges","url":"https:\/\/thehometownlawyers.com\/es\/","logo":{"@type":"ImageObject","inLanguage":"es","@id":"https:\/\/thehometownlawyers.com\/es\/#\/schema\/logo\/image\/","url":"https:\/\/thehometownlawyers.com\/wp-content\/uploads\/2025\/12\/revised-kh-logo-vertical-white-background-scaled.png","contentUrl":"https:\/\/thehometownlawyers.com\/wp-content\/uploads\/2025\/12\/revised-kh-logo-vertical-white-background-scaled.png","width":2560,"height":1440,"caption":"Kruger & Hodges Hometown Injury Lawyers"},"image":{"@id":"https:\/\/thehometownlawyers.com\/es\/#\/schema\/logo\/image\/"},"sameAs":["https:\/\/www.facebook.com\/KrugerHodges\/","https:\/\/www.instagram.com\/krugerhodges\/","https:\/\/www.linkedin.com\/company\/kruger-hodges-hometown-injury-lawyers\/","https:\/\/www.youtube.com\/channel\/UCeYcMaMaN2rb9jMlqt4EIdQ","https:\/\/www.tiktok.com\/@thehometownlawyer"]}]}},"_links":{"self":[{"href":"https:\/\/thehometownlawyers.com\/es\/wp-json\/wp\/v2\/pages\/21229","targetHints":{"allow":["GET"]}}],"collection":[{"href":"https:\/\/thehometownlawyers.com\/es\/wp-json\/wp\/v2\/pages"}],"about":[{"href":"https:\/\/thehometownlawyers.com\/es\/wp-json\/wp\/v2\/types\/page"}],"author":[{"embeddable":true,"href":"https:\/\/thehometownlawyers.com\/es\/wp-json\/wp\/v2\/users\/7"}],"replies":[{"embeddable":true,"href":"https:\/\/thehometownlawyers.com\/es\/wp-json\/wp\/v2\/comments?post=21229"}],"version-history":[{"count":0,"href":"https:\/\/thehometownlawyers.com\/es\/wp-json\/wp\/v2\/pages\/21229\/revisions"}],"up":[{"embeddable":true,"href":"https:\/\/thehometownlawyers.com\/es\/wp-json\/wp\/v2\/pages\/21227"}],"wp:featuredmedia":[{"embeddable":true,"href":"https:\/\/thehometownlawyers.com\/es\/wp-json\/wp\/v2\/media\/20847"}],"wp:attachment":[{"href":"https:\/\/thehometownlawyers.com\/es\/wp-json\/wp\/v2\/media?parent=21229"}],"wp:term":[{"taxonomy":"hc_faqs","embeddable":true,"href":"https:\/\/thehometownlawyers.com\/es\/wp-json\/wp\/v2\/hc_faqs?post=21229"},{"taxonomy":"hc_spanish_faqs","embeddable":true,"href":"https:\/\/thehometownlawyers.com\/es\/wp-json\/wp\/v2\/hc_spanish_faqs?post=21229"}],"curies":[{"name":"wp","href":"https:\/\/api.w.org\/{rel}","templated":true}]}}