{"id":21230,"date":"2020-04-22T21:38:04","date_gmt":"2020-04-23T01:38:04","guid":{"rendered":"https:\/\/thehometownlawyers.com\/?page_id=21230"},"modified":"2025-01-31T10:32:28","modified_gmt":"2025-01-31T15:32:28","slug":"abogado-de-accidentes-de-semirremolques-liberty-township-ohio","status":"publish","type":"page","link":"https:\/\/thehometownlawyers.com\/es\/abogado-de-lesiones-liberty-township-ohio\/abogado-de-accidentes-de-semirremolques-liberty-township-ohio\/","title":{"rendered":"Abogado de Accidente de Semi en Liberty Township"},"content":{"rendered":"<h2>Abogado de accidentes de camiones en Liberty Township<\/h2>\n<p>Aunque no es el m\u00e1s grande de los 13 municipios del condado de Butler, el municipio de Liberty todav\u00eda tiene una poblaci\u00f3n de m\u00e1s de 37,259. Ya sea que se trate de un Kroger, Sears, FedEx o cualquier otro tipo de cami\u00f3n que viaje por la carretera interestatal 75 o cualquier otra carretera en Liberty Township, es com\u00fan que ocurran accidentes.<\/p>\n<p>La Patrulla de Carreteras del Estado de Ohio <a href=\"https:\/\/statepatrol.ohio.gov\/statistics\/statspage3.asp\" target=\"_blank\" rel=\"noopener\">informa<\/a> que en 2018 ocurrieron 121 muertes por accidentes de camiones pesados en el estado. Debido al tama\u00f1o y peso considerables de los camiones, muchos de estos accidentes dejaron a las v\u00edctimas enfrentando innumerables dificultades, incluidas grandes facturas m\u00e9dicas y salarios perdidos. Si result\u00f3 lesionado en un accidente de cami\u00f3n en Liberty Township, un abogado con experiencia en lesiones personales puede ayudarlo a obtener la compensaci\u00f3n que merece.<\/p>\n<p class=\"rs-content-cta rs-content-cta-small\">Para una consulta legal gratuita, llame al <a href=\"tel:+15138943333\">513-894-3333 <\/a><\/p><h2>Factores mortales presentes en los accidentes de camiones en Ohio<\/h2>\n<p>El tama\u00f1o y el peso sustanciales de los veh\u00edculos comerciales hacen que se manejen de manera diferente a los veh\u00edculos m\u00e1s peque\u00f1os. Si bien los conductores de camiones est\u00e1n capacitados para operar veh\u00edculos grandes, muchos problemas est\u00e1n asociados con los accidentes de camiones, que incluyen:<\/p>\n<ul>\n<li>Existen puntos ciegos m\u00e1s grandes en la parte delantera, lateral y trasera de los camiones, lo que significa que hay mayores probabilidades de que un conductor de cami\u00f3n no vea autom\u00f3viles o motocicletas cercanas.<\/li>\n<li>Los camiones requieren m\u00e1s tiempo y espacio para detenerse por completo. Por ejemplo, mientras que un veh\u00edculo de pasajeros que viaja a 65 millas por hora necesita menos de 200 pies para detenerse, un cami\u00f3n a menudo requiere m\u00e1s de 400 pies para detenerse.<\/li>\n<li>Debido a que muchos camiones son largos, necesitan m\u00e1s espacio para girar que los veh\u00edculos de pasajeros m\u00e1s peque\u00f1os. Cuando estos veh\u00edculos giran demasiado repentinamente, es com\u00fan que se produzca un efecto de navaja. Esto significa que el remolque del cami\u00f3n se desliza en un \u00e1ngulo perpendicular a su cabina.<\/li>\n<li>El mayor tama\u00f1o y peso de los camiones con remolque los coloca en una mayor probabilidad de terminar en accidentes de vuelco. Estos accidentes son m\u00e1s comunes en carreteras con curvas o cuando los conductores de camiones deben detenerse repentinamente.<\/li>\n<\/ul>\n<p class=\"rs-content-cta\">Abogado de Lesiones Personales de Liberty Township Cerca de M\u00ed <a href=\"tel:+15138943333\">513-894-3333<\/a><\/p><h2>Causas Comunes de Accidentes de Camiones Liberty<\/h2>\n<p>Muchos factores pueden resultar r\u00e1pidamente en devastadores accidentes de camiones. Algunas de las causas m\u00e1s comunes de estos accidentes incluyen:<\/p>\n<ul>\n<li>Equipos defectuosos en camiones, que pueden incluir motores que se incendian o ruedas que fallan inesperadamente<\/li>\n<li>Conducci\u00f3n distra\u00edda, que ocurre cuando los conductores intentan realizar m\u00faltiples tareas mientras conducen y desv\u00edan brevemente su atenci\u00f3n de la carretera.<\/li>\n<li>Conductores somnolientos que se quedan dormidos al volante, as\u00ed como conductores fatigados que no pueden prestar la atenci\u00f3n adecuada a su entorno.<\/li>\n<li>Peligros ambientales, que pueden incluir caminos resbaladizos que resultan en vuelcos de camiones<\/li>\n<li>No se\u00f1alar adecuadamente, lo que puede dejar a los conductores de camiones sin suficiente tiempo para detener o maniobrar su veh\u00edculo<\/li>\n<li>Carga cargada incorrectamente, que puede moverse y causar volcaduras o soltarse y crear escombros en el camino para otros veh\u00edculos<\/li>\n<li>Camiones con mantenimiento inadecuado, que resultan peligrosos cuando las piezas del veh\u00edculo no funcionan seg\u00fan sea necesario<\/li>\n<li>Exceso de velocidad, que ocurre cuando los conductores no obedecen las normas publicadas o viajan demasiado r\u00e1pido para las condiciones del entorno<\/li>\n<li>Conductores de camiones que operan veh\u00edculos bajo la influencia del alcohol o las drogas<\/li>\n<\/ul>\n<p class=\"rs-content-cta rs-content-cta-small\"><a href=\"\/es\/contacto\/\">Haga clic para contactar<\/a> con nuestros lesiones personales abogados hoy<\/p><h2>Establecimiento de responsabilidad por accidentes de camiones en Ohio<\/h2>\n<p>Los accidentes de camiones en Ohio son de naturaleza compleja y, a menudo, se encuentra que varias partes tienen la culpa. Estos a menudo incluyen entidades como conductores de camiones, propietarios de camiones, empresas de camiones y fabricantes de camiones. Seg\u00fan c\u00f3mo ocurri\u00f3 su accidente, a menudo es posible obtener una compensaci\u00f3n por varios tipos de da\u00f1os, que incluyen:<\/p>\n<ul>\n<li>Desfiguraci\u00f3n<\/li>\n<li>P\u00e9rdida de la capacidad de generar ingresos<\/li>\n<li>Salarios perdidos<\/li>\n<li>Costos m\u00e9dicos<\/li>\n<li>Angustia mental<\/li>\n<li>Discapacidad f\u00edsica<\/li>\n<li>Dolor f\u00edsico<\/li>\n<li>Da\u00f1os punitivos<\/li>\n<\/ul>\n<p class=\"rs-content-cta rs-content-cta-small\">Complete una <a href=\"\/es\/contacto\/\">evaluaci\u00f3n gratuita de su caso<\/a> ahora<\/p><h2>Perseguir acciones de muerte por negligencia<\/h2>\n<p>Los camiones a menudo se utilizan con fines comerciales. Debido a su tama\u00f1o sustancial y maniobrabilidad limitada, los camiones hacen que algunos lugares sean mucho m\u00e1s peligrosos que otros. La mayor\u00eda de los accidentes de camiones ocurren en las intersecciones y cuando los camiones maniobran entre carriles. La Administraci\u00f3n Federal de Seguridad de Autotransportes <a href=\"https:\/\/www.fmcsa.dot.gov\/safety\/data-and-statistics\/large-truck-and-bus-crash-facts-2017#A2\" target=\"_blank\" rel=\"noopener\">informa<\/a> que los accidentes de camiones a menudo ocurren en carreteras urbanas o rurales, entre las 6 p. m. y las 6 a. m. de lunes a viernes y en zonas de construcci\u00f3n.<\/p>\n<p>Si bien los accidentes de camiones dejan a muchas v\u00edctimas enfrentando situaciones graves, estos accidentes a veces tambi\u00e9n resultan en muertes. Si perdi\u00f3 a un ser querido en un accidente de cami\u00f3n, tiene derecho a buscar una compensaci\u00f3n como miembro de la familia de la persona fallecida. Esta compensaci\u00f3n nunca reemplazar\u00e1 a su ser querido, pero puede proporcionar una compensaci\u00f3n para cubrir cosas como gastos de funeral y entierro, angustia mental, p\u00e9rdida de compa\u00f1\u00eda y p\u00e9rdida de apoyo financiero.<\/p>\n<h2>Comun\u00edquese con un abogado compasivo de accidentes de camiones en Ohio<\/h2>\n<p>Si usted o un ser querido tuvieron un accidente de cami\u00f3n en Liberty Township, Ohio o en cualquier otro lugar de Ohio, no debe dudar en hablar con un abogado experto en accidentes de camiones . Comun\u00edquese con Kruger &amp; Hodges hoy para <a href=\"https:\/\/thehometownlawyers.com\/es\/contacto\/\">programar una evaluaci\u00f3n gratuita<\/a> de su caso con un abogado especializado en accidentes de camiones.<\/p>\n<p class=\"rs-content-cta rs-content-cta-small\">Llame o env\u00ede un mensaje de texto al <a href=\"tel:+15138943333\">513-894-3333<\/a> o complete una <a href=\"\/es\/contacto\/\">evaluaci\u00f3n gratuita de su caso<\/a><\/p>","protected":false},"excerpt":{"rendered":"<p>Abogado de accidentes de camiones en Liberty Township Aunque no es el m\u00e1s grande de los 13 municipios del condado de Butler, el municipio de Liberty todav\u00eda tiene una poblaci\u00f3n de m\u00e1s de 37,259. Ya sea que se trate de un Kroger, Sears, FedEx o cualquier otro tipo de cami\u00f3n que viaje por la carretera &#8230;<\/p>\n","protected":false},"author":7,"featured_media":20728,"parent":21223,"menu_order":0,"comment_status":"closed","ping_status":"closed","template":"","meta":{"_acf_changed":false,"inline_featured_image":false,"_genesis_hide_title":false,"_genesis_hide_breadcrumbs":false,"_genesis_hide_singular_image":false,"_genesis_hide_footer_widgets":false,"_genesis_custom_body_class":"","_genesis_custom_post_class":"","_genesis_layout":"","footnotes":""},"hc_faqs":[],"hc_spanish_faqs":[],"class_list":{"0":"post-21230","1":"page","2":"type-page","3":"status-publish","4":"has-post-thumbnail","6":"hc_city_location-liberty-township-es","7":"entry"},"acf":[],"yoast_head":"<!-- This site is optimized with the Yoast SEO plugin v27.4 - https:\/\/yoast.com\/product\/yoast-seo-wordpress\/ -->\n<title>Abogado de accidentes de semirremolques Liberty Township, Ohio: Consulta gratuita<\/title>\n<meta name=\"description\" content=\"Abogado de accidentes de camiones en Liberty Township Aunque no es el m\u00e1s grande de los 13 municipios del condado de Butler, el municipio de Liberty\" \/>\n<meta name=\"robots\" content=\"index, follow, max-snippet:-1, max-image-preview:large, max-video-preview:-1\" \/>\n<link rel=\"canonical\" href=\"https:\/\/thehometownlawyers.com\/es\/abogado-de-lesiones-liberty-township-ohio\/abogado-de-accidentes-de-semirremolques-liberty-township-ohio\/\" \/>\n<meta property=\"og:locale\" content=\"es_MX\" \/>\n<meta property=\"og:type\" content=\"article\" \/>\n<meta property=\"og:title\" content=\"Abogado de accidentes de semirremolques Liberty Township, Ohio: Consulta gratuita\" \/>\n<meta property=\"og:description\" content=\"Abogado de accidentes de camiones en Liberty Township Aunque no es el m\u00e1s grande de los 13 municipios del condado de Butler, el municipio de Liberty\" \/>\n<meta property=\"og:url\" content=\"https:\/\/thehometownlawyers.com\/es\/abogado-de-lesiones-liberty-township-ohio\/abogado-de-accidentes-de-semirremolques-liberty-township-ohio\/\" \/>\n<meta property=\"og:site_name\" content=\"Kruger &amp; Hodges Abogados De Lesiones\" \/>\n<meta property=\"article:publisher\" content=\"https:\/\/www.facebook.com\/KrugerHodges\/\" \/>\n<meta property=\"article:modified_time\" content=\"2025-01-31T15:32:28+00:00\" \/>\n<meta property=\"og:image\" content=\"https:\/\/thehometownlawyers.com\/wp-content\/uploads\/2019\/01\/FedEx-Truck-Accident.jpg\" \/>\n\t<meta property=\"og:image:width\" content=\"640\" \/>\n\t<meta property=\"og:image:height\" content=\"427\" \/>\n\t<meta property=\"og:image:type\" content=\"image\/jpeg\" \/>\n<meta name=\"twitter:card\" content=\"summary_large_image\" \/>\n<meta name=\"twitter:label1\" content=\"Tiempo de lectura\" \/>\n\t<meta name=\"twitter:data1\" content=\"5 minutos\" \/>\n<script type=\"application\/ld+json\" class=\"yoast-schema-graph\">{\"@context\":\"https:\\\/\\\/schema.org\",\"@graph\":[{\"@type\":\"WebPage\",\"@id\":\"https:\\\/\\\/thehometownlawyers.com\\\/es\\\/abogado-de-lesiones-liberty-township-ohio\\\/abogado-de-accidentes-de-semirremolques-liberty-township-ohio\\\/\",\"url\":\"https:\\\/\\\/thehometownlawyers.com\\\/es\\\/abogado-de-lesiones-liberty-township-ohio\\\/abogado-de-accidentes-de-semirremolques-liberty-township-ohio\\\/\",\"name\":\"Abogado de accidentes de semirremolques Liberty Township, Ohio: Consulta gratuita\",\"isPartOf\":{\"@id\":\"https:\\\/\\\/thehometownlawyers.com\\\/es\\\/#website\"},\"primaryImageOfPage\":{\"@id\":\"https:\\\/\\\/thehometownlawyers.com\\\/es\\\/abogado-de-lesiones-liberty-township-ohio\\\/abogado-de-accidentes-de-semirremolques-liberty-township-ohio\\\/#primaryimage\"},\"image\":{\"@id\":\"https:\\\/\\\/thehometownlawyers.com\\\/es\\\/abogado-de-lesiones-liberty-township-ohio\\\/abogado-de-accidentes-de-semirremolques-liberty-township-ohio\\\/#primaryimage\"},\"thumbnailUrl\":\"https:\\\/\\\/thehometownlawyers.com\\\/wp-content\\\/uploads\\\/2019\\\/01\\\/FedEx-Truck-Accident.jpg\",\"datePublished\":\"2020-04-23T01:38:04+00:00\",\"dateModified\":\"2025-01-31T15:32:28+00:00\",\"description\":\"Abogado de accidentes de camiones en Liberty Township Aunque no es el m\u00e1s grande de los 13 municipios del condado de Butler, el municipio de Liberty\",\"breadcrumb\":{\"@id\":\"https:\\\/\\\/thehometownlawyers.com\\\/es\\\/abogado-de-lesiones-liberty-township-ohio\\\/abogado-de-accidentes-de-semirremolques-liberty-township-ohio\\\/#breadcrumb\"},\"inLanguage\":\"es\",\"potentialAction\":[{\"@type\":\"ReadAction\",\"target\":[\"https:\\\/\\\/thehometownlawyers.com\\\/es\\\/abogado-de-lesiones-liberty-township-ohio\\\/abogado-de-accidentes-de-semirremolques-liberty-township-ohio\\\/\"]}]},{\"@type\":\"ImageObject\",\"inLanguage\":\"es\",\"@id\":\"https:\\\/\\\/thehometownlawyers.com\\\/es\\\/abogado-de-lesiones-liberty-township-ohio\\\/abogado-de-accidentes-de-semirremolques-liberty-township-ohio\\\/#primaryimage\",\"url\":\"https:\\\/\\\/thehometownlawyers.com\\\/wp-content\\\/uploads\\\/2019\\\/01\\\/FedEx-Truck-Accident.jpg\",\"contentUrl\":\"https:\\\/\\\/thehometownlawyers.com\\\/wp-content\\\/uploads\\\/2019\\\/01\\\/FedEx-Truck-Accident.jpg\",\"width\":640,\"height\":427,\"caption\":\"Accidente de tres semirremolques\"},{\"@type\":\"BreadcrumbList\",\"@id\":\"https:\\\/\\\/thehometownlawyers.com\\\/es\\\/abogado-de-lesiones-liberty-township-ohio\\\/abogado-de-accidentes-de-semirremolques-liberty-township-ohio\\\/#breadcrumb\",\"itemListElement\":[{\"@type\":\"ListItem\",\"position\":1,\"name\":\"Home\",\"item\":\"https:\\\/\\\/thehometownlawyers.com\\\/es\\\/\"},{\"@type\":\"ListItem\",\"position\":2,\"name\":\"Abogado de Lesiones Personales en Liberty Township\",\"item\":\"https:\\\/\\\/thehometownlawyers.com\\\/es\\\/abogado-de-lesiones-liberty-township-ohio\\\/\"},{\"@type\":\"ListItem\",\"position\":3,\"name\":\"Abogado de Accidente de Semi en Liberty Township\"}]},{\"@type\":\"WebSite\",\"@id\":\"https:\\\/\\\/thehometownlawyers.com\\\/es\\\/#website\",\"url\":\"https:\\\/\\\/thehometownlawyers.com\\\/es\\\/\",\"name\":\"Kruger & Hodges Hometown Injury Lawyers | Accident Attorneys\",\"description\":\"Attorneys for Car, Truck and Motorcycle Accidents, Personal Injuries, and Criminal Defense.\",\"publisher\":{\"@id\":\"https:\\\/\\\/thehometownlawyers.com\\\/es\\\/#organization\"},\"alternateName\":\"Kruger & Hodges Personal Injury Lawyers\",\"inLanguage\":\"es\"},{\"@type\":\"Organization\",\"@id\":\"https:\\\/\\\/thehometownlawyers.com\\\/es\\\/#organization\",\"name\":\"Kruger & Hodges Hometown Injury Lawyers\",\"alternateName\":\"Kruger & Hodges\",\"url\":\"https:\\\/\\\/thehometownlawyers.com\\\/es\\\/\",\"logo\":{\"@type\":\"ImageObject\",\"inLanguage\":\"es\",\"@id\":\"https:\\\/\\\/thehometownlawyers.com\\\/es\\\/#\\\/schema\\\/logo\\\/image\\\/\",\"url\":\"https:\\\/\\\/thehometownlawyers.com\\\/wp-content\\\/uploads\\\/2025\\\/12\\\/revised-kh-logo-vertical-white-background-scaled.png\",\"contentUrl\":\"https:\\\/\\\/thehometownlawyers.com\\\/wp-content\\\/uploads\\\/2025\\\/12\\\/revised-kh-logo-vertical-white-background-scaled.png\",\"width\":2560,\"height\":1440,\"caption\":\"Kruger & Hodges Hometown Injury Lawyers\"},\"image\":{\"@id\":\"https:\\\/\\\/thehometownlawyers.com\\\/es\\\/#\\\/schema\\\/logo\\\/image\\\/\"},\"sameAs\":[\"https:\\\/\\\/www.facebook.com\\\/KrugerHodges\\\/\",\"https:\\\/\\\/www.instagram.com\\\/krugerhodges\\\/\",\"https:\\\/\\\/www.linkedin.com\\\/company\\\/kruger-hodges-hometown-injury-lawyers\\\/\",\"https:\\\/\\\/www.youtube.com\\\/channel\\\/UCeYcMaMaN2rb9jMlqt4EIdQ\",\"https:\\\/\\\/www.tiktok.com\\\/@thehometownlawyer\"]}]}<\/script>\n<!-- \/ Yoast SEO plugin. -->","yoast_head_json":{"title":"Abogado de accidentes de semirremolques Liberty Township, Ohio: Consulta gratuita","description":"Abogado de accidentes de camiones en Liberty Township Aunque no es el m\u00e1s grande de los 13 municipios del condado de Butler, el municipio de Liberty","robots":{"index":"index","follow":"follow","max-snippet":"max-snippet:-1","max-image-preview":"max-image-preview:large","max-video-preview":"max-video-preview:-1"},"canonical":"https:\/\/thehometownlawyers.com\/es\/abogado-de-lesiones-liberty-township-ohio\/abogado-de-accidentes-de-semirremolques-liberty-township-ohio\/","og_locale":"es_MX","og_type":"article","og_title":"Abogado de accidentes de semirremolques Liberty Township, Ohio: Consulta gratuita","og_description":"Abogado de accidentes de camiones en Liberty Township Aunque no es el m\u00e1s grande de los 13 municipios del condado de Butler, el municipio de Liberty","og_url":"https:\/\/thehometownlawyers.com\/es\/abogado-de-lesiones-liberty-township-ohio\/abogado-de-accidentes-de-semirremolques-liberty-township-ohio\/","og_site_name":"Kruger &amp; Hodges Abogados De Lesiones","article_publisher":"https:\/\/www.facebook.com\/KrugerHodges\/","article_modified_time":"2025-01-31T15:32:28+00:00","og_image":[{"width":640,"height":427,"url":"https:\/\/thehometownlawyers.com\/wp-content\/uploads\/2019\/01\/FedEx-Truck-Accident.jpg","type":"image\/jpeg"}],"twitter_card":"summary_large_image","twitter_misc":{"Tiempo de lectura":"5 minutos"},"schema":{"@context":"https:\/\/schema.org","@graph":[{"@type":"WebPage","@id":"https:\/\/thehometownlawyers.com\/es\/abogado-de-lesiones-liberty-township-ohio\/abogado-de-accidentes-de-semirremolques-liberty-township-ohio\/","url":"https:\/\/thehometownlawyers.com\/es\/abogado-de-lesiones-liberty-township-ohio\/abogado-de-accidentes-de-semirremolques-liberty-township-ohio\/","name":"Abogado de accidentes de semirremolques Liberty Township, Ohio: Consulta gratuita","isPartOf":{"@id":"https:\/\/thehometownlawyers.com\/es\/#website"},"primaryImageOfPage":{"@id":"https:\/\/thehometownlawyers.com\/es\/abogado-de-lesiones-liberty-township-ohio\/abogado-de-accidentes-de-semirremolques-liberty-township-ohio\/#primaryimage"},"image":{"@id":"https:\/\/thehometownlawyers.com\/es\/abogado-de-lesiones-liberty-township-ohio\/abogado-de-accidentes-de-semirremolques-liberty-township-ohio\/#primaryimage"},"thumbnailUrl":"https:\/\/thehometownlawyers.com\/wp-content\/uploads\/2019\/01\/FedEx-Truck-Accident.jpg","datePublished":"2020-04-23T01:38:04+00:00","dateModified":"2025-01-31T15:32:28+00:00","description":"Abogado de accidentes de camiones en Liberty Township Aunque no es el m\u00e1s grande de los 13 municipios del condado de Butler, el municipio de Liberty","breadcrumb":{"@id":"https:\/\/thehometownlawyers.com\/es\/abogado-de-lesiones-liberty-township-ohio\/abogado-de-accidentes-de-semirremolques-liberty-township-ohio\/#breadcrumb"},"inLanguage":"es","potentialAction":[{"@type":"ReadAction","target":["https:\/\/thehometownlawyers.com\/es\/abogado-de-lesiones-liberty-township-ohio\/abogado-de-accidentes-de-semirremolques-liberty-township-ohio\/"]}]},{"@type":"ImageObject","inLanguage":"es","@id":"https:\/\/thehometownlawyers.com\/es\/abogado-de-lesiones-liberty-township-ohio\/abogado-de-accidentes-de-semirremolques-liberty-township-ohio\/#primaryimage","url":"https:\/\/thehometownlawyers.com\/wp-content\/uploads\/2019\/01\/FedEx-Truck-Accident.jpg","contentUrl":"https:\/\/thehometownlawyers.com\/wp-content\/uploads\/2019\/01\/FedEx-Truck-Accident.jpg","width":640,"height":427,"caption":"Accidente de tres semirremolques"},{"@type":"BreadcrumbList","@id":"https:\/\/thehometownlawyers.com\/es\/abogado-de-lesiones-liberty-township-ohio\/abogado-de-accidentes-de-semirremolques-liberty-township-ohio\/#breadcrumb","itemListElement":[{"@type":"ListItem","position":1,"name":"Home","item":"https:\/\/thehometownlawyers.com\/es\/"},{"@type":"ListItem","position":2,"name":"Abogado de Lesiones Personales en Liberty Township","item":"https:\/\/thehometownlawyers.com\/es\/abogado-de-lesiones-liberty-township-ohio\/"},{"@type":"ListItem","position":3,"name":"Abogado de Accidente de Semi en Liberty Township"}]},{"@type":"WebSite","@id":"https:\/\/thehometownlawyers.com\/es\/#website","url":"https:\/\/thehometownlawyers.com\/es\/","name":"Kruger & Hodges Hometown Injury Lawyers | Accident Attorneys","description":"Attorneys for Car, Truck and Motorcycle Accidents, Personal Injuries, and Criminal Defense.","publisher":{"@id":"https:\/\/thehometownlawyers.com\/es\/#organization"},"alternateName":"Kruger & Hodges Personal Injury Lawyers","inLanguage":"es"},{"@type":"Organization","@id":"https:\/\/thehometownlawyers.com\/es\/#organization","name":"Kruger & Hodges Hometown Injury Lawyers","alternateName":"Kruger & Hodges","url":"https:\/\/thehometownlawyers.com\/es\/","logo":{"@type":"ImageObject","inLanguage":"es","@id":"https:\/\/thehometownlawyers.com\/es\/#\/schema\/logo\/image\/","url":"https:\/\/thehometownlawyers.com\/wp-content\/uploads\/2025\/12\/revised-kh-logo-vertical-white-background-scaled.png","contentUrl":"https:\/\/thehometownlawyers.com\/wp-content\/uploads\/2025\/12\/revised-kh-logo-vertical-white-background-scaled.png","width":2560,"height":1440,"caption":"Kruger & Hodges Hometown Injury Lawyers"},"image":{"@id":"https:\/\/thehometownlawyers.com\/es\/#\/schema\/logo\/image\/"},"sameAs":["https:\/\/www.facebook.com\/KrugerHodges\/","https:\/\/www.instagram.com\/krugerhodges\/","https:\/\/www.linkedin.com\/company\/kruger-hodges-hometown-injury-lawyers\/","https:\/\/www.youtube.com\/channel\/UCeYcMaMaN2rb9jMlqt4EIdQ","https:\/\/www.tiktok.com\/@thehometownlawyer"]}]}},"_links":{"self":[{"href":"https:\/\/thehometownlawyers.com\/es\/wp-json\/wp\/v2\/pages\/21230","targetHints":{"allow":["GET"]}}],"collection":[{"href":"https:\/\/thehometownlawyers.com\/es\/wp-json\/wp\/v2\/pages"}],"about":[{"href":"https:\/\/thehometownlawyers.com\/es\/wp-json\/wp\/v2\/types\/page"}],"author":[{"embeddable":true,"href":"https:\/\/thehometownlawyers.com\/es\/wp-json\/wp\/v2\/users\/7"}],"replies":[{"embeddable":true,"href":"https:\/\/thehometownlawyers.com\/es\/wp-json\/wp\/v2\/comments?post=21230"}],"version-history":[{"count":0,"href":"https:\/\/thehometownlawyers.com\/es\/wp-json\/wp\/v2\/pages\/21230\/revisions"}],"up":[{"embeddable":true,"href":"https:\/\/thehometownlawyers.com\/es\/wp-json\/wp\/v2\/pages\/21223"}],"wp:featuredmedia":[{"embeddable":true,"href":"https:\/\/thehometownlawyers.com\/es\/wp-json\/wp\/v2\/media\/20728"}],"wp:attachment":[{"href":"https:\/\/thehometownlawyers.com\/es\/wp-json\/wp\/v2\/media?parent=21230"}],"wp:term":[{"taxonomy":"hc_faqs","embeddable":true,"href":"https:\/\/thehometownlawyers.com\/es\/wp-json\/wp\/v2\/hc_faqs?post=21230"},{"taxonomy":"hc_spanish_faqs","embeddable":true,"href":"https:\/\/thehometownlawyers.com\/es\/wp-json\/wp\/v2\/hc_spanish_faqs?post=21230"}],"curies":[{"name":"wp","href":"https:\/\/api.w.org\/{rel}","templated":true}]}}