{"id":21231,"date":"2020-04-22T16:48:31","date_gmt":"2020-04-22T20:48:31","guid":{"rendered":"https:\/\/thehometownlawyers.com\/?page_id=21231"},"modified":"2025-04-03T13:55:53","modified_gmt":"2025-04-03T17:55:53","slug":"abogados-de-lesiones-personales-de-west-chester","status":"publish","type":"page","link":"https:\/\/thehometownlawyers.com\/es\/abogados-de-lesiones-personales-de-west-chester\/","title":{"rendered":"Abogado de Lesiones Personales en West Chester"},"content":{"rendered":"<h2>Lesiones personales en West Chester, Ohio<\/h2>\n<p>Como uno de los trece municipios del condado de Butler, West Chester alberga varias empresas y otros lugares a los que se viaja con frecuencia. Si bien muchas personas visitan estos lugares de manera segura, tambi\u00e9n se sabe que ocurren accidentes aqu\u00ed. Si bien los accidentes con lesiones personales pueden ocurrir de varias maneras, uno de los tipos m\u00e1s comunes de accidentes son los que ocurren en el trabajo.<\/p>\n<p>En su estudio m\u00e1s reciente, la Oficina de Compensaci\u00f3n para Trabajadores de Ohio informa que en 2016 ocurrieron 114,600 lesiones en el lugar de trabajo. Una forma poderosa en que las personas pueden protegerse contra estos accidentes es comprender las diversas formas en que ocurren los accidentes con lesiones personales en los lugares de trabajo en West Chester.<\/p>\n<p class=\"rs-content-cta rs-content-cta-small\">Para una consulta legal gratuita, llame al <a href=\"tel:+15138943333\">513-894-3333 <\/a><\/p><h2>Experiencia con varios accidentes de lesiones personales en Ohio<\/h2>\n<p>Los accidentes de lesiones personales son tan \u00fanicos como las personas que los experimentan, pero algunos de los tipos de accidentes m\u00e1s comunes que enfrentan nuestros clientes incluyen:<\/p>\n<ul>\n<li>Los accidentes automovil\u00edsticos son una ocurrencia com\u00fan en muchas carreteras de Ohio. Si bien puede practicar t\u00e1cticas de conducci\u00f3n segura, no todos en la carretera lo hacen, y los accidentes son un resultado com\u00fan. Si otro conductor fue responsable de su accidente, puede solicitar una compensaci\u00f3n por sus p\u00e9rdidas.<\/li>\n<li>Las motocicletas pueden ser emocionantes de manejar, pero cuando se ven involucradas en accidentes, las lesiones resultantes pueden ser graves. Si bien muchas personas creen que los motociclistas son responsables de sus accidentes, la realidad es que los accidentes a menudo ocurren porque los conductores de veh\u00edculos motorizados son negligentes y no detectan a los motociclistas.<\/li>\n<li>Los camioneros est\u00e1n sujetos a plazos ajustados para entregar mercanc\u00edas. Como resultado, muchos camioneros operan veh\u00edculos cuando est\u00e1n fatigados, lo que aumenta en gran medida las posibilidades de accidentes de camiones. En situaciones en las que el empleador del camionero actu\u00f3 de manera negligente y ayud\u00f3 a crear el accidente, las v\u00edctimas tambi\u00e9n pueden buscar una compensaci\u00f3n de la compa\u00f1\u00eda de camiones.<\/li>\n<li>Cada a\u00f1o ocurren muchos accidentes en las carreteras de Ohio que involucran a ciclistas y peatones, quienes a menudo resultan gravemente heridos en colisiones con veh\u00edculos motorizados.<\/li>\n<li>Esperamos que los propietarios mantengan sus instalaciones a salvo de varios peligros, pero en realidad, cosas como los ataques de perros y los pisos mojados provocan muchos accidentes. En estos casos, a menudo es posible obtener una compensaci\u00f3n del due\u00f1o de la propiedad.<\/li>\n<li>Ya se trate de un medicamento con riesgos ocultos o de piezas defectuosas en un veh\u00edculo motorizado, los productos defectuosos representan un grave peligro para los consumidores desprevenidos que los utilizan. Los fabricantes pueden ser considerados responsables si venden un producto que da\u00f1a al consumidor.<\/li>\n<li>Los profesionales m\u00e9dicos y las entidades de atenci\u00f3n m\u00e9dica a veces no cumplen con el est\u00e1ndar aceptable de atenci\u00f3n m\u00e9dica. Estos proveedores deben rendir cuentas por cualquier da\u00f1o que causen.<\/li>\n<\/ul>\n<p class=\"rs-content-cta\">Abogado de Lesiones Personales de West Chester Cerca de M\u00ed <a href=\"tel:+15138943333\">513-894-3333<\/a><\/p><h2>Lesiones Comunes en West Chester<\/h2>\n<p>Si alguien m\u00e1s es responsable de causar el accidente que lo lesion\u00f3, este individuo debe ser obligado a pagar por los da\u00f1os resultantes. Esto es cierto ya sea que sus lesiones resultantes sean menores o graves. Incluso las lesiones que pueden parecer no tan graves al principio pueden dejar a las v\u00edctimas de accidentes incapaces de realizar principalmente partes de la vida diaria, lo que podr\u00eda dejarlo incapacitado para trabajar o cuidar de s\u00ed mismo. Entre los muchos tipos de accidentes con lesiones personales que pueden ocurrir, algunos de los m\u00e1s comunes incluyen:<\/p>\n<ul>\n<li>Lesiones cerebrales traum\u00e1ticas, que involucran cualquier tipo de lesi\u00f3n cerebral causada por una fuerza externa y que puede provocar confusi\u00f3n, dificultades de visi\u00f3n y problemas para recordar cosas.<\/li>\n<li>Lesiones en la columna vertebral, que involucran lesiones en la espalda o la columna vertebral de una persona y pueden dejar a una persona paralizada permanentemente.<\/li>\n<li>Huesos rotos, que pueden provocar un dolor considerable y una movilidad limitada. En el peor de los casos, cuando las arterias y las venas est\u00e1n gravemente da\u00f1adas, incluso pueden ser necesarias las amputaciones.<\/li>\n<li>Quemaduras, que pueden ir desde quemaduras de primer grado menos graves hasta quemaduras de tercer grado m\u00e1s graves, que pueden dejar cicatrices o desfigurar a una persona de forma permanente<\/li>\n<\/ul>\n<p>Independientemente de las lesiones exactas que enfrente despu\u00e9s de un accidente, recibir una compensaci\u00f3n adecuada es fundamental porque ayudar\u00e1 a pagar los diversos costos, como facturas m\u00e9dicas, salarios perdidos y costos de terapia que resultan.<\/p>\n<p class=\"rs-content-cta rs-content-cta-small\"><a href=\"\/es\/contacto\/\">Haga clic para contactar<\/a> con nuestros lesiones personales abogados hoy<\/p><h2>No dude en presentar una demanda por lesiones personales<\/h2>\n<p>Ohio tiene un estatuto de limitaciones de dos a\u00f1os a partir de la fecha de un accidente en el que una persona puede presentar una demanda por lesiones personales. Esto significa que si su accidente ocurri\u00f3 hace m\u00e1s de dos a\u00f1os, es probable que el tribunal le proh\u00edba reclamar da\u00f1os y perjuicios. Si un ser querido muri\u00f3 en un accidente, tiene dos a\u00f1os a partir de la fecha en que falleci\u00f3 para presentar un reclamo. Como resultado, no debe dudar en presentar da\u00f1os y perjuicios.<\/p>\n<p>Tampoco debe dudar en presentar un reclamo si fue parcialmente responsable del accidente. Siempre que usted no haya sido responsable en un 50% o m\u00e1s por el accidente, Ohio se clasifica como un estado <a href=\"https:\/\/codes.ohio.gov\/ohio-revised-code\/section-2315.33\" target=\"_blank\" rel=\"noopener\">de negligencia comparativa<\/a> y puede recibir una compensaci\u00f3n por sus lesiones incluso si fue algo responsable. Sin embargo, esto significa que el porcentaje en el que usted es responsable del accidente se restar\u00e1 del monto de la compensaci\u00f3n que reciba.<\/p>\n<p class=\"rs-content-cta rs-content-cta-small\">Complete una <a href=\"\/es\/contacto\/\">evaluaci\u00f3n gratuita de su caso<\/a> ahora<\/p><h2>P\u00f3ngase en contacto con un abogado de lesiones personales de Ohio<\/h2>\n<p>Cuando ocurren accidentes con lesiones personales en West Chester o en cualquier otra parte de Ohio, los resultados suelen ser devastadores. Si usted o un ser querido necesita la asistencia de un abogado con experiencia en accidentes, comun\u00edquese hoy con <a href=\"https:\/\/thehometownlawyers.com\/es\/\">Kruger &amp; Hodges<\/a> para obtener ayuda.<\/p>\n<p class=\"rs-content-cta rs-content-cta-small\">Llame o env\u00ede un mensaje de texto al <a href=\"tel:+15138943333\">513-894-3333<\/a> o complete una <a href=\"\/es\/contacto\/\">evaluaci\u00f3n gratuita de su caso<\/a><\/p>","protected":false},"excerpt":{"rendered":"<p>Lesiones personales en West Chester, Ohio Como uno de los trece municipios del condado de Butler, West Chester alberga varias empresas y otros lugares a los que se viaja con frecuencia. Si bien muchas personas visitan estos lugares de manera segura, tambi\u00e9n se sabe que ocurren accidentes aqu\u00ed. Si bien los accidentes con lesiones personales &#8230;<\/p>\n","protected":false},"author":7,"featured_media":24630,"parent":0,"menu_order":0,"comment_status":"closed","ping_status":"closed","template":"","meta":{"_acf_changed":false,"inline_featured_image":false,"_genesis_hide_title":false,"_genesis_hide_breadcrumbs":false,"_genesis_hide_singular_image":false,"_genesis_hide_footer_widgets":false,"_genesis_custom_body_class":"","_genesis_custom_post_class":"","_genesis_layout":"","footnotes":""},"hc_faqs":[],"hc_spanish_faqs":[],"class_list":{"0":"post-21231","1":"page","2":"type-page","3":"status-publish","4":"has-post-thumbnail","6":"hc_city_location-west-chester-es","7":"entry"},"acf":[],"yoast_head":"<!-- This site is optimized with the Yoast SEO plugin v27.2 - https:\/\/yoast.com\/product\/yoast-seo-wordpress\/ -->\n<title>Abogados de lesiones personales de West Chester: Consulta gratuita<\/title>\n<meta name=\"description\" content=\"Lesiones personales en West Chester, Ohio Como uno de los trece municipios del condado de Butler, West Chester alberga varias empresas y otros lugares a\" \/>\n<meta name=\"robots\" content=\"index, follow, max-snippet:-1, max-image-preview:large, max-video-preview:-1\" \/>\n<link rel=\"canonical\" href=\"https:\/\/thehometownlawyers.com\/es\/abogados-de-lesiones-personales-de-west-chester\/\" \/>\n<meta property=\"og:locale\" content=\"es_MX\" \/>\n<meta property=\"og:type\" content=\"article\" \/>\n<meta property=\"og:title\" content=\"Abogados de lesiones personales de West Chester: Consulta gratuita\" \/>\n<meta property=\"og:description\" content=\"Lesiones personales en West Chester, Ohio Como uno de los trece municipios del condado de Butler, West Chester alberga varias empresas y otros lugares a\" \/>\n<meta property=\"og:url\" content=\"https:\/\/thehometownlawyers.com\/es\/abogados-de-lesiones-personales-de-west-chester\/\" \/>\n<meta property=\"og:site_name\" content=\"Kruger &amp; Hodges Abogados De Lesiones\" \/>\n<meta property=\"article:publisher\" content=\"https:\/\/www.facebook.com\/KrugerHodges\/\" \/>\n<meta property=\"article:modified_time\" content=\"2025-04-03T17:55:53+00:00\" \/>\n<meta property=\"og:image\" content=\"https:\/\/thehometownlawyers.com\/wp-content\/uploads\/2025\/03\/abogados-de-lesiones-personales-de-west-chester.jpg\" \/>\n\t<meta property=\"og:image:width\" content=\"1000\" \/>\n\t<meta property=\"og:image:height\" content=\"667\" \/>\n\t<meta property=\"og:image:type\" content=\"image\/jpeg\" \/>\n<meta name=\"twitter:card\" content=\"summary_large_image\" \/>\n<meta name=\"twitter:label1\" content=\"Tiempo de lectura\" \/>\n\t<meta name=\"twitter:data1\" content=\"5 minutos\" \/>\n<script type=\"application\/ld+json\" class=\"yoast-schema-graph\">{\"@context\":\"https:\/\/schema.org\",\"@graph\":[{\"@type\":\"WebPage\",\"@id\":\"https:\/\/thehometownlawyers.com\/es\/abogados-de-lesiones-personales-de-west-chester\/\",\"url\":\"https:\/\/thehometownlawyers.com\/es\/abogados-de-lesiones-personales-de-west-chester\/\",\"name\":\"Abogados de lesiones personales de West Chester: Consulta gratuita\",\"isPartOf\":{\"@id\":\"https:\/\/thehometownlawyers.com\/es\/#website\"},\"primaryImageOfPage\":{\"@id\":\"https:\/\/thehometownlawyers.com\/es\/abogados-de-lesiones-personales-de-west-chester\/#primaryimage\"},\"image\":{\"@id\":\"https:\/\/thehometownlawyers.com\/es\/abogados-de-lesiones-personales-de-west-chester\/#primaryimage\"},\"thumbnailUrl\":\"https:\/\/thehometownlawyers.com\/wp-content\/uploads\/2025\/03\/abogados-de-lesiones-personales-de-west-chester.jpg\",\"datePublished\":\"2020-04-22T20:48:31+00:00\",\"dateModified\":\"2025-04-03T17:55:53+00:00\",\"description\":\"Lesiones personales en West Chester, Ohio Como uno de los trece municipios del condado de Butler, West Chester alberga varias empresas y otros lugares a\",\"breadcrumb\":{\"@id\":\"https:\/\/thehometownlawyers.com\/es\/abogados-de-lesiones-personales-de-west-chester\/#breadcrumb\"},\"inLanguage\":\"es\",\"potentialAction\":[{\"@type\":\"ReadAction\",\"target\":[\"https:\/\/thehometownlawyers.com\/es\/abogados-de-lesiones-personales-de-west-chester\/\"]}]},{\"@type\":\"ImageObject\",\"inLanguage\":\"es\",\"@id\":\"https:\/\/thehometownlawyers.com\/es\/abogados-de-lesiones-personales-de-west-chester\/#primaryimage\",\"url\":\"https:\/\/thehometownlawyers.com\/wp-content\/uploads\/2025\/03\/abogados-de-lesiones-personales-de-west-chester.jpg\",\"contentUrl\":\"https:\/\/thehometownlawyers.com\/wp-content\/uploads\/2025\/03\/abogados-de-lesiones-personales-de-west-chester.jpg\",\"width\":1000,\"height\":667,\"caption\":\"Professional Lawyer Handshake in Business Meeting with Scales of Justice and Gavel on Desk, Symbolizing Legal Agreement and Partnership in Modern Office Setting.\"},{\"@type\":\"BreadcrumbList\",\"@id\":\"https:\/\/thehometownlawyers.com\/es\/abogados-de-lesiones-personales-de-west-chester\/#breadcrumb\",\"itemListElement\":[{\"@type\":\"ListItem\",\"position\":1,\"name\":\"Home\",\"item\":\"https:\/\/thehometownlawyers.com\/es\/\"},{\"@type\":\"ListItem\",\"position\":2,\"name\":\"Abogado de Lesiones Personales en West Chester\"}]},{\"@type\":\"WebSite\",\"@id\":\"https:\/\/thehometownlawyers.com\/es\/#website\",\"url\":\"https:\/\/thehometownlawyers.com\/es\/\",\"name\":\"Kruger & Hodges Hometown Injury Lawyers | Accident Attorneys\",\"description\":\"Attorneys for Car, Truck and Motorcycle Accidents, Personal Injuries, and Criminal Defense.\",\"publisher\":{\"@id\":\"https:\/\/thehometownlawyers.com\/es\/#organization\"},\"alternateName\":\"Kruger & Hodges Personal Injury Lawyers\",\"inLanguage\":\"es\"},{\"@type\":\"Organization\",\"@id\":\"https:\/\/thehometownlawyers.com\/es\/#organization\",\"name\":\"Kruger & Hodges Hometown Injury Lawyers\",\"alternateName\":\"Kruger & Hodges Accident Attorneys\",\"url\":\"https:\/\/thehometownlawyers.com\/es\/\",\"logo\":{\"@type\":\"ImageObject\",\"inLanguage\":\"es\",\"@id\":\"https:\/\/thehometownlawyers.com\/es\/#\/schema\/logo\/image\/\",\"url\":\"https:\/\/thehometownlawyers.com\/wp-content\/uploads\/2025\/12\/revised-kh-logo-vertical-white-background-scaled.png\",\"contentUrl\":\"https:\/\/thehometownlawyers.com\/wp-content\/uploads\/2025\/12\/revised-kh-logo-vertical-white-background-scaled.png\",\"width\":2560,\"height\":1440,\"caption\":\"Kruger & Hodges Hometown Injury Lawyers\"},\"image\":{\"@id\":\"https:\/\/thehometownlawyers.com\/es\/#\/schema\/logo\/image\/\"},\"sameAs\":[\"https:\/\/www.facebook.com\/KrugerHodges\/\",\"https:\/\/www.instagram.com\/krugerhodges\/\",\"https:\/\/www.linkedin.com\/company\/kruger-hodges-hometown-injury-lawyers\/\",\"https:\/\/www.youtube.com\/channel\/UCeYcMaMaN2rb9jMlqt4EIdQ\",\"https:\/\/www.tiktok.com\/@thehometownlawyer\"]}]}<\/script>\n<!-- \/ Yoast SEO plugin. -->","yoast_head_json":{"title":"Abogados de lesiones personales de West Chester: Consulta gratuita","description":"Lesiones personales en West Chester, Ohio Como uno de los trece municipios del condado de Butler, West Chester alberga varias empresas y otros lugares a","robots":{"index":"index","follow":"follow","max-snippet":"max-snippet:-1","max-image-preview":"max-image-preview:large","max-video-preview":"max-video-preview:-1"},"canonical":"https:\/\/thehometownlawyers.com\/es\/abogados-de-lesiones-personales-de-west-chester\/","og_locale":"es_MX","og_type":"article","og_title":"Abogados de lesiones personales de West Chester: Consulta gratuita","og_description":"Lesiones personales en West Chester, Ohio Como uno de los trece municipios del condado de Butler, West Chester alberga varias empresas y otros lugares a","og_url":"https:\/\/thehometownlawyers.com\/es\/abogados-de-lesiones-personales-de-west-chester\/","og_site_name":"Kruger &amp; Hodges Abogados De Lesiones","article_publisher":"https:\/\/www.facebook.com\/KrugerHodges\/","article_modified_time":"2025-04-03T17:55:53+00:00","og_image":[{"width":1000,"height":667,"url":"https:\/\/thehometownlawyers.com\/wp-content\/uploads\/2025\/03\/abogados-de-lesiones-personales-de-west-chester.jpg","type":"image\/jpeg"}],"twitter_card":"summary_large_image","twitter_misc":{"Tiempo de lectura":"5 minutos"},"schema":{"@context":"https:\/\/schema.org","@graph":[{"@type":"WebPage","@id":"https:\/\/thehometownlawyers.com\/es\/abogados-de-lesiones-personales-de-west-chester\/","url":"https:\/\/thehometownlawyers.com\/es\/abogados-de-lesiones-personales-de-west-chester\/","name":"Abogados de lesiones personales de West Chester: Consulta gratuita","isPartOf":{"@id":"https:\/\/thehometownlawyers.com\/es\/#website"},"primaryImageOfPage":{"@id":"https:\/\/thehometownlawyers.com\/es\/abogados-de-lesiones-personales-de-west-chester\/#primaryimage"},"image":{"@id":"https:\/\/thehometownlawyers.com\/es\/abogados-de-lesiones-personales-de-west-chester\/#primaryimage"},"thumbnailUrl":"https:\/\/thehometownlawyers.com\/wp-content\/uploads\/2025\/03\/abogados-de-lesiones-personales-de-west-chester.jpg","datePublished":"2020-04-22T20:48:31+00:00","dateModified":"2025-04-03T17:55:53+00:00","description":"Lesiones personales en West Chester, Ohio Como uno de los trece municipios del condado de Butler, West Chester alberga varias empresas y otros lugares a","breadcrumb":{"@id":"https:\/\/thehometownlawyers.com\/es\/abogados-de-lesiones-personales-de-west-chester\/#breadcrumb"},"inLanguage":"es","potentialAction":[{"@type":"ReadAction","target":["https:\/\/thehometownlawyers.com\/es\/abogados-de-lesiones-personales-de-west-chester\/"]}]},{"@type":"ImageObject","inLanguage":"es","@id":"https:\/\/thehometownlawyers.com\/es\/abogados-de-lesiones-personales-de-west-chester\/#primaryimage","url":"https:\/\/thehometownlawyers.com\/wp-content\/uploads\/2025\/03\/abogados-de-lesiones-personales-de-west-chester.jpg","contentUrl":"https:\/\/thehometownlawyers.com\/wp-content\/uploads\/2025\/03\/abogados-de-lesiones-personales-de-west-chester.jpg","width":1000,"height":667,"caption":"Professional Lawyer Handshake in Business Meeting with Scales of Justice and Gavel on Desk, Symbolizing Legal Agreement and Partnership in Modern Office Setting."},{"@type":"BreadcrumbList","@id":"https:\/\/thehometownlawyers.com\/es\/abogados-de-lesiones-personales-de-west-chester\/#breadcrumb","itemListElement":[{"@type":"ListItem","position":1,"name":"Home","item":"https:\/\/thehometownlawyers.com\/es\/"},{"@type":"ListItem","position":2,"name":"Abogado de Lesiones Personales en West Chester"}]},{"@type":"WebSite","@id":"https:\/\/thehometownlawyers.com\/es\/#website","url":"https:\/\/thehometownlawyers.com\/es\/","name":"Kruger & Hodges Hometown Injury Lawyers | Accident Attorneys","description":"Attorneys for Car, Truck and Motorcycle Accidents, Personal Injuries, and Criminal Defense.","publisher":{"@id":"https:\/\/thehometownlawyers.com\/es\/#organization"},"alternateName":"Kruger & Hodges Personal Injury Lawyers","inLanguage":"es"},{"@type":"Organization","@id":"https:\/\/thehometownlawyers.com\/es\/#organization","name":"Kruger & Hodges Hometown Injury Lawyers","alternateName":"Kruger & Hodges Accident Attorneys","url":"https:\/\/thehometownlawyers.com\/es\/","logo":{"@type":"ImageObject","inLanguage":"es","@id":"https:\/\/thehometownlawyers.com\/es\/#\/schema\/logo\/image\/","url":"https:\/\/thehometownlawyers.com\/wp-content\/uploads\/2025\/12\/revised-kh-logo-vertical-white-background-scaled.png","contentUrl":"https:\/\/thehometownlawyers.com\/wp-content\/uploads\/2025\/12\/revised-kh-logo-vertical-white-background-scaled.png","width":2560,"height":1440,"caption":"Kruger & Hodges Hometown Injury Lawyers"},"image":{"@id":"https:\/\/thehometownlawyers.com\/es\/#\/schema\/logo\/image\/"},"sameAs":["https:\/\/www.facebook.com\/KrugerHodges\/","https:\/\/www.instagram.com\/krugerhodges\/","https:\/\/www.linkedin.com\/company\/kruger-hodges-hometown-injury-lawyers\/","https:\/\/www.youtube.com\/channel\/UCeYcMaMaN2rb9jMlqt4EIdQ","https:\/\/www.tiktok.com\/@thehometownlawyer"]}]}},"_links":{"self":[{"href":"https:\/\/thehometownlawyers.com\/es\/wp-json\/wp\/v2\/pages\/21231","targetHints":{"allow":["GET"]}}],"collection":[{"href":"https:\/\/thehometownlawyers.com\/es\/wp-json\/wp\/v2\/pages"}],"about":[{"href":"https:\/\/thehometownlawyers.com\/es\/wp-json\/wp\/v2\/types\/page"}],"author":[{"embeddable":true,"href":"https:\/\/thehometownlawyers.com\/es\/wp-json\/wp\/v2\/users\/7"}],"replies":[{"embeddable":true,"href":"https:\/\/thehometownlawyers.com\/es\/wp-json\/wp\/v2\/comments?post=21231"}],"version-history":[{"count":0,"href":"https:\/\/thehometownlawyers.com\/es\/wp-json\/wp\/v2\/pages\/21231\/revisions"}],"wp:featuredmedia":[{"embeddable":true,"href":"https:\/\/thehometownlawyers.com\/es\/wp-json\/wp\/v2\/media\/24630"}],"wp:attachment":[{"href":"https:\/\/thehometownlawyers.com\/es\/wp-json\/wp\/v2\/media?parent=21231"}],"wp:term":[{"taxonomy":"hc_faqs","embeddable":true,"href":"https:\/\/thehometownlawyers.com\/es\/wp-json\/wp\/v2\/hc_faqs?post=21231"},{"taxonomy":"hc_spanish_faqs","embeddable":true,"href":"https:\/\/thehometownlawyers.com\/es\/wp-json\/wp\/v2\/hc_spanish_faqs?post=21231"}],"curies":[{"name":"wp","href":"https:\/\/api.w.org\/{rel}","templated":true}]}}