{"id":21232,"date":"2020-03-09T20:48:54","date_gmt":"2020-03-10T00:48:54","guid":{"rendered":"https:\/\/thehometownlawyers.com\/?page_id=21232"},"modified":"2025-01-31T10:48:44","modified_gmt":"2025-01-31T15:48:44","slug":"abogados-de-accidentes-de-camiones-que-prestan-servicios-en-millville-ohio","status":"publish","type":"page","link":"https:\/\/thehometownlawyers.com\/es\/abogados-de-lesiones-personales-que-prestan-servicios-en-millville-ohio\/abogados-de-accidentes-de-camiones-que-prestan-servicios-en-millville-ohio\/","title":{"rendered":"Abogado de Accidente de Cami\u00f3n en Millville"},"content":{"rendered":"<p>Solo en 2017, la industria de camiones de EE. UU. recaud\u00f3 m\u00e1s de $ 700 mil millones en ingresos. Seg\u00fan <a href=\"https:\/\/www.businessinsider.com\/trucking-industry-facts-us-truckers-2019-5?miRedirects=2#in-2017-the-american-trucking-industry-posted-revenues-higher-than-the-gdp-of-more-than-150-nations-1\" target=\"_blank\" rel=\"noopener\">Business Insider<\/a> , si la industria del transporte por carretera fuera un pa\u00eds, su PIB ser\u00eda el <sup>33\u00ba<\/sup> del mundo. Junto con los inmensos ingresos viene la inmensa responsabilidad. Las empresas de camiones son responsables de asegurarse de que nuestros productos lleguen a las tiendas y a nuestros hogares a tiempo. Muchos conductores son trabajadores que dedican muchas horas al volante para que podamos comer y disfrutar de los productos que nos hacen la vida m\u00e1s f\u00e1cil. Y, sin embargo, los camiones son veh\u00edculos incre\u00edblemente grandes que pueden representar un peligro real para otros conductores en la carretera. Cuando los veh\u00edculos de pasajeros se ven involucrados en accidentes con camiones grandes, los ocupantes del veh\u00edculo de pasajeros pueden sufrir lesiones graves y mortales. Las compa\u00f1\u00edas de camiones tienen la responsabilidad de cumplir con las leyes federales y locales que rigen la seguridad de los camiones. Estas leyes incluyen reglamentos de horas de servicio, reglamentos de carga y reglamentos de mantenimiento de veh\u00edculos, entre otros. Las compa\u00f1\u00edas de camiones tambi\u00e9n est\u00e1n obligadas a tener p\u00f3lizas de seguro de l\u00edmite alto para protegerse a s\u00ed mismas y a sus conductores en caso de un accidente grave. Si usted o alguien a quien ama result\u00f3 herido en un accidente de cami\u00f3n en Millville, Ohio, es posible que tenga derecho no solo a reclamar da\u00f1os y perjuicios a las compa\u00f1\u00edas de camiones negligentes, sino que tambi\u00e9n puede buscar un acuerdo con la compa\u00f1\u00eda de seguros por sus p\u00e9rdidas. Los reclamos de accidentes de camiones a veces pueden ser m\u00e1s complejos que los reclamos de veh\u00edculos de pasajeros porque las v\u00edctimas pueden sufrir lesiones m\u00e1s graves y porque en un reclamo de accidentes de camiones, puede haber varias partes responsables, y cada parte puede estar tratando de difundir la responsabilidad. Cuando se trata de luchar contra las compa\u00f1\u00edas de camiones, sus aseguradoras, conductores, transportistas y personal de mantenimiento de camiones, tener un abogado de accidentes de camiones de su lado puede marcar la diferencia. Kruger &amp; Hodges Attorneys at Law es un bufete de abogados de accidentes de camiones que presta servicios en Millville, Ohio, que puede ayudarlo.<\/p>\n<h2>\u00bfQu\u00e9 puede hacer si result\u00f3 herido en un accidente de cami\u00f3n en Millville, Ohio, para proteger sus derechos?<\/h2>\n<p>Si result\u00f3 herido en un accidente de cami\u00f3n en Millville, Ohio, hay varias cosas que puede hacer para proteger sus derechos. En la escena del accidente, la adrenalina podr\u00eda estar bombeando a trav\u00e9s de su cuerpo. Incluso si sabe que debe llamar a la polic\u00eda, obtener un informe policial e informaci\u00f3n detallada en la escena del accidente, el miedo, la confusi\u00f3n, la ansiedad y la ira que podr\u00eda sentir despu\u00e9s de un accidente de cami\u00f3n pueden hacer que sea dif\u00edcil pensar con claridad. Es posible que desee buscar atenci\u00f3n m\u00e9dica para sus lesiones de inmediato. Algunas lesiones, como una lesi\u00f3n cerebral traum\u00e1tica leve, pueden no ser evidentes inmediatamente despu\u00e9s de un accidente, por lo que siempre es una buena idea buscar atenci\u00f3n m\u00e9dica y seguir las instrucciones de su m\u00e9dico. Si necesita presentar un reclamo por sus lesiones m\u00e1s tarde, puede ser \u00fatil tener registros m\u00e9dicos despu\u00e9s de su accidente. Si puede, tome fotos en la escena del accidente e intercambie informaci\u00f3n de contacto con el conductor y con cualquier persona que haya presenciado el accidente. Tambi\u00e9n puede comunicarse con su compa\u00f1\u00eda de seguros de inmediato para informarle que ocurri\u00f3 un accidente.<\/p>\n<p>Finalmente, si tiene preguntas sobre sus derechos despu\u00e9s de un accidente de cami\u00f3n, puede hablar con los abogados de Kruger &amp; Hodges, un bufete de abogados de accidentes de camiones que presta servicios en Millville, Ohio, hoy. Nuestros abogados entienden las leyes y reglamentos que rigen la industria del transporte por carretera y podemos evaluar los detalles de su caso para determinar si se violaron las leyes y reglamentos antes de su accidente. Nuestros abogados tambi\u00e9n pueden identificar a las partes responsables e identificar a las partes interesadas que pueden ser responsables de pagar su reclamo. Finalmente, podemos estimar el valor de sus da\u00f1os en funci\u00f3n de las facturas m\u00e9dicas, los salarios perdidos y los costos de rehabilitaci\u00f3n, y podemos ayudarlo a buscar da\u00f1os por dolor y sufrimiento. Podemos demandar a las compa\u00f1\u00edas de camiones y sus aseguradoras por sus p\u00e9rdidas. \u00bfTiene preguntas? P\u00f3ngase en contacto con los abogados de accidentes de camiones de <a href=\"https:\/\/thehometownlawyers.com\/es\/\">Kruger &amp; Hodges<\/a> Attorneys at Law que prestan servicio en Millville, Ohio, hoy.<\/p>\n<p class=\"rs-content-cta rs-content-cta-small\">Para una consulta legal gratuita, llame al <a href=\"tel:+15138943333\">513-894-3333 <\/a><\/p><h2>Busque justicia despu\u00e9s de su accidente de cami\u00f3n<\/h2>\n<p>Los litigios por lesiones personales en accidentes de camiones a veces pueden complicarse. No solo es posible que su abogado deba evaluar las circunstancias que llevaron a su accidente para determinar si se violaron las leyes o los reglamentos, sino que tambi\u00e9n es posible que su abogado deba evaluar su caso para determinar qui\u00e9n podr\u00eda tener la culpa del reclamo. Varias partes interesadas pueden ser responsables despu\u00e9s de un accidente de cami\u00f3n. Si bien la tentaci\u00f3n podr\u00eda ser se\u00f1alar con el dedo al conductor del cami\u00f3n, otras partes, como la propia empresa de camiones, la empresa de mantenimiento que da servicio al cami\u00f3n, el personal de carga y sus empresas, e incluso el personal de mantenimiento de la ciudad o de las carreteras, podr\u00edan ser responsables si estos factores tambi\u00e9n jugaron un papel en su accidente. <a href=\"https:\/\/thehometownlawyers.com\/es\/contacto\/\">P\u00f3ngase en contacto con los abogados de Kruger &amp; Hodges<\/a> . Somos un bufete de abogados de accidentes de camiones con servicio en Millville, Ohio, que puede ayudarlo con su reclamo. Usted no est\u00e1 solo.<\/p>\n<p class=\"rs-content-cta rs-content-cta-small\">Llame o env\u00ede un mensaje de texto al <a href=\"tel:+15138943333\">513-894-3333<\/a> o complete una <a href=\"\/es\/contacto\/\">evaluaci\u00f3n gratuita de su caso<\/a><\/p>","protected":false},"excerpt":{"rendered":"<p>Solo en 2017, la industria de camiones de EE. UU. recaud\u00f3 m\u00e1s de $ 700 mil millones en ingresos. Seg\u00fan Business Insider , si la industria del transporte por carretera fuera un pa\u00eds, su PIB ser\u00eda el 33\u00ba del mundo. Junto con los inmensos ingresos viene la inmensa responsabilidad. Las empresas de camiones son responsables &#8230;<\/p>\n","protected":false},"author":7,"featured_media":20857,"parent":21233,"menu_order":0,"comment_status":"closed","ping_status":"closed","template":"","meta":{"_acf_changed":false,"inline_featured_image":false,"_genesis_hide_title":false,"_genesis_hide_breadcrumbs":false,"_genesis_hide_singular_image":false,"_genesis_hide_footer_widgets":false,"_genesis_custom_body_class":"","_genesis_custom_post_class":"","_genesis_layout":"","footnotes":""},"hc_faqs":[],"hc_spanish_faqs":[],"class_list":{"0":"post-21232","1":"page","2":"type-page","3":"status-publish","4":"has-post-thumbnail","6":"hc_city_location-millville-es","7":"entry"},"acf":[],"yoast_head":"<!-- This site is optimized with the Yoast SEO plugin v27.4 - https:\/\/yoast.com\/product\/yoast-seo-wordpress\/ -->\n<title>Abogados de accidentes de camiones que prestan servicios en Millville, Ohio: Consulta gratuita<\/title>\n<meta name=\"description\" content=\"Solo en 2017, la industria de camiones de EE. UU. recaud\u00f3 m\u00e1s de $ 700 mil millones en ingresos. Seg\u00fan Business Insider , si la industria del transporte\" \/>\n<meta name=\"robots\" content=\"index, follow, max-snippet:-1, max-image-preview:large, max-video-preview:-1\" \/>\n<link rel=\"canonical\" href=\"https:\/\/thehometownlawyers.com\/es\/abogados-de-lesiones-personales-que-prestan-servicios-en-millville-ohio\/abogados-de-accidentes-de-camiones-que-prestan-servicios-en-millville-ohio\/\" \/>\n<meta property=\"og:locale\" content=\"es_MX\" \/>\n<meta property=\"og:type\" content=\"article\" \/>\n<meta property=\"og:title\" content=\"Abogados de accidentes de camiones que prestan servicios en Millville, Ohio: Consulta gratuita\" \/>\n<meta property=\"og:description\" content=\"Solo en 2017, la industria de camiones de EE. UU. recaud\u00f3 m\u00e1s de $ 700 mil millones en ingresos. Seg\u00fan Business Insider , si la industria del transporte\" \/>\n<meta property=\"og:url\" content=\"https:\/\/thehometownlawyers.com\/es\/abogados-de-lesiones-personales-que-prestan-servicios-en-millville-ohio\/abogados-de-accidentes-de-camiones-que-prestan-servicios-en-millville-ohio\/\" \/>\n<meta property=\"og:site_name\" content=\"Kruger &amp; Hodges Abogados De Lesiones\" \/>\n<meta property=\"article:publisher\" content=\"https:\/\/www.facebook.com\/KrugerHodges\/\" \/>\n<meta property=\"article:modified_time\" content=\"2025-01-31T15:48:44+00:00\" \/>\n<meta property=\"og:image\" content=\"https:\/\/thehometownlawyers.com\/wp-content\/uploads\/2021\/09\/wrecked-truck-field.jpg\" \/>\n\t<meta property=\"og:image:width\" content=\"1920\" \/>\n\t<meta property=\"og:image:height\" content=\"1080\" \/>\n\t<meta property=\"og:image:type\" content=\"image\/jpeg\" \/>\n<meta name=\"twitter:card\" content=\"summary_large_image\" \/>\n<meta name=\"twitter:label1\" content=\"Tiempo de lectura\" \/>\n\t<meta name=\"twitter:data1\" content=\"5 minutos\" \/>\n<script type=\"application\/ld+json\" class=\"yoast-schema-graph\">{\"@context\":\"https:\\\/\\\/schema.org\",\"@graph\":[{\"@type\":\"WebPage\",\"@id\":\"https:\\\/\\\/thehometownlawyers.com\\\/es\\\/abogados-de-lesiones-personales-que-prestan-servicios-en-millville-ohio\\\/abogados-de-accidentes-de-camiones-que-prestan-servicios-en-millville-ohio\\\/\",\"url\":\"https:\\\/\\\/thehometownlawyers.com\\\/es\\\/abogados-de-lesiones-personales-que-prestan-servicios-en-millville-ohio\\\/abogados-de-accidentes-de-camiones-que-prestan-servicios-en-millville-ohio\\\/\",\"name\":\"Abogados de accidentes de camiones que prestan servicios en Millville, Ohio: Consulta gratuita\",\"isPartOf\":{\"@id\":\"https:\\\/\\\/thehometownlawyers.com\\\/es\\\/#website\"},\"primaryImageOfPage\":{\"@id\":\"https:\\\/\\\/thehometownlawyers.com\\\/es\\\/abogados-de-lesiones-personales-que-prestan-servicios-en-millville-ohio\\\/abogados-de-accidentes-de-camiones-que-prestan-servicios-en-millville-ohio\\\/#primaryimage\"},\"image\":{\"@id\":\"https:\\\/\\\/thehometownlawyers.com\\\/es\\\/abogados-de-lesiones-personales-que-prestan-servicios-en-millville-ohio\\\/abogados-de-accidentes-de-camiones-que-prestan-servicios-en-millville-ohio\\\/#primaryimage\"},\"thumbnailUrl\":\"https:\\\/\\\/thehometownlawyers.com\\\/wp-content\\\/uploads\\\/2021\\\/09\\\/wrecked-truck-field.jpg\",\"datePublished\":\"2020-03-10T00:48:54+00:00\",\"dateModified\":\"2025-01-31T15:48:44+00:00\",\"description\":\"Solo en 2017, la industria de camiones de EE. UU. recaud\u00f3 m\u00e1s de $ 700 mil millones en ingresos. Seg\u00fan Business Insider , si la industria del transporte\",\"breadcrumb\":{\"@id\":\"https:\\\/\\\/thehometownlawyers.com\\\/es\\\/abogados-de-lesiones-personales-que-prestan-servicios-en-millville-ohio\\\/abogados-de-accidentes-de-camiones-que-prestan-servicios-en-millville-ohio\\\/#breadcrumb\"},\"inLanguage\":\"es\",\"potentialAction\":[{\"@type\":\"ReadAction\",\"target\":[\"https:\\\/\\\/thehometownlawyers.com\\\/es\\\/abogados-de-lesiones-personales-que-prestan-servicios-en-millville-ohio\\\/abogados-de-accidentes-de-camiones-que-prestan-servicios-en-millville-ohio\\\/\"]}]},{\"@type\":\"ImageObject\",\"inLanguage\":\"es\",\"@id\":\"https:\\\/\\\/thehometownlawyers.com\\\/es\\\/abogados-de-lesiones-personales-que-prestan-servicios-en-millville-ohio\\\/abogados-de-accidentes-de-camiones-que-prestan-servicios-en-millville-ohio\\\/#primaryimage\",\"url\":\"https:\\\/\\\/thehometownlawyers.com\\\/wp-content\\\/uploads\\\/2021\\\/09\\\/wrecked-truck-field.jpg\",\"contentUrl\":\"https:\\\/\\\/thehometownlawyers.com\\\/wp-content\\\/uploads\\\/2021\\\/09\\\/wrecked-truck-field.jpg\",\"width\":1920,\"height\":1080,\"caption\":\"accidentes de camiones en ohio\"},{\"@type\":\"BreadcrumbList\",\"@id\":\"https:\\\/\\\/thehometownlawyers.com\\\/es\\\/abogados-de-lesiones-personales-que-prestan-servicios-en-millville-ohio\\\/abogados-de-accidentes-de-camiones-que-prestan-servicios-en-millville-ohio\\\/#breadcrumb\",\"itemListElement\":[{\"@type\":\"ListItem\",\"position\":1,\"name\":\"Home\",\"item\":\"https:\\\/\\\/thehometownlawyers.com\\\/es\\\/\"},{\"@type\":\"ListItem\",\"position\":2,\"name\":\"Abogado de Lesiones Personales en Millville\",\"item\":\"https:\\\/\\\/thehometownlawyers.com\\\/es\\\/abogados-de-lesiones-personales-que-prestan-servicios-en-millville-ohio\\\/\"},{\"@type\":\"ListItem\",\"position\":3,\"name\":\"Abogado de Accidente de Cami\u00f3n en Millville\"}]},{\"@type\":\"WebSite\",\"@id\":\"https:\\\/\\\/thehometownlawyers.com\\\/es\\\/#website\",\"url\":\"https:\\\/\\\/thehometownlawyers.com\\\/es\\\/\",\"name\":\"Kruger & Hodges Hometown Injury Lawyers | Accident Attorneys\",\"description\":\"Attorneys for Car, Truck and Motorcycle Accidents, Personal Injuries, and Criminal Defense.\",\"publisher\":{\"@id\":\"https:\\\/\\\/thehometownlawyers.com\\\/es\\\/#organization\"},\"alternateName\":\"Kruger & Hodges Personal Injury Lawyers\",\"inLanguage\":\"es\"},{\"@type\":\"Organization\",\"@id\":\"https:\\\/\\\/thehometownlawyers.com\\\/es\\\/#organization\",\"name\":\"Kruger & Hodges Hometown Injury Lawyers\",\"alternateName\":\"Kruger & Hodges\",\"url\":\"https:\\\/\\\/thehometownlawyers.com\\\/es\\\/\",\"logo\":{\"@type\":\"ImageObject\",\"inLanguage\":\"es\",\"@id\":\"https:\\\/\\\/thehometownlawyers.com\\\/es\\\/#\\\/schema\\\/logo\\\/image\\\/\",\"url\":\"https:\\\/\\\/thehometownlawyers.com\\\/wp-content\\\/uploads\\\/2025\\\/12\\\/revised-kh-logo-vertical-white-background-scaled.png\",\"contentUrl\":\"https:\\\/\\\/thehometownlawyers.com\\\/wp-content\\\/uploads\\\/2025\\\/12\\\/revised-kh-logo-vertical-white-background-scaled.png\",\"width\":2560,\"height\":1440,\"caption\":\"Kruger & Hodges Hometown Injury Lawyers\"},\"image\":{\"@id\":\"https:\\\/\\\/thehometownlawyers.com\\\/es\\\/#\\\/schema\\\/logo\\\/image\\\/\"},\"sameAs\":[\"https:\\\/\\\/www.facebook.com\\\/KrugerHodges\\\/\",\"https:\\\/\\\/www.instagram.com\\\/krugerhodges\\\/\",\"https:\\\/\\\/www.linkedin.com\\\/company\\\/kruger-hodges-hometown-injury-lawyers\\\/\",\"https:\\\/\\\/www.youtube.com\\\/channel\\\/UCeYcMaMaN2rb9jMlqt4EIdQ\",\"https:\\\/\\\/www.tiktok.com\\\/@thehometownlawyer\"]}]}<\/script>\n<!-- \/ Yoast SEO plugin. -->","yoast_head_json":{"title":"Abogados de accidentes de camiones que prestan servicios en Millville, Ohio: Consulta gratuita","description":"Solo en 2017, la industria de camiones de EE. UU. recaud\u00f3 m\u00e1s de $ 700 mil millones en ingresos. Seg\u00fan Business Insider , si la industria del transporte","robots":{"index":"index","follow":"follow","max-snippet":"max-snippet:-1","max-image-preview":"max-image-preview:large","max-video-preview":"max-video-preview:-1"},"canonical":"https:\/\/thehometownlawyers.com\/es\/abogados-de-lesiones-personales-que-prestan-servicios-en-millville-ohio\/abogados-de-accidentes-de-camiones-que-prestan-servicios-en-millville-ohio\/","og_locale":"es_MX","og_type":"article","og_title":"Abogados de accidentes de camiones que prestan servicios en Millville, Ohio: Consulta gratuita","og_description":"Solo en 2017, la industria de camiones de EE. UU. recaud\u00f3 m\u00e1s de $ 700 mil millones en ingresos. Seg\u00fan Business Insider , si la industria del transporte","og_url":"https:\/\/thehometownlawyers.com\/es\/abogados-de-lesiones-personales-que-prestan-servicios-en-millville-ohio\/abogados-de-accidentes-de-camiones-que-prestan-servicios-en-millville-ohio\/","og_site_name":"Kruger &amp; Hodges Abogados De Lesiones","article_publisher":"https:\/\/www.facebook.com\/KrugerHodges\/","article_modified_time":"2025-01-31T15:48:44+00:00","og_image":[{"width":1920,"height":1080,"url":"https:\/\/thehometownlawyers.com\/wp-content\/uploads\/2021\/09\/wrecked-truck-field.jpg","type":"image\/jpeg"}],"twitter_card":"summary_large_image","twitter_misc":{"Tiempo de lectura":"5 minutos"},"schema":{"@context":"https:\/\/schema.org","@graph":[{"@type":"WebPage","@id":"https:\/\/thehometownlawyers.com\/es\/abogados-de-lesiones-personales-que-prestan-servicios-en-millville-ohio\/abogados-de-accidentes-de-camiones-que-prestan-servicios-en-millville-ohio\/","url":"https:\/\/thehometownlawyers.com\/es\/abogados-de-lesiones-personales-que-prestan-servicios-en-millville-ohio\/abogados-de-accidentes-de-camiones-que-prestan-servicios-en-millville-ohio\/","name":"Abogados de accidentes de camiones que prestan servicios en Millville, Ohio: Consulta gratuita","isPartOf":{"@id":"https:\/\/thehometownlawyers.com\/es\/#website"},"primaryImageOfPage":{"@id":"https:\/\/thehometownlawyers.com\/es\/abogados-de-lesiones-personales-que-prestan-servicios-en-millville-ohio\/abogados-de-accidentes-de-camiones-que-prestan-servicios-en-millville-ohio\/#primaryimage"},"image":{"@id":"https:\/\/thehometownlawyers.com\/es\/abogados-de-lesiones-personales-que-prestan-servicios-en-millville-ohio\/abogados-de-accidentes-de-camiones-que-prestan-servicios-en-millville-ohio\/#primaryimage"},"thumbnailUrl":"https:\/\/thehometownlawyers.com\/wp-content\/uploads\/2021\/09\/wrecked-truck-field.jpg","datePublished":"2020-03-10T00:48:54+00:00","dateModified":"2025-01-31T15:48:44+00:00","description":"Solo en 2017, la industria de camiones de EE. UU. recaud\u00f3 m\u00e1s de $ 700 mil millones en ingresos. Seg\u00fan Business Insider , si la industria del transporte","breadcrumb":{"@id":"https:\/\/thehometownlawyers.com\/es\/abogados-de-lesiones-personales-que-prestan-servicios-en-millville-ohio\/abogados-de-accidentes-de-camiones-que-prestan-servicios-en-millville-ohio\/#breadcrumb"},"inLanguage":"es","potentialAction":[{"@type":"ReadAction","target":["https:\/\/thehometownlawyers.com\/es\/abogados-de-lesiones-personales-que-prestan-servicios-en-millville-ohio\/abogados-de-accidentes-de-camiones-que-prestan-servicios-en-millville-ohio\/"]}]},{"@type":"ImageObject","inLanguage":"es","@id":"https:\/\/thehometownlawyers.com\/es\/abogados-de-lesiones-personales-que-prestan-servicios-en-millville-ohio\/abogados-de-accidentes-de-camiones-que-prestan-servicios-en-millville-ohio\/#primaryimage","url":"https:\/\/thehometownlawyers.com\/wp-content\/uploads\/2021\/09\/wrecked-truck-field.jpg","contentUrl":"https:\/\/thehometownlawyers.com\/wp-content\/uploads\/2021\/09\/wrecked-truck-field.jpg","width":1920,"height":1080,"caption":"accidentes de camiones en ohio"},{"@type":"BreadcrumbList","@id":"https:\/\/thehometownlawyers.com\/es\/abogados-de-lesiones-personales-que-prestan-servicios-en-millville-ohio\/abogados-de-accidentes-de-camiones-que-prestan-servicios-en-millville-ohio\/#breadcrumb","itemListElement":[{"@type":"ListItem","position":1,"name":"Home","item":"https:\/\/thehometownlawyers.com\/es\/"},{"@type":"ListItem","position":2,"name":"Abogado de Lesiones Personales en Millville","item":"https:\/\/thehometownlawyers.com\/es\/abogados-de-lesiones-personales-que-prestan-servicios-en-millville-ohio\/"},{"@type":"ListItem","position":3,"name":"Abogado de Accidente de Cami\u00f3n en Millville"}]},{"@type":"WebSite","@id":"https:\/\/thehometownlawyers.com\/es\/#website","url":"https:\/\/thehometownlawyers.com\/es\/","name":"Kruger & Hodges Hometown Injury Lawyers | Accident Attorneys","description":"Attorneys for Car, Truck and Motorcycle Accidents, Personal Injuries, and Criminal Defense.","publisher":{"@id":"https:\/\/thehometownlawyers.com\/es\/#organization"},"alternateName":"Kruger & Hodges Personal Injury Lawyers","inLanguage":"es"},{"@type":"Organization","@id":"https:\/\/thehometownlawyers.com\/es\/#organization","name":"Kruger & Hodges Hometown Injury Lawyers","alternateName":"Kruger & Hodges","url":"https:\/\/thehometownlawyers.com\/es\/","logo":{"@type":"ImageObject","inLanguage":"es","@id":"https:\/\/thehometownlawyers.com\/es\/#\/schema\/logo\/image\/","url":"https:\/\/thehometownlawyers.com\/wp-content\/uploads\/2025\/12\/revised-kh-logo-vertical-white-background-scaled.png","contentUrl":"https:\/\/thehometownlawyers.com\/wp-content\/uploads\/2025\/12\/revised-kh-logo-vertical-white-background-scaled.png","width":2560,"height":1440,"caption":"Kruger & Hodges Hometown Injury Lawyers"},"image":{"@id":"https:\/\/thehometownlawyers.com\/es\/#\/schema\/logo\/image\/"},"sameAs":["https:\/\/www.facebook.com\/KrugerHodges\/","https:\/\/www.instagram.com\/krugerhodges\/","https:\/\/www.linkedin.com\/company\/kruger-hodges-hometown-injury-lawyers\/","https:\/\/www.youtube.com\/channel\/UCeYcMaMaN2rb9jMlqt4EIdQ","https:\/\/www.tiktok.com\/@thehometownlawyer"]}]}},"_links":{"self":[{"href":"https:\/\/thehometownlawyers.com\/es\/wp-json\/wp\/v2\/pages\/21232","targetHints":{"allow":["GET"]}}],"collection":[{"href":"https:\/\/thehometownlawyers.com\/es\/wp-json\/wp\/v2\/pages"}],"about":[{"href":"https:\/\/thehometownlawyers.com\/es\/wp-json\/wp\/v2\/types\/page"}],"author":[{"embeddable":true,"href":"https:\/\/thehometownlawyers.com\/es\/wp-json\/wp\/v2\/users\/7"}],"replies":[{"embeddable":true,"href":"https:\/\/thehometownlawyers.com\/es\/wp-json\/wp\/v2\/comments?post=21232"}],"version-history":[{"count":0,"href":"https:\/\/thehometownlawyers.com\/es\/wp-json\/wp\/v2\/pages\/21232\/revisions"}],"up":[{"embeddable":true,"href":"https:\/\/thehometownlawyers.com\/es\/wp-json\/wp\/v2\/pages\/21233"}],"wp:featuredmedia":[{"embeddable":true,"href":"https:\/\/thehometownlawyers.com\/es\/wp-json\/wp\/v2\/media\/20857"}],"wp:attachment":[{"href":"https:\/\/thehometownlawyers.com\/es\/wp-json\/wp\/v2\/media?parent=21232"}],"wp:term":[{"taxonomy":"hc_faqs","embeddable":true,"href":"https:\/\/thehometownlawyers.com\/es\/wp-json\/wp\/v2\/hc_faqs?post=21232"},{"taxonomy":"hc_spanish_faqs","embeddable":true,"href":"https:\/\/thehometownlawyers.com\/es\/wp-json\/wp\/v2\/hc_spanish_faqs?post=21232"}],"curies":[{"name":"wp","href":"https:\/\/api.w.org\/{rel}","templated":true}]}}