{"id":21233,"date":"2020-03-09T20:38:15","date_gmt":"2020-03-10T00:38:15","guid":{"rendered":"https:\/\/thehometownlawyers.com\/?page_id=21233"},"modified":"2025-04-03T13:49:45","modified_gmt":"2025-04-03T17:49:45","slug":"abogados-de-lesiones-personales-que-prestan-servicios-en-millville-ohio","status":"publish","type":"page","link":"https:\/\/thehometownlawyers.com\/es\/abogados-de-lesiones-personales-que-prestan-servicios-en-millville-ohio\/","title":{"rendered":"Abogado de Lesiones Personales en Millville"},"content":{"rendered":"<p>Si result\u00f3 herido en un accidente de cami\u00f3n, accidente de motocicleta, accidente de peat\u00f3n, accidente de bicicleta, accidente por conducir ebrio o accidente de autob\u00fas en Millville, Ohio, es posible que enfrente lesiones graves inesperadas, facturas m\u00e9dicas altas, salarios perdidos debido a d\u00edas perdidos de trabajo y ajustes importantes que resultan de cambios en el estilo de vida debido a sus lesiones. Las v\u00edctimas y sus familias pueden encontrarse luchando despu\u00e9s de una lesi\u00f3n personal grave. Sin embargo, si otra persona o parte fue responsable de su accidente, es posible que tenga derecho a reclamar da\u00f1os y perjuicios por sus p\u00e9rdidas. Kruger &amp; Hodges Attorneys at Law es un bufete de abogados de lesiones personales que presta servicios en Millville, Ohio, que trabaja con personas y familias que luchan despu\u00e9s de un accidente. Nuestros abogados pueden revisar su reclamo, estimar el valor de su accidente, identificar a las partes responsables y luchar para ayudarlo a obtener el acuerdo que merece seg\u00fan la ley.<\/p>\n<h2>\u00bfCu\u00e1l es el valor de mi reclamo por accidente en Millville, Ohio?<\/h2>\n<p>El valor de su reclamo por accidente depender\u00e1 de una variedad de factores. Para reclamar da\u00f1os por una lesi\u00f3n personal, es posible que deba demostrar que la otra parte fue predominantemente responsable de su accidente. Si se determina que usted es parcialmente responsable, pero la otra parte sigue siendo la principal responsable, su reclamo puede reducirse seg\u00fan el porcentaje de culpa que se determine que tuvo por el accidente. Este es solo un factor que puede afectar el valor de su reclamo por lesiones personales. Otro factor que puede afectar el valor de su acuerdo es la gravedad de sus lesiones. Si result\u00f3 gravemente lesionado en un accidente, es posible que tenga derecho a reclamar da\u00f1os y perjuicios no solo por sus gastos m\u00e9dicos, de rehabilitaci\u00f3n y salarios perdidos anteriores, sino tambi\u00e9n a reclamar da\u00f1os por sus gastos m\u00e9dicos, de rehabilitaci\u00f3n y salarios perdidos en el futuro. Finalmente, si result\u00f3 gravemente lesionado, sufri\u00f3 como resultado de su accidente, qued\u00f3 discapacitado como resultado de su accidente o enfrenta contratiempos importantes como resultado de sus lesiones, tambi\u00e9n puede reclamar da\u00f1os y perjuicios por su dolor y sufrimiento. Los abogados de accidentes de Kruger &amp; Hodges Attorneys at Law que prestan servicios en Millville, Ohio, pueden usar f\u00f3rmulas y estimaciones para determinar un valor justo para su reclamo y luego pueden buscar un acuerdo con las compa\u00f1\u00edas de seguros o las partes responsables. Comprender el valor de su reclamo es importante cuando se negocia un acuerdo con las compa\u00f1\u00edas de seguros y las partes negligentes. Deje que los abogados de Kruger &amp; Hodges revisen su reclamo hoy.<\/p>\n<p class=\"rs-content-cta rs-content-cta-small\">Para una consulta legal gratuita, llame al <a href=\"tel:+15138943333\">513-894-3333 <\/a><\/p><h2>\u00bfQu\u00e9 puedo hacer despu\u00e9s de un accidente en Millville, Ohio para proteger mis derechos?<\/h2>\n<p>Hay varios pasos que puede tomar despu\u00e9s de un accidente en Millville, Ohio, para proteger sus derechos. Inmediatamente despu\u00e9s de un accidente automovil\u00edstico, llame a la polic\u00eda, presente un informe policial y busque atenci\u00f3n m\u00e9dica para sus lesiones lo antes posible. Mantenga todos los registros m\u00e9dicos y haga un seguimiento con su m\u00e9dico seg\u00fan las instrucciones. En la escena del accidente, intercambie informaci\u00f3n de contacto con los otros conductores y obtenga los nombres y la informaci\u00f3n de contacto de los testigos que pudieron haber visto lo que sucedi\u00f3. Informe a su compa\u00f1\u00eda de seguros que ha tenido un accidente lo antes posible. La mayor\u00eda de las compa\u00f1\u00edas de seguros requieren que los conductores informen sus accidentes despu\u00e9s de que ocurran.<\/p>\n<p>Finalmente, si tiene preguntas sobre el proceso de reclamos, tiene preguntas sobre sus derechos despu\u00e9s de un accidente de Millville, Ohio, o tiene otras inquietudes, comun\u00edquese hoy con los Abogados de Kruger &amp; Hodges. Nuestros abogados de accidentes pueden ayudarlo a resolver su reclamo con las aseguradoras o buscar da\u00f1os y perjuicios de las partes negligentes. Sin embargo, es posible que solo tenga una cantidad limitada de tiempo para presentar un reclamo. Comun\u00edquese con nuestros abogados hoy.<\/p>\n<p class=\"rs-content-cta rs-content-cta-small\">Llame o env\u00ede un mensaje de texto al <a href=\"tel:+15138943333\">513-894-3333<\/a> o complete una <a href=\"\/es\/contacto\/\">evaluaci\u00f3n gratuita de su caso<\/a><\/p>","protected":false},"excerpt":{"rendered":"<p>Si result\u00f3 herido en un accidente de cami\u00f3n, accidente de motocicleta, accidente de peat\u00f3n, accidente de bicicleta, accidente por conducir ebrio o accidente de autob\u00fas en Millville, Ohio, es posible que enfrente lesiones graves inesperadas, facturas m\u00e9dicas altas, salarios perdidos debido a d\u00edas perdidos de trabajo y ajustes importantes que resultan de cambios en el &#8230;<\/p>\n","protected":false},"author":7,"featured_media":24624,"parent":0,"menu_order":0,"comment_status":"closed","ping_status":"closed","template":"","meta":{"_acf_changed":false,"inline_featured_image":false,"_genesis_hide_title":false,"_genesis_hide_breadcrumbs":false,"_genesis_hide_singular_image":false,"_genesis_hide_footer_widgets":false,"_genesis_custom_body_class":"","_genesis_custom_post_class":"","_genesis_layout":"","footnotes":""},"hc_faqs":[],"hc_spanish_faqs":[],"class_list":{"0":"post-21233","1":"page","2":"type-page","3":"status-publish","4":"has-post-thumbnail","6":"hc_city_location-millville-es","7":"entry"},"acf":[],"yoast_head":"<!-- This site is optimized with the Yoast SEO plugin v27.4 - https:\/\/yoast.com\/product\/yoast-seo-wordpress\/ -->\n<title>Abogados de lesiones personales que prestan servicios en Millville, Ohio: Consulta gratuita<\/title>\n<meta name=\"description\" content=\"Si result\u00f3 herido en un accidente de cami\u00f3n, accidente de motocicleta, accidente de peat\u00f3n, accidente de bicicleta, accidente por conducir ebrio o\" \/>\n<meta name=\"robots\" content=\"index, follow, max-snippet:-1, max-image-preview:large, max-video-preview:-1\" \/>\n<link rel=\"canonical\" href=\"https:\/\/thehometownlawyers.com\/es\/abogados-de-lesiones-personales-que-prestan-servicios-en-millville-ohio\/\" \/>\n<meta property=\"og:locale\" content=\"es_MX\" \/>\n<meta property=\"og:type\" content=\"article\" \/>\n<meta property=\"og:title\" content=\"Abogados de lesiones personales que prestan servicios en Millville, Ohio: Consulta gratuita\" \/>\n<meta property=\"og:description\" content=\"Si result\u00f3 herido en un accidente de cami\u00f3n, accidente de motocicleta, accidente de peat\u00f3n, accidente de bicicleta, accidente por conducir ebrio o\" \/>\n<meta property=\"og:url\" content=\"https:\/\/thehometownlawyers.com\/es\/abogados-de-lesiones-personales-que-prestan-servicios-en-millville-ohio\/\" \/>\n<meta property=\"og:site_name\" content=\"Kruger &amp; Hodges Abogados De Lesiones\" \/>\n<meta property=\"article:publisher\" content=\"https:\/\/www.facebook.com\/KrugerHodges\/\" \/>\n<meta property=\"article:modified_time\" content=\"2025-04-03T17:49:45+00:00\" \/>\n<meta property=\"og:image\" content=\"https:\/\/thehometownlawyers.com\/wp-content\/uploads\/2025\/03\/abogados-de-lesiones-personales-que-prestan-servicios-en-millville-ohio.jpg\" \/>\n\t<meta property=\"og:image:width\" content=\"768\" \/>\n\t<meta property=\"og:image:height\" content=\"688\" \/>\n\t<meta property=\"og:image:type\" content=\"image\/jpeg\" \/>\n<meta name=\"twitter:card\" content=\"summary_large_image\" \/>\n<meta name=\"twitter:label1\" content=\"Tiempo de lectura\" \/>\n\t<meta name=\"twitter:data1\" content=\"4 minutos\" \/>\n<script type=\"application\/ld+json\" class=\"yoast-schema-graph\">{\"@context\":\"https:\\\/\\\/schema.org\",\"@graph\":[{\"@type\":\"WebPage\",\"@id\":\"https:\\\/\\\/thehometownlawyers.com\\\/es\\\/abogados-de-lesiones-personales-que-prestan-servicios-en-millville-ohio\\\/\",\"url\":\"https:\\\/\\\/thehometownlawyers.com\\\/es\\\/abogados-de-lesiones-personales-que-prestan-servicios-en-millville-ohio\\\/\",\"name\":\"Abogados de lesiones personales que prestan servicios en Millville, Ohio: Consulta gratuita\",\"isPartOf\":{\"@id\":\"https:\\\/\\\/thehometownlawyers.com\\\/es\\\/#website\"},\"primaryImageOfPage\":{\"@id\":\"https:\\\/\\\/thehometownlawyers.com\\\/es\\\/abogados-de-lesiones-personales-que-prestan-servicios-en-millville-ohio\\\/#primaryimage\"},\"image\":{\"@id\":\"https:\\\/\\\/thehometownlawyers.com\\\/es\\\/abogados-de-lesiones-personales-que-prestan-servicios-en-millville-ohio\\\/#primaryimage\"},\"thumbnailUrl\":\"https:\\\/\\\/thehometownlawyers.com\\\/wp-content\\\/uploads\\\/2025\\\/03\\\/abogados-de-lesiones-personales-que-prestan-servicios-en-millville-ohio.jpg\",\"datePublished\":\"2020-03-10T00:38:15+00:00\",\"dateModified\":\"2025-04-03T17:49:45+00:00\",\"description\":\"Si result\u00f3 herido en un accidente de cami\u00f3n, accidente de motocicleta, accidente de peat\u00f3n, accidente de bicicleta, accidente por conducir ebrio o\",\"breadcrumb\":{\"@id\":\"https:\\\/\\\/thehometownlawyers.com\\\/es\\\/abogados-de-lesiones-personales-que-prestan-servicios-en-millville-ohio\\\/#breadcrumb\"},\"inLanguage\":\"es\",\"potentialAction\":[{\"@type\":\"ReadAction\",\"target\":[\"https:\\\/\\\/thehometownlawyers.com\\\/es\\\/abogados-de-lesiones-personales-que-prestan-servicios-en-millville-ohio\\\/\"]}]},{\"@type\":\"ImageObject\",\"inLanguage\":\"es\",\"@id\":\"https:\\\/\\\/thehometownlawyers.com\\\/es\\\/abogados-de-lesiones-personales-que-prestan-servicios-en-millville-ohio\\\/#primaryimage\",\"url\":\"https:\\\/\\\/thehometownlawyers.com\\\/wp-content\\\/uploads\\\/2025\\\/03\\\/abogados-de-lesiones-personales-que-prestan-servicios-en-millville-ohio.jpg\",\"contentUrl\":\"https:\\\/\\\/thehometownlawyers.com\\\/wp-content\\\/uploads\\\/2025\\\/03\\\/abogados-de-lesiones-personales-que-prestan-servicios-en-millville-ohio.jpg\",\"width\":768,\"height\":688,\"caption\":\"This career salesman calculating on calculator car price in showroom car.\"},{\"@type\":\"BreadcrumbList\",\"@id\":\"https:\\\/\\\/thehometownlawyers.com\\\/es\\\/abogados-de-lesiones-personales-que-prestan-servicios-en-millville-ohio\\\/#breadcrumb\",\"itemListElement\":[{\"@type\":\"ListItem\",\"position\":1,\"name\":\"Home\",\"item\":\"https:\\\/\\\/thehometownlawyers.com\\\/es\\\/\"},{\"@type\":\"ListItem\",\"position\":2,\"name\":\"Abogado de Lesiones Personales en Millville\"}]},{\"@type\":\"WebSite\",\"@id\":\"https:\\\/\\\/thehometownlawyers.com\\\/es\\\/#website\",\"url\":\"https:\\\/\\\/thehometownlawyers.com\\\/es\\\/\",\"name\":\"Kruger & Hodges Hometown Injury Lawyers | Accident Attorneys\",\"description\":\"Attorneys for Car, Truck and Motorcycle Accidents, Personal Injuries, and Criminal Defense.\",\"publisher\":{\"@id\":\"https:\\\/\\\/thehometownlawyers.com\\\/es\\\/#organization\"},\"alternateName\":\"Kruger & Hodges Personal Injury Lawyers\",\"inLanguage\":\"es\"},{\"@type\":\"Organization\",\"@id\":\"https:\\\/\\\/thehometownlawyers.com\\\/es\\\/#organization\",\"name\":\"Kruger & Hodges Hometown Injury Lawyers\",\"alternateName\":\"Kruger & Hodges\",\"url\":\"https:\\\/\\\/thehometownlawyers.com\\\/es\\\/\",\"logo\":{\"@type\":\"ImageObject\",\"inLanguage\":\"es\",\"@id\":\"https:\\\/\\\/thehometownlawyers.com\\\/es\\\/#\\\/schema\\\/logo\\\/image\\\/\",\"url\":\"https:\\\/\\\/thehometownlawyers.com\\\/wp-content\\\/uploads\\\/2025\\\/12\\\/revised-kh-logo-vertical-white-background-scaled.png\",\"contentUrl\":\"https:\\\/\\\/thehometownlawyers.com\\\/wp-content\\\/uploads\\\/2025\\\/12\\\/revised-kh-logo-vertical-white-background-scaled.png\",\"width\":2560,\"height\":1440,\"caption\":\"Kruger & Hodges Hometown Injury Lawyers\"},\"image\":{\"@id\":\"https:\\\/\\\/thehometownlawyers.com\\\/es\\\/#\\\/schema\\\/logo\\\/image\\\/\"},\"sameAs\":[\"https:\\\/\\\/www.facebook.com\\\/KrugerHodges\\\/\",\"https:\\\/\\\/www.instagram.com\\\/krugerhodges\\\/\",\"https:\\\/\\\/www.linkedin.com\\\/company\\\/kruger-hodges-hometown-injury-lawyers\\\/\",\"https:\\\/\\\/www.youtube.com\\\/channel\\\/UCeYcMaMaN2rb9jMlqt4EIdQ\",\"https:\\\/\\\/www.tiktok.com\\\/@thehometownlawyer\"]}]}<\/script>\n<!-- \/ Yoast SEO plugin. -->","yoast_head_json":{"title":"Abogados de lesiones personales que prestan servicios en Millville, Ohio: Consulta gratuita","description":"Si result\u00f3 herido en un accidente de cami\u00f3n, accidente de motocicleta, accidente de peat\u00f3n, accidente de bicicleta, accidente por conducir ebrio o","robots":{"index":"index","follow":"follow","max-snippet":"max-snippet:-1","max-image-preview":"max-image-preview:large","max-video-preview":"max-video-preview:-1"},"canonical":"https:\/\/thehometownlawyers.com\/es\/abogados-de-lesiones-personales-que-prestan-servicios-en-millville-ohio\/","og_locale":"es_MX","og_type":"article","og_title":"Abogados de lesiones personales que prestan servicios en Millville, Ohio: Consulta gratuita","og_description":"Si result\u00f3 herido en un accidente de cami\u00f3n, accidente de motocicleta, accidente de peat\u00f3n, accidente de bicicleta, accidente por conducir ebrio o","og_url":"https:\/\/thehometownlawyers.com\/es\/abogados-de-lesiones-personales-que-prestan-servicios-en-millville-ohio\/","og_site_name":"Kruger &amp; Hodges Abogados De Lesiones","article_publisher":"https:\/\/www.facebook.com\/KrugerHodges\/","article_modified_time":"2025-04-03T17:49:45+00:00","og_image":[{"width":768,"height":688,"url":"https:\/\/thehometownlawyers.com\/wp-content\/uploads\/2025\/03\/abogados-de-lesiones-personales-que-prestan-servicios-en-millville-ohio.jpg","type":"image\/jpeg"}],"twitter_card":"summary_large_image","twitter_misc":{"Tiempo de lectura":"4 minutos"},"schema":{"@context":"https:\/\/schema.org","@graph":[{"@type":"WebPage","@id":"https:\/\/thehometownlawyers.com\/es\/abogados-de-lesiones-personales-que-prestan-servicios-en-millville-ohio\/","url":"https:\/\/thehometownlawyers.com\/es\/abogados-de-lesiones-personales-que-prestan-servicios-en-millville-ohio\/","name":"Abogados de lesiones personales que prestan servicios en Millville, Ohio: Consulta gratuita","isPartOf":{"@id":"https:\/\/thehometownlawyers.com\/es\/#website"},"primaryImageOfPage":{"@id":"https:\/\/thehometownlawyers.com\/es\/abogados-de-lesiones-personales-que-prestan-servicios-en-millville-ohio\/#primaryimage"},"image":{"@id":"https:\/\/thehometownlawyers.com\/es\/abogados-de-lesiones-personales-que-prestan-servicios-en-millville-ohio\/#primaryimage"},"thumbnailUrl":"https:\/\/thehometownlawyers.com\/wp-content\/uploads\/2025\/03\/abogados-de-lesiones-personales-que-prestan-servicios-en-millville-ohio.jpg","datePublished":"2020-03-10T00:38:15+00:00","dateModified":"2025-04-03T17:49:45+00:00","description":"Si result\u00f3 herido en un accidente de cami\u00f3n, accidente de motocicleta, accidente de peat\u00f3n, accidente de bicicleta, accidente por conducir ebrio o","breadcrumb":{"@id":"https:\/\/thehometownlawyers.com\/es\/abogados-de-lesiones-personales-que-prestan-servicios-en-millville-ohio\/#breadcrumb"},"inLanguage":"es","potentialAction":[{"@type":"ReadAction","target":["https:\/\/thehometownlawyers.com\/es\/abogados-de-lesiones-personales-que-prestan-servicios-en-millville-ohio\/"]}]},{"@type":"ImageObject","inLanguage":"es","@id":"https:\/\/thehometownlawyers.com\/es\/abogados-de-lesiones-personales-que-prestan-servicios-en-millville-ohio\/#primaryimage","url":"https:\/\/thehometownlawyers.com\/wp-content\/uploads\/2025\/03\/abogados-de-lesiones-personales-que-prestan-servicios-en-millville-ohio.jpg","contentUrl":"https:\/\/thehometownlawyers.com\/wp-content\/uploads\/2025\/03\/abogados-de-lesiones-personales-que-prestan-servicios-en-millville-ohio.jpg","width":768,"height":688,"caption":"This career salesman calculating on calculator car price in showroom car."},{"@type":"BreadcrumbList","@id":"https:\/\/thehometownlawyers.com\/es\/abogados-de-lesiones-personales-que-prestan-servicios-en-millville-ohio\/#breadcrumb","itemListElement":[{"@type":"ListItem","position":1,"name":"Home","item":"https:\/\/thehometownlawyers.com\/es\/"},{"@type":"ListItem","position":2,"name":"Abogado de Lesiones Personales en Millville"}]},{"@type":"WebSite","@id":"https:\/\/thehometownlawyers.com\/es\/#website","url":"https:\/\/thehometownlawyers.com\/es\/","name":"Kruger & Hodges Hometown Injury Lawyers | Accident Attorneys","description":"Attorneys for Car, Truck and Motorcycle Accidents, Personal Injuries, and Criminal Defense.","publisher":{"@id":"https:\/\/thehometownlawyers.com\/es\/#organization"},"alternateName":"Kruger & Hodges Personal Injury Lawyers","inLanguage":"es"},{"@type":"Organization","@id":"https:\/\/thehometownlawyers.com\/es\/#organization","name":"Kruger & Hodges Hometown Injury Lawyers","alternateName":"Kruger & Hodges","url":"https:\/\/thehometownlawyers.com\/es\/","logo":{"@type":"ImageObject","inLanguage":"es","@id":"https:\/\/thehometownlawyers.com\/es\/#\/schema\/logo\/image\/","url":"https:\/\/thehometownlawyers.com\/wp-content\/uploads\/2025\/12\/revised-kh-logo-vertical-white-background-scaled.png","contentUrl":"https:\/\/thehometownlawyers.com\/wp-content\/uploads\/2025\/12\/revised-kh-logo-vertical-white-background-scaled.png","width":2560,"height":1440,"caption":"Kruger & Hodges Hometown Injury Lawyers"},"image":{"@id":"https:\/\/thehometownlawyers.com\/es\/#\/schema\/logo\/image\/"},"sameAs":["https:\/\/www.facebook.com\/KrugerHodges\/","https:\/\/www.instagram.com\/krugerhodges\/","https:\/\/www.linkedin.com\/company\/kruger-hodges-hometown-injury-lawyers\/","https:\/\/www.youtube.com\/channel\/UCeYcMaMaN2rb9jMlqt4EIdQ","https:\/\/www.tiktok.com\/@thehometownlawyer"]}]}},"_links":{"self":[{"href":"https:\/\/thehometownlawyers.com\/es\/wp-json\/wp\/v2\/pages\/21233","targetHints":{"allow":["GET"]}}],"collection":[{"href":"https:\/\/thehometownlawyers.com\/es\/wp-json\/wp\/v2\/pages"}],"about":[{"href":"https:\/\/thehometownlawyers.com\/es\/wp-json\/wp\/v2\/types\/page"}],"author":[{"embeddable":true,"href":"https:\/\/thehometownlawyers.com\/es\/wp-json\/wp\/v2\/users\/7"}],"replies":[{"embeddable":true,"href":"https:\/\/thehometownlawyers.com\/es\/wp-json\/wp\/v2\/comments?post=21233"}],"version-history":[{"count":0,"href":"https:\/\/thehometownlawyers.com\/es\/wp-json\/wp\/v2\/pages\/21233\/revisions"}],"wp:featuredmedia":[{"embeddable":true,"href":"https:\/\/thehometownlawyers.com\/es\/wp-json\/wp\/v2\/media\/24624"}],"wp:attachment":[{"href":"https:\/\/thehometownlawyers.com\/es\/wp-json\/wp\/v2\/media?parent=21233"}],"wp:term":[{"taxonomy":"hc_faqs","embeddable":true,"href":"https:\/\/thehometownlawyers.com\/es\/wp-json\/wp\/v2\/hc_faqs?post=21233"},{"taxonomy":"hc_spanish_faqs","embeddable":true,"href":"https:\/\/thehometownlawyers.com\/es\/wp-json\/wp\/v2\/hc_spanish_faqs?post=21233"}],"curies":[{"name":"wp","href":"https:\/\/api.w.org\/{rel}","templated":true}]}}