{"id":21234,"date":"2020-03-09T19:19:59","date_gmt":"2020-03-09T23:19:59","guid":{"rendered":"https:\/\/thehometownlawyers.com\/?page_id=21234"},"modified":"2025-02-06T10:12:37","modified_gmt":"2025-02-06T15:12:37","slug":"abogados-de-accidentes-de-camiones-que-prestan-servicios-en-new-miami-ohio","status":"publish","type":"page","link":"https:\/\/thehometownlawyers.com\/es\/abogados-de-lesiones-personales-que-prestan-servicios-en-new-miami-ohio\/abogados-de-accidentes-de-camiones-que-prestan-servicios-en-new-miami-ohio\/","title":{"rendered":"Abogado de Accidente de Semi en New Miami"},"content":{"rendered":"<p>\u00bfHa resultado herido en un accidente de cami\u00f3n en New Miami, Ohio? Las v\u00edctimas de accidentes de camiones pueden enfrentarse a lesiones graves y que alteran la vida, como lesi\u00f3n cerebral traum\u00e1tica, lesi\u00f3n de la m\u00e9dula espinal, amputaci\u00f3n, lesiones por quemaduras, desfiguraci\u00f3n y otras lesiones graves. Debido al gran tama\u00f1o de los veh\u00edculos involucrados, las v\u00edctimas que viajan en veh\u00edculos de pasajeros a menudo son m\u00e1s vulnerables a sufrir lesiones y p\u00e9rdidas. Seg\u00fan la <a href=\"https:\/\/crashstats.nhtsa.dot.gov\/Api\/Public\/ViewPublication\/812663\" target=\"_blank\" rel=\"noopener\">Administraci\u00f3n Nacional de Seguridad del Tr\u00e1fico en las Carreteras<\/a> , solo en 2017 hubo 4,761 personas muertas en accidentes de camiones grandes. Estos n\u00fameros no dan cuenta de la gran cantidad de personas discapacitadas o gravemente lesionadas como resultado de accidentes de camiones grandes.<\/p>\n<p>Cuando las v\u00edctimas sufren lesiones en accidentes de camiones, pueden tener derecho a presentar un reclamo contra la compa\u00f1\u00eda del cami\u00f3n, el conductor y sus aseguradoras. Las empresas de camiones tambi\u00e9n deben cumplir con las estrictas leyes federales y locales, lo que significa que al evaluar un reclamo por negligencia, un abogado de accidentes de camiones debe analizar detenidamente las diversas formas en que la empresa de camiones pudo o no haber cumplido con la ley. Las empresas de camiones tambi\u00e9n est\u00e1n obligadas a estar debidamente aseguradas. Y, si bien estas p\u00f3lizas pueden tener l\u00edmites altos, es posible que las v\u00edctimas deban ser fuertes defensores de sus derechos cuando negocien con los ajustadores de seguros. Kruger &amp; Hodges Attorneys at Law es un bufete de abogados de accidentes de camiones que presta servicios en New Miami, Ohio, que puede ayudarlo con varios aspectos de su proceso de reclamaci\u00f3n de accidentes de camiones. Nuestros abogados de accidentes de camiones pueden evaluar sus lesiones y p\u00e9rdidas para estimar el valor de su reclamo. Podemos identificar las partes negligentes y las partes responsables. Y es posible que podamos luchar para ayudarlo a obtener el acuerdo que merece seg\u00fan la ley.<\/p>\n<h2>Formas en que un abogado de accidentes de camiones puede ayudarlo<\/h2>\n<p>Los reclamos por accidentes de camiones a menudo pueden ser m\u00e1s complejos que los reclamos por veh\u00edculos de pasajeros porque las compa\u00f1\u00edas de camiones deben cumplir con m\u00e1s leyes que los veh\u00edculos de pasajeros y porque estos accidentes a veces pueden resultar en lesiones m\u00e1s graves y catastr\u00f3ficas. La evaluaci\u00f3n de un reclamo por accidente de cami\u00f3n puede implicar la evaluaci\u00f3n del registro del conductor del cami\u00f3n, los registros de env\u00edo de la compa\u00f1\u00eda de camiones y otros registros para determinar si un conductor del cami\u00f3n podr\u00eda haber violado las leyes de horas de servicio. Un reclamo por accidente de cami\u00f3n puede implicar un an\u00e1lisis detallado del historial del conductor y del historial de mantenimiento del veh\u00edculo. Las empresas de camiones est\u00e1n obligadas a mantener adecuadamente sus veh\u00edculos y examinar a sus conductores. Una revisi\u00f3n de las pr\u00e1cticas de carga de veh\u00edculos, los pesos de los veh\u00edculos y otros factores tambi\u00e9n pueden ser relevantes para su caso. En un reclamo por accidente de cami\u00f3n, m\u00e1s de una parte puede ser responsable de su accidente. A veces, los conductores de camiones son independientes de las empresas de camiones que contratan y, a veces, son empleados, y desenredar estas relaciones puede ser un desaf\u00edo.<\/p>\n<p>Un abogado de accidentes de camiones como los abogados de <a href=\"https:\/\/thehometownlawyers.com\/es\/abogados-de-lesiones-personales-de-middletown\/\">Kruger &amp; Hodges<\/a> Attorneys at Law puede ayudarlo a desentra\u00f1ar todos estos detalles complejos. Nuestros abogados tambi\u00e9n pueden revisar sus gastos m\u00e9dicos, costos de rehabilitaci\u00f3n, salarios perdidos y otros da\u00f1os para estimar el valor de su reclamo. Comprender estos factores puede ser esencial cuando se negocia con las compa\u00f1\u00edas de seguros para obtener un acuerdo justo y cuando se negocia con las compa\u00f1\u00edas de camiones responsables y las partes interesadas para ayudarlo a obtener el reclamo que puede merecer seg\u00fan la ley.<\/p>\n<p>Los abogados de Kruger &amp; Hodges entienden que las v\u00edctimas de accidentes de camiones pueden enfrentar desaf\u00edos \u00fanicos despu\u00e9s de un accidente de cami\u00f3n. Es posible que est\u00e9 luchando con costos m\u00e9dicos inesperados derivados de una lesi\u00f3n cerebral traum\u00e1tica, lesi\u00f3n de la m\u00e9dula espinal, amputaci\u00f3n u otras lesiones graves. Sin embargo, no estas solo. <a href=\"https:\/\/thehometownlawyers.com\/es\/contacto\/\">P\u00f3ngase en contacto con los abogados de Kruger &amp; Hodges<\/a> en New Miami, Ohio hoy para obtener m\u00e1s informaci\u00f3n.<\/p>\n<p class=\"rs-content-cta rs-content-cta-small\">Para una consulta legal gratuita, llame al <a href=\"tel:+15138943333\">513-894-3333 <\/a><\/p><h2>buscar justicia<\/h2>\n<p>La industria del transporte gana miles de millones cada a\u00f1o. Las empresas de camiones y los conductores son responsables de tomar medidas para mantener sus operaciones seguras, sus conductores seguros y, por extensi\u00f3n, para proteger la seguridad del p\u00fablico en general. Cuando las empresas de camiones toman atajos, infringen la ley o cuando sus conductores cometen errores, a veces las personas que sufren son las de los veh\u00edculos de pasajeros. Sin embargo, usted puede tener derechos bajo la ley. Los abogados de accidentes de camiones de Kruger &amp; Hodges Attorneys at Law que prestan servicios en New Miami, Ohio, pueden ayudarlo con su reclamo. Sin embargo, es posible que solo tenga una cantidad limitada de tiempo para presentar un reclamo conforme a la ley . P\u00f3ngase en contacto con nuestros abogados hoy para obtener m\u00e1s informaci\u00f3n.<\/p>\n<p class=\"rs-content-cta rs-content-cta-small\">Llame o env\u00ede un mensaje de texto al <a href=\"tel:+15138943333\">513-894-3333<\/a> o complete una <a href=\"\/es\/contacto\/\">evaluaci\u00f3n gratuita de su caso<\/a><\/p>","protected":false},"excerpt":{"rendered":"<p>\u00bfHa resultado herido en un accidente de cami\u00f3n en New Miami, Ohio? Las v\u00edctimas de accidentes de camiones pueden enfrentarse a lesiones graves y que alteran la vida, como lesi\u00f3n cerebral traum\u00e1tica, lesi\u00f3n de la m\u00e9dula espinal, amputaci\u00f3n, lesiones por quemaduras, desfiguraci\u00f3n y otras lesiones graves. Debido al gran tama\u00f1o de los veh\u00edculos involucrados, las &#8230;<\/p>\n","protected":false},"author":7,"featured_media":20728,"parent":21237,"menu_order":0,"comment_status":"closed","ping_status":"closed","template":"","meta":{"_acf_changed":false,"inline_featured_image":false,"_genesis_hide_title":false,"_genesis_hide_breadcrumbs":false,"_genesis_hide_singular_image":false,"_genesis_hide_footer_widgets":false,"_genesis_custom_body_class":"","_genesis_custom_post_class":"","_genesis_layout":"","footnotes":""},"hc_faqs":[],"hc_spanish_faqs":[],"class_list":{"0":"post-21234","1":"page","2":"type-page","3":"status-publish","4":"has-post-thumbnail","6":"hc_city_location-new-miami-es","7":"entry"},"acf":[],"yoast_head":"<!-- This site is optimized with the Yoast SEO plugin v27.4 - https:\/\/yoast.com\/product\/yoast-seo-wordpress\/ -->\n<title>Abogados de accidentes de camiones que prestan servicios en New Miami, Ohio: Consulta gratuita<\/title>\n<meta name=\"description\" content=\"\u00bfHa resultado herido en un accidente de cami\u00f3n en New Miami, Ohio? Las v\u00edctimas de accidentes de camiones pueden enfrentarse a lesiones graves y que\" \/>\n<meta name=\"robots\" content=\"index, follow, max-snippet:-1, max-image-preview:large, max-video-preview:-1\" \/>\n<link rel=\"canonical\" href=\"https:\/\/thehometownlawyers.com\/es\/abogados-de-lesiones-personales-que-prestan-servicios-en-new-miami-ohio\/abogados-de-accidentes-de-camiones-que-prestan-servicios-en-new-miami-ohio\/\" \/>\n<meta property=\"og:locale\" content=\"es_MX\" \/>\n<meta property=\"og:type\" content=\"article\" \/>\n<meta property=\"og:title\" content=\"Abogados de accidentes de camiones que prestan servicios en New Miami, Ohio: Consulta gratuita\" \/>\n<meta property=\"og:description\" content=\"\u00bfHa resultado herido en un accidente de cami\u00f3n en New Miami, Ohio? Las v\u00edctimas de accidentes de camiones pueden enfrentarse a lesiones graves y que\" \/>\n<meta property=\"og:url\" content=\"https:\/\/thehometownlawyers.com\/es\/abogados-de-lesiones-personales-que-prestan-servicios-en-new-miami-ohio\/abogados-de-accidentes-de-camiones-que-prestan-servicios-en-new-miami-ohio\/\" \/>\n<meta property=\"og:site_name\" content=\"Kruger &amp; Hodges Abogados De Lesiones\" \/>\n<meta property=\"article:publisher\" content=\"https:\/\/www.facebook.com\/KrugerHodges\/\" \/>\n<meta property=\"article:modified_time\" content=\"2025-02-06T15:12:37+00:00\" \/>\n<meta property=\"og:image\" content=\"https:\/\/thehometownlawyers.com\/wp-content\/uploads\/2019\/01\/FedEx-Truck-Accident.jpg\" \/>\n\t<meta property=\"og:image:width\" content=\"640\" \/>\n\t<meta property=\"og:image:height\" content=\"427\" \/>\n\t<meta property=\"og:image:type\" content=\"image\/jpeg\" \/>\n<meta name=\"twitter:card\" content=\"summary_large_image\" \/>\n<meta name=\"twitter:label1\" content=\"Tiempo de lectura\" \/>\n\t<meta name=\"twitter:data1\" content=\"4 minutos\" \/>\n<script type=\"application\/ld+json\" class=\"yoast-schema-graph\">{\"@context\":\"https:\\\/\\\/schema.org\",\"@graph\":[{\"@type\":\"WebPage\",\"@id\":\"https:\\\/\\\/thehometownlawyers.com\\\/es\\\/abogados-de-lesiones-personales-que-prestan-servicios-en-new-miami-ohio\\\/abogados-de-accidentes-de-camiones-que-prestan-servicios-en-new-miami-ohio\\\/\",\"url\":\"https:\\\/\\\/thehometownlawyers.com\\\/es\\\/abogados-de-lesiones-personales-que-prestan-servicios-en-new-miami-ohio\\\/abogados-de-accidentes-de-camiones-que-prestan-servicios-en-new-miami-ohio\\\/\",\"name\":\"Abogados de accidentes de camiones que prestan servicios en New Miami, Ohio: Consulta gratuita\",\"isPartOf\":{\"@id\":\"https:\\\/\\\/thehometownlawyers.com\\\/es\\\/#website\"},\"primaryImageOfPage\":{\"@id\":\"https:\\\/\\\/thehometownlawyers.com\\\/es\\\/abogados-de-lesiones-personales-que-prestan-servicios-en-new-miami-ohio\\\/abogados-de-accidentes-de-camiones-que-prestan-servicios-en-new-miami-ohio\\\/#primaryimage\"},\"image\":{\"@id\":\"https:\\\/\\\/thehometownlawyers.com\\\/es\\\/abogados-de-lesiones-personales-que-prestan-servicios-en-new-miami-ohio\\\/abogados-de-accidentes-de-camiones-que-prestan-servicios-en-new-miami-ohio\\\/#primaryimage\"},\"thumbnailUrl\":\"https:\\\/\\\/thehometownlawyers.com\\\/wp-content\\\/uploads\\\/2019\\\/01\\\/FedEx-Truck-Accident.jpg\",\"datePublished\":\"2020-03-09T23:19:59+00:00\",\"dateModified\":\"2025-02-06T15:12:37+00:00\",\"description\":\"\u00bfHa resultado herido en un accidente de cami\u00f3n en New Miami, Ohio? Las v\u00edctimas de accidentes de camiones pueden enfrentarse a lesiones graves y que\",\"breadcrumb\":{\"@id\":\"https:\\\/\\\/thehometownlawyers.com\\\/es\\\/abogados-de-lesiones-personales-que-prestan-servicios-en-new-miami-ohio\\\/abogados-de-accidentes-de-camiones-que-prestan-servicios-en-new-miami-ohio\\\/#breadcrumb\"},\"inLanguage\":\"es\",\"potentialAction\":[{\"@type\":\"ReadAction\",\"target\":[\"https:\\\/\\\/thehometownlawyers.com\\\/es\\\/abogados-de-lesiones-personales-que-prestan-servicios-en-new-miami-ohio\\\/abogados-de-accidentes-de-camiones-que-prestan-servicios-en-new-miami-ohio\\\/\"]}]},{\"@type\":\"ImageObject\",\"inLanguage\":\"es\",\"@id\":\"https:\\\/\\\/thehometownlawyers.com\\\/es\\\/abogados-de-lesiones-personales-que-prestan-servicios-en-new-miami-ohio\\\/abogados-de-accidentes-de-camiones-que-prestan-servicios-en-new-miami-ohio\\\/#primaryimage\",\"url\":\"https:\\\/\\\/thehometownlawyers.com\\\/wp-content\\\/uploads\\\/2019\\\/01\\\/FedEx-Truck-Accident.jpg\",\"contentUrl\":\"https:\\\/\\\/thehometownlawyers.com\\\/wp-content\\\/uploads\\\/2019\\\/01\\\/FedEx-Truck-Accident.jpg\",\"width\":640,\"height\":427,\"caption\":\"Accidente de tres semirremolques\"},{\"@type\":\"BreadcrumbList\",\"@id\":\"https:\\\/\\\/thehometownlawyers.com\\\/es\\\/abogados-de-lesiones-personales-que-prestan-servicios-en-new-miami-ohio\\\/abogados-de-accidentes-de-camiones-que-prestan-servicios-en-new-miami-ohio\\\/#breadcrumb\",\"itemListElement\":[{\"@type\":\"ListItem\",\"position\":1,\"name\":\"Home\",\"item\":\"https:\\\/\\\/thehometownlawyers.com\\\/es\\\/\"},{\"@type\":\"ListItem\",\"position\":2,\"name\":\"Abogado de Lesiones Personales en New Miami\",\"item\":\"https:\\\/\\\/thehometownlawyers.com\\\/es\\\/abogados-de-lesiones-personales-que-prestan-servicios-en-new-miami-ohio\\\/\"},{\"@type\":\"ListItem\",\"position\":3,\"name\":\"Abogado de Accidente de Semi en New Miami\"}]},{\"@type\":\"WebSite\",\"@id\":\"https:\\\/\\\/thehometownlawyers.com\\\/es\\\/#website\",\"url\":\"https:\\\/\\\/thehometownlawyers.com\\\/es\\\/\",\"name\":\"Kruger & Hodges Hometown Injury Lawyers | Accident Attorneys\",\"description\":\"Attorneys for Car, Truck and Motorcycle Accidents, Personal Injuries, and Criminal Defense.\",\"publisher\":{\"@id\":\"https:\\\/\\\/thehometownlawyers.com\\\/es\\\/#organization\"},\"alternateName\":\"Kruger & Hodges Personal Injury Lawyers\",\"inLanguage\":\"es\"},{\"@type\":\"Organization\",\"@id\":\"https:\\\/\\\/thehometownlawyers.com\\\/es\\\/#organization\",\"name\":\"Kruger & Hodges Hometown Injury Lawyers\",\"alternateName\":\"Kruger & Hodges\",\"url\":\"https:\\\/\\\/thehometownlawyers.com\\\/es\\\/\",\"logo\":{\"@type\":\"ImageObject\",\"inLanguage\":\"es\",\"@id\":\"https:\\\/\\\/thehometownlawyers.com\\\/es\\\/#\\\/schema\\\/logo\\\/image\\\/\",\"url\":\"https:\\\/\\\/thehometownlawyers.com\\\/wp-content\\\/uploads\\\/2025\\\/12\\\/revised-kh-logo-vertical-white-background-scaled.png\",\"contentUrl\":\"https:\\\/\\\/thehometownlawyers.com\\\/wp-content\\\/uploads\\\/2025\\\/12\\\/revised-kh-logo-vertical-white-background-scaled.png\",\"width\":2560,\"height\":1440,\"caption\":\"Kruger & Hodges Hometown Injury Lawyers\"},\"image\":{\"@id\":\"https:\\\/\\\/thehometownlawyers.com\\\/es\\\/#\\\/schema\\\/logo\\\/image\\\/\"},\"sameAs\":[\"https:\\\/\\\/www.facebook.com\\\/KrugerHodges\\\/\",\"https:\\\/\\\/www.instagram.com\\\/krugerhodges\\\/\",\"https:\\\/\\\/www.linkedin.com\\\/company\\\/kruger-hodges-hometown-injury-lawyers\\\/\",\"https:\\\/\\\/www.youtube.com\\\/channel\\\/UCeYcMaMaN2rb9jMlqt4EIdQ\",\"https:\\\/\\\/www.tiktok.com\\\/@thehometownlawyer\"]}]}<\/script>\n<!-- \/ Yoast SEO plugin. -->","yoast_head_json":{"title":"Abogados de accidentes de camiones que prestan servicios en New Miami, Ohio: Consulta gratuita","description":"\u00bfHa resultado herido en un accidente de cami\u00f3n en New Miami, Ohio? Las v\u00edctimas de accidentes de camiones pueden enfrentarse a lesiones graves y que","robots":{"index":"index","follow":"follow","max-snippet":"max-snippet:-1","max-image-preview":"max-image-preview:large","max-video-preview":"max-video-preview:-1"},"canonical":"https:\/\/thehometownlawyers.com\/es\/abogados-de-lesiones-personales-que-prestan-servicios-en-new-miami-ohio\/abogados-de-accidentes-de-camiones-que-prestan-servicios-en-new-miami-ohio\/","og_locale":"es_MX","og_type":"article","og_title":"Abogados de accidentes de camiones que prestan servicios en New Miami, Ohio: Consulta gratuita","og_description":"\u00bfHa resultado herido en un accidente de cami\u00f3n en New Miami, Ohio? Las v\u00edctimas de accidentes de camiones pueden enfrentarse a lesiones graves y que","og_url":"https:\/\/thehometownlawyers.com\/es\/abogados-de-lesiones-personales-que-prestan-servicios-en-new-miami-ohio\/abogados-de-accidentes-de-camiones-que-prestan-servicios-en-new-miami-ohio\/","og_site_name":"Kruger &amp; Hodges Abogados De Lesiones","article_publisher":"https:\/\/www.facebook.com\/KrugerHodges\/","article_modified_time":"2025-02-06T15:12:37+00:00","og_image":[{"width":640,"height":427,"url":"https:\/\/thehometownlawyers.com\/wp-content\/uploads\/2019\/01\/FedEx-Truck-Accident.jpg","type":"image\/jpeg"}],"twitter_card":"summary_large_image","twitter_misc":{"Tiempo de lectura":"4 minutos"},"schema":{"@context":"https:\/\/schema.org","@graph":[{"@type":"WebPage","@id":"https:\/\/thehometownlawyers.com\/es\/abogados-de-lesiones-personales-que-prestan-servicios-en-new-miami-ohio\/abogados-de-accidentes-de-camiones-que-prestan-servicios-en-new-miami-ohio\/","url":"https:\/\/thehometownlawyers.com\/es\/abogados-de-lesiones-personales-que-prestan-servicios-en-new-miami-ohio\/abogados-de-accidentes-de-camiones-que-prestan-servicios-en-new-miami-ohio\/","name":"Abogados de accidentes de camiones que prestan servicios en New Miami, Ohio: Consulta gratuita","isPartOf":{"@id":"https:\/\/thehometownlawyers.com\/es\/#website"},"primaryImageOfPage":{"@id":"https:\/\/thehometownlawyers.com\/es\/abogados-de-lesiones-personales-que-prestan-servicios-en-new-miami-ohio\/abogados-de-accidentes-de-camiones-que-prestan-servicios-en-new-miami-ohio\/#primaryimage"},"image":{"@id":"https:\/\/thehometownlawyers.com\/es\/abogados-de-lesiones-personales-que-prestan-servicios-en-new-miami-ohio\/abogados-de-accidentes-de-camiones-que-prestan-servicios-en-new-miami-ohio\/#primaryimage"},"thumbnailUrl":"https:\/\/thehometownlawyers.com\/wp-content\/uploads\/2019\/01\/FedEx-Truck-Accident.jpg","datePublished":"2020-03-09T23:19:59+00:00","dateModified":"2025-02-06T15:12:37+00:00","description":"\u00bfHa resultado herido en un accidente de cami\u00f3n en New Miami, Ohio? Las v\u00edctimas de accidentes de camiones pueden enfrentarse a lesiones graves y que","breadcrumb":{"@id":"https:\/\/thehometownlawyers.com\/es\/abogados-de-lesiones-personales-que-prestan-servicios-en-new-miami-ohio\/abogados-de-accidentes-de-camiones-que-prestan-servicios-en-new-miami-ohio\/#breadcrumb"},"inLanguage":"es","potentialAction":[{"@type":"ReadAction","target":["https:\/\/thehometownlawyers.com\/es\/abogados-de-lesiones-personales-que-prestan-servicios-en-new-miami-ohio\/abogados-de-accidentes-de-camiones-que-prestan-servicios-en-new-miami-ohio\/"]}]},{"@type":"ImageObject","inLanguage":"es","@id":"https:\/\/thehometownlawyers.com\/es\/abogados-de-lesiones-personales-que-prestan-servicios-en-new-miami-ohio\/abogados-de-accidentes-de-camiones-que-prestan-servicios-en-new-miami-ohio\/#primaryimage","url":"https:\/\/thehometownlawyers.com\/wp-content\/uploads\/2019\/01\/FedEx-Truck-Accident.jpg","contentUrl":"https:\/\/thehometownlawyers.com\/wp-content\/uploads\/2019\/01\/FedEx-Truck-Accident.jpg","width":640,"height":427,"caption":"Accidente de tres semirremolques"},{"@type":"BreadcrumbList","@id":"https:\/\/thehometownlawyers.com\/es\/abogados-de-lesiones-personales-que-prestan-servicios-en-new-miami-ohio\/abogados-de-accidentes-de-camiones-que-prestan-servicios-en-new-miami-ohio\/#breadcrumb","itemListElement":[{"@type":"ListItem","position":1,"name":"Home","item":"https:\/\/thehometownlawyers.com\/es\/"},{"@type":"ListItem","position":2,"name":"Abogado de Lesiones Personales en New Miami","item":"https:\/\/thehometownlawyers.com\/es\/abogados-de-lesiones-personales-que-prestan-servicios-en-new-miami-ohio\/"},{"@type":"ListItem","position":3,"name":"Abogado de Accidente de Semi en New Miami"}]},{"@type":"WebSite","@id":"https:\/\/thehometownlawyers.com\/es\/#website","url":"https:\/\/thehometownlawyers.com\/es\/","name":"Kruger & Hodges Hometown Injury Lawyers | Accident Attorneys","description":"Attorneys for Car, Truck and Motorcycle Accidents, Personal Injuries, and Criminal Defense.","publisher":{"@id":"https:\/\/thehometownlawyers.com\/es\/#organization"},"alternateName":"Kruger & Hodges Personal Injury Lawyers","inLanguage":"es"},{"@type":"Organization","@id":"https:\/\/thehometownlawyers.com\/es\/#organization","name":"Kruger & Hodges Hometown Injury Lawyers","alternateName":"Kruger & Hodges","url":"https:\/\/thehometownlawyers.com\/es\/","logo":{"@type":"ImageObject","inLanguage":"es","@id":"https:\/\/thehometownlawyers.com\/es\/#\/schema\/logo\/image\/","url":"https:\/\/thehometownlawyers.com\/wp-content\/uploads\/2025\/12\/revised-kh-logo-vertical-white-background-scaled.png","contentUrl":"https:\/\/thehometownlawyers.com\/wp-content\/uploads\/2025\/12\/revised-kh-logo-vertical-white-background-scaled.png","width":2560,"height":1440,"caption":"Kruger & Hodges Hometown Injury Lawyers"},"image":{"@id":"https:\/\/thehometownlawyers.com\/es\/#\/schema\/logo\/image\/"},"sameAs":["https:\/\/www.facebook.com\/KrugerHodges\/","https:\/\/www.instagram.com\/krugerhodges\/","https:\/\/www.linkedin.com\/company\/kruger-hodges-hometown-injury-lawyers\/","https:\/\/www.youtube.com\/channel\/UCeYcMaMaN2rb9jMlqt4EIdQ","https:\/\/www.tiktok.com\/@thehometownlawyer"]}]}},"_links":{"self":[{"href":"https:\/\/thehometownlawyers.com\/es\/wp-json\/wp\/v2\/pages\/21234","targetHints":{"allow":["GET"]}}],"collection":[{"href":"https:\/\/thehometownlawyers.com\/es\/wp-json\/wp\/v2\/pages"}],"about":[{"href":"https:\/\/thehometownlawyers.com\/es\/wp-json\/wp\/v2\/types\/page"}],"author":[{"embeddable":true,"href":"https:\/\/thehometownlawyers.com\/es\/wp-json\/wp\/v2\/users\/7"}],"replies":[{"embeddable":true,"href":"https:\/\/thehometownlawyers.com\/es\/wp-json\/wp\/v2\/comments?post=21234"}],"version-history":[{"count":0,"href":"https:\/\/thehometownlawyers.com\/es\/wp-json\/wp\/v2\/pages\/21234\/revisions"}],"up":[{"embeddable":true,"href":"https:\/\/thehometownlawyers.com\/es\/wp-json\/wp\/v2\/pages\/21237"}],"wp:featuredmedia":[{"embeddable":true,"href":"https:\/\/thehometownlawyers.com\/es\/wp-json\/wp\/v2\/media\/20728"}],"wp:attachment":[{"href":"https:\/\/thehometownlawyers.com\/es\/wp-json\/wp\/v2\/media?parent=21234"}],"wp:term":[{"taxonomy":"hc_faqs","embeddable":true,"href":"https:\/\/thehometownlawyers.com\/es\/wp-json\/wp\/v2\/hc_faqs?post=21234"},{"taxonomy":"hc_spanish_faqs","embeddable":true,"href":"https:\/\/thehometownlawyers.com\/es\/wp-json\/wp\/v2\/hc_spanish_faqs?post=21234"}],"curies":[{"name":"wp","href":"https:\/\/api.w.org\/{rel}","templated":true}]}}