{"id":21235,"date":"2020-03-09T19:02:15","date_gmt":"2020-03-09T23:02:15","guid":{"rendered":"https:\/\/thehometownlawyers.com\/?page_id=21235"},"modified":"2025-01-31T10:49:28","modified_gmt":"2025-01-31T15:49:28","slug":"abogados-de-accidentes-de-autobus-que-prestan-servicios-en-new-miami-ohio","status":"publish","type":"page","link":"https:\/\/thehometownlawyers.com\/es\/abogados-de-lesiones-personales-que-prestan-servicios-en-new-miami-ohio\/abogados-de-accidentes-de-autobus-que-prestan-servicios-en-new-miami-ohio\/","title":{"rendered":"Abogado de Accidente de Autob\u00fas en New Miami"},"content":{"rendered":"<p>Si usted o un ser querido result\u00f3 herido mientras viajaba en el sistema de transporte p\u00fablico de Ohio, si un ni\u00f1o result\u00f3 herido mientras viajaba en un autob\u00fas escolar p\u00fablico o si usted o un ser querido result\u00f3 herido mientras viajaba en un autob\u00fas privado, es posible que tenga derecho a solicitar una compensaci\u00f3n. de partes negligentes. Kruger &amp; Hodges Attorneys at Law es un bufete de abogados de accidentes de autob\u00fas que presta servicios en New Miami, Ohio, que puede ayudarlo con su reclamo. Las compa\u00f1\u00edas de autobuses y los conductores de transporte p\u00fablico deben cumplir con leyes estrictas que regulan cu\u00e1nto tiempo un conductor de autob\u00fas puede operar el veh\u00edculo en un solo turno. Deben mantener regularmente sus veh\u00edculos para que est\u00e9n en buen estado de funcionamiento y asegurarse de que el equipo en el autob\u00fas sea seguro para su uso. Los conductores deben seguir las reglas de tr\u00e1nsito, lo que incluye abstenerse de beber y conducir, enviar mensajes de texto y conducir, acelerar y violar otras reglas de tr\u00e1nsito. Cuando los conductores toman atajos o cuando las compa\u00f1\u00edas de autobuses no se toman en serio la seguridad, a veces pueden ocurrir accidentes graves. Kruger &amp; Hodges Attorneys at Law es un bufete de abogados de accidentes de autob\u00fas que presta servicios en New Miami, Ohio, que puede ayudarlo con su reclamo.<\/p>\n<h2><strong>C\u00f3mo puede ayudarlo un bufete de abogados de accidentes de autob\u00fas que presta servicios en New Miami, Ohio<\/strong><\/h2>\n<p>Un bufete de abogados de accidentes de autob\u00fas que presta servicios en New Miami, Ohio, puede ayudarlo de varias maneras. Nuestra firma puede evaluar sus lesiones, revisar sus facturas m\u00e9dicas, gastos de rehabilitaci\u00f3n y otras p\u00e9rdidas para estimar el valor de su reclamo. Tener una buena comprensi\u00f3n de lo que podr\u00eda valer su reclamo puede ser \u00fatil cuando negocie su acuerdo con las compa\u00f1\u00edas de seguros y con las partes negligentes, como las compa\u00f1\u00edas de autobuses o los conductores. Nuestra firma puede evaluar las circunstancias de su accidente para determinar qui\u00e9n podr\u00eda tener la culpa de su reclamo. Podemos identificar a las partes negligentes, negociar con las aseguradoras de la compa\u00f1\u00eda de autobuses e identificar otras posibles partes interesadas en su reclamo. Un accidente de autob\u00fas puede involucrar a varias partes, desde el personal de mantenimiento responsable del mantenimiento del autob\u00fas hasta otros conductores en la carretera que pueden haber contribuido al accidente. Los reclamos de accidentes de autob\u00fas a veces pueden ser m\u00e1s complejos que los reclamos de veh\u00edculos de pasajeros porque pueden involucrar a varias partes y pueden involucrar reclamos de seguros en los que varias partes podr\u00edan estar buscando un acuerdo (especialmente si estuvo involucrado en un accidente de autob\u00fas en el que varias personas resultaron heridas). Si se lastim\u00f3 mientras viajaba en el sistema de transporte p\u00fablico de New Miami, es posible que tambi\u00e9n tenga que hacer un reclamo contra el sistema de transporte p\u00fablico, o si su hijo se lastim\u00f3 en un autob\u00fas escolar, es posible que deba presentar un reclamo contra una agencia gubernamental. Estos reclamos tambi\u00e9n pueden ser mucho m\u00e1s complicados que los t\u00edpicos reclamos por lesiones personales que involucran veh\u00edculos de pasajeros. \u00bfTiene preguntas sobre sus derechos en New Miami, Ohio? Comun\u00edquese con Kruger &amp; Hodges Attorneys at Law, abogados de accidentes de autob\u00fas que prestan servicios en New Miami, Ohio.<\/p>\n<p class=\"rs-content-cta rs-content-cta-small\">Para una consulta legal gratuita, llame al <a href=\"tel:+15138943333\">513-894-3333 <\/a><\/p><h2>Pasos que puede tomar para proteger sus derechos despu\u00e9s de un accidente de autob\u00fas en New Miami<\/h2>\n<p>Los pasos que puede tomar para proteger sus derechos despu\u00e9s de un accidente de autob\u00fas en New Miami son similares a los pasos que puede tomar para proteger sus derechos despu\u00e9s de cualquier accidente. Haga un informe policial y siempre busque asistencia m\u00e9dica para sus lesiones. Obtenga los nombres y la informaci\u00f3n de contacto de los testigos que vieron lo que sucedi\u00f3. Y considere comunicarse con los abogados de accidentes de autob\u00fas de Kruger &amp; Hodges Attorneys at Law que atienden a New Miami, Ohio hoy.<\/p>\n<p>Adem\u00e1s de estos pasos, es posible que tambi\u00e9n deba mantener registros de su pase de autob\u00fas o boleto de autob\u00fas, anotar el nombre del conductor del autob\u00fas responsable de su accidente y presentar un reclamo por sus lesiones con la compa\u00f1\u00eda de autobuses o la compa\u00f1\u00eda de transporte p\u00fablico dentro de plazos \u00bfTiene preguntas sobre sus derechos? Comun\u00edquese hoy con Kruger &amp; Hodges Attorneys at Law, un bufete de abogados de accidentes de autob\u00fas que presta servicios en New Miami, Ohio.<\/p>\n<p class=\"rs-content-cta rs-content-cta-small\">Llame o env\u00ede un mensaje de texto al <a href=\"tel:+15138943333\">513-894-3333<\/a> o complete una <a href=\"\/es\/contacto\/\">evaluaci\u00f3n gratuita de su caso<\/a><\/p>","protected":false},"excerpt":{"rendered":"<p>Si usted o un ser querido result\u00f3 herido mientras viajaba en el sistema de transporte p\u00fablico de Ohio, si un ni\u00f1o result\u00f3 herido mientras viajaba en un autob\u00fas escolar p\u00fablico o si usted o un ser querido result\u00f3 herido mientras viajaba en un autob\u00fas privado, es posible que tenga derecho a solicitar una compensaci\u00f3n. de &#8230;<\/p>\n","protected":false},"author":7,"featured_media":24512,"parent":21237,"menu_order":0,"comment_status":"closed","ping_status":"closed","template":"","meta":{"_acf_changed":false,"inline_featured_image":false,"_genesis_hide_title":false,"_genesis_hide_breadcrumbs":false,"_genesis_hide_singular_image":false,"_genesis_hide_footer_widgets":false,"_genesis_custom_body_class":"","_genesis_custom_post_class":"","_genesis_layout":"","footnotes":""},"hc_faqs":[],"hc_spanish_faqs":[],"class_list":{"0":"post-21235","1":"page","2":"type-page","3":"status-publish","4":"has-post-thumbnail","6":"hc_city_location-new-miami-es","7":"entry"},"acf":[],"yoast_head":"<!-- This site is optimized with the Yoast SEO plugin v27.4 - https:\/\/yoast.com\/product\/yoast-seo-wordpress\/ -->\n<title>Abogados de accidentes de autob\u00fas que prestan servicios en New Miami, Ohio: Consulta gratuita<\/title>\n<meta name=\"description\" content=\"Si usted o un ser querido result\u00f3 herido mientras viajaba en el sistema de transporte p\u00fablico de Ohio, si un ni\u00f1o result\u00f3 herido mientras viajaba en un\" \/>\n<meta name=\"robots\" content=\"index, follow, max-snippet:-1, max-image-preview:large, max-video-preview:-1\" \/>\n<link rel=\"canonical\" href=\"https:\/\/thehometownlawyers.com\/es\/abogados-de-lesiones-personales-que-prestan-servicios-en-new-miami-ohio\/abogados-de-accidentes-de-autobus-que-prestan-servicios-en-new-miami-ohio\/\" \/>\n<meta property=\"og:locale\" content=\"es_MX\" \/>\n<meta property=\"og:type\" content=\"article\" \/>\n<meta property=\"og:title\" content=\"Abogados de accidentes de autob\u00fas que prestan servicios en New Miami, Ohio: Consulta gratuita\" \/>\n<meta property=\"og:description\" content=\"Si usted o un ser querido result\u00f3 herido mientras viajaba en el sistema de transporte p\u00fablico de Ohio, si un ni\u00f1o result\u00f3 herido mientras viajaba en un\" \/>\n<meta property=\"og:url\" content=\"https:\/\/thehometownlawyers.com\/es\/abogados-de-lesiones-personales-que-prestan-servicios-en-new-miami-ohio\/abogados-de-accidentes-de-autobus-que-prestan-servicios-en-new-miami-ohio\/\" \/>\n<meta property=\"og:site_name\" content=\"Kruger &amp; Hodges Abogados De Lesiones\" \/>\n<meta property=\"article:publisher\" content=\"https:\/\/www.facebook.com\/KrugerHodges\/\" \/>\n<meta property=\"article:modified_time\" content=\"2025-01-31T15:49:28+00:00\" \/>\n<meta property=\"og:image\" content=\"https:\/\/thehometownlawyers.com\/wp-content\/uploads\/2021\/08\/bus-interior-seats.jpg\" \/>\n\t<meta property=\"og:image:width\" content=\"1920\" \/>\n\t<meta property=\"og:image:height\" content=\"1080\" \/>\n\t<meta property=\"og:image:type\" content=\"image\/jpeg\" \/>\n<meta name=\"twitter:card\" content=\"summary_large_image\" \/>\n<meta name=\"twitter:label1\" content=\"Tiempo de lectura\" \/>\n\t<meta name=\"twitter:data1\" content=\"4 minutos\" \/>\n<script type=\"application\/ld+json\" class=\"yoast-schema-graph\">{\"@context\":\"https:\\\/\\\/schema.org\",\"@graph\":[{\"@type\":\"WebPage\",\"@id\":\"https:\\\/\\\/thehometownlawyers.com\\\/es\\\/abogados-de-lesiones-personales-que-prestan-servicios-en-new-miami-ohio\\\/abogados-de-accidentes-de-autobus-que-prestan-servicios-en-new-miami-ohio\\\/\",\"url\":\"https:\\\/\\\/thehometownlawyers.com\\\/es\\\/abogados-de-lesiones-personales-que-prestan-servicios-en-new-miami-ohio\\\/abogados-de-accidentes-de-autobus-que-prestan-servicios-en-new-miami-ohio\\\/\",\"name\":\"Abogados de accidentes de autob\u00fas que prestan servicios en New Miami, Ohio: Consulta gratuita\",\"isPartOf\":{\"@id\":\"https:\\\/\\\/thehometownlawyers.com\\\/es\\\/#website\"},\"primaryImageOfPage\":{\"@id\":\"https:\\\/\\\/thehometownlawyers.com\\\/es\\\/abogados-de-lesiones-personales-que-prestan-servicios-en-new-miami-ohio\\\/abogados-de-accidentes-de-autobus-que-prestan-servicios-en-new-miami-ohio\\\/#primaryimage\"},\"image\":{\"@id\":\"https:\\\/\\\/thehometownlawyers.com\\\/es\\\/abogados-de-lesiones-personales-que-prestan-servicios-en-new-miami-ohio\\\/abogados-de-accidentes-de-autobus-que-prestan-servicios-en-new-miami-ohio\\\/#primaryimage\"},\"thumbnailUrl\":\"https:\\\/\\\/thehometownlawyers.com\\\/wp-content\\\/uploads\\\/2025\\\/03\\\/new-miami-bus-accident-lawyer.jpg\",\"datePublished\":\"2020-03-09T23:02:15+00:00\",\"dateModified\":\"2025-01-31T15:49:28+00:00\",\"description\":\"Si usted o un ser querido result\u00f3 herido mientras viajaba en el sistema de transporte p\u00fablico de Ohio, si un ni\u00f1o result\u00f3 herido mientras viajaba en un\",\"breadcrumb\":{\"@id\":\"https:\\\/\\\/thehometownlawyers.com\\\/es\\\/abogados-de-lesiones-personales-que-prestan-servicios-en-new-miami-ohio\\\/abogados-de-accidentes-de-autobus-que-prestan-servicios-en-new-miami-ohio\\\/#breadcrumb\"},\"inLanguage\":\"es\",\"potentialAction\":[{\"@type\":\"ReadAction\",\"target\":[\"https:\\\/\\\/thehometownlawyers.com\\\/es\\\/abogados-de-lesiones-personales-que-prestan-servicios-en-new-miami-ohio\\\/abogados-de-accidentes-de-autobus-que-prestan-servicios-en-new-miami-ohio\\\/\"]}]},{\"@type\":\"ImageObject\",\"inLanguage\":\"es\",\"@id\":\"https:\\\/\\\/thehometownlawyers.com\\\/es\\\/abogados-de-lesiones-personales-que-prestan-servicios-en-new-miami-ohio\\\/abogados-de-accidentes-de-autobus-que-prestan-servicios-en-new-miami-ohio\\\/#primaryimage\",\"url\":\"https:\\\/\\\/thehometownlawyers.com\\\/wp-content\\\/uploads\\\/2025\\\/03\\\/new-miami-bus-accident-lawyer.jpg\",\"contentUrl\":\"https:\\\/\\\/thehometownlawyers.com\\\/wp-content\\\/uploads\\\/2025\\\/03\\\/new-miami-bus-accident-lawyer.jpg\",\"width\":768,\"height\":512,\"caption\":\"View of the passengers inside a stage coach bus. Bus interior trip. Transport, tourism, road trip and people concept.\"},{\"@type\":\"BreadcrumbList\",\"@id\":\"https:\\\/\\\/thehometownlawyers.com\\\/es\\\/abogados-de-lesiones-personales-que-prestan-servicios-en-new-miami-ohio\\\/abogados-de-accidentes-de-autobus-que-prestan-servicios-en-new-miami-ohio\\\/#breadcrumb\",\"itemListElement\":[{\"@type\":\"ListItem\",\"position\":1,\"name\":\"Home\",\"item\":\"https:\\\/\\\/thehometownlawyers.com\\\/es\\\/\"},{\"@type\":\"ListItem\",\"position\":2,\"name\":\"Abogado de Lesiones Personales en New Miami\",\"item\":\"https:\\\/\\\/thehometownlawyers.com\\\/es\\\/abogados-de-lesiones-personales-que-prestan-servicios-en-new-miami-ohio\\\/\"},{\"@type\":\"ListItem\",\"position\":3,\"name\":\"Abogado de Accidente de Autob\u00fas en New Miami\"}]},{\"@type\":\"WebSite\",\"@id\":\"https:\\\/\\\/thehometownlawyers.com\\\/es\\\/#website\",\"url\":\"https:\\\/\\\/thehometownlawyers.com\\\/es\\\/\",\"name\":\"Kruger & Hodges Hometown Injury Lawyers | Accident Attorneys\",\"description\":\"Attorneys for Car, Truck and Motorcycle Accidents, Personal Injuries, and Criminal Defense.\",\"publisher\":{\"@id\":\"https:\\\/\\\/thehometownlawyers.com\\\/es\\\/#organization\"},\"alternateName\":\"Kruger & Hodges Personal Injury Lawyers\",\"inLanguage\":\"es\"},{\"@type\":\"Organization\",\"@id\":\"https:\\\/\\\/thehometownlawyers.com\\\/es\\\/#organization\",\"name\":\"Kruger & Hodges Hometown Injury Lawyers\",\"alternateName\":\"Kruger & Hodges\",\"url\":\"https:\\\/\\\/thehometownlawyers.com\\\/es\\\/\",\"logo\":{\"@type\":\"ImageObject\",\"inLanguage\":\"es\",\"@id\":\"https:\\\/\\\/thehometownlawyers.com\\\/es\\\/#\\\/schema\\\/logo\\\/image\\\/\",\"url\":\"https:\\\/\\\/thehometownlawyers.com\\\/wp-content\\\/uploads\\\/2025\\\/12\\\/revised-kh-logo-vertical-white-background-scaled.png\",\"contentUrl\":\"https:\\\/\\\/thehometownlawyers.com\\\/wp-content\\\/uploads\\\/2025\\\/12\\\/revised-kh-logo-vertical-white-background-scaled.png\",\"width\":2560,\"height\":1440,\"caption\":\"Kruger & Hodges Hometown Injury Lawyers\"},\"image\":{\"@id\":\"https:\\\/\\\/thehometownlawyers.com\\\/es\\\/#\\\/schema\\\/logo\\\/image\\\/\"},\"sameAs\":[\"https:\\\/\\\/www.facebook.com\\\/KrugerHodges\\\/\",\"https:\\\/\\\/www.instagram.com\\\/krugerhodges\\\/\",\"https:\\\/\\\/www.linkedin.com\\\/company\\\/kruger-hodges-hometown-injury-lawyers\\\/\",\"https:\\\/\\\/www.youtube.com\\\/channel\\\/UCeYcMaMaN2rb9jMlqt4EIdQ\",\"https:\\\/\\\/www.tiktok.com\\\/@thehometownlawyer\"]}]}<\/script>\n<!-- \/ Yoast SEO plugin. -->","yoast_head_json":{"title":"Abogados de accidentes de autob\u00fas que prestan servicios en New Miami, Ohio: Consulta gratuita","description":"Si usted o un ser querido result\u00f3 herido mientras viajaba en el sistema de transporte p\u00fablico de Ohio, si un ni\u00f1o result\u00f3 herido mientras viajaba en un","robots":{"index":"index","follow":"follow","max-snippet":"max-snippet:-1","max-image-preview":"max-image-preview:large","max-video-preview":"max-video-preview:-1"},"canonical":"https:\/\/thehometownlawyers.com\/es\/abogados-de-lesiones-personales-que-prestan-servicios-en-new-miami-ohio\/abogados-de-accidentes-de-autobus-que-prestan-servicios-en-new-miami-ohio\/","og_locale":"es_MX","og_type":"article","og_title":"Abogados de accidentes de autob\u00fas que prestan servicios en New Miami, Ohio: Consulta gratuita","og_description":"Si usted o un ser querido result\u00f3 herido mientras viajaba en el sistema de transporte p\u00fablico de Ohio, si un ni\u00f1o result\u00f3 herido mientras viajaba en un","og_url":"https:\/\/thehometownlawyers.com\/es\/abogados-de-lesiones-personales-que-prestan-servicios-en-new-miami-ohio\/abogados-de-accidentes-de-autobus-que-prestan-servicios-en-new-miami-ohio\/","og_site_name":"Kruger &amp; Hodges Abogados De Lesiones","article_publisher":"https:\/\/www.facebook.com\/KrugerHodges\/","article_modified_time":"2025-01-31T15:49:28+00:00","og_image":[{"width":1920,"height":1080,"url":"https:\/\/thehometownlawyers.com\/wp-content\/uploads\/2021\/08\/bus-interior-seats.jpg","type":"image\/jpeg"}],"twitter_card":"summary_large_image","twitter_misc":{"Tiempo de lectura":"4 minutos"},"schema":{"@context":"https:\/\/schema.org","@graph":[{"@type":"WebPage","@id":"https:\/\/thehometownlawyers.com\/es\/abogados-de-lesiones-personales-que-prestan-servicios-en-new-miami-ohio\/abogados-de-accidentes-de-autobus-que-prestan-servicios-en-new-miami-ohio\/","url":"https:\/\/thehometownlawyers.com\/es\/abogados-de-lesiones-personales-que-prestan-servicios-en-new-miami-ohio\/abogados-de-accidentes-de-autobus-que-prestan-servicios-en-new-miami-ohio\/","name":"Abogados de accidentes de autob\u00fas que prestan servicios en New Miami, Ohio: Consulta gratuita","isPartOf":{"@id":"https:\/\/thehometownlawyers.com\/es\/#website"},"primaryImageOfPage":{"@id":"https:\/\/thehometownlawyers.com\/es\/abogados-de-lesiones-personales-que-prestan-servicios-en-new-miami-ohio\/abogados-de-accidentes-de-autobus-que-prestan-servicios-en-new-miami-ohio\/#primaryimage"},"image":{"@id":"https:\/\/thehometownlawyers.com\/es\/abogados-de-lesiones-personales-que-prestan-servicios-en-new-miami-ohio\/abogados-de-accidentes-de-autobus-que-prestan-servicios-en-new-miami-ohio\/#primaryimage"},"thumbnailUrl":"https:\/\/thehometownlawyers.com\/wp-content\/uploads\/2025\/03\/new-miami-bus-accident-lawyer.jpg","datePublished":"2020-03-09T23:02:15+00:00","dateModified":"2025-01-31T15:49:28+00:00","description":"Si usted o un ser querido result\u00f3 herido mientras viajaba en el sistema de transporte p\u00fablico de Ohio, si un ni\u00f1o result\u00f3 herido mientras viajaba en un","breadcrumb":{"@id":"https:\/\/thehometownlawyers.com\/es\/abogados-de-lesiones-personales-que-prestan-servicios-en-new-miami-ohio\/abogados-de-accidentes-de-autobus-que-prestan-servicios-en-new-miami-ohio\/#breadcrumb"},"inLanguage":"es","potentialAction":[{"@type":"ReadAction","target":["https:\/\/thehometownlawyers.com\/es\/abogados-de-lesiones-personales-que-prestan-servicios-en-new-miami-ohio\/abogados-de-accidentes-de-autobus-que-prestan-servicios-en-new-miami-ohio\/"]}]},{"@type":"ImageObject","inLanguage":"es","@id":"https:\/\/thehometownlawyers.com\/es\/abogados-de-lesiones-personales-que-prestan-servicios-en-new-miami-ohio\/abogados-de-accidentes-de-autobus-que-prestan-servicios-en-new-miami-ohio\/#primaryimage","url":"https:\/\/thehometownlawyers.com\/wp-content\/uploads\/2025\/03\/new-miami-bus-accident-lawyer.jpg","contentUrl":"https:\/\/thehometownlawyers.com\/wp-content\/uploads\/2025\/03\/new-miami-bus-accident-lawyer.jpg","width":768,"height":512,"caption":"View of the passengers inside a stage coach bus. Bus interior trip. Transport, tourism, road trip and people concept."},{"@type":"BreadcrumbList","@id":"https:\/\/thehometownlawyers.com\/es\/abogados-de-lesiones-personales-que-prestan-servicios-en-new-miami-ohio\/abogados-de-accidentes-de-autobus-que-prestan-servicios-en-new-miami-ohio\/#breadcrumb","itemListElement":[{"@type":"ListItem","position":1,"name":"Home","item":"https:\/\/thehometownlawyers.com\/es\/"},{"@type":"ListItem","position":2,"name":"Abogado de Lesiones Personales en New Miami","item":"https:\/\/thehometownlawyers.com\/es\/abogados-de-lesiones-personales-que-prestan-servicios-en-new-miami-ohio\/"},{"@type":"ListItem","position":3,"name":"Abogado de Accidente de Autob\u00fas en New Miami"}]},{"@type":"WebSite","@id":"https:\/\/thehometownlawyers.com\/es\/#website","url":"https:\/\/thehometownlawyers.com\/es\/","name":"Kruger & Hodges Hometown Injury Lawyers | Accident Attorneys","description":"Attorneys for Car, Truck and Motorcycle Accidents, Personal Injuries, and Criminal Defense.","publisher":{"@id":"https:\/\/thehometownlawyers.com\/es\/#organization"},"alternateName":"Kruger & Hodges Personal Injury Lawyers","inLanguage":"es"},{"@type":"Organization","@id":"https:\/\/thehometownlawyers.com\/es\/#organization","name":"Kruger & Hodges Hometown Injury Lawyers","alternateName":"Kruger & Hodges","url":"https:\/\/thehometownlawyers.com\/es\/","logo":{"@type":"ImageObject","inLanguage":"es","@id":"https:\/\/thehometownlawyers.com\/es\/#\/schema\/logo\/image\/","url":"https:\/\/thehometownlawyers.com\/wp-content\/uploads\/2025\/12\/revised-kh-logo-vertical-white-background-scaled.png","contentUrl":"https:\/\/thehometownlawyers.com\/wp-content\/uploads\/2025\/12\/revised-kh-logo-vertical-white-background-scaled.png","width":2560,"height":1440,"caption":"Kruger & Hodges Hometown Injury Lawyers"},"image":{"@id":"https:\/\/thehometownlawyers.com\/es\/#\/schema\/logo\/image\/"},"sameAs":["https:\/\/www.facebook.com\/KrugerHodges\/","https:\/\/www.instagram.com\/krugerhodges\/","https:\/\/www.linkedin.com\/company\/kruger-hodges-hometown-injury-lawyers\/","https:\/\/www.youtube.com\/channel\/UCeYcMaMaN2rb9jMlqt4EIdQ","https:\/\/www.tiktok.com\/@thehometownlawyer"]}]}},"_links":{"self":[{"href":"https:\/\/thehometownlawyers.com\/es\/wp-json\/wp\/v2\/pages\/21235","targetHints":{"allow":["GET"]}}],"collection":[{"href":"https:\/\/thehometownlawyers.com\/es\/wp-json\/wp\/v2\/pages"}],"about":[{"href":"https:\/\/thehometownlawyers.com\/es\/wp-json\/wp\/v2\/types\/page"}],"author":[{"embeddable":true,"href":"https:\/\/thehometownlawyers.com\/es\/wp-json\/wp\/v2\/users\/7"}],"replies":[{"embeddable":true,"href":"https:\/\/thehometownlawyers.com\/es\/wp-json\/wp\/v2\/comments?post=21235"}],"version-history":[{"count":0,"href":"https:\/\/thehometownlawyers.com\/es\/wp-json\/wp\/v2\/pages\/21235\/revisions"}],"up":[{"embeddable":true,"href":"https:\/\/thehometownlawyers.com\/es\/wp-json\/wp\/v2\/pages\/21237"}],"wp:featuredmedia":[{"embeddable":true,"href":"https:\/\/thehometownlawyers.com\/es\/wp-json\/wp\/v2\/media\/24512"}],"wp:attachment":[{"href":"https:\/\/thehometownlawyers.com\/es\/wp-json\/wp\/v2\/media?parent=21235"}],"wp:term":[{"taxonomy":"hc_faqs","embeddable":true,"href":"https:\/\/thehometownlawyers.com\/es\/wp-json\/wp\/v2\/hc_faqs?post=21235"},{"taxonomy":"hc_spanish_faqs","embeddable":true,"href":"https:\/\/thehometownlawyers.com\/es\/wp-json\/wp\/v2\/hc_spanish_faqs?post=21235"}],"curies":[{"name":"wp","href":"https:\/\/api.w.org\/{rel}","templated":true}]}}