{"id":21236,"date":"2020-03-09T20:34:34","date_gmt":"2020-03-10T00:34:34","guid":{"rendered":"https:\/\/thehometownlawyers.com\/?page_id=21236"},"modified":"2025-01-31T10:48:55","modified_gmt":"2025-01-31T15:48:55","slug":"abogados-de-accidentes-de-motocicleta-que-prestan-servicios-en-millville-ohio","status":"publish","type":"page","link":"https:\/\/thehometownlawyers.com\/es\/abogados-de-lesiones-personales-que-prestan-servicios-en-millville-ohio\/abogados-de-accidentes-de-motocicleta-que-prestan-servicios-en-millville-ohio\/","title":{"rendered":"Abogado de Accidente de Motocicleta en Millville"},"content":{"rendered":"<p>Si result\u00f3 herido en un accidente de motocicleta en Millville, Ohio, los abogados de Kruger &amp; Hodges pueden ayudarlo con su reclamo por lesiones personales. Los motociclistas pueden sufrir lesiones graves en caso de accidente. Los accidentes de motocicleta pueden dejar a las personas con lesiones cerebrales traum\u00e1ticas, lesiones de la m\u00e9dula espinal, amputaciones, lesiones que desfiguran, erupciones en la carretera y m\u00e1s. Estas lesiones pueden hacer que las v\u00edctimas necesiten atenci\u00f3n a largo plazo y que las familias tengan dificultades para llegar a fin de mes. Las compa\u00f1\u00edas de seguros pueden ofrecer acuerdos a las v\u00edctimas de lesiones graves y catastr\u00f3ficas, pero si usted y su familia no tienen una comprensi\u00f3n clara de lo que podr\u00eda valer su reclamo, es posible que se conforme con mucho menos de lo que podr\u00eda recibir. Las v\u00edctimas de accidentes de motocicleta pueden reclamar da\u00f1os y perjuicios por sus p\u00e9rdidas si el otro conductor fue responsable del accidente. En el caso de accidentes de motocicleta, incluso un choque menor puede tener graves consecuencias para el motociclista. Debido a que los pasajeros no tienen el chasis protector de un veh\u00edculo, pueden sufrir lesiones muy graves, incluso en un choque menor o en un choque trasero.<\/p>\n<p>Los motociclistas pueden enfrentar desaf\u00edos \u00fanicos al buscar da\u00f1os por sus accidentes. Las compa\u00f1\u00edas de seguros y la polic\u00eda pueden tener un sesgo oculto o inconsciente contra los pasajeros que a veces puede afectar el caso. Puede ser \u00fatil tener de su lado a un abogado de accidentes de motocicleta como <a href=\"https:\/\/thehometownlawyers.com\/es\/\">Kruger &amp; Hodges<\/a> Attorneys at Law en Millville, Ohio. Nuestros abogados pueden investigar los informes policiales y hablar con testigos para ayudar a construir un caso de lo que realmente sucedi\u00f3. Si el otro conductor tuvo la culpa, nuestros abogados de accidentes de motocicleta pueden revisar sus da\u00f1os, estimar el valor de su reclamo y buscar un acuerdo con las compa\u00f1\u00edas de seguros o las partes negligentes. \u00bfTiene preguntas sobre sus derechos despu\u00e9s de un accidente de motocicleta? Usted no est\u00e1 solo. Los abogados de Kruger &amp; Hodges pueden ayudar.<\/p>\n<h2><strong>Lesiones por accidentes de motocicleta y lo que puede hacer para protegerse en Millville, Ohio<\/strong><\/h2>\n<p class=\"rs-content-cta rs-content-cta-small\">Para una consulta legal gratuita, llame al <a href=\"tel:+15138943333\">513-894-3333 <\/a><\/p><p>Las lesiones graves por accidentes de motocicleta pueden plantear desaf\u00edos \u00fanicos para los conductores y sus familias. Algunas de estas lesiones pueden dejar a las v\u00edctimas con graves discapacidades. \u00bfCu\u00e1les son algunas lesiones comunes en accidentes de motocicleta y qu\u00e9 puede hacer si usted o alguien result\u00f3 herido en un accidente de motocicleta?<\/p>\n<p class=\"rs-content-cta\">Abogado de Lesiones Personales de Millville Cerca de M\u00ed <a href=\"tel:+15138943333\">513-894-3333<\/a><\/p><p><strong><a href=\"https:\/\/thehometownlawyers.com\/es\/\">Lesi\u00f3n cerebral traum\u00e1tica<\/a> .<\/strong> Debido a que los motociclistas no tienen el chasis protector de un veh\u00edculo, un motociclista puede terminar siendo arrojado de su bicicleta o golpeando la carretera, lo que puede provocar una lesi\u00f3n en la cabeza. Las lesiones en la cabeza pueden afectar varios aspectos de su vida, desde su memoria, su estado de \u00e1nimo y su personalidad, hasta su capacidad para hablar, caminar y disfrutar de las actividades cotidianas. Algunas v\u00edctimas sufren de insomnio, mientras que otras pueden experimentar cambios sensoriales. A veces, la lesi\u00f3n cerebral traum\u00e1tica leve no se diagnostica inmediatamente despu\u00e9s de un accidente. Las v\u00edctimas pueden experimentar cambios de humor o de memoria o dificultad para dormir y es posible que no establezcan de inmediato la conexi\u00f3n de que esto podr\u00eda estar relacionado con su accidente de motocicleta. Si usted o alguien a quien ama se lesion\u00f3 la cabeza en un accidente de motocicleta en Millville, Ohio, los abogados de Kruger &amp; Hodges pueden ayudarlo a buscar da\u00f1os y perjuicios y presentar un reclamo.<\/p>\n<p class=\"rs-content-cta rs-content-cta-small\"><a href=\"\/es\/contacto\/\">Haga clic para contactar<\/a> con nuestros lesiones personales abogados hoy<\/p><p><strong>Lesi\u00f3n de la m\u00e9dula espinal .<\/strong> Las lesiones de la m\u00e9dula espinal son algunas de las lesiones m\u00e1s graves que una persona puede sufrir en un accidente. Estas lesiones pueden dejar a las v\u00edctimas incapaces de mover partes de su cuerpo, discapacitadas permanentemente y requiriendo cuidados de enfermer\u00eda, ayudas para la movilidad y adaptaciones de por vida. Si usted o un ser querido sufrieron una lesi\u00f3n en la m\u00e9dula espinal en un accidente de motocicleta en Millville, Ohio, usted y su familia podr\u00edan reclamar da\u00f1os para cubrir sus costos m\u00e9dicos, salarios perdidos, gastos de rehabilitaci\u00f3n, costos de enfermer\u00eda, costos de movilidad y dolor. y sufrimiento Kruger &amp; Hodges Attorneys at Law es un bufete de abogados de accidentes de motocicleta que presta servicios en Millville, Ohio, que puede ayudarlo.<\/p>\n<p class=\"rs-content-cta rs-content-cta-small\">Complete una <a href=\"\/es\/contacto\/\">evaluaci\u00f3n gratuita de su caso<\/a> ahora<\/p><p><strong>Amputaciones.<\/strong> Cuando un pasajero sale disparado de un veh\u00edculo o es aplastado entre veh\u00edculos, \u00e9l o ella podr\u00eda perder extremidades o sufrir amputaciones si el da\u00f1o a una extremidad es grave. Estas lesiones no solo desfiguran, sino que pueden limitar la movilidad y pueden afectar la capacidad de trabajo de una persona. Si usted o alguien a quien ama sufri\u00f3 una amputaci\u00f3n en un accidente de motocicleta en Millville, Ohio, los abogados de Kruger &amp; Hodges pueden ayudarlo.<\/p>\n<p><strong>Erupci\u00f3n en la carretera .<\/strong> Las erupciones graves en la carretera a veces pueden requerir el mismo tipo de tratamiento que necesitar\u00eda una persona que sufre una quemadura de tercer grado. Cuando un conductor sale disparado de una motocicleta y la piel se raspa en la carretera, el conductor puede sufrir lesiones graves. Kruger &amp; Hodges Attorneys at Law es un bufete de abogados de accidentes de motocicleta que presta servicios en Millville, Ohio, que puede ayudarlo con su reclamo.<\/p>\n<p>Estas son solo algunas de las lesiones que una persona puede sufrir en un accidente de motocicleta en Millville, Ohio. Kruger &amp; Hodges Attorneys at Law es un bufete de abogados de accidentes de motocicleta que lucha por los derechos de los lesionados. Es posible que usted y su familia solo tengan un tiempo limitado para presentar un reclamo despu\u00e9s de un accidente. <a href=\"https:\/\/thehometownlawyers.com\/es\/contacto\/\">P\u00f3ngase en contacto con nuestros abogados de accidentes de motocicleta<\/a> hoy.<\/p>\n<p class=\"rs-content-cta rs-content-cta-small\">Llame o env\u00ede un mensaje de texto al <a href=\"tel:+15138943333\">513-894-3333<\/a> o complete una <a href=\"\/es\/contacto\/\">evaluaci\u00f3n gratuita de su caso<\/a><\/p>","protected":false},"excerpt":{"rendered":"<p>Si result\u00f3 herido en un accidente de motocicleta en Millville, Ohio, los abogados de Kruger &amp; Hodges pueden ayudarlo con su reclamo por lesiones personales. Los motociclistas pueden sufrir lesiones graves en caso de accidente. Los accidentes de motocicleta pueden dejar a las personas con lesiones cerebrales traum\u00e1ticas, lesiones de la m\u00e9dula espinal, amputaciones, lesiones &#8230;<\/p>\n","protected":false},"author":7,"featured_media":20740,"parent":21233,"menu_order":0,"comment_status":"closed","ping_status":"closed","template":"","meta":{"_acf_changed":false,"inline_featured_image":false,"_genesis_hide_title":false,"_genesis_hide_breadcrumbs":false,"_genesis_hide_singular_image":false,"_genesis_hide_footer_widgets":false,"_genesis_custom_body_class":"","_genesis_custom_post_class":"","_genesis_layout":"","footnotes":""},"hc_faqs":[],"hc_spanish_faqs":[],"class_list":{"0":"post-21236","1":"page","2":"type-page","3":"status-publish","4":"has-post-thumbnail","6":"hc_city_location-millville-es","7":"entry"},"acf":[],"yoast_head":"<!-- This site is optimized with the Yoast SEO plugin v27.3 - https:\/\/yoast.com\/product\/yoast-seo-wordpress\/ -->\n<title>Abogados de accidentes de motocicleta que prestan servicios en Millville, Ohio: Consulta gratuita<\/title>\n<meta name=\"description\" content=\"Si result\u00f3 herido en un accidente de motocicleta en Millville, Ohio, los abogados de Kruger &amp; Hodges pueden ayudarlo con su reclamo por lesiones\" \/>\n<meta name=\"robots\" content=\"index, follow, max-snippet:-1, max-image-preview:large, max-video-preview:-1\" \/>\n<link rel=\"canonical\" href=\"https:\/\/thehometownlawyers.com\/es\/abogados-de-lesiones-personales-que-prestan-servicios-en-millville-ohio\/abogados-de-accidentes-de-motocicleta-que-prestan-servicios-en-millville-ohio\/\" \/>\n<meta property=\"og:locale\" content=\"es_MX\" \/>\n<meta property=\"og:type\" content=\"article\" \/>\n<meta property=\"og:title\" content=\"Abogados de accidentes de motocicleta que prestan servicios en Millville, Ohio: Consulta gratuita\" \/>\n<meta property=\"og:description\" content=\"Si result\u00f3 herido en un accidente de motocicleta en Millville, Ohio, los abogados de Kruger &amp; Hodges pueden ayudarlo con su reclamo por lesiones\" \/>\n<meta property=\"og:url\" content=\"https:\/\/thehometownlawyers.com\/es\/abogados-de-lesiones-personales-que-prestan-servicios-en-millville-ohio\/abogados-de-accidentes-de-motocicleta-que-prestan-servicios-en-millville-ohio\/\" \/>\n<meta property=\"og:site_name\" content=\"Kruger &amp; Hodges Abogados De Lesiones\" \/>\n<meta property=\"article:publisher\" content=\"https:\/\/www.facebook.com\/KrugerHodges\/\" \/>\n<meta property=\"article:modified_time\" content=\"2025-01-31T15:48:55+00:00\" \/>\n<meta property=\"og:image\" content=\"https:\/\/thehometownlawyers.com\/wp-content\/uploads\/2020\/02\/iStock-912151500.jpg\" \/>\n\t<meta property=\"og:image:width\" content=\"2048\" \/>\n\t<meta property=\"og:image:height\" content=\"1365\" \/>\n\t<meta property=\"og:image:type\" content=\"image\/jpeg\" \/>\n<meta name=\"twitter:card\" content=\"summary_large_image\" \/>\n<meta name=\"twitter:label1\" content=\"Tiempo de lectura\" \/>\n\t<meta name=\"twitter:data1\" content=\"5 minutos\" \/>\n<script type=\"application\/ld+json\" class=\"yoast-schema-graph\">{\"@context\":\"https:\\\/\\\/schema.org\",\"@graph\":[{\"@type\":\"WebPage\",\"@id\":\"https:\\\/\\\/thehometownlawyers.com\\\/es\\\/abogados-de-lesiones-personales-que-prestan-servicios-en-millville-ohio\\\/abogados-de-accidentes-de-motocicleta-que-prestan-servicios-en-millville-ohio\\\/\",\"url\":\"https:\\\/\\\/thehometownlawyers.com\\\/es\\\/abogados-de-lesiones-personales-que-prestan-servicios-en-millville-ohio\\\/abogados-de-accidentes-de-motocicleta-que-prestan-servicios-en-millville-ohio\\\/\",\"name\":\"Abogados de accidentes de motocicleta que prestan servicios en Millville, Ohio: Consulta gratuita\",\"isPartOf\":{\"@id\":\"https:\\\/\\\/thehometownlawyers.com\\\/es\\\/#website\"},\"primaryImageOfPage\":{\"@id\":\"https:\\\/\\\/thehometownlawyers.com\\\/es\\\/abogados-de-lesiones-personales-que-prestan-servicios-en-millville-ohio\\\/abogados-de-accidentes-de-motocicleta-que-prestan-servicios-en-millville-ohio\\\/#primaryimage\"},\"image\":{\"@id\":\"https:\\\/\\\/thehometownlawyers.com\\\/es\\\/abogados-de-lesiones-personales-que-prestan-servicios-en-millville-ohio\\\/abogados-de-accidentes-de-motocicleta-que-prestan-servicios-en-millville-ohio\\\/#primaryimage\"},\"thumbnailUrl\":\"https:\\\/\\\/thehometownlawyers.com\\\/wp-content\\\/uploads\\\/2020\\\/02\\\/iStock-912151500.jpg\",\"datePublished\":\"2020-03-10T00:34:34+00:00\",\"dateModified\":\"2025-01-31T15:48:55+00:00\",\"description\":\"Si result\u00f3 herido en un accidente de motocicleta en Millville, Ohio, los abogados de Kruger &amp; Hodges pueden ayudarlo con su reclamo por lesiones\",\"breadcrumb\":{\"@id\":\"https:\\\/\\\/thehometownlawyers.com\\\/es\\\/abogados-de-lesiones-personales-que-prestan-servicios-en-millville-ohio\\\/abogados-de-accidentes-de-motocicleta-que-prestan-servicios-en-millville-ohio\\\/#breadcrumb\"},\"inLanguage\":\"es\",\"potentialAction\":[{\"@type\":\"ReadAction\",\"target\":[\"https:\\\/\\\/thehometownlawyers.com\\\/es\\\/abogados-de-lesiones-personales-que-prestan-servicios-en-millville-ohio\\\/abogados-de-accidentes-de-motocicleta-que-prestan-servicios-en-millville-ohio\\\/\"]}]},{\"@type\":\"ImageObject\",\"inLanguage\":\"es\",\"@id\":\"https:\\\/\\\/thehometownlawyers.com\\\/es\\\/abogados-de-lesiones-personales-que-prestan-servicios-en-millville-ohio\\\/abogados-de-accidentes-de-motocicleta-que-prestan-servicios-en-millville-ohio\\\/#primaryimage\",\"url\":\"https:\\\/\\\/thehometownlawyers.com\\\/wp-content\\\/uploads\\\/2020\\\/02\\\/iStock-912151500.jpg\",\"contentUrl\":\"https:\\\/\\\/thehometownlawyers.com\\\/wp-content\\\/uploads\\\/2020\\\/02\\\/iStock-912151500.jpg\",\"width\":2048,\"height\":1365,\"caption\":\"Motocicleta y casco volcados en la calle tras colisi\u00f3n con el coche\"},{\"@type\":\"BreadcrumbList\",\"@id\":\"https:\\\/\\\/thehometownlawyers.com\\\/es\\\/abogados-de-lesiones-personales-que-prestan-servicios-en-millville-ohio\\\/abogados-de-accidentes-de-motocicleta-que-prestan-servicios-en-millville-ohio\\\/#breadcrumb\",\"itemListElement\":[{\"@type\":\"ListItem\",\"position\":1,\"name\":\"Home\",\"item\":\"https:\\\/\\\/thehometownlawyers.com\\\/es\\\/\"},{\"@type\":\"ListItem\",\"position\":2,\"name\":\"Abogado de Lesiones Personales en Millville\",\"item\":\"https:\\\/\\\/thehometownlawyers.com\\\/es\\\/abogados-de-lesiones-personales-que-prestan-servicios-en-millville-ohio\\\/\"},{\"@type\":\"ListItem\",\"position\":3,\"name\":\"Abogado de Accidente de Motocicleta en Millville\"}]},{\"@type\":\"WebSite\",\"@id\":\"https:\\\/\\\/thehometownlawyers.com\\\/es\\\/#website\",\"url\":\"https:\\\/\\\/thehometownlawyers.com\\\/es\\\/\",\"name\":\"Kruger & Hodges Hometown Injury Lawyers | Accident Attorneys\",\"description\":\"Attorneys for Car, Truck and Motorcycle Accidents, Personal Injuries, and Criminal Defense.\",\"publisher\":{\"@id\":\"https:\\\/\\\/thehometownlawyers.com\\\/es\\\/#organization\"},\"alternateName\":\"Kruger & Hodges Personal Injury Lawyers\",\"inLanguage\":\"es\"},{\"@type\":\"Organization\",\"@id\":\"https:\\\/\\\/thehometownlawyers.com\\\/es\\\/#organization\",\"name\":\"Kruger & Hodges Hometown Injury Lawyers\",\"alternateName\":\"Kruger & Hodges\",\"url\":\"https:\\\/\\\/thehometownlawyers.com\\\/es\\\/\",\"logo\":{\"@type\":\"ImageObject\",\"inLanguage\":\"es\",\"@id\":\"https:\\\/\\\/thehometownlawyers.com\\\/es\\\/#\\\/schema\\\/logo\\\/image\\\/\",\"url\":\"https:\\\/\\\/thehometownlawyers.com\\\/wp-content\\\/uploads\\\/2025\\\/12\\\/revised-kh-logo-vertical-white-background-scaled.png\",\"contentUrl\":\"https:\\\/\\\/thehometownlawyers.com\\\/wp-content\\\/uploads\\\/2025\\\/12\\\/revised-kh-logo-vertical-white-background-scaled.png\",\"width\":2560,\"height\":1440,\"caption\":\"Kruger & Hodges Hometown Injury Lawyers\"},\"image\":{\"@id\":\"https:\\\/\\\/thehometownlawyers.com\\\/es\\\/#\\\/schema\\\/logo\\\/image\\\/\"},\"sameAs\":[\"https:\\\/\\\/www.facebook.com\\\/KrugerHodges\\\/\",\"https:\\\/\\\/www.instagram.com\\\/krugerhodges\\\/\",\"https:\\\/\\\/www.linkedin.com\\\/company\\\/kruger-hodges-hometown-injury-lawyers\\\/\",\"https:\\\/\\\/www.youtube.com\\\/channel\\\/UCeYcMaMaN2rb9jMlqt4EIdQ\",\"https:\\\/\\\/www.tiktok.com\\\/@thehometownlawyer\"]}]}<\/script>\n<!-- \/ Yoast SEO plugin. -->","yoast_head_json":{"title":"Abogados de accidentes de motocicleta que prestan servicios en Millville, Ohio: Consulta gratuita","description":"Si result\u00f3 herido en un accidente de motocicleta en Millville, Ohio, los abogados de Kruger &amp; Hodges pueden ayudarlo con su reclamo por lesiones","robots":{"index":"index","follow":"follow","max-snippet":"max-snippet:-1","max-image-preview":"max-image-preview:large","max-video-preview":"max-video-preview:-1"},"canonical":"https:\/\/thehometownlawyers.com\/es\/abogados-de-lesiones-personales-que-prestan-servicios-en-millville-ohio\/abogados-de-accidentes-de-motocicleta-que-prestan-servicios-en-millville-ohio\/","og_locale":"es_MX","og_type":"article","og_title":"Abogados de accidentes de motocicleta que prestan servicios en Millville, Ohio: Consulta gratuita","og_description":"Si result\u00f3 herido en un accidente de motocicleta en Millville, Ohio, los abogados de Kruger &amp; Hodges pueden ayudarlo con su reclamo por lesiones","og_url":"https:\/\/thehometownlawyers.com\/es\/abogados-de-lesiones-personales-que-prestan-servicios-en-millville-ohio\/abogados-de-accidentes-de-motocicleta-que-prestan-servicios-en-millville-ohio\/","og_site_name":"Kruger &amp; Hodges Abogados De Lesiones","article_publisher":"https:\/\/www.facebook.com\/KrugerHodges\/","article_modified_time":"2025-01-31T15:48:55+00:00","og_image":[{"width":2048,"height":1365,"url":"https:\/\/thehometownlawyers.com\/wp-content\/uploads\/2020\/02\/iStock-912151500.jpg","type":"image\/jpeg"}],"twitter_card":"summary_large_image","twitter_misc":{"Tiempo de lectura":"5 minutos"},"schema":{"@context":"https:\/\/schema.org","@graph":[{"@type":"WebPage","@id":"https:\/\/thehometownlawyers.com\/es\/abogados-de-lesiones-personales-que-prestan-servicios-en-millville-ohio\/abogados-de-accidentes-de-motocicleta-que-prestan-servicios-en-millville-ohio\/","url":"https:\/\/thehometownlawyers.com\/es\/abogados-de-lesiones-personales-que-prestan-servicios-en-millville-ohio\/abogados-de-accidentes-de-motocicleta-que-prestan-servicios-en-millville-ohio\/","name":"Abogados de accidentes de motocicleta que prestan servicios en Millville, Ohio: Consulta gratuita","isPartOf":{"@id":"https:\/\/thehometownlawyers.com\/es\/#website"},"primaryImageOfPage":{"@id":"https:\/\/thehometownlawyers.com\/es\/abogados-de-lesiones-personales-que-prestan-servicios-en-millville-ohio\/abogados-de-accidentes-de-motocicleta-que-prestan-servicios-en-millville-ohio\/#primaryimage"},"image":{"@id":"https:\/\/thehometownlawyers.com\/es\/abogados-de-lesiones-personales-que-prestan-servicios-en-millville-ohio\/abogados-de-accidentes-de-motocicleta-que-prestan-servicios-en-millville-ohio\/#primaryimage"},"thumbnailUrl":"https:\/\/thehometownlawyers.com\/wp-content\/uploads\/2020\/02\/iStock-912151500.jpg","datePublished":"2020-03-10T00:34:34+00:00","dateModified":"2025-01-31T15:48:55+00:00","description":"Si result\u00f3 herido en un accidente de motocicleta en Millville, Ohio, los abogados de Kruger &amp; Hodges pueden ayudarlo con su reclamo por lesiones","breadcrumb":{"@id":"https:\/\/thehometownlawyers.com\/es\/abogados-de-lesiones-personales-que-prestan-servicios-en-millville-ohio\/abogados-de-accidentes-de-motocicleta-que-prestan-servicios-en-millville-ohio\/#breadcrumb"},"inLanguage":"es","potentialAction":[{"@type":"ReadAction","target":["https:\/\/thehometownlawyers.com\/es\/abogados-de-lesiones-personales-que-prestan-servicios-en-millville-ohio\/abogados-de-accidentes-de-motocicleta-que-prestan-servicios-en-millville-ohio\/"]}]},{"@type":"ImageObject","inLanguage":"es","@id":"https:\/\/thehometownlawyers.com\/es\/abogados-de-lesiones-personales-que-prestan-servicios-en-millville-ohio\/abogados-de-accidentes-de-motocicleta-que-prestan-servicios-en-millville-ohio\/#primaryimage","url":"https:\/\/thehometownlawyers.com\/wp-content\/uploads\/2020\/02\/iStock-912151500.jpg","contentUrl":"https:\/\/thehometownlawyers.com\/wp-content\/uploads\/2020\/02\/iStock-912151500.jpg","width":2048,"height":1365,"caption":"Motocicleta y casco volcados en la calle tras colisi\u00f3n con el coche"},{"@type":"BreadcrumbList","@id":"https:\/\/thehometownlawyers.com\/es\/abogados-de-lesiones-personales-que-prestan-servicios-en-millville-ohio\/abogados-de-accidentes-de-motocicleta-que-prestan-servicios-en-millville-ohio\/#breadcrumb","itemListElement":[{"@type":"ListItem","position":1,"name":"Home","item":"https:\/\/thehometownlawyers.com\/es\/"},{"@type":"ListItem","position":2,"name":"Abogado de Lesiones Personales en Millville","item":"https:\/\/thehometownlawyers.com\/es\/abogados-de-lesiones-personales-que-prestan-servicios-en-millville-ohio\/"},{"@type":"ListItem","position":3,"name":"Abogado de Accidente de Motocicleta en Millville"}]},{"@type":"WebSite","@id":"https:\/\/thehometownlawyers.com\/es\/#website","url":"https:\/\/thehometownlawyers.com\/es\/","name":"Kruger & Hodges Hometown Injury Lawyers | Accident Attorneys","description":"Attorneys for Car, Truck and Motorcycle Accidents, Personal Injuries, and Criminal Defense.","publisher":{"@id":"https:\/\/thehometownlawyers.com\/es\/#organization"},"alternateName":"Kruger & Hodges Personal Injury Lawyers","inLanguage":"es"},{"@type":"Organization","@id":"https:\/\/thehometownlawyers.com\/es\/#organization","name":"Kruger & Hodges Hometown Injury Lawyers","alternateName":"Kruger & Hodges","url":"https:\/\/thehometownlawyers.com\/es\/","logo":{"@type":"ImageObject","inLanguage":"es","@id":"https:\/\/thehometownlawyers.com\/es\/#\/schema\/logo\/image\/","url":"https:\/\/thehometownlawyers.com\/wp-content\/uploads\/2025\/12\/revised-kh-logo-vertical-white-background-scaled.png","contentUrl":"https:\/\/thehometownlawyers.com\/wp-content\/uploads\/2025\/12\/revised-kh-logo-vertical-white-background-scaled.png","width":2560,"height":1440,"caption":"Kruger & Hodges Hometown Injury Lawyers"},"image":{"@id":"https:\/\/thehometownlawyers.com\/es\/#\/schema\/logo\/image\/"},"sameAs":["https:\/\/www.facebook.com\/KrugerHodges\/","https:\/\/www.instagram.com\/krugerhodges\/","https:\/\/www.linkedin.com\/company\/kruger-hodges-hometown-injury-lawyers\/","https:\/\/www.youtube.com\/channel\/UCeYcMaMaN2rb9jMlqt4EIdQ","https:\/\/www.tiktok.com\/@thehometownlawyer"]}]}},"_links":{"self":[{"href":"https:\/\/thehometownlawyers.com\/es\/wp-json\/wp\/v2\/pages\/21236","targetHints":{"allow":["GET"]}}],"collection":[{"href":"https:\/\/thehometownlawyers.com\/es\/wp-json\/wp\/v2\/pages"}],"about":[{"href":"https:\/\/thehometownlawyers.com\/es\/wp-json\/wp\/v2\/types\/page"}],"author":[{"embeddable":true,"href":"https:\/\/thehometownlawyers.com\/es\/wp-json\/wp\/v2\/users\/7"}],"replies":[{"embeddable":true,"href":"https:\/\/thehometownlawyers.com\/es\/wp-json\/wp\/v2\/comments?post=21236"}],"version-history":[{"count":0,"href":"https:\/\/thehometownlawyers.com\/es\/wp-json\/wp\/v2\/pages\/21236\/revisions"}],"up":[{"embeddable":true,"href":"https:\/\/thehometownlawyers.com\/es\/wp-json\/wp\/v2\/pages\/21233"}],"wp:featuredmedia":[{"embeddable":true,"href":"https:\/\/thehometownlawyers.com\/es\/wp-json\/wp\/v2\/media\/20740"}],"wp:attachment":[{"href":"https:\/\/thehometownlawyers.com\/es\/wp-json\/wp\/v2\/media?parent=21236"}],"wp:term":[{"taxonomy":"hc_faqs","embeddable":true,"href":"https:\/\/thehometownlawyers.com\/es\/wp-json\/wp\/v2\/hc_faqs?post=21236"},{"taxonomy":"hc_spanish_faqs","embeddable":true,"href":"https:\/\/thehometownlawyers.com\/es\/wp-json\/wp\/v2\/hc_spanish_faqs?post=21236"}],"curies":[{"name":"wp","href":"https:\/\/api.w.org\/{rel}","templated":true}]}}