{"id":21237,"date":"2020-03-09T19:17:06","date_gmt":"2020-03-09T23:17:06","guid":{"rendered":"https:\/\/thehometownlawyers.com\/?page_id=21237"},"modified":"2025-01-31T10:49:17","modified_gmt":"2025-01-31T15:49:17","slug":"abogados-de-lesiones-personales-que-prestan-servicios-en-new-miami-ohio","status":"publish","type":"page","link":"https:\/\/thehometownlawyers.com\/es\/abogados-de-lesiones-personales-que-prestan-servicios-en-new-miami-ohio\/","title":{"rendered":"Abogado de Lesiones Personales en New Miami"},"content":{"rendered":"<p>Si result\u00f3 herido en un accidente automovil\u00edstico, de cami\u00f3n, de motocicleta, de peat\u00f3n, de bicicleta, por conducir ebrio o de autob\u00fas, es posible que usted y su familia enfrenten facturas m\u00e9dicas inesperadas, costos de rehabilitaci\u00f3n, salarios perdidos debido a tiempo perdido en el trabajo o discapacidad, y su ser querido lesionado puede tener dificultades para adaptarse a los cambios de estilo de vida. Kruger &amp; Hodges Attorneys at Law es un bufete de abogados de lesiones personales que presta servicios en New Miami, Ohio, que puede ayudarlo con su caso. Despu\u00e9s de un accidente en el que otra parte tiene la culpa, las v\u00edctimas y sus familias pueden tener derecho a reclamar da\u00f1os y perjuicios por sus p\u00e9rdidas. Sin embargo, es posible que solo tenga una cantidad limitada de tiempo para presentar un reclamo. Comun\u00edquese hoy con Kruger &amp; Hodges Attorneys at Law, un bufete de abogados de accidentes que presta servicios en New Miami, Ohio, para conocer los pr\u00f3ximos pasos que puede tomar.<\/p>\n<h2>C\u00f3mo puede ayudarlo un abogado de lesiones personales que presta servicios en New Miami, Ohio<\/h2>\n<p>Hay varias formas en que los abogados de lesiones personales de Kruger &amp; Hodges Attorneys at Law que prestan servicios en New Miami, Ohio, pueden ayudarlo. Las secuelas de una lesi\u00f3n grave pueden ser un momento confuso para usted y su familia, pero no tiene que afrontarlo solo. As\u00ed es como los abogados de Kruger &amp; Hodges pueden ayudarlo:<\/p>\n<ul>\n<li>Podemos revisar su caso y brindarle una evaluaci\u00f3n honesta de lo que podr\u00eda valer su reclamo. Comprender el valor de su reclamo por lesiones personales puede ser \u00fatil cuando negocie con los ajustadores de seguros para llegar a un acuerdo y cuando busque da\u00f1os por parte de las partes negligentes. Podemos revisar informes policiales, hablar con testigos y ver todos los detalles de su caso para determinar si la otra parte puede tener la culpa y si usted podr\u00eda tener un caso.<\/li>\n<li>Podemos ayudarlo con cada paso de su reclamo. A veces, un reclamo se puede resolver fuera de los tribunales, ya sea negociando un acuerdo con los ajustadores de seguros o buscando un acuerdo directamente con las partes negligentes, o escribiendo una carta de demanda. Nuestros abogados de accidentes pueden revisar los hechos, estimar el valor de su reclamo, negociar con las compa\u00f1\u00edas de seguros, buscar da\u00f1os y perjuicios de las partes negligentes y luchar contra su reclamo dentro o fuera de la corte.<\/li>\n<li>Podemos responder a sus preguntas y ayudarlo a buscar justicia despu\u00e9s de un accidente grave. Un accidente catastr\u00f3fico puede afectar todos los aspectos de su vida. Pero t\u00fa no est\u00e1s solo. Kruger &amp; Hodges Attorneys at Law es un bufete de abogados de lesiones personales que presta servicios en New Miami, Ohio, que puede ayudarlo a buscar justicia de las partes responsables.<\/li>\n<\/ul>\n<p>Si result\u00f3 herido en un accidente en New Miami, Ohio, es posible que tenga muchas preguntas. Los abogados de Kruger &amp; Hodges pueden ayudar. P\u00f3ngase en contacto con nuestros abogados de lesiones personales hoy para obtener m\u00e1s informaci\u00f3n.<\/p>\n<p class=\"rs-content-cta rs-content-cta-small\">Para una consulta legal gratuita, llame al <a href=\"tel:+15138943333\">513-894-3333 <\/a><\/p><h2>Un abogado de lesiones personales puede luchar por usted<\/h2>\n<p>Un abogado de lesiones personales como Kruger &amp; Hodges Attorneys at Law que presta servicios en New Miami, Ohio, puede luchar por sus derechos y ayudarlo con varios aspectos del proceso de reclamos. Seg\u00fan los Centros para el Control de Enfermedades , las lesiones no intencionales son la principal causa de muerte entre las personas de entre uno y 44 a\u00f1os. En algunos casos, estos accidentes ocurren debido al error de otra persona al volante, negligencia o negligencia. Si este es el caso, es posible que tenga derecho a reclamar da\u00f1os y perjuicios conforme a la ley. Los abogados de lesiones personales de Kruger &amp; Hodges Attorneys at Law que prestan servicios en New Miami, Ohio, pueden ayudarlo con su reclamo.<\/p>\n<p class=\"rs-content-cta rs-content-cta-small\">Llame o env\u00ede un mensaje de texto al <a href=\"tel:+15138943333\">513-894-3333<\/a> o complete una <a href=\"\/es\/contacto\/\">evaluaci\u00f3n gratuita de su caso<\/a><\/p>","protected":false},"excerpt":{"rendered":"<p>Si result\u00f3 herido en un accidente automovil\u00edstico, de cami\u00f3n, de motocicleta, de peat\u00f3n, de bicicleta, por conducir ebrio o de autob\u00fas, es posible que usted y su familia enfrenten facturas m\u00e9dicas inesperadas, costos de rehabilitaci\u00f3n, salarios perdidos debido a tiempo perdido en el trabajo o discapacidad, y su ser querido lesionado puede tener dificultades para &#8230;<\/p>\n","protected":false},"author":7,"featured_media":26406,"parent":0,"menu_order":0,"comment_status":"closed","ping_status":"closed","template":"","meta":{"_acf_changed":false,"inline_featured_image":false,"_genesis_hide_title":false,"_genesis_hide_breadcrumbs":false,"_genesis_hide_singular_image":false,"_genesis_hide_footer_widgets":false,"_genesis_custom_body_class":"","_genesis_custom_post_class":"","_genesis_layout":"","footnotes":""},"hc_faqs":[],"hc_spanish_faqs":[],"class_list":{"0":"post-21237","1":"page","2":"type-page","3":"status-publish","4":"has-post-thumbnail","6":"hc_city_location-new-miami-es","7":"entry"},"acf":[],"yoast_head":"<!-- This site is optimized with the Yoast SEO plugin v27.5 - https:\/\/yoast.com\/product\/yoast-seo-wordpress\/ -->\n<title>Abogados de lesiones personales que prestan servicios en New Miami, Ohio: Consulta gratuita<\/title>\n<meta name=\"description\" content=\"Si result\u00f3 herido en un accidente automovil\u00edstico, de cami\u00f3n, de motocicleta, de peat\u00f3n, de bicicleta, por conducir ebrio o de autob\u00fas, es posible que\" \/>\n<meta name=\"robots\" content=\"index, follow, max-snippet:-1, max-image-preview:large, max-video-preview:-1\" \/>\n<link rel=\"canonical\" href=\"https:\/\/thehometownlawyers.com\/es\/abogados-de-lesiones-personales-que-prestan-servicios-en-new-miami-ohio\/\" \/>\n<meta property=\"og:locale\" content=\"es_MX\" \/>\n<meta property=\"og:type\" content=\"article\" \/>\n<meta property=\"og:title\" content=\"Abogados de lesiones personales que prestan servicios en New Miami, Ohio: Consulta gratuita\" \/>\n<meta property=\"og:description\" content=\"Si result\u00f3 herido en un accidente automovil\u00edstico, de cami\u00f3n, de motocicleta, de peat\u00f3n, de bicicleta, por conducir ebrio o de autob\u00fas, es posible que\" \/>\n<meta property=\"og:url\" content=\"https:\/\/thehometownlawyers.com\/es\/abogados-de-lesiones-personales-que-prestan-servicios-en-new-miami-ohio\/\" \/>\n<meta property=\"og:site_name\" content=\"Kruger &amp; Hodges Abogados De Lesiones\" \/>\n<meta property=\"article:publisher\" content=\"https:\/\/www.facebook.com\/KrugerHodges\/\" \/>\n<meta property=\"article:modified_time\" content=\"2025-01-31T15:49:17+00:00\" \/>\n<meta property=\"og:image\" content=\"https:\/\/thehometownlawyers.com\/wp-content\/uploads\/2026\/02\/TEAM-PHOTO-2026-scaled.jpg\" \/>\n\t<meta property=\"og:image:width\" content=\"2560\" \/>\n\t<meta property=\"og:image:height\" content=\"1689\" \/>\n\t<meta property=\"og:image:type\" content=\"image\/jpeg\" \/>\n<meta name=\"twitter:card\" content=\"summary_large_image\" \/>\n<meta name=\"twitter:label1\" content=\"Tiempo de lectura\" \/>\n\t<meta name=\"twitter:data1\" content=\"3 minutos\" \/>\n<script type=\"application\/ld+json\" class=\"yoast-schema-graph\">{\"@context\":\"https:\\\/\\\/schema.org\",\"@graph\":[{\"@type\":\"WebPage\",\"@id\":\"https:\\\/\\\/thehometownlawyers.com\\\/es\\\/abogados-de-lesiones-personales-que-prestan-servicios-en-new-miami-ohio\\\/\",\"url\":\"https:\\\/\\\/thehometownlawyers.com\\\/es\\\/abogados-de-lesiones-personales-que-prestan-servicios-en-new-miami-ohio\\\/\",\"name\":\"Abogados de lesiones personales que prestan servicios en New Miami, Ohio: Consulta gratuita\",\"isPartOf\":{\"@id\":\"https:\\\/\\\/thehometownlawyers.com\\\/es\\\/#website\"},\"primaryImageOfPage\":{\"@id\":\"https:\\\/\\\/thehometownlawyers.com\\\/es\\\/abogados-de-lesiones-personales-que-prestan-servicios-en-new-miami-ohio\\\/#primaryimage\"},\"image\":{\"@id\":\"https:\\\/\\\/thehometownlawyers.com\\\/es\\\/abogados-de-lesiones-personales-que-prestan-servicios-en-new-miami-ohio\\\/#primaryimage\"},\"thumbnailUrl\":\"https:\\\/\\\/thehometownlawyers.com\\\/wp-content\\\/uploads\\\/2026\\\/02\\\/TEAM-PHOTO-2026-scaled.jpg\",\"datePublished\":\"2020-03-09T23:17:06+00:00\",\"dateModified\":\"2025-01-31T15:49:17+00:00\",\"description\":\"Si result\u00f3 herido en un accidente automovil\u00edstico, de cami\u00f3n, de motocicleta, de peat\u00f3n, de bicicleta, por conducir ebrio o de autob\u00fas, es posible que\",\"breadcrumb\":{\"@id\":\"https:\\\/\\\/thehometownlawyers.com\\\/es\\\/abogados-de-lesiones-personales-que-prestan-servicios-en-new-miami-ohio\\\/#breadcrumb\"},\"inLanguage\":\"es\",\"potentialAction\":[{\"@type\":\"ReadAction\",\"target\":[\"https:\\\/\\\/thehometownlawyers.com\\\/es\\\/abogados-de-lesiones-personales-que-prestan-servicios-en-new-miami-ohio\\\/\"]}]},{\"@type\":\"ImageObject\",\"inLanguage\":\"es\",\"@id\":\"https:\\\/\\\/thehometownlawyers.com\\\/es\\\/abogados-de-lesiones-personales-que-prestan-servicios-en-new-miami-ohio\\\/#primaryimage\",\"url\":\"https:\\\/\\\/thehometownlawyers.com\\\/wp-content\\\/uploads\\\/2026\\\/02\\\/TEAM-PHOTO-2026-scaled.jpg\",\"contentUrl\":\"https:\\\/\\\/thehometownlawyers.com\\\/wp-content\\\/uploads\\\/2026\\\/02\\\/TEAM-PHOTO-2026-scaled.jpg\",\"width\":2560,\"height\":1689,\"caption\":\"KRUGER & HODGES TEAM PHOTO\"},{\"@type\":\"BreadcrumbList\",\"@id\":\"https:\\\/\\\/thehometownlawyers.com\\\/es\\\/abogados-de-lesiones-personales-que-prestan-servicios-en-new-miami-ohio\\\/#breadcrumb\",\"itemListElement\":[{\"@type\":\"ListItem\",\"position\":1,\"name\":\"Home\",\"item\":\"https:\\\/\\\/thehometownlawyers.com\\\/es\\\/\"},{\"@type\":\"ListItem\",\"position\":2,\"name\":\"Abogado de Lesiones Personales en New Miami\"}]},{\"@type\":\"WebSite\",\"@id\":\"https:\\\/\\\/thehometownlawyers.com\\\/es\\\/#website\",\"url\":\"https:\\\/\\\/thehometownlawyers.com\\\/es\\\/\",\"name\":\"Kruger & Hodges Hometown Injury Lawyers | Accident Attorneys\",\"description\":\"Attorneys for Car, Truck and Motorcycle Accidents, Personal Injuries, and Criminal Defense.\",\"publisher\":{\"@id\":\"https:\\\/\\\/thehometownlawyers.com\\\/es\\\/#organization\"},\"alternateName\":\"Kruger & Hodges Personal Injury Lawyers\",\"inLanguage\":\"es\"},{\"@type\":\"Organization\",\"@id\":\"https:\\\/\\\/thehometownlawyers.com\\\/es\\\/#organization\",\"name\":\"Kruger & Hodges Hometown Injury Lawyers\",\"alternateName\":\"Kruger & Hodges\",\"url\":\"https:\\\/\\\/thehometownlawyers.com\\\/es\\\/\",\"logo\":{\"@type\":\"ImageObject\",\"inLanguage\":\"es\",\"@id\":\"https:\\\/\\\/thehometownlawyers.com\\\/es\\\/#\\\/schema\\\/logo\\\/image\\\/\",\"url\":\"https:\\\/\\\/thehometownlawyers.com\\\/wp-content\\\/uploads\\\/2025\\\/12\\\/revised-kh-logo-vertical-white-background-scaled.png\",\"contentUrl\":\"https:\\\/\\\/thehometownlawyers.com\\\/wp-content\\\/uploads\\\/2025\\\/12\\\/revised-kh-logo-vertical-white-background-scaled.png\",\"width\":2560,\"height\":1440,\"caption\":\"Kruger & Hodges Hometown Injury Lawyers\"},\"image\":{\"@id\":\"https:\\\/\\\/thehometownlawyers.com\\\/es\\\/#\\\/schema\\\/logo\\\/image\\\/\"},\"sameAs\":[\"https:\\\/\\\/www.facebook.com\\\/KrugerHodges\\\/\",\"https:\\\/\\\/www.instagram.com\\\/krugerhodges\\\/\",\"https:\\\/\\\/www.linkedin.com\\\/company\\\/kruger-hodges-hometown-injury-lawyers\\\/\",\"https:\\\/\\\/www.youtube.com\\\/channel\\\/UCeYcMaMaN2rb9jMlqt4EIdQ\",\"https:\\\/\\\/www.tiktok.com\\\/@thehometownlawyer\"]}]}<\/script>\n<!-- \/ Yoast SEO plugin. -->","yoast_head_json":{"title":"Abogados de lesiones personales que prestan servicios en New Miami, Ohio: Consulta gratuita","description":"Si result\u00f3 herido en un accidente automovil\u00edstico, de cami\u00f3n, de motocicleta, de peat\u00f3n, de bicicleta, por conducir ebrio o de autob\u00fas, es posible que","robots":{"index":"index","follow":"follow","max-snippet":"max-snippet:-1","max-image-preview":"max-image-preview:large","max-video-preview":"max-video-preview:-1"},"canonical":"https:\/\/thehometownlawyers.com\/es\/abogados-de-lesiones-personales-que-prestan-servicios-en-new-miami-ohio\/","og_locale":"es_MX","og_type":"article","og_title":"Abogados de lesiones personales que prestan servicios en New Miami, Ohio: Consulta gratuita","og_description":"Si result\u00f3 herido en un accidente automovil\u00edstico, de cami\u00f3n, de motocicleta, de peat\u00f3n, de bicicleta, por conducir ebrio o de autob\u00fas, es posible que","og_url":"https:\/\/thehometownlawyers.com\/es\/abogados-de-lesiones-personales-que-prestan-servicios-en-new-miami-ohio\/","og_site_name":"Kruger &amp; Hodges Abogados De Lesiones","article_publisher":"https:\/\/www.facebook.com\/KrugerHodges\/","article_modified_time":"2025-01-31T15:49:17+00:00","og_image":[{"width":2560,"height":1689,"url":"https:\/\/thehometownlawyers.com\/wp-content\/uploads\/2026\/02\/TEAM-PHOTO-2026-scaled.jpg","type":"image\/jpeg"}],"twitter_card":"summary_large_image","twitter_misc":{"Tiempo de lectura":"3 minutos"},"schema":{"@context":"https:\/\/schema.org","@graph":[{"@type":"WebPage","@id":"https:\/\/thehometownlawyers.com\/es\/abogados-de-lesiones-personales-que-prestan-servicios-en-new-miami-ohio\/","url":"https:\/\/thehometownlawyers.com\/es\/abogados-de-lesiones-personales-que-prestan-servicios-en-new-miami-ohio\/","name":"Abogados de lesiones personales que prestan servicios en New Miami, Ohio: Consulta gratuita","isPartOf":{"@id":"https:\/\/thehometownlawyers.com\/es\/#website"},"primaryImageOfPage":{"@id":"https:\/\/thehometownlawyers.com\/es\/abogados-de-lesiones-personales-que-prestan-servicios-en-new-miami-ohio\/#primaryimage"},"image":{"@id":"https:\/\/thehometownlawyers.com\/es\/abogados-de-lesiones-personales-que-prestan-servicios-en-new-miami-ohio\/#primaryimage"},"thumbnailUrl":"https:\/\/thehometownlawyers.com\/wp-content\/uploads\/2026\/02\/TEAM-PHOTO-2026-scaled.jpg","datePublished":"2020-03-09T23:17:06+00:00","dateModified":"2025-01-31T15:49:17+00:00","description":"Si result\u00f3 herido en un accidente automovil\u00edstico, de cami\u00f3n, de motocicleta, de peat\u00f3n, de bicicleta, por conducir ebrio o de autob\u00fas, es posible que","breadcrumb":{"@id":"https:\/\/thehometownlawyers.com\/es\/abogados-de-lesiones-personales-que-prestan-servicios-en-new-miami-ohio\/#breadcrumb"},"inLanguage":"es","potentialAction":[{"@type":"ReadAction","target":["https:\/\/thehometownlawyers.com\/es\/abogados-de-lesiones-personales-que-prestan-servicios-en-new-miami-ohio\/"]}]},{"@type":"ImageObject","inLanguage":"es","@id":"https:\/\/thehometownlawyers.com\/es\/abogados-de-lesiones-personales-que-prestan-servicios-en-new-miami-ohio\/#primaryimage","url":"https:\/\/thehometownlawyers.com\/wp-content\/uploads\/2026\/02\/TEAM-PHOTO-2026-scaled.jpg","contentUrl":"https:\/\/thehometownlawyers.com\/wp-content\/uploads\/2026\/02\/TEAM-PHOTO-2026-scaled.jpg","width":2560,"height":1689,"caption":"KRUGER & HODGES TEAM PHOTO"},{"@type":"BreadcrumbList","@id":"https:\/\/thehometownlawyers.com\/es\/abogados-de-lesiones-personales-que-prestan-servicios-en-new-miami-ohio\/#breadcrumb","itemListElement":[{"@type":"ListItem","position":1,"name":"Home","item":"https:\/\/thehometownlawyers.com\/es\/"},{"@type":"ListItem","position":2,"name":"Abogado de Lesiones Personales en New Miami"}]},{"@type":"WebSite","@id":"https:\/\/thehometownlawyers.com\/es\/#website","url":"https:\/\/thehometownlawyers.com\/es\/","name":"Kruger & Hodges Hometown Injury Lawyers | Accident Attorneys","description":"Attorneys for Car, Truck and Motorcycle Accidents, Personal Injuries, and Criminal Defense.","publisher":{"@id":"https:\/\/thehometownlawyers.com\/es\/#organization"},"alternateName":"Kruger & Hodges Personal Injury Lawyers","inLanguage":"es"},{"@type":"Organization","@id":"https:\/\/thehometownlawyers.com\/es\/#organization","name":"Kruger & Hodges Hometown Injury Lawyers","alternateName":"Kruger & Hodges","url":"https:\/\/thehometownlawyers.com\/es\/","logo":{"@type":"ImageObject","inLanguage":"es","@id":"https:\/\/thehometownlawyers.com\/es\/#\/schema\/logo\/image\/","url":"https:\/\/thehometownlawyers.com\/wp-content\/uploads\/2025\/12\/revised-kh-logo-vertical-white-background-scaled.png","contentUrl":"https:\/\/thehometownlawyers.com\/wp-content\/uploads\/2025\/12\/revised-kh-logo-vertical-white-background-scaled.png","width":2560,"height":1440,"caption":"Kruger & Hodges Hometown Injury Lawyers"},"image":{"@id":"https:\/\/thehometownlawyers.com\/es\/#\/schema\/logo\/image\/"},"sameAs":["https:\/\/www.facebook.com\/KrugerHodges\/","https:\/\/www.instagram.com\/krugerhodges\/","https:\/\/www.linkedin.com\/company\/kruger-hodges-hometown-injury-lawyers\/","https:\/\/www.youtube.com\/channel\/UCeYcMaMaN2rb9jMlqt4EIdQ","https:\/\/www.tiktok.com\/@thehometownlawyer"]}]}},"_links":{"self":[{"href":"https:\/\/thehometownlawyers.com\/es\/wp-json\/wp\/v2\/pages\/21237","targetHints":{"allow":["GET"]}}],"collection":[{"href":"https:\/\/thehometownlawyers.com\/es\/wp-json\/wp\/v2\/pages"}],"about":[{"href":"https:\/\/thehometownlawyers.com\/es\/wp-json\/wp\/v2\/types\/page"}],"author":[{"embeddable":true,"href":"https:\/\/thehometownlawyers.com\/es\/wp-json\/wp\/v2\/users\/7"}],"replies":[{"embeddable":true,"href":"https:\/\/thehometownlawyers.com\/es\/wp-json\/wp\/v2\/comments?post=21237"}],"version-history":[{"count":0,"href":"https:\/\/thehometownlawyers.com\/es\/wp-json\/wp\/v2\/pages\/21237\/revisions"}],"wp:featuredmedia":[{"embeddable":true,"href":"https:\/\/thehometownlawyers.com\/es\/wp-json\/wp\/v2\/media\/26406"}],"wp:attachment":[{"href":"https:\/\/thehometownlawyers.com\/es\/wp-json\/wp\/v2\/media?parent=21237"}],"wp:term":[{"taxonomy":"hc_faqs","embeddable":true,"href":"https:\/\/thehometownlawyers.com\/es\/wp-json\/wp\/v2\/hc_faqs?post=21237"},{"taxonomy":"hc_spanish_faqs","embeddable":true,"href":"https:\/\/thehometownlawyers.com\/es\/wp-json\/wp\/v2\/hc_spanish_faqs?post=21237"}],"curies":[{"name":"wp","href":"https:\/\/api.w.org\/{rel}","templated":true}]}}