{"id":21238,"date":"2020-03-09T20:06:01","date_gmt":"2020-03-10T00:06:01","guid":{"rendered":"https:\/\/thehometownlawyers.com\/?page_id=21238"},"modified":"2025-02-05T15:44:04","modified_gmt":"2025-02-05T20:44:04","slug":"abogados-de-accidentes-de-peatones-y-bicicletas-que-prestan-servicios-en-millville-ohio","status":"publish","type":"page","link":"https:\/\/thehometownlawyers.com\/es\/abogados-de-lesiones-personales-que-prestan-servicios-en-millville-ohio\/abogados-de-accidentes-de-peatones-y-bicicletas-que-prestan-servicios-en-millville-ohio\/","title":{"rendered":"Abogado de Accidente de Bicicleta en Millville"},"content":{"rendered":"<p>Las personas que optan por caminar o andar en bicicleta a menudo lo hacen debido a los beneficios ambientales y de salud que brindan estos modos alternativos de transporte. Otros van en bicicleta y caminan porque son alternativas de menor costo a la propiedad de un autom\u00f3vil. Sin embargo, los ciclistas y los peatones tambi\u00e9n son usuarios vulnerables de la v\u00eda p\u00fablica, que corren el riesgo de sufrir lesiones graves y mortales si son atropellados por un veh\u00edculo. Estos usuarios de la carretera no tienen la protecci\u00f3n de un autom\u00f3vil en caso de accidente y, a menudo, est\u00e1n expuestos directamente a las fuerzas de impacto cuando ocurren accidentes. Las v\u00edctimas pueden sufrir lesiones graves que pueden incluir <a href=\"https:\/\/thehometownlawyers.com\/es\/\">lesiones cerebrales traum\u00e1ticas<\/a> , lesiones de la m\u00e9dula espinal, amputaciones, erupciones en la carretera, lesiones que desfiguran y m\u00e1s. Si usted o un ser querido resultaron heridos en un accidente de peatones o bicicletas en Millville, Ohio, Kruger &amp; Hodges Attorneys at Law es un bufete de abogados de accidentes de bicicletas y peatones que puede ayudarlo a buscar da\u00f1os por sus p\u00e9rdidas de conductores negligentes, ayuda usted negocia con los ajustadores de seguros para obtener el reclamo que merece seg\u00fan la ley y lucha por sus derechos dentro o fuera de los tribunales.<\/p>\n<h2>C\u00f3mo puede proteger sus derechos despu\u00e9s de un accidente de bicicleta o peat\u00f3n en Millville, Ohio<\/h2>\n<p>Si result\u00f3 herido en un accidente de bicicleta o de peat\u00f3n en Millville, Ohio, \u00bfcu\u00e1les son algunas de las cosas que puede hacer para proteger sus derechos? Hay algunos pasos que puede tomar en la escena del accidente y despu\u00e9s para proteger sus intereses. Las v\u00edctimas que han resultado heridas en un accidente a menudo est\u00e1n comprensiblemente confundidas, estresadas, enojadas y es posible que no siempre sepan cu\u00e1les deben ser los siguientes pasos. Aqu\u00ed hay algunas cosas que puede tener en cuenta:<\/p>\n<ul>\n<li>Llama a la polic\u00eda. Siempre llame a la polic\u00eda y haga un informe policial. La polic\u00eda puede investigar lo sucedido y registrar los detalles del accidente.<\/li>\n<li>Obtenga los nombres y la informaci\u00f3n de contacto de los testigos y del otro conductor. Dicho esto, los ciclistas y los peatones no deben confiar \u00fanicamente en el informe policial como prueba. Si otras personas vieron lo que sucedi\u00f3, anote sus nombres e informaci\u00f3n de contacto. Obtenga el nombre y la informaci\u00f3n de contacto del otro conductor y obtenga la informaci\u00f3n de su seguro.<\/li>\n<li>Busque atenci\u00f3n m\u00e9dica. Incluso si cree que sus lesiones son menores, algunas lesiones pueden tardar un tiempo antes de que se manifiesten. Una lesi\u00f3n cerebral traum\u00e1tica leve, por ejemplo, puede no ser siempre evidente inmediatamente despu\u00e9s de un accidente. Buscar atenci\u00f3n m\u00e9dica y hacer un seguimiento con los m\u00e9dicos, especialmente si nota alg\u00fan s\u00edntoma nuevo, es una buena idea y puede ser \u00fatil si necesita hacer un reclamo de seguro.<\/li>\n<li>Si tiene un seguro de autom\u00f3vil, es posible que pueda hacer un reclamo con su compa\u00f1\u00eda de seguros. No est\u00e1 de m\u00e1s informarle a su compa\u00f1\u00eda de seguros que ha resultado herido como peat\u00f3n o ciclista despu\u00e9s de un accidente.<\/li>\n<li><a href=\"https:\/\/thehometownlawyers.com\/es\/contacto\/\">P\u00f3ngase en contacto con un abogado de accidentes de bicicletas o peatones<\/a> . Un abogado de accidentes de bicicletas o peatones, como los Abogados de Kruger &amp; Hodges en Millville, Ohio, puede ayudarlo con su reclamo. Nuestros abogados pueden identificar a las partes responsables, reclamar da\u00f1os y perjuicios a estas personas o negociar con sus aseguradoras para ayudarlo a obtener el acuerdo que merece seg\u00fan la ley. P\u00f3ngase en contacto con los abogados de accidentes de bicicletas o peatones de <a href=\"https:\/\/thehometownlawyers.com\/es\/\">Kruger &amp; Hodges<\/a> Attorneys at Law que prestan servicios en Millville, Ohio, hoy.<\/li>\n<\/ul>\n<p class=\"rs-content-cta rs-content-cta-small\">Para una consulta legal gratuita, llame al <a href=\"tel:+15138943333\">513-894-3333 <\/a><\/p><p>Estas son solo algunas cosas que puede hacer para protegerse despu\u00e9s de un accidente. Sin embargo, si tiene preguntas, no est\u00e1 de m\u00e1s comunicarse con un abogado como Kruger &amp; Hodges Attorneys at Law. Si result\u00f3 herido en un accidente de peat\u00f3n o bicicleta, es posible que solo tenga una cantidad limitada de tiempo para presentar un reclamo seg\u00fan la ley. Proteja sus derechos. <a href=\"https:\/\/thehometownlawyers.com\/es\/contacto\/\">P\u00f3ngase en contacto con nuestros abogados de accidentes de bicicletas y peatones<\/a> hoy.<\/p>\n<p class=\"rs-content-cta rs-content-cta-small\">Llame o env\u00ede un mensaje de texto al <a href=\"tel:+15138943333\">513-894-3333<\/a> o complete una <a href=\"\/es\/contacto\/\">evaluaci\u00f3n gratuita de su caso<\/a><\/p>","protected":false},"excerpt":{"rendered":"<p>Las personas que optan por caminar o andar en bicicleta a menudo lo hacen debido a los beneficios ambientales y de salud que brindan estos modos alternativos de transporte. Otros van en bicicleta y caminan porque son alternativas de menor costo a la propiedad de un autom\u00f3vil. Sin embargo, los ciclistas y los peatones tambi\u00e9n &#8230;<\/p>\n","protected":false},"author":7,"featured_media":24527,"parent":21233,"menu_order":0,"comment_status":"closed","ping_status":"closed","template":"","meta":{"_acf_changed":false,"inline_featured_image":false,"_genesis_hide_title":false,"_genesis_hide_breadcrumbs":false,"_genesis_hide_singular_image":false,"_genesis_hide_footer_widgets":false,"_genesis_custom_body_class":"","_genesis_custom_post_class":"","_genesis_layout":"","footnotes":""},"hc_faqs":[],"hc_spanish_faqs":[],"class_list":{"0":"post-21238","1":"page","2":"type-page","3":"status-publish","4":"has-post-thumbnail","6":"hc_city_location-millville-es","7":"entry"},"acf":[],"yoast_head":"<!-- This site is optimized with the Yoast SEO plugin v27.3 - https:\/\/yoast.com\/product\/yoast-seo-wordpress\/ -->\n<title>Abogado de Accidente de Bicicleta en Millville | Consulta Gratuita<\/title>\n<meta name=\"description\" content=\"Las personas que optan por caminar o andar en bicicleta a menudo lo hacen debido a los beneficios ambientales y de salud que brindan estos modos\" \/>\n<meta name=\"robots\" content=\"index, follow, max-snippet:-1, max-image-preview:large, max-video-preview:-1\" \/>\n<link rel=\"canonical\" href=\"https:\/\/thehometownlawyers.com\/es\/abogados-de-lesiones-personales-que-prestan-servicios-en-millville-ohio\/abogados-de-accidentes-de-peatones-y-bicicletas-que-prestan-servicios-en-millville-ohio\/\" \/>\n<meta property=\"og:locale\" content=\"es_MX\" \/>\n<meta property=\"og:type\" content=\"article\" \/>\n<meta property=\"og:title\" content=\"Abogado de Accidente de Bicicleta en Millville | Consulta Gratuita\" \/>\n<meta property=\"og:description\" content=\"Las personas que optan por caminar o andar en bicicleta a menudo lo hacen debido a los beneficios ambientales y de salud que brindan estos modos\" \/>\n<meta property=\"og:url\" content=\"https:\/\/thehometownlawyers.com\/es\/abogados-de-lesiones-personales-que-prestan-servicios-en-millville-ohio\/abogados-de-accidentes-de-peatones-y-bicicletas-que-prestan-servicios-en-millville-ohio\/\" \/>\n<meta property=\"og:site_name\" content=\"Kruger &amp; Hodges Abogados De Lesiones\" \/>\n<meta property=\"article:publisher\" content=\"https:\/\/www.facebook.com\/KrugerHodges\/\" \/>\n<meta property=\"article:modified_time\" content=\"2025-02-05T20:44:04+00:00\" \/>\n<meta property=\"og:image\" content=\"https:\/\/thehometownlawyers.com\/wp-content\/uploads\/2021\/08\/bicycle-accidents-crosswalk.jpg\" \/>\n\t<meta property=\"og:image:width\" content=\"1920\" \/>\n\t<meta property=\"og:image:height\" content=\"1080\" \/>\n\t<meta property=\"og:image:type\" content=\"image\/jpeg\" \/>\n<meta name=\"twitter:card\" content=\"summary_large_image\" \/>\n<meta name=\"twitter:label1\" content=\"Tiempo de lectura\" \/>\n\t<meta name=\"twitter:data1\" content=\"4 minutos\" \/>\n<script type=\"application\/ld+json\" class=\"yoast-schema-graph\">{\"@context\":\"https:\\\/\\\/schema.org\",\"@graph\":[{\"@type\":\"WebPage\",\"@id\":\"https:\\\/\\\/thehometownlawyers.com\\\/es\\\/abogados-de-lesiones-personales-que-prestan-servicios-en-millville-ohio\\\/abogados-de-accidentes-de-peatones-y-bicicletas-que-prestan-servicios-en-millville-ohio\\\/\",\"url\":\"https:\\\/\\\/thehometownlawyers.com\\\/es\\\/abogados-de-lesiones-personales-que-prestan-servicios-en-millville-ohio\\\/abogados-de-accidentes-de-peatones-y-bicicletas-que-prestan-servicios-en-millville-ohio\\\/\",\"name\":\"Abogado de Accidente de Bicicleta en Millville | Consulta Gratuita\",\"isPartOf\":{\"@id\":\"https:\\\/\\\/thehometownlawyers.com\\\/es\\\/#website\"},\"primaryImageOfPage\":{\"@id\":\"https:\\\/\\\/thehometownlawyers.com\\\/es\\\/abogados-de-lesiones-personales-que-prestan-servicios-en-millville-ohio\\\/abogados-de-accidentes-de-peatones-y-bicicletas-que-prestan-servicios-en-millville-ohio\\\/#primaryimage\"},\"image\":{\"@id\":\"https:\\\/\\\/thehometownlawyers.com\\\/es\\\/abogados-de-lesiones-personales-que-prestan-servicios-en-millville-ohio\\\/abogados-de-accidentes-de-peatones-y-bicicletas-que-prestan-servicios-en-millville-ohio\\\/#primaryimage\"},\"thumbnailUrl\":\"https:\\\/\\\/thehometownlawyers.com\\\/wp-content\\\/uploads\\\/2025\\\/03\\\/millville-bicycle-accident-lawyer.jpg\",\"datePublished\":\"2020-03-10T00:06:01+00:00\",\"dateModified\":\"2025-02-05T20:44:04+00:00\",\"description\":\"Las personas que optan por caminar o andar en bicicleta a menudo lo hacen debido a los beneficios ambientales y de salud que brindan estos modos\",\"breadcrumb\":{\"@id\":\"https:\\\/\\\/thehometownlawyers.com\\\/es\\\/abogados-de-lesiones-personales-que-prestan-servicios-en-millville-ohio\\\/abogados-de-accidentes-de-peatones-y-bicicletas-que-prestan-servicios-en-millville-ohio\\\/#breadcrumb\"},\"inLanguage\":\"es\",\"potentialAction\":[{\"@type\":\"ReadAction\",\"target\":[\"https:\\\/\\\/thehometownlawyers.com\\\/es\\\/abogados-de-lesiones-personales-que-prestan-servicios-en-millville-ohio\\\/abogados-de-accidentes-de-peatones-y-bicicletas-que-prestan-servicios-en-millville-ohio\\\/\"]}]},{\"@type\":\"ImageObject\",\"inLanguage\":\"es\",\"@id\":\"https:\\\/\\\/thehometownlawyers.com\\\/es\\\/abogados-de-lesiones-personales-que-prestan-servicios-en-millville-ohio\\\/abogados-de-accidentes-de-peatones-y-bicicletas-que-prestan-servicios-en-millville-ohio\\\/#primaryimage\",\"url\":\"https:\\\/\\\/thehometownlawyers.com\\\/wp-content\\\/uploads\\\/2025\\\/03\\\/millville-bicycle-accident-lawyer.jpg\",\"contentUrl\":\"https:\\\/\\\/thehometownlawyers.com\\\/wp-content\\\/uploads\\\/2025\\\/03\\\/millville-bicycle-accident-lawyer.jpg\",\"width\":768,\"height\":526,\"caption\":\"A car accident with a bicycle on the road due to drunk driving.\"},{\"@type\":\"BreadcrumbList\",\"@id\":\"https:\\\/\\\/thehometownlawyers.com\\\/es\\\/abogados-de-lesiones-personales-que-prestan-servicios-en-millville-ohio\\\/abogados-de-accidentes-de-peatones-y-bicicletas-que-prestan-servicios-en-millville-ohio\\\/#breadcrumb\",\"itemListElement\":[{\"@type\":\"ListItem\",\"position\":1,\"name\":\"Home\",\"item\":\"https:\\\/\\\/thehometownlawyers.com\\\/es\\\/\"},{\"@type\":\"ListItem\",\"position\":2,\"name\":\"Abogado de Lesiones Personales en Millville\",\"item\":\"https:\\\/\\\/thehometownlawyers.com\\\/es\\\/abogados-de-lesiones-personales-que-prestan-servicios-en-millville-ohio\\\/\"},{\"@type\":\"ListItem\",\"position\":3,\"name\":\"Abogado de Accidente de Bicicleta en Millville\"}]},{\"@type\":\"WebSite\",\"@id\":\"https:\\\/\\\/thehometownlawyers.com\\\/es\\\/#website\",\"url\":\"https:\\\/\\\/thehometownlawyers.com\\\/es\\\/\",\"name\":\"Kruger & Hodges Hometown Injury Lawyers | Accident Attorneys\",\"description\":\"Attorneys for Car, Truck and Motorcycle Accidents, Personal Injuries, and Criminal Defense.\",\"publisher\":{\"@id\":\"https:\\\/\\\/thehometownlawyers.com\\\/es\\\/#organization\"},\"alternateName\":\"Kruger & Hodges Personal Injury Lawyers\",\"inLanguage\":\"es\"},{\"@type\":\"Organization\",\"@id\":\"https:\\\/\\\/thehometownlawyers.com\\\/es\\\/#organization\",\"name\":\"Kruger & Hodges Hometown Injury Lawyers\",\"alternateName\":\"Kruger & Hodges\",\"url\":\"https:\\\/\\\/thehometownlawyers.com\\\/es\\\/\",\"logo\":{\"@type\":\"ImageObject\",\"inLanguage\":\"es\",\"@id\":\"https:\\\/\\\/thehometownlawyers.com\\\/es\\\/#\\\/schema\\\/logo\\\/image\\\/\",\"url\":\"https:\\\/\\\/thehometownlawyers.com\\\/wp-content\\\/uploads\\\/2025\\\/12\\\/revised-kh-logo-vertical-white-background-scaled.png\",\"contentUrl\":\"https:\\\/\\\/thehometownlawyers.com\\\/wp-content\\\/uploads\\\/2025\\\/12\\\/revised-kh-logo-vertical-white-background-scaled.png\",\"width\":2560,\"height\":1440,\"caption\":\"Kruger & Hodges Hometown Injury Lawyers\"},\"image\":{\"@id\":\"https:\\\/\\\/thehometownlawyers.com\\\/es\\\/#\\\/schema\\\/logo\\\/image\\\/\"},\"sameAs\":[\"https:\\\/\\\/www.facebook.com\\\/KrugerHodges\\\/\",\"https:\\\/\\\/www.instagram.com\\\/krugerhodges\\\/\",\"https:\\\/\\\/www.linkedin.com\\\/company\\\/kruger-hodges-hometown-injury-lawyers\\\/\",\"https:\\\/\\\/www.youtube.com\\\/channel\\\/UCeYcMaMaN2rb9jMlqt4EIdQ\",\"https:\\\/\\\/www.tiktok.com\\\/@thehometownlawyer\"]}]}<\/script>\n<!-- \/ Yoast SEO plugin. -->","yoast_head_json":{"title":"Abogado de Accidente de Bicicleta en Millville | Consulta Gratuita","description":"Las personas que optan por caminar o andar en bicicleta a menudo lo hacen debido a los beneficios ambientales y de salud que brindan estos modos","robots":{"index":"index","follow":"follow","max-snippet":"max-snippet:-1","max-image-preview":"max-image-preview:large","max-video-preview":"max-video-preview:-1"},"canonical":"https:\/\/thehometownlawyers.com\/es\/abogados-de-lesiones-personales-que-prestan-servicios-en-millville-ohio\/abogados-de-accidentes-de-peatones-y-bicicletas-que-prestan-servicios-en-millville-ohio\/","og_locale":"es_MX","og_type":"article","og_title":"Abogado de Accidente de Bicicleta en Millville | Consulta Gratuita","og_description":"Las personas que optan por caminar o andar en bicicleta a menudo lo hacen debido a los beneficios ambientales y de salud que brindan estos modos","og_url":"https:\/\/thehometownlawyers.com\/es\/abogados-de-lesiones-personales-que-prestan-servicios-en-millville-ohio\/abogados-de-accidentes-de-peatones-y-bicicletas-que-prestan-servicios-en-millville-ohio\/","og_site_name":"Kruger &amp; Hodges Abogados De Lesiones","article_publisher":"https:\/\/www.facebook.com\/KrugerHodges\/","article_modified_time":"2025-02-05T20:44:04+00:00","og_image":[{"width":1920,"height":1080,"url":"https:\/\/thehometownlawyers.com\/wp-content\/uploads\/2021\/08\/bicycle-accidents-crosswalk.jpg","type":"image\/jpeg"}],"twitter_card":"summary_large_image","twitter_misc":{"Tiempo de lectura":"4 minutos"},"schema":{"@context":"https:\/\/schema.org","@graph":[{"@type":"WebPage","@id":"https:\/\/thehometownlawyers.com\/es\/abogados-de-lesiones-personales-que-prestan-servicios-en-millville-ohio\/abogados-de-accidentes-de-peatones-y-bicicletas-que-prestan-servicios-en-millville-ohio\/","url":"https:\/\/thehometownlawyers.com\/es\/abogados-de-lesiones-personales-que-prestan-servicios-en-millville-ohio\/abogados-de-accidentes-de-peatones-y-bicicletas-que-prestan-servicios-en-millville-ohio\/","name":"Abogado de Accidente de Bicicleta en Millville | Consulta Gratuita","isPartOf":{"@id":"https:\/\/thehometownlawyers.com\/es\/#website"},"primaryImageOfPage":{"@id":"https:\/\/thehometownlawyers.com\/es\/abogados-de-lesiones-personales-que-prestan-servicios-en-millville-ohio\/abogados-de-accidentes-de-peatones-y-bicicletas-que-prestan-servicios-en-millville-ohio\/#primaryimage"},"image":{"@id":"https:\/\/thehometownlawyers.com\/es\/abogados-de-lesiones-personales-que-prestan-servicios-en-millville-ohio\/abogados-de-accidentes-de-peatones-y-bicicletas-que-prestan-servicios-en-millville-ohio\/#primaryimage"},"thumbnailUrl":"https:\/\/thehometownlawyers.com\/wp-content\/uploads\/2025\/03\/millville-bicycle-accident-lawyer.jpg","datePublished":"2020-03-10T00:06:01+00:00","dateModified":"2025-02-05T20:44:04+00:00","description":"Las personas que optan por caminar o andar en bicicleta a menudo lo hacen debido a los beneficios ambientales y de salud que brindan estos modos","breadcrumb":{"@id":"https:\/\/thehometownlawyers.com\/es\/abogados-de-lesiones-personales-que-prestan-servicios-en-millville-ohio\/abogados-de-accidentes-de-peatones-y-bicicletas-que-prestan-servicios-en-millville-ohio\/#breadcrumb"},"inLanguage":"es","potentialAction":[{"@type":"ReadAction","target":["https:\/\/thehometownlawyers.com\/es\/abogados-de-lesiones-personales-que-prestan-servicios-en-millville-ohio\/abogados-de-accidentes-de-peatones-y-bicicletas-que-prestan-servicios-en-millville-ohio\/"]}]},{"@type":"ImageObject","inLanguage":"es","@id":"https:\/\/thehometownlawyers.com\/es\/abogados-de-lesiones-personales-que-prestan-servicios-en-millville-ohio\/abogados-de-accidentes-de-peatones-y-bicicletas-que-prestan-servicios-en-millville-ohio\/#primaryimage","url":"https:\/\/thehometownlawyers.com\/wp-content\/uploads\/2025\/03\/millville-bicycle-accident-lawyer.jpg","contentUrl":"https:\/\/thehometownlawyers.com\/wp-content\/uploads\/2025\/03\/millville-bicycle-accident-lawyer.jpg","width":768,"height":526,"caption":"A car accident with a bicycle on the road due to drunk driving."},{"@type":"BreadcrumbList","@id":"https:\/\/thehometownlawyers.com\/es\/abogados-de-lesiones-personales-que-prestan-servicios-en-millville-ohio\/abogados-de-accidentes-de-peatones-y-bicicletas-que-prestan-servicios-en-millville-ohio\/#breadcrumb","itemListElement":[{"@type":"ListItem","position":1,"name":"Home","item":"https:\/\/thehometownlawyers.com\/es\/"},{"@type":"ListItem","position":2,"name":"Abogado de Lesiones Personales en Millville","item":"https:\/\/thehometownlawyers.com\/es\/abogados-de-lesiones-personales-que-prestan-servicios-en-millville-ohio\/"},{"@type":"ListItem","position":3,"name":"Abogado de Accidente de Bicicleta en Millville"}]},{"@type":"WebSite","@id":"https:\/\/thehometownlawyers.com\/es\/#website","url":"https:\/\/thehometownlawyers.com\/es\/","name":"Kruger & Hodges Hometown Injury Lawyers | Accident Attorneys","description":"Attorneys for Car, Truck and Motorcycle Accidents, Personal Injuries, and Criminal Defense.","publisher":{"@id":"https:\/\/thehometownlawyers.com\/es\/#organization"},"alternateName":"Kruger & Hodges Personal Injury Lawyers","inLanguage":"es"},{"@type":"Organization","@id":"https:\/\/thehometownlawyers.com\/es\/#organization","name":"Kruger & Hodges Hometown Injury Lawyers","alternateName":"Kruger & Hodges","url":"https:\/\/thehometownlawyers.com\/es\/","logo":{"@type":"ImageObject","inLanguage":"es","@id":"https:\/\/thehometownlawyers.com\/es\/#\/schema\/logo\/image\/","url":"https:\/\/thehometownlawyers.com\/wp-content\/uploads\/2025\/12\/revised-kh-logo-vertical-white-background-scaled.png","contentUrl":"https:\/\/thehometownlawyers.com\/wp-content\/uploads\/2025\/12\/revised-kh-logo-vertical-white-background-scaled.png","width":2560,"height":1440,"caption":"Kruger & Hodges Hometown Injury Lawyers"},"image":{"@id":"https:\/\/thehometownlawyers.com\/es\/#\/schema\/logo\/image\/"},"sameAs":["https:\/\/www.facebook.com\/KrugerHodges\/","https:\/\/www.instagram.com\/krugerhodges\/","https:\/\/www.linkedin.com\/company\/kruger-hodges-hometown-injury-lawyers\/","https:\/\/www.youtube.com\/channel\/UCeYcMaMaN2rb9jMlqt4EIdQ","https:\/\/www.tiktok.com\/@thehometownlawyer"]}]}},"_links":{"self":[{"href":"https:\/\/thehometownlawyers.com\/es\/wp-json\/wp\/v2\/pages\/21238","targetHints":{"allow":["GET"]}}],"collection":[{"href":"https:\/\/thehometownlawyers.com\/es\/wp-json\/wp\/v2\/pages"}],"about":[{"href":"https:\/\/thehometownlawyers.com\/es\/wp-json\/wp\/v2\/types\/page"}],"author":[{"embeddable":true,"href":"https:\/\/thehometownlawyers.com\/es\/wp-json\/wp\/v2\/users\/7"}],"replies":[{"embeddable":true,"href":"https:\/\/thehometownlawyers.com\/es\/wp-json\/wp\/v2\/comments?post=21238"}],"version-history":[{"count":0,"href":"https:\/\/thehometownlawyers.com\/es\/wp-json\/wp\/v2\/pages\/21238\/revisions"}],"up":[{"embeddable":true,"href":"https:\/\/thehometownlawyers.com\/es\/wp-json\/wp\/v2\/pages\/21233"}],"wp:featuredmedia":[{"embeddable":true,"href":"https:\/\/thehometownlawyers.com\/es\/wp-json\/wp\/v2\/media\/24527"}],"wp:attachment":[{"href":"https:\/\/thehometownlawyers.com\/es\/wp-json\/wp\/v2\/media?parent=21238"}],"wp:term":[{"taxonomy":"hc_faqs","embeddable":true,"href":"https:\/\/thehometownlawyers.com\/es\/wp-json\/wp\/v2\/hc_faqs?post=21238"},{"taxonomy":"hc_spanish_faqs","embeddable":true,"href":"https:\/\/thehometownlawyers.com\/es\/wp-json\/wp\/v2\/hc_spanish_faqs?post=21238"}],"curies":[{"name":"wp","href":"https:\/\/api.w.org\/{rel}","templated":true}]}}